{"id":23248,"date":"2025-04-13T17:39:26","date_gmt":"2025-04-13T17:39:26","guid":{"rendered":"https:\/\/researchchemicalhub.com\/?post_type=product&#038;p=23248"},"modified":"2025-10-30T11:56:25","modified_gmt":"2025-10-30T11:56:25","slug":"dmxe-deoksimetoksetamiini","status":"publish","type":"product","link":"https:\/\/researchchemicalhub.com\/fi\/kauppa\/aryylisykloheksyyliamiini\/dmxe-deoksimetoksetamiini\/","title":{"rendered":"DMXE (deoksymetoksetamiini)"},"content":{"rendered":"<h1><span dir=\"auto\" style=\"vertical-align: inherit;\"><span dir=\"auto\" style=\"vertical-align: inherit;\">DMXE (deoksymetoksetamiini) \u2013 Yksityiskohtaista tietoa tutkimustarkoituksiin<\/span><\/span><\/h1>\n<p data-start=\"6776\" data-end=\"7081\"><strong data-start=\"6776\" data-end=\"6784\"><span dir=\"auto\" style=\"vertical-align: inherit;\"><span dir=\"auto\" style=\"vertical-align: inherit;\">DMXE<\/span><\/span><\/strong><span dir=\"auto\" style=\"vertical-align: inherit;\"><span dir=\"auto\" style=\"vertical-align: inherit;\"> , t\u00e4ysin <\/span><\/span><strong data-start=\"6793\" data-end=\"6815\"><span dir=\"auto\" style=\"vertical-align: inherit;\"><span dir=\"auto\" style=\"vertical-align: inherit;\">Deoksimetoksetamiini<\/span><\/span><\/strong><span dir=\"auto\" style=\"vertical-align: inherit;\"><span dir=\"auto\" style=\"vertical-align: inherit;\"> , on <\/span><\/span><strong data-start=\"6824\" data-end=\"6852\"><span dir=\"auto\" style=\"vertical-align: inherit;\"><span dir=\"auto\" style=\"vertical-align: inherit;\">dissosiatiivinen yhdiste<\/span><\/span><\/strong><span dir=\"auto\" style=\"vertical-align: inherit;\"><span dir=\"auto\" style=\"vertical-align: inherit;\"> siit\u00e4 <\/span><\/span><strong data-start=\"6860\" data-end=\"6889\"><span dir=\"auto\" style=\"vertical-align: inherit;\"><span dir=\"auto\" style=\"vertical-align: inherit;\">aryylisykloheksyyliamiiniluokka<\/span><\/span><\/strong><span dir=\"auto\" style=\"vertical-align: inherit;\"><span dir=\"auto\" style=\"vertical-align: inherit;\"> , rakenteellisesti sukua <\/span><\/span><strong data-start=\"6915\" data-end=\"6927\"><span dir=\"auto\" style=\"vertical-align: inherit;\"><span dir=\"auto\" style=\"vertical-align: inherit;\">Ketamiini<\/span><\/span><\/strong><span dir=\"auto\" style=\"vertical-align: inherit;\"><span dir=\"auto\" style=\"vertical-align: inherit;\"> ja <\/span><\/span><strong data-start=\"6931\" data-end=\"6954\"><span dir=\"auto\" style=\"vertical-align: inherit;\"><span dir=\"auto\" style=\"vertical-align: inherit;\">Metoksetamiini (MXE)<\/span><\/span><\/strong><span dir=\"auto\" style=\"vertical-align: inherit;\"><span dir=\"auto\" style=\"vertical-align: inherit;\"> . <\/span><\/span><span class=\"___SBox_epc1q-ko_ ___SText_zko9t-ko_\" data-ui-name=\"Link.Text\"><span dir=\"auto\" style=\"vertical-align: inherit;\"><span dir=\"auto\" style=\"vertical-align: inherit;\">5-kartta<\/span><\/span><\/span><br data-start=\"6955\" data-end=\"6958\" \/><span dir=\"auto\" style=\"vertical-align: inherit;\"><span dir=\"auto\" style=\"vertical-align: inherit;\"> Sill\u00e4 on <\/span><\/span><strong data-start=\"6968\" data-end=\"6996\"><span dir=\"auto\" style=\"vertical-align: inherit;\"><span dir=\"auto\" style=\"vertical-align: inherit;\">ei l\u00e4\u00e4ketieteellist\u00e4 k\u00e4ytt\u00f6\u00e4<\/span><\/span><\/strong><span dir=\"auto\" style=\"vertical-align: inherit;\"><span dir=\"auto\" style=\"vertical-align: inherit;\"> ja sit\u00e4 tutkitaan yksinomaan <\/span><\/span><strong data-start=\"7032\" data-end=\"7078\"><span dir=\"auto\" style=\"vertical-align: inherit;\"><span dir=\"auto\" style=\"vertical-align: inherit;\">oikeusl\u00e4\u00e4ketieteelliset ja farmakologiset laboratoriot<\/span><\/span><\/strong><span dir=\"auto\" style=\"vertical-align: inherit;\"><span dir=\"auto\" style=\"vertical-align: inherit;\"> .<\/span><\/span><\/p>\n<p data-start=\"7083\" data-end=\"7257\"><span dir=\"auto\" style=\"vertical-align: inherit;\"><span dir=\"auto\" style=\"vertical-align: inherit;\">Tutkijat keskittyv\u00e4t siihen, <\/span><\/span><strong data-start=\"7115\" data-end=\"7138\"><span dir=\"auto\" style=\"vertical-align: inherit;\"><span dir=\"auto\" style=\"vertical-align: inherit;\">kemiallinen rakenne<\/span><\/span><\/strong><span dir=\"auto\" style=\"vertical-align: inherit;\"><span dir=\"auto\" style=\"vertical-align: inherit;\"> , <\/span><\/span><strong data-start=\"7140\" data-end=\"7162\"><span dir=\"auto\" style=\"vertical-align: inherit;\"><span dir=\"auto\" style=\"vertical-align: inherit;\">reseptorien vuorovaikutus<\/span><\/span><\/strong><span dir=\"auto\" style=\"vertical-align: inherit;\"><span dir=\"auto\" style=\"vertical-align: inherit;\"> ja <\/span><\/span><strong data-start=\"7166\" data-end=\"7190\"><span dir=\"auto\" style=\"vertical-align: inherit;\"><span dir=\"auto\" style=\"vertical-align: inherit;\">analyyttinen havaitseminen<\/span><\/span><\/strong><span dir=\"auto\" style=\"vertical-align: inherit;\"><span dir=\"auto\" style=\"vertical-align: inherit;\"> tai DMXE uusien psykoaktiivisten aineiden (NPS) yhteydess\u00e4.<\/span><\/span><\/p>\n<hr data-start=\"7259\" data-end=\"7262\" \/>\n<h2 data-start=\"7264\" data-end=\"7311\"><strong data-start=\"7267\" data-end=\"7311\"><span dir=\"auto\" style=\"vertical-align: inherit;\"><span dir=\"auto\" style=\"vertical-align: inherit;\">Kemiallinen ja farmakologinen tausta<\/span><\/span><\/strong><\/h2>\n<p data-start=\"7313\" data-end=\"7338\"><strong data-start=\"7313\" data-end=\"7338\"><span dir=\"auto\" style=\"vertical-align: inherit;\"><span dir=\"auto\" style=\"vertical-align: inherit;\">T\u00e4rke\u00e4\u00e4 tietoa:<\/span><\/span><\/strong><\/p>\n<ul data-start=\"7339\" data-end=\"7591\">\n<li data-start=\"7339\" data-end=\"7404\">\n<p data-start=\"7341\" data-end=\"7404\"><strong data-start=\"7341\" data-end=\"7356\"><span dir=\"auto\" style=\"vertical-align: inherit;\"><span dir=\"auto\" style=\"vertical-align: inherit;\">IUPAC-nimi:<\/span><\/span><\/strong><span dir=\"auto\" style=\"vertical-align: inherit;\"><span dir=\"auto\" style=\"vertical-align: inherit;\"> 2-(etyyliamino)-2-(3-metoksifenyyli)sykloheksanoni<\/span><\/span><\/p>\n<\/li>\n<li data-start=\"7405\" data-end=\"7439\">\n<p data-start=\"7407\" data-end=\"7439\"><strong data-start=\"7407\" data-end=\"7427\"><span dir=\"auto\" style=\"vertical-align: inherit;\"><span dir=\"auto\" style=\"vertical-align: inherit;\">Molekyylikaava:<\/span><\/span><\/strong><span dir=\"auto\" style=\"vertical-align: inherit;\"><span dir=\"auto\" style=\"vertical-align: inherit;\"> C15H23NO2<\/span><\/span><\/p>\n<\/li>\n<li data-start=\"7440\" data-end=\"7476\">\n<p data-start=\"7442\" data-end=\"7476\"><strong data-start=\"7442\" data-end=\"7460\"><span dir=\"auto\" style=\"vertical-align: inherit;\"><span dir=\"auto\" style=\"vertical-align: inherit;\">Molekyylimassa:<\/span><\/span><\/strong><span dir=\"auto\" style=\"vertical-align: inherit;\"><span dir=\"auto\" style=\"vertical-align: inherit;\"> \u00b1249,35 g\/mol<\/span><\/span><\/p>\n<\/li>\n<li data-start=\"7477\" data-end=\"7523\">\n<p data-start=\"7479\" data-end=\"7523\"><strong data-start=\"7479\" data-end=\"7500\"><span dir=\"auto\" style=\"vertical-align: inherit;\"><span dir=\"auto\" style=\"vertical-align: inherit;\">Kemiallinen luokka:<\/span><\/span><\/strong><span dir=\"auto\" style=\"vertical-align: inherit;\"><span dir=\"auto\" style=\"vertical-align: inherit;\"> Aryylisykloheksyyliamiinit<\/span><\/span><\/p>\n<\/li>\n<li data-start=\"7524\" data-end=\"7591\">\n<p data-start=\"7526\" data-end=\"7591\"><strong data-start=\"7526\" data-end=\"7546\"><span dir=\"auto\" style=\"vertical-align: inherit;\"><span dir=\"auto\" style=\"vertical-align: inherit;\">Reseptorin toiminta:<\/span><\/span><\/strong><span dir=\"auto\" style=\"vertical-align: inherit;\"><span dir=\"auto\" style=\"vertical-align: inherit;\"> NMDA-reseptorin antagonisti (ei-kilpaileva)<\/span><\/span><\/p>\n<\/li>\n<\/ul>\n<p data-start=\"7593\" data-end=\"7737\"><span dir=\"auto\" style=\"vertical-align: inherit;\"><span dir=\"auto\" style=\"vertical-align: inherit;\">Metoksiryhm\u00e4n puuttuminen tekee DMXE:st\u00e4 mielenkiintoisen kohteen <\/span><\/span><strong data-start=\"7671\" data-end=\"7709\"><span dir=\"auto\" style=\"vertical-align: inherit;\"><span dir=\"auto\" style=\"vertical-align: inherit;\">rakenteelliset vertailevat tutkimukset<\/span><\/span><\/strong><span dir=\"auto\" style=\"vertical-align: inherit;\"><span dir=\"auto\" style=\"vertical-align: inherit;\"> MXE:n ja muiden analogien kanssa.<\/span><\/span><\/p>\n<hr data-start=\"7739\" data-end=\"7742\" \/>\n<h2 data-start=\"7744\" data-end=\"7771\"><strong data-start=\"7747\" data-end=\"7771\"><span dir=\"auto\" style=\"vertical-align: inherit;\"><span dir=\"auto\" style=\"vertical-align: inherit;\">Tutkimustarkoitukset<\/span><\/span><\/strong><\/h2>\n<p data-start=\"7773\" data-end=\"7800\"><span dir=\"auto\" style=\"vertical-align: inherit;\"><span dir=\"auto\" style=\"vertical-align: inherit;\">DMXE:t\u00e4 tutkitaan seuraavien osalta:<\/span><\/span><\/p>\n<ul data-start=\"7801\" data-end=\"8120\">\n<li data-start=\"7801\" data-end=\"7881\">\n<p data-start=\"7803\" data-end=\"7881\"><strong data-start=\"7803\" data-end=\"7831\"><span dir=\"auto\" style=\"vertical-align: inherit;\"><span dir=\"auto\" style=\"vertical-align: inherit;\">Oikeustoksikologia:<\/span><\/span><\/strong><span dir=\"auto\" style=\"vertical-align: inherit;\"><span dir=\"auto\" style=\"vertical-align: inherit;\"> uusien dissosiatiivisten aineiden tunnistaminen.<\/span><\/span><\/p>\n<\/li>\n<li data-start=\"7882\" data-end=\"7959\">\n<p data-start=\"7884\" data-end=\"7959\"><strong data-start=\"7884\" data-end=\"7907\"><span dir=\"auto\" style=\"vertical-align: inherit;\"><span dir=\"auto\" style=\"vertical-align: inherit;\">Analyyttinen kemia:<\/span><\/span><\/strong><span dir=\"auto\" style=\"vertical-align: inherit;\"><span dir=\"auto\" style=\"vertical-align: inherit;\"> kromatografisten havaitsemismenetelmien validointi.<\/span><\/span><\/p>\n<\/li>\n<li data-start=\"7960\" data-end=\"8034\">\n<p data-start=\"7962\" data-end=\"8034\"><strong data-start=\"7962\" data-end=\"7991\"><span dir=\"auto\" style=\"vertical-align: inherit;\"><span dir=\"auto\" style=\"vertical-align: inherit;\">Farmakologinen tutkimus:<\/span><\/span><\/strong><span dir=\"auto\" style=\"vertical-align: inherit;\"><span dir=\"auto\" style=\"vertical-align: inherit;\"> NMDA-reseptorien yhteisvaikutusten tutkiminen.<\/span><\/span><\/p>\n<\/li>\n<li data-start=\"8035\" data-end=\"8120\">\n<p data-start=\"8037\" data-end=\"8120\"><strong data-start=\"8037\" data-end=\"8067\"><span dir=\"auto\" style=\"vertical-align: inherit;\"><span dir=\"auto\" style=\"vertical-align: inherit;\">Kansanterveystutkimus:<\/span><\/span><\/strong><span dir=\"auto\" style=\"vertical-align: inherit;\"><span dir=\"auto\" style=\"vertical-align: inherit;\"> uusien psykoaktiivisten aineiden (NPS) seuranta.<\/span><\/span><\/p>\n<\/li>\n<\/ul>\n<hr data-start=\"8122\" data-end=\"8125\" \/>\n<h2 data-start=\"8127\" data-end=\"8171\"><strong data-start=\"8130\" data-end=\"8171\"><span dir=\"auto\" style=\"vertical-align: inherit;\"><span dir=\"auto\" style=\"vertical-align: inherit;\">Turvallisuus- ja lakiasiat<\/span><\/span><\/strong><\/h2>\n<p data-start=\"8173\" data-end=\"8408\"><strong data-start=\"8173\" data-end=\"8188\"><span dir=\"auto\" style=\"vertical-align: inherit;\"><span dir=\"auto\" style=\"vertical-align: inherit;\">Turvallisuus:<\/span><\/span><\/strong><br data-start=\"8188\" data-end=\"8191\" \/><span dir=\"auto\" style=\"vertical-align: inherit;\"><span dir=\"auto\" style=\"vertical-align: inherit;\"> DMXE:t\u00e4 tulisi k\u00e4sitell\u00e4 vain <\/span><\/span><strong data-start=\"8236\" data-end=\"8262\"><span dir=\"auto\" style=\"vertical-align: inherit;\"><span dir=\"auto\" style=\"vertical-align: inherit;\">koulutetut tutkijat<\/span><\/span><\/strong><span dir=\"auto\" style=\"vertical-align: inherit;\"><span dir=\"auto\" style=\"vertical-align: inherit;\"> sis\u00e4\u00e4n <\/span><\/span><strong data-start=\"8266\" data-end=\"8290\"><span dir=\"auto\" style=\"vertical-align: inherit;\"><span dir=\"auto\" style=\"vertical-align: inherit;\">lisensoidut laboratoriot<\/span><\/span><\/strong><span dir=\"auto\" style=\"vertical-align: inherit;\"><span dir=\"auto\" style=\"vertical-align: inherit;\"> . <\/span><\/span><br data-start=\"8291\" data-end=\"8294\" \/><span dir=\"auto\" style=\"vertical-align: inherit;\"><span dir=\"auto\" style=\"vertical-align: inherit;\">K\u00e4ytt\u00e4\u00e4 <\/span><\/span><strong data-start=\"8302\" data-end=\"8362\"><span dir=\"auto\" style=\"vertical-align: inherit;\"><span dir=\"auto\" style=\"vertical-align: inherit;\">suojavaatteet, k\u00e4sineet ja suojalasit<\/span><\/span><\/strong><span dir=\"auto\" style=\"vertical-align: inherit;\"><span dir=\"auto\" style=\"vertical-align: inherit;\"> ja v\u00e4lt\u00e4 altistumista h\u00f6yryille tai p\u00f6lylle.<\/span><\/span><\/p>\n<p data-start=\"8410\" data-end=\"8570\"><strong data-start=\"8410\" data-end=\"8432\"><span dir=\"auto\" style=\"vertical-align: inherit;\"><span dir=\"auto\" style=\"vertical-align: inherit;\">Oikeudellinen asema:<\/span><\/span><\/strong><br data-start=\"8432\" data-end=\"8435\" \/><span dir=\"auto\" style=\"vertical-align: inherit;\"><span dir=\"auto\" style=\"vertical-align: inherit;\"> Monissa maissa DMXE on <\/span><\/span><strong data-start=\"8462\" data-end=\"8495\"><span dir=\"auto\" style=\"vertical-align: inherit;\"><span dir=\"auto\" style=\"vertical-align: inherit;\">valvottu tai kielletty aine<\/span><\/span><\/strong><span dir=\"auto\" style=\"vertical-align: inherit;\"><span dir=\"auto\" style=\"vertical-align: inherit;\"> K\u00e4ytt\u00f6, hallussapito tai myynti muuhun kuin tutkimustarkoituksiin <\/span><\/span><strong data-start=\"8554\" data-end=\"8567\"><span dir=\"auto\" style=\"vertical-align: inherit;\"><span dir=\"auto\" style=\"vertical-align: inherit;\">lain mukaan rangaistavaa<\/span><\/span><\/strong><span dir=\"auto\" style=\"vertical-align: inherit;\"><span dir=\"auto\" style=\"vertical-align: inherit;\"> .<\/span><\/span><\/p>\n<hr data-start=\"8572\" data-end=\"8575\" \/>\n<h2 data-start=\"8577\" data-end=\"8611\"><strong data-start=\"8580\" data-end=\"8611\"><span dir=\"auto\" style=\"vertical-align: inherit;\"><span dir=\"auto\" style=\"vertical-align: inherit;\">Usein kysytyt kysymykset (UKK)<\/span><\/span><\/strong><\/h2>\n<h3 data-start=\"8613\" data-end=\"8655\"><strong data-start=\"8617\" data-end=\"8655\"><span dir=\"auto\" style=\"vertical-align: inherit;\"><span dir=\"auto\" style=\"vertical-align: inherit;\">1. Mihin DMXE:t\u00e4 tutkitaan?<\/span><\/span><\/strong><\/h3>\n<p data-start=\"8656\" data-end=\"8755\"><span dir=\"auto\" style=\"vertical-align: inherit;\"><span dir=\"auto\" style=\"vertical-align: inherit;\">DMXE:t\u00e4 k\u00e4ytet\u00e4\u00e4n <\/span><\/span><strong data-start=\"8681\" data-end=\"8723\"><span dir=\"auto\" style=\"vertical-align: inherit;\"><span dir=\"auto\" style=\"vertical-align: inherit;\">oikeusl\u00e4\u00e4ketieteellinen ja farmakologinen tutkimus<\/span><\/span><\/strong><span dir=\"auto\" style=\"vertical-align: inherit;\"><span dir=\"auto\" style=\"vertical-align: inherit;\"> NMDA-reseptorin antagonisteihin.<\/span><\/span><\/p>\n<h3 data-start=\"8757\" data-end=\"8783\"><strong data-start=\"8761\" data-end=\"8783\"><span dir=\"auto\" style=\"vertical-align: inherit;\"><span dir=\"auto\" style=\"vertical-align: inherit;\">2. Onko DMXE laillista?<\/span><\/span><\/strong><\/h3>\n<p data-start=\"8784\" data-end=\"8893\"><span dir=\"auto\" style=\"vertical-align: inherit;\"><span dir=\"auto\" style=\"vertical-align: inherit;\">Useimmissa maissa DMXE kuuluu joko <\/span><\/span><strong data-start=\"8823\" data-end=\"8864\"><span dir=\"auto\" style=\"vertical-align: inherit;\"><span dir=\"auto\" style=\"vertical-align: inherit;\">Valvottuja aineita koskeva laki<\/span><\/span><\/strong><span dir=\"auto\" style=\"vertical-align: inherit;\"><span dir=\"auto\" style=\"vertical-align: inherit;\"> tai <\/span><\/span><strong data-start=\"8871\" data-end=\"8892\"><span dir=\"auto\" style=\"vertical-align: inherit;\"><span dir=\"auto\" style=\"vertical-align: inherit;\">Analogien laki<\/span><\/span><\/strong><span dir=\"auto\" style=\"vertical-align: inherit;\"><span dir=\"auto\" style=\"vertical-align: inherit;\"> .<\/span><\/span><\/p>\n<h3 data-start=\"8895\" data-end=\"8945\"><strong data-start=\"8899\" data-end=\"8945\"><span dir=\"auto\" style=\"vertical-align: inherit;\"><span dir=\"auto\" style=\"vertical-align: inherit;\">3. Miten DMXE:t\u00e4 tulisi k\u00e4sitell\u00e4 turvallisesti?<\/span><\/span><\/strong><\/h3>\n<p data-start=\"8946\" data-end=\"9094\"><span dir=\"auto\" style=\"vertical-align: inherit;\"><span dir=\"auto\" style=\"vertical-align: inherit;\">Vain <\/span><\/span><strong data-start=\"8953\" data-end=\"8983\"><span dir=\"auto\" style=\"vertical-align: inherit;\"><span dir=\"auto\" style=\"vertical-align: inherit;\">ammattitutkijat<\/span><\/span><\/strong><span dir=\"auto\" style=\"vertical-align: inherit;\"><span dir=\"auto\" style=\"vertical-align: inherit;\"> pit\u00e4isi k\u00e4sitell\u00e4 DMXE:t\u00e4 <\/span><\/span><strong data-start=\"9008\" data-end=\"9043\"><span dir=\"auto\" style=\"vertical-align: inherit;\"><span dir=\"auto\" style=\"vertical-align: inherit;\">asianmukaiset turvatoimenpiteet<\/span><\/span><\/strong><span dir=\"auto\" style=\"vertical-align: inherit;\"><span dir=\"auto\" style=\"vertical-align: inherit;\"> ja kontrolloidussa laboratorioymp\u00e4rist\u00f6ss\u00e4.<\/span><\/span><\/p>","protected":false},"excerpt":{"rendered":"<h3><span dir=\"auto\" style=\"vertical-align: inherit;\"><span dir=\"auto\" style=\"vertical-align: inherit;\">DMXE-ominaisuudet<\/span><\/span><\/h3>\n<p><strong><span dir=\"auto\" style=\"vertical-align: inherit;\"><span dir=\"auto\" style=\"vertical-align: inherit;\">Synonyymi:<\/span><\/span><\/strong><span dir=\"auto\" style=\"vertical-align: inherit;\"><span dir=\"auto\" style=\"vertical-align: inherit;\"> Deoksimetoksetamiini <\/span><\/span><br \/>\n<strong><span dir=\"auto\" style=\"vertical-align: inherit;\"><span dir=\"auto\" style=\"vertical-align: inherit;\">CAS-numero:<\/span><\/span><\/strong><span dir=\"auto\" style=\"vertical-align: inherit;\"><span dir=\"auto\" style=\"vertical-align: inherit;\"> 2666932-45-0 <\/span><\/span><br \/>\n<strong><span dir=\"auto\" style=\"vertical-align: inherit;\"><span dir=\"auto\" style=\"vertical-align: inherit;\">Kaava: <\/span><\/span><\/strong> <span title=\"Hiili\"><span dir=\"auto\" style=\"vertical-align: inherit;\"><span dir=\"auto\" style=\"vertical-align: inherit;\">C <\/span><\/span><\/span><sub><span dir=\"auto\" style=\"vertical-align: inherit;\"><span dir=\"auto\" style=\"vertical-align: inherit;\">15 <\/span><\/span><\/sub><span title=\"Vety\"><span dir=\"auto\" style=\"vertical-align: inherit;\"><span dir=\"auto\" style=\"vertical-align: inherit;\">H <\/span><\/span><\/span><sub><span dir=\"auto\" style=\"vertical-align: inherit;\"><span dir=\"auto\" style=\"vertical-align: inherit;\">21 <\/span><\/span><\/sub><span title=\"Typpi\"><span dir=\"auto\" style=\"vertical-align: inherit;\"><span dir=\"auto\" style=\"vertical-align: inherit;\">N <\/span><\/span><\/span><span title=\"Happi\"><span dir=\"auto\" style=\"vertical-align: inherit;\"><span dir=\"auto\" style=\"vertical-align: inherit;\">O <\/span><\/span><\/span><br \/>\n<strong><span dir=\"auto\" style=\"vertical-align: inherit;\"><span dir=\"auto\" style=\"vertical-align: inherit;\">Moolimassa:<\/span><\/span><\/strong><span dir=\"auto\" style=\"vertical-align: inherit;\"><span dir=\"auto\" style=\"vertical-align: inherit;\"> 267,8 g\/mol <\/span><\/span><br \/>\n<strong><span dir=\"auto\" style=\"vertical-align: inherit;\"><span dir=\"auto\" style=\"vertical-align: inherit;\">Puhtaus:<\/span><\/span><\/strong><span dir=\"auto\" style=\"vertical-align: inherit;\"><span dir=\"auto\" style=\"vertical-align: inherit;\"> &gt;98%<\/span><\/span><\/p>","protected":false},"featured_media":28508,"comment_status":"closed","ping_status":"closed","template":"","meta":[],"product_brand":[82],"product_cat":[71,406,398],"product_tag":[295,297,296,326],"class_list":{"0":"post-23248","1":"product","2":"type-product","3":"status-publish","4":"has-post-thumbnail","6":"product_brand-research-chemical","7":"product_cat-arylcyclohexylamine","8":"product_cat-dmxe","9":"product_cat-verkoop","10":"product_tag-dmxe","11":"product_tag-dmxe-ervaring","12":"product_tag-dmxe-psychonaut","13":"product_tag-nl","15":"first","16":"instock","17":"sale","18":"taxable","19":"shipping-taxable","20":"purchasable","21":"product-type-variable"},"_links":{"self":[{"href":"https:\/\/researchchemicalhub.com\/fi\/wp-json\/wp\/v2\/product\/23248","targetHints":{"allow":["GET"]}}],"collection":[{"href":"https:\/\/researchchemicalhub.com\/fi\/wp-json\/wp\/v2\/product"}],"about":[{"href":"https:\/\/researchchemicalhub.com\/fi\/wp-json\/wp\/v2\/types\/product"}],"replies":[{"embeddable":true,"href":"https:\/\/researchchemicalhub.com\/fi\/wp-json\/wp\/v2\/comments?post=23248"}],"version-history":[{"count":6,"href":"https:\/\/researchchemicalhub.com\/fi\/wp-json\/wp\/v2\/product\/23248\/revisions"}],"predecessor-version":[{"id":28756,"href":"https:\/\/researchchemicalhub.com\/fi\/wp-json\/wp\/v2\/product\/23248\/revisions\/28756"}],"wp:featuredmedia":[{"embeddable":true,"href":"https:\/\/researchchemicalhub.com\/fi\/wp-json\/wp\/v2\/media\/28508"}],"wp:attachment":[{"href":"https:\/\/researchchemicalhub.com\/fi\/wp-json\/wp\/v2\/media?parent=23248"}],"wp:term":[{"taxonomy":"product_brand","embeddable":true,"href":"https:\/\/researchchemicalhub.com\/fi\/wp-json\/wp\/v2\/product_brand?post=23248"},{"taxonomy":"product_cat","embeddable":true,"href":"https:\/\/researchchemicalhub.com\/fi\/wp-json\/wp\/v2\/product_cat?post=23248"},{"taxonomy":"product_tag","embeddable":true,"href":"https:\/\/researchchemicalhub.com\/fi\/wp-json\/wp\/v2\/product_tag?post=23248"}],"curies":[{"name":"wp","href":"https:\/\/api.w.org\/{rel}","templated":true}]}}