{"id":23186,"date":"2025-04-13T17:39:18","date_gmt":"2025-04-13T17:39:18","guid":{"rendered":"https:\/\/researchchemicalhub.com\/?post_type=product&#038;p=23186"},"modified":"2025-10-30T12:09:12","modified_gmt":"2025-10-30T12:09:12","slug":"osta-3mm","status":"publish","type":"product","link":"https:\/\/researchchemicalhub.com\/fi\/kauppa\/3-mm\/osta-3mm\/","title":{"rendered":"3-MMA (metafedriini)"},"content":{"rendered":"<h1><strong><span dir=\"auto\" style=\"vertical-align: inherit;\"><span dir=\"auto\" style=\"vertical-align: inherit;\">Osta 3mma (3-metyylimetamfetamiini)\u00a0<\/span><\/span><\/strong><\/h1>\n<p data-start=\"735\" data-end=\"1150\"><strong data-start=\"735\" data-end=\"744\">3-MMA<\/strong>, kokonaisuudessaan <strong data-start=\"753\" data-end=\"779\">3-metyylimetamfetamiini<\/strong> (tunnetaan my\u00f6s nimell\u00e4 <strong data-start=\"796\" data-end=\"812\">Metafedriini<\/strong>), on <strong data-start=\"822\" data-end=\"862\">synteettinen stimulanttiyhdiste<\/strong> alkaen <strong data-start=\"870\" data-end=\"906\">substituoitu amfetamiiniluokka<\/strong>. <span class=\"___SBox_epc1q-ko_ ___SText_zko9t-ko_\" data-ui-name=\"Link.Text\">Osta 3 mm<\/span><br data-start=\"907\" data-end=\"910\" \/>Se on kemiallisesti sukua <strong data-start=\"938\" data-end=\"956\">metamfetamiini<\/strong>, mutta eroaa toisistaan <strong data-start=\"981\" data-end=\"1012\">metyyliryhm\u00e4 3-asemassa<\/strong> aromaattisen renkaan. T\u00e4m\u00e4 pieni rakenteellinen muutos vaikuttaa <strong data-start=\"1088\" data-end=\"1107\">reseptoriin sitoutuminen<\/strong>, <strong data-start=\"1109\" data-end=\"1124\">aineenvaihdunta<\/strong> ja <strong data-start=\"1128\" data-end=\"1147\">tehokkuus<\/strong>.<\/p>\n<p data-start=\"1152\" data-end=\"1521\">Vaikka 3-MMA:ta on l\u00f6ydetty <strong data-start=\"1184\" data-end=\"1223\">oikeustoksikologiset analyysit<\/strong> ja <strong data-start=\"1227\" data-end=\"1280\">uusien psykoaktiivisten aineiden (NPS) tutkimus<\/strong>, sill\u00e4 on se <strong data-start=\"1292\" data-end=\"1338\">ei l\u00e4\u00e4ketieteellist\u00e4 tai terapeuttista sovellusta<\/strong>.<br data-start=\"1339\" data-end=\"1342\" \/>Sit\u00e4 tutkitaan vain <strong data-start=\"1378\" data-end=\"1434\">akateemisissa, rikosteknisiss\u00e4 ja toksikologisissa yhteyksiss\u00e4<\/strong> ett\u00e4 <strong data-start=\"1438\" data-end=\"1480\">rakenne-aktiivisuussuhteet (SAR)<\/strong> amfetamiinianalogien sis\u00e4ll\u00e4.<\/p>\n<hr data-start=\"1523\" data-end=\"1526\" \/>\n<h2 data-start=\"1528\" data-end=\"1575\"><strong data-start=\"1531\" data-end=\"1575\">Kemiallinen ja farmakologinen tausta<\/strong><\/h2>\n<p data-start=\"1577\" data-end=\"1814\">3-MMA kuuluu <strong data-start=\"1598\" data-end=\"1637\">fenetyyliamiini- ja amfetamiiniperhe<\/strong>, ryhm\u00e4 yhdisteit\u00e4, jotka toimivat <strong data-start=\"1670\" data-end=\"1702\">ep\u00e4suorat sympatomimeetit<\/strong> ty\u00f6 \u2014 ne lis\u00e4\u00e4v\u00e4t aktiivisuutta <strong data-start=\"1742\" data-end=\"1754\">dopamiini<\/strong>, <strong data-start=\"1756\" data-end=\"1773\">noradrenaliini<\/strong> ja <strong data-start=\"1777\" data-end=\"1791\">serotoniini<\/strong> hermostossa.<\/p>\n<p data-start=\"1816\" data-end=\"1841\"><strong data-start=\"1816\" data-end=\"1841\">Kemialliset tiedot:<\/strong><\/p>\n<ul data-start=\"1842\" data-end=\"2258\">\n<li data-start=\"1842\" data-end=\"1888\">\n<p data-start=\"1844\" data-end=\"1888\"><strong data-start=\"1844\" data-end=\"1863\">Koko nimi:<\/strong> 3-metyylimetamfetamiini<\/p>\n<\/li>\n<li data-start=\"1889\" data-end=\"1957\">\n<p data-start=\"1891\" data-end=\"1957\"><strong data-start=\"1891\" data-end=\"1906\">Synonyymit:<\/strong> Metafedriini, 3-metyyli-N,\u03b1-dimetyylifenetyyliamiini<\/p>\n<\/li>\n<li data-start=\"1958\" data-end=\"2016\">\n<p data-start=\"1960\" data-end=\"2016\"><strong data-start=\"1960\" data-end=\"1975\">IUPAC-nimi:<\/strong> N,\u03b1-dimetyyli-3-metyylibentseenitanamiini<\/p>\n<\/li>\n<li data-start=\"2017\" data-end=\"2049\">\n<p data-start=\"2019\" data-end=\"2049\"><strong data-start=\"2019\" data-end=\"2039\">Molekyylikaava:<\/strong> C11H17N<\/p>\n<\/li>\n<li data-start=\"2050\" data-end=\"2086\">\n<p data-start=\"2052\" data-end=\"2086\"><strong data-start=\"2052\" data-end=\"2070\">Molekyylimassa:<\/strong> \u00b1163,26 g\/mol<\/p>\n<\/li>\n<li data-start=\"2087\" data-end=\"2140\">\n<p data-start=\"2089\" data-end=\"2140\"><strong data-start=\"2089\" data-end=\"2110\">Kemiallinen luokka:<\/strong> Korvatut amfetamiinit<\/p>\n<\/li>\n<li data-start=\"2141\" data-end=\"2258\">\n<p data-start=\"2143\" data-end=\"2258\"><strong data-start=\"2143\" data-end=\"2171\">Farmakologinen vaikutus:<\/strong> Monoamiinien ep\u00e4suora vapauttaja; vaikuttaa dopamiinin ja noradrenaliinin kuljettajiin<\/p>\n<\/li>\n<\/ul>\n<p data-start=\"2260\" data-end=\"2479\">The <strong data-start=\"2263\" data-end=\"2315\">metyylisubstituutio meta-asemassa (3-asema)<\/strong> erottaa 3-MMA:n <strong data-start=\"2339\" data-end=\"2357\">metamfetamiini<\/strong>, <strong data-start=\"2359\" data-end=\"2373\">amfetamiini<\/strong> ja <strong data-start=\"2377\" data-end=\"2386\">4-MMA<\/strong>, mik\u00e4 vaikuttaa <strong data-start=\"2412\" data-end=\"2444\">neurokemiallinen selektiivisyys<\/strong> ja <strong data-start=\"2448\" data-end=\"2478\">stimuloivia ominaisuuksia<\/strong>. <span class=\"___SBox_epc1q-ko_ ___SText_zko9t-ko_\" data-ui-name=\"Link.Text\">Osta 3 mm<\/span><\/p>\n<hr data-start=\"2481\" data-end=\"2484\" \/>\n<h2 data-start=\"2486\" data-end=\"2553\"><strong data-start=\"2489\" data-end=\"2553\">3-MMA:n keskeiset ominaisuudet (tutkimuskonteksteissa)<\/strong><\/h2>\n<ul data-start=\"2555\" data-end=\"3012\">\n<li data-start=\"2555\" data-end=\"2633\">\n<p data-start=\"2557\" data-end=\"2633\"><strong data-start=\"2557\" data-end=\"2582\">Rakenteellinen analogi:<\/strong> L\u00e4heist\u00e4 sukua metamfetamiinille, 4-MMA:lle ja 2-MMA:lle.<\/p>\n<\/li>\n<li data-start=\"2634\" data-end=\"2745\">\n<p data-start=\"2636\" data-end=\"2745\"><strong data-start=\"2636\" data-end=\"2663\">Oikeusl\u00e4\u00e4ketieteellinen merkitys:<\/strong> Tunnistettu n\u00e4ytteist\u00e4 NPS-tutkimuksen ja lainvalvontaviranomaisten analyysien aikana.<\/p>\n<\/li>\n<li data-start=\"2746\" data-end=\"2869\">\n<p data-start=\"2748\" data-end=\"2869\"><strong data-start=\"2748\" data-end=\"2771\">Analyyttinen merkitys:<\/strong> K\u00e4ytet\u00e4\u00e4n nimell\u00e4 <strong data-start=\"2791\" data-end=\"2814\">vertailustandardi<\/strong> kromatografisessa ja spektrometrisess\u00e4 validoinnissa.<\/p>\n<\/li>\n<li data-start=\"2870\" data-end=\"3012\">\n<p data-start=\"2872\" data-end=\"3012\"><strong data-start=\"2872\" data-end=\"2899\">Farmakologinen arvo:<\/strong> Auttaa tutkijoita ymm\u00e4rt\u00e4m\u00e4\u00e4n, miten pienet rakenteelliset vaihtelut vaikuttavat <strong data-start=\"2970\" data-end=\"2997\">monoaminerginen aktiivisuus<\/strong> vaikuttaa.<\/p>\n<\/li>\n<\/ul>\n<hr data-start=\"3014\" data-end=\"3017\" \/>\n<h2 data-start=\"3019\" data-end=\"3046\"><strong data-start=\"3022\" data-end=\"3046\">Tutkimustarkoitukset<\/strong><\/h2>\n<p data-start=\"3048\" data-end=\"3212\">3-MMA:ta tutkitaan p\u00e4\u00e4asiassa <strong data-start=\"3087\" data-end=\"3132\">oikeusl\u00e4\u00e4ketieteelliset ja toksikologiset laboratoriot<\/strong> valvotuissa olosuhteissa. T\u00e4rkeimm\u00e4t k\u00e4ytt\u00f6kohteet ovat:<\/p>\n<ol data-start=\"3214\" data-end=\"3961\">\n<li data-start=\"3214\" data-end=\"3444\">\n<p data-start=\"3217\" data-end=\"3242\"><strong data-start=\"3217\" data-end=\"3240\">Analyyttinen kemia:<\/strong><\/p>\n<ul data-start=\"3246\" data-end=\"3444\">\n<li data-start=\"3246\" data-end=\"3373\">\n<p data-start=\"3248\" data-end=\"3373\">Kehitys ja validointi <strong data-start=\"3278\" data-end=\"3287\">LC-MS<\/strong>, <strong data-start=\"3289\" data-end=\"3298\">GC-MS<\/strong> ja <strong data-start=\"3302\" data-end=\"3310\">FTIR-spektrometri<\/strong>-menetelm\u00e4t substituoitujen amfetamiinien tunnistamiseksi.<\/p>\n<\/li>\n<li data-start=\"3377\" data-end=\"3444\">\n<p data-start=\"3379\" data-end=\"3444\">Erota toisistaan rakenteelliset isomeerit (kuten 3-MMA ja 4-MMA).<\/p>\n<\/li>\n<\/ul>\n<\/li>\n<li data-start=\"3446\" data-end=\"3654\">\n<p data-start=\"3449\" data-end=\"3479\"><strong data-start=\"3449\" data-end=\"3477\">Oikeustoksikologia:<\/strong><\/p>\n<ul data-start=\"3483\" data-end=\"3654\">\n<li data-start=\"3483\" data-end=\"3568\">\n<p data-start=\"3485\" data-end=\"3568\">3-MMA:n havaitseminen ja kvantifiointi biologisissa tai takavarikoiduissa n\u00e4ytteiss\u00e4.<\/p>\n<\/li>\n<li data-start=\"3572\" data-end=\"3654\">\n<p data-start=\"3574\" data-end=\"3654\">Osa <strong data-start=\"3588\" data-end=\"3651\">uusien psykoaktiivisten aineiden (NPS) seurantaj\u00e4rjestelm\u00e4t<\/strong>.<\/p>\n<\/li>\n<\/ul>\n<\/li>\n<li data-start=\"3656\" data-end=\"3797\">\n<p data-start=\"3659\" data-end=\"3690\"><strong data-start=\"3659\" data-end=\"3688\">Farmakologinen tutkimus:<\/strong><\/p>\n<ul data-start=\"3694\" data-end=\"3797\">\n<li data-start=\"3694\" data-end=\"3797\">\n<p data-start=\"3696\" data-end=\"3797\">Tutkimus <strong data-start=\"3707\" data-end=\"3738\">monoamiinikuljettajan esto<\/strong> ja <strong data-start=\"3742\" data-end=\"3768\">vapauttava toiminta<\/strong> stimulanttien.<\/p>\n<\/li>\n<\/ul>\n<\/li>\n<li data-start=\"3799\" data-end=\"3961\">\n<p data-start=\"3802\" data-end=\"3834\"><strong data-start=\"3802\" data-end=\"3832\">Kansanterveystutkimus:<\/strong><\/p>\n<ul data-start=\"3838\" data-end=\"3961\">\n<li data-start=\"3838\" data-end=\"3961\">\n<p data-start=\"3840\" data-end=\"3961\">Trendien seuranta <strong data-start=\"3865\" data-end=\"3903\">synteettiset stimulantit<\/strong> kansanterveysvaroitusten tueksi.<\/p>\n<\/li>\n<\/ul>\n<\/li>\n<\/ol>\n<hr data-start=\"3963\" data-end=\"3966\" \/>\n<h2 data-start=\"3968\" data-end=\"4012\"><strong data-start=\"3971\" data-end=\"4012\">Turvallisuus- ja lakiasiat<\/strong><\/h2>\n<h3 data-start=\"4014\" data-end=\"4032\"><strong data-start=\"4018\" data-end=\"4032\">Turvallisuus<\/strong><\/h3>\n<p data-start=\"4034\" data-end=\"4256\">3-MMA:ta saa k\u00e4ytt\u00e4\u00e4 vain <strong data-start=\"4079\" data-end=\"4111\">p\u00e4tev\u00e4t tutkijat<\/strong> sis\u00e4\u00e4n <strong data-start=\"4115\" data-end=\"4139\">lisensoidut laboratoriot<\/strong>.<br data-start=\"4140\" data-end=\"4143\" \/>Koska <strong data-start=\"4154\" data-end=\"4171\">korkea potentiaali<\/strong> ja <strong data-start=\"4175\" data-end=\"4211\">rajalliset toksikologiset tiedot<\/strong> tiukkoja turvatoimenpiteit\u00e4 tarvitaan.<\/p>\n<p data-start=\"4258\" data-end=\"4296\"><strong data-start=\"4258\" data-end=\"4296\">Suositeltu laboratorioturvallisuus:<\/strong><\/p>\n<ul data-start=\"4297\" data-end=\"4600\">\n<li data-start=\"4297\" data-end=\"4395\">\n<p data-start=\"4299\" data-end=\"4395\">K\u00e4yt\u00e4 aina <strong data-start=\"4314\" data-end=\"4357\">henkil\u00f6nsuojaimet (PPE)<\/strong> kuten k\u00e4sineet, suojalasit ja laboratoriotakki.<\/p>\n<\/li>\n<li data-start=\"4396\" data-end=\"4455\">\n<p data-start=\"4398\" data-end=\"4455\">Ty\u00f6skentele alaisuudessa <strong data-start=\"4413\" data-end=\"4426\">liesituuletin<\/strong> v\u00e4ltt\u00e4\u00e4kseen hengitt\u00e4mist\u00e4.<\/p>\n<\/li>\n<li data-start=\"4456\" data-end=\"4517\">\n<p data-start=\"4458\" data-end=\"4517\">Tallenna sis\u00e4\u00e4n <strong data-start=\"4468\" data-end=\"4514\">selke\u00e4sti merkityt, suljetut astiat<\/strong>.<\/p>\n<\/li>\n<li data-start=\"4518\" data-end=\"4600\">\n<p data-start=\"4520\" data-end=\"4600\">H\u00e4vit\u00e4 j\u00e4te m\u00e4\u00e4r\u00e4ysten mukaisesti <strong data-start=\"4545\" data-end=\"4597\">vaarallisia kemikaaleja koskevat m\u00e4\u00e4r\u00e4ykset<\/strong>.<\/p>\n<\/li>\n<\/ul>\n<h3 data-start=\"4602\" data-end=\"4627\"><strong data-start=\"4606\" data-end=\"4627\">Oikeudellinen asema<\/strong><\/h3>\n<p data-start=\"4629\" data-end=\"4722\">Alkaen <strong data-start=\"4635\" data-end=\"4643\">2025<\/strong> on <strong data-start=\"4647\" data-end=\"4671\">3-MMA (metafedriini)<\/strong> useimmissa maissa <strong data-start=\"4692\" data-end=\"4719\">s\u00e4\u00e4nnelty tai kielletty<\/strong>:<\/p>\n<ul data-start=\"4723\" data-end=\"4996\">\n<li data-start=\"4723\" data-end=\"4797\">\n<p data-start=\"4725\" data-end=\"4797\"><strong data-start=\"4725\" data-end=\"4749\">Yhdistynyt kuningaskunta:<\/strong> Tarkistettu kohdassa <em data-start=\"4773\" data-end=\"4794\">Huumeiden v\u00e4\u00e4rink\u00e4ytt\u00f6laki<\/em>.<\/p>\n<\/li>\n<li data-start=\"4798\" data-end=\"4882\">\n<p data-start=\"4800\" data-end=\"4882\"><strong data-start=\"4800\" data-end=\"4818\">Euroopan unioni:<\/strong> Kuuluu alle <strong data-start=\"4833\" data-end=\"4879\">NPS-asetus psykoaktiivisille aineille<\/strong>.<\/p>\n<\/li>\n<li data-start=\"4883\" data-end=\"4996\">\n<p data-start=\"4885\" data-end=\"4996\"><strong data-start=\"4885\" data-end=\"4906\">Yhdysvallat:<\/strong> Pidet\u00e4\u00e4n yhten\u00e4 <strong data-start=\"4931\" data-end=\"4961\">metamfetamiinin analogi<\/strong> alla <em data-start=\"4971\" data-end=\"4993\">Liittovaltion analoginen laki<\/em>.<\/p>\n<\/li>\n<\/ul>\n<p data-start=\"4998\" data-end=\"5105\">Vain <strong data-start=\"5005\" data-end=\"5029\">lisensoidut laboratoriot<\/strong> virallisella luvalla voi pit\u00e4\u00e4 hallussaan tai k\u00e4ytt\u00e4\u00e4 3-MMA:ta tutkimustarkoituksiin.<\/p>\n<hr data-start=\"5107\" data-end=\"5110\" \/>\n<h2 data-start=\"5112\" data-end=\"5156\"><strong data-start=\"5115\" data-end=\"5156\">Analyyttinen tunnistus ja havaitseminen<\/strong><\/h2>\n<p data-start=\"5158\" data-end=\"5277\">Oikeusl\u00e4\u00e4ketieteellisess\u00e4 ja analyyttisess\u00e4 kemiassa 3-MMA tunnistetaan useilla instrumentaalisilla tekniikoilla:<\/p>\n<ul data-start=\"5279\" data-end=\"5492\">\n<li data-start=\"5279\" data-end=\"5331\">\n<p data-start=\"5281\" data-end=\"5331\"><strong data-start=\"5281\" data-end=\"5329\">Kaasukromatografia-massaspektrometria (GC-MS)<\/strong><\/p>\n<\/li>\n<li data-start=\"5332\" data-end=\"5390\">\n<p data-start=\"5334\" data-end=\"5390\"><strong data-start=\"5334\" data-end=\"5388\">Nestekromatografia-massaspektrometria (LC-MS)<\/strong><\/p>\n<\/li>\n<li data-start=\"5391\" data-end=\"5446\">\n<p data-start=\"5393\" data-end=\"5446\"><strong data-start=\"5393\" data-end=\"5444\">Fourier-muunnosinfrapunaspektroskopia (FTIR)<\/strong><\/p>\n<\/li>\n<li data-start=\"5447\" data-end=\"5492\">\n<p data-start=\"5449\" data-end=\"5492\"><strong data-start=\"5449\" data-end=\"5490\">Ydinmagneettinen resonanssispektroskopia (NMR)<\/strong><\/p>\n<\/li>\n<\/ul>\n<p data-start=\"5494\" data-end=\"5632\">N\u00e4m\u00e4 menetelm\u00e4t tekev\u00e4t <strong data-start=\"5514\" data-end=\"5576\">tarkka tunnistaminen, erottelu ja kvantifiointi<\/strong> mahdollisesti 3-MMA:sta ja siihen liittyvist\u00e4 amfetamiinianalogeista.<\/p>\n<hr data-start=\"5634\" data-end=\"5637\" \/>\n<h2 data-start=\"5639\" data-end=\"5673\"><strong data-start=\"5642\" data-end=\"5673\">Usein kysytyt kysymykset (UKK)<\/strong><\/h2>\n<h3 data-start=\"5675\" data-end=\"5718\"><strong data-start=\"5679\" data-end=\"5718\">1. Mihin 3-MMA:ta tutkitaan?<\/strong><\/h3>\n<p data-start=\"5719\" data-end=\"5870\">3-MMA:ta k\u00e4ytet\u00e4\u00e4n yksinomaan <strong data-start=\"5755\" data-end=\"5797\">oikeusl\u00e4\u00e4ketieteellinen ja farmakologinen tutkimus<\/strong> tutkia amfetamiinianalogeja ja kehitt\u00e4\u00e4 havaitsemismenetelmi\u00e4.<\/p>\n<h3 data-start=\"5872\" data-end=\"5899\"><strong data-start=\"5876\" data-end=\"5899\">2. Onko 3-MMA laillista?<\/strong><\/h3>\n<p data-start=\"5900\" data-end=\"6015\">Useimmissa maissa 3-MMA on <strong data-start=\"5929\" data-end=\"5956\">kielletty tai s\u00e4\u00e4nnelty<\/strong> psykoaktiivisia aineita tai vastaavia aineita koskevan lains\u00e4\u00e4d\u00e4nn\u00f6n nojalla.<\/p>\n<h3 data-start=\"6017\" data-end=\"6068\"><strong data-start=\"6021\" data-end=\"6068\">3. Miten 3-MMA:ta tulisi k\u00e4sitell\u00e4 turvallisesti?<\/strong><\/h3>\n<p data-start=\"6069\" data-end=\"6201\">Vain <strong data-start=\"6081\" data-end=\"6111\">ammattitutkijat<\/strong> oikealla <strong data-start=\"6126\" data-end=\"6152\">turvatoimenpiteet<\/strong> ja sis\u00e4\u00e4n <strong data-start=\"6159\" data-end=\"6200\">kontrolloiduissa laboratorioymp\u00e4rist\u00f6iss\u00e4<\/strong>.<\/p>","protected":false},"excerpt":{"rendered":"<h3><span style=\"vertical-align: inherit;\"><span style=\"vertical-align: inherit;\"><span dir=\"auto\" style=\"vertical-align: inherit;\"><span dir=\"auto\" style=\"vertical-align: inherit;\">3-MMA-ominaisuudet<\/span><\/span><\/span><\/span><\/h3>\n<p><strong><span style=\"vertical-align: inherit;\"><span style=\"vertical-align: inherit;\"><span dir=\"auto\" style=\"vertical-align: inherit;\"><span dir=\"auto\" style=\"vertical-align: inherit;\">Synonyymi<\/span><\/span><\/span><\/span><\/strong><span style=\"vertical-align: inherit;\"><span style=\"vertical-align: inherit;\"><span dir=\"auto\" style=\"vertical-align: inherit;\"><span dir=\"auto\" style=\"vertical-align: inherit;\"> : 3-metyylimetamfetamiini <\/span><\/span><\/span><\/span><br \/>\n<strong><span style=\"vertical-align: inherit;\"><span style=\"vertical-align: inherit;\"><span dir=\"auto\" style=\"vertical-align: inherit;\"><span dir=\"auto\" style=\"vertical-align: inherit;\">CAS-koodi <\/span><\/span><\/span><\/span><\/strong> <strong><span style=\"vertical-align: inherit;\"><span style=\"vertical-align: inherit;\"><span dir=\"auto\" style=\"vertical-align: inherit;\"><span dir=\"auto\" style=\"vertical-align: inherit;\">M\u00e4\u00e4r\u00e4<\/span><\/span><\/span><\/span><\/strong><span style=\"vertical-align: inherit;\"><span style=\"vertical-align: inherit;\"><span dir=\"auto\" style=\"vertical-align: inherit;\"><span dir=\"auto\" style=\"vertical-align: inherit;\"> : 2089255-96-7 <\/span><\/span><\/span><\/span><br \/>\n<strong><span style=\"vertical-align: inherit;\"><span style=\"vertical-align: inherit;\"><span dir=\"auto\" style=\"vertical-align: inherit;\"><span dir=\"auto\" style=\"vertical-align: inherit;\">Kaava<\/span><\/span><\/span><\/span><\/strong><span style=\"vertical-align: inherit;\"><span style=\"vertical-align: inherit;\"><span dir=\"auto\" style=\"vertical-align: inherit;\"><span dir=\"auto\" style=\"vertical-align: inherit;\"> : <\/span><\/span><\/span><\/span><span title=\"Hiili\"><span style=\"vertical-align: inherit;\"><span style=\"vertical-align: inherit;\"><span dir=\"auto\" style=\"vertical-align: inherit;\"><span dir=\"auto\" style=\"vertical-align: inherit;\">C <\/span><\/span><\/span><\/span><\/span><sub><span style=\"vertical-align: inherit;\"><span style=\"vertical-align: inherit;\"><span dir=\"auto\" style=\"vertical-align: inherit;\"><span dir=\"auto\" style=\"vertical-align: inherit;\">11 <\/span><\/span><\/span><\/span><\/sub><span title=\"Vety\"><span style=\"vertical-align: inherit;\"><span style=\"vertical-align: inherit;\"><span dir=\"auto\" style=\"vertical-align: inherit;\"><span dir=\"auto\" style=\"vertical-align: inherit;\">H <\/span><\/span><\/span><\/span><\/span><sub><span style=\"vertical-align: inherit;\"><span style=\"vertical-align: inherit;\"><span dir=\"auto\" style=\"vertical-align: inherit;\"><span dir=\"auto\" style=\"vertical-align: inherit;\">17 <\/span><\/span><\/span><\/span><\/sub><span title=\"Typpi\"><span style=\"vertical-align: inherit;\"><span style=\"vertical-align: inherit;\"><span dir=\"auto\" style=\"vertical-align: inherit;\"><span dir=\"auto\" style=\"vertical-align: inherit;\">N <\/span><\/span><\/span><\/span><\/span><br \/>\n<strong><span style=\"vertical-align: inherit;\"><span style=\"vertical-align: inherit;\"><span dir=\"auto\" style=\"vertical-align: inherit;\"><span dir=\"auto\" style=\"vertical-align: inherit;\">Moolimassa<\/span><\/span><\/span><\/span><\/strong><span style=\"vertical-align: inherit;\"><span style=\"vertical-align: inherit;\"><span dir=\"auto\" style=\"vertical-align: inherit;\"><span dir=\"auto\" style=\"vertical-align: inherit;\"> 163,264 g\/mol <\/span><\/span><\/span><\/span><br \/>\n<strong><span style=\"vertical-align: inherit;\"><span style=\"vertical-align: inherit;\"><span dir=\"auto\" style=\"vertical-align: inherit;\"><span dir=\"auto\" style=\"vertical-align: inherit;\">Puhtaus<\/span><\/span><\/span><\/span><\/strong><span style=\"vertical-align: inherit;\"><span style=\"vertical-align: inherit;\"><span dir=\"auto\" style=\"vertical-align: inherit;\"><span dir=\"auto\" style=\"vertical-align: inherit;\"> : &gt;98%<\/span><\/span><\/span><\/span><\/p>","protected":false},"featured_media":28417,"comment_status":"closed","ping_status":"closed","template":"","meta":[],"product_brand":[82],"product_cat":[519,322,333],"product_tag":[1193,616,593,326],"class_list":{"0":"post-23186","1":"product","2":"type-product","3":"status-publish","4":"has-post-thumbnail","6":"product_brand-research-chemical","7":"product_cat-3-mma","8":"product_cat-bijna-verboden","9":"product_cat-gefluoreerden","10":"product_tag-3-mma","11":"product_tag-3-mma-kopen","12":"product_tag-3mma-kopen","13":"product_tag-nl","15":"first","16":"instock","17":"taxable","18":"shipping-taxable","19":"purchasable","20":"product-type-variable"},"_links":{"self":[{"href":"https:\/\/researchchemicalhub.com\/fi\/wp-json\/wp\/v2\/product\/23186","targetHints":{"allow":["GET"]}}],"collection":[{"href":"https:\/\/researchchemicalhub.com\/fi\/wp-json\/wp\/v2\/product"}],"about":[{"href":"https:\/\/researchchemicalhub.com\/fi\/wp-json\/wp\/v2\/types\/product"}],"replies":[{"embeddable":true,"href":"https:\/\/researchchemicalhub.com\/fi\/wp-json\/wp\/v2\/comments?post=23186"}],"version-history":[{"count":5,"href":"https:\/\/researchchemicalhub.com\/fi\/wp-json\/wp\/v2\/product\/23186\/revisions"}],"predecessor-version":[{"id":28058,"href":"https:\/\/researchchemicalhub.com\/fi\/wp-json\/wp\/v2\/product\/23186\/revisions\/28058"}],"wp:featuredmedia":[{"embeddable":true,"href":"https:\/\/researchchemicalhub.com\/fi\/wp-json\/wp\/v2\/media\/28417"}],"wp:attachment":[{"href":"https:\/\/researchchemicalhub.com\/fi\/wp-json\/wp\/v2\/media?parent=23186"}],"wp:term":[{"taxonomy":"product_brand","embeddable":true,"href":"https:\/\/researchchemicalhub.com\/fi\/wp-json\/wp\/v2\/product_brand?post=23186"},{"taxonomy":"product_cat","embeddable":true,"href":"https:\/\/researchchemicalhub.com\/fi\/wp-json\/wp\/v2\/product_cat?post=23186"},{"taxonomy":"product_tag","embeddable":true,"href":"https:\/\/researchchemicalhub.com\/fi\/wp-json\/wp\/v2\/product_tag?post=23186"}],"curies":[{"name":"wp","href":"https:\/\/api.w.org\/{rel}","templated":true}]}}