{"id":23119,"date":"2025-04-13T17:39:11","date_gmt":"2025-04-13T17:39:11","guid":{"rendered":"https:\/\/researchchemicalhub.com\/?post_type=product&#038;p=23119"},"modified":"2025-10-30T12:36:06","modified_gmt":"2025-10-30T12:36:06","slug":"4-cmc-4-chloromethcathinone","status":"publish","type":"product","link":"https:\/\/researchchemicalhub.com\/fi\/shop\/verboden\/4-cmc-4-chloromethcathinone\/","title":{"rendered":"4-CMC (4-kloorimetkatinoni)"},"content":{"rendered":"<h1>4 CMC (4-kloorimetkatinoni) \u2013 tutkimuskemikaalien katinoniyhdiste<\/h1>\n<p data-start=\"7438\" data-end=\"7731\"><strong data-start=\"7438\" data-end=\"7447\">4-CMC<\/strong>, tai <strong data-start=\"7452\" data-end=\"7476\">4-kloorimetkatinoni<\/strong>, on <strong data-start=\"7485\" data-end=\"7519\">synteettinen stimulantti<\/strong> alkaen <strong data-start=\"7527\" data-end=\"7545\">katinoniluokka<\/strong>, liittyv\u00e4 <strong data-start=\"7559\" data-end=\"7573\">mefedroni<\/strong> ja <strong data-start=\"7577\" data-end=\"7586\">3-CMC<\/strong>. 4 cmc<br data-start=\"7587\" data-end=\"7590\" \/>Se sis\u00e4lt\u00e4\u00e4 <strong data-start=\"7604\" data-end=\"7641\">kloorin korvaaminen 4-asemassa<\/strong> fenyylirenkaasta ja sit\u00e4 tutkitaan parhaillaan <strong data-start=\"7686\" data-end=\"7728\">rikostekniset ja analyyttiset laboratoriot<\/strong>. 4 cmc<\/p>\n<p data-start=\"7733\" data-end=\"7844\">4-CMC:ll\u00e4 on <strong data-start=\"7745\" data-end=\"7773\">ei l\u00e4\u00e4ketieteellist\u00e4 sovellusta<\/strong> ja sit\u00e4 tutkitaan vain <strong data-start=\"7811\" data-end=\"7843\">tieteellisiin tarkoituksiin<\/strong>.<\/p>\n<hr data-start=\"7846\" data-end=\"7849\" \/>\n<h2 data-start=\"7851\" data-end=\"7898\"><strong data-start=\"7854\" data-end=\"7898\">Kemiallinen ja farmakologinen tausta<\/strong><\/h2>\n<p data-start=\"7900\" data-end=\"7925\"><strong data-start=\"7900\" data-end=\"7925\">T\u00e4rke\u00e4\u00e4 tietoa:<\/strong><\/p>\n<ul data-start=\"7926\" data-end=\"8206\">\n<li data-start=\"7926\" data-end=\"7990\">\n<p data-start=\"7928\" data-end=\"7990\"><strong data-start=\"7928\" data-end=\"7943\">IUPAC-nimi:<\/strong> 1-(4-kloorifenyyli)-2-(metyyliamino)propan-1-oni<\/p>\n<\/li>\n<li data-start=\"7991\" data-end=\"8026\">\n<p data-start=\"7993\" data-end=\"8026\"><strong data-start=\"7993\" data-end=\"8013\">Molekyylikaava:<\/strong> C10H12ClNO<\/p>\n<\/li>\n<li data-start=\"8027\" data-end=\"8063\">\n<p data-start=\"8029\" data-end=\"8063\"><strong data-start=\"8029\" data-end=\"8047\">Molekyylimassa:<\/strong> \u00b1197,66 g\/mol<\/p>\n<\/li>\n<li data-start=\"8064\" data-end=\"8116\">\n<p data-start=\"8066\" data-end=\"8116\"><strong data-start=\"8066\" data-end=\"8087\">Kemiallinen luokka:<\/strong> Substituoidut katinonit, 4 cmc<\/p>\n<\/li>\n<li data-start=\"8117\" data-end=\"8206\">\n<p data-start=\"8119\" data-end=\"8206\"><strong data-start=\"8119\" data-end=\"8139\">Reseptorin toiminta:<\/strong> Vaikuttaa dopamiinin, serotoniinin ja noradrenaliinin kuljettajaproteiineihin.<\/p>\n<\/li>\n<\/ul>\n<p data-start=\"8208\" data-end=\"8352\">The <strong data-start=\"8211\" data-end=\"8232\">kloorin korvaaminen<\/strong> vaikuttaa sitoutumislujuuteen ja metaboliseen vakauteen, mik\u00e4 tekee siit\u00e4 mielenkiintoisen <strong data-start=\"8319\" data-end=\"8351\">rakenne-aktiivisuustutkimus<\/strong>.<\/p>\n<hr data-start=\"8354\" data-end=\"8357\" \/>\n<h2 data-start=\"8359\" data-end=\"8386\"><strong data-start=\"8362\" data-end=\"8386\">Tutkimustarkoitukset<\/strong><\/h2>\n<p data-start=\"8388\" data-end=\"8416\">4-CMC:t\u00e4 tutkitaan seuraavien osalta:<\/p>\n<ul data-start=\"8417\" data-end=\"8729\">\n<li data-start=\"8417\" data-end=\"8489\">\n<p data-start=\"8419\" data-end=\"8489\"><strong data-start=\"8419\" data-end=\"8442\">Analyyttinen kemia:<\/strong> tunnistaminen GC-MS:ll\u00e4, LC-MS:ll\u00e4, FTIR:ll\u00e4 ja NMR:ll\u00e4.<\/p>\n<\/li>\n<li data-start=\"8490\" data-end=\"8577\">\n<p data-start=\"8492\" data-end=\"8577\"><strong data-start=\"8492\" data-end=\"8520\">Oikeustoksikologia:<\/strong> havaitseminen biologisissa ja takavarikoiduissa n\u00e4ytteiss\u00e4.<\/p>\n<\/li>\n<li data-start=\"8578\" data-end=\"8654\">\n<p data-start=\"8580\" data-end=\"8654\"><strong data-start=\"8580\" data-end=\"8597\">Farmakologia:<\/strong> v\u00e4litt\u00e4j\u00e4aineiden vuorovaikutusten ja aineenvaihdunnan tutkimus.<\/p>\n<\/li>\n<li data-start=\"8655\" data-end=\"8729\">\n<p data-start=\"8657\" data-end=\"8729\"><strong data-start=\"8657\" data-end=\"8677\">Kansanterveys:<\/strong> NPS-varoitusj\u00e4rjestelmien tuki.<\/p>\n<\/li>\n<\/ul>\n<hr data-start=\"8731\" data-end=\"8734\" \/>\n<h2 data-start=\"8736\" data-end=\"8780\"><strong data-start=\"8739\" data-end=\"8780\">Turvallisuus- ja lakiasiat<\/strong><\/h2>\n<p data-start=\"8782\" data-end=\"8799\"><strong data-start=\"8782\" data-end=\"8797\">Turvallisuus:<\/strong><\/p>\n<ul data-start=\"8800\" data-end=\"9009\">\n<li data-start=\"8800\" data-end=\"8887\">\n<p data-start=\"8802\" data-end=\"8887\">K\u00e4sittele vain <strong data-start=\"8823\" data-end=\"8855\">p\u00e4tev\u00e4t tutkijat<\/strong> jostakin <strong data-start=\"8860\" data-end=\"8884\">suojavaatetus<\/strong>.<\/p>\n<\/li>\n<li data-start=\"8888\" data-end=\"8921\">\n<p data-start=\"8890\" data-end=\"8921\">V\u00e4lt\u00e4 kosketusta ja hengitt\u00e4mist\u00e4.<\/p>\n<\/li>\n<li data-start=\"8922\" data-end=\"9009\">\n<p data-start=\"8924\" data-end=\"9009\">Ty\u00f6skentele alaisuudessa <strong data-start=\"8935\" data-end=\"8953\">poistoj\u00e4rjestelm\u00e4t<\/strong> ja noudattaa <strong data-start=\"8968\" data-end=\"9006\">kemikaaliturvallisuusm\u00e4\u00e4r\u00e4ykset<\/strong>.<\/p>\n<\/li>\n<\/ul>\n<p data-start=\"9011\" data-end=\"9209\"><strong data-start=\"9011\" data-end=\"9033\">Oikeudellinen asema:<\/strong><br data-start=\"9033\" data-end=\"9036\" \/>4-CMC on saatavilla useimmissa maissa <strong data-start=\"9065\" data-end=\"9092\">kielletty tai s\u00e4\u00e4nnelty<\/strong> alla <strong data-start=\"9102\" data-end=\"9114\">Oopiumilaki<\/strong> tai <strong data-start=\"9118\" data-end=\"9152\">psykoaktiivisten aineiden lains\u00e4\u00e4d\u00e4nt\u00f6<\/strong>.<br data-start=\"9153\" data-end=\"9156\" \/>K\u00e4ytt\u00f6 tutkimustarkoitusten ulkopuolella on <strong data-start=\"9195\" data-end=\"9208\">rangaistavaa<\/strong>.<\/p>\n<hr data-start=\"9211\" data-end=\"9214\" \/>\n<h2 data-start=\"9216\" data-end=\"9250\"><strong data-start=\"9219\" data-end=\"9250\">Usein kysytyt kysymykset (UKK)<\/strong><\/h2>\n<h3 data-start=\"9252\" data-end=\"9295\"><strong data-start=\"9256\" data-end=\"9295\">1. Mit\u00e4 4-CMC:t\u00e4 tutkitaan?<\/strong><\/h3>\n<p data-start=\"9296\" data-end=\"9382\">Sill\u00e4 <strong data-start=\"9301\" data-end=\"9355\">rikostekninen, analyyttinen ja farmakologinen tutkimus<\/strong> katinoniyhdisteisiin.<\/p>\n<h3 data-start=\"9384\" data-end=\"9411\"><strong data-start=\"9388\" data-end=\"9411\">2. Onko 4-CMC laillista?<\/strong><\/h3>\n<p data-start=\"9412\" data-end=\"9474\">Ei, 4-CMC on saatavilla useimmissa maissa. <strong data-start=\"9446\" data-end=\"9473\">s\u00e4\u00e4nnelty tai kielletty<\/strong>.<\/p>\n<h3 data-start=\"9476\" data-end=\"9527\"><strong data-start=\"9480\" data-end=\"9527\">3. Miten 4-CMC:t\u00e4 tulisi k\u00e4sitell\u00e4 turvallisesti?<\/strong><\/h3>\n<p data-start=\"9528\" data-end=\"9639\">Vain <strong data-start=\"9540\" data-end=\"9570\">ammattitutkijat<\/strong> valvotuissa laboratorioissa asianmukaisin <strong data-start=\"9612\" data-end=\"9638\">turvatoimenpiteet<\/strong>.<\/p>\n<hr data-start=\"9641\" data-end=\"9644\" \/>\n<h2 data-start=\"9646\" data-end=\"9662\"><strong data-start=\"9649\" data-end=\"9662\">Johtop\u00e4\u00e4t\u00f6s<\/strong><\/h2>\n<p data-start=\"9664\" data-end=\"9904\"><em data-start=\"9664\" data-end=\"9694\">4-CMC (4-kloorimetkatinoni)<\/em> on t\u00e4rke\u00e4 tutkimusaihe alalla <strong data-start=\"9740\" data-end=\"9761\">neurofarmakologia<\/strong> ja <strong data-start=\"9765\" data-end=\"9787\">oikeuskemia<\/strong>.<br data-start=\"9788\" data-end=\"9791\" \/>Se auttaa tiedemiehi\u00e4 ymm\u00e4rt\u00e4m\u00e4\u00e4n, miten <strong data-start=\"9833\" data-end=\"9854\">kloorin korvaaminen<\/strong> vaikuttaa stimulanttien tehoon.<\/p>","protected":false},"excerpt":{"rendered":"<h3><span style=\"vertical-align: inherit;\"><span style=\"vertical-align: inherit;\">4-CMC:n ominaisuudet<\/span><\/span><\/h3>\n<p><span style=\"vertical-align: inherit;\"><span style=\"vertical-align: inherit;\">Synonyymi: 4-kloorimetkatinoni <\/span><\/span><br \/>\n<span style=\"vertical-align: inherit;\"><span style=\"vertical-align: inherit;\">CAS-numero: 1225843-86-6 <\/span><\/span><br \/>\n<span style=\"vertical-align: inherit;\"><span style=\"vertical-align: inherit;\">Kaava: C10H12ClNO \u2022 HCl <\/span><\/span><br \/>\n<span style=\"vertical-align: inherit;\"><span style=\"vertical-align: inherit;\">Moolimassa: 234,1 g\/mol <\/span><\/span><br \/>\n<span style=\"vertical-align: inherit;\"><span style=\"vertical-align: inherit;\">Puhtaus: \u226598%<\/span><\/span><\/p>","protected":false},"featured_media":28431,"comment_status":"closed","ping_status":"closed","template":"","meta":[],"product_brand":[82],"product_cat":[488],"product_tag":[608,1221,326],"class_list":{"0":"post-23119","1":"product","2":"type-product","3":"status-publish","4":"has-post-thumbnail","6":"product_brand-research-chemical","7":"product_cat-verboden","8":"product_tag-4-cmc","9":"product_tag-4-cmc-kopen","10":"product_tag-nl","12":"first","13":"instock","14":"taxable","15":"shipping-taxable","16":"purchasable","17":"product-type-simple"},"_links":{"self":[{"href":"https:\/\/researchchemicalhub.com\/fi\/wp-json\/wp\/v2\/product\/23119","targetHints":{"allow":["GET"]}}],"collection":[{"href":"https:\/\/researchchemicalhub.com\/fi\/wp-json\/wp\/v2\/product"}],"about":[{"href":"https:\/\/researchchemicalhub.com\/fi\/wp-json\/wp\/v2\/types\/product"}],"replies":[{"embeddable":true,"href":"https:\/\/researchchemicalhub.com\/fi\/wp-json\/wp\/v2\/comments?post=23119"}],"version-history":[{"count":6,"href":"https:\/\/researchchemicalhub.com\/fi\/wp-json\/wp\/v2\/product\/23119\/revisions"}],"predecessor-version":[{"id":28769,"href":"https:\/\/researchchemicalhub.com\/fi\/wp-json\/wp\/v2\/product\/23119\/revisions\/28769"}],"wp:featuredmedia":[{"embeddable":true,"href":"https:\/\/researchchemicalhub.com\/fi\/wp-json\/wp\/v2\/media\/28431"}],"wp:attachment":[{"href":"https:\/\/researchchemicalhub.com\/fi\/wp-json\/wp\/v2\/media?parent=23119"}],"wp:term":[{"taxonomy":"product_brand","embeddable":true,"href":"https:\/\/researchchemicalhub.com\/fi\/wp-json\/wp\/v2\/product_brand?post=23119"},{"taxonomy":"product_cat","embeddable":true,"href":"https:\/\/researchchemicalhub.com\/fi\/wp-json\/wp\/v2\/product_cat?post=23119"},{"taxonomy":"product_tag","embeddable":true,"href":"https:\/\/researchchemicalhub.com\/fi\/wp-json\/wp\/v2\/product_tag?post=23119"}],"curies":[{"name":"wp","href":"https:\/\/api.w.org\/{rel}","templated":true}]}}