{"id":23083,"date":"2025-04-13T17:39:07","date_gmt":"2025-04-13T17:39:07","guid":{"rendered":"https:\/\/researchchemicalhub.com\/?post_type=product&#038;p=23083"},"modified":"2025-10-30T12:52:59","modified_gmt":"2025-10-30T12:52:59","slug":"osta-3-cmcta","status":"publish","type":"product","link":"https:\/\/researchchemicalhub.com\/fi\/kauppa\/kielletty\/osta-3-cmcta\/","title":{"rendered":"Osta 3-CMC:t\u00e4 (3-kloorimetkatinoni)"},"content":{"rendered":"<h1><strong><span style=\"vertical-align: inherit;\"><span style=\"vertical-align: inherit;\">Tilaa 3 cmc (3-kloorimetkatinoni) \u2013 Pure Research Chemical<\/span><\/span><\/strong><\/h1>\n<p data-start=\"7172\" data-end=\"7469\"><strong data-start=\"7172\" data-end=\"7181\">3-CMC<\/strong>, tai <strong data-start=\"7186\" data-end=\"7210\">3-kloorimetkatinoni<\/strong>, on <strong data-start=\"7219\" data-end=\"7253\">synteettinen stimulantti<\/strong> alkaen <strong data-start=\"7261\" data-end=\"7279\">katinoniluokka<\/strong>, liittyv\u00e4 <strong data-start=\"7293\" data-end=\"7302\">3-MMC<\/strong> ja <strong data-start=\"7306\" data-end=\"7320\">mefedroni<\/strong>. <span class=\"___SBox_epc1q-ko_ ___SText_zko9t-ko_\" data-ui-name=\"Link.Text\">osta 3 cmc:t\u00e4<\/span><br data-start=\"7321\" data-end=\"7324\" \/>Siin\u00e4 on <strong data-start=\"7338\" data-end=\"7375\">kloorin substituutio 3-asemassa<\/strong> fenyylirenkaasta ja sit\u00e4 tutkitaan parhaillaan <strong data-start=\"7420\" data-end=\"7466\">oikeusl\u00e4\u00e4ketieteelliset ja farmakologiset laboratoriot<\/strong>. <span class=\"___SBox_epc1q-ko_ ___SText_zko9t-ko_\" data-ui-name=\"Link.Text\">osta 3 cmc:t\u00e4<\/span><\/p>\n<p data-start=\"7471\" data-end=\"7575\">3-CMC:ll\u00e4 on <strong data-start=\"7483\" data-end=\"7511\">ei l\u00e4\u00e4ketieteellist\u00e4 sovellusta<\/strong> ja kuuluu monissa maissa <strong data-start=\"7541\" data-end=\"7574\">s\u00e4\u00e4nneltyjen aineiden lains\u00e4\u00e4d\u00e4nt\u00f6<\/strong>.<\/p>\n<hr data-start=\"7577\" data-end=\"7580\" \/>\n<h2 data-start=\"7582\" data-end=\"7629\"><strong data-start=\"7585\" data-end=\"7629\">Kemiallinen ja farmakologinen tausta<\/strong><\/h2>\n<p data-start=\"7631\" data-end=\"7656\"><strong data-start=\"7631\" data-end=\"7656\">T\u00e4rke\u00e4\u00e4 tietoa:<\/strong><\/p>\n<ul data-start=\"7657\" data-end=\"7937\">\n<li data-start=\"7657\" data-end=\"7721\">\n<p data-start=\"7659\" data-end=\"7721\"><strong data-start=\"7659\" data-end=\"7674\">IUPAC-nimi:<\/strong> 1-(3-kloorifenyyli)-2-(metyyliamino)propan-1-oni<\/p>\n<\/li>\n<li data-start=\"7722\" data-end=\"7757\">\n<p data-start=\"7724\" data-end=\"7757\"><strong data-start=\"7724\" data-end=\"7744\">Molekyylikaava:<\/strong> C10H12ClNO<\/p>\n<\/li>\n<li data-start=\"7758\" data-end=\"7794\">\n<p data-start=\"7760\" data-end=\"7794\"><strong data-start=\"7760\" data-end=\"7778\">Molekyylimassa:<\/strong> \u00b1197,66 g\/mol<\/p>\n<\/li>\n<li data-start=\"7795\" data-end=\"7847\">\n<p data-start=\"7797\" data-end=\"7847\"><strong data-start=\"7797\" data-end=\"7818\">Kemiallinen luokka:<\/strong> Substituoidut katinonit<\/p>\n<\/li>\n<li data-start=\"7848\" data-end=\"7937\">\n<p data-start=\"7850\" data-end=\"7937\"><strong data-start=\"7850\" data-end=\"7870\">Reseptorin toiminta:<\/strong> Vaikuttaa dopamiinin, serotoniinin ja noradrenaliinin kuljettajaproteiineihin.<\/p>\n<\/li>\n<\/ul>\n<p data-start=\"7939\" data-end=\"8082\">The <strong data-start=\"7942\" data-end=\"7963\">kloorin korvaaminen<\/strong> vaikuttaa reseptorien sitoutumiseen ja metaboliseen vakauteen, mik\u00e4 tekee siit\u00e4 kiinnostavan <strong data-start=\"8049\" data-end=\"8081\">rakenne-aktiivisuustutkimus<\/strong>.<\/p>\n<hr data-start=\"8084\" data-end=\"8087\" \/>\n<h2 data-start=\"8089\" data-end=\"8116\"><strong data-start=\"8092\" data-end=\"8116\">Tutkimustarkoitukset<\/strong><\/h2>\n<p data-start=\"8118\" data-end=\"8146\">3-CMC:t\u00e4 tutkitaan seuraavien osalta:<\/p>\n<ul data-start=\"8147\" data-end=\"8435\">\n<li data-start=\"8147\" data-end=\"8209\">\n<p data-start=\"8149\" data-end=\"8209\"><strong data-start=\"8149\" data-end=\"8172\">Analyyttinen kemia:<\/strong> havaitseminen GC-MS:ll\u00e4, LC-MS:ll\u00e4 ja FTIR:ll\u00e4.<\/p>\n<\/li>\n<li data-start=\"8210\" data-end=\"8302\">\n<p data-start=\"8212\" data-end=\"8302\"><strong data-start=\"8212\" data-end=\"8240\">Oikeustoksikologia:<\/strong> tunnistaminen biologisista tai takavarikoiduista n\u00e4ytteist\u00e4.<\/p>\n<\/li>\n<li data-start=\"8303\" data-end=\"8368\">\n<p data-start=\"8305\" data-end=\"8368\"><strong data-start=\"8305\" data-end=\"8322\">Farmakologia:<\/strong> v\u00e4litt\u00e4j\u00e4aineiden mekanismien tutkimus.<\/p>\n<\/li>\n<li data-start=\"8369\" data-end=\"8435\">\n<p data-start=\"8371\" data-end=\"8435\"><strong data-start=\"8371\" data-end=\"8391\">Kansanterveys:<\/strong> sis\u00e4llytt\u00e4minen NPS-varoitusj\u00e4rjestelmiin. <span class=\"___SBox_epc1q-ko_ ___SText_zko9t-ko_\" data-ui-name=\"Link.Text\">osta 3 cmc:t\u00e4<\/span><\/p>\n<\/li>\n<\/ul>\n<hr data-start=\"8437\" data-end=\"8440\" \/>\n<h2 data-start=\"8442\" data-end=\"8486\"><strong data-start=\"8445\" data-end=\"8486\">Turvallisuus- ja lakiasiat<\/strong><\/h2>\n<p data-start=\"8488\" data-end=\"8648\"><strong data-start=\"8488\" data-end=\"8503\">Turvallisuus:<\/strong><br data-start=\"8503\" data-end=\"8506\" \/>K\u00e4sittele vain <strong data-start=\"8527\" data-end=\"8559\">p\u00e4tev\u00e4t tutkijat<\/strong> sis\u00e4\u00e4n <strong data-start=\"8563\" data-end=\"8587\">lisensoidut laboratoriot<\/strong> k\u00e4ytt\u00e4en <strong data-start=\"8604\" data-end=\"8613\">Henkil\u00f6nsuojaimet<\/strong>.<br data-start=\"8614\" data-end=\"8617\" \/>V\u00e4lt\u00e4 kosketusta tai hengitt\u00e4mist\u00e4.<\/p>\n<p data-start=\"8650\" data-end=\"8836\"><strong data-start=\"8650\" data-end=\"8672\">Oikeudellinen asema:<\/strong><br data-start=\"8672\" data-end=\"8675\" \/>3-CMC on saatavilla useimmissa maissa <strong data-start=\"8704\" data-end=\"8731\">kielletty tai s\u00e4\u00e4nnelty<\/strong> alla <strong data-start=\"8741\" data-end=\"8775\">psykoaktiivisten aineiden lains\u00e4\u00e4d\u00e4nt\u00f6<\/strong>.<br data-start=\"8776\" data-end=\"8779\" \/>K\u00e4ytt\u00f6 tutkimusolosuhteiden ulkopuolella on <strong data-start=\"8822\" data-end=\"8835\">rangaistavaa<\/strong>.<\/p>\n<hr data-start=\"8838\" data-end=\"8841\" \/>\n<h2 data-start=\"8843\" data-end=\"8877\"><strong data-start=\"8846\" data-end=\"8877\">Usein kysytyt kysymykset (UKK)<\/strong><\/h2>\n<h3 data-start=\"8879\" data-end=\"8922\"><strong data-start=\"8883\" data-end=\"8922\">1. Mit\u00e4 3-CMC:t\u00e4 tutkitaan?<\/strong><\/h3>\n<p data-start=\"8923\" data-end=\"9009\">Sill\u00e4 <strong data-start=\"8928\" data-end=\"8982\">analyyttinen, rikostekninen ja farmakologinen tutkimus<\/strong> katinoniyhdisteisiin.<\/p>\n<h3 data-start=\"9011\" data-end=\"9038\"><strong data-start=\"9015\" data-end=\"9038\">2. Onko 3-CMC laillista?<\/strong><\/h3>\n<p data-start=\"9039\" data-end=\"9101\">Ei, useimmissa maissa 3-CMC on <strong data-start=\"9073\" data-end=\"9100\">s\u00e4\u00e4nnelty tai kielletty<\/strong>.<\/p>\n<h3 data-start=\"9103\" data-end=\"9154\"><strong data-start=\"9107\" data-end=\"9154\">3. Miten 3-CMC:t\u00e4 tulisi k\u00e4sitell\u00e4 turvallisesti?<\/strong><\/h3>\n<p data-start=\"9155\" data-end=\"9266\">Vain <strong data-start=\"9167\" data-end=\"9197\">ammattitutkijat<\/strong> valvotuissa laboratorioissa asianmukaisin <strong data-start=\"9239\" data-end=\"9265\">turvatoimenpiteet<\/strong>.<\/p>","protected":false},"excerpt":{"rendered":"<h2><span style=\"vertical-align: inherit;\"><span style=\"vertical-align: inherit;\"><span style=\"vertical-align: inherit;\"><span style=\"vertical-align: inherit;\">3-CMC-osto<\/span><\/span><\/span><\/span><\/h2>\n<p><span style=\"vertical-align: inherit;\"><span style=\"vertical-align: inherit;\"><span style=\"vertical-align: inherit;\"><span style=\"vertical-align: inherit;\">Synonyymi: 3-kloorimetkatinoni <\/span><\/span><\/span><\/span><br \/>\n<span style=\"vertical-align: inherit;\"><span style=\"vertical-align: inherit;\"><span style=\"vertical-align: inherit;\"><span style=\"vertical-align: inherit;\">CAS-numero: 1607439-32-6 <\/span><\/span><\/span><\/span><br \/>\n<span style=\"vertical-align: inherit;\"><span style=\"vertical-align: inherit;\"><span style=\"vertical-align: inherit;\"><span style=\"vertical-align: inherit;\">Kaava: C10H12ClNO \u2022 HCl <\/span><\/span><\/span><\/span><br \/>\n<span style=\"vertical-align: inherit;\"><span style=\"vertical-align: inherit;\"><span style=\"vertical-align: inherit;\"><span style=\"vertical-align: inherit;\">Moolimassa: 234,1 g\/mol <\/span><\/span><\/span><\/span><br \/>\n<span style=\"vertical-align: inherit;\"><span style=\"vertical-align: inherit;\"><span style=\"vertical-align: inherit;\"><span style=\"vertical-align: inherit;\">Puhtaus: \u226598%<\/span><\/span><\/span><\/span><\/p>","protected":false},"featured_media":28399,"comment_status":"closed","ping_status":"closed","template":"","meta":[],"product_brand":[82],"product_cat":[488],"product_tag":[874,587,592,326],"class_list":{"0":"post-23083","1":"product","2":"type-product","3":"status-publish","4":"has-post-thumbnail","6":"product_brand-research-chemical","7":"product_cat-verboden","8":"product_tag-3-cmc","9":"product_tag-3-cmc-bestellen","10":"product_tag-3-cmc-kopen","11":"product_tag-nl","13":"first","14":"instock","15":"taxable","16":"shipping-taxable","17":"purchasable","18":"product-type-simple"},"_links":{"self":[{"href":"https:\/\/researchchemicalhub.com\/fi\/wp-json\/wp\/v2\/product\/23083","targetHints":{"allow":["GET"]}}],"collection":[{"href":"https:\/\/researchchemicalhub.com\/fi\/wp-json\/wp\/v2\/product"}],"about":[{"href":"https:\/\/researchchemicalhub.com\/fi\/wp-json\/wp\/v2\/types\/product"}],"replies":[{"embeddable":true,"href":"https:\/\/researchchemicalhub.com\/fi\/wp-json\/wp\/v2\/comments?post=23083"}],"version-history":[{"count":8,"href":"https:\/\/researchchemicalhub.com\/fi\/wp-json\/wp\/v2\/product\/23083\/revisions"}],"predecessor-version":[{"id":28777,"href":"https:\/\/researchchemicalhub.com\/fi\/wp-json\/wp\/v2\/product\/23083\/revisions\/28777"}],"wp:featuredmedia":[{"embeddable":true,"href":"https:\/\/researchchemicalhub.com\/fi\/wp-json\/wp\/v2\/media\/28399"}],"wp:attachment":[{"href":"https:\/\/researchchemicalhub.com\/fi\/wp-json\/wp\/v2\/media?parent=23083"}],"wp:term":[{"taxonomy":"product_brand","embeddable":true,"href":"https:\/\/researchchemicalhub.com\/fi\/wp-json\/wp\/v2\/product_brand?post=23083"},{"taxonomy":"product_cat","embeddable":true,"href":"https:\/\/researchchemicalhub.com\/fi\/wp-json\/wp\/v2\/product_cat?post=23083"},{"taxonomy":"product_tag","embeddable":true,"href":"https:\/\/researchchemicalhub.com\/fi\/wp-json\/wp\/v2\/product_tag?post=23083"}],"curies":[{"name":"wp","href":"https:\/\/api.w.org\/{rel}","templated":true}]}}