{"id":27449,"date":"2025-10-20T16:11:46","date_gmt":"2025-10-20T16:11:46","guid":{"rendered":"https:\/\/researchchemicalhub.com\/?post_type=product&#038;p=27449"},"modified":"2025-10-21T05:54:54","modified_gmt":"2025-10-21T05:54:54","slug":"osta-fentanuuli","status":"publish","type":"product","link":"https:\/\/researchchemicalhub.com\/et\/pood\/kategooriatesse\/osta-fentanuuli\/","title":{"rendered":"fentan\u00fc\u00fcl"},"content":{"rendered":"<h2 data-start=\"516\" data-end=\"545\"><strong data-start=\"519\" data-end=\"545\">Sissejuhatus fentan\u00fc\u00fcli<\/strong><\/h2>\n<p data-start=\"547\" data-end=\"865\">Fentan\u00fc\u00fcl on \u00fcks <strong data-start=\"564\" data-end=\"588\">s\u00fcnteetiline opioid<\/strong>, das in der Medizin zur Behandlung <strong data-start=\"624\" data-end=\"662\">starker bis sehr starker Schmerzen<\/strong> eingesetzt wird \u2013 beispielsweise bei <strong data-start=\"700\" data-end=\"718\">Krebsi patsiendid<\/strong> v\u00f5i p\u00e4rast suuri operatsioone. Es kuulnud zu den <strong data-start=\"768\" data-end=\"808\">tugevaim v\u00e4rvitav Schmerzmitteln<\/strong> und ist etwa <strong data-start=\"822\" data-end=\"862\">50\u2013100 korda tugevam kui morfiin<\/strong>osta fentan\u00fc\u00fcli<\/p>\n<p data-start=\"867\" data-end=\"1083\">Fentan\u00fc\u00fcli on kasutatud ja kasutatakse ka praegu alates 1960. aastate algusest. <strong data-start=\"958\" data-end=\"980\">Darreichungsformen<\/strong> WHO <strong data-start=\"985\" data-end=\"1042\">Pflaster, Lutscher, Injektionsl\u00f6sungen v\u00f5i Tabletten<\/strong> (z. B. Fentanyl-Tabletten) erh\u00e4ltlich. osta fentan\u00fc\u00fcli<\/p>\n<p data-start=\"1085\" data-end=\"1223\">Kui fentan\u00fc\u00fcl on kasutusk\u00fcsimus, siis julgege seda teha. <strong data-start=\"1136\" data-end=\"1204\">Vaadake l\u00e4hemalt ja saage kasulikke n\u00f5uandeid<\/strong> harjuma hakata.<\/p>\n<hr data-start=\"1225\" data-end=\"1228\" \/>\n<h2 data-start=\"1230\" data-end=\"1263\"><strong data-start=\"1233\" data-end=\"1263\">Fentan\u00fc\u00fcli toimemehhanismid<\/strong><\/h2>\n<p data-start=\"1265\" data-end=\"1442\">Fentan\u00fc\u00fcl toimib otse nahale <strong data-start=\"1295\" data-end=\"1340\">Opioidrezeptoren im Gehirn und R\u00fcckenmark<\/strong>. Nende \u00fchenduste ajal Schmerzsignale blockiert und die Schmerzwahrnehmung deutlich reduziert.<\/p>\n<p data-start=\"1444\" data-end=\"1593\">Die Wirkung tritt in der Regel <strong data-start=\"1475\" data-end=\"1495\">v\u00e4ga kitsas<\/strong> \u2013 veeda paar minutit sees \u2013 ja j\u00e4tka oma t\u00f6\u00f6tlemisvormi t\u00e4itmist <strong data-start=\"1568\" data-end=\"1587\">mitu tundi<\/strong> \u00fcks.<\/p>\n<p data-start=\"1595\" data-end=\"1799\">Neben der Schmerzlinderung kann Fentanyl jedoch ka <strong data-start=\"1648\" data-end=\"1666\">Nebenwirkungen<\/strong> kes Schl\u00e4frigkeit, \u00dcbelkeit, Verstopfung oder Atemdepression verursachen, weshalb die <strong data-start=\"1753\" data-end=\"1786\">Doseerimise tugevuse kontrollimine<\/strong> olid mussid.<\/p>\n<hr data-start=\"1801\" data-end=\"1804\" \/>\n<h2 data-start=\"1806\" data-end=\"1839\"><strong data-start=\"1809\" data-end=\"1839\">Fentan\u00fc\u00fcli peamine mark<\/strong><\/h2>\n<div class=\"_tableContainer_1rjym_1\">\n<div class=\"group _tableWrapper_1rjym_13 flex w-fit flex-col-reverse\" tabindex=\"-1\">\n<table class=\"w-fit min-w-(--thread-content-width)\" data-start=\"1841\" data-end=\"2363\">\n<thead data-start=\"1841\" data-end=\"1871\">\n<tr data-start=\"1841\" data-end=\"1871\">\n<th data-start=\"1841\" data-end=\"1855\" data-col-size=\"sm\">Kinnisvara<\/th>\n<th data-start=\"1855\" data-end=\"1871\" data-col-size=\"md\">Kirjeldus<\/th>\n<\/tr>\n<\/thead>\n<tbody data-start=\"1904\" data-end=\"2363\">\n<tr data-start=\"1904\" data-end=\"1961\">\n<td data-start=\"1904\" data-end=\"1926\" data-col-size=\"sm\"><strong data-start=\"1906\" data-end=\"1925\">Materjali klass<\/strong><\/td>\n<td data-col-size=\"md\" data-start=\"1926\" data-end=\"1961\">S\u00fcnteetiline opioidvaluvaigisti<\/td>\n<\/tr>\n<tr data-start=\"1962\" data-end=\"2016\">\n<td data-start=\"1962\" data-end=\"1979\" data-col-size=\"sm\"><strong data-start=\"1964\" data-end=\"1978\">T\u00f6\u00f6 tugevused<\/strong><\/td>\n<td data-col-size=\"md\" data-start=\"1979\" data-end=\"2016\">Etwa 50\u2013100 \u00d7 st\u00e4rker kui morfiin<\/td>\n<\/tr>\n<tr data-start=\"2017\" data-end=\"2098\">\n<td data-start=\"2017\" data-end=\"2042\" data-col-size=\"sm\"><strong data-start=\"2019\" data-end=\"2041\">Darreichungsformen<\/strong><\/td>\n<td data-col-size=\"md\" data-start=\"2042\" data-end=\"2098\">Pflaster, tabletid, Lutscher, Nasenspray, s\u00fcstimine<\/td>\n<\/tr>\n<tr data-start=\"2099\" data-end=\"2178\">\n<td data-start=\"2099\" data-end=\"2122\" data-col-size=\"sm\"><strong data-start=\"2101\" data-end=\"2121\">Rakendusala<\/strong><\/td>\n<td data-col-size=\"md\" data-start=\"2122\" data-end=\"2178\">Ravi on kroonilisem v\u00f5i \u00e4gedam<\/td>\n<\/tr>\n<tr data-start=\"2179\" data-end=\"2236\">\n<td data-start=\"2179\" data-end=\"2207\" data-col-size=\"sm\"><strong data-start=\"2181\" data-end=\"2206\">T\u00f5kestusviga<\/strong><\/td>\n<td data-col-size=\"md\" data-start=\"2207\" data-end=\"2236\">Null ootamatu retsepti peale<\/td>\n<\/tr>\n<tr data-start=\"2237\" data-end=\"2293\">\n<td data-start=\"2237\" data-end=\"2258\" data-col-size=\"sm\"><strong data-start=\"2239\" data-end=\"2257\">T\u00f6\u00f6 algus<\/strong><\/td>\n<td data-col-size=\"md\" data-start=\"2258\" data-end=\"2293\">Schnell \u2013 innerhalb von Minuten<\/td>\n<\/tr>\n<tr data-start=\"2294\" data-end=\"2363\">\n<td data-start=\"2294\" data-end=\"2318\" data-col-size=\"sm\"><strong data-start=\"2296\" data-end=\"2317\">Wirksamkeitsdauer<\/strong><\/td>\n<td data-col-size=\"md\" data-start=\"2318\" data-end=\"2363\">More Stunden, je nach Taotlusvorm<\/td>\n<\/tr>\n<\/tbody>\n<\/table>\n<\/div>\n<\/div>\n<hr data-start=\"2365\" data-end=\"2368\" \/>\n<h2 data-start=\"2370\" data-end=\"2410\"><strong data-start=\"2373\" data-end=\"2410\">Tervis ja meditsiinilised h\u00fcved<\/strong><\/h2>\n<ul data-start=\"2412\" data-end=\"2929\">\n<li data-start=\"2412\" data-end=\"2517\">\n<p data-start=\"2414\" data-end=\"2517\"><strong data-start=\"2414\" data-end=\"2442\">Starke Schmerzlinderung:<\/strong> T\u00f6\u00f6tage kindlasti kasvajarakkude v\u00f5i kirurgiliste protseduuridega Eingriffenis.<\/p>\n<\/li>\n<li data-start=\"2518\" data-end=\"2613\">\n<p data-start=\"2520\" data-end=\"2613\"><strong data-start=\"2520\" data-end=\"2551\">Schnelleri t\u00f6\u00f6p\u00f5him\u00f5te:<\/strong> Ideaalne pl\u00f6tzlichen Schmerzspitzeniga (Durchbruchschmerzen).<\/p>\n<\/li>\n<li data-start=\"2614\" data-end=\"2715\">\n<p data-start=\"2616\" data-end=\"2715\"><strong data-start=\"2616\" data-end=\"2639\">V\u00e4\u00e4rtuslikud vormid:<\/strong> Paindlik ravi \u2013 transdermaalsetest Pflastern bis zu oralen tablettidest.<\/p>\n<\/li>\n<li data-start=\"2716\" data-end=\"2810\">\n<p data-start=\"2718\" data-end=\"2810\"><strong data-start=\"2718\" data-end=\"2750\">Kontrollitav doseerimiskoormus:<\/strong> Erm\u00f6glicht genaue Anpassung an individuaalne Schmerzgrade.<\/p>\n<\/li>\n<li data-start=\"2811\" data-end=\"2929\">\n<p data-start=\"2813\" data-end=\"2929\"><strong data-start=\"2813\" data-end=\"2856\">Palliatiivravi toetamine:<\/strong> Parandab kroonilise valuga patsientide elukvaliteeti.<\/p>\n<\/li>\n<\/ul>\n<hr data-start=\"2931\" data-end=\"2934\" \/>\n<h2 data-start=\"2936\" data-end=\"2966\"><strong data-start=\"2939\" data-end=\"2966\">Sissejuhatus ja doseerimine<\/strong><\/h2>\n<p data-start=\"2968\" data-end=\"3055\">See <strong data-start=\"2972\" data-end=\"2998\">Fentan\u00fc\u00fcli pealekandmine<\/strong> v\u00e4ga h\u00e4sti l\u00e4bim\u00f5eldud <strong data-start=\"3022\" data-end=\"3052\">\u00e4rztlicher Anweisung<\/strong>.<\/p>\n<ul data-start=\"3057\" data-end=\"3381\">\n<li data-start=\"3057\" data-end=\"3164\">\n<p data-start=\"3059\" data-end=\"3164\"><strong data-start=\"3059\" data-end=\"3081\">Fentan\u00fc\u00fcli Pflaster:<\/strong> Wird auf die Haut klebt und gibt de Wirkstoff \u00fcber 72 Stunden gleichm\u00e4\u00dfig ab.<\/p>\n<\/li>\n<li data-start=\"3165\" data-end=\"3274\">\n<p data-start=\"3167\" data-end=\"3274\"><strong data-start=\"3167\" data-end=\"3204\">Fentan\u00fc\u00fcli tabletid v\u00f5i Lutscher:<\/strong> V\u00e4rske Schmerzspitzeni jaoks, eriti Durchbruchschmerzeniga.<\/p>\n<\/li>\n<li data-start=\"3275\" data-end=\"3381\">\n<p data-start=\"3277\" data-end=\"3381\"><strong data-start=\"3277\" data-end=\"3309\">S\u00fcstid v\u00f5i infusioonid:<\/strong> Haiguse korral l\u00e4bivad nad operatsioonij\u00e4rgse Schmerztherapie v\u00f5i An\u00e4sthesie.<\/p>\n<\/li>\n<\/ul>\n<p data-start=\"3383\" data-end=\"3578\"><strong data-start=\"3383\" data-end=\"3405\">Vihjed:<\/strong><br data-start=\"3405\" data-end=\"3408\" \/>Fentan\u00fc\u00fcldarf <strong data-start=\"3422\" data-end=\"3476\">mitte ainulaadne ega oma kontrolli alt s\u00f5ltumatu<\/strong> v\u00f5eti. Vale muudatus v\u00f5ib olla tehtud <strong data-start=\"3534\" data-end=\"3570\">elutoetuse \u00fcleannustamine<\/strong> juhtima.<\/p>\n<hr data-start=\"3580\" data-end=\"3583\" \/>\n<h2 data-start=\"3585\" data-end=\"3621\"><strong data-start=\"3588\" data-end=\"3621\">Ohutus- ja hoiatusm\u00e4rgised<\/strong><\/h2>\n<ul data-start=\"3623\" data-end=\"3919\">\n<li data-start=\"3623\" data-end=\"3681\">\n<p data-start=\"3625\" data-end=\"3681\">Mitte alkoholi ega alkoholi kombinatsioonidega.<\/p>\n<\/li>\n<li data-start=\"3682\" data-end=\"3735\">\n<p data-start=\"3684\" data-end=\"3735\">Au\u00dferhalb der Reichweite von Kindern aufbewahren.<\/p>\n<\/li>\n<li data-start=\"3736\" data-end=\"3815\">\n<p data-start=\"3738\" data-end=\"3815\">Palun teavitage, kui teil on astmaprobleeme v\u00f5i opioidide allergiat.<\/p>\n<\/li>\n<li data-start=\"3816\" data-end=\"3878\">\n<p data-start=\"3818\" data-end=\"3878\">Entsorgung gebrauchter Pflaster nach \u00e4rztlicher Anweisung.<\/p>\n<\/li>\n<li data-start=\"3879\" data-end=\"3919\">\n<p data-start=\"3881\" data-end=\"3919\">Mitte ilma eneseravimiseta!<\/p>\n<\/li>\n<\/ul>\n<hr data-start=\"3921\" data-end=\"3924\" \/>\n<h2 data-start=\"3926\" data-end=\"3952\"><strong data-start=\"3929\" data-end=\"3952\">\u00d5iguslikud n\u00f5uanded<\/strong><\/h2>\n<p data-start=\"3954\" data-end=\"4260\">Saksamaal kuulub fentan\u00fc\u00fcl selle alla. <strong data-start=\"3994\" data-end=\"4027\">Betaubungsmittelgesetz (BtMG)<\/strong>.<br data-start=\"4028\" data-end=\"4031\" \/>Seine&#039;i v\u00e4ljap\u00e4\u00e4s ja juurdep\u00e4\u00e4s on rangelt reguleeritud, seega liiklus on takistatud.<br data-start=\"4113\" data-end=\"4116\" \/>Nur approbierte \u00c4rzte d\u00fcrfen Fentanyl schreiben, und pharmacies geben es ausschlie\u00dflich gegen Vorlage eines <strong data-start=\"4226\" data-end=\"4253\">Bet\u00e4ubungsmittelrecepts<\/strong> alates.<\/p>\n<p data-start=\"4262\" data-end=\"4414\">Weitere Informationen finden Sie auf der offiziellen Seite des <strong data-start=\"4325\" data-end=\"4413\"><a class=\"decorated-link cursor-pointer\" target=\"_new\" rel=\"noopener\" data-start=\"4327\" data-end=\"4411\">F\u00f6deraalne Tervishoiu- ja Meditsiinitoodete Instituut (BfArM)<\/a><\/strong>.<\/p>\n<hr data-start=\"4416\" data-end=\"4419\" \/>\n<h2 data-start=\"4421\" data-end=\"4457\"><strong data-start=\"4424\" data-end=\"4457\">KKK (KKK)<\/strong><\/h2>\n<p data-start=\"4459\" data-end=\"4637\"><strong data-start=\"4459\" data-end=\"4490\">1\ufe0f\u20e3 Kas fentan\u00fc\u00fcl oli korras?<\/strong><br data-start=\"4490\" data-end=\"4493\" \/>Fentan\u00fc\u00fcl on tugev s\u00fcnteetiline aine opioidide r\u00fchmast. Oluline on meeles pidada, et ravile resistentsed patsiendid saavad sellega hakkama.<\/p>\n<p data-start=\"4639\" data-end=\"4807\"><strong data-start=\"4639\" data-end=\"4672\">2\ufe0f\u20e3 Kes kasutab fentany\u00fcli pikka aega?<\/strong><br data-start=\"4672\" data-end=\"4675\" \/>Je nach Darreichungsform wirkt Fentanyl zischen 2 and 72 Stunden. Pflaster geben den Wirkstoff \u00fcber meerere Tage kontinuierlich ab.<\/p>\n<p data-start=\"4809\" data-end=\"5034\"><strong data-start=\"4809\" data-end=\"4846\">3\ufe0f\u20e3 Kas fentanyli saab ohutult kasutada?<\/strong><br data-start=\"4846\" data-end=\"4849\" \/>Jah. Kes v\u00f5ivad koos fentany\u00fcliga pikemat aega teisi opioide kasutada? <strong data-start=\"4914\" data-end=\"4957\">f\u00fc\u00fcsiline ja ps\u00fchholoogiline heaolu<\/strong> verursachen. Deshalb j\u00e4lgib ravi meditsiinilisest vaatenurgast.<\/p>\n<h3 data-start=\"230\" data-end=\"288\"><a style=\"font-size: 16px;\" href=\"https:\/\/researchchemicalhub.com\/et\/pood\/kategooriatesse\/osta-4mmc\/\"><span dir=\"auto\" style=\"vertical-align: inherit;\"><span dir=\"auto\" style=\"vertical-align: inherit;\"><span dir=\"auto\" style=\"vertical-align: inherit;\"><span dir=\"auto\" style=\"vertical-align: inherit;\">Osta 4mmc <\/span><\/span><\/span><\/span><\/a><a style=\"font-size: 16px;\" href=\"https:\/\/researchchemicalhub.com\/et\/pood\/iboga-ibogaiin\/iboga-juure-koor\/\"><span dir=\"auto\" style=\"vertical-align: inherit;\"><span dir=\"auto\" style=\"vertical-align: inherit;\"><span dir=\"auto\" style=\"vertical-align: inherit;\"><span dir=\"auto\" style=\"vertical-align: inherit;\">iboga juure koor<\/span><\/span><\/span><\/span><\/a><a style=\"font-size: 16px;\" href=\"https:\/\/researchchemicalhub.com\/et\/pood\/iboga-ibogaiin\/osta-ibogaine-hcl-veebist\/\"><span dir=\"auto\" style=\"vertical-align: inherit;\"><span dir=\"auto\" style=\"vertical-align: inherit;\"><span dir=\"auto\" style=\"vertical-align: inherit;\"><span dir=\"auto\" style=\"vertical-align: inherit;\">Osta ibogaine HCl-i veebist<\/span><\/span><\/span><\/span><\/a><a style=\"font-size: 16px;\" href=\"https:\/\/researchchemicalhub.com\/et\/pood\/lusergamiidid\/1-cp-lsd-2\/\"><span dir=\"auto\" style=\"vertical-align: inherit;\"><span dir=\"auto\" style=\"vertical-align: inherit;\"><span dir=\"auto\" style=\"vertical-align: inherit;\"><span dir=\"auto\" style=\"vertical-align: inherit;\">1 cp lsd <\/span><\/span><\/span><\/span><\/a><a style=\"font-size: 16px;\" href=\"https:\/\/researchchemicalhub.com\/et\/pood\/graanulid-graanulite-jaoks\/o-dsmt-50mg-graanulid\/\"><span dir=\"auto\" style=\"vertical-align: inherit;\"><span dir=\"auto\" style=\"vertical-align: inherit;\"><span dir=\"auto\" style=\"vertical-align: inherit;\"><span dir=\"auto\" style=\"vertical-align: inherit;\">o-dsmt<\/span><\/span><\/span><\/span><\/a><\/h3>","protected":false},"excerpt":{"rendered":"<p>Einf\u00fchrung in Fentanyl Fentanyl ist ein synthetisches Opioid, das in der Medizin zur Behandlung starker bis sehr starker Schmerzen eingesetzt<\/p>","protected":false},"featured_media":27450,"comment_status":"open","ping_status":"closed","template":"","meta":[],"product_brand":[],"product_cat":[1085],"product_tag":[1089,1088],"class_list":{"0":"post-27449","1":"product","2":"type-product","3":"status-publish","4":"has-post-thumbnail","6":"product_cat-okategoriserad","7":"product_tag-fentanyl-kopen","8":"product_tag-fentanyl-tablet","10":"first","11":"instock","12":"taxable","13":"shipping-taxable","14":"purchasable","15":"product-type-variable"},"_links":{"self":[{"href":"https:\/\/researchchemicalhub.com\/et\/wp-json\/wp\/v2\/product\/27449","targetHints":{"allow":["GET"]}}],"collection":[{"href":"https:\/\/researchchemicalhub.com\/et\/wp-json\/wp\/v2\/product"}],"about":[{"href":"https:\/\/researchchemicalhub.com\/et\/wp-json\/wp\/v2\/types\/product"}],"replies":[{"embeddable":true,"href":"https:\/\/researchchemicalhub.com\/et\/wp-json\/wp\/v2\/comments?post=27449"}],"version-history":[{"count":4,"href":"https:\/\/researchchemicalhub.com\/et\/wp-json\/wp\/v2\/product\/27449\/revisions"}],"predecessor-version":[{"id":27706,"href":"https:\/\/researchchemicalhub.com\/et\/wp-json\/wp\/v2\/product\/27449\/revisions\/27706"}],"wp:featuredmedia":[{"embeddable":true,"href":"https:\/\/researchchemicalhub.com\/et\/wp-json\/wp\/v2\/media\/27450"}],"wp:attachment":[{"href":"https:\/\/researchchemicalhub.com\/et\/wp-json\/wp\/v2\/media?parent=27449"}],"wp:term":[{"taxonomy":"product_brand","embeddable":true,"href":"https:\/\/researchchemicalhub.com\/et\/wp-json\/wp\/v2\/product_brand?post=27449"},{"taxonomy":"product_cat","embeddable":true,"href":"https:\/\/researchchemicalhub.com\/et\/wp-json\/wp\/v2\/product_cat?post=27449"},{"taxonomy":"product_tag","embeddable":true,"href":"https:\/\/researchchemicalhub.com\/et\/wp-json\/wp\/v2\/product_tag?post=27449"}],"curies":[{"name":"t\u00f6\u00f6leht","href":"https:\/\/api.w.org\/{rel}","templated":true}]}}