{"id":26138,"date":"2025-10-20T01:31:18","date_gmt":"2025-10-20T01:31:18","guid":{"rendered":"https:\/\/researchchemicalhub.com\/?post_type=product&#038;p=26138"},"modified":"2025-10-21T05:55:10","modified_gmt":"2025-10-21T05:55:10","slug":"iboga-capsules","status":"publish","type":"product","link":"https:\/\/researchchemicalhub.com\/et\/shop\/iboga-ibogaine\/iboga-capsules\/","title":{"rendered":"Iboga kapslid"},"content":{"rendered":"<h2>Osta Iboga kapsleid<\/h2>\n<p>Iboga viitab ps\u00fchhoaktiivsele \u00fchendile, mida saadakse ibogaiini alkaloidi sisaldavatest taimedest. Ainu\u00fcksi Gabonis on arvukalt taimi, mis seda alkaloidi sisaldavad. Peamine allikas on aga Tabernanthe iboga taim. Need taimed kasvavad d\u017eunglip\u00f5hjal L\u00e4\u00e4ne-Kesk-Aafrika kaugemates piirkondades, sealhulgas Kamerunis, Kongo Vabariigis ja ...<a href=\"https:\/\/legalerfuhrerschein.com\/\" target=\"_blank\" rel=\"noopener\">,<\/a> Angola ja muidugi Gabon, taime f\u00fc\u00fcsiline ja vaimne kodu. Osta iboga kapsleid.<\/p>\n<p>Taime juurekoor sisaldab ps\u00fchhoaktiivseid alkaloide. Juurekoore juurest maha raseerides saame v\u00e4rske, s\u00f6\u00f6givalmis, v\u00f5imsa, iidse ja tervendava... <a href=\"https:\/\/ibogainerehabilitation.com\/\" target=\"_blank\" rel=\"noopener\">iboga<\/a>P\u00e4rast juurekoore tarbimist kogevad katsealused unen\u00e4olise teadvusseisundi tekkimist. R\u00e4nnaku k\u00e4igus v\u00f5ib (v\u00f5i ei pruugi) kohata eksistentsiaalseid avastusi, kristallselgeid n\u00e4gemusi, m\u00e4lestuste meenutamist ja lugematul hulgal muid imelisi asju. N\u00e4iteks s\u00f5ltuvus, depressioon, nahahaigused, keha v\u00e4hendamine ja vaimne \u00e4rkamine.<\/p>","protected":false},"excerpt":{"rendered":"<p>Buy Iboga Capsules Iboga refers to a psychoactive compound taken from plants that contain the ibogaine alkaloid. In Gabon alone,<\/p>","protected":false},"featured_media":26151,"comment_status":"closed","ping_status":"closed","template":"","meta":[],"product_brand":[],"product_cat":[908],"product_tag":[],"class_list":{"0":"post-26138","1":"product","2":"type-product","3":"status-publish","4":"has-post-thumbnail","6":"product_cat-iboga-ibogaine","8":"first","9":"instock","10":"taxable","11":"shipping-taxable","12":"purchasable","13":"product-type-variable"},"_links":{"self":[{"href":"https:\/\/researchchemicalhub.com\/et\/wp-json\/wp\/v2\/product\/26138","targetHints":{"allow":["GET"]}}],"collection":[{"href":"https:\/\/researchchemicalhub.com\/et\/wp-json\/wp\/v2\/product"}],"about":[{"href":"https:\/\/researchchemicalhub.com\/et\/wp-json\/wp\/v2\/types\/product"}],"replies":[{"embeddable":true,"href":"https:\/\/researchchemicalhub.com\/et\/wp-json\/wp\/v2\/comments?post=26138"}],"version-history":[{"count":1,"href":"https:\/\/researchchemicalhub.com\/et\/wp-json\/wp\/v2\/product\/26138\/revisions"}],"predecessor-version":[{"id":26152,"href":"https:\/\/researchchemicalhub.com\/et\/wp-json\/wp\/v2\/product\/26138\/revisions\/26152"}],"wp:featuredmedia":[{"embeddable":true,"href":"https:\/\/researchchemicalhub.com\/et\/wp-json\/wp\/v2\/media\/26151"}],"wp:attachment":[{"href":"https:\/\/researchchemicalhub.com\/et\/wp-json\/wp\/v2\/media?parent=26138"}],"wp:term":[{"taxonomy":"product_brand","embeddable":true,"href":"https:\/\/researchchemicalhub.com\/et\/wp-json\/wp\/v2\/product_brand?post=26138"},{"taxonomy":"product_cat","embeddable":true,"href":"https:\/\/researchchemicalhub.com\/et\/wp-json\/wp\/v2\/product_cat?post=26138"},{"taxonomy":"product_tag","embeddable":true,"href":"https:\/\/researchchemicalhub.com\/et\/wp-json\/wp\/v2\/product_tag?post=26138"}],"curies":[{"name":"t\u00f6\u00f6leht","href":"https:\/\/api.w.org\/{rel}","templated":true}]}}