{"id":26126,"date":"2025-10-20T01:31:17","date_gmt":"2025-10-20T01:31:17","guid":{"rendered":"https:\/\/researchchemicalhub.com\/?post_type=product&#038;p=26126"},"modified":"2025-10-21T05:53:39","modified_gmt":"2025-10-21T05:53:39","slug":"osta-ibogat","status":"publish","type":"product","link":"https:\/\/researchchemicalhub.com\/et\/pood\/iboga-ibogaiin\/osta-ibogat\/","title":{"rendered":"Osta Iboga TA-d"},"content":{"rendered":"<h2>Osta Iboga TA-d<\/h2>\n<p>iboga, osta iboga TA-d, TA t\u00e4histab &quot;t\u00e4ielikku alkaloidi&quot;. Iboga TA on ekstrakt, mis sisaldab k\u00f5iki iboga juurekoores esinevaid alkaloide. Alkaloide saab juurekoorest suhteliselt lihtsalt happe\/aluse ekstraheerimise teel eraldada. osta ibogat veebist<\/p>\n<p>Teaduslikud uuringud n\u00e4itavad v\u00f5\u00f5rutusn\u00e4htude drastilist v\u00e4henemist p\u00e4rast iboga juurekoore v\u00f5i selle ekstraktide, mida tuntakse HCL ja TA nime all, v\u00f5tmist, sedav\u00f5rd, et need lagunevad peaaegu t\u00e4ielikult. Uuringud n\u00e4itavad, et 90% ravist on edukad ja isegi kuid p\u00e4rast ravi ei tunne patsiendid soovi tagasilangeda. Lisaks s\u00f5ltuvusest vabanemisele annab see patsientidele selgust ja arusaamist oma elust.<\/p>\n<p>Me teostame iboga pulbri saatmist ja pakendamist professionaalselt, et arhiveerida 100% edukat saatmist. Pakume oma sihtkohtadesse ekspertteenuseid ning teie k\u00f5ne ja p\u00e4ringute korral on v\u00f5imalik saada katalooge kasutusviisi, annuse ja muu olulise statistika kohta. <a href=\"https:\/\/researchchemicalhub.com\/et\/pood\/kategooriatesse\/osta-4mmc\/\">osta 4mmc<\/a><a href=\"https:\/\/researchchemicalhub.com\/et\/pood\/iboga-ibogaiin\/iboga-juure-koor\/\">iboga juure koor<\/a><a href=\"https:\/\/researchchemicalhub.com\/et\/pood\/iboga-ibogaiin\/osta-ibogaine-hcl-veebist\/\">osta ibogaine hcl veebist<\/a><a href=\"https:\/\/researchchemicalhub.com\/et\/pood\/lusergamiidid\/1-cp-lsd-2\/\">1 cp lsd<\/a><a href=\"https:\/\/researchchemicalhub.com\/et\/pood\/graanulid-graanulite-jaoks\/o-dsmt-50mg-graanulid\/\">o-dsmt<\/a><\/p>","protected":false},"excerpt":{"rendered":"<p>Buy Iboga TA iboga\u200b kopen, Buy Iboga TA, TA stands for \u201ctotal alkaloid. \u201dIboga TA is an extract containing all<\/p>","protected":false},"featured_media":26147,"comment_status":"closed","ping_status":"closed","template":"","meta":[],"product_brand":[],"product_cat":[908],"product_tag":[1091,1090],"class_list":{"0":"post-26126","1":"product","2":"type-product","3":"status-publish","4":"has-post-thumbnail","6":"product_cat-iboga-ibogaine","7":"product_tag-iboga","8":"product_tag-iboga-kopen","10":"first","11":"instock","12":"taxable","13":"shipping-taxable","14":"purchasable","15":"product-type-variable"},"_links":{"self":[{"href":"https:\/\/researchchemicalhub.com\/et\/wp-json\/wp\/v2\/product\/26126","targetHints":{"allow":["GET"]}}],"collection":[{"href":"https:\/\/researchchemicalhub.com\/et\/wp-json\/wp\/v2\/product"}],"about":[{"href":"https:\/\/researchchemicalhub.com\/et\/wp-json\/wp\/v2\/types\/product"}],"replies":[{"embeddable":true,"href":"https:\/\/researchchemicalhub.com\/et\/wp-json\/wp\/v2\/comments?post=26126"}],"version-history":[{"count":3,"href":"https:\/\/researchchemicalhub.com\/et\/wp-json\/wp\/v2\/product\/26126\/revisions"}],"predecessor-version":[{"id":27690,"href":"https:\/\/researchchemicalhub.com\/et\/wp-json\/wp\/v2\/product\/26126\/revisions\/27690"}],"wp:featuredmedia":[{"embeddable":true,"href":"https:\/\/researchchemicalhub.com\/et\/wp-json\/wp\/v2\/media\/26147"}],"wp:attachment":[{"href":"https:\/\/researchchemicalhub.com\/et\/wp-json\/wp\/v2\/media?parent=26126"}],"wp:term":[{"taxonomy":"product_brand","embeddable":true,"href":"https:\/\/researchchemicalhub.com\/et\/wp-json\/wp\/v2\/product_brand?post=26126"},{"taxonomy":"product_cat","embeddable":true,"href":"https:\/\/researchchemicalhub.com\/et\/wp-json\/wp\/v2\/product_cat?post=26126"},{"taxonomy":"product_tag","embeddable":true,"href":"https:\/\/researchchemicalhub.com\/et\/wp-json\/wp\/v2\/product_tag?post=26126"}],"curies":[{"name":"t\u00f6\u00f6leht","href":"https:\/\/api.w.org\/{rel}","templated":true}]}}