{"id":26119,"date":"2025-10-20T01:31:17","date_gmt":"2025-10-20T01:31:17","guid":{"rendered":"https:\/\/researchchemicalhub.com\/?post_type=product&#038;p=26119"},"modified":"2025-10-21T05:53:27","modified_gmt":"2025-10-21T05:53:27","slug":"iboga-juure-koor","status":"publish","type":"product","link":"https:\/\/researchchemicalhub.com\/et\/pood\/iboga-ibogaiin\/iboga-juure-koor\/","title":{"rendered":"Iboga juurekoor"},"content":{"rendered":"<h2>Osta iboga juurekoort<\/h2>\n<p>iboga juurekoor\u200b, Meie m\u00fc\u00fcgil olevat iboga juurekoort saab tarbida otse alla neelates v\u00f5i jahvatada see enne tarbimist iboga juurekoore pulbriks, mille saab kapslitesse kapseldada ja kibeda maitse v\u00e4ltimiseks alla neelata.<\/p>\n<p>Suur annus iboga juurekoort tarbitakse l\u00e4bimisriitusel ja v\u00e4iksemaid koguseid v\u00f5etakse bwiti rahva traditsiooniliselt tervendamistseremooniatel ja jahipidamisel. V\u00e4ikesed, umbes 5-grammised iboga juurekoore annused toimivad stimulandina ja afrodisiaakumina, samas kui suured, umbes 10\u201325-grammised iboga juurekoore annused v\u00f5ivad olla m\u00f5eldud vaimseks uurimiseks, ps\u00fchhoterapeutiliseks tervendamiseks, kiireks f\u00fc\u00fcsiliseks v\u00f5\u00f5rutusraviks ja s\u00f5ltuvusest taastumiseks.<\/p>\n<p>Paljulubavaid tulemusi on t\u00e4heldatud ka mitmete teiste haiguste, sealhulgas Parkinsoni t\u00f5ve ravis. Paljud iboga ravikeskused on leidnud, et t\u00e4ieliku kogemuse saamiseks tuleb v\u00f5tta liiga palju iboga juurekoort.<\/p>\n<div class=\"elementor-element elementor-element-2342a3b elementor-widget elementor-widget-jws_widget_heading\" data-id=\"2342a3b\" data-element_type=\"widget\" data-widget_type=\"jws_widget_heading.default\">\n<div class=\"elementor-widget-container\">\n<div class=\"title-wrapper center\">\n<h2 class=\"title\">Mida peaksite teadma<\/h2>\n<\/div>\n<\/div>\n<\/div>\n<div class=\"elementor-element elementor-element-dd111fd elementor-widget__width-initial elementor-widget elementor-widget-text-editor\" data-id=\"dd111fd\" data-element_type=\"widget\" data-widget_type=\"text-editor.default\">\n<div class=\"elementor-widget-container\">\n<p>Nii suure koguse taimekoore tarbimine v\u00f5ib olla \u00fcsna keeruline. Bwiti initsiatsioonitseremoonial on kogu tseremoonia jooksul tarbitud kuni 100 grammi iboga juurekoort. See on maksimaalne t\u00e4heldatud annus ja erinevatel iboga juurekoorte tarnijatel on t\u00e4psete annuste osas erinevad arusaamad. Meie m\u00fc\u00fcgil oleva iboga juurekoore t\u00fc\u00fcpiline terapeutiline annus on 5\u2013100 grammi, olenevalt inimesest ja ravi eesm\u00e4rgist, kuid suure koguse kiulise taimse aine, n\u00e4iteks meie m\u00fc\u00fcgil oleva iboga, s\u00f6\u00f6mine v\u00f5ib iga\u00fchel iiveldust tekitada. Iboga juurekoor p\u00fcsib kehas kaua, m\u00f5nikord kulub selle t\u00e4ielikuks v\u00e4ljutamiseks umbes 72 tundi kuni n\u00e4dal.<a href=\"https:\/\/researchchemicalhub.com\/et\/pood\/fenuulamiin\/2c-ef-2mg-kapslid\/\">2C-EF 2 mg kapslid<\/a><a href=\"https:\/\/researchchemicalhub.com\/et\/pood\/katinoonid\/osta-2-cmc-d\/\">2-CMC 250 mg graanulid<\/a><a href=\"https:\/\/researchchemicalhub.com\/et\/pood\/lusergamiidid\/1v-lsd-150-mcg-blotters\/\">1V-LSD 150 MCG blotterid<\/a><a href=\"https:\/\/researchchemicalhub.com\/et\/pood\/pellets\/o-dsmt-50mg-graanulid\/\">O-DSMT 50 mg graanulid<\/a><a href=\"https:\/\/researchchemicalhub.com\/et\/pood\/lusergamiidid\/1-cp-lsd-150-mcg\/\">1cP-LSD 150 MCG kunstipaberit<\/a><\/p>\n<\/div>\n<\/div>","protected":false},"excerpt":{"rendered":"<p>Buy Iboga root bark iboga root bark\u200b, Our iboga root bark for sale can be consumed directly by ingesting or<\/p>","protected":false},"featured_media":26145,"comment_status":"closed","ping_status":"closed","template":"","meta":[],"product_brand":[],"product_cat":[908],"product_tag":[914],"class_list":{"0":"post-26119","1":"product","2":"type-product","3":"status-publish","4":"has-post-thumbnail","6":"product_cat-iboga-ibogaine","7":"product_tag-iboga-root-bark","9":"first","10":"instock","11":"taxable","12":"shipping-taxable","13":"purchasable","14":"product-type-variable"},"_links":{"self":[{"href":"https:\/\/researchchemicalhub.com\/et\/wp-json\/wp\/v2\/product\/26119","targetHints":{"allow":["GET"]}}],"collection":[{"href":"https:\/\/researchchemicalhub.com\/et\/wp-json\/wp\/v2\/product"}],"about":[{"href":"https:\/\/researchchemicalhub.com\/et\/wp-json\/wp\/v2\/types\/product"}],"replies":[{"embeddable":true,"href":"https:\/\/researchchemicalhub.com\/et\/wp-json\/wp\/v2\/comments?post=26119"}],"version-history":[{"count":3,"href":"https:\/\/researchchemicalhub.com\/et\/wp-json\/wp\/v2\/product\/26119\/revisions"}],"predecessor-version":[{"id":26159,"href":"https:\/\/researchchemicalhub.com\/et\/wp-json\/wp\/v2\/product\/26119\/revisions\/26159"}],"wp:featuredmedia":[{"embeddable":true,"href":"https:\/\/researchchemicalhub.com\/et\/wp-json\/wp\/v2\/media\/26145"}],"wp:attachment":[{"href":"https:\/\/researchchemicalhub.com\/et\/wp-json\/wp\/v2\/media?parent=26119"}],"wp:term":[{"taxonomy":"product_brand","embeddable":true,"href":"https:\/\/researchchemicalhub.com\/et\/wp-json\/wp\/v2\/product_brand?post=26119"},{"taxonomy":"product_cat","embeddable":true,"href":"https:\/\/researchchemicalhub.com\/et\/wp-json\/wp\/v2\/product_cat?post=26119"},{"taxonomy":"product_tag","embeddable":true,"href":"https:\/\/researchchemicalhub.com\/et\/wp-json\/wp\/v2\/product_tag?post=26119"}],"curies":[{"name":"t\u00f6\u00f6leht","href":"https:\/\/api.w.org\/{rel}","templated":true}]}}