{"id":26112,"date":"2025-10-20T01:20:16","date_gmt":"2025-10-20T01:20:16","guid":{"rendered":"https:\/\/researchchemicalhub.com\/?post_type=product&#038;p=26112"},"modified":"2025-10-29T08:34:39","modified_gmt":"2025-10-29T08:34:39","slug":"caluanie-muelear-oksudeerub","status":"publish","type":"product","link":"https:\/\/researchchemicalhub.com\/et\/pood\/kategooriatesse\/caluanie-muelear-oksudeerub\/","title":{"rendered":"Caluanie Muelear Oxidize"},"content":{"rendered":"<p class=\"\" data-start=\"268\" data-end=\"544\"><strong data-start=\"268\" data-end=\"296\"><span dir=\"auto\" style=\"vertical-align: inherit;\"><span dir=\"auto\" style=\"vertical-align: inherit;\">Caluanie Muelear Oxidize<\/span><\/span><\/strong><span dir=\"auto\" style=\"vertical-align: inherit;\"><span dir=\"auto\" style=\"vertical-align: inherit;\"> on v\u00f5imas <\/span><\/span><strong data-start=\"314\" data-end=\"337\"><span dir=\"auto\" style=\"vertical-align: inherit;\"><span dir=\"auto\" style=\"vertical-align: inherit;\">keemiline reagent<\/span><\/span><\/strong><span dir=\"auto\" style=\"vertical-align: inherit;\"><span dir=\"auto\" style=\"vertical-align: inherit;\"> tuntud eelk\u00f5ige oma v\u00f5ime poolest <\/span><\/span><strong data-start=\"382\" data-end=\"427\"><span dir=\"auto\" style=\"vertical-align: inherit;\"><span dir=\"auto\" style=\"vertical-align: inherit;\">lagundab k\u00f5vasid metalle ja materjale<\/span><\/span><\/strong><span dir=\"auto\" style=\"vertical-align: inherit;\"><span dir=\"auto\" style=\"vertical-align: inherit;\"> Seda kasutatakse laialdaselt <\/span><\/span><strong data-start=\"459\" data-end=\"541\"><span dir=\"auto\" style=\"vertical-align: inherit;\"><span dir=\"auto\" style=\"vertical-align: inherit;\">t\u00f6\u00f6stuslikud, metallurgia-, laboriuuringute ja kaevandusrakendused<\/span><\/span><\/strong><span dir=\"auto\" style=\"vertical-align: inherit;\"><span dir=\"auto\" style=\"vertical-align: inherit;\"> . caluanie muelear oxide, caluanie muelear oxide hind USA-s, caluanie muelear oxide USA-s, caluanie muelear oxide hind, caluanie muelear oxide tootja USA-s, caluanie muelear oxide m\u00fc\u00fcgil<\/span><\/span><\/p>\n<p class=\"\" data-start=\"546\" data-end=\"822\"><span dir=\"auto\" style=\"vertical-align: inherit;\"><span dir=\"auto\" style=\"vertical-align: inherit;\">See k\u00f5rge viskoossusega merevaigukollane vedelik on tuntud oma s\u00fcgava ... <\/span><\/span><strong data-start=\"644\" data-end=\"672\"><span dir=\"auto\" style=\"vertical-align: inherit;\"><span dir=\"auto\" style=\"vertical-align: inherit;\">oks\u00fcdatiivsed omadused<\/span><\/span><\/strong><span dir=\"auto\" style=\"vertical-align: inherit;\"><span dir=\"auto\" style=\"vertical-align: inherit;\"> Selle ainulaadne keemiline koostis v\u00f5ib r\u00fcnnata k\u00f5vade materjalide molekulaarseid sidemeid, muutes need pehmemaks v\u00f5i hapramaks. <\/span><\/span><a href=\"https:\/\/researchchemicalhub.com\/et\/pood\/top-10-research-chemicals\/3-cmc-hcl\/\"><span dir=\"auto\" style=\"vertical-align: inherit;\"><span dir=\"auto\" style=\"vertical-align: inherit;\">3-CMC HCl kotike 1g<\/span><\/span><\/a><\/p>\n<hr class=\"\" data-start=\"824\" data-end=\"827\" \/>\n<h2 class=\"\" data-start=\"829\" data-end=\"862\">\u2699\ufe0f<span dir=\"auto\" style=\"vertical-align: inherit;\"><span dir=\"auto\" style=\"vertical-align: inherit;\">Peamised omadused<\/span><\/span><\/h2>\n<ul data-start=\"864\" data-end=\"1189\">\n<li class=\"\" data-start=\"864\" data-end=\"918\">\n<p class=\"\" data-start=\"866\" data-end=\"918\"><strong data-start=\"866\" data-end=\"885\"><span dir=\"auto\" style=\"vertical-align: inherit;\"><span dir=\"auto\" style=\"vertical-align: inherit;\">Keemiline vorm:<\/span><\/span><\/strong><span dir=\"auto\" style=\"vertical-align: inherit;\"><span dir=\"auto\" style=\"vertical-align: inherit;\"> Paks, merevaigukollane vedelik<\/span><\/span><\/p>\n<\/li>\n<li class=\"\" data-start=\"919\" data-end=\"1018\">\n<p class=\"\" data-start=\"921\" data-end=\"1018\"><strong data-start=\"921\" data-end=\"943\"><span dir=\"auto\" style=\"vertical-align: inherit;\"><span dir=\"auto\" style=\"vertical-align: inherit;\">Peamised rakendused:<\/span><\/span><\/strong><span dir=\"auto\" style=\"vertical-align: inherit;\"><span dir=\"auto\" style=\"vertical-align: inherit;\"> Metallit\u00f6\u00f6tlus, materjalide lammutamine, kaevandamine, teadusuuringud<\/span><\/span><\/p>\n<\/li>\n<li class=\"\" data-start=\"1019\" data-end=\"1071\">\n<p class=\"\" data-start=\"1021\" data-end=\"1071\"><strong data-start=\"1021\" data-end=\"1038\"><span dir=\"auto\" style=\"vertical-align: inherit;\"><span dir=\"auto\" style=\"vertical-align: inherit;\">Reaktsiooniv\u00f5ime:<\/span><\/span><\/strong><span dir=\"auto\" style=\"vertical-align: inherit;\"><span dir=\"auto\" style=\"vertical-align: inherit;\"> V\u00e4ga v\u00f5imas oks\u00fcdeeriv aine<\/span><\/span><\/p>\n<\/li>\n<li class=\"\" data-start=\"1072\" data-end=\"1129\">\n<p class=\"\" data-start=\"1074\" data-end=\"1129\"><strong data-start=\"1074\" data-end=\"1085\"><span dir=\"auto\" style=\"vertical-align: inherit;\"><span dir=\"auto\" style=\"vertical-align: inherit;\">Oht:<\/span><\/span><\/strong><span dir=\"auto\" style=\"vertical-align: inherit;\"><span dir=\"auto\" style=\"vertical-align: inherit;\"> S\u00f6\u00f6vitav ja kahjulik, kui seda kasutatakse valesti.<\/span><\/span><\/p>\n<\/li>\n<li class=\"\" data-start=\"1130\" data-end=\"1189\">\n<p class=\"\" data-start=\"1132\" data-end=\"1189\"><strong data-start=\"1132\" data-end=\"1147\"><span dir=\"auto\" style=\"vertical-align: inherit;\"><span dir=\"auto\" style=\"vertical-align: inherit;\">Pakend:<\/span><\/span><\/strong><span dir=\"auto\" style=\"vertical-align: inherit;\"><span dir=\"auto\" style=\"vertical-align: inherit;\"> \u00d5hukindel ja lekkekindel, transpordiks ohutu, <\/span><\/span><a href=\"https:\/\/researchchemicalhub.com\/et\/pood\/kaalud\/digitaalne-biominikaal\/\"><span dir=\"auto\" style=\"vertical-align: inherit;\"><span dir=\"auto\" style=\"vertical-align: inherit;\">Digitaalne biominikaal \u2013 20g x 0.001g<\/span><\/span><\/a><\/p>\n<\/li>\n<\/ul>\n<hr class=\"\" data-start=\"1191\" data-end=\"1194\" \/>\n<h2 class=\"\" data-start=\"1196\" data-end=\"1243\">\ud83d\udcbc<span dir=\"auto\" style=\"vertical-align: inherit;\"><span dir=\"auto\" style=\"vertical-align: inherit;\">Caluanie Muelear Oxidize&#039;i rakendused<\/span><\/span><\/h2>\n<h3 class=\"\" data-start=\"1245\" data-end=\"1287\"><span dir=\"auto\" style=\"vertical-align: inherit;\"><span dir=\"auto\" style=\"vertical-align: inherit;\">1. <\/span><\/span><strong data-start=\"1252\" data-end=\"1285\"><span dir=\"auto\" style=\"vertical-align: inherit;\"><span dir=\"auto\" style=\"vertical-align: inherit;\">Metallide t\u00f6\u00f6tlemine ja ringlussev\u00f5tt<\/span><\/span><\/strong><\/h3>\n<p class=\"\" data-start=\"1288\" data-end=\"1468\"><strong data-start=\"1349\" data-end=\"1386\"><span dir=\"auto\" style=\"vertical-align: inherit;\"><span dir=\"auto\" style=\"vertical-align: inherit;\">Kaltsiumkarbonaati kasutatakse pehmendamiseks v\u00f5i n\u00f5rgestamiseks<\/span><\/span><\/strong><span dir=\"auto\" style=\"vertical-align: inherit;\"><span dir=\"auto\" style=\"vertical-align: inherit;\"> k\u00f5vad metallid nagu raud ja teras <\/span><span dir=\"auto\" style=\"vertical-align: inherit;\">, muutes t\u00f6\u00f6tlemise oluliselt lihtsamaks ilma raskete seadmeteta. <\/span><\/span><a href=\"https:\/\/researchchemicalhub.com\/et\/pood\/top-10-research-chemicals\/purazolami-toime\/\"><span dir=\"auto\" style=\"vertical-align: inherit;\"><span dir=\"auto\" style=\"vertical-align: inherit;\">P\u00fcrasolaam 2,5 mg graanulid<\/span><\/span><\/a><\/p>\n<h3 class=\"\" data-start=\"1470\" data-end=\"1514\"><span dir=\"auto\" style=\"vertical-align: inherit;\"><span dir=\"auto\" style=\"vertical-align: inherit;\">2. <\/span><\/span><strong data-start=\"1477\" data-end=\"1512\"><span dir=\"auto\" style=\"vertical-align: inherit;\"><span dir=\"auto\" style=\"vertical-align: inherit;\">Kaevandamine ja v\u00e4\u00e4rismetallide kaevandamine<\/span><\/span><\/strong><\/h3>\n<p class=\"\" data-start=\"1515\" data-end=\"1665\"><span dir=\"auto\" style=\"vertical-align: inherit;\"><span dir=\"auto\" style=\"vertical-align: inherit;\">V\u00e4ikestes kaevandustes on Caluanie harjunud <\/span><\/span><strong data-start=\"1570\" data-end=\"1593\"><span dir=\"auto\" style=\"vertical-align: inherit;\"><span dir=\"auto\" style=\"vertical-align: inherit;\">maagid lagundama<\/span><\/span><\/strong><span dir=\"auto\" style=\"vertical-align: inherit;\"><span dir=\"auto\" style=\"vertical-align: inherit;\"> ja eraldada v\u00e4\u00e4rtuslikke metalle, n\u00e4iteks kulda v\u00f5i plaatina, t\u00f5husamalt.<\/span><\/span><\/p>\n<h3 class=\"\" data-start=\"1667\" data-end=\"1701\"><span dir=\"auto\" style=\"vertical-align: inherit;\"><span dir=\"auto\" style=\"vertical-align: inherit;\">3. <\/span><\/span><strong data-start=\"1674\" data-end=\"1699\"><span dir=\"auto\" style=\"vertical-align: inherit;\"><span dir=\"auto\" style=\"vertical-align: inherit;\">Laboratoorsed uuringud<\/span><\/span><\/strong><\/h3>\n<p class=\"\" data-start=\"1702\" data-end=\"1834\"><span dir=\"auto\" style=\"vertical-align: inherit;\"><span dir=\"auto\" style=\"vertical-align: inherit;\">Teadusasutustes rakendatakse seda <\/span><\/span><strong data-start=\"1752\" data-end=\"1779\"><span dir=\"auto\" style=\"vertical-align: inherit;\"><span dir=\"auto\" style=\"vertical-align: inherit;\">materjali lagunemise katsed<\/span><\/span><\/strong><span dir=\"auto\" style=\"vertical-align: inherit;\"><span dir=\"auto\" style=\"vertical-align: inherit;\"> ja <\/span><\/span><strong data-start=\"1783\" data-end=\"1802\"><span dir=\"auto\" style=\"vertical-align: inherit;\"><span dir=\"auto\" style=\"vertical-align: inherit;\">oks\u00fcdatsiooniuuringud<\/span><\/span><\/strong><span dir=\"auto\" style=\"vertical-align: inherit;\"><span dir=\"auto\" style=\"vertical-align: inherit;\"> keemias ja materjaliteaduses.<\/span><\/span><\/p>\n<h3 class=\"\" data-start=\"1836\" data-end=\"1872\"><span dir=\"auto\" style=\"vertical-align: inherit;\"><span dir=\"auto\" style=\"vertical-align: inherit;\">4. <\/span><\/span><strong data-start=\"1843\" data-end=\"1870\"><span dir=\"auto\" style=\"vertical-align: inherit;\"><span dir=\"auto\" style=\"vertical-align: inherit;\">V\u00e4rvi ja vaigu t\u00f6\u00f6tlemine<\/span><\/span><\/strong><\/h3>\n<p class=\"\" data-start=\"1873\" data-end=\"2033\"><span dir=\"auto\" style=\"vertical-align: inherit;\"><span dir=\"auto\" style=\"vertical-align: inherit;\">Madalamates kontsentratsioonides saab Caluanie&#039;t kasutada <\/span><\/span><strong data-start=\"1935\" data-end=\"1975\"><span dir=\"auto\" style=\"vertical-align: inherit;\"><span dir=\"auto\" style=\"vertical-align: inherit;\">eemaldage t\u00f6\u00f6stuslikud katted<\/span><\/span><\/strong><span dir=\"auto\" style=\"vertical-align: inherit;\"><span dir=\"auto\" style=\"vertical-align: inherit;\"> , vaigukihid v\u00f5i pol\u00fcmeerid spetsiaalsetes rakendustes.<\/span><\/span><\/p>\n<hr class=\"\" data-start=\"2035\" data-end=\"2038\" \/>\n<h2 class=\"\" data-start=\"2040\" data-end=\"2068\">\u26a0\ufe0f<span dir=\"auto\" style=\"vertical-align: inherit;\"><span dir=\"auto\" style=\"vertical-align: inherit;\">Ohutusmeetmed<\/span><\/span><\/h2>\n<p class=\"\" data-start=\"2070\" data-end=\"2185\"><span dir=\"auto\" style=\"vertical-align: inherit;\"><span dir=\"auto\" style=\"vertical-align: inherit;\">Caluanie Muelear Oxidize on <\/span><\/span><strong data-start=\"2102\" data-end=\"2132\"><span dir=\"auto\" style=\"vertical-align: inherit;\"><span dir=\"auto\" style=\"vertical-align: inherit;\">s\u00f6\u00f6vitav ja reaktiivne aine<\/span><\/span><\/strong><span dir=\"auto\" style=\"vertical-align: inherit;\"><span dir=\"auto\" style=\"vertical-align: inherit;\"> Selle kasutamine n\u00f5uab rangeid ohutusprotokolle:<\/span><\/span><\/p>\n<ul data-start=\"2187\" data-end=\"2535\">\n<li class=\"\" data-start=\"2187\" data-end=\"2261\">\n<p class=\"\" data-start=\"2189\" data-end=\"2261\"><span dir=\"auto\" style=\"vertical-align: inherit;\"><span dir=\"auto\" style=\"vertical-align: inherit;\">Kandke alati <\/span><\/span><strong data-start=\"2202\" data-end=\"2259\"><span dir=\"auto\" style=\"vertical-align: inherit;\"><span dir=\"auto\" style=\"vertical-align: inherit;\">kindad, kaitseprillid ja kaitseriietus<\/span><\/span><\/strong><\/p>\n<\/li>\n<li class=\"\" data-start=\"2262\" data-end=\"2334\">\n<p class=\"\" data-start=\"2264\" data-end=\"2334\"><span dir=\"auto\" style=\"vertical-align: inherit;\"><span dir=\"auto\" style=\"vertical-align: inherit;\">Kasutada ainult h\u00e4sti ventileeritavates kohtades v\u00f5i t\u00f5mbekapi all.<\/span><\/span><\/p>\n<\/li>\n<li class=\"\" data-start=\"2335\" data-end=\"2397\">\n<p class=\"\" data-start=\"2337\" data-end=\"2397\"><span dir=\"auto\" style=\"vertical-align: inherit;\"><span dir=\"auto\" style=\"vertical-align: inherit;\">Mitte segada teiste kemikaalidega, kui seda pole spetsiaalselt testitud.<\/span><\/span><\/p>\n<\/li>\n<li class=\"\" data-start=\"2398\" data-end=\"2454\">\n<p class=\"\" data-start=\"2400\" data-end=\"2454\"><span dir=\"auto\" style=\"vertical-align: inherit;\"><span dir=\"auto\" style=\"vertical-align: inherit;\">Hoida lastele ja volitamata isikutele k\u00e4ttesaamatus kohas.<\/span><\/span><\/p>\n<\/li>\n<li class=\"\" data-start=\"2455\" data-end=\"2535\">\n<p class=\"\" data-start=\"2457\" data-end=\"2535\"><span dir=\"auto\" style=\"vertical-align: inherit;\"><span dir=\"auto\" style=\"vertical-align: inherit;\">Hoida jahedas, kuivas ja ohutus kohas keemiliselt vastupidavas pakendis <\/span><\/span><a href=\"https:\/\/researchchemicalhub.com\/et\/pood\/kaalud\/digitaalne-paagi-minikaal\/\"><span dir=\"auto\" style=\"vertical-align: inherit;\"><span dir=\"auto\" style=\"vertical-align: inherit;\">Digitaalne paagi minikaal \u2013 20g x 0.001g<\/span><\/span><\/a><\/p>\n<\/li>\n<\/ul>\n<hr class=\"\" data-start=\"2537\" data-end=\"2540\" \/>\n<h2 class=\"\" data-start=\"2542\" data-end=\"2601\">\u2705<span dir=\"auto\" style=\"vertical-align: inherit;\"><span dir=\"auto\" style=\"vertical-align: inherit;\">Miks osta Caluanie usaldusv\u00e4\u00e4rselt tarnijalt?<\/span><\/span><\/h2>\n<p class=\"\" data-start=\"2603\" data-end=\"2729\"><span dir=\"auto\" style=\"vertical-align: inherit;\"><span dir=\"auto\" style=\"vertical-align: inherit;\">Kui otsite <\/span><\/span><strong data-start=\"2628\" data-end=\"2671\"><span dir=\"auto\" style=\"vertical-align: inherit;\"><span dir=\"auto\" style=\"vertical-align: inherit;\">puhas, t\u00f6\u00f6stusliku kvaliteediga Caluanie<\/span><\/span><\/strong><span dir=\"auto\" style=\"vertical-align: inherit;\"><span dir=\"auto\" style=\"vertical-align: inherit;\"> on \u00fclioluline osta tarnijalt, kes:<\/span><\/span><\/p>\n<ul data-start=\"2731\" data-end=\"2973\">\n<li class=\"\" data-start=\"2731\" data-end=\"2793\">\n<p class=\"\" data-start=\"2733\" data-end=\"2793\"><span dir=\"auto\" style=\"vertical-align: inherit;\"><span dir=\"auto\" style=\"vertical-align: inherit;\">Pakkumised <\/span><strong data-start=\"2733\" data-end=\"2755\"><span dir=\"auto\" style=\"vertical-align: inherit;\">laborikatsed ja puhtussertifikaadid<\/span><\/strong><\/span><\/p>\n<\/li>\n<li class=\"\" data-start=\"2794\" data-end=\"2843\">\n<p class=\"\" data-start=\"2796\" data-end=\"2843\"><strong data-start=\"2796\" data-end=\"2830\"><span dir=\"auto\" style=\"vertical-align: inherit;\"><span dir=\"auto\" style=\"vertical-align: inherit;\">Ohutu ja diskreetne pakend<\/span><\/span><\/strong><span dir=\"auto\" style=\"vertical-align: inherit;\"><span dir=\"auto\" style=\"vertical-align: inherit;\"> garantiid<\/span><\/span><\/p>\n<\/li>\n<li class=\"\" data-start=\"2844\" data-end=\"2908\">\n<p class=\"\" data-start=\"2846\" data-end=\"2908\"><span dir=\"auto\" style=\"vertical-align: inherit;\"><span dir=\"auto\" style=\"vertical-align: inherit;\">V\u00f5imaldab <\/span><strong data-start=\"2846\" data-end=\"2877\"><span dir=\"auto\" style=\"vertical-align: inherit;\">kiire ja kindel transport Euroopas<\/span><\/strong><\/span><\/p>\n<\/li>\n<li class=\"\" data-start=\"2909\" data-end=\"2973\">\n<p class=\"\" data-start=\"2911\" data-end=\"2973\"><strong data-start=\"2911\" data-end=\"2939\"><span dir=\"auto\" style=\"vertical-align: inherit;\"><span dir=\"auto\" style=\"vertical-align: inherit;\">Pakub tehnilist tuge<\/span><\/span><\/strong><span dir=\"auto\" style=\"vertical-align: inherit;\"><span dir=\"auto\" style=\"vertical-align: inherit;\"> kasutamiseks ja rakenduste jaoks<\/span><\/span><\/p>\n<\/li>\n<\/ul>\n<hr class=\"\" data-start=\"2975\" data-end=\"2978\" \/>\n<h2 class=\"\" data-start=\"2980\" data-end=\"2995\">\ud83d\udd1a<span dir=\"auto\" style=\"vertical-align: inherit;\"><span dir=\"auto\" style=\"vertical-align: inherit;\">Kokkuv\u00f5te<\/span><\/span><\/h2>\n<p class=\"\" data-start=\"2997\" data-end=\"3265\"><strong data-start=\"2997\" data-end=\"3025\"><span dir=\"auto\" style=\"vertical-align: inherit;\"><span dir=\"auto\" style=\"vertical-align: inherit;\">Caluanie Muelear Oxidize<\/span><\/span><\/strong><span dir=\"auto\" style=\"vertical-align: inherit;\"><span dir=\"auto\" style=\"vertical-align: inherit;\"> on ainulaadne ja v\u00f5imas vedelik, millel on lai valik t\u00f6\u00f6stuslikke ja teaduslikke rakendusi. \u00d5ige ja vastutustundliku kasutamise korral v\u00f5ib see oluliselt suurendada materjalide k\u00e4itlemise ja metallit\u00f6\u00f6tlemise efektiivsust.<\/span><\/span><\/p>\n<p class=\"\" data-start=\"3267\" data-end=\"3398\"><span dir=\"auto\" style=\"vertical-align: inherit;\"><span dir=\"auto\" style=\"vertical-align: inherit;\">Spetsialistidele <\/span><\/span><strong data-start=\"3289\" data-end=\"3322\"><span dir=\"auto\" style=\"vertical-align: inherit;\"><span dir=\"auto\" style=\"vertical-align: inherit;\">keemia, kaevandamine v\u00f5i ringlussev\u00f5tt,<\/span><\/span><\/strong><span dir=\"auto\" style=\"vertical-align: inherit;\"><span dir=\"auto\" style=\"vertical-align: inherit;\"> Caluanie on v\u00e4\u00e4rtuslik t\u00f6\u00f6riist uurimis- v\u00f5i tootmisprotsessides. <\/span><\/span><a href=\"https:\/\/researchchemicalhub.com\/et\/pood\/kaalud\/digitaalne-cs-kaal\/\"><span dir=\"auto\" style=\"vertical-align: inherit;\"><span dir=\"auto\" style=\"vertical-align: inherit;\">Digitaalne CS-kaal \u2013 100 g x 0,01 g<\/span><\/span><\/a><\/p>","protected":false},"excerpt":{"rendered":"<p>Caluanie Muelear Oxidize is a powerful chemical reagent known primarily for its ability to break down tough metals and materials<\/p>","protected":false},"featured_media":28489,"comment_status":"open","ping_status":"closed","template":"","meta":[],"product_brand":[],"product_cat":[1085],"product_tag":[905,897,904,902,903,901,906,900,907,898,899],"class_list":{"0":"post-26112","1":"product","2":"type-product","3":"status-publish","4":"has-post-thumbnail","6":"product_cat-okategoriserad","7":"product_tag-buy-caluanie-muelear-oxidize-online","8":"product_tag-caluanie-muelear-oxidize","9":"product_tag-caluanie-muelear-oxidize-deutschland","10":"product_tag-caluanie-muelear-oxidize-for-sale","11":"product_tag-caluanie-muelear-oxidize-kaufen","12":"product_tag-caluanie-muelear-oxidize-manufacturer-in-usa","13":"product_tag-caluanie-muelear-oxidize-pasteurize","14":"product_tag-caluanie-muelear-oxidize-price","15":"product_tag-caluanie-muelear-oxidize-price-in-india","16":"product_tag-caluanie-muelear-oxidize-price-in-usa","17":"product_tag-caluanie-muelear-oxidize-usa","19":"first","20":"instock","21":"taxable","22":"shipping-taxable","23":"purchasable","24":"product-type-simple"},"_links":{"self":[{"href":"https:\/\/researchchemicalhub.com\/et\/wp-json\/wp\/v2\/product\/26112","targetHints":{"allow":["GET"]}}],"collection":[{"href":"https:\/\/researchchemicalhub.com\/et\/wp-json\/wp\/v2\/product"}],"about":[{"href":"https:\/\/researchchemicalhub.com\/et\/wp-json\/wp\/v2\/types\/product"}],"replies":[{"embeddable":true,"href":"https:\/\/researchchemicalhub.com\/et\/wp-json\/wp\/v2\/comments?post=26112"}],"version-history":[{"count":3,"href":"https:\/\/researchchemicalhub.com\/et\/wp-json\/wp\/v2\/product\/26112\/revisions"}],"predecessor-version":[{"id":28680,"href":"https:\/\/researchchemicalhub.com\/et\/wp-json\/wp\/v2\/product\/26112\/revisions\/28680"}],"wp:featuredmedia":[{"embeddable":true,"href":"https:\/\/researchchemicalhub.com\/et\/wp-json\/wp\/v2\/media\/28489"}],"wp:attachment":[{"href":"https:\/\/researchchemicalhub.com\/et\/wp-json\/wp\/v2\/media?parent=26112"}],"wp:term":[{"taxonomy":"product_brand","embeddable":true,"href":"https:\/\/researchchemicalhub.com\/et\/wp-json\/wp\/v2\/product_brand?post=26112"},{"taxonomy":"product_cat","embeddable":true,"href":"https:\/\/researchchemicalhub.com\/et\/wp-json\/wp\/v2\/product_cat?post=26112"},{"taxonomy":"product_tag","embeddable":true,"href":"https:\/\/researchchemicalhub.com\/et\/wp-json\/wp\/v2\/product_tag?post=26112"}],"curies":[{"name":"t\u00f6\u00f6leht","href":"https:\/\/api.w.org\/{rel}","templated":true}]}}