{"id":24939,"date":"2025-10-20T17:43:52","date_gmt":"2025-10-20T17:43:52","guid":{"rendered":"https:\/\/researchchemicalhub.com\/?post_type=product&#038;p=24939"},"modified":"2025-10-28T22:40:20","modified_gmt":"2025-10-28T22:40:20","slug":"2c-ef-2mg-kapslid","status":"publish","type":"product","link":"https:\/\/researchchemicalhub.com\/et\/pood\/2c-ef\/2c-ef-2mg-kapslid\/","title":{"rendered":"2C-EF 2 mg kapslid"},"content":{"rendered":"<h3 data-start=\"4023\" data-end=\"4042\"><strong data-start=\"4027\" data-end=\"4042\"><span dir=\"auto\" style=\"vertical-align: inherit;\"><span dir=\"auto\" style=\"vertical-align: inherit;\">Sissejuhatus<\/span><\/span><\/strong><\/h3>\n<p data-start=\"4043\" data-end=\"4373\"><span dir=\"auto\" style=\"vertical-align: inherit;\"><span dir=\"auto\" style=\"vertical-align: inherit;\">Meie <\/span><\/span><strong data-start=\"4048\" data-end=\"4075\"><span dir=\"auto\" style=\"vertical-align: inherit;\"><span dir=\"auto\" style=\"vertical-align: inherit;\">2 mg uurimiskapslid<\/span><\/span><\/strong><span dir=\"auto\" style=\"vertical-align: inherit;\"><span dir=\"auto\" style=\"vertical-align: inherit;\"> on loodud \u00fclima t\u00e4psuse ja puhtusega kasutamiseks <\/span><\/span><strong data-start=\"4144\" data-end=\"4206\"><span dir=\"auto\" style=\"vertical-align: inherit;\"><span dir=\"auto\" style=\"vertical-align: inherit;\">teaduslikud, anal\u00fc\u00fctilised ja laboratoorsed rakendused<\/span><\/span><\/strong><span dir=\"auto\" style=\"vertical-align: inherit;\"><span dir=\"auto\" style=\"vertical-align: inherit;\"> . <\/span><\/span><br data-start=\"4207\" data-end=\"4210\" \/><span dir=\"auto\" style=\"vertical-align: inherit;\"><span dir=\"auto\" style=\"vertical-align: inherit;\">Iga kapsel sisaldab <\/span><\/span><strong data-start=\"4233\" data-end=\"4258\"><span dir=\"auto\" style=\"vertical-align: inherit;\"><span dir=\"auto\" style=\"vertical-align: inherit;\">t\u00e4pne 2 mg annus<\/span><\/span><\/strong><span dir=\"auto\" style=\"vertical-align: inherit;\"><span dir=\"auto\" style=\"vertical-align: inherit;\"> kontrollitud, kvaliteetsest \u00fchendist, mis sobib ideaalselt <\/span><\/span><strong data-start=\"4321\" data-end=\"4370\"><span dir=\"auto\" style=\"vertical-align: inherit;\"><span dir=\"auto\" style=\"vertical-align: inherit;\">kohtuekspertiisi, anal\u00fc\u00fctiline v\u00f5i haridusalane uurimist\u00f6\u00f6<\/span><\/span><\/strong><span dir=\"auto\" style=\"vertical-align: inherit;\"><span dir=\"auto\" style=\"vertical-align: inherit;\"> .<\/span><\/span><\/p>\n<blockquote data-start=\"4374\" data-end=\"4473\">\n<p data-start=\"4376\" data-end=\"4473\">\u26a0\ufe0f <strong data-start=\"4379\" data-end=\"4473\"><span dir=\"auto\" style=\"vertical-align: inherit;\"><span dir=\"auto\" style=\"vertical-align: inherit;\">Ainult teaduslikuks kasutamiseks. Ei sobi inimestele ega loomadele tarbimiseks.<\/span><\/span><\/strong><\/p>\n<\/blockquote>\n<hr data-start=\"4475\" data-end=\"4478\" \/>\n<h3 data-start=\"4480\" data-end=\"4511\"><strong data-start=\"4484\" data-end=\"4511\"><span dir=\"auto\" style=\"vertical-align: inherit;\"><span dir=\"auto\" style=\"vertical-align: inherit;\">Peamised omadused<\/span><\/span><\/strong><\/h3>\n<ul data-start=\"4512\" data-end=\"5049\">\n<li data-start=\"4512\" data-end=\"4594\">\n<p data-start=\"4514\" data-end=\"4594\"><strong data-start=\"4514\" data-end=\"4540\"><span dir=\"auto\" style=\"vertical-align: inherit;\"><span dir=\"auto\" style=\"vertical-align: inherit;\">K\u00f5rge puhtusaste (\u226599%)<\/span><\/span><\/strong><span dir=\"auto\" style=\"vertical-align: inherit;\"><span dir=\"auto\" style=\"vertical-align: inherit;\"> \u2013 Maksimaalse t\u00f6\u00f6kindluse tagamiseks laboris testitud.<\/span><\/span><\/p>\n<\/li>\n<li data-start=\"4595\" data-end=\"4680\">\n<p data-start=\"4597\" data-end=\"4680\"><strong data-start=\"4597\" data-end=\"4637\"><span dir=\"auto\" style=\"vertical-align: inherit;\"><span dir=\"auto\" style=\"vertical-align: inherit;\">T\u00e4pne annus ehk 2 mg kapsli kohta<\/span><\/span><\/strong><span dir=\"auto\" style=\"vertical-align: inherit;\"><span dir=\"auto\" style=\"vertical-align: inherit;\"> \u2013 J\u00e4rjepidevate uurimistulemuste saavutamiseks.<\/span><\/span><\/p>\n<\/li>\n<li data-start=\"4681\" data-end=\"4766\">\n<p data-start=\"4683\" data-end=\"4766\"><strong data-start=\"4683\" data-end=\"4712\"><span dir=\"auto\" style=\"vertical-align: inherit;\"><span dir=\"auto\" style=\"vertical-align: inherit;\">Farmaatsiapakendid<\/span><\/span><\/strong><span dir=\"auto\" style=\"vertical-align: inherit;\"><span dir=\"auto\" style=\"vertical-align: inherit;\"> \u2013 Toodetud kontrollitud tingimustes.<\/span><\/span><\/p>\n<\/li>\n<li data-start=\"4767\" data-end=\"4859\">\n<p data-start=\"4769\" data-end=\"4859\"><strong data-start=\"4769\" data-end=\"4792\"><span dir=\"auto\" style=\"vertical-align: inherit;\"><span dir=\"auto\" style=\"vertical-align: inherit;\">Stabiilne ja vastupidav<\/span><\/span><\/strong><span dir=\"auto\" style=\"vertical-align: inherit;\"><span dir=\"auto\" style=\"vertical-align: inherit;\"> \u2013 Loodud s\u00e4ilitama oma terviklikkuse n\u00f5uetekohase ladustamise korral.<\/span><\/span><\/p>\n<\/li>\n<li data-start=\"4860\" data-end=\"4947\">\n<p data-start=\"4862\" data-end=\"4947\"><strong data-start=\"4862\" data-end=\"4884\"><span dir=\"auto\" style=\"vertical-align: inherit;\"><span dir=\"auto\" style=\"vertical-align: inherit;\">Ohutu pakend<\/span><\/span><\/strong><span dir=\"auto\" style=\"vertical-align: inherit;\"><span dir=\"auto\" style=\"vertical-align: inherit;\"> \u2013 Niiskuskindel ja \u00f5hukindel pikaajaliseks s\u00e4ilivuseks.<\/span><\/span><\/p>\n<\/li>\n<li data-start=\"4948\" data-end=\"5049\">\n<p data-start=\"4950\" data-end=\"5049\"><strong data-start=\"4950\" data-end=\"4975\"><span dir=\"auto\" style=\"vertical-align: inherit;\"><span dir=\"auto\" style=\"vertical-align: inherit;\">Ainult teaduslikuks kasutamiseks<\/span><\/span><\/strong><span dir=\"auto\" style=\"vertical-align: inherit;\"><span dir=\"auto\" style=\"vertical-align: inherit;\"> \u2013 M\u00f5eldud ainult teaduslikuks v\u00f5i anal\u00fc\u00fctiliseks kasutamiseks.<\/span><\/span><\/p>\n<\/li>\n<\/ul>\n<hr data-start=\"5051\" data-end=\"5054\" \/>\n<h3 data-start=\"5056\" data-end=\"5073\"><strong data-start=\"5060\" data-end=\"5073\"><span dir=\"auto\" style=\"vertical-align: inherit;\"><span dir=\"auto\" style=\"vertical-align: inherit;\">Eelised<\/span><\/span><\/strong><\/h3>\n<ul data-start=\"5074\" data-end=\"5511\">\n<li data-start=\"5074\" data-end=\"5168\">\n<p data-start=\"5076\" data-end=\"5168\"><strong data-start=\"5076\" data-end=\"5114\"><span dir=\"auto\" style=\"vertical-align: inherit;\"><span dir=\"auto\" style=\"vertical-align: inherit;\">Usaldusv\u00e4\u00e4rne anal\u00fc\u00fctiline j\u00f5udlus<\/span><\/span><\/strong><span dir=\"auto\" style=\"vertical-align: inherit;\"><span dir=\"auto\" style=\"vertical-align: inherit;\"> \u2013 Ideaalne t\u00e4ppiskatseteks ja keemiliseks uurimist\u00f6\u00f6ks.<\/span><\/span><\/p>\n<\/li>\n<li data-start=\"5169\" data-end=\"5259\">\n<p data-start=\"5171\" data-end=\"5259\"><strong data-start=\"5171\" data-end=\"5200\"><span dir=\"auto\" style=\"vertical-align: inherit;\"><span dir=\"auto\" style=\"vertical-align: inherit;\">J\u00e4rjepidev koostis<\/span><\/span><\/strong><span dir=\"auto\" style=\"vertical-align: inherit;\"><span dir=\"auto\" style=\"vertical-align: inherit;\"> \u2013 Tagab katsetes reprodutseeritavad tulemused.<\/span><\/span><\/p>\n<\/li>\n<li data-start=\"5260\" data-end=\"5353\">\n<p data-start=\"5262\" data-end=\"5353\"><strong data-start=\"5262\" data-end=\"5307\"><span dir=\"auto\" style=\"vertical-align: inherit;\"><span dir=\"auto\" style=\"vertical-align: inherit;\">Teaduslikult t\u00f5estatud puhtus<\/span><\/span><\/strong><span dir=\"auto\" style=\"vertical-align: inherit;\"><span dir=\"auto\" style=\"vertical-align: inherit;\"> \u2013 Vastab laborikvaliteedi standarditele.<\/span><\/span><\/p>\n<\/li>\n<li data-start=\"5354\" data-end=\"5427\">\n<p data-start=\"5356\" data-end=\"5427\"><strong data-start=\"5356\" data-end=\"5382\"><span dir=\"auto\" style=\"vertical-align: inherit;\"><span dir=\"auto\" style=\"vertical-align: inherit;\">Lihtne kasutada<\/span><\/span><\/strong><span dir=\"auto\" style=\"vertical-align: inherit;\"><span dir=\"auto\" style=\"vertical-align: inherit;\"> \u2013 Mugav kapslikujuline vorm hoiab \u00e4ra saastumise.<\/span><\/span><\/p>\n<\/li>\n<li data-start=\"5428\" data-end=\"5511\">\n<p data-start=\"5430\" data-end=\"5511\"><strong data-start=\"5430\" data-end=\"5465\"><span dir=\"auto\" style=\"vertical-align: inherit;\"><span dir=\"auto\" style=\"vertical-align: inherit;\">N\u00f5uetele vastav ja eetiliselt toodetud<\/span><\/span><\/strong><span dir=\"auto\" style=\"vertical-align: inherit;\"><span dir=\"auto\" style=\"vertical-align: inherit;\"> \u2013 Valmistatud vastavalt seadusj\u00e4rgsetele suunistele.<\/span><\/span><\/p>\n<\/li>\n<\/ul>\n<hr data-start=\"5513\" data-end=\"5516\" \/>\n<h3 data-start=\"5518\" data-end=\"5533\"><strong data-start=\"5522\" data-end=\"5533\"><span dir=\"auto\" style=\"vertical-align: inherit;\"><span dir=\"auto\" style=\"vertical-align: inherit;\">Kasutus<\/span><\/span><\/strong><\/h3>\n<ol data-start=\"5534\" data-end=\"5843\">\n<li data-start=\"5534\" data-end=\"5629\">\n<p data-start=\"5537\" data-end=\"5629\"><strong data-start=\"5537\" data-end=\"5562\"><span dir=\"auto\" style=\"vertical-align: inherit;\"><span dir=\"auto\" style=\"vertical-align: inherit;\">Ainult uurimist\u00f6\u00f6ks<\/span><\/span><\/strong><span dir=\"auto\" style=\"vertical-align: inherit;\"><span dir=\"auto\" style=\"vertical-align: inherit;\"> \u2013 Kasutada ainult professionaalses laborikeskkonnas.<\/span><\/span><\/p>\n<\/li>\n<li data-start=\"5630\" data-end=\"5688\">\n<p data-start=\"5633\" data-end=\"5688\"><strong data-start=\"5633\" data-end=\"5654\"><span dir=\"auto\" style=\"vertical-align: inherit;\"><span dir=\"auto\" style=\"vertical-align: inherit;\">S\u00e4ilitamisjuhised<\/span><\/span><\/strong><span dir=\"auto\" style=\"vertical-align: inherit;\"><span dir=\"auto\" style=\"vertical-align: inherit;\"> \u2013 Hoida jahedas, kuivas ja pimedas kohas.<\/span><\/span><\/p>\n<\/li>\n<li data-start=\"5689\" data-end=\"5755\">\n<p data-start=\"5692\" data-end=\"5755\"><strong data-start=\"5692\" data-end=\"5704\"><span dir=\"auto\" style=\"vertical-align: inherit;\"><span dir=\"auto\" style=\"vertical-align: inherit;\">M\u00f5\u00f5tmised<\/span><\/span><\/strong><span dir=\"auto\" style=\"vertical-align: inherit;\"><span dir=\"auto\" style=\"vertical-align: inherit;\"> \u2013 Anal\u00fc\u00fcsiks kasutage kalibreeritud seadmeid.<\/span><\/span><\/p>\n<\/li>\n<li data-start=\"5756\" data-end=\"5843\">\n<p data-start=\"5759\" data-end=\"5843\"><strong data-start=\"5759\" data-end=\"5786\"><span dir=\"auto\" style=\"vertical-align: inherit;\"><span dir=\"auto\" style=\"vertical-align: inherit;\">Ohutushoiatus<\/span><\/span><\/strong><span dir=\"auto\" style=\"vertical-align: inherit;\"><span dir=\"auto\" style=\"vertical-align: inherit;\"> \u2013 Mitte inimtoiduks ega loomadele.<\/span><\/span><\/p>\n<\/li>\n<\/ol>\n<hr data-start=\"5845\" data-end=\"5848\" \/>\n<h3 data-start=\"5850\" data-end=\"5877\"><strong data-start=\"5854\" data-end=\"5877\"><span dir=\"auto\" style=\"vertical-align: inherit;\"><span dir=\"auto\" style=\"vertical-align: inherit;\">Korduma kippuvad k\u00fcsimused<\/span><\/span><\/strong><\/h3>\n<p data-start=\"5879\" data-end=\"6042\"><strong data-start=\"5879\" data-end=\"5925\"><span dir=\"auto\" style=\"vertical-align: inherit;\"><span dir=\"auto\" style=\"vertical-align: inherit;\">1. Milleks neid kapsleid kasutatakse?<\/span><\/span><\/strong><br data-start=\"5925\" data-end=\"5928\" \/><span dir=\"auto\" style=\"vertical-align: inherit;\"><span dir=\"auto\" style=\"vertical-align: inherit;\"> Need on m\u00f5eldud <\/span><\/span><strong data-start=\"5949\" data-end=\"5993\"><span dir=\"auto\" style=\"vertical-align: inherit;\"><span dir=\"auto\" style=\"vertical-align: inherit;\">anal\u00fc\u00fctiline ja teaduslik uurimist\u00f6\u00f6<\/span><\/span><\/strong><span dir=\"auto\" style=\"vertical-align: inherit;\"><span dir=\"auto\" style=\"vertical-align: inherit;\"> , n\u00e4iteks keemilised anal\u00fc\u00fcsid v\u00f5i haridusalased uuringud.<\/span><\/span><\/p>\n<p data-start=\"6044\" data-end=\"6221\"><strong data-start=\"6044\" data-end=\"6102\"><span dir=\"auto\" style=\"vertical-align: inherit;\"><span dir=\"auto\" style=\"vertical-align: inherit;\">2. Kas need kapslid on isiklikuks kasutamiseks ohutud?<\/span><\/span><\/strong><br data-start=\"6102\" data-end=\"6105\" \/><span dir=\"auto\" style=\"vertical-align: inherit;\"><span dir=\"auto\" style=\"vertical-align: inherit;\"> Ei. Need tooted on <\/span><\/span><strong data-start=\"6130\" data-end=\"6187\"><span dir=\"auto\" style=\"vertical-align: inherit;\"><span dir=\"auto\" style=\"vertical-align: inherit;\">m\u00f5eldud ainult sertifitseeritud laborikatseteks<\/span><\/span><\/strong><span dir=\"auto\" style=\"vertical-align: inherit;\"><span dir=\"auto\" style=\"vertical-align: inherit;\"> Isiklik kasutamine on keelatud.<\/span><\/span><\/p>\n<p data-start=\"6223\" data-end=\"6358\"><strong data-start=\"6223\" data-end=\"6262\"><span dir=\"auto\" style=\"vertical-align: inherit;\"><span dir=\"auto\" style=\"vertical-align: inherit;\">3. Kuidas kapsleid s\u00e4ilitada?<\/span><\/span><\/strong><br data-start=\"6262\" data-end=\"6265\" \/><span dir=\"auto\" style=\"vertical-align: inherit;\"><span dir=\"auto\" style=\"vertical-align: inherit;\"> Hoidke neid <\/span><\/span><strong data-start=\"6282\" data-end=\"6318\"><span dir=\"auto\" style=\"vertical-align: inherit;\"><span dir=\"auto\" style=\"vertical-align: inherit;\">jahedas, kuivas ja pimedas kohas<\/span><\/span><\/strong><span dir=\"auto\" style=\"vertical-align: inherit;\"><span dir=\"auto\" style=\"vertical-align: inherit;\"> ja hoidke pakend tihedalt suletuna.<\/span><\/span><\/p>\n<hr data-start=\"6360\" data-end=\"6363\" \/>\n<h3 data-start=\"6365\" data-end=\"6383\"><strong data-start=\"6369\" data-end=\"6383\"><span dir=\"auto\" style=\"vertical-align: inherit;\"><span dir=\"auto\" style=\"vertical-align: inherit;\">Lahti\u00fctlus<\/span><\/span><\/strong><\/h3>\n<p data-start=\"6384\" data-end=\"6628\"><span dir=\"auto\" style=\"vertical-align: inherit;\"><span dir=\"auto\" style=\"vertical-align: inherit;\">See toode on <\/span><\/span><strong data-start=\"6399\" data-end=\"6448\"><span dir=\"auto\" style=\"vertical-align: inherit;\"><span dir=\"auto\" style=\"vertical-align: inherit;\">m\u00f5eldud ainult teaduslikuks kasutamiseks<\/span><\/span><\/strong><span dir=\"auto\" style=\"vertical-align: inherit;\"><span dir=\"auto\" style=\"vertical-align: inherit;\"> . <\/span><\/span><strong data-start=\"6450\" data-end=\"6507\"><span dir=\"auto\" style=\"vertical-align: inherit;\"><span dir=\"auto\" style=\"vertical-align: inherit;\">Ei ole ette n\u00e4htud inimeste ega loomade toiduks.<\/span><\/span><\/strong><br data-start=\"6507\" data-end=\"6510\" \/><span dir=\"auto\" style=\"vertical-align: inherit;\"><span dir=\"auto\" style=\"vertical-align: inherit;\"> Selle toote ostmisega kinnitate, et olete <\/span><\/span><strong data-start=\"6545\" data-end=\"6575\"><span dir=\"auto\" style=\"vertical-align: inherit;\"><span dir=\"auto\" style=\"vertical-align: inherit;\">litsentseeritud teadlane<\/span><\/span><\/strong><span dir=\"auto\" style=\"vertical-align: inherit;\"><span dir=\"auto\" style=\"vertical-align: inherit;\"> ja j\u00e4rgima kehtivaid seadusi ja m\u00e4\u00e4rusi.<\/span><\/span><\/p>\n<p><a href=\"https:\/\/researchchemicalhub.com\/et\/pood\/iboga-ibogaiin\/osta-ibogaine-hcl-veebist\/\"><span dir=\"auto\" style=\"vertical-align: inherit;\"><span dir=\"auto\" style=\"vertical-align: inherit;\">Osta ibogaiini HCL-i <\/span><\/span><\/a><a href=\"https:\/\/researchchemicalhub.com\/et\/pood\/iboga-ibogaiin\/iboga-juure-koor\/\"><span dir=\"auto\" style=\"vertical-align: inherit;\"><span dir=\"auto\" style=\"vertical-align: inherit;\">Iboga juurekoor <\/span><\/span><\/a><a href=\"https:\/\/researchchemicalhub.com\/et\/pood\/lusergamiidid\/1-cp-lsd-2\/\"><span dir=\"auto\" style=\"vertical-align: inherit;\"><span dir=\"auto\" style=\"vertical-align: inherit;\">1cP-LSD 150 MCG kunstipaberit <\/span><\/span><\/a><a href=\"https:\/\/researchchemicalhub.com\/et\/pood\/pellets\/o-dsmt-50mg-graanulid\/\"><span dir=\"auto\" style=\"vertical-align: inherit;\"><span dir=\"auto\" style=\"vertical-align: inherit;\">O-DSMT 50 mg graanulid <\/span><\/span><\/a><a href=\"https:\/\/researchchemicalhub.com\/et\/pood\/lusergamiidid\/1v-lsd-150-mcg-blotters\/\"><span dir=\"auto\" style=\"vertical-align: inherit;\"><span dir=\"auto\" style=\"vertical-align: inherit;\">1V-LSD 150 MCG blotterid<\/span><\/span><\/a><\/p>","protected":false},"excerpt":{"rendered":"<h2><span dir=\"auto\" style=\"vertical-align: inherit;\"><span dir=\"auto\" style=\"vertical-align: inherit;\">2C-EF properties<\/span><\/span><\/h2>\n<p><strong><span dir=\"auto\" style=\"vertical-align: inherit;\"><span dir=\"auto\" style=\"vertical-align: inherit;\">Synonyms<\/span><\/span><\/strong><span dir=\"auto\" style=\"vertical-align: inherit;\"><span dir=\"auto\" style=\"vertical-align: inherit;\"> : 2-[4-(2-Fluoroethyl)-2,5-dimethoxyphenyl]ethan-1-amine <\/span><\/span><br \/>\n<strong><span dir=\"auto\" style=\"vertical-align: inherit;\"><span dir=\"auto\" style=\"vertical-align: inherit;\">CAS Number<\/span><\/span><\/strong><span dir=\"auto\" style=\"vertical-align: inherit;\"><span dir=\"auto\" style=\"vertical-align: inherit;\"> : 1222814-77-8 <\/span><\/span><br \/>\n<strong><span dir=\"auto\" style=\"vertical-align: inherit;\"><span dir=\"auto\" style=\"vertical-align: inherit;\">Formula<\/span><\/span><\/strong><span dir=\"auto\" style=\"vertical-align: inherit;\"><span dir=\"auto\" style=\"vertical-align: inherit;\"> : <\/span><\/span><span title=\"Carbon\"><span dir=\"auto\" style=\"vertical-align: inherit;\"><span dir=\"auto\" style=\"vertical-align: inherit;\">C <\/span><\/span><\/span><sub><span dir=\"auto\" style=\"vertical-align: inherit;\"><span dir=\"auto\" style=\"vertical-align: inherit;\">12 <\/span><\/span><\/sub><span title=\"Hydrogen\"><span dir=\"auto\" style=\"vertical-align: inherit;\"><span dir=\"auto\" style=\"vertical-align: inherit;\">H <\/span><\/span><\/span><sub><span dir=\"auto\" style=\"vertical-align: inherit;\"><span dir=\"auto\" style=\"vertical-align: inherit;\">18 <\/span><\/span><\/sub><span title=\"Fluorine\"><span dir=\"auto\" style=\"vertical-align: inherit;\"><span dir=\"auto\" style=\"vertical-align: inherit;\">F <\/span><\/span><\/span><span title=\"Nitrogen\"><span dir=\"auto\" style=\"vertical-align: inherit;\"><span dir=\"auto\" style=\"vertical-align: inherit;\">N <\/span><\/span><\/span><span title=\"Oxygen\"><span dir=\"auto\" style=\"vertical-align: inherit;\"><span dir=\"auto\" style=\"vertical-align: inherit;\">O <\/span><\/span><\/span><sub><span dir=\"auto\" style=\"vertical-align: inherit;\"><span dir=\"auto\" style=\"vertical-align: inherit;\">2 <\/span><\/span><\/sub><br \/>\n<strong><span dir=\"auto\" style=\"vertical-align: inherit;\"><span dir=\"auto\" style=\"vertical-align: inherit;\">Molar mass<\/span><\/span><\/strong><span dir=\"auto\" style=\"vertical-align: inherit;\"><span dir=\"auto\" style=\"vertical-align: inherit;\"> : 227.279 g\/mol <\/span><\/span><br \/>\n<strong><span dir=\"auto\" style=\"vertical-align: inherit;\"><span dir=\"auto\" style=\"vertical-align: inherit;\">Purity<\/span><\/span><\/strong><span dir=\"auto\" style=\"vertical-align: inherit;\"><span dir=\"auto\" style=\"vertical-align: inherit;\"> : \u226599%<\/span><\/span><\/p>\n","protected":false},"featured_media":28375,"comment_status":"closed","ping_status":"closed","template":"","meta":[],"product_brand":[],"product_cat":[401,322,80,398],"product_tag":[253,326],"class_list":{"0":"post-24939","1":"product","2":"type-product","3":"status-publish","4":"has-post-thumbnail","6":"product_cat-2c-ef","7":"product_cat-bijna-verboden","8":"product_cat-fenethylamine","9":"product_cat-verkoop","10":"product_tag-2c-ef","11":"product_tag-nl","13":"first","14":"instock","15":"sale","16":"taxable","17":"shipping-taxable","18":"purchasable","19":"product-type-variable"},"_links":{"self":[{"href":"https:\/\/researchchemicalhub.com\/et\/wp-json\/wp\/v2\/product\/24939","targetHints":{"allow":["GET"]}}],"collection":[{"href":"https:\/\/researchchemicalhub.com\/et\/wp-json\/wp\/v2\/product"}],"about":[{"href":"https:\/\/researchchemicalhub.com\/et\/wp-json\/wp\/v2\/types\/product"}],"replies":[{"embeddable":true,"href":"https:\/\/researchchemicalhub.com\/et\/wp-json\/wp\/v2\/comments?post=24939"}],"version-history":[{"count":6,"href":"https:\/\/researchchemicalhub.com\/et\/wp-json\/wp\/v2\/product\/24939\/revisions"}],"predecessor-version":[{"id":28629,"href":"https:\/\/researchchemicalhub.com\/et\/wp-json\/wp\/v2\/product\/24939\/revisions\/28629"}],"wp:featuredmedia":[{"embeddable":true,"href":"https:\/\/researchchemicalhub.com\/et\/wp-json\/wp\/v2\/media\/28375"}],"wp:attachment":[{"href":"https:\/\/researchchemicalhub.com\/et\/wp-json\/wp\/v2\/media?parent=24939"}],"wp:term":[{"taxonomy":"product_brand","embeddable":true,"href":"https:\/\/researchchemicalhub.com\/et\/wp-json\/wp\/v2\/product_brand?post=24939"},{"taxonomy":"product_cat","embeddable":true,"href":"https:\/\/researchchemicalhub.com\/et\/wp-json\/wp\/v2\/product_cat?post=24939"},{"taxonomy":"product_tag","embeddable":true,"href":"https:\/\/researchchemicalhub.com\/et\/wp-json\/wp\/v2\/product_tag?post=24939"}],"curies":[{"name":"t\u00f6\u00f6leht","href":"https:\/\/api.w.org\/{rel}","templated":true}]}}