{"id":24917,"date":"2025-10-20T17:43:41","date_gmt":"2025-10-20T17:43:41","guid":{"rendered":"https:\/\/researchchemicalhub.com\/?post_type=product&#038;p=24917"},"modified":"2025-10-28T22:46:03","modified_gmt":"2025-10-28T22:46:03","slug":"25-nboh-12-mg-blotterid","status":"publish","type":"product","link":"https:\/\/researchchemicalhub.com\/et\/pood\/25-nboh\/25-nboh-12-mg-blotterid\/","title":{"rendered":"25E-NBOH 1.2 MG blotterid"},"content":{"rendered":"<h3 data-start=\"4073\" data-end=\"4092\"><strong data-start=\"4077\" data-end=\"4092\"><span dir=\"auto\" style=\"vertical-align: inherit;\"><span dir=\"auto\" style=\"vertical-align: inherit;\">Sissejuhatus<\/span><\/span><\/strong><\/h3>\n<p data-start=\"4093\" data-end=\"4385\"><span dir=\"auto\" style=\"vertical-align: inherit;\"><span dir=\"auto\" style=\"vertical-align: inherit;\">Meie <\/span><\/span><strong data-start=\"4098\" data-end=\"4127\"><span dir=\"auto\" style=\"vertical-align: inherit;\"><span dir=\"auto\" style=\"vertical-align: inherit;\">1,2 mg uurimispaberid<\/span><\/span><\/strong><span dir=\"auto\" style=\"vertical-align: inherit;\"><span dir=\"auto\" style=\"vertical-align: inherit;\"> on m\u00f5eldud kasutamiseks <\/span><\/span><strong data-start=\"4159\" data-end=\"4212\"><span dir=\"auto\" style=\"vertical-align: inherit;\"><span dir=\"auto\" style=\"vertical-align: inherit;\">laboratoorsed, anal\u00fc\u00fctilised ja kohtuekspertiisi uuringud<\/span><\/span><\/strong><span dir=\"auto\" style=\"vertical-align: inherit;\"><span dir=\"auto\" style=\"vertical-align: inherit;\"> . <\/span><\/span><br data-start=\"4213\" data-end=\"4216\" \/><span dir=\"auto\" style=\"vertical-align: inherit;\"><span dir=\"auto\" style=\"vertical-align: inherit;\">Iga blotter on hoolikalt valmistatud <\/span><\/span><strong data-start=\"4261\" data-end=\"4285\"><span dir=\"auto\" style=\"vertical-align: inherit;\"><span dir=\"auto\" style=\"vertical-align: inherit;\">t\u00e4pne annus<\/span><\/span><\/strong><span dir=\"auto\" style=\"vertical-align: inherit;\"><span dir=\"auto\" style=\"vertical-align: inherit;\"> , tagades teaduslike anal\u00fc\u00fcside k\u00e4igus j\u00e4rjepidevad ja reprodutseeritavad tulemused. 25.-nboh<\/span><\/span><\/p>\n<p data-start=\"4387\" data-end=\"4572\"><span dir=\"auto\" style=\"vertical-align: inherit;\"><span dir=\"auto\" style=\"vertical-align: inherit;\">Need blotterid on toodetud vastavalt <\/span><\/span><strong data-start=\"4426\" data-end=\"4454\"><span dir=\"auto\" style=\"vertical-align: inherit;\"><span dir=\"auto\" style=\"vertical-align: inherit;\">ranged kvaliteedistandardid<\/span><\/span><\/strong><span dir=\"auto\" style=\"vertical-align: inherit;\"><span dir=\"auto\" style=\"vertical-align: inherit;\"> ja pakkuda teadlastele <\/span><\/span><strong data-start=\"4478\" data-end=\"4529\"><span dir=\"auto\" style=\"vertical-align: inherit;\"><span dir=\"auto\" style=\"vertical-align: inherit;\">k\u00f5rge puhtusastmega, stabiilsete ja usaldusv\u00e4\u00e4rsete materjalidega<\/span><\/span><\/strong><span dir=\"auto\" style=\"vertical-align: inherit;\"><span dir=\"auto\" style=\"vertical-align: inherit;\"> anal\u00fc\u00fctilisteks uuringuteks ja kalibreerimiseks.<\/span><\/span><\/p>\n<blockquote data-start=\"4573\" data-end=\"4682\">\n<p data-start=\"4575\" data-end=\"4682\">\u26a0\ufe0f <strong data-start=\"4578\" data-end=\"4682\"><span dir=\"auto\" style=\"vertical-align: inherit;\"><span dir=\"auto\" style=\"vertical-align: inherit;\">Ainult laborikasutuseks. Ei sobi inimtoiduks ega loomade toiduks.<\/span><\/span><\/strong><\/p>\n<\/blockquote>\n<hr data-start=\"4684\" data-end=\"4687\" \/>\n<h3 data-start=\"4689\" data-end=\"4720\"><strong data-start=\"4693\" data-end=\"4720\"><span dir=\"auto\" style=\"vertical-align: inherit;\"><span dir=\"auto\" style=\"vertical-align: inherit;\">Peamised omadused<\/span><\/span><\/strong><\/h3>\n<ul data-start=\"4721\" data-end=\"5223\">\n<li data-start=\"4721\" data-end=\"4791\">\n<p data-start=\"4723\" data-end=\"4791\"><strong data-start=\"4723\" data-end=\"4749\"><span dir=\"auto\" style=\"vertical-align: inherit;\"><span dir=\"auto\" style=\"vertical-align: inherit;\">K\u00f5rge puhtusaste (\u226599%)<\/span><\/span><\/strong><span dir=\"auto\" style=\"vertical-align: inherit;\"><span dir=\"auto\" style=\"vertical-align: inherit;\"> \u2013 S\u00f5ltumatult testitud ja kontrollitud.<\/span><\/span><\/p>\n<\/li>\n<li data-start=\"4792\" data-end=\"4879\">\n<p data-start=\"4794\" data-end=\"4879\"><strong data-start=\"4794\" data-end=\"4839\"><span dir=\"auto\" style=\"vertical-align: inherit;\"><span dir=\"auto\" style=\"vertical-align: inherit;\">T\u00e4pne annus (1,2 mg blotti kohta)<\/span><\/span><\/strong><span dir=\"auto\" style=\"vertical-align: inherit;\"><span dir=\"auto\" style=\"vertical-align: inherit;\"> \u2013 T\u00e4psete uurimistulemuste saamiseks.<\/span><\/span><\/p>\n<\/li>\n<li data-start=\"4880\" data-end=\"4958\">\n<p data-start=\"4882\" data-end=\"4958\"><strong data-start=\"4882\" data-end=\"4908\"><span dir=\"auto\" style=\"vertical-align: inherit;\"><span dir=\"auto\" style=\"vertical-align: inherit;\">Stabiilne koostis<\/span><\/span><\/strong><span dir=\"auto\" style=\"vertical-align: inherit;\"><span dir=\"auto\" style=\"vertical-align: inherit;\"> \u2013 S\u00e4ilitab oma terviklikkuse n\u00f5uetekohase ladustamise korral.<\/span><\/span><\/p>\n<\/li>\n<li data-start=\"4959\" data-end=\"5051\">\n<p data-start=\"4961\" data-end=\"5051\"><strong data-start=\"4961\" data-end=\"4986\"><span dir=\"auto\" style=\"vertical-align: inherit;\"><span dir=\"auto\" style=\"vertical-align: inherit;\">Laboratoorne kvaliteet<\/span><\/span><\/strong><span dir=\"auto\" style=\"vertical-align: inherit;\"><span dir=\"auto\" style=\"vertical-align: inherit;\"> \u2013 Valmistatud professionaalsetes laboritingimustes.<\/span><\/span><\/p>\n<\/li>\n<li data-start=\"5052\" data-end=\"5131\">\n<p data-start=\"5054\" data-end=\"5131\"><strong data-start=\"5054\" data-end=\"5080\"><span dir=\"auto\" style=\"vertical-align: inherit;\"><span dir=\"auto\" style=\"vertical-align: inherit;\">Valguskindel pakend<\/span><\/span><\/strong><span dir=\"auto\" style=\"vertical-align: inherit;\"><span dir=\"auto\" style=\"vertical-align: inherit;\"> \u2013 Kaitseb lagunemise ja saastumise eest.<\/span><\/span><\/p>\n<\/li>\n<li data-start=\"5132\" data-end=\"5223\">\n<p data-start=\"5134\" data-end=\"5223\"><strong data-start=\"5134\" data-end=\"5159\"><span dir=\"auto\" style=\"vertical-align: inherit;\"><span dir=\"auto\" style=\"vertical-align: inherit;\">Ainult uurimist\u00f6\u00f6ks<\/span><\/span><\/strong><span dir=\"auto\" style=\"vertical-align: inherit;\"><span dir=\"auto\" style=\"vertical-align: inherit;\"> \u2013 M\u00f5eldud anal\u00fc\u00fctilisteks ja teaduslikeks rakendusteks.<\/span><\/span><\/p>\n<\/li>\n<\/ul>\n<hr data-start=\"5225\" data-end=\"5228\" \/>\n<h3 data-start=\"5230\" data-end=\"5247\"><strong data-start=\"5234\" data-end=\"5247\"><span dir=\"auto\" style=\"vertical-align: inherit;\"><span dir=\"auto\" style=\"vertical-align: inherit;\">Eelised<\/span><\/span><\/strong><\/h3>\n<ul data-start=\"5248\" data-end=\"5694\">\n<li data-start=\"5248\" data-end=\"5336\">\n<p data-start=\"5250\" data-end=\"5336\"><strong data-start=\"5250\" data-end=\"5285\"><span dir=\"auto\" style=\"vertical-align: inherit;\"><span dir=\"auto\" style=\"vertical-align: inherit;\">Usaldusv\u00e4\u00e4rne reprodutseeritavus<\/span><\/span><\/strong><span dir=\"auto\" style=\"vertical-align: inherit;\"><span dir=\"auto\" style=\"vertical-align: inherit;\"> \u2013 Korduvates uuringutes j\u00e4rjepidevad tulemused.<\/span><\/span><\/p>\n<\/li>\n<li data-start=\"5337\" data-end=\"5430\">\n<p data-start=\"5339\" data-end=\"5430\"><strong data-start=\"5339\" data-end=\"5365\"><span dir=\"auto\" style=\"vertical-align: inherit;\"><span dir=\"auto\" style=\"vertical-align: inherit;\">K\u00f5rge kvaliteet<\/span><\/span><\/strong><span dir=\"auto\" style=\"vertical-align: inherit;\"><span dir=\"auto\" style=\"vertical-align: inherit;\"> \u2013 Sobib edasij\u00f5udnutele m\u00f5eldud anal\u00fc\u00fctilisteks ja hariduslikeks uuringuteks.<\/span><\/span><\/p>\n<\/li>\n<li data-start=\"5431\" data-end=\"5508\">\n<p data-start=\"5433\" data-end=\"5508\"><strong data-start=\"5433\" data-end=\"5455\"><span dir=\"auto\" style=\"vertical-align: inherit;\"><span dir=\"auto\" style=\"vertical-align: inherit;\">Pikk s\u00e4ilivusaeg<\/span><\/span><\/strong><span dir=\"auto\" style=\"vertical-align: inherit;\"><span dir=\"auto\" style=\"vertical-align: inherit;\"> \u2013 S\u00e4ilitab n\u00f5uetekohase ladustamise korral keemilise stabiilsuse.<\/span><\/span><\/p>\n<\/li>\n<li data-start=\"5509\" data-end=\"5600\">\n<p data-start=\"5511\" data-end=\"5600\"><strong data-start=\"5511\" data-end=\"5535\"><span dir=\"auto\" style=\"vertical-align: inherit;\"><span dir=\"auto\" style=\"vertical-align: inherit;\">Eetiliselt toodetud<\/span><\/span><\/strong><span dir=\"auto\" style=\"vertical-align: inherit;\"><span dir=\"auto\" style=\"vertical-align: inherit;\"> \u2013 Koosk\u00f5las rahvusvaheliste uurimissuunistega.<\/span><\/span><\/p>\n<\/li>\n<li data-start=\"5601\" data-end=\"5694\">\n<p data-start=\"5603\" data-end=\"5694\"><strong data-start=\"5603\" data-end=\"5634\"><span dir=\"auto\" style=\"vertical-align: inherit;\"><span dir=\"auto\" style=\"vertical-align: inherit;\">P\u00f5hjalik kvaliteedikontroll<\/span><\/span><\/strong><span dir=\"auto\" style=\"vertical-align: inherit;\"><span dir=\"auto\" style=\"vertical-align: inherit;\"> \u2013 Iga partiid kontrollitakse puhtuse ja koostise osas.<\/span><\/span><\/p>\n<\/li>\n<\/ul>\n<hr data-start=\"5696\" data-end=\"5699\" \/>\n<h3 data-start=\"5701\" data-end=\"5716\"><strong data-start=\"5705\" data-end=\"5716\"><span dir=\"auto\" style=\"vertical-align: inherit;\"><span dir=\"auto\" style=\"vertical-align: inherit;\">Kasutus<\/span><\/span><\/strong><\/h3>\n<ol data-start=\"5717\" data-end=\"6090\">\n<li data-start=\"5717\" data-end=\"5814\">\n<p data-start=\"5720\" data-end=\"5814\"><strong data-start=\"5720\" data-end=\"5755\"><span dir=\"auto\" style=\"vertical-align: inherit;\"><span dir=\"auto\" style=\"vertical-align: inherit;\">Ainult laborikasutuseks<\/span><\/span><\/strong><span dir=\"auto\" style=\"vertical-align: inherit;\"><span dir=\"auto\" style=\"vertical-align: inherit;\"> \u2013 Kasutada ainult akrediteeritud uurimisasutustes.<\/span><\/span><\/p>\n<\/li>\n<li data-start=\"5815\" data-end=\"5862\">\n<p data-start=\"5818\" data-end=\"5862\"><strong data-start=\"5818\" data-end=\"5828\"><span dir=\"auto\" style=\"vertical-align: inherit;\"><span dir=\"auto\" style=\"vertical-align: inherit;\">Ladustamine<\/span><\/span><\/strong><span dir=\"auto\" style=\"vertical-align: inherit;\"><span dir=\"auto\" style=\"vertical-align: inherit;\"> \u2013 Hoida jahedas, kuivas ja pimedas kohas.<\/span><\/span><\/p>\n<\/li>\n<li data-start=\"5863\" data-end=\"5934\">\n<p data-start=\"5866\" data-end=\"5934\"><strong data-start=\"5866\" data-end=\"5883\"><span dir=\"auto\" style=\"vertical-align: inherit;\"><span dir=\"auto\" style=\"vertical-align: inherit;\">T\u00f6\u00f6tage ohutult<\/span><\/span><\/strong><span dir=\"auto\" style=\"vertical-align: inherit;\"><span dir=\"auto\" style=\"vertical-align: inherit;\"> \u2013 Kandke kindaid ja kaitsevarustust.<\/span><\/span><\/p>\n<\/li>\n<li data-start=\"5935\" data-end=\"6000\">\n<p data-start=\"5938\" data-end=\"6000\"><strong data-start=\"5938\" data-end=\"5950\"><span dir=\"auto\" style=\"vertical-align: inherit;\"><span dir=\"auto\" style=\"vertical-align: inherit;\">M\u00f5\u00f5tmised<\/span><\/span><\/strong><span dir=\"auto\" style=\"vertical-align: inherit;\"><span dir=\"auto\" style=\"vertical-align: inherit;\"> \u2013 Kasutage kalibreeritud laboriseadmeid.<\/span><\/span><\/p>\n<\/li>\n<li data-start=\"6001\" data-end=\"6090\">\n<p data-start=\"6004\" data-end=\"6090\"><strong data-start=\"6004\" data-end=\"6031\"><span dir=\"auto\" style=\"vertical-align: inherit;\"><span dir=\"auto\" style=\"vertical-align: inherit;\">Ohutushoiatus<\/span><\/span><\/strong><span dir=\"auto\" style=\"vertical-align: inherit;\"><span dir=\"auto\" style=\"vertical-align: inherit;\"> \u2013 Mitte inimtoiduks ega loomadele.<\/span><\/span><\/p>\n<\/li>\n<\/ol>\n<hr data-start=\"6092\" data-end=\"6095\" \/>\n<h3 data-start=\"6097\" data-end=\"6124\"><strong data-start=\"6101\" data-end=\"6124\"><span dir=\"auto\" style=\"vertical-align: inherit;\"><span dir=\"auto\" style=\"vertical-align: inherit;\">Korduma kippuvad k\u00fcsimused<\/span><\/span><\/strong><\/h3>\n<p data-start=\"6126\" data-end=\"6301\"><strong data-start=\"6126\" data-end=\"6184\"><span dir=\"auto\" style=\"vertical-align: inherit;\"><span dir=\"auto\" style=\"vertical-align: inherit;\">1. Milleks kasutatakse 1,2 mg uurimisanumaid?<\/span><\/span><\/strong><br data-start=\"6184\" data-end=\"6187\" \/><span dir=\"auto\" style=\"vertical-align: inherit;\"><span dir=\"auto\" style=\"vertical-align: inherit;\"> Need on m\u00f5eldud <\/span><\/span><strong data-start=\"6208\" data-end=\"6252\"><span dir=\"auto\" style=\"vertical-align: inherit;\"><span dir=\"auto\" style=\"vertical-align: inherit;\">teaduslik ja anal\u00fc\u00fctiline uurimist\u00f6\u00f6<\/span><\/span><\/strong><span dir=\"auto\" style=\"vertical-align: inherit;\"><span dir=\"auto\" style=\"vertical-align: inherit;\"> , sealhulgas kalibreerimine ja kontrollitud testimine.<\/span><\/span><\/p>\n<p data-start=\"6303\" data-end=\"6468\"><strong data-start=\"6303\" data-end=\"6373\"><span dir=\"auto\" style=\"vertical-align: inherit;\"><span dir=\"auto\" style=\"vertical-align: inherit;\">2. Kas neid m\u00e4rkmepabereid saab kasutada isiklikuks otstarbeks?<\/span><\/span><\/strong><br data-start=\"6373\" data-end=\"6376\" \/><span dir=\"auto\" style=\"vertical-align: inherit;\"><span dir=\"auto\" style=\"vertical-align: inherit;\"> Ei. Need tooted on <\/span><\/span><strong data-start=\"6401\" data-end=\"6465\"><span dir=\"auto\" style=\"vertical-align: inherit;\"><span dir=\"auto\" style=\"vertical-align: inherit;\">m\u00f5eldud ainult professionaalseks laborikatsetamiseks<\/span><\/span><\/strong><span dir=\"auto\" style=\"vertical-align: inherit;\"><span dir=\"auto\" style=\"vertical-align: inherit;\"> .<\/span><\/span><\/p>\n<p data-start=\"6470\" data-end=\"6608\"><strong data-start=\"6470\" data-end=\"6515\"><span dir=\"auto\" style=\"vertical-align: inherit;\"><span dir=\"auto\" style=\"vertical-align: inherit;\">3. Kuidas tuleks kuivatuslehti s\u00e4ilitada?<\/span><\/span><\/strong><br data-start=\"6515\" data-end=\"6518\" \/><span dir=\"auto\" style=\"vertical-align: inherit;\"><span dir=\"auto\" style=\"vertical-align: inherit;\"> Hoidke neid <\/span><\/span><strong data-start=\"6535\" data-end=\"6571\"><span dir=\"auto\" style=\"vertical-align: inherit;\"><span dir=\"auto\" style=\"vertical-align: inherit;\">jahedas, kuivas ja pimedas kohas<\/span><\/span><\/strong><span dir=\"auto\" style=\"vertical-align: inherit;\"><span dir=\"auto\" style=\"vertical-align: inherit;\"> \u00fches <\/span><\/span><strong data-start=\"6579\" data-end=\"6605\"><span dir=\"auto\" style=\"vertical-align: inherit;\"><span dir=\"auto\" style=\"vertical-align: inherit;\">valguskindel konteiner<\/span><\/span><\/strong><span dir=\"auto\" style=\"vertical-align: inherit;\"><span dir=\"auto\" style=\"vertical-align: inherit;\"> . <\/span><\/span><a href=\"https:\/\/researchchemicalhub.com\/et\/pood\/kategooriatesse\/osta-4mmc\/\"><span dir=\"auto\" style=\"vertical-align: inherit;\"><span dir=\"auto\" style=\"vertical-align: inherit;\">Osta 4mmc, osta <\/span><\/span><\/a><a href=\"https:\/\/researchchemicalhub.com\/et\/pood\/kategooriatesse\/bensokaiini-pulber\/\"><span dir=\"auto\" style=\"vertical-align: inherit;\"><span dir=\"auto\" style=\"vertical-align: inherit;\">bensokaiini pulber, <\/span><\/span><\/a><a href=\"https:\/\/researchchemicalhub.com\/et\/pood\/kategooriatesse\/osta-fentanuuli\/\"><span dir=\"auto\" style=\"vertical-align: inherit;\"><span dir=\"auto\" style=\"vertical-align: inherit;\">osta fentan\u00fc\u00fcli.<\/span><\/span><\/a><\/p>\n<hr data-start=\"6610\" data-end=\"6613\" \/>\n<h3 data-start=\"6615\" data-end=\"6633\"><strong data-start=\"6619\" data-end=\"6633\"><span dir=\"auto\" style=\"vertical-align: inherit;\"><span dir=\"auto\" style=\"vertical-align: inherit;\">Lahti\u00fctlus<\/span><\/span><\/strong><\/h3>\n<p data-start=\"6634\" data-end=\"6858\"><span dir=\"auto\" style=\"vertical-align: inherit;\"><span dir=\"auto\" style=\"vertical-align: inherit;\">See toode on <\/span><\/span><strong data-start=\"6649\" data-end=\"6698\"><span dir=\"auto\" style=\"vertical-align: inherit;\"><span dir=\"auto\" style=\"vertical-align: inherit;\">ainult uurimisotstarbel<\/span><\/span><\/strong><span dir=\"auto\" style=\"vertical-align: inherit;\"><span dir=\"auto\" style=\"vertical-align: inherit;\"> . <\/span><\/span><strong data-start=\"6700\" data-end=\"6758\"><span dir=\"auto\" style=\"vertical-align: inherit;\"><span dir=\"auto\" style=\"vertical-align: inherit;\">Ei sobi inimeste ega loomade toiduks.<\/span><\/span><\/strong><br data-start=\"6758\" data-end=\"6761\" \/><span dir=\"auto\" style=\"vertical-align: inherit;\"><span dir=\"auto\" style=\"vertical-align: inherit;\"> Selle toote ostmisega n\u00f5ustute j\u00e4rgima k\u00f5iki kehtivaid seadusi ja ohutusn\u00f5udeid. 25.-nboh<\/span><\/span><\/p>\n<p><a href=\"https:\/\/researchchemicalhub.com\/et\/pood\/lusergamiidid\/1v-lsd-150-mcg-blotters\/\"><span dir=\"auto\" style=\"vertical-align: inherit;\"><span dir=\"auto\" style=\"vertical-align: inherit;\"><span dir=\"auto\" style=\"vertical-align: inherit;\"><span dir=\"auto\" style=\"vertical-align: inherit;\">1V-LSD 150 MCG blotterid <\/span><\/span><\/span><\/span><\/a><a href=\"https:\/\/researchchemicalhub.com\/et\/pood\/pellets\/o-dsmt-50mg-graanulid\/\"><span dir=\"auto\" style=\"vertical-align: inherit;\"><span dir=\"auto\" style=\"vertical-align: inherit;\"><span dir=\"auto\" style=\"vertical-align: inherit;\"><span dir=\"auto\" style=\"vertical-align: inherit;\">O-DSMT 50 mg graanulid <\/span><\/span><\/span><\/span><\/a><a href=\"https:\/\/researchchemicalhub.com\/et\/pood\/lusergamiidid\/1-cp-lsd-2\/\"><span dir=\"auto\" style=\"vertical-align: inherit;\"><span dir=\"auto\" style=\"vertical-align: inherit;\"><span dir=\"auto\" style=\"vertical-align: inherit;\"><span dir=\"auto\" style=\"vertical-align: inherit;\">1cP-LSD 150 MCG kunstipaberit <\/span><\/span><\/span><\/span><\/a><a href=\"https:\/\/researchchemicalhub.com\/et\/pood\/iboga-ibogaiin\/iboga-juure-koor\/\"><span dir=\"auto\" style=\"vertical-align: inherit;\"><span dir=\"auto\" style=\"vertical-align: inherit;\"><span dir=\"auto\" style=\"vertical-align: inherit;\"><span dir=\"auto\" style=\"vertical-align: inherit;\">Iboga juurekoor <\/span><\/span><\/span><\/span><\/a><a href=\"https:\/\/researchchemicalhub.com\/et\/pood\/iboga-ibogaiin\/osta-ibogaine-hcl-veebist\/\"><span dir=\"auto\" style=\"vertical-align: inherit;\"><span dir=\"auto\" style=\"vertical-align: inherit;\"><span dir=\"auto\" style=\"vertical-align: inherit;\"><span dir=\"auto\" style=\"vertical-align: inherit;\">Osta ibogaiini HCL-i<\/span><\/span><\/span><\/span><\/a><\/p>","protected":false},"excerpt":{"rendered":"<p>Sissejuhatus Meie 1,2 mg uurimismaterjalide blotid on m\u00f5eldud kasutamiseks laboris, anal\u00fc\u00fctilises ja kohtuekspertiisi uuringutes. Iga blotter on<\/p>","protected":false},"featured_media":28472,"comment_status":"closed","ping_status":"closed","template":"","meta":[],"product_brand":[82],"product_cat":[357,80],"product_tag":[201,203,202,326],"class_list":{"0":"post-24917","1":"product","2":"type-product","3":"status-publish","4":"has-post-thumbnail","6":"product_brand-research-chemical","7":"product_cat-25e-nboh","8":"product_cat-fenethylamine","9":"product_tag-25e-nboh","10":"product_tag-25e-nboh-kopen","11":"product_tag-25e-nboh-reddit","12":"product_tag-nl","14":"first","15":"instock","16":"taxable","17":"shipping-taxable","18":"purchasable","19":"product-type-variable"},"_links":{"self":[{"href":"https:\/\/researchchemicalhub.com\/et\/wp-json\/wp\/v2\/product\/24917","targetHints":{"allow":["GET"]}}],"collection":[{"href":"https:\/\/researchchemicalhub.com\/et\/wp-json\/wp\/v2\/product"}],"about":[{"href":"https:\/\/researchchemicalhub.com\/et\/wp-json\/wp\/v2\/types\/product"}],"replies":[{"embeddable":true,"href":"https:\/\/researchchemicalhub.com\/et\/wp-json\/wp\/v2\/comments?post=24917"}],"version-history":[{"count":7,"href":"https:\/\/researchchemicalhub.com\/et\/wp-json\/wp\/v2\/product\/24917\/revisions"}],"predecessor-version":[{"id":28635,"href":"https:\/\/researchchemicalhub.com\/et\/wp-json\/wp\/v2\/product\/24917\/revisions\/28635"}],"wp:featuredmedia":[{"embeddable":true,"href":"https:\/\/researchchemicalhub.com\/et\/wp-json\/wp\/v2\/media\/28472"}],"wp:attachment":[{"href":"https:\/\/researchchemicalhub.com\/et\/wp-json\/wp\/v2\/media?parent=24917"}],"wp:term":[{"taxonomy":"product_brand","embeddable":true,"href":"https:\/\/researchchemicalhub.com\/et\/wp-json\/wp\/v2\/product_brand?post=24917"},{"taxonomy":"product_cat","embeddable":true,"href":"https:\/\/researchchemicalhub.com\/et\/wp-json\/wp\/v2\/product_cat?post=24917"},{"taxonomy":"product_tag","embeddable":true,"href":"https:\/\/researchchemicalhub.com\/et\/wp-json\/wp\/v2\/product_tag?post=24917"}],"curies":[{"name":"t\u00f6\u00f6leht","href":"https:\/\/api.w.org\/{rel}","templated":true}]}}