{"id":24912,"date":"2025-10-20T17:43:41","date_gmt":"2025-10-20T17:43:41","guid":{"rendered":"https:\/\/researchchemicalhub.com\/?post_type=product&#038;p=24912"},"modified":"2025-10-28T22:45:18","modified_gmt":"2025-10-28T22:45:18","slug":"cbd-graanulid-25-mg","status":"publish","type":"product","link":"https:\/\/researchchemicalhub.com\/et\/pood\/cbd\/cbd-graanulid-25-mg\/","title":{"rendered":"CBD 25 mg graanulid"},"content":{"rendered":"<h3 data-start=\"3882\" data-end=\"3901\"><strong data-start=\"3886\" data-end=\"3901\"><span dir=\"auto\" style=\"vertical-align: inherit;\"><span dir=\"auto\" style=\"vertical-align: inherit;\">Sissejuhatus<\/span><\/span><\/strong><\/h3>\n<p data-start=\"3902\" data-end=\"4175\"><span dir=\"auto\" style=\"vertical-align: inherit;\"><span dir=\"auto\" style=\"vertical-align: inherit;\">CBD graanulid: kogege kannabidiooli looduslikke eeliseid meie... <\/span><\/span><strong data-start=\"3959\" data-end=\"3979\"><span dir=\"auto\" style=\"vertical-align: inherit;\"><span dir=\"auto\" style=\"vertical-align: inherit;\">25 mg CBD graanulid<\/span><\/span><\/strong><span dir=\"auto\" style=\"vertical-align: inherit;\"><span dir=\"auto\" style=\"vertical-align: inherit;\"> \u2013 mugav ja t\u00e4pne viis kanepist saadud CBD j\u00f5u rakendamiseks. <\/span><\/span><br data-start=\"4056\" data-end=\"4059\" \/><span dir=\"auto\" style=\"vertical-align: inherit;\"><span dir=\"auto\" style=\"vertical-align: inherit;\">Iga pellet sisaldab <\/span><\/span><strong data-start=\"4081\" data-end=\"4128\"><span dir=\"auto\" style=\"vertical-align: inherit;\"><span dir=\"auto\" style=\"vertical-align: inherit;\">standardiseeritud annus 25 mg v\u00f5i puhas CBD<\/span><\/span><\/strong><span dir=\"auto\" style=\"vertical-align: inherit;\"><span dir=\"auto\" style=\"vertical-align: inherit;\"> usaldusv\u00e4\u00e4rsete ja j\u00e4rjepidevate tulemuste saamiseks.<\/span><\/span><\/p>\n<p data-start=\"4177\" data-end=\"4485\"><span dir=\"auto\" style=\"vertical-align: inherit;\"><span dir=\"auto\" style=\"vertical-align: inherit;\">Valmistatud <\/span><\/span><strong data-start=\"4189\" data-end=\"4224\"><span dir=\"auto\" style=\"vertical-align: inherit;\"><span dir=\"auto\" style=\"vertical-align: inherit;\">kvaliteetne t\u00f6\u00f6stuslik kanep<\/span><\/span><\/strong><span dir=\"auto\" style=\"vertical-align: inherit;\"><span dir=\"auto\" style=\"vertical-align: inherit;\"> ja <\/span><\/span><strong data-start=\"4228\" data-end=\"4270\"><span dir=\"auto\" style=\"vertical-align: inherit;\"><span dir=\"auto\" style=\"vertical-align: inherit;\">s\u00f5ltumatute laborite poolt testitud<\/span><\/span><\/strong><span dir=\"auto\" style=\"vertical-align: inherit;\"><span dir=\"auto\" style=\"vertical-align: inherit;\"> , need graanulid on THC-st, pestitsiididest ja kahjulikest kemikaalidest vabad. Ideaalne neile, kes otsivad <\/span><\/span><strong data-start=\"4375\" data-end=\"4408\"><span dir=\"auto\" style=\"vertical-align: inherit;\"><span dir=\"auto\" style=\"vertical-align: inherit;\">rahu, keskendumisv\u00f5ime ja heaolu, <\/span><\/span><\/strong><strong data-start=\"4417\" data-end=\"4437\"><span dir=\"auto\" style=\"vertical-align: inherit;\"><span dir=\"auto\" style=\"vertical-align: inherit;\">CBD 25 mg graanulid<\/span><\/span><\/strong><span dir=\"auto\" style=\"vertical-align: inherit;\"><span dir=\"auto\" style=\"vertical-align: inherit;\"> pakkumine <\/span><span dir=\"auto\" style=\"vertical-align: inherit;\">loomulik tasakaal kehale ja vaimule.<\/span><\/span><\/p>\n<hr data-start=\"4487\" data-end=\"4490\" \/>\n<h3 data-start=\"4492\" data-end=\"4523\"><strong data-start=\"4496\" data-end=\"4523\"><span dir=\"auto\" style=\"vertical-align: inherit;\"><span dir=\"auto\" style=\"vertical-align: inherit;\">Peamised omadused<\/span><\/span><\/strong><\/h3>\n<ul data-start=\"4524\" data-end=\"4995\">\n<li data-start=\"4524\" data-end=\"4606\">\n<p data-start=\"4526\" data-end=\"4606\"><strong data-start=\"4526\" data-end=\"4555\"><span dir=\"auto\" style=\"vertical-align: inherit;\"><span dir=\"auto\" style=\"vertical-align: inherit;\">25 mg puhast CBD-d graanuli kohta<\/span><\/span><\/strong><span dir=\"auto\" style=\"vertical-align: inherit;\"><span dir=\"auto\" style=\"vertical-align: inherit;\"> \u2013 T\u00e4pselt doseeritud j\u00e4rjepidevate tulemuste saavutamiseks.<\/span><\/span><\/p>\n<\/li>\n<li data-start=\"4607\" data-end=\"4686\">\n<p data-start=\"4609\" data-end=\"4686\"><strong data-start=\"4609\" data-end=\"4630\"><span dir=\"auto\" style=\"vertical-align: inherit;\"><span dir=\"auto\" style=\"vertical-align: inherit;\">THC-vaba valem<\/span><\/span><\/strong><span dir=\"auto\" style=\"vertical-align: inherit;\"><span dir=\"auto\" style=\"vertical-align: inherit;\"> \u2013 Sisaldab 0% THC-d mitteps\u00fchhoaktiivse toe pakkumiseks.<\/span><\/span><\/p>\n<\/li>\n<li data-start=\"4687\" data-end=\"4770\">\n<p data-start=\"4689\" data-end=\"4770\"><strong data-start=\"4689\" data-end=\"4717\"><span dir=\"auto\" style=\"vertical-align: inherit;\"><span dir=\"auto\" style=\"vertical-align: inherit;\">Looduslik kanepiekstrakt<\/span><\/span><\/strong><span dir=\"auto\" style=\"vertical-align: inherit;\"><span dir=\"auto\" style=\"vertical-align: inherit;\"> \u2013 Mahep\u00f5llumajanduslikult kasvatatud kanepitaimedest.<\/span><\/span><\/p>\n<\/li>\n<li data-start=\"4771\" data-end=\"4841\">\n<p data-start=\"4773\" data-end=\"4841\"><strong data-start=\"4773\" data-end=\"4795\"><span dir=\"auto\" style=\"vertical-align: inherit;\"><span dir=\"auto\" style=\"vertical-align: inherit;\">Laboris testitud<\/span><\/span><\/strong><span dir=\"auto\" style=\"vertical-align: inherit;\"><span dir=\"auto\" style=\"vertical-align: inherit;\"> \u2013 Puhtuse ja ohutuse osas kontrollitud.<\/span><\/span><\/p>\n<\/li>\n<li data-start=\"4842\" data-end=\"4910\">\n<p data-start=\"4844\" data-end=\"4910\"><strong data-start=\"4844\" data-end=\"4866\"><span dir=\"auto\" style=\"vertical-align: inherit;\"><span dir=\"auto\" style=\"vertical-align: inherit;\">K\u00e4ep\u00e4rane graanulite vorm<\/span><\/span><\/strong><span dir=\"auto\" style=\"vertical-align: inherit;\"><span dir=\"auto\" style=\"vertical-align: inherit;\"> \u2013 Lihtne doseerida ja s\u00e4ilitada.<\/span><\/span><\/p>\n<\/li>\n<li data-start=\"4911\" data-end=\"4995\">\n<p data-start=\"4913\" data-end=\"4995\"><strong data-start=\"4913\" data-end=\"4940\"><span dir=\"auto\" style=\"vertical-align: inherit;\"><span dir=\"auto\" style=\"vertical-align: inherit;\">Vegan ja GMO-vaba<\/span><\/span><\/strong><span dir=\"auto\" style=\"vertical-align: inherit;\"><span dir=\"auto\" style=\"vertical-align: inherit;\"> \u2013 Valmistatud looduslikest taimsetest koostisosadest.<\/span><\/span><\/p>\n<\/li>\n<\/ul>\n<hr data-start=\"4997\" data-end=\"5000\" \/>\n<h3 data-start=\"5002\" data-end=\"5019\"><strong data-start=\"5006\" data-end=\"5019\"><span dir=\"auto\" style=\"vertical-align: inherit;\"><span dir=\"auto\" style=\"vertical-align: inherit;\">Eelised<\/span><\/span><\/strong><\/h3>\n<ul data-start=\"5020\" data-end=\"5428\">\n<li data-start=\"5020\" data-end=\"5104\">\n<p data-start=\"5022\" data-end=\"5104\"><strong data-start=\"5022\" data-end=\"5054\"><span dir=\"auto\" style=\"vertical-align: inherit;\"><span dir=\"auto\" style=\"vertical-align: inherit;\">Edendab l\u00f5\u00f5gastumist ja rahu<\/span><\/span><\/strong><span dir=\"auto\" style=\"vertical-align: inherit;\"><span dir=\"auto\" style=\"vertical-align: inherit;\"> \u2013 Toetab sisemise tasakaalu tunnet.<\/span><\/span><\/p>\n<\/li>\n<li data-start=\"5105\" data-end=\"5177\">\n<p data-start=\"5107\" data-end=\"5177\"><strong data-start=\"5107\" data-end=\"5138\"><span dir=\"auto\" style=\"vertical-align: inherit;\"><span dir=\"auto\" style=\"vertical-align: inherit;\">Aitab v\u00e4hendada stressi<\/span><\/span><\/strong><span dir=\"auto\" style=\"vertical-align: inherit;\"><span dir=\"auto\" style=\"vertical-align: inherit;\"> \u2013 Leevendab pingeid p\u00e4rast kiireid p\u00e4evi.<\/span><\/span><\/p>\n<\/li>\n<li data-start=\"5178\" data-end=\"5263\">\n<p data-start=\"5180\" data-end=\"5263\"><strong data-start=\"5180\" data-end=\"5214\"><span dir=\"auto\" style=\"vertical-align: inherit;\"><span dir=\"auto\" style=\"vertical-align: inherit;\">Parandab keskendumisv\u00f5imet ja keskendumisv\u00f5imet<\/span><\/span><\/strong><span dir=\"auto\" style=\"vertical-align: inherit;\"><span dir=\"auto\" style=\"vertical-align: inherit;\"> \u2013 Rahustab unisust tekitamata.<\/span><\/span><\/p>\n<\/li>\n<li data-start=\"5264\" data-end=\"5362\">\n<p data-start=\"5266\" data-end=\"5362\"><strong data-start=\"5266\" data-end=\"5299\"><span dir=\"auto\" style=\"vertical-align: inherit;\"><span dir=\"auto\" style=\"vertical-align: inherit;\">Looduslik heaolu lahendus<\/span><\/span><\/strong><span dir=\"auto\" style=\"vertical-align: inherit;\"><span dir=\"auto\" style=\"vertical-align: inherit;\"> \u2013 Taimne alternatiiv igap\u00e4evaseks toetuseks.<\/span><\/span><\/p>\n<\/li>\n<li data-start=\"5363\" data-end=\"5428\">\n<p data-start=\"5365\" data-end=\"5428\"><strong data-start=\"5365\" data-end=\"5389\"><span dir=\"auto\" style=\"vertical-align: inherit;\"><span dir=\"auto\" style=\"vertical-align: inherit;\">J\u00e4rjepidev annustamine<\/span><\/span><\/strong><span dir=\"auto\" style=\"vertical-align: inherit;\"><span dir=\"auto\" style=\"vertical-align: inherit;\"> \u2013 Iga pellet sisaldab t\u00e4pselt 25 mg CBD-d.<\/span><\/span><\/p>\n<\/li>\n<\/ul>\n<hr data-start=\"5430\" data-end=\"5433\" \/>\n<h3 data-start=\"5435\" data-end=\"5450\"><strong data-start=\"5439\" data-end=\"5450\"><span dir=\"auto\" style=\"vertical-align: inherit;\"><span dir=\"auto\" style=\"vertical-align: inherit;\">Kasutus<\/span><\/span><\/strong><\/h3>\n<ol data-start=\"5451\" data-end=\"5778\">\n<li data-start=\"5451\" data-end=\"5557\">\n<p data-start=\"5454\" data-end=\"5557\"><strong data-start=\"5454\" data-end=\"5467\"><span dir=\"auto\" style=\"vertical-align: inherit;\"><span dir=\"auto\" style=\"vertical-align: inherit;\">Annustamine:<\/span><\/span><\/strong><span dir=\"auto\" style=\"vertical-align: inherit;\"><span dir=\"auto\" style=\"vertical-align: inherit;\"> V\u00f5tke 1 pellet (25 mg) p\u00e4evas, eelistatavalt koos toiduga v\u00f5i vastavalt arsti soovitusele.<\/span><\/span><\/p>\n<\/li>\n<li data-start=\"5558\" data-end=\"5624\">\n<p data-start=\"5561\" data-end=\"5624\"><strong data-start=\"5561\" data-end=\"5572\"><span dir=\"auto\" style=\"vertical-align: inherit;\"><span dir=\"auto\" style=\"vertical-align: inherit;\">S\u00e4ilitamine:<\/span><\/span><\/strong><span dir=\"auto\" style=\"vertical-align: inherit;\"><span dir=\"auto\" style=\"vertical-align: inherit;\"> Hoida <\/span><\/span><strong data-start=\"5587\" data-end=\"5621\"><span dir=\"auto\" style=\"vertical-align: inherit;\"><span dir=\"auto\" style=\"vertical-align: inherit;\">jahedas, kuivas ja pimedas kohas<\/span><\/span><\/strong><span dir=\"auto\" style=\"vertical-align: inherit;\"><span dir=\"auto\" style=\"vertical-align: inherit;\"> .<\/span><\/span><\/p>\n<\/li>\n<li data-start=\"5625\" data-end=\"5692\">\n<p data-start=\"5628\" data-end=\"5692\"><strong data-start=\"5628\" data-end=\"5640\"><span dir=\"auto\" style=\"vertical-align: inherit;\"><span dir=\"auto\" style=\"vertical-align: inherit;\">Sulgemine:<\/span><\/span><\/strong><span dir=\"auto\" style=\"vertical-align: inherit;\"><span dir=\"auto\" style=\"vertical-align: inherit;\"> Veenduge, et pakend on korralikult suletud.<\/span><\/span><\/p>\n<\/li>\n<li data-start=\"5693\" data-end=\"5778\">\n<p data-start=\"5696\" data-end=\"5778\"><strong data-start=\"5696\" data-end=\"5710\"><span dir=\"auto\" style=\"vertical-align: inherit;\"><span dir=\"auto\" style=\"vertical-align: inherit;\">Regulaarsus:<\/span><\/span><\/strong><span dir=\"auto\" style=\"vertical-align: inherit;\"><span dir=\"auto\" style=\"vertical-align: inherit;\"> Optimaalsete tulemuste saavutamiseks v\u00f5tke iga p\u00e4ev samal kellaajal.<\/span><\/span><\/p>\n<\/li>\n<\/ol>\n<blockquote data-start=\"5780\" data-end=\"5922\">\n<p data-start=\"5782\" data-end=\"5922\">\u26a0\ufe0f <strong data-start=\"5785\" data-end=\"5796\"><span dir=\"auto\" style=\"vertical-align: inherit;\"><span dir=\"auto\" style=\"vertical-align: inherit;\">Palun arvestage:<\/span><\/span><\/strong><span dir=\"auto\" style=\"vertical-align: inherit;\"><span dir=\"auto\" style=\"vertical-align: inherit;\"> Enne uute toidulisandite v\u00f5tmist pidage alati n\u00f5u oma arstiga, eriti kui olete rase, toidate last rinnaga v\u00f5i v\u00f5tate ravimeid.<\/span><\/span><\/p>\n<\/blockquote>\n<hr data-start=\"5924\" data-end=\"5927\" \/>\n<h3 data-start=\"5929\" data-end=\"5956\"><strong data-start=\"5933\" data-end=\"5956\"><span dir=\"auto\" style=\"vertical-align: inherit;\"><span dir=\"auto\" style=\"vertical-align: inherit;\">Korduma kippuvad k\u00fcsimused<\/span><\/span><\/strong><\/h3>\n<p data-start=\"5958\" data-end=\"6182\"><strong data-start=\"5958\" data-end=\"5991\"><span dir=\"auto\" style=\"vertical-align: inherit;\"><span dir=\"auto\" style=\"vertical-align: inherit;\">1. Mis on 25 mg CBD graanulid?<\/span><\/span><\/strong><br data-start=\"5991\" data-end=\"5994\" \/><span dir=\"auto\" style=\"vertical-align: inherit;\"><span dir=\"auto\" style=\"vertical-align: inherit;\"> CBD 25 mg graanulid on <\/span><\/span><strong data-start=\"6016\" data-end=\"6075\"><span dir=\"auto\" style=\"vertical-align: inherit;\"><span dir=\"auto\" style=\"vertical-align: inherit;\">v\u00e4ikesed, t\u00e4pselt doseeritud kannabidiooli (CBD) annused<\/span><\/span><\/strong><span dir=\"auto\" style=\"vertical-align: inherit;\"><span dir=\"auto\" style=\"vertical-align: inherit;\"> kanepi ekstraktist saadud. Need pakuvad mugavat, usaldusv\u00e4\u00e4rset ja THC-vaba viisi CBD v\u00f5tmiseks.<\/span><\/span><\/p>\n<p data-start=\"6184\" data-end=\"6315\"><strong data-start=\"6184\" data-end=\"6225\"><span dir=\"auto\" style=\"vertical-align: inherit;\"><span dir=\"auto\" style=\"vertical-align: inherit;\">2. Kas ma saan 25 mg CBD graanulitest pilve?<\/span><\/span><\/strong><br data-start=\"6225\" data-end=\"6228\" \/><span dir=\"auto\" style=\"vertical-align: inherit;\"><span dir=\"auto\" style=\"vertical-align: inherit;\"> Ei. Need graanulid teevad seda. <\/span><\/span><strong data-start=\"6255\" data-end=\"6267\"><span dir=\"auto\" style=\"vertical-align: inherit;\"><span dir=\"auto\" style=\"vertical-align: inherit;\">ei sisalda THC-d<\/span><\/span><\/strong><span dir=\"auto\" style=\"vertical-align: inherit;\"><span dir=\"auto\" style=\"vertical-align: inherit;\"> ja seet\u00f5ttu on neil <\/span><\/span><strong data-start=\"6282\" data-end=\"6312\"><span dir=\"auto\" style=\"vertical-align: inherit;\"><span dir=\"auto\" style=\"vertical-align: inherit;\">ps\u00fchhoaktiivset toimet ei ole<\/span><\/span><\/strong><span dir=\"auto\" style=\"vertical-align: inherit;\"><span dir=\"auto\" style=\"vertical-align: inherit;\"> .<\/span><\/span><\/p>\n<p data-start=\"6317\" data-end=\"6489\"><strong data-start=\"6317\" data-end=\"6357\"><span dir=\"auto\" style=\"vertical-align: inherit;\"><span dir=\"auto\" style=\"vertical-align: inherit;\">3. Kui kiiresti 25 mg CBD graanulid toimivad?<\/span><\/span><\/strong><br data-start=\"6357\" data-end=\"6360\" \/><span dir=\"auto\" style=\"vertical-align: inherit;\"><span dir=\"auto\" style=\"vertical-align: inherit;\"> Enamik kasutajaid m\u00e4rkab m\u00f5ju seespool <\/span><\/span><strong data-start=\"6395\" data-end=\"6412\"><span dir=\"auto\" style=\"vertical-align: inherit;\"><span dir=\"auto\" style=\"vertical-align: inherit;\">30\u201360 minutit<\/span><\/span><\/strong><span dir=\"auto\" style=\"vertical-align: inherit;\"><span dir=\"auto\" style=\"vertical-align: inherit;\"> , olenevalt nende ainevahetusest ja allaneelamise j\u00e4rjepidevusest.<\/span><\/span><\/p>\n<hr data-start=\"6491\" data-end=\"6494\" \/>\n<h3 data-start=\"6496\" data-end=\"6514\"><strong data-start=\"6500\" data-end=\"6514\"><span dir=\"auto\" style=\"vertical-align: inherit;\"><span dir=\"auto\" style=\"vertical-align: inherit;\">Lahti\u00fctlus<\/span><\/span><\/strong><\/h3>\n<p data-start=\"6515\" data-end=\"6712\"><span dir=\"auto\" style=\"vertical-align: inherit;\"><span dir=\"auto\" style=\"vertical-align: inherit;\">See toode on <\/span><\/span><strong data-start=\"6530\" data-end=\"6598\"><span dir=\"auto\" style=\"vertical-align: inherit;\"><span dir=\"auto\" style=\"vertical-align: inherit;\">ei ole m\u00f5eldud \u00fchegi haiguse diagnoosimiseks, raviks ega leevendamiseks<\/span><\/span><\/strong><span dir=\"auto\" style=\"vertical-align: inherit;\"><span dir=\"auto\" style=\"vertical-align: inherit;\"> Enne toidulisandite kasutamist konsulteerige alati arstiga. <\/span><\/span><strong data-start=\"6659\" data-end=\"6710\"><span dir=\"auto\" style=\"vertical-align: inherit;\"><span dir=\"auto\" style=\"vertical-align: inherit;\">Ei sobi alla 18-aastastele isikutele. <\/span><\/span><\/strong><a href=\"https:\/\/researchchemicalhub.com\/et\/pood\/kategooriatesse\/osta-4mmc\/\"><span dir=\"auto\" style=\"vertical-align: inherit;\"><span dir=\"auto\" style=\"vertical-align: inherit;\">Osta 4mmc, <\/span><\/span><\/a><a href=\"https:\/\/researchchemicalhub.com\/et\/pood\/kategooriatesse\/bensokaiini-pulber\/\"><span dir=\"auto\" style=\"vertical-align: inherit;\"><span dir=\"auto\" style=\"vertical-align: inherit;\">bensokaiini pulber <\/span><\/span><\/a><a href=\"https:\/\/researchchemicalhub.com\/et\/pood\/kategooriatesse\/osta-fentanuuli\/\"><span dir=\"auto\" style=\"vertical-align: inherit;\"><span dir=\"auto\" style=\"vertical-align: inherit;\">, osta fentan\u00fc\u00fcli <\/span><\/span><\/a><a href=\"https:\/\/researchchemicalhub.com\/et\/pood\/iboga-ibogaiin\/osta-ibogat\/\"><span dir=\"auto\" style=\"vertical-align: inherit;\"><span dir=\"auto\" style=\"vertical-align: inherit;\">, osta iboga , osta <\/span><\/span><\/a><a href=\"https:\/\/researchchemicalhub.com\/et\/pood\/kategooriatesse\/osta-fentanuuli\/\"><span dir=\"auto\" style=\"vertical-align: inherit;\"><span dir=\"auto\" style=\"vertical-align: inherit;\">fentan\u00fc\u00fcli tablett <\/span><\/span><\/a><a href=\"https:\/\/researchchemicalhub.com\/et\/pood\/iboga-ibogaiin\/osta-ibogat\/\"><span dir=\"auto\" style=\"vertical-align: inherit;\"><span dir=\"auto\" style=\"vertical-align: inherit;\">, iboga, <\/span><\/span><\/a><a href=\"https:\/\/researchchemicalhub.com\/et\/pood\/iboga-ibogaiin\/osta-ibogaine-hcl-veebist\/\"><span dir=\"auto\" style=\"vertical-align: inherit;\"><span dir=\"auto\" style=\"vertical-align: inherit;\">osta ibogaine hcl veebist<\/span><\/span><\/a><\/p>","protected":false},"excerpt":{"rendered":"<h3><span dir=\"auto\" style=\"vertical-align: inherit;\"><span dir=\"auto\" style=\"vertical-align: inherit;\"><span dir=\"auto\" style=\"vertical-align: inherit;\"><span dir=\"auto\" style=\"vertical-align: inherit;\">CBD omadused<\/span><\/span><\/span><\/span><\/h3>\n<p><strong><span dir=\"auto\" style=\"vertical-align: inherit;\"><span dir=\"auto\" style=\"vertical-align: inherit;\"><span dir=\"auto\" style=\"vertical-align: inherit;\"><span dir=\"auto\" style=\"vertical-align: inherit;\">S\u00fcnon\u00fc\u00fcm:<\/span><\/span><\/span><\/span><\/strong><span dir=\"auto\" style=\"vertical-align: inherit;\"><span dir=\"auto\" style=\"vertical-align: inherit;\"><span dir=\"auto\" style=\"vertical-align: inherit;\"><span dir=\"auto\" style=\"vertical-align: inherit;\"> Kannabidiool <\/span><\/span><\/span><\/span><br \/>\n<strong><span dir=\"auto\" style=\"vertical-align: inherit;\"><span dir=\"auto\" style=\"vertical-align: inherit;\"><span dir=\"auto\" style=\"vertical-align: inherit;\"><span dir=\"auto\" style=\"vertical-align: inherit;\">CAS-number:<\/span><\/span><\/span><\/span><\/strong><span dir=\"auto\" style=\"vertical-align: inherit;\"><span dir=\"auto\" style=\"vertical-align: inherit;\"><span dir=\"auto\" style=\"vertical-align: inherit;\"><span dir=\"auto\" style=\"vertical-align: inherit;\"> ei ole kohaldatav <\/span><\/span><\/span><\/span><br \/>\n<strong><span dir=\"auto\" style=\"vertical-align: inherit;\"><span dir=\"auto\" style=\"vertical-align: inherit;\"><span dir=\"auto\" style=\"vertical-align: inherit;\"><span dir=\"auto\" style=\"vertical-align: inherit;\">Valem:<\/span><\/span><\/span><\/span><\/strong><span dir=\"auto\" style=\"vertical-align: inherit;\"><span dir=\"auto\" style=\"vertical-align: inherit;\"><span dir=\"auto\" style=\"vertical-align: inherit;\"><span dir=\"auto\" style=\"vertical-align: inherit;\"> C <\/span><\/span><\/span><\/span><sub><span dir=\"auto\" style=\"vertical-align: inherit;\"><span dir=\"auto\" style=\"vertical-align: inherit;\"><span dir=\"auto\" style=\"vertical-align: inherit;\"><span dir=\"auto\" style=\"vertical-align: inherit;\">21<\/span><\/span><\/span><\/span><\/sub><span dir=\"auto\" style=\"vertical-align: inherit;\"><span dir=\"auto\" style=\"vertical-align: inherit;\"><span dir=\"auto\" style=\"vertical-align: inherit;\"><span dir=\"auto\" style=\"vertical-align: inherit;\"> H <\/span><\/span><\/span><\/span><sub><span dir=\"auto\" style=\"vertical-align: inherit;\"><span dir=\"auto\" style=\"vertical-align: inherit;\"><span dir=\"auto\" style=\"vertical-align: inherit;\"><span dir=\"auto\" style=\"vertical-align: inherit;\">30<\/span><\/span><\/span><\/span><\/sub><span dir=\"auto\" style=\"vertical-align: inherit;\"><span dir=\"auto\" style=\"vertical-align: inherit;\"><span dir=\"auto\" style=\"vertical-align: inherit;\"><span dir=\"auto\" style=\"vertical-align: inherit;\"> O <\/span><\/span><\/span><\/span><sub><span dir=\"auto\" style=\"vertical-align: inherit;\"><span dir=\"auto\" style=\"vertical-align: inherit;\"><span dir=\"auto\" style=\"vertical-align: inherit;\"><span dir=\"auto\" style=\"vertical-align: inherit;\">2 <\/span><\/span><\/span><\/span><\/sub><br \/>\n<strong><span dir=\"auto\" style=\"vertical-align: inherit;\"><span dir=\"auto\" style=\"vertical-align: inherit;\"><span dir=\"auto\" style=\"vertical-align: inherit;\"><span dir=\"auto\" style=\"vertical-align: inherit;\">Molaarmass:<\/span><\/span><\/span><\/span><\/strong><span dir=\"auto\" style=\"vertical-align: inherit;\"><span dir=\"auto\" style=\"vertical-align: inherit;\"><span dir=\"auto\" style=\"vertical-align: inherit;\"><span dir=\"auto\" style=\"vertical-align: inherit;\"> ei ole kohaldatav <\/span><\/span><\/span><\/span><br \/>\n<strong><span dir=\"auto\" style=\"vertical-align: inherit;\"><span dir=\"auto\" style=\"vertical-align: inherit;\"><span dir=\"auto\" style=\"vertical-align: inherit;\"><span dir=\"auto\" style=\"vertical-align: inherit;\">Puhtus:<\/span><\/span><\/span><\/span><\/strong><span dir=\"auto\" style=\"vertical-align: inherit;\"><span dir=\"auto\" style=\"vertical-align: inherit;\"><span dir=\"auto\" style=\"vertical-align: inherit;\"><span dir=\"auto\" style=\"vertical-align: inherit;\"> &gt;98%<\/span><\/span><\/span><\/span><\/p>","protected":false},"featured_media":28490,"comment_status":"closed","ping_status":"closed","template":"","meta":[],"product_brand":[82],"product_cat":[422,423,336,324],"product_tag":[735,736,737,732,733,734,326],"class_list":{"0":"post-24912","1":"product","2":"type-product","3":"status-publish","4":"has-post-thumbnail","6":"product_brand-research-chemical","7":"product_cat-cbd","8":"product_cat-cbd-pellets","9":"product_cat-overig","10":"product_cat-pellets-for-pellet","11":"product_tag-benefits-of-cbd-pellets-for-horses","12":"product_tag-best-cbd-pellets-for-horses","13":"product_tag-can-your-horse-test-positive-using-cbd-pellets","14":"product_tag-cbd-pellets","15":"product_tag-cbd-pellets-ervaringen","16":"product_tag-cbd-pellets-for-horses","17":"product_tag-nl","19":"first","20":"instock","21":"taxable","22":"shipping-taxable","23":"purchasable","24":"product-type-variable"},"_links":{"self":[{"href":"https:\/\/researchchemicalhub.com\/et\/wp-json\/wp\/v2\/product\/24912","targetHints":{"allow":["GET"]}}],"collection":[{"href":"https:\/\/researchchemicalhub.com\/et\/wp-json\/wp\/v2\/product"}],"about":[{"href":"https:\/\/researchchemicalhub.com\/et\/wp-json\/wp\/v2\/types\/product"}],"replies":[{"embeddable":true,"href":"https:\/\/researchchemicalhub.com\/et\/wp-json\/wp\/v2\/comments?post=24912"}],"version-history":[{"count":8,"href":"https:\/\/researchchemicalhub.com\/et\/wp-json\/wp\/v2\/product\/24912\/revisions"}],"predecessor-version":[{"id":28634,"href":"https:\/\/researchchemicalhub.com\/et\/wp-json\/wp\/v2\/product\/24912\/revisions\/28634"}],"wp:featuredmedia":[{"embeddable":true,"href":"https:\/\/researchchemicalhub.com\/et\/wp-json\/wp\/v2\/media\/28490"}],"wp:attachment":[{"href":"https:\/\/researchchemicalhub.com\/et\/wp-json\/wp\/v2\/media?parent=24912"}],"wp:term":[{"taxonomy":"product_brand","embeddable":true,"href":"https:\/\/researchchemicalhub.com\/et\/wp-json\/wp\/v2\/product_brand?post=24912"},{"taxonomy":"product_cat","embeddable":true,"href":"https:\/\/researchchemicalhub.com\/et\/wp-json\/wp\/v2\/product_cat?post=24912"},{"taxonomy":"product_tag","embeddable":true,"href":"https:\/\/researchchemicalhub.com\/et\/wp-json\/wp\/v2\/product_tag?post=24912"}],"curies":[{"name":"t\u00f6\u00f6leht","href":"https:\/\/api.w.org\/{rel}","templated":true}]}}