{"id":24569,"date":"2025-10-20T17:42:02","date_gmt":"2025-10-20T17:42:02","guid":{"rendered":"https:\/\/researchchemicalhub.com\/?post_type=product&#038;p=24569"},"modified":"2025-10-29T08:10:15","modified_gmt":"2025-10-29T08:10:15","slug":"dipropuultruptamiin","status":"publish","type":"product","link":"https:\/\/researchchemicalhub.com\/et\/pood\/osakond\/dipropuultruptamiin\/","title":{"rendered":"DPT HCl (diprop\u00fc\u00fcltr\u00fcptamiin)"},"content":{"rendered":"<h3 data-start=\"4130\" data-end=\"4151\"><strong data-start=\"4134\" data-end=\"4149\">Sissejuhatus<\/strong><\/h3>\n<p data-start=\"4152\" data-end=\"4535\"><strong data-start=\"4152\" data-end=\"4198\">DPT HCl (diprop\u00fc\u00fcltr\u00fcptamiinvesinikkloriid)<\/strong> on <strong data-start=\"4206\" data-end=\"4243\">s\u00fcnteetiline tr\u00fcptamiini\u00fchend<\/strong> samast keemilisest perekonnast kui DMT, DET ja DiPT. Kui <strong data-start=\"4301\" data-end=\"4322\">indool-alk\u00fc\u00fclamiin<\/strong> DPT-d kasutatakse <strong data-start=\"4345\" data-end=\"4402\">neurokeemilised, farmakoloogilised ja anal\u00fc\u00fctilised uuringud<\/strong>, eriti serotoniini retseptoriga seondumise, struktuuri-aktiivsuse seoste (SAR) ja spektraalse iseloomustamise uurimiseks. Diprop\u00fc\u00fcltr\u00fcptamiin<\/p>\n<p data-start=\"4537\" data-end=\"4789\">Teaduskeskkondades hinnatakse DPT HCl-i selle poolest <strong data-start=\"4599\" data-end=\"4619\">k\u00f5rge stabiilsus<\/strong>, <strong data-start=\"4621\" data-end=\"4654\">usaldusv\u00e4\u00e4rne puhtus (\u226598%)<\/strong> ja <strong data-start=\"4658\" data-end=\"4694\">vees lahustuv kristalliline vorm<\/strong>, mis teeb selle sobivaks <strong data-start=\"4724\" data-end=\"4742\">kromatograafia<\/strong>, <strong data-start=\"4744\" data-end=\"4761\">spektroskoopia<\/strong> ja <strong data-start=\"4765\" data-end=\"4786\">retseptorite uuringud<\/strong>.<\/p>\n<blockquote data-start=\"4791\" data-end=\"4937\">\n<p data-start=\"4793\" data-end=\"4937\">\u26a0\ufe0f <strong data-start=\"4796\" data-end=\"4807\">NB!<\/strong> DPT HCl on ette n\u00e4htud ainult <strong data-start=\"4844\" data-end=\"4885\">laboratoorsed ja anal\u00fc\u00fctilised uuringud<\/strong> \u2014 <strong data-start=\"4888\" data-end=\"4936\">mitte inimtoiduks ega loomade toiduks<\/strong>.<\/p>\n<\/blockquote>\n<hr data-start=\"4939\" data-end=\"4942\" \/>\n<h3 data-start=\"4944\" data-end=\"4975\"><strong data-start=\"4948\" data-end=\"4975\">Peamised omadused<\/strong><\/h3>\n<div class=\"_tableContainer_1rjym_1\">\n<div class=\"group _tableWrapper_1rjym_13 flex w-fit flex-col-reverse\" tabindex=\"-1\">\n<table class=\"w-fit min-w-(--thread-content-width)\" data-start=\"4977\" data-end=\"5501\">\n<thead data-start=\"4977\" data-end=\"5003\">\n<tr data-start=\"4977\" data-end=\"5003\">\n<th data-start=\"4977\" data-end=\"4987\" data-col-size=\"sm\">Funktsioon<\/th>\n<th data-start=\"4987\" data-end=\"5003\" data-col-size=\"md\">Kirjeldus<\/th>\n<\/tr>\n<\/thead>\n<tbody data-start=\"5032\" data-end=\"5501\">\n<tr data-start=\"5032\" data-end=\"5089\">\n<td data-start=\"5032\" data-end=\"5053\" data-col-size=\"sm\"><strong data-start=\"5034\" data-end=\"5052\">Keemiline nimetus<\/strong><\/td>\n<td data-start=\"5053\" data-end=\"5089\" data-col-size=\"md\">Diprop\u00fc\u00fcltr\u00fcptamiinvesinikkloriid<\/td>\n<\/tr>\n<tr data-start=\"5090\" data-end=\"5126\">\n<td data-start=\"5090\" data-end=\"5115\" data-col-size=\"sm\"><strong data-start=\"5092\" data-end=\"5114\">\u00dcldnimetus<\/strong><\/td>\n<td data-start=\"5115\" data-end=\"5126\" data-col-size=\"md\">DPT HCl<\/td>\n<\/tr>\n<tr data-start=\"5127\" data-end=\"5165\">\n<td data-start=\"5127\" data-end=\"5149\" data-col-size=\"sm\"><strong data-start=\"5129\" data-end=\"5148\">Molekulaarne valem<\/strong><\/td>\n<td data-start=\"5149\" data-end=\"5165\" data-col-size=\"md\">C\u2081\u2086H\u2082\u2085N\u2082\u00b7HCl<\/td>\n<\/tr>\n<tr data-start=\"5166\" data-end=\"5204\">\n<td data-start=\"5166\" data-end=\"5188\" data-col-size=\"sm\"><strong data-start=\"5168\" data-end=\"5187\">Molekulaarmass<\/strong><\/td>\n<td data-start=\"5188\" data-end=\"5204\" data-col-size=\"md\">296,85 g\/mol<\/td>\n<\/tr>\n<tr data-start=\"5205\" data-end=\"5275\">\n<td data-start=\"5205\" data-end=\"5228\" data-col-size=\"sm\"><strong data-start=\"5207\" data-end=\"5227\">Keemiline klass<\/strong><\/td>\n<td data-start=\"5228\" data-end=\"5275\" data-col-size=\"md\">S\u00fcnteetiline tr\u00fcptamiin \/ indool-alk\u00fc\u00fclamiin<\/td>\n<\/tr>\n<tr data-start=\"5276\" data-end=\"5320\">\n<td data-start=\"5276\" data-end=\"5287\" data-col-size=\"sm\"><strong data-start=\"5278\" data-end=\"5286\">Vorm<\/strong><\/td>\n<td data-start=\"5287\" data-end=\"5320\" data-col-size=\"md\">Kristalliline vesinikkloriidsool<\/td>\n<\/tr>\n<tr data-start=\"5321\" data-end=\"5372\">\n<td data-start=\"5321\" data-end=\"5338\" data-col-size=\"sm\"><strong data-start=\"5323\" data-end=\"5337\">Puhtus<\/strong><\/td>\n<td data-start=\"5338\" data-end=\"5372\" data-col-size=\"md\">\u2265 98% (testitud HPLC ja NMR abil)<\/td>\n<\/tr>\n<tr data-start=\"5373\" data-end=\"5447\">\n<td data-start=\"5373\" data-end=\"5387\" data-col-size=\"sm\"><strong data-start=\"5375\" data-end=\"5386\">Kasutus<\/strong><\/td>\n<td data-col-size=\"md\" data-start=\"5387\" data-end=\"5447\">Ainult anal\u00fc\u00fctiliseks, kohtuekspertiisi ja keemiliseks uurimist\u00f6\u00f6ks<\/td>\n<\/tr>\n<tr data-start=\"5448\" data-end=\"5501\">\n<td data-start=\"5448\" data-end=\"5461\" data-col-size=\"sm\"><strong data-start=\"5450\" data-end=\"5460\">Ladustamine<\/strong><\/td>\n<td data-start=\"5461\" data-end=\"5501\" data-col-size=\"md\">Hoida jahedas (2\u20138 \u00b0C), kuivas ja pimedas<\/td>\n<\/tr>\n<\/tbody>\n<\/table>\n<\/div>\n<\/div>\n<hr data-start=\"5503\" data-end=\"5506\" \/>\n<h3 data-start=\"5508\" data-end=\"5525\"><strong data-start=\"5512\" data-end=\"5525\">Eelised<\/strong><\/h3>\n<ul data-start=\"5527\" data-end=\"6004\">\n<li data-start=\"5527\" data-end=\"5626\">\n<p data-start=\"5529\" data-end=\"5626\"><strong data-start=\"5529\" data-end=\"5548\">K\u00f5rge puhtusastmega<\/strong> \u2013 \u226598% laborikvaliteediga, ideaalne usaldusv\u00e4\u00e4rsete uurimistulemuste saamiseks.<\/p>\n<\/li>\n<li data-start=\"5627\" data-end=\"5713\">\n<p data-start=\"5629\" data-end=\"5713\"><strong data-start=\"5629\" data-end=\"5646\">Stabiilne kuju<\/strong> \u2013 Vesinikkloriidvorm suurendab stabiilsust ja lahustuvust.<\/p>\n<\/li>\n<li data-start=\"5714\" data-end=\"5793\">\n<p data-start=\"5716\" data-end=\"5793\"><strong data-start=\"5716\" data-end=\"5741\">Anal\u00fc\u00fctiline mitmek\u00fclgne<\/strong> \u2013 Sobib GC\/MS, HPLC, FTIR ja NMR anal\u00fc\u00fcsiks.<\/p>\n<\/li>\n<li data-start=\"5794\" data-end=\"5904\">\n<p data-start=\"5796\" data-end=\"5904\"><strong data-start=\"5796\" data-end=\"5825\">Neurokeemiline olulisus<\/strong> \u2013 Kasutatakse serotoniini retseptorite (5-HT1A, 5-HT2A jne) uurimiseks.<\/p>\n<\/li>\n<li data-start=\"5905\" data-end=\"6004\">\n<p data-start=\"5907\" data-end=\"6004\"><strong data-start=\"5907\" data-end=\"5932\">J\u00e4lgitav kvaliteet<\/strong> \u2013 Iga partiiga on soovi korral kaasas anal\u00fc\u00fcsisertifikaat (COA).<\/p>\n<\/li>\n<\/ul>\n<hr data-start=\"6006\" data-end=\"6009\" \/>\n<h3 data-start=\"6011\" data-end=\"6063\"><strong data-start=\"6015\" data-end=\"6061\">Kasutamine (ainult uurimist\u00f6\u00f6 eesm\u00e4rgil)<\/strong><\/h3>\n<ol data-start=\"6065\" data-end=\"6460\">\n<li data-start=\"6065\" data-end=\"6134\">\n<p data-start=\"6068\" data-end=\"6134\"><strong data-start=\"6068\" data-end=\"6083\">K\u00e4itlemine:<\/strong> Kandke kindaid, laborikitlit ja kaitseprille.<\/p>\n<\/li>\n<li data-start=\"6135\" data-end=\"6209\">\n<p data-start=\"6138\" data-end=\"6209\"><strong data-start=\"6138\" data-end=\"6151\">M\u00f5\u00f5dud:<\/strong> T\u00e4pse doseerimise tagamiseks kasutage kalibreeritud instrumente.<\/p>\n<\/li>\n<li data-start=\"6210\" data-end=\"6276\">\n<p data-start=\"6213\" data-end=\"6276\"><strong data-start=\"6213\" data-end=\"6224\">S\u00e4ilitamine:<\/strong> Hoida suletuna jahedas (2\u20138 \u00b0C), kuivas ja pimedas kohas.<\/p>\n<\/li>\n<li data-start=\"6277\" data-end=\"6377\">\n<p data-start=\"6280\" data-end=\"6377\"><strong data-start=\"6280\" data-end=\"6292\">Anal\u00fc\u00fcs:<\/strong> Sobib kromatograafiliseks, spektroskoopiliseks ja farmakoloogiliseks kasutamiseks.<\/p>\n<\/li>\n<li data-start=\"6378\" data-end=\"6460\">\n<p data-start=\"6381\" data-end=\"6460\"><strong data-start=\"6381\" data-end=\"6398\">Dokumentatsioon:<\/strong> Pane kirja partiinumbrid, testi tulemused ja s\u00e4ilitustingimused.<\/p>\n<\/li>\n<\/ol>\n<hr data-start=\"6462\" data-end=\"6465\" \/>\n<h3 data-start=\"6467\" data-end=\"6502\"><strong data-start=\"6471\" data-end=\"6500\">Korduma kippuvad k\u00fcsimused (KKK)<\/strong><\/h3>\n<p data-start=\"6504\" data-end=\"6702\"><strong data-start=\"6504\" data-end=\"6526\">1. Mis on DPT HCl?<\/strong><br data-start=\"6526\" data-end=\"6529\" \/><strong data-start=\"6529\" data-end=\"6575\">DPT HCl (diprop\u00fc\u00fcltr\u00fcptamiinvesinikkloriid)<\/strong> on <strong data-start=\"6583\" data-end=\"6610\">s\u00fcnteetiline tr\u00fcptamiin<\/strong> mida kasutatakse serotoniini retseptorite anal\u00fc\u00fctiliseks ja neurokeemiliseks uurimiseks.<\/p>\n<p data-start=\"6704\" data-end=\"6886\"><strong data-start=\"6704\" data-end=\"6743\">2. Milleks DPT HCl-i kasutatakse?<\/strong><br data-start=\"6743\" data-end=\"6746\" \/>Sest <strong data-start=\"6751\" data-end=\"6783\">serotoniini retseptori uuringud<\/strong>, <strong data-start=\"6785\" data-end=\"6815\">struktuuri-aktiivsuse uuringud<\/strong>ja <strong data-start=\"6820\" data-end=\"6852\">kromatograafiline kalibreerimine<\/strong> anal\u00fc\u00fctiliste laborite sees.<\/p>\n<p data-start=\"6888\" data-end=\"7139\"><strong data-start=\"6888\" data-end=\"6929\">3. Kas DPT HCl ostmine on seaduslik?<\/strong><br data-start=\"6929\" data-end=\"6932\" \/>See <strong data-start=\"6935\" data-end=\"6961\">DPT HCl seaduslikkus<\/strong> varieerub riigiti. M\u00f5nes riigis peetakse seda uurimiskemikaaliks; mujal v\u00f5idakse seda reguleerida. Enne kasutamist kontrollige alati kohalikke eeskirju. <strong data-start=\"7119\" data-end=\"7136\">DPT HCl osta<\/strong>.<\/p>","protected":false},"excerpt":{"rendered":"<h3><span data-sheets-value=\"{\" data-sheets-userformat=\"{\">DPT fumaraadi omadused<\/span><\/h3>\n<p><strong>S\u00fcnon\u00fc\u00fcm:<\/strong> N,N-diprop\u00fc\u00fcltr\u00fcptamiin<br \/>\n<strong>CAS-number:<\/strong> 61-52-9<br \/>\n<strong>Valem:<\/strong> <span title=\"S\u00fcsinik\">C<\/span><sub>16<\/sub><span title=\"Vesinik\">H<\/span><sub>24<\/sub><span title=\"L\u00e4mmastik\">N<\/span><sub>2<\/sub><br \/>\n<strong>Molaarmass:<\/strong> 244,382 g\/mol<br \/>\n<strong>Puhtus:<\/strong> &gt;97%<\/p>","protected":false},"featured_media":28511,"comment_status":"closed","ping_status":"closed","template":"","meta":[],"product_brand":[82],"product_cat":[457,381],"product_tag":[805,804,806,807,808,809,326],"class_list":{"0":"post-24569","1":"product","2":"type-product","3":"status-publish","4":"has-post-thumbnail","6":"product_brand-research-chemical","7":"product_cat-dpt","8":"product_cat-tryptamines","9":"product_tag-buy-dipropyltryptamine","10":"product_tag-dipropyltryptamine","11":"product_tag-dipropyltryptamine-buy","12":"product_tag-dipropyltryptamine-buy-direct","13":"product_tag-dipropyltryptamine-kopen","14":"product_tag-dipropyltryptamine-netherland","15":"product_tag-nl","17":"first","18":"instock","19":"taxable","20":"shipping-taxable","21":"purchasable","22":"product-type-variable"},"_links":{"self":[{"href":"https:\/\/researchchemicalhub.com\/et\/wp-json\/wp\/v2\/product\/24569","targetHints":{"allow":["GET"]}}],"collection":[{"href":"https:\/\/researchchemicalhub.com\/et\/wp-json\/wp\/v2\/product"}],"about":[{"href":"https:\/\/researchchemicalhub.com\/et\/wp-json\/wp\/v2\/types\/product"}],"replies":[{"embeddable":true,"href":"https:\/\/researchchemicalhub.com\/et\/wp-json\/wp\/v2\/comments?post=24569"}],"version-history":[{"count":6,"href":"https:\/\/researchchemicalhub.com\/et\/wp-json\/wp\/v2\/product\/24569\/revisions"}],"predecessor-version":[{"id":27771,"href":"https:\/\/researchchemicalhub.com\/et\/wp-json\/wp\/v2\/product\/24569\/revisions\/27771"}],"wp:featuredmedia":[{"embeddable":true,"href":"https:\/\/researchchemicalhub.com\/et\/wp-json\/wp\/v2\/media\/28511"}],"wp:attachment":[{"href":"https:\/\/researchchemicalhub.com\/et\/wp-json\/wp\/v2\/media?parent=24569"}],"wp:term":[{"taxonomy":"product_brand","embeddable":true,"href":"https:\/\/researchchemicalhub.com\/et\/wp-json\/wp\/v2\/product_brand?post=24569"},{"taxonomy":"product_cat","embeddable":true,"href":"https:\/\/researchchemicalhub.com\/et\/wp-json\/wp\/v2\/product_cat?post=24569"},{"taxonomy":"product_tag","embeddable":true,"href":"https:\/\/researchchemicalhub.com\/et\/wp-json\/wp\/v2\/product_tag?post=24569"}],"curies":[{"name":"t\u00f6\u00f6leht","href":"https:\/\/api.w.org\/{rel}","templated":true}]}}