{"id":24537,"date":"2025-10-20T17:41:54","date_gmt":"2025-10-20T17:41:54","guid":{"rendered":"https:\/\/researchchemicalhub.com\/?post_type=product&#038;p=24537"},"modified":"2025-10-21T16:01:53","modified_gmt":"2025-10-21T16:01:53","slug":"osta-2c-e","status":"publish","type":"product","link":"https:\/\/researchchemicalhub.com\/et\/pood\/ettevotetelt-ettevotetele\/osta-2c-e\/","title":{"rendered":"2C-E 10 MG pelletite blisterpakend"},"content":{"rendered":"<h3 data-start=\"3825\" data-end=\"3846\"><strong data-start=\"3829\" data-end=\"3844\">Sissejuhatus<\/strong><\/h3>\n<p data-start=\"3847\" data-end=\"4109\"><strong data-start=\"3847\" data-end=\"3889\">2C-E 10 mg graanulid (blisterpakend)<\/strong> sisaldavad <strong data-start=\"3903\" data-end=\"3943\">t\u00e4pselt kaalutud annus 10 mg<\/strong> <strong data-start=\"3944\" data-end=\"3989\">2C-E (2,5-dimetoks\u00fc-4-et\u00fc\u00fclfenet\u00fc\u00fclamiin)<\/strong> - \u00dcks <strong data-start=\"3996\" data-end=\"4026\">s\u00fcnteetiline fen\u00fc\u00fclamiin<\/strong> alates <strong data-start=\"4034\" data-end=\"4048\">2C perekond<\/strong>, algselt v\u00e4lja t\u00f6\u00f6tatud <strong data-start=\"4081\" data-end=\"4106\">Dr. Aleksander \u0160ulgin<\/strong>. 2c e\u200b<\/p>\n<p data-start=\"4111\" data-end=\"4452\">2C-E-d kasutatakse laialdaselt <strong data-start=\"4139\" data-end=\"4179\">keemilised ja farmakoloogilised uuringud<\/strong> eest <strong data-start=\"4185\" data-end=\"4234\">struktuuri-aktiivsuse seose (SAR) uuringud<\/strong> ja <strong data-start=\"4238\" data-end=\"4267\">retseptori sidumise uuringud<\/strong>.<br data-start=\"4268\" data-end=\"4271\" \/>Iga pellet toodetakse vastavalt <strong data-start=\"4310\" data-end=\"4356\">laboristandardid (puhtus \u2265 98%)<\/strong> ja pakitud \u00fchte <strong data-start=\"4375\" data-end=\"4409\">kaitsev blisterpakend<\/strong> maksimaalse stabiilsuse ja ohutuse tagamiseks.<\/p>\n<blockquote data-start=\"4454\" data-end=\"4603\">\n<p data-start=\"4456\" data-end=\"4603\">\u26a0\ufe0f <strong data-start=\"4459\" data-end=\"4470\">NB!<\/strong> 2C-E on m\u00f5eldud ainult <strong data-start=\"4504\" data-end=\"4545\">laboratoorsed ja anal\u00fc\u00fctilised uuringud<\/strong> \u2014 <strong data-start=\"4548\" data-end=\"4600\">ei sobi inimestele ega loomadele kasutamiseks<\/strong>.<\/p>\n<\/blockquote>\n<hr data-start=\"4605\" data-end=\"4608\" \/>\n<h3 data-start=\"4610\" data-end=\"4641\"><strong data-start=\"4614\" data-end=\"4641\">Peamised omadused<\/strong><\/h3>\n<div class=\"_tableContainer_1rjym_1\">\n<div class=\"group _tableWrapper_1rjym_13 flex w-fit flex-col-reverse\" tabindex=\"-1\">\n<table class=\"w-fit min-w-(--thread-content-width)\" data-start=\"4643\" data-end=\"5125\">\n<thead data-start=\"4643\" data-end=\"4669\">\n<tr data-start=\"4643\" data-end=\"4669\">\n<th data-start=\"4643\" data-end=\"4653\" data-col-size=\"sm\">Funktsioon<\/th>\n<th data-start=\"4653\" data-end=\"4669\" data-col-size=\"md\">Kirjeldus<\/th>\n<\/tr>\n<\/thead>\n<tbody data-start=\"4698\" data-end=\"5125\">\n<tr data-start=\"4698\" data-end=\"4757\">\n<td data-start=\"4698\" data-end=\"4719\" data-col-size=\"sm\"><strong data-start=\"4700\" data-end=\"4718\">Keemiline nimetus<\/strong><\/td>\n<td data-start=\"4719\" data-end=\"4757\" data-col-size=\"md\">2,5-dimetoks\u00fc-4-et\u00fc\u00fclfenet\u00fc\u00fclamiin<\/td>\n<\/tr>\n<tr data-start=\"4758\" data-end=\"4791\">\n<td data-start=\"4758\" data-end=\"4783\" data-col-size=\"sm\"><strong data-start=\"4760\" data-end=\"4782\">\u00dcldnimetus<\/strong><\/td>\n<td data-start=\"4783\" data-end=\"4791\" data-col-size=\"md\">2C-E<\/td>\n<\/tr>\n<tr data-start=\"4792\" data-end=\"4827\">\n<td data-start=\"4792\" data-end=\"4807\" data-col-size=\"sm\"><strong data-start=\"4794\" data-end=\"4806\">Annustamine<\/strong><\/td>\n<td data-start=\"4807\" data-end=\"4827\" data-col-size=\"md\">10 mg pelleti kohta<\/td>\n<\/tr>\n<tr data-start=\"4828\" data-end=\"4875\">\n<td data-start=\"4828\" data-end=\"4839\" data-col-size=\"sm\"><strong data-start=\"4830\" data-end=\"4838\">Vorm<\/strong><\/td>\n<td data-start=\"4839\" data-end=\"4875\" data-col-size=\"md\">Tahke pellet (blisterpakend)<\/td>\n<\/tr>\n<tr data-start=\"4876\" data-end=\"4930\">\n<td data-start=\"4876\" data-end=\"4893\" data-col-size=\"sm\"><strong data-start=\"4878\" data-end=\"4892\">Puhtus<\/strong><\/td>\n<td data-start=\"4893\" data-end=\"4930\" data-col-size=\"md\">\u2265 98% (kinnitatud HPLC ja NMR abil)<\/td>\n<\/tr>\n<tr data-start=\"4931\" data-end=\"5000\">\n<td data-start=\"4931\" data-end=\"4954\" data-col-size=\"sm\"><strong data-start=\"4933\" data-end=\"4953\">Keemiline klass<\/strong><\/td>\n<td data-start=\"4954\" data-end=\"5000\" data-col-size=\"md\">Asendatud fenet\u00fc\u00fclamiin \/ 2C perekond<\/td>\n<\/tr>\n<tr data-start=\"5001\" data-end=\"5050\">\n<td data-start=\"5001\" data-end=\"5018\" data-col-size=\"sm\"><strong data-start=\"5003\" data-end=\"5017\">Pakend<\/strong><\/td>\n<td data-start=\"5018\" data-end=\"5050\" data-col-size=\"md\">Suletud blisterpakend<\/td>\n<\/tr>\n<tr data-start=\"5051\" data-end=\"5125\">\n<td data-start=\"5051\" data-end=\"5065\" data-col-size=\"sm\"><strong data-start=\"5053\" data-end=\"5064\">Kasutus<\/strong><\/td>\n<td data-start=\"5065\" data-end=\"5125\" data-col-size=\"md\">Ainult anal\u00fc\u00fctiliseks, kohtuekspertiisi ja keemiliseks uurimist\u00f6\u00f6ks<\/td>\n<\/tr>\n<\/tbody>\n<\/table>\n<\/div>\n<\/div>\n<hr data-start=\"5127\" data-end=\"5130\" \/>\n<h3 data-start=\"5132\" data-end=\"5149\"><strong data-start=\"5136\" data-end=\"5149\">Eelised<\/strong><\/h3>\n<ul data-start=\"5151\" data-end=\"5599\">\n<li data-start=\"5151\" data-end=\"5240\">\n<p data-start=\"5153\" data-end=\"5240\"><strong data-start=\"5153\" data-end=\"5177\">T\u00e4pne annustamine<\/strong> \u2013 Iga pellet sisaldab t\u00e4pselt 10 mg, et tagada j\u00e4rjepidevad tulemused.<\/p>\n<\/li>\n<li data-start=\"5241\" data-end=\"5339\">\n<p data-start=\"5243\" data-end=\"5339\"><strong data-start=\"5243\" data-end=\"5262\">K\u00f5rge puhtusastmega<\/strong> \u2013 \u2265 98% laborikvaliteediga, testitud kromatograafia ja spektroskoopia abil.<\/p>\n<\/li>\n<li data-start=\"5340\" data-end=\"5430\">\n<p data-start=\"5342\" data-end=\"5430\"><strong data-start=\"5342\" data-end=\"5364\">Ohutu pakend<\/strong> \u2013 Blisterpakend hoiab \u00e4ra saastumise ja s\u00e4ilitab stabiilsuse.<\/p>\n<\/li>\n<li data-start=\"5431\" data-end=\"5515\">\n<p data-start=\"5433\" data-end=\"5515\"><strong data-start=\"5433\" data-end=\"5463\">Laialdaselt uurimist\u00f6\u00f6dele kohaldatav<\/strong> \u2013 Sobib GC\/MS, HPLC, FTIR ja NMR anal\u00fc\u00fcsiks.<\/p>\n<\/li>\n<li data-start=\"5516\" data-end=\"5599\">\n<p data-start=\"5518\" data-end=\"5599\"><strong data-start=\"5518\" data-end=\"5538\">Uurimist\u00f6\u00f6 v\u00e4\u00e4rtus<\/strong> \u2013 V\u00e4\u00e4rtuslik 2C-seeria v\u00f5rdlevate uuringute jaoks.<\/p>\n<\/li>\n<\/ul>\n<hr data-start=\"5601\" data-end=\"5604\" \/>\n<h3 data-start=\"5606\" data-end=\"5658\"><strong data-start=\"5610\" data-end=\"5656\">Kasutamine (ainult uurimist\u00f6\u00f6 eesm\u00e4rgil)<\/strong><\/h3>\n<ol data-start=\"5660\" data-end=\"6053\">\n<li data-start=\"5660\" data-end=\"5729\">\n<p data-start=\"5663\" data-end=\"5729\"><strong data-start=\"5663\" data-end=\"5678\">K\u00e4itlemine:<\/strong> Kandke kindaid, kaitseprille ja laborikitlit.<\/p>\n<\/li>\n<li data-start=\"5730\" data-end=\"5825\">\n<p data-start=\"5733\" data-end=\"5825\"><strong data-start=\"5733\" data-end=\"5746\">M\u00f5\u00f5dud:<\/strong> Iga pellet sisaldab 10 mg; \u00e4rge muutke v\u00e4ljaspool kontrollitavaid tingimusi.<\/p>\n<\/li>\n<li data-start=\"5826\" data-end=\"5911\">\n<p data-start=\"5829\" data-end=\"5911\"><strong data-start=\"5829\" data-end=\"5840\">S\u00e4ilitamine:<\/strong> Hoida jahedas (2\u20138 \u00b0C), kuivas ja pimedas originaalpakendis.<\/p>\n<\/li>\n<li data-start=\"5912\" data-end=\"5976\">\n<p data-start=\"5915\" data-end=\"5976\"><strong data-start=\"5915\" data-end=\"5927\">Anal\u00fc\u00fcs:<\/strong> Sobib GC\/MS, LC-MS, HPLC, FTIR ja NMR jaoks.<\/p>\n<\/li>\n<li data-start=\"5977\" data-end=\"6053\">\n<p data-start=\"5980\" data-end=\"6053\"><strong data-start=\"5980\" data-end=\"5997\">Dokumentatsioon:<\/strong> Partiiandmete ja katsetulemuste vastavuse kontrollimiseks registreerige need.<\/p>\n<\/li>\n<\/ol>\n<hr data-start=\"6055\" data-end=\"6058\" \/>\n<h3 data-start=\"6060\" data-end=\"6095\"><strong data-start=\"6064\" data-end=\"6093\">Korduma kippuvad k\u00fcsimused (KKK)<\/strong><\/h3>\n<p data-start=\"6097\" data-end=\"6313\"><strong data-start=\"6097\" data-end=\"6116\">1. Mis on 2C-E?<\/strong><br data-start=\"6116\" data-end=\"6119\" \/><strong data-start=\"6119\" data-end=\"6164\">2C-E (2,5-dimetoks\u00fc-4-et\u00fc\u00fclfenet\u00fc\u00fclamiin)<\/strong> on <strong data-start=\"6172\" data-end=\"6202\">s\u00fcnteetiline fen\u00fc\u00fclamiin<\/strong> mida kasutatakse retseptorite sidumise ja struktuurilise aktiivsuse anal\u00fc\u00fctilistes ja farmakoloogilistes uuringutes.<\/p>\n<p data-start=\"6315\" data-end=\"6473\"><strong data-start=\"6315\" data-end=\"6366\">2. Milleks kasutatakse 2C-E 10 mg graanuleid?<\/strong><br data-start=\"6366\" data-end=\"6369\" \/>Need on m\u00f5eldud <strong data-start=\"6390\" data-end=\"6431\">anal\u00fc\u00fctilistel ja kohtuekspertiisi eesm\u00e4rkidel<\/strong>, n\u00e4iteks kromatograafia ja spektroskoopia.<\/p>\n<p data-start=\"6475\" data-end=\"6675\"><strong data-start=\"6475\" data-end=\"6513\">3. Kas 2C-E ostmine on seaduslik?<\/strong><br data-start=\"6513\" data-end=\"6516\" \/>See <strong data-start=\"6519\" data-end=\"6542\">2C-E seaduslikkus<\/strong> Riigiti erinev. M\u00f5nes riigis peetakse seda kontrollitavaks aineks; seet\u00f5ttu kontrollige enne ostmist alati kohalikke eeskirju.<\/p>","protected":false},"excerpt":{"rendered":"<h2><strong><span dir=\"auto\" style=\"vertical-align: inherit;\"><span dir=\"auto\" style=\"vertical-align: inherit;\">2C-E 10 MG pelletite blisterpakend<\/span><\/span><\/strong><\/h2>\n<ul>\n<li><strong><span dir=\"auto\" style=\"vertical-align: inherit;\"><span dir=\"auto\" style=\"vertical-align: inherit;\">Jaem\u00fc\u00fcgipakend<\/span><\/span><br \/>\n<\/strong><\/li>\n<li><strong><span dir=\"auto\" style=\"vertical-align: inherit;\"><span dir=\"auto\" style=\"vertical-align: inherit;\">Graanulite arv blisterpakendis: 10<\/span><\/span><\/strong><\/li>\n<li><strong><span dir=\"auto\" style=\"vertical-align: inherit;\"><span dir=\"auto\" style=\"vertical-align: inherit;\">Hinnad ei sisalda 21% k\u00e4ibemaksu<\/span><\/span><\/strong><\/li>\n<li><strong><span dir=\"auto\" style=\"vertical-align: inherit;\"><span dir=\"auto\" style=\"vertical-align: inherit;\">Soovituslik jaehind: 49,95 \u20ac koos k\u00e4ibemaksuga<\/span><\/span><\/strong><\/li>\n<\/ul>","protected":false},"featured_media":20730,"comment_status":"closed","ping_status":"closed","template":"","meta":[],"product_brand":[82],"product_cat":[555],"product_tag":[799,620,621,816,326,797,798,795,796],"class_list":{"0":"post-24537","1":"product","2":"type-product","3":"status-publish","4":"has-post-thumbnail","6":"product_brand-research-chemical","7":"product_cat-b2b","8":"product_tag-2-ce-pellets","9":"product_tag-2c-e","10":"product_tag-2c-e-kopen","11":"product_tag-2ce-blister","12":"product_tag-nl","13":"product_tag-research-chemicals-bestellen","14":"product_tag-research-chemicals-nederland","15":"product_tag-wat-is-2c-e","16":"product_tag-where-to-buy-2c-e-online","18":"first","19":"instock","20":"taxable","21":"shipping-taxable","22":"purchasable","23":"product-type-variable"},"_links":{"self":[{"href":"https:\/\/researchchemicalhub.com\/et\/wp-json\/wp\/v2\/product\/24537","targetHints":{"allow":["GET"]}}],"collection":[{"href":"https:\/\/researchchemicalhub.com\/et\/wp-json\/wp\/v2\/product"}],"about":[{"href":"https:\/\/researchchemicalhub.com\/et\/wp-json\/wp\/v2\/types\/product"}],"replies":[{"embeddable":true,"href":"https:\/\/researchchemicalhub.com\/et\/wp-json\/wp\/v2\/comments?post=24537"}],"version-history":[{"count":7,"href":"https:\/\/researchchemicalhub.com\/et\/wp-json\/wp\/v2\/product\/24537\/revisions"}],"predecessor-version":[{"id":27775,"href":"https:\/\/researchchemicalhub.com\/et\/wp-json\/wp\/v2\/product\/24537\/revisions\/27775"}],"wp:featuredmedia":[{"embeddable":true,"href":"https:\/\/researchchemicalhub.com\/et\/wp-json\/wp\/v2\/media\/20730"}],"wp:attachment":[{"href":"https:\/\/researchchemicalhub.com\/et\/wp-json\/wp\/v2\/media?parent=24537"}],"wp:term":[{"taxonomy":"product_brand","embeddable":true,"href":"https:\/\/researchchemicalhub.com\/et\/wp-json\/wp\/v2\/product_brand?post=24537"},{"taxonomy":"product_cat","embeddable":true,"href":"https:\/\/researchchemicalhub.com\/et\/wp-json\/wp\/v2\/product_cat?post=24537"},{"taxonomy":"product_tag","embeddable":true,"href":"https:\/\/researchchemicalhub.com\/et\/wp-json\/wp\/v2\/product_tag?post=24537"}],"curies":[{"name":"t\u00f6\u00f6leht","href":"https:\/\/api.w.org\/{rel}","templated":true}]}}