{"id":24521,"date":"2025-10-20T17:41:54","date_gmt":"2025-10-20T17:41:54","guid":{"rendered":"https:\/\/researchchemicalhub.com\/?post_type=product&#038;p=24521"},"modified":"2025-10-21T16:00:52","modified_gmt":"2025-10-21T16:00:52","slug":"chem-mist-spray","status":"publish","type":"product","link":"https:\/\/researchchemicalhub.com\/et\/shop\/b2b\/chem-mist-spray\/","title":{"rendered":"Keemiline udu NOOPEPT sprei"},"content":{"rendered":"<h3 data-start=\"3872\" data-end=\"3893\"><strong data-start=\"3876\" data-end=\"3891\">Sissejuhatus<\/strong><\/h3>\n<p data-start=\"3894\" data-end=\"4254\">Suurendage oma keskendumisv\u00f5imet, selgust ja tootlikkust koos <strong data-start=\"3952\" data-end=\"3979\">Chem-Mist NOOPEPT sprei<\/strong> \u2014 k\u00f5rge kvaliteediga <strong data-start=\"3999\" data-end=\"4023\">nootroopne valem<\/strong> kiire imendumisega.<br data-start=\"4042\" data-end=\"4045\" \/>Iga pihusti sisaldab t\u00e4pselt m\u00f5\u00f5detud annust <strong data-start=\"4093\" data-end=\"4149\">Noopept (N-fen\u00fc\u00fclatset\u00fc\u00fcl-L-prop\u00fc\u00fclgl\u00fctsiini et\u00fc\u00fclester)<\/strong>, kiiretoimeline kognitiivne stimulant, mis aitab <strong data-start=\"4203\" data-end=\"4251\">m\u00e4lu, \u00f5ppimisv\u00f5ime ja vaimne sooritusv\u00f5ime<\/strong>keemiline udusprei<\/p>\n<p data-start=\"4256\" data-end=\"4542\">Erinevalt kapslitest, <strong data-start=\"4292\" data-end=\"4319\">Chem-Mist NOOPEPT sprei<\/strong> eest <strong data-start=\"4325\" data-end=\"4354\">kiire keelealune imendumine<\/strong>, mille tulemuseks on parem ja kiirem efekt. Ideaalne teadlastele, \u00fcli\u00f5pilastele, spetsialistidele v\u00f5i k\u00f5igile, kes on huvitatud <strong data-start=\"4492\" data-end=\"4539\">kognitiivne optimeerimine ja neuroteadus<\/strong>.<\/p>\n<blockquote data-start=\"4544\" data-end=\"4720\">\n<p data-start=\"4546\" data-end=\"4720\">\u26a0\ufe0f <strong data-start=\"4549\" data-end=\"4560\">NB!<\/strong> See toode on ette n\u00e4htud ainult <strong data-start=\"4601\" data-end=\"4637\">uuringud ja nootroopikumide kasutamine<\/strong> kus lubatud.<br data-start=\"4654\" data-end=\"4657\" \/>Ei ole m\u00f5eldud \u00fchegi haiguse diagnoosimiseks ega raviks.<\/p>\n<\/blockquote>\n<hr data-start=\"4722\" data-end=\"4725\" \/>\n<h3 data-start=\"4727\" data-end=\"4758\"><strong data-start=\"4731\" data-end=\"4758\">Peamised omadused<\/strong><\/h3>\n<div class=\"_tableContainer_1rjym_1\">\n<div class=\"group _tableWrapper_1rjym_13 flex w-fit flex-col-reverse\" tabindex=\"-1\">\n<table class=\"w-fit min-w-(--thread-content-width)\" data-start=\"4760\" data-end=\"5198\">\n<thead data-start=\"4760\" data-end=\"4786\">\n<tr data-start=\"4760\" data-end=\"4786\">\n<th data-start=\"4760\" data-end=\"4770\" data-col-size=\"sm\">Funktsioon<\/th>\n<th data-start=\"4770\" data-end=\"4786\" data-col-size=\"md\">Kirjeldus<\/th>\n<\/tr>\n<\/thead>\n<tbody data-start=\"4815\" data-end=\"5198\">\n<tr data-start=\"4815\" data-end=\"4890\">\n<td data-start=\"4815\" data-end=\"4834\" data-col-size=\"sm\"><strong data-start=\"4817\" data-end=\"4833\">Toimeaine<\/strong><\/td>\n<td data-start=\"4834\" data-end=\"4890\" data-col-size=\"md\">Noopept (N-fen\u00fc\u00fclatset\u00fc\u00fcl-L-prop\u00fc\u00fclgl\u00fctsiini et\u00fc\u00fclester)<\/td>\n<\/tr>\n<tr data-start=\"4891\" data-end=\"4945\">\n<td data-start=\"4891\" data-end=\"4902\" data-col-size=\"sm\"><strong data-start=\"4893\" data-end=\"4901\">Vorm<\/strong><\/td>\n<td data-start=\"4902\" data-end=\"4945\" data-col-size=\"md\">Sublinguaalne sprei (vedel lahus)<\/td>\n<\/tr>\n<tr data-start=\"4946\" data-end=\"5013\">\n<td data-start=\"4946\" data-end=\"4965\" data-col-size=\"sm\"><strong data-start=\"4948\" data-end=\"4964\">Kontsentratsioon<\/strong><\/td>\n<td data-start=\"4965\" data-end=\"5013\" data-col-size=\"md\">T\u00e4pselt doseeritud j\u00e4rjepidevaks kasutamiseks<\/td>\n<\/tr>\n<tr data-start=\"5014\" data-end=\"5071\">\n<td data-start=\"5014\" data-end=\"5027\" data-col-size=\"sm\"><strong data-start=\"5016\" data-end=\"5026\">Sisselaskeava<\/strong><\/td>\n<td data-start=\"5027\" data-end=\"5071\" data-col-size=\"md\">Kiire imendumine keelealuse manustamise teel<\/td>\n<\/tr>\n<tr data-start=\"5072\" data-end=\"5136\">\n<td data-start=\"5072\" data-end=\"5086\" data-col-size=\"sm\"><strong data-start=\"5074\" data-end=\"5085\">Kasutus<\/strong><\/td>\n<td data-start=\"5086\" data-end=\"5136\" data-col-size=\"md\">Ainult teadus- ja hariduslikel eesm\u00e4rkidel<\/td>\n<\/tr>\n<tr data-start=\"5137\" data-end=\"5198\">\n<td data-start=\"5137\" data-end=\"5154\" data-col-size=\"sm\"><strong data-start=\"5139\" data-end=\"5153\">Pakend<\/strong><\/td>\n<td data-start=\"5154\" data-end=\"5198\" data-col-size=\"md\">K\u00e4ep\u00e4rane pihustuspudel doseerimismehhanismiga<\/td>\n<\/tr>\n<\/tbody>\n<\/table>\n<\/div>\n<\/div>\n<hr data-start=\"5200\" data-end=\"5203\" \/>\n<h3 data-start=\"5205\" data-end=\"5222\"><strong data-start=\"5209\" data-end=\"5222\">Eelised<\/strong><\/h3>\n<ul data-start=\"5224\" data-end=\"5744\">\n<li data-start=\"5224\" data-end=\"5330\">\n<p data-start=\"5226\" data-end=\"5330\"><strong data-start=\"5226\" data-end=\"5261\">Kiire kognitiivne tugi<\/strong> \u2013 Sublingvaalne imendumine annab kiirema efekti kui kapslid.<\/p>\n<\/li>\n<li data-start=\"5331\" data-end=\"5448\">\n<p data-start=\"5333\" data-end=\"5448\"><strong data-start=\"5333\" data-end=\"5363\">Parem m\u00e4lu ja \u00f5ppimine<\/strong> \u2013 Uuringud n\u00e4itavad, et Noopept toetab m\u00e4lu ja \u00f5ppimisfunktsiooni.<\/p>\n<\/li>\n<li data-start=\"5449\" data-end=\"5543\">\n<p data-start=\"5451\" data-end=\"5543\"><strong data-start=\"5451\" data-end=\"5488\">Parem keskendumisv\u00f5ime ja vaimne selgus<\/strong> \u2013 Edendab keskendumisv\u00f5imet, energiat ja tootlikkust.<\/p>\n<\/li>\n<li data-start=\"5544\" data-end=\"5648\">\n<p data-start=\"5546\" data-end=\"5648\"><strong data-start=\"5546\" data-end=\"5580\">Neuroprotektiivsed omadused<\/strong> \u2013 V\u00f5ib aidata kaasa neuronite ja ajufunktsioonide kaitsmisele.<\/p>\n<\/li>\n<li data-start=\"5649\" data-end=\"5744\">\n<p data-start=\"5651\" data-end=\"5744\"><strong data-start=\"5651\" data-end=\"5675\">T\u00e4pne annustamine<\/strong> \u2013 Iga pihusti sisaldab t\u00e4pset kogust j\u00e4rjepidevaks kasutamiseks.<\/p>\n<\/li>\n<\/ul>\n<hr data-start=\"5746\" data-end=\"5749\" \/>\n<h3 data-start=\"5751\" data-end=\"5766\"><strong data-start=\"5755\" data-end=\"5766\">Kasutus<\/strong><\/h3>\n<blockquote data-start=\"5768\" data-end=\"5950\">\n<p data-start=\"5770\" data-end=\"5885\"><strong data-start=\"5770\" data-end=\"5816\">Soovitatav kasutus (teaduslikel eesm\u00e4rkidel):<\/strong><br data-start=\"5816\" data-end=\"5819\" \/>Pihusta keele alla kiireks imendumiseks l\u00e4bi suu limaskesta.<\/p>\n<p data-start=\"5892\" data-end=\"5950\">\u26a0\ufe0fKasutage alati vastavalt kohalikele seadustele.<\/p>\n<\/blockquote>\n<ol data-start=\"5952\" data-end=\"6175\">\n<li data-start=\"5952\" data-end=\"5983\">\n<p data-start=\"5955\" data-end=\"5983\">Raputa pudelit \u00f5rnalt.<\/p>\n<\/li>\n<li data-start=\"5984\" data-end=\"6022\">\n<p data-start=\"5987\" data-end=\"6022\">Pihusta <strong data-start=\"5993\" data-end=\"6005\">1\u20132 korda<\/strong> keele all.<\/p>\n<\/li>\n<li data-start=\"6023\" data-end=\"6073\">\n<p data-start=\"6026\" data-end=\"6073\">Valvur <strong data-start=\"6032\" data-end=\"6050\">10\u201320 sekundit<\/strong> ja siis neelata alla.<\/p>\n<\/li>\n<li data-start=\"6074\" data-end=\"6130\">\n<p data-start=\"6077\" data-end=\"6130\">Kasutage maksimaalset <strong data-start=\"6094\" data-end=\"6112\">kaks korda p\u00e4evas<\/strong> soovi korral.<\/p>\n<\/li>\n<li data-start=\"6131\" data-end=\"6175\">\n<p data-start=\"6134\" data-end=\"6175\">Hoida jahedas, kuivas ja pimedas kohas (15\u201325 \u00b0C).<\/p>\n<\/li>\n<\/ol>\n<hr data-start=\"6177\" data-end=\"6180\" \/>\n<h3 data-start=\"6182\" data-end=\"6217\"><strong data-start=\"6186\" data-end=\"6215\">Korduma kippuvad k\u00fcsimused (KKK)<\/strong><\/h3>\n<p data-start=\"6219\" data-end=\"6416\"><strong data-start=\"6219\" data-end=\"6257\">1. Mis on Chem-Mist NOOPEPT sprei?<\/strong><br data-start=\"6257\" data-end=\"6260\" \/><strong data-start=\"6260\" data-end=\"6287\">Chem-Mist NOOPEPT sprei<\/strong> on <strong data-start=\"6295\" data-end=\"6317\">nootroopne sprei<\/strong> mis \u00fchendab kiire imendumise ja t\u00e4pse annustamise uuringuteks ja kognitiivseks toeks.<\/p>\n<p data-start=\"6418\" data-end=\"6597\"><strong data-start=\"6418\" data-end=\"6443\">2. Kuidas Noopept toimib?<\/strong><br data-start=\"6443\" data-end=\"6446\" \/>Noopept on <strong data-start=\"6461\" data-end=\"6490\">peptiidist saadud nootroopne<\/strong> mis toetab ajutegevust <strong data-start=\"6529\" data-end=\"6594\">neuronite parem kommunikatsioon ja ajurakkude kaitse<\/strong>.<\/p>\n<p data-start=\"6599\" data-end=\"6853\"><strong data-start=\"6599\" data-end=\"6652\">3. Kas Chem-Mist NOOPEPT spreid on seaduslik osta?<\/strong><br data-start=\"6652\" data-end=\"6655\" \/>See <strong data-start=\"6658\" data-end=\"6684\">Noopepti seaduslikkus<\/strong> Riigiti erinev. Paljudes piirkondades on see lubatud uuringuteks v\u00f5i toidulisandina kasutamiseks, kuid m\u00f5nes riigis on see reguleeritud. Kontrollige alati kohalikke eeskirju.<\/p>","protected":false},"excerpt":{"rendered":"<h2><strong>Keemiline udu NOOPEPT 1,5 mg sprei<\/strong><\/h2>\n<ul>\n<li><strong>Jaem\u00fc\u00fcgipakend<br \/>\n<\/strong><\/li>\n<li><strong>NOOPEPT&#039;i kogus mg pihustuse kohta: 1,5<\/strong><\/li>\n<li><strong>Hinnad ei sisalda 21% k\u00e4ibemaksu<\/strong><\/li>\n<li><strong>Soovituslik jaehind: 24,95 \u20ac koos k\u00e4ibemaksuga<\/strong><\/li>\n<\/ul>","protected":false},"featured_media":21299,"comment_status":"closed","ping_status":"closed","template":"","meta":[],"product_brand":[82],"product_cat":[555],"product_tag":[812,810,811,326,813,814,815],"class_list":{"0":"post-24521","1":"product","2":"type-product","3":"status-publish","4":"has-post-thumbnail","6":"product_brand-research-chemical","7":"product_cat-b2b","8":"product_tag-buy-noopept-spray","9":"product_tag-chem-mist-spray","10":"product_tag-chem-mist","11":"product_tag-nl","12":"product_tag-noopept-nasal-spray","13":"product_tag-noopept-nasal-spray-diy","14":"product_tag-noopept-nasal-spray-dosage","16":"first","17":"instock","18":"taxable","19":"shipping-taxable","20":"purchasable","21":"product-type-variable"},"_links":{"self":[{"href":"https:\/\/researchchemicalhub.com\/et\/wp-json\/wp\/v2\/product\/24521","targetHints":{"allow":["GET"]}}],"collection":[{"href":"https:\/\/researchchemicalhub.com\/et\/wp-json\/wp\/v2\/product"}],"about":[{"href":"https:\/\/researchchemicalhub.com\/et\/wp-json\/wp\/v2\/types\/product"}],"replies":[{"embeddable":true,"href":"https:\/\/researchchemicalhub.com\/et\/wp-json\/wp\/v2\/comments?post=24521"}],"version-history":[{"count":5,"href":"https:\/\/researchchemicalhub.com\/et\/wp-json\/wp\/v2\/product\/24521\/revisions"}],"predecessor-version":[{"id":27772,"href":"https:\/\/researchchemicalhub.com\/et\/wp-json\/wp\/v2\/product\/24521\/revisions\/27772"}],"wp:featuredmedia":[{"embeddable":true,"href":"https:\/\/researchchemicalhub.com\/et\/wp-json\/wp\/v2\/media\/21299"}],"wp:attachment":[{"href":"https:\/\/researchchemicalhub.com\/et\/wp-json\/wp\/v2\/media?parent=24521"}],"wp:term":[{"taxonomy":"product_brand","embeddable":true,"href":"https:\/\/researchchemicalhub.com\/et\/wp-json\/wp\/v2\/product_brand?post=24521"},{"taxonomy":"product_cat","embeddable":true,"href":"https:\/\/researchchemicalhub.com\/et\/wp-json\/wp\/v2\/product_cat?post=24521"},{"taxonomy":"product_tag","embeddable":true,"href":"https:\/\/researchchemicalhub.com\/et\/wp-json\/wp\/v2\/product_tag?post=24521"}],"curies":[{"name":"t\u00f6\u00f6leht","href":"https:\/\/api.w.org\/{rel}","templated":true}]}}