{"id":24409,"date":"2025-04-13T17:41:40","date_gmt":"2025-04-13T17:41:40","guid":{"rendered":"https:\/\/researchchemicalhub.com\/?post_type=product&#038;p=24409"},"modified":"2025-10-29T08:40:22","modified_gmt":"2025-10-29T08:40:22","slug":"3-me-pce-hcl","status":"publish","type":"product","link":"https:\/\/researchchemicalhub.com\/et\/shop\/3-me-pce\/3-me-pce-hcl\/","title":{"rendered":"3-Me-PCE HCl (3-met\u00fc\u00fcletits\u00fcklidiin)"},"content":{"rendered":"<h3 data-start=\"4151\" data-end=\"4172\"><strong data-start=\"4155\" data-end=\"4170\"><span dir=\"auto\" style=\"vertical-align: inherit;\"><span dir=\"auto\" style=\"vertical-align: inherit;\">Sissejuhatus<\/span><\/span><\/strong><\/h3>\n<p data-start=\"4173\" data-end=\"4576\"><strong data-start=\"4173\" data-end=\"4213\"><span dir=\"auto\" style=\"vertical-align: inherit;\"><span dir=\"auto\" style=\"vertical-align: inherit;\">3-Me-PCE HCl (3-met\u00fc\u00fcletits\u00fcklidiin)<\/span><\/span><\/strong><span dir=\"auto\" style=\"vertical-align: inherit;\"><span dir=\"auto\" style=\"vertical-align: inherit;\"> on <\/span><\/span><strong data-start=\"4221\" data-end=\"4268\"><span dir=\"auto\" style=\"vertical-align: inherit;\"><span dir=\"auto\" style=\"vertical-align: inherit;\">dissotsiatiivne ar\u00fc\u00fclts\u00fckloheks\u00fc\u00fclamiini \u00fchend<\/span><\/span><\/strong><span dir=\"auto\" style=\"vertical-align: inherit;\"><span dir=\"auto\" style=\"vertical-align: inherit;\"> ja a <\/span><\/span><strong data-start=\"4276\" data-end=\"4322\"><span dir=\"auto\" style=\"vertical-align: inherit;\"><span dir=\"auto\" style=\"vertical-align: inherit;\">PCE (etits\u00fcklidiin) struktuurianaloog<\/span><\/span><\/strong><span dir=\"auto\" style=\"vertical-align: inherit;\"><span dir=\"auto\" style=\"vertical-align: inherit;\"> ja <\/span><\/span><strong data-start=\"4326\" data-end=\"4363\"><span dir=\"auto\" style=\"vertical-align: inherit;\"><span dir=\"auto\" style=\"vertical-align: inherit;\">3-MeO-PCE (3-metoks\u00fcetits\u00fcklidiin)<\/span><\/span><\/strong><span dir=\"auto\" style=\"vertical-align: inherit;\"><span dir=\"auto\" style=\"vertical-align: inherit;\"> . 3-me-pce <\/span><\/span><br data-start=\"4364\" data-end=\"4367\" \/><span dir=\"auto\" style=\"vertical-align: inherit;\"><span dir=\"auto\" style=\"vertical-align: inherit;\">Seda kasutatakse <\/span><\/span><strong data-start=\"4389\" data-end=\"4442\"><span dir=\"auto\" style=\"vertical-align: inherit;\"><span dir=\"auto\" style=\"vertical-align: inherit;\">anal\u00fc\u00fctiline, kohtuekspertiisi ja neurokeemiline uuring<\/span><\/span><\/strong><span dir=\"auto\" style=\"vertical-align: inherit;\"><span dir=\"auto\" style=\"vertical-align: inherit;\"> kuni <\/span><span dir=\"auto\" style=\"vertical-align: inherit;\">uuring <\/span><\/span><strong data-start=\"4446\" data-end=\"4474\"><span dir=\"auto\" style=\"vertical-align: inherit;\"><span dir=\"auto\" style=\"vertical-align: inherit;\">NMDA retseptori antagonism<\/span><\/span><\/strong><span dir=\"auto\" style=\"vertical-align: inherit;\"><span dir=\"auto\" style=\"vertical-align: inherit;\"> , <\/span><\/span><strong data-start=\"4476\" data-end=\"4518\"><span dir=\"auto\" style=\"vertical-align: inherit;\"><span dir=\"auto\" style=\"vertical-align: inherit;\">struktuuri-aktiivsuse seosed (SAR)<\/span><\/span><\/strong><span dir=\"auto\" style=\"vertical-align: inherit;\"><span dir=\"auto\" style=\"vertical-align: inherit;\"> ja <\/span><\/span><strong data-start=\"4522\" data-end=\"4559\"><span dir=\"auto\" style=\"vertical-align: inherit;\"><span dir=\"auto\" style=\"vertical-align: inherit;\">Farmakoloogilised seondumisprofiilid.<\/span><\/span><\/strong><\/p>\n<p data-start=\"4578\" data-end=\"4811\"><span dir=\"auto\" style=\"vertical-align: inherit;\"><span dir=\"auto\" style=\"vertical-align: inherit;\">Toodet tarnitakse kujul <\/span><\/span><strong data-start=\"4613\" data-end=\"4665\"><span dir=\"auto\" style=\"vertical-align: inherit;\"><span dir=\"auto\" style=\"vertical-align: inherit;\">k\u00f5rge puhtusastmega kristalliline vesinikkloriidsool (\u2265 98%)<\/span><\/span><\/strong><span dir=\"auto\" style=\"vertical-align: inherit;\"><span dir=\"auto\" style=\"vertical-align: inherit;\"> , toodetud vastavalt <\/span><\/span><strong data-start=\"4686\" data-end=\"4726\"><span dir=\"auto\" style=\"vertical-align: inherit;\"><span dir=\"auto\" style=\"vertical-align: inherit;\">kontrollitud laboritingimused<\/span><\/span><\/strong><span dir=\"auto\" style=\"vertical-align: inherit;\"><span dir=\"auto\" style=\"vertical-align: inherit;\"> Ideaalne <\/span><\/span><strong data-start=\"4740\" data-end=\"4773\"><span dir=\"auto\" style=\"vertical-align: inherit;\"><span dir=\"auto\" style=\"vertical-align: inherit;\">kromatograafia, spektroskoopia,<\/span><\/span><\/strong><span dir=\"auto\" style=\"vertical-align: inherit;\"><span dir=\"auto\" style=\"vertical-align: inherit;\"> ja v\u00f5rdlevad keemilised uuringud.<\/span><\/span><\/p>\n<blockquote data-start=\"4813\" data-end=\"4960\">\n<p data-start=\"4815\" data-end=\"4960\">\u26a0\ufe0f <strong data-start=\"4818\" data-end=\"4829\"><span dir=\"auto\" style=\"vertical-align: inherit;\"><span dir=\"auto\" style=\"vertical-align: inherit;\">Ettevaatust:<\/span><\/span><\/strong><span dir=\"auto\" style=\"vertical-align: inherit;\"><span dir=\"auto\" style=\"vertical-align: inherit;\"> 3-Me-PCE HCl on ette n\u00e4htud <\/span><\/span><strong data-start=\"4871\" data-end=\"4906\"><span dir=\"auto\" style=\"vertical-align: inherit;\"><span dir=\"auto\" style=\"vertical-align: inherit;\">teadus- ja anal\u00fc\u00fctiline kasutamine<\/span><\/span><\/strong><span dir=\"auto\" style=\"vertical-align: inherit;\"><span dir=\"auto\" style=\"vertical-align: inherit;\"> ainult \u2014 <\/span><\/span><strong data-start=\"4909\" data-end=\"4957\"><span dir=\"auto\" style=\"vertical-align: inherit;\"><span dir=\"auto\" style=\"vertical-align: inherit;\">mitte inimtoiduks ega loomade toiduks<\/span><\/span><\/strong><span dir=\"auto\" style=\"vertical-align: inherit;\"><span dir=\"auto\" style=\"vertical-align: inherit;\"> .<\/span><\/span><\/p>\n<\/blockquote>\n<hr data-start=\"4962\" data-end=\"4965\" \/>\n<h3 data-start=\"4967\" data-end=\"4998\"><strong data-start=\"4971\" data-end=\"4998\"><span dir=\"auto\" style=\"vertical-align: inherit;\"><span dir=\"auto\" style=\"vertical-align: inherit;\">Peamised omadused<\/span><\/span><\/strong><\/h3>\n<div class=\"_tableContainer_1rjym_1\">\n<div class=\"group _tableWrapper_1rjym_13 flex w-fit flex-col-reverse\" tabindex=\"-1\">\n<table class=\"w-fit min-w-(--thread-content-width)\" data-start=\"5000\" data-end=\"5576\">\n<thead data-start=\"5000\" data-end=\"5026\">\n<tr data-start=\"5000\" data-end=\"5026\">\n<th data-start=\"5000\" data-end=\"5010\" data-col-size=\"sm\"><span dir=\"auto\" style=\"vertical-align: inherit;\"><span dir=\"auto\" style=\"vertical-align: inherit;\">Funktsioon<\/span><\/span><\/th>\n<th data-start=\"5010\" data-end=\"5026\" data-col-size=\"md\"><span dir=\"auto\" style=\"vertical-align: inherit;\"><span dir=\"auto\" style=\"vertical-align: inherit;\">Kirjeldus<\/span><\/span><\/th>\n<\/tr>\n<\/thead>\n<tbody data-start=\"5055\" data-end=\"5576\">\n<tr data-start=\"5055\" data-end=\"5115\">\n<td data-start=\"5055\" data-end=\"5076\" data-col-size=\"sm\"><strong data-start=\"5057\" data-end=\"5075\"><span dir=\"auto\" style=\"vertical-align: inherit;\"><span dir=\"auto\" style=\"vertical-align: inherit;\">Keemiline nimetus<\/span><\/span><\/strong><\/td>\n<td data-start=\"5076\" data-end=\"5115\" data-col-size=\"md\"><span dir=\"auto\" style=\"vertical-align: inherit;\"><span dir=\"auto\" style=\"vertical-align: inherit;\">3-met\u00fc\u00fcletits\u00fcklidiinvesinikkloriid<\/span><\/span><\/td>\n<\/tr>\n<tr data-start=\"5116\" data-end=\"5157\">\n<td data-start=\"5116\" data-end=\"5141\" data-col-size=\"sm\"><strong data-start=\"5118\" data-end=\"5140\"><span dir=\"auto\" style=\"vertical-align: inherit;\"><span dir=\"auto\" style=\"vertical-align: inherit;\">\u00dcldnimetus<\/span><\/span><\/strong><\/td>\n<td data-start=\"5141\" data-end=\"5157\" data-col-size=\"md\"><span dir=\"auto\" style=\"vertical-align: inherit;\"><span dir=\"auto\" style=\"vertical-align: inherit;\">3-Me-PCE-HCl<\/span><\/span><\/td>\n<\/tr>\n<tr data-start=\"5158\" data-end=\"5197\">\n<td data-start=\"5158\" data-end=\"5182\" data-col-size=\"sm\"><strong data-start=\"5160\" data-end=\"5181\"><span dir=\"auto\" style=\"vertical-align: inherit;\"><span dir=\"auto\" style=\"vertical-align: inherit;\">Keemiline valem<\/span><\/span><\/strong><\/td>\n<td data-start=\"5182\" data-end=\"5197\" data-col-size=\"md\"><span dir=\"auto\" style=\"vertical-align: inherit;\"><span dir=\"auto\" style=\"vertical-align: inherit;\">C\u2081\u2084H\u2082\u2081N\u00b7HCl<\/span><\/span><\/td>\n<\/tr>\n<tr data-start=\"5198\" data-end=\"5236\">\n<td data-start=\"5198\" data-end=\"5220\" data-col-size=\"sm\"><strong data-start=\"5200\" data-end=\"5219\"><span dir=\"auto\" style=\"vertical-align: inherit;\"><span dir=\"auto\" style=\"vertical-align: inherit;\">Molekulaarmass<\/span><\/span><\/strong><\/td>\n<td data-start=\"5220\" data-end=\"5236\" data-col-size=\"md\"><span dir=\"auto\" style=\"vertical-align: inherit;\"><span dir=\"auto\" style=\"vertical-align: inherit;\">239,79 g\/mol<\/span><\/span><\/td>\n<\/tr>\n<tr data-start=\"5237\" data-end=\"5272\">\n<td data-start=\"5237\" data-end=\"5248\" data-col-size=\"sm\"><strong data-start=\"5239\" data-end=\"5247\"><span dir=\"auto\" style=\"vertical-align: inherit;\"><span dir=\"auto\" style=\"vertical-align: inherit;\">Vorm<\/span><\/span><\/strong><\/td>\n<td data-start=\"5248\" data-end=\"5272\" data-col-size=\"md\"><span dir=\"auto\" style=\"vertical-align: inherit;\"><span dir=\"auto\" style=\"vertical-align: inherit;\">Kristalliline HCl sool<\/span><\/span><\/td>\n<\/tr>\n<tr data-start=\"5273\" data-end=\"5324\">\n<td data-start=\"5273\" data-end=\"5290\" data-col-size=\"sm\"><strong data-start=\"5275\" data-end=\"5289\"><span dir=\"auto\" style=\"vertical-align: inherit;\"><span dir=\"auto\" style=\"vertical-align: inherit;\">Puhtus<\/span><\/span><\/strong><\/td>\n<td data-start=\"5290\" data-end=\"5324\" data-col-size=\"md\"><span dir=\"auto\" style=\"vertical-align: inherit;\"><span dir=\"auto\" style=\"vertical-align: inherit;\">\u2265 98% (testitud HPLC ja NMR abil)<\/span><\/span><\/td>\n<\/tr>\n<tr data-start=\"5325\" data-end=\"5389\">\n<td data-start=\"5325\" data-end=\"5348\" data-col-size=\"sm\"><strong data-start=\"5327\" data-end=\"5347\"><span dir=\"auto\" style=\"vertical-align: inherit;\"><span dir=\"auto\" style=\"vertical-align: inherit;\">Keemiline klass<\/span><\/span><\/strong><\/td>\n<td data-start=\"5348\" data-end=\"5389\" data-col-size=\"md\"><span dir=\"auto\" style=\"vertical-align: inherit;\"><span dir=\"auto\" style=\"vertical-align: inherit;\">Ar\u00fc\u00fclts\u00fckloheks\u00fc\u00fclamiini\/NMDA antagonist<\/span><\/span><\/td>\n<\/tr>\n<tr data-start=\"5390\" data-end=\"5469\">\n<td data-start=\"5390\" data-end=\"5404\" data-col-size=\"sm\"><strong data-start=\"5392\" data-end=\"5403\"><span dir=\"auto\" style=\"vertical-align: inherit;\"><span dir=\"auto\" style=\"vertical-align: inherit;\">Kasutus<\/span><\/span><\/strong><\/td>\n<td data-start=\"5404\" data-end=\"5469\" data-col-size=\"md\"><span dir=\"auto\" style=\"vertical-align: inherit;\"><span dir=\"auto\" style=\"vertical-align: inherit;\">Ainult anal\u00fc\u00fctiliseks, kohtuekspertiisi ja neurokeemilisteks uuringuteks<\/span><\/span><\/td>\n<\/tr>\n<tr data-start=\"5470\" data-end=\"5537\">\n<td data-start=\"5470\" data-end=\"5487\" data-col-size=\"sm\"><strong data-start=\"5472\" data-end=\"5486\"><span dir=\"auto\" style=\"vertical-align: inherit;\"><span dir=\"auto\" style=\"vertical-align: inherit;\">Pakend<\/span><\/span><\/strong><\/td>\n<td data-start=\"5487\" data-end=\"5537\" data-col-size=\"md\"><span dir=\"auto\" style=\"vertical-align: inherit;\"><span dir=\"auto\" style=\"vertical-align: inherit;\">Korduvsuletav, niiskuskindel laborikott<\/span><\/span><\/td>\n<\/tr>\n<tr data-start=\"5538\" data-end=\"5576\">\n<td data-start=\"5538\" data-end=\"5556\" data-col-size=\"sm\"><strong data-start=\"5540\" data-end=\"5555\"><span dir=\"auto\" style=\"vertical-align: inherit;\"><span dir=\"auto\" style=\"vertical-align: inherit;\">Kogus<\/span><\/span><\/strong><\/td>\n<td data-start=\"5556\" data-end=\"5576\" data-col-size=\"md\"><span dir=\"auto\" style=\"vertical-align: inherit;\"><span dir=\"auto\" style=\"vertical-align: inherit;\">1 gramm koti kohta<\/span><\/span><\/td>\n<\/tr>\n<\/tbody>\n<\/table>\n<\/div>\n<\/div>\n<hr data-start=\"5578\" data-end=\"5581\" \/>\n<h3 data-start=\"5583\" data-end=\"5600\"><strong data-start=\"5587\" data-end=\"5600\"><span dir=\"auto\" style=\"vertical-align: inherit;\"><span dir=\"auto\" style=\"vertical-align: inherit;\">Eelised<\/span><\/span><\/strong><\/h3>\n<ul data-start=\"5602\" data-end=\"6001\">\n<li data-start=\"5602\" data-end=\"5694\">\n<p data-start=\"5604\" data-end=\"5694\"><strong data-start=\"5604\" data-end=\"5623\"><span dir=\"auto\" style=\"vertical-align: inherit;\"><span dir=\"auto\" style=\"vertical-align: inherit;\">K\u00f5rge puhtusastmega<\/span><\/span><\/strong><span dir=\"auto\" style=\"vertical-align: inherit;\"><span dir=\"auto\" style=\"vertical-align: inherit;\"> \u2013 \u2265 98% laborikvaliteet usaldusv\u00e4\u00e4rsete uurimistulemuste tagamiseks.<\/span><\/span><\/p>\n<\/li>\n<li data-start=\"5695\" data-end=\"5778\">\n<p data-start=\"5697\" data-end=\"5778\"><strong data-start=\"5697\" data-end=\"5718\"><span dir=\"auto\" style=\"vertical-align: inherit;\"><span dir=\"auto\" style=\"vertical-align: inherit;\">Stabiilne soolavorm<\/span><\/span><\/strong><span dir=\"auto\" style=\"vertical-align: inherit;\"><span dir=\"auto\" style=\"vertical-align: inherit;\"> \u2013 HCl vorm pakub paremat stabiilsust ja lahustuvust. 3-me-pce<\/span><\/span><\/p>\n<\/li>\n<li data-start=\"5779\" data-end=\"5847\">\n<p data-start=\"5781\" data-end=\"5847\"><strong data-start=\"5781\" data-end=\"5801\"><span dir=\"auto\" style=\"vertical-align: inherit;\"><span dir=\"auto\" style=\"vertical-align: inherit;\">Lai kohaldatavus<\/span><\/span><\/strong><span dir=\"auto\" style=\"vertical-align: inherit;\"><span dir=\"auto\" style=\"vertical-align: inherit;\"> \u2013 Sobib GC\/MS, LC-MS, FTIR ja HPLC jaoks.<\/span><\/span><\/p>\n<\/li>\n<li data-start=\"5848\" data-end=\"5930\">\n<p data-start=\"5850\" data-end=\"5930\"><strong data-start=\"5850\" data-end=\"5875\"><span dir=\"auto\" style=\"vertical-align: inherit;\"><span dir=\"auto\" style=\"vertical-align: inherit;\">J\u00e4lgitav kvaliteet<\/span><\/span><\/strong><span dir=\"auto\" style=\"vertical-align: inherit;\"><span dir=\"auto\" style=\"vertical-align: inherit;\"> \u2013 Iga partii on testitud ja kontrollitud HPLC ja NMR abil.<\/span><\/span><\/p>\n<\/li>\n<li data-start=\"5931\" data-end=\"6001\">\n<p data-start=\"5933\" data-end=\"6001\"><strong data-start=\"5933\" data-end=\"5958\"><span dir=\"auto\" style=\"vertical-align: inherit;\"><span dir=\"auto\" style=\"vertical-align: inherit;\">Kaitsev pakend<\/span><\/span><\/strong><span dir=\"auto\" style=\"vertical-align: inherit;\"><span dir=\"auto\" style=\"vertical-align: inherit;\"> \u2013 Hoiab \u00e4ra niiskuse, valguse ja saastumise.<\/span><\/span><\/p>\n<\/li>\n<\/ul>\n<hr data-start=\"6003\" data-end=\"6006\" \/>\n<h3 data-start=\"6008\" data-end=\"6060\"><strong data-start=\"6012\" data-end=\"6058\"><span dir=\"auto\" style=\"vertical-align: inherit;\"><span dir=\"auto\" style=\"vertical-align: inherit;\">Kasutamine (ainult uurimist\u00f6\u00f6 eesm\u00e4rgil)<\/span><\/span><\/strong><\/h3>\n<ol data-start=\"6062\" data-end=\"6432\">\n<li data-start=\"6062\" data-end=\"6131\">\n<p data-start=\"6065\" data-end=\"6131\"><strong data-start=\"6065\" data-end=\"6080\"><span dir=\"auto\" style=\"vertical-align: inherit;\"><span dir=\"auto\" style=\"vertical-align: inherit;\">K\u00e4itlemine:<\/span><\/span><\/strong><span dir=\"auto\" style=\"vertical-align: inherit;\"><span dir=\"auto\" style=\"vertical-align: inherit;\"> Kandke kindaid, kaitseprille ja laborikitlit.<\/span><\/span><\/p>\n<\/li>\n<li data-start=\"6132\" data-end=\"6217\">\n<p data-start=\"6135\" data-end=\"6217\"><strong data-start=\"6135\" data-end=\"6148\"><span dir=\"auto\" style=\"vertical-align: inherit;\"><span dir=\"auto\" style=\"vertical-align: inherit;\">M\u00f5\u00f5dud:<\/span><\/span><\/strong><span dir=\"auto\" style=\"vertical-align: inherit;\"><span dir=\"auto\" style=\"vertical-align: inherit;\"> T\u00e4pse doseerimise tagamiseks kasutage kalibreeritud laborikaalusid.<\/span><\/span><\/p>\n<\/li>\n<li data-start=\"6218\" data-end=\"6272\">\n<p data-start=\"6221\" data-end=\"6272\"><strong data-start=\"6221\" data-end=\"6232\"><span dir=\"auto\" style=\"vertical-align: inherit;\"><span dir=\"auto\" style=\"vertical-align: inherit;\">S\u00e4ilitamine:<\/span><\/span><\/strong><span dir=\"auto\" style=\"vertical-align: inherit;\"><span dir=\"auto\" style=\"vertical-align: inherit;\"> Hoida jahedas (2\u20138 \u00b0C), kuivas ja pimedas.<\/span><\/span><\/p>\n<\/li>\n<li data-start=\"6273\" data-end=\"6359\">\n<p data-start=\"6276\" data-end=\"6359\"><strong data-start=\"6276\" data-end=\"6288\"><span dir=\"auto\" style=\"vertical-align: inherit;\"><span dir=\"auto\" style=\"vertical-align: inherit;\">Anal\u00fc\u00fcs:<\/span><\/span><\/strong><span dir=\"auto\" style=\"vertical-align: inherit;\"><span dir=\"auto\" style=\"vertical-align: inherit;\"> Sobib kromatograafiaks, spektroskoopiaks ja kohtuekspertiisiks.<\/span><\/span><\/p>\n<\/li>\n<li data-start=\"6360\" data-end=\"6432\">\n<p data-start=\"6363\" data-end=\"6432\"><strong data-start=\"6363\" data-end=\"6380\"><span dir=\"auto\" style=\"vertical-align: inherit;\"><span dir=\"auto\" style=\"vertical-align: inherit;\">Dokumentatsioon:<\/span><\/span><\/strong><span dir=\"auto\" style=\"vertical-align: inherit;\"><span dir=\"auto\" style=\"vertical-align: inherit;\"> Registreerige partii number, puhtus ja testi tulemused.<\/span><\/span><\/p>\n<\/li>\n<\/ol>\n<hr data-start=\"6434\" data-end=\"6437\" \/>\n<h3 data-start=\"6439\" data-end=\"6474\"><strong data-start=\"6443\" data-end=\"6472\"><span dir=\"auto\" style=\"vertical-align: inherit;\"><span dir=\"auto\" style=\"vertical-align: inherit;\">Korduma kippuvad k\u00fcsimused (KKK)<\/span><\/span><\/strong><\/h3>\n<p data-start=\"6476\" data-end=\"6675\"><strong data-start=\"6476\" data-end=\"6503\"><span dir=\"auto\" style=\"vertical-align: inherit;\"><span dir=\"auto\" style=\"vertical-align: inherit;\">1. Mis on 3-Me-PCE-HCl? <\/span><\/span><\/strong><br data-start=\"6503\" data-end=\"6506\" \/><strong data-start=\"6506\" data-end=\"6518\"><span dir=\"auto\" style=\"vertical-align: inherit;\"><span dir=\"auto\" style=\"vertical-align: inherit;\">3-Me-PCE<\/span><\/span><\/strong><span dir=\"auto\" style=\"vertical-align: inherit;\"><span dir=\"auto\" style=\"vertical-align: inherit;\"> on <\/span><\/span><strong data-start=\"6526\" data-end=\"6554\"><span dir=\"auto\" style=\"vertical-align: inherit;\"><span dir=\"auto\" style=\"vertical-align: inherit;\">dissotsiatiivne \u00fchend<\/span><\/span><\/strong><span dir=\"auto\" style=\"vertical-align: inherit;\"><span dir=\"auto\" style=\"vertical-align: inherit;\"> ar\u00fc\u00fclts\u00fckloheks\u00fc\u00fclamiinide klassist, mis on seotud PCE ja 3-MeO-PCE-ga ning mida kasutatakse NMDA retseptorite uuringutes.<\/span><\/span><\/p>\n<p data-start=\"6677\" data-end=\"6833\"><strong data-start=\"6677\" data-end=\"6723\"><span dir=\"auto\" style=\"vertical-align: inherit;\"><span dir=\"auto\" style=\"vertical-align: inherit;\">2. Mis on 3-Me-PCE HCl tootes?<\/span><\/span><\/strong><br data-start=\"6723\" data-end=\"6726\" \/><span dir=\"auto\" style=\"vertical-align: inherit;\"><span dir=\"auto\" style=\"vertical-align: inherit;\"> Toode sisaldab <\/span><\/span><strong data-start=\"6744\" data-end=\"6773\"><span dir=\"auto\" style=\"vertical-align: inherit;\"><span dir=\"auto\" style=\"vertical-align: inherit;\">\u2265 98% puhas 3-Me-PCE HCl<\/span><\/span><\/strong><span dir=\"auto\" style=\"vertical-align: inherit;\"><span dir=\"auto\" style=\"vertical-align: inherit;\"> kristallilisel kujul, pakendatud laborianal\u00fc\u00fcsiks.<\/span><\/span><\/p>\n<p data-start=\"6835\" data-end=\"7000\"><strong data-start=\"6835\" data-end=\"6877\"><span dir=\"auto\" style=\"vertical-align: inherit;\"><span dir=\"auto\" style=\"vertical-align: inherit;\">3. Kas 3-Me-PCE ostmine on seaduslik?<\/span><\/span><\/strong><br data-start=\"6877\" data-end=\"6880\" \/><span dir=\"auto\" style=\"vertical-align: inherit;\"><span dir=\"auto\" style=\"vertical-align: inherit;\"> See <\/span><\/span><strong data-start=\"6883\" data-end=\"6910\"><span dir=\"auto\" style=\"vertical-align: inherit;\"><span dir=\"auto\" style=\"vertical-align: inherit;\">3-Me-PCE seaduslikkus<\/span><\/span><\/strong><span dir=\"auto\" style=\"vertical-align: inherit;\"><span dir=\"auto\" style=\"vertical-align: inherit;\"> erineb riigiti. Enne kontrollige alati kohalikke seadusi. <\/span><\/span><strong data-start=\"6979\" data-end=\"6997\"><span dir=\"auto\" style=\"vertical-align: inherit;\"><span dir=\"auto\" style=\"vertical-align: inherit;\">3-Me-PCE ostmine<\/span><\/span><\/strong><span dir=\"auto\" style=\"vertical-align: inherit;\"><span dir=\"auto\" style=\"vertical-align: inherit;\"> .<\/span><\/span><\/p>","protected":false},"excerpt":{"rendered":"<h3><span dir=\"auto\" style=\"vertical-align: inherit;\"><span dir=\"auto\" style=\"vertical-align: inherit;\"><span dir=\"auto\" style=\"vertical-align: inherit;\"><span dir=\"auto\" style=\"vertical-align: inherit;\">3-Me-PCE omadused<\/span><\/span><\/span><\/span><\/h3>\n<p><strong><span dir=\"auto\" style=\"vertical-align: inherit;\"><span dir=\"auto\" style=\"vertical-align: inherit;\"><span dir=\"auto\" style=\"vertical-align: inherit;\"><span dir=\"auto\" style=\"vertical-align: inherit;\">S\u00fcnon\u00fc\u00fcm<\/span><\/span><\/span><\/span><\/strong><span dir=\"auto\" style=\"vertical-align: inherit;\"><span dir=\"auto\" style=\"vertical-align: inherit;\"><span dir=\"auto\" style=\"vertical-align: inherit;\"><span dir=\"auto\" style=\"vertical-align: inherit;\"> 3-met\u00fc\u00fcletits\u00fcklidiin <\/span><\/span><\/span><\/span><br \/>\n<strong><span dir=\"auto\" style=\"vertical-align: inherit;\"><span dir=\"auto\" style=\"vertical-align: inherit;\"><span dir=\"auto\" style=\"vertical-align: inherit;\"><span dir=\"auto\" style=\"vertical-align: inherit;\">CAS <\/span><\/span><\/span><\/span><\/strong> <strong><span dir=\"auto\" style=\"vertical-align: inherit;\"><span dir=\"auto\" style=\"vertical-align: inherit;\"><span dir=\"auto\" style=\"vertical-align: inherit;\"><span dir=\"auto\" style=\"vertical-align: inherit;\">Number<\/span><\/span><\/span><\/span><\/strong><span dir=\"auto\" style=\"vertical-align: inherit;\"><span dir=\"auto\" style=\"vertical-align: inherit;\"><span dir=\"auto\" style=\"vertical-align: inherit;\"><span dir=\"auto\" style=\"vertical-align: inherit;\"> pole saadaval <\/span><\/span><\/span><\/span><br \/>\n<strong><span dir=\"auto\" style=\"vertical-align: inherit;\"><span dir=\"auto\" style=\"vertical-align: inherit;\"><span dir=\"auto\" style=\"vertical-align: inherit;\"><span dir=\"auto\" style=\"vertical-align: inherit;\">Valem<\/span><\/span><\/span><\/span><\/strong><span dir=\"auto\" style=\"vertical-align: inherit;\"><span dir=\"auto\" style=\"vertical-align: inherit;\"><span dir=\"auto\" style=\"vertical-align: inherit;\"><span dir=\"auto\" style=\"vertical-align: inherit;\"> N-et\u00fc\u00fcl-1-(3-met\u00fc\u00fclfen\u00fc\u00fcl)ts\u00fckloheksaan-1-amiin <\/span><\/span><\/span><\/span><br \/>\n<strong><span dir=\"auto\" style=\"vertical-align: inherit;\"><span dir=\"auto\" style=\"vertical-align: inherit;\"><span dir=\"auto\" style=\"vertical-align: inherit;\"><span dir=\"auto\" style=\"vertical-align: inherit;\">Molaarmass<\/span><\/span><\/span><\/span><\/strong><span dir=\"auto\" style=\"vertical-align: inherit;\"><span dir=\"auto\" style=\"vertical-align: inherit;\"><span dir=\"auto\" style=\"vertical-align: inherit;\"><span dir=\"auto\" style=\"vertical-align: inherit;\"> pole saadaval <\/span><\/span><\/span><\/span><br \/>\n<strong><span dir=\"auto\" style=\"vertical-align: inherit;\"><span dir=\"auto\" style=\"vertical-align: inherit;\"><span dir=\"auto\" style=\"vertical-align: inherit;\"><span dir=\"auto\" style=\"vertical-align: inherit;\">Puhtus<\/span><\/span><\/span><\/span><\/strong><span dir=\"auto\" style=\"vertical-align: inherit;\"><span dir=\"auto\" style=\"vertical-align: inherit;\"><span dir=\"auto\" style=\"vertical-align: inherit;\"><span dir=\"auto\" style=\"vertical-align: inherit;\"> : &gt;97%<\/span><\/span><\/span><\/span><\/p>","protected":false},"featured_media":28414,"comment_status":"closed","ping_status":"closed","template":"","meta":[],"product_brand":[82],"product_cat":[465,71],"product_tag":[836,837,838,326],"class_list":{"0":"post-24409","1":"product","2":"type-product","3":"status-publish","4":"has-post-thumbnail","6":"product_brand-research-chemical","7":"product_cat-3-me-pce","8":"product_cat-arylcyclohexylamine","9":"product_tag-3-me-pce","10":"product_tag-3-me-pce-hcl","11":"product_tag-3-me-pce-kopen","12":"product_tag-nl","14":"first","15":"instock","16":"taxable","17":"shipping-taxable","18":"purchasable","19":"product-type-variable"},"_links":{"self":[{"href":"https:\/\/researchchemicalhub.com\/et\/wp-json\/wp\/v2\/product\/24409","targetHints":{"allow":["GET"]}}],"collection":[{"href":"https:\/\/researchchemicalhub.com\/et\/wp-json\/wp\/v2\/product"}],"about":[{"href":"https:\/\/researchchemicalhub.com\/et\/wp-json\/wp\/v2\/types\/product"}],"replies":[{"embeddable":true,"href":"https:\/\/researchchemicalhub.com\/et\/wp-json\/wp\/v2\/comments?post=24409"}],"version-history":[{"count":7,"href":"https:\/\/researchchemicalhub.com\/et\/wp-json\/wp\/v2\/product\/24409\/revisions"}],"predecessor-version":[{"id":28683,"href":"https:\/\/researchchemicalhub.com\/et\/wp-json\/wp\/v2\/product\/24409\/revisions\/28683"}],"wp:featuredmedia":[{"embeddable":true,"href":"https:\/\/researchchemicalhub.com\/et\/wp-json\/wp\/v2\/media\/28414"}],"wp:attachment":[{"href":"https:\/\/researchchemicalhub.com\/et\/wp-json\/wp\/v2\/media?parent=24409"}],"wp:term":[{"taxonomy":"product_brand","embeddable":true,"href":"https:\/\/researchchemicalhub.com\/et\/wp-json\/wp\/v2\/product_brand?post=24409"},{"taxonomy":"product_cat","embeddable":true,"href":"https:\/\/researchchemicalhub.com\/et\/wp-json\/wp\/v2\/product_cat?post=24409"},{"taxonomy":"product_tag","embeddable":true,"href":"https:\/\/researchchemicalhub.com\/et\/wp-json\/wp\/v2\/product_tag?post=24409"}],"curies":[{"name":"t\u00f6\u00f6leht","href":"https:\/\/api.w.org\/{rel}","templated":true}]}}