{"id":24404,"date":"2025-04-13T17:41:40","date_gmt":"2025-04-13T17:41:40","guid":{"rendered":"https:\/\/researchchemicalhub.com\/?post_type=product&#038;p=24404"},"modified":"2025-10-29T08:38:29","modified_gmt":"2025-10-29T08:38:29","slug":"nb-dmt-oxalaat","status":"publish","type":"product","link":"https:\/\/researchchemicalhub.com\/et\/shop\/nboc-dmt\/nb-dmt-oxalaat\/","title":{"rendered":"NBoc-DMT oksalaat"},"content":{"rendered":"<h3 data-start=\"4268\" data-end=\"4289\"><strong data-start=\"4272\" data-end=\"4287\"><span dir=\"auto\" style=\"vertical-align: inherit;\"><span dir=\"auto\" style=\"vertical-align: inherit;\">Sissejuhatus<\/span><\/span><\/strong><\/h3>\n<p data-start=\"4290\" data-end=\"4636\"><strong data-start=\"4290\" data-end=\"4311\"><span dir=\"auto\" style=\"vertical-align: inherit;\"><span dir=\"auto\" style=\"vertical-align: inherit;\">N-Boc-DMT oksalaat<\/span><\/span><\/strong><span dir=\"auto\" style=\"vertical-align: inherit;\"><span dir=\"auto\" style=\"vertical-align: inherit;\"> (N-tert-butoks\u00fckarbon\u00fc\u00fcl-dimet\u00fc\u00fcltr\u00fcptamiinoksalaat) on <\/span><\/span><strong data-start=\"4370\" data-end=\"4406\"><span dir=\"auto\" style=\"vertical-align: inherit;\"><span dir=\"auto\" style=\"vertical-align: inherit;\">k\u00f5rge puhtusastmega tr\u00fcptamiini\u00fchend<\/span><\/span><\/strong><span dir=\"auto\" style=\"vertical-align: inherit;\"><span dir=\"auto\" style=\"vertical-align: inherit;\"> kasutatud <\/span><\/span><strong data-start=\"4431\" data-end=\"4479\"><span dir=\"auto\" style=\"vertical-align: inherit;\"><span dir=\"auto\" style=\"vertical-align: inherit;\">anal\u00fc\u00fctiline, keemiline ja kohtuekspertiisi uuring<\/span><\/span><\/strong><span dir=\"auto\" style=\"vertical-align: inherit;\"><span dir=\"auto\" style=\"vertical-align: inherit;\"> .nb dmt <\/span><\/span><br data-start=\"4480\" data-end=\"4483\" \/><span dir=\"auto\" style=\"vertical-align: inherit;\"><span dir=\"auto\" style=\"vertical-align: inherit;\">See toimib kui <\/span><\/span><strong data-start=\"4504\" data-end=\"4529\"><span dir=\"auto\" style=\"vertical-align: inherit;\"><span dir=\"auto\" style=\"vertical-align: inherit;\">kaitstud vahe\u00fchend<\/span><\/span><\/strong><span dir=\"auto\" style=\"vertical-align: inherit;\"><span dir=\"auto\" style=\"vertical-align: inherit;\"> s\u00fcnteesis ja struktuuriuuringutes <\/span><\/span><strong data-start=\"4572\" data-end=\"4605\"><span dir=\"auto\" style=\"vertical-align: inherit;\"><span dir=\"auto\" style=\"vertical-align: inherit;\">indoolip\u00f5hised tr\u00fcptamiinid<\/span><\/span><\/strong><span dir=\"auto\" style=\"vertical-align: inherit;\"><span dir=\"auto\" style=\"vertical-align: inherit;\"> n\u00e4iteks DMT, DET ja 5-MeO-DMT.<\/span><\/span><\/p>\n<p data-start=\"4638\" data-end=\"4905\"><span dir=\"auto\" style=\"vertical-align: inherit;\"><span dir=\"auto\" style=\"vertical-align: inherit;\">See <\/span><\/span><strong data-start=\"4641\" data-end=\"4670\"><span dir=\"auto\" style=\"vertical-align: inherit;\"><span dir=\"auto\" style=\"vertical-align: inherit;\">Boc (tert-butoks\u00fckarbon\u00fc\u00fcl)<\/span><\/span><\/strong><span dir=\"auto\" style=\"vertical-align: inherit;\"><span dir=\"auto\" style=\"vertical-align: inherit;\"> r\u00fchm kaitseb \u00fchendit lagunemise eest ning v\u00f5imaldab ohutut k\u00e4sitsemist ja pikaajalist ladustamist. See teeb <\/span><\/span><strong data-start=\"4783\" data-end=\"4804\"><span dir=\"auto\" style=\"vertical-align: inherit;\"><span dir=\"auto\" style=\"vertical-align: inherit;\">N-Boc-DMT oksalaat<\/span><\/span><\/strong><span dir=\"auto\" style=\"vertical-align: inherit;\"><span dir=\"auto\" style=\"vertical-align: inherit;\"> v\u00e4\u00e4rtuslikku teatmematerjali <\/span><\/span><strong data-start=\"4844\" data-end=\"4881\"><span dir=\"auto\" style=\"vertical-align: inherit;\"><span dir=\"auto\" style=\"vertical-align: inherit;\">kromatograafiline, spektroskoopiline,<\/span><\/span><\/strong><span dir=\"auto\" style=\"vertical-align: inherit;\"><span dir=\"auto\" style=\"vertical-align: inherit;\"> ja <\/span><\/span><strong data-start=\"4885\" data-end=\"4902\"><span dir=\"auto\" style=\"vertical-align: inherit;\"><span dir=\"auto\" style=\"vertical-align: inherit;\">SAR-uuringud<\/span><\/span><\/strong><span dir=\"auto\" style=\"vertical-align: inherit;\"><span dir=\"auto\" style=\"vertical-align: inherit;\"> .<\/span><\/span><\/p>\n<p data-start=\"4907\" data-end=\"5049\"><span dir=\"auto\" style=\"vertical-align: inherit;\"><span dir=\"auto\" style=\"vertical-align: inherit;\">Iga partii on toodetud vastavalt <\/span><\/span><strong data-start=\"4943\" data-end=\"4976\"><span dir=\"auto\" style=\"vertical-align: inherit;\"><span dir=\"auto\" style=\"vertical-align: inherit;\">ranged laboritingimused<\/span><\/span><\/strong><span dir=\"auto\" style=\"vertical-align: inherit;\"><span dir=\"auto\" style=\"vertical-align: inherit;\"> ja testitud <\/span><\/span><strong data-start=\"4994\" data-end=\"5018\"><span dir=\"auto\" style=\"vertical-align: inherit;\"><span dir=\"auto\" style=\"vertical-align: inherit;\">\u2265 98% puhtus<\/span><\/span><\/strong><span dir=\"auto\" style=\"vertical-align: inherit;\"><span dir=\"auto\" style=\"vertical-align: inherit;\"> k\u00f5rval <\/span><\/span><strong data-start=\"5023\" data-end=\"5046\"><span dir=\"auto\" style=\"vertical-align: inherit;\"><span dir=\"auto\" style=\"vertical-align: inherit;\">HPLC ja NMR anal\u00fc\u00fcs<\/span><\/span><\/strong><span dir=\"auto\" style=\"vertical-align: inherit;\"><span dir=\"auto\" style=\"vertical-align: inherit;\"> .<\/span><\/span><\/p>\n<blockquote data-start=\"5051\" data-end=\"5197\">\n<p data-start=\"5053\" data-end=\"5197\">\u26a0\ufe0f <strong data-start=\"5056\" data-end=\"5067\"><span dir=\"auto\" style=\"vertical-align: inherit;\"><span dir=\"auto\" style=\"vertical-align: inherit;\">Palun arvestage:<\/span><\/span><\/strong><span dir=\"auto\" style=\"vertical-align: inherit;\"><span dir=\"auto\" style=\"vertical-align: inherit;\"> See toode on m\u00f5eldud <\/span><\/span><strong data-start=\"5108\" data-end=\"5143\"><span dir=\"auto\" style=\"vertical-align: inherit;\"><span dir=\"auto\" style=\"vertical-align: inherit;\">teadus- ja anal\u00fc\u00fctiline kasutamine<\/span><\/span><\/strong><span dir=\"auto\" style=\"vertical-align: inherit;\"><span dir=\"auto\" style=\"vertical-align: inherit;\"> ainult \u2014 <\/span><\/span><strong data-start=\"5146\" data-end=\"5194\"><span dir=\"auto\" style=\"vertical-align: inherit;\"><span dir=\"auto\" style=\"vertical-align: inherit;\">mitte inimtoiduks ega loomade toiduks<\/span><\/span><\/strong><span dir=\"auto\" style=\"vertical-align: inherit;\"><span dir=\"auto\" style=\"vertical-align: inherit;\"> .<\/span><\/span><\/p>\n<\/blockquote>\n<hr data-start=\"5199\" data-end=\"5202\" \/>\n<h3 data-start=\"5204\" data-end=\"5235\"><strong data-start=\"5208\" data-end=\"5235\"><span dir=\"auto\" style=\"vertical-align: inherit;\"><span dir=\"auto\" style=\"vertical-align: inherit;\">Peamised omadused<\/span><\/span><\/strong><\/h3>\n<div class=\"_tableContainer_1rjym_1\">\n<div class=\"group _tableWrapper_1rjym_13 flex w-fit flex-col-reverse\" tabindex=\"-1\">\n<table class=\"w-fit min-w-(--thread-content-width)\" data-start=\"5237\" data-end=\"5850\">\n<thead data-start=\"5237\" data-end=\"5263\">\n<tr data-start=\"5237\" data-end=\"5263\">\n<th data-start=\"5237\" data-end=\"5247\" data-col-size=\"sm\"><span dir=\"auto\" style=\"vertical-align: inherit;\"><span dir=\"auto\" style=\"vertical-align: inherit;\">Funktsioon<\/span><\/span><\/th>\n<th data-start=\"5247\" data-end=\"5263\" data-col-size=\"md\"><span dir=\"auto\" style=\"vertical-align: inherit;\"><span dir=\"auto\" style=\"vertical-align: inherit;\">Kirjeldus<\/span><\/span><\/th>\n<\/tr>\n<\/thead>\n<tbody data-start=\"5292\" data-end=\"5850\">\n<tr data-start=\"5292\" data-end=\"5365\">\n<td data-start=\"5292\" data-end=\"5313\" data-col-size=\"sm\"><strong data-start=\"5294\" data-end=\"5312\"><span dir=\"auto\" style=\"vertical-align: inherit;\"><span dir=\"auto\" style=\"vertical-align: inherit;\">Keemiline nimetus<\/span><\/span><\/strong><\/td>\n<td data-start=\"5313\" data-end=\"5365\" data-col-size=\"md\"><span dir=\"auto\" style=\"vertical-align: inherit;\"><span dir=\"auto\" style=\"vertical-align: inherit;\">N-tert-butoks\u00fckarbon\u00fc\u00fcl-dimet\u00fc\u00fcltr\u00fcptamiinoksalaat<\/span><\/span><\/td>\n<\/tr>\n<tr data-start=\"5366\" data-end=\"5412\">\n<td data-start=\"5366\" data-end=\"5391\" data-col-size=\"sm\"><strong data-start=\"5368\" data-end=\"5390\"><span dir=\"auto\" style=\"vertical-align: inherit;\"><span dir=\"auto\" style=\"vertical-align: inherit;\">\u00dcldnimetus<\/span><\/span><\/strong><\/td>\n<td data-start=\"5391\" data-end=\"5412\" data-col-size=\"md\"><span dir=\"auto\" style=\"vertical-align: inherit;\"><span dir=\"auto\" style=\"vertical-align: inherit;\">N-Boc-DMT oksalaat<\/span><\/span><\/td>\n<\/tr>\n<tr data-start=\"5413\" data-end=\"5458\">\n<td data-start=\"5413\" data-end=\"5437\" data-col-size=\"sm\"><strong data-start=\"5415\" data-end=\"5436\"><span dir=\"auto\" style=\"vertical-align: inherit;\"><span dir=\"auto\" style=\"vertical-align: inherit;\">Keemiline valem<\/span><\/span><\/strong><\/td>\n<td data-start=\"5437\" data-end=\"5458\" data-col-size=\"md\"><span dir=\"auto\" style=\"vertical-align: inherit;\"><span dir=\"auto\" style=\"vertical-align: inherit;\">C\u2081\u2087H\u2082\u2084N\u2082O\u2084\u00b7C\u2082H\u2082O\u2084<\/span><\/span><\/td>\n<\/tr>\n<tr data-start=\"5459\" data-end=\"5497\">\n<td data-start=\"5459\" data-end=\"5481\" data-col-size=\"sm\"><strong data-start=\"5461\" data-end=\"5480\"><span dir=\"auto\" style=\"vertical-align: inherit;\"><span dir=\"auto\" style=\"vertical-align: inherit;\">Molekulaarmass<\/span><\/span><\/strong><\/td>\n<td data-start=\"5481\" data-end=\"5497\" data-col-size=\"md\"><span dir=\"auto\" style=\"vertical-align: inherit;\"><span dir=\"auto\" style=\"vertical-align: inherit;\">404,42 g\/mol<\/span><\/span><\/td>\n<\/tr>\n<tr data-start=\"5498\" data-end=\"5531\">\n<td data-start=\"5498\" data-end=\"5509\" data-col-size=\"sm\"><strong data-start=\"5500\" data-end=\"5508\"><span dir=\"auto\" style=\"vertical-align: inherit;\"><span dir=\"auto\" style=\"vertical-align: inherit;\">Vorm<\/span><\/span><\/strong><\/td>\n<td data-start=\"5509\" data-end=\"5531\" data-col-size=\"md\"><span dir=\"auto\" style=\"vertical-align: inherit;\"><span dir=\"auto\" style=\"vertical-align: inherit;\">Kristalliline pulber<\/span><\/span><\/td>\n<\/tr>\n<tr data-start=\"5532\" data-end=\"5583\">\n<td data-start=\"5532\" data-end=\"5549\" data-col-size=\"sm\"><strong data-start=\"5534\" data-end=\"5548\"><span dir=\"auto\" style=\"vertical-align: inherit;\"><span dir=\"auto\" style=\"vertical-align: inherit;\">Puhtus<\/span><\/span><\/strong><\/td>\n<td data-start=\"5549\" data-end=\"5583\" data-col-size=\"md\"><span dir=\"auto\" style=\"vertical-align: inherit;\"><span dir=\"auto\" style=\"vertical-align: inherit;\">\u2265 98% (testitud HPLC ja NMR abil)<\/span><\/span><\/td>\n<\/tr>\n<tr data-start=\"5584\" data-end=\"5649\">\n<td data-start=\"5584\" data-end=\"5607\" data-col-size=\"sm\"><strong data-start=\"5586\" data-end=\"5606\"><span dir=\"auto\" style=\"vertical-align: inherit;\"><span dir=\"auto\" style=\"vertical-align: inherit;\">Keemiline klass<\/span><\/span><\/strong><\/td>\n<td data-start=\"5607\" data-end=\"5649\" data-col-size=\"md\"><span dir=\"auto\" style=\"vertical-align: inherit;\"><span dir=\"auto\" style=\"vertical-align: inherit;\">Tr\u00fcptamiini derivaat \/ indooli\u00fchend<\/span><\/span><\/td>\n<\/tr>\n<tr data-start=\"5650\" data-end=\"5724\">\n<td data-start=\"5650\" data-end=\"5664\" data-col-size=\"sm\"><strong data-start=\"5652\" data-end=\"5663\"><span dir=\"auto\" style=\"vertical-align: inherit;\"><span dir=\"auto\" style=\"vertical-align: inherit;\">Kasutus<\/span><\/span><\/strong><\/td>\n<td data-start=\"5664\" data-end=\"5724\" data-col-size=\"md\"><span dir=\"auto\" style=\"vertical-align: inherit;\"><span dir=\"auto\" style=\"vertical-align: inherit;\">Ainult anal\u00fc\u00fctiliseks, kohtuekspertiisi ja keemiliseks uurimist\u00f6\u00f6ks<\/span><\/span><\/td>\n<\/tr>\n<tr data-start=\"5725\" data-end=\"5792\">\n<td data-start=\"5725\" data-end=\"5742\" data-col-size=\"sm\"><strong data-start=\"5727\" data-end=\"5741\"><span dir=\"auto\" style=\"vertical-align: inherit;\"><span dir=\"auto\" style=\"vertical-align: inherit;\">Pakend<\/span><\/span><\/strong><\/td>\n<td data-start=\"5742\" data-end=\"5792\" data-col-size=\"md\"><span dir=\"auto\" style=\"vertical-align: inherit;\"><span dir=\"auto\" style=\"vertical-align: inherit;\">Korduvsuletav, niiskuskindel laborikott<\/span><\/span><\/td>\n<\/tr>\n<tr data-start=\"5793\" data-end=\"5850\">\n<td data-start=\"5793\" data-end=\"5811\" data-col-size=\"sm\"><strong data-start=\"5795\" data-end=\"5810\"><span dir=\"auto\" style=\"vertical-align: inherit;\"><span dir=\"auto\" style=\"vertical-align: inherit;\">Kogus<\/span><\/span><\/strong><\/td>\n<td data-start=\"5811\" data-end=\"5850\" data-col-size=\"md\"><span dir=\"auto\" style=\"vertical-align: inherit;\"><span dir=\"auto\" style=\"vertical-align: inherit;\">1 gramm koti kohta (s\u00f5ltub partiist)<\/span><\/span><\/td>\n<\/tr>\n<\/tbody>\n<\/table>\n<\/div>\n<\/div>\n<hr data-start=\"5852\" data-end=\"5855\" \/>\n<h3 data-start=\"5857\" data-end=\"5874\"><strong data-start=\"5861\" data-end=\"5874\"><span dir=\"auto\" style=\"vertical-align: inherit;\"><span dir=\"auto\" style=\"vertical-align: inherit;\">Eelised<\/span><\/span><\/strong><\/h3>\n<ul data-start=\"5876\" data-end=\"6309\">\n<li data-start=\"5876\" data-end=\"5968\">\n<p data-start=\"5878\" data-end=\"5968\"><strong data-start=\"5878\" data-end=\"5897\"><span dir=\"auto\" style=\"vertical-align: inherit;\"><span dir=\"auto\" style=\"vertical-align: inherit;\">K\u00f5rge puhtusastmega<\/span><\/span><\/strong><span dir=\"auto\" style=\"vertical-align: inherit;\"><span dir=\"auto\" style=\"vertical-align: inherit;\"> \u2013 \u2265 98% laborikvaliteet usaldusv\u00e4\u00e4rsete uurimistulemuste tagamiseks.<\/span><\/span><\/p>\n<\/li>\n<li data-start=\"5969\" data-end=\"6063\">\n<p data-start=\"5971\" data-end=\"6063\"><strong data-start=\"5971\" data-end=\"5999\"><span dir=\"auto\" style=\"vertical-align: inherit;\"><span dir=\"auto\" style=\"vertical-align: inherit;\">Boc-kaitstud struktuur<\/span><\/span><\/strong><span dir=\"auto\" style=\"vertical-align: inherit;\"><span dir=\"auto\" style=\"vertical-align: inherit;\"> \u2013 Pakub kasutamise ajal t\u00e4iendavat stabiilsust ja ohutust. nb dmt<\/span><\/span><\/p>\n<\/li>\n<li data-start=\"6064\" data-end=\"6142\">\n<p data-start=\"6066\" data-end=\"6142\"><strong data-start=\"6066\" data-end=\"6091\"><span dir=\"auto\" style=\"vertical-align: inherit;\"><span dir=\"auto\" style=\"vertical-align: inherit;\">Ideaalne uurimist\u00f6\u00f6ks<\/span><\/span><\/strong><span dir=\"auto\" style=\"vertical-align: inherit;\"><span dir=\"auto\" style=\"vertical-align: inherit;\"> \u2013 Sobib GC\/MS, LC-MS, FTIR, HPLC ja NMR jaoks.<\/span><\/span><\/p>\n<\/li>\n<li data-start=\"6143\" data-end=\"6213\">\n<p data-start=\"6145\" data-end=\"6213\"><strong data-start=\"6145\" data-end=\"6169\"><span dir=\"auto\" style=\"vertical-align: inherit;\"><span dir=\"auto\" style=\"vertical-align: inherit;\">Stabiilne oksalaadi vorm<\/span><\/span><\/strong><span dir=\"auto\" style=\"vertical-align: inherit;\"><span dir=\"auto\" style=\"vertical-align: inherit;\"> \u2013 Pikk s\u00e4ilivusaeg ja keemiliselt stabiilne.<\/span><\/span><\/p>\n<\/li>\n<li data-start=\"6214\" data-end=\"6309\">\n<p data-start=\"6216\" data-end=\"6309\"><strong data-start=\"6216\" data-end=\"6241\"><span dir=\"auto\" style=\"vertical-align: inherit;\"><span dir=\"auto\" style=\"vertical-align: inherit;\">J\u00e4lgitav tootmine<\/span><\/span><\/strong><span dir=\"auto\" style=\"vertical-align: inherit;\"><span dir=\"auto\" style=\"vertical-align: inherit;\"> \u2013 Igal partiil on puhtuse ja koostise kohta k\u00e4iv dokumentatsioon.<\/span><\/span><\/p>\n<\/li>\n<\/ul>\n<hr data-start=\"6311\" data-end=\"6314\" \/>\n<h3 data-start=\"6316\" data-end=\"6368\"><strong data-start=\"6320\" data-end=\"6366\"><span dir=\"auto\" style=\"vertical-align: inherit;\"><span dir=\"auto\" style=\"vertical-align: inherit;\">Kasutamine (ainult uurimist\u00f6\u00f6 eesm\u00e4rgil)<\/span><\/span><\/strong><\/h3>\n<ol data-start=\"6370\" data-end=\"6735\">\n<li data-start=\"6370\" data-end=\"6464\">\n<p data-start=\"6373\" data-end=\"6464\"><strong data-start=\"6373\" data-end=\"6388\"><span dir=\"auto\" style=\"vertical-align: inherit;\"><span dir=\"auto\" style=\"vertical-align: inherit;\">K\u00e4itlemine:<\/span><\/span><\/strong><span dir=\"auto\" style=\"vertical-align: inherit;\"><span dir=\"auto\" style=\"vertical-align: inherit;\"> Kandke kindaid, kaitseprille ja laborikitlit; t\u00f6\u00f6tage t\u00f5mbekapi all.<\/span><\/span><\/p>\n<\/li>\n<li data-start=\"6465\" data-end=\"6528\">\n<p data-start=\"6468\" data-end=\"6528\"><strong data-start=\"6468\" data-end=\"6481\"><span dir=\"auto\" style=\"vertical-align: inherit;\"><span dir=\"auto\" style=\"vertical-align: inherit;\">M\u00f5\u00f5dud:<\/span><\/span><\/strong><span dir=\"auto\" style=\"vertical-align: inherit;\"><span dir=\"auto\" style=\"vertical-align: inherit;\"> Kasutage t\u00e4pseid laborikaalusid.<\/span><\/span><\/p>\n<\/li>\n<li data-start=\"6529\" data-end=\"6583\">\n<p data-start=\"6532\" data-end=\"6583\"><strong data-start=\"6532\" data-end=\"6543\"><span dir=\"auto\" style=\"vertical-align: inherit;\"><span dir=\"auto\" style=\"vertical-align: inherit;\">S\u00e4ilitamine:<\/span><\/span><\/strong><span dir=\"auto\" style=\"vertical-align: inherit;\"><span dir=\"auto\" style=\"vertical-align: inherit;\"> Hoida jahedas (2\u20138 \u00b0C), kuivas ja pimedas.<\/span><\/span><\/p>\n<\/li>\n<li data-start=\"6584\" data-end=\"6671\">\n<p data-start=\"6587\" data-end=\"6671\"><strong data-start=\"6587\" data-end=\"6599\"><span dir=\"auto\" style=\"vertical-align: inherit;\"><span dir=\"auto\" style=\"vertical-align: inherit;\">Anal\u00fc\u00fcs:<\/span><\/span><\/strong><span dir=\"auto\" style=\"vertical-align: inherit;\"><span dir=\"auto\" style=\"vertical-align: inherit;\"> Sobib kromatograafiaks, spektroskoopiaks ja struktuuriuuringuteks.<\/span><\/span><\/p>\n<\/li>\n<li data-start=\"6672\" data-end=\"6735\">\n<p data-start=\"6675\" data-end=\"6735\"><strong data-start=\"6675\" data-end=\"6692\"><span dir=\"auto\" style=\"vertical-align: inherit;\"><span dir=\"auto\" style=\"vertical-align: inherit;\">Dokumentatsioon:<\/span><\/span><\/strong><span dir=\"auto\" style=\"vertical-align: inherit;\"><span dir=\"auto\" style=\"vertical-align: inherit;\"> Partiiandmete ja anal\u00fc\u00fcsimeetodite registreerimine.<\/span><\/span><\/p>\n<\/li>\n<\/ol>\n<hr data-start=\"6737\" data-end=\"6740\" \/>\n<h3 data-start=\"6742\" data-end=\"6777\"><strong data-start=\"6746\" data-end=\"6775\"><span dir=\"auto\" style=\"vertical-align: inherit;\"><span dir=\"auto\" style=\"vertical-align: inherit;\">Korduma kippuvad k\u00fcsimused (KKK)<\/span><\/span><\/strong><\/h3>\n<p data-start=\"6779\" data-end=\"6958\"><strong data-start=\"6779\" data-end=\"6811\"><span dir=\"auto\" style=\"vertical-align: inherit;\"><span dir=\"auto\" style=\"vertical-align: inherit;\">1. Mis on N-Boc-DMT oksalaat? <\/span><\/span><\/strong><br data-start=\"6811\" data-end=\"6814\" \/><strong data-start=\"6814\" data-end=\"6835\"><span dir=\"auto\" style=\"vertical-align: inherit;\"><span dir=\"auto\" style=\"vertical-align: inherit;\">N-Boc-DMT oksalaat<\/span><\/span><\/strong><span dir=\"auto\" style=\"vertical-align: inherit;\"><span dir=\"auto\" style=\"vertical-align: inherit;\"> on <\/span><\/span><strong data-start=\"6843\" data-end=\"6878\"><span dir=\"auto\" style=\"vertical-align: inherit;\"><span dir=\"auto\" style=\"vertical-align: inherit;\">kaitstud tr\u00fcptamiini\u00fchend<\/span><\/span><\/strong><span dir=\"auto\" style=\"vertical-align: inherit;\"><span dir=\"auto\" style=\"vertical-align: inherit;\"> kasutatakse stabiilse v\u00f5rdlusmaterjalina anal\u00fc\u00fctilistes uuringutes.<\/span><\/span><\/p>\n<p data-start=\"6960\" data-end=\"7107\"><strong data-start=\"6960\" data-end=\"7002\"><span dir=\"auto\" style=\"vertical-align: inherit;\"><span dir=\"auto\" style=\"vertical-align: inherit;\">2. Miks kasutatakse Boc-r\u00fchma?<\/span><\/span><\/strong><br data-start=\"7002\" data-end=\"7005\" \/><span dir=\"auto\" style=\"vertical-align: inherit;\"><span dir=\"auto\" style=\"vertical-align: inherit;\"> See <\/span><\/span><strong data-start=\"7008\" data-end=\"7021\"><span dir=\"auto\" style=\"vertical-align: inherit;\"><span dir=\"auto\" style=\"vertical-align: inherit;\">Boc-grupp<\/span><\/span><\/strong><span dir=\"auto\" style=\"vertical-align: inherit;\"><span dir=\"auto\" style=\"vertical-align: inherit;\"> kaitseb \u00fchendit lagunemise eest ning v\u00f5imaldab ohutut uurimist ja ladustamist.<\/span><\/span><\/p>\n<p data-start=\"7109\" data-end=\"7301\"><strong data-start=\"7109\" data-end=\"7160\"><span dir=\"auto\" style=\"vertical-align: inherit;\"><span dir=\"auto\" style=\"vertical-align: inherit;\">3. Kas N-Boc-DMT oksalaadi ostmine on seaduslik?<\/span><\/span><\/strong><br data-start=\"7160\" data-end=\"7163\" \/><span dir=\"auto\" style=\"vertical-align: inherit;\"><span dir=\"auto\" style=\"vertical-align: inherit;\"> See <\/span><\/span><strong data-start=\"7166\" data-end=\"7202\"><span dir=\"auto\" style=\"vertical-align: inherit;\"><span dir=\"auto\" style=\"vertical-align: inherit;\">N-Boc-DMT oksalaadi seaduslikkus<\/span><\/span><\/strong><span dir=\"auto\" style=\"vertical-align: inherit;\"><span dir=\"auto\" style=\"vertical-align: inherit;\"> erineb riigiti. Enne tutvu alati kohalike seadustega. <\/span><\/span><strong data-start=\"7271\" data-end=\"7298\"><span dir=\"auto\" style=\"vertical-align: inherit;\"><span dir=\"auto\" style=\"vertical-align: inherit;\">N-Boc-DMT oksalaadi ostmine<\/span><\/span><\/strong><span dir=\"auto\" style=\"vertical-align: inherit;\"><span dir=\"auto\" style=\"vertical-align: inherit;\"> .<\/span><\/span><\/p>","protected":false},"excerpt":{"rendered":"<h2><span dir=\"auto\" style=\"vertical-align: inherit;\"><span dir=\"auto\" style=\"vertical-align: inherit;\"><span dir=\"auto\" style=\"vertical-align: inherit;\"><span dir=\"auto\" style=\"vertical-align: inherit;\">NBoc-DMT oksalaat<\/span><\/span><\/span><\/span><\/h2>\n<p><span dir=\"auto\" style=\"vertical-align: inherit;\"><span dir=\"auto\" style=\"vertical-align: inherit;\"><span dir=\"auto\" style=\"vertical-align: inherit;\"><span dir=\"auto\" style=\"vertical-align: inherit;\">See toode on saadaval ainult Professor.nl-is! P\u00e4rast p\u00f5hjalikku uurimist\u00f6\u00f6d ja testimist oleme suutnud luua toote, mis sarnaneb v\u00e4ga keelatud ainele NN-DMT.<\/span><\/span><\/span><\/span><\/p>","protected":false},"featured_media":28569,"comment_status":"closed","ping_status":"closed","template":"","meta":[],"product_brand":[],"product_cat":[466,381],"product_tag":[573,326],"class_list":{"0":"post-24404","1":"product","2":"type-product","3":"status-publish","4":"has-post-thumbnail","6":"product_cat-nboc-dmt","7":"product_cat-tryptamines","8":"product_tag-nb-dmt","9":"product_tag-nl","11":"first","12":"instock","13":"taxable","14":"shipping-taxable","15":"purchasable","16":"product-type-variable"},"_links":{"self":[{"href":"https:\/\/researchchemicalhub.com\/et\/wp-json\/wp\/v2\/product\/24404","targetHints":{"allow":["GET"]}}],"collection":[{"href":"https:\/\/researchchemicalhub.com\/et\/wp-json\/wp\/v2\/product"}],"about":[{"href":"https:\/\/researchchemicalhub.com\/et\/wp-json\/wp\/v2\/types\/product"}],"replies":[{"embeddable":true,"href":"https:\/\/researchchemicalhub.com\/et\/wp-json\/wp\/v2\/comments?post=24404"}],"version-history":[{"count":6,"href":"https:\/\/researchchemicalhub.com\/et\/wp-json\/wp\/v2\/product\/24404\/revisions"}],"predecessor-version":[{"id":28682,"href":"https:\/\/researchchemicalhub.com\/et\/wp-json\/wp\/v2\/product\/24404\/revisions\/28682"}],"wp:featuredmedia":[{"embeddable":true,"href":"https:\/\/researchchemicalhub.com\/et\/wp-json\/wp\/v2\/media\/28569"}],"wp:attachment":[{"href":"https:\/\/researchchemicalhub.com\/et\/wp-json\/wp\/v2\/media?parent=24404"}],"wp:term":[{"taxonomy":"product_brand","embeddable":true,"href":"https:\/\/researchchemicalhub.com\/et\/wp-json\/wp\/v2\/product_brand?post=24404"},{"taxonomy":"product_cat","embeddable":true,"href":"https:\/\/researchchemicalhub.com\/et\/wp-json\/wp\/v2\/product_cat?post=24404"},{"taxonomy":"product_tag","embeddable":true,"href":"https:\/\/researchchemicalhub.com\/et\/wp-json\/wp\/v2\/product_tag?post=24404"}],"curies":[{"name":"t\u00f6\u00f6leht","href":"https:\/\/api.w.org\/{rel}","templated":true}]}}