{"id":24277,"date":"2025-04-13T17:41:22","date_gmt":"2025-04-13T17:41:22","guid":{"rendered":"https:\/\/researchchemicalhub.com\/?post_type=product&#038;p=24277"},"modified":"2025-10-29T08:52:48","modified_gmt":"2025-10-29T08:52:48","slug":"flubrotisolaam-05-mg","status":"publish","type":"product","link":"https:\/\/researchchemicalhub.com\/et\/pood\/bensodiasepiinid\/flubrotisolaam-05-mg\/","title":{"rendered":"Flubrotisolaam 0,5 mg graanulid"},"content":{"rendered":"<p data-start=\"5386\" data-end=\"5642\"><strong data-start=\"5386\" data-end=\"5418\">Flubrotisolaam 0,5 mg graanulid<\/strong> on <strong data-start=\"5424\" data-end=\"5469\">k\u00f5rge puhtusastmega uurimiskemikaalid<\/strong>, mis on ette n\u00e4htud toksikoloogilisteks ja farmakoloogilisteks uuringuteks. Iga pellet sisaldab <strong data-start=\"5545\" data-end=\"5576\">0,5 milligrammi flubrotisolaami<\/strong> ja seda kaalutakse hoolikalt usaldusv\u00e4\u00e4rsete uuringutulemuste saamiseks.<\/p>\n<p data-start=\"5644\" data-end=\"5761\">\u26a0\ufe0f <strong data-start=\"5647\" data-end=\"5658\">NB!<\/strong> See toode on ette n\u00e4htud ainult <em data-start=\"5699\" data-end=\"5721\">uurimiseesm\u00e4rkidel<\/em> ja <strong data-start=\"5725\" data-end=\"5760\">mitte inimtoiduks<\/strong>.<\/p>\n<hr data-start=\"5763\" data-end=\"5766\" \/>\n<h2 data-start=\"5768\" data-end=\"5798\"><strong data-start=\"5771\" data-end=\"5798\">Peamised omadused<\/strong><\/h2>\n<ul data-start=\"5800\" data-end=\"6145\">\n<li data-start=\"5800\" data-end=\"5864\">\n<p data-start=\"5802\" data-end=\"5864\"><strong data-start=\"5802\" data-end=\"5821\">K\u00f5rge puhtusastmega<\/strong> j\u00e4rjepideva laboratoorse j\u00f5udluse tagamiseks.<\/p>\n<\/li>\n<li data-start=\"5865\" data-end=\"5946\">\n<p data-start=\"5867\" data-end=\"5946\"><strong data-start=\"5867\" data-end=\"5891\">T\u00e4pne annustamine<\/strong>Kontrollitud katsete puhul 0,5 mg pelleti kohta.<\/p>\n<\/li>\n<li data-start=\"5947\" data-end=\"6015\">\n<p data-start=\"5949\" data-end=\"6015\"><strong data-start=\"5949\" data-end=\"5974\">Anal\u00fc\u00fctiline kvaliteet<\/strong>, sobib LC-MS ja GC-MS uuringuteks.<\/p>\n<\/li>\n<li data-start=\"6016\" data-end=\"6086\">\n<p data-start=\"6018\" data-end=\"6086\"><strong data-start=\"6018\" data-end=\"6040\">Ohutu pakend<\/strong>Suletud ja saastumise eest kaitstud.<\/p>\n<\/li>\n<li data-start=\"6087\" data-end=\"6145\">\n<p data-start=\"6089\" data-end=\"6145\"><strong data-start=\"6089\" data-end=\"6115\">Koosk\u00f5las EL-i m\u00e4\u00e4rustega<\/strong> uurimiskemikaalide jaoks.<\/p>\n<\/li>\n<\/ul>\n<hr data-start=\"6147\" data-end=\"6150\" \/>\n<h2 data-start=\"6152\" data-end=\"6186\"><strong data-start=\"6155\" data-end=\"6186\">Teadlaste eelised<\/strong><\/h2>\n<ul data-start=\"6188\" data-end=\"6478\">\n<li data-start=\"6188\" data-end=\"6246\">\n<p data-start=\"6190\" data-end=\"6246\">Toetab <strong data-start=\"6202\" data-end=\"6243\">toksikoloogilised ja anal\u00fc\u00fctilised uuringud<\/strong>.<\/p>\n<\/li>\n<li data-start=\"6247\" data-end=\"6325\">\n<p data-start=\"6249\" data-end=\"6325\">Sobib <strong data-start=\"6263\" data-end=\"6286\">viiteuuringud<\/strong> uute bensodiasepiini analoogide suunas.<\/p>\n<\/li>\n<li data-start=\"6326\" data-end=\"6413\">\n<p data-start=\"6328\" data-end=\"6413\">Edendab <strong data-start=\"6338\" data-end=\"6369\">teaduslik kinnitus<\/strong> kontrollitud laborikeskkonnas.<\/p>\n<\/li>\n<li data-start=\"6414\" data-end=\"6478\">\n<p data-start=\"6416\" data-end=\"6478\">Aitab kaasa <strong data-start=\"6426\" data-end=\"6450\">meetodi v\u00e4ljat\u00f6\u00f6tamine<\/strong> kohtuekspertiisi anal\u00fc\u00fcsiks. flubrotisolaam<\/p>\n<\/li>\n<\/ul>\n<hr data-start=\"6480\" data-end=\"6483\" \/>\n<h2 data-start=\"6485\" data-end=\"6519\"><strong data-start=\"6488\" data-end=\"6519\">Kasutamine (uurimiskontekst)<\/strong><\/h2>\n<ol data-start=\"6521\" data-end=\"6700\">\n<li data-start=\"6521\" data-end=\"6550\">\n<p data-start=\"6524\" data-end=\"6550\">Kandke standardset labori isikukaitsevahendit.<\/p>\n<\/li>\n<li data-start=\"6551\" data-end=\"6601\">\n<p data-start=\"6554\" data-end=\"6601\">M\u00f5\u00f5tke hoolikalt kalibreeritud seadmetega.<\/p>\n<\/li>\n<li data-start=\"6602\" data-end=\"6649\">\n<p data-start=\"6605\" data-end=\"6649\">Hoida jahedas, kuivas ja otsese p\u00e4ikesevalguse eest kaitstud kohas.<\/p>\n<\/li>\n<li data-start=\"6650\" data-end=\"6700\">\n<p data-start=\"6653\" data-end=\"6700\">H\u00e4vitage vastavalt kohalikele j\u00e4\u00e4tmek\u00e4itluseeskirjadele.<\/p>\n<\/li>\n<\/ol>\n<blockquote data-start=\"6702\" data-end=\"6796\">\n<p data-start=\"6704\" data-end=\"6796\"><strong data-start=\"6704\" data-end=\"6719\">T\u00e4htis:<\/strong> <em data-start=\"6720\" data-end=\"6750\">Flubrotisolaam 0,5 mg graanulid<\/em> on <strong data-start=\"6756\" data-end=\"6795\">ei ole m\u00f5eldud inimestele<\/strong>.<\/p>\n<\/blockquote>\n<hr data-start=\"6798\" data-end=\"6801\" \/>\n<h2 data-start=\"6803\" data-end=\"6874\"><strong data-start=\"6806\" data-end=\"6874\">Osta Flubrotizolam 0,5 MG pelleteid (teadusasutustele)<\/strong><\/h2>\n<p data-start=\"6876\" data-end=\"7031\">Ainult <strong data-start=\"6883\" data-end=\"6925\">sertifitseeritud teadusasutused<\/strong> \u00f5igete lubadega v\u00f5ib <strong data-start=\"6959\" data-end=\"6997\">Osta Flubrotizolam 0,5 MG pelleteid<\/strong>Privaatne kasutamine on keelatud.<\/p>\n<hr data-start=\"7033\" data-end=\"7036\" \/>\n<h2 data-start=\"7038\" data-end=\"7072\"><strong data-start=\"7041\" data-end=\"7072\">Korduma kippuvad k\u00fcsimused (KKK)<\/strong><\/h2>\n<h3 data-start=\"7074\" data-end=\"7139\"><strong data-start=\"7078\" data-end=\"7139\">1. Milleks kasutatakse Flubrotizolam 0,5 MG pelleteid?<\/strong><\/h3>\n<p data-start=\"7140\" data-end=\"7243\">Neid graanuleid kasutatakse <strong data-start=\"7174\" data-end=\"7212\">kohtuekspertiisi ja anal\u00fc\u00fctilised uuringud<\/strong> tienotriasolodiasepiinide suhtes.<\/p>\n<hr data-start=\"7245\" data-end=\"7248\" \/>\n<h3 data-start=\"7250\" data-end=\"7313\"><strong data-start=\"7254\" data-end=\"7313\">2. Kas need graanulid on inimtoiduks ohutud?<\/strong><\/h3>\n<p data-start=\"7314\" data-end=\"7416\">Ei. Need graanulid on <strong data-start=\"7337\" data-end=\"7375\">m\u00f5eldud ainult teaduslikuks otstarbeks<\/strong> ja ei sobi inimestele tarvitamiseks.<\/p>\n<hr data-start=\"7418\" data-end=\"7421\" \/>\n<h3 data-start=\"7423\" data-end=\"7489\"><strong data-start=\"7427\" data-end=\"7489\">3. Kas ma saan Hollandist osta Flubrotizolam 0.5 MG pelleteid?<\/strong><\/h3>\n<p data-start=\"7490\" data-end=\"7611\">Ainult <strong data-start=\"7497\" data-end=\"7531\">tunnustatud teadusasutused<\/strong> loaga v\u00f5ib seda toodet teaduslikuks otstarbeks osta.<\/p>","protected":false},"excerpt":{"rendered":"<p>Flubrotisolaami 0,5 mg graanulid on k\u00f5rge puhtusastmega uurimiskemikaalid, mis on ette n\u00e4htud toksikoloogilisteks ja farmakoloogilisteks uuringuteks. Iga graanul sisaldab 0,5 milligrammi.<\/p>","protected":false},"featured_media":28528,"comment_status":"closed","ping_status":"closed","template":"","meta":[],"product_brand":[82],"product_cat":[76,476,477,324],"product_tag":[150,153,154,151,152,155,326],"class_list":{"0":"post-24277","1":"product","2":"type-product","3":"status-publish","4":"has-post-thumbnail","6":"product_brand-research-chemical","7":"product_cat-benzodiazepinen","8":"product_cat-flubrotizolam","9":"product_cat-flubrotizolam-pellets","10":"product_cat-pellets-for-pellet","11":"product_tag-flubrotizolam","12":"product_tag-flubrotizolam-dosage","13":"product_tag-flubrotizolam-ervaring","14":"product_tag-flubrotizolam-half-life","15":"product_tag-flubrotizolam-werking","16":"product_tag-flunitrazolam-bijwerkingen","17":"product_tag-nl","19":"first","20":"instock","21":"taxable","22":"shipping-taxable","23":"purchasable","24":"product-type-variable"},"_links":{"self":[{"href":"https:\/\/researchchemicalhub.com\/et\/wp-json\/wp\/v2\/product\/24277","targetHints":{"allow":["GET"]}}],"collection":[{"href":"https:\/\/researchchemicalhub.com\/et\/wp-json\/wp\/v2\/product"}],"about":[{"href":"https:\/\/researchchemicalhub.com\/et\/wp-json\/wp\/v2\/types\/product"}],"replies":[{"embeddable":true,"href":"https:\/\/researchchemicalhub.com\/et\/wp-json\/wp\/v2\/comments?post=24277"}],"version-history":[{"count":4,"href":"https:\/\/researchchemicalhub.com\/et\/wp-json\/wp\/v2\/product\/24277\/revisions"}],"predecessor-version":[{"id":27817,"href":"https:\/\/researchchemicalhub.com\/et\/wp-json\/wp\/v2\/product\/24277\/revisions\/27817"}],"wp:featuredmedia":[{"embeddable":true,"href":"https:\/\/researchchemicalhub.com\/et\/wp-json\/wp\/v2\/media\/28528"}],"wp:attachment":[{"href":"https:\/\/researchchemicalhub.com\/et\/wp-json\/wp\/v2\/media?parent=24277"}],"wp:term":[{"taxonomy":"product_brand","embeddable":true,"href":"https:\/\/researchchemicalhub.com\/et\/wp-json\/wp\/v2\/product_brand?post=24277"},{"taxonomy":"product_cat","embeddable":true,"href":"https:\/\/researchchemicalhub.com\/et\/wp-json\/wp\/v2\/product_cat?post=24277"},{"taxonomy":"product_tag","embeddable":true,"href":"https:\/\/researchchemicalhub.com\/et\/wp-json\/wp\/v2\/product_tag?post=24277"}],"curies":[{"name":"t\u00f6\u00f6leht","href":"https:\/\/api.w.org\/{rel}","templated":true}]}}