{"id":24268,"date":"2025-04-13T17:41:22","date_gmt":"2025-04-13T17:41:22","guid":{"rendered":"https:\/\/researchchemicalhub.com\/?post_type=product&#038;p=24268"},"modified":"2025-10-12T19:05:22","modified_gmt":"2025-10-12T19:05:22","slug":"promaalmetallileskaliin","status":"publish","type":"product","link":"https:\/\/researchchemicalhub.com\/et\/pood\/ettevotetelt-ettevotetele\/promaalmetallileskaliin\/","title":{"rendered":"RC+ Promal kott 3 graanulit"},"content":{"rendered":"<h3 data-start=\"3993\" data-end=\"4014\"><strong data-start=\"3997\" data-end=\"4012\">Sissejuhatus<\/strong><\/h3>\n<p data-start=\"4015\" data-end=\"4406\"><strong data-start=\"4015\" data-end=\"4041\">RC+ Promal (3 kuuli)<\/strong> on <strong data-start=\"4049\" data-end=\"4090\">laborikvaliteediga uurimis\u00fchend<\/strong>, tarnitakse korduvsuletavas kotis koos <strong data-start=\"4131\" data-end=\"4169\">kolm t\u00e4pselt doseeritud pelletit<\/strong>Promaalne metall\u00fc\u00fcleskaliin<br data-start=\"4170\" data-end=\"4173\" \/>Arendatud <strong data-start=\"4189\" data-end=\"4242\">anal\u00fc\u00fctilised, kohtuekspertiisi ja neurokeemilised uuringud<\/strong>, kas see \u00fchendus kuulub <strong data-start=\"4275\" data-end=\"4294\">RC+ premium-sari<\/strong>, mis on loodud <strong data-start=\"4311\" data-end=\"4330\">retseptori sidumine<\/strong>, <strong data-start=\"4332\" data-end=\"4350\">kromatograafia<\/strong> ja <strong data-start=\"4354\" data-end=\"4395\">struktuuri-aktiivsuse seos (SAR)<\/strong>-uuringud.<\/p>\n<p data-start=\"4408\" data-end=\"4665\">Iga pellet on <strong data-start=\"4426\" data-end=\"4490\">toodetud kontrollitud laboritingimustes<\/strong> ja testitud a-l <strong data-start=\"4508\" data-end=\"4532\">puhtus \u2265 98%<\/strong> kaudu <strong data-start=\"4537\" data-end=\"4552\">HPLC ja NMR<\/strong>.<br data-start=\"4553\" data-end=\"4556\" \/>See <strong data-start=\"4559\" data-end=\"4585\">RC+ Promi koostis<\/strong> garantiid <strong data-start=\"4597\" data-end=\"4662\">\u00fchtlane koostis ja usaldusv\u00e4\u00e4rsed anal\u00fc\u00fcsiv\u00f5imalused<\/strong>.<\/p>\n<blockquote data-start=\"4667\" data-end=\"4812\">\n<p data-start=\"4669\" data-end=\"4812\">\u26a0\ufe0f <strong data-start=\"4672\" data-end=\"4683\">NB!<\/strong> RC+ Promal on m\u00f5eldud ainult <strong data-start=\"4723\" data-end=\"4758\">teadus- ja anal\u00fc\u00fctiline kasutamine<\/strong> \u2014 <strong data-start=\"4761\" data-end=\"4810\">mitte inimeste ega loomade toiduks.<\/strong><\/p>\n<\/blockquote>\n<hr data-start=\"4814\" data-end=\"4817\" \/>\n<h3 data-start=\"4819\" data-end=\"4850\"><strong data-start=\"4823\" data-end=\"4850\">Peamised omadused<\/strong><\/h3>\n<div class=\"_tableContainer_1rjym_1\">\n<div class=\"group _tableWrapper_1rjym_13 flex w-fit flex-col-reverse\" tabindex=\"-1\">\n<table class=\"w-fit min-w-(--thread-content-width)\" data-start=\"4852\" data-end=\"5472\">\n<thead data-start=\"4852\" data-end=\"4878\">\n<tr data-start=\"4852\" data-end=\"4878\">\n<th data-start=\"4852\" data-end=\"4862\" data-col-size=\"sm\">Funktsioon<\/th>\n<th data-start=\"4862\" data-end=\"4878\" data-col-size=\"md\">Kirjeldus<\/th>\n<\/tr>\n<\/thead>\n<tbody data-start=\"4907\" data-end=\"5472\">\n<tr data-start=\"4907\" data-end=\"4951\">\n<td data-start=\"4907\" data-end=\"4925\" data-col-size=\"sm\"><strong data-start=\"4909\" data-end=\"4924\">Toote nimi<\/strong><\/td>\n<td data-start=\"4925\" data-end=\"4951\" data-col-size=\"md\">RC+ Promal (3 kuuli)<\/td>\n<\/tr>\n<tr data-start=\"4952\" data-end=\"4989\">\n<td data-start=\"4952\" data-end=\"4973\" data-col-size=\"sm\"><strong data-start=\"4954\" data-end=\"4972\">Keemiline vorm<\/strong><\/td>\n<td data-start=\"4973\" data-end=\"4989\" data-col-size=\"md\">Tahke pellet<\/td>\n<\/tr>\n<tr data-start=\"4990\" data-end=\"5041\">\n<td data-start=\"4990\" data-end=\"5007\" data-col-size=\"sm\"><strong data-start=\"4992\" data-end=\"5006\">Puhtus<\/strong><\/td>\n<td data-start=\"5007\" data-end=\"5041\" data-col-size=\"md\">\u2265 98% (testitud HPLC ja NMR abil)<\/td>\n<\/tr>\n<tr data-start=\"5042\" data-end=\"5099\">\n<td data-start=\"5042\" data-end=\"5065\" data-col-size=\"sm\"><strong data-start=\"5044\" data-end=\"5064\">Keemiline klass<\/strong><\/td>\n<td data-start=\"5065\" data-end=\"5099\" data-col-size=\"md\">Uurimis\u00fchend (RC+ segu)<\/td>\n<\/tr>\n<tr data-start=\"5100\" data-end=\"5162\">\n<td data-start=\"5100\" data-end=\"5118\" data-col-size=\"sm\"><strong data-start=\"5102\" data-end=\"5117\">Valem<\/strong><\/td>\n<td data-start=\"5118\" data-end=\"5162\" data-col-size=\"md\">T\u00e4pne laboristandardi segu<\/td>\n<\/tr>\n<tr data-start=\"5163\" data-end=\"5227\">\n<td data-start=\"5163\" data-end=\"5178\" data-col-size=\"sm\"><strong data-start=\"5165\" data-end=\"5177\">Annustamine<\/strong><\/td>\n<td data-start=\"5178\" data-end=\"5227\" data-col-size=\"md\">1 pellet = standardiseeritud uurimisdoos<\/td>\n<\/tr>\n<tr data-start=\"5228\" data-end=\"5269\">\n<td data-start=\"5228\" data-end=\"5246\" data-col-size=\"sm\"><strong data-start=\"5230\" data-end=\"5245\">Kogus<\/strong><\/td>\n<td data-start=\"5246\" data-end=\"5269\" data-col-size=\"md\">3 graanulit kotis<\/td>\n<\/tr>\n<tr data-start=\"5270\" data-end=\"5337\">\n<td data-start=\"5270\" data-end=\"5287\" data-col-size=\"sm\"><strong data-start=\"5272\" data-end=\"5286\">Pakend<\/strong><\/td>\n<td data-start=\"5287\" data-end=\"5337\" data-col-size=\"md\">Korduvsuletav, niiskuskindel laborikott<\/td>\n<\/tr>\n<tr data-start=\"5338\" data-end=\"5417\">\n<td data-start=\"5338\" data-end=\"5352\" data-col-size=\"sm\"><strong data-start=\"5340\" data-end=\"5351\">Kasutus<\/strong><\/td>\n<td data-start=\"5352\" data-end=\"5417\" data-col-size=\"md\">Ainult anal\u00fc\u00fctiliseks, kohtuekspertiisi ja neurokeemilisteks uuringuteks<\/td>\n<\/tr>\n<tr data-start=\"5418\" data-end=\"5472\">\n<td data-start=\"5418\" data-end=\"5431\" data-col-size=\"sm\"><strong data-start=\"5420\" data-end=\"5430\">Ladustamine<\/strong><\/td>\n<td data-start=\"5431\" data-end=\"5472\" data-col-size=\"md\">Hoida jahedas, kuivas ja pimedas kohas (2\u20138 \u00b0C)<\/td>\n<\/tr>\n<\/tbody>\n<\/table>\n<\/div>\n<\/div>\n<hr data-start=\"5474\" data-end=\"5477\" \/>\n<h3 data-start=\"5479\" data-end=\"5496\"><strong data-start=\"5483\" data-end=\"5496\">Eelised<\/strong><\/h3>\n<ul data-start=\"5498\" data-end=\"5871\">\n<li data-start=\"5498\" data-end=\"5582\">\n<p data-start=\"5500\" data-end=\"5582\"><strong data-start=\"5500\" data-end=\"5527\">K\u00f5rge puhtusaste (\u2265 98%)<\/strong> \u2013 Laboratoorne kvaliteet usaldusv\u00e4\u00e4rsete tulemuste saavutamiseks.<\/p>\n<\/li>\n<li data-start=\"5583\" data-end=\"5657\">\n<p data-start=\"5585\" data-end=\"5657\"><strong data-start=\"5585\" data-end=\"5616\">Standardiseeritud annus<\/strong> \u2013 Iga pellet kaalutakse t\u00e4pselt.<\/p>\n<\/li>\n<li data-start=\"5658\" data-end=\"5721\">\n<p data-start=\"5660\" data-end=\"5721\"><strong data-start=\"5660\" data-end=\"5682\">Ohutu pakend<\/strong> \u2013 Niiskuskindel korduvsuletav kott.<\/p>\n<\/li>\n<li data-start=\"5722\" data-end=\"5800\">\n<p data-start=\"5724\" data-end=\"5800\"><strong data-start=\"5724\" data-end=\"5754\">Laialdaselt uurimist\u00f6\u00f6dele kohaldatav<\/strong> \u2013 Sobib GC\/MS, LC-MS, FTIR ja HPLC jaoks.<\/p>\n<\/li>\n<li data-start=\"5801\" data-end=\"5871\">\n<p data-start=\"5803\" data-end=\"5871\"><strong data-start=\"5803\" data-end=\"5830\">Kontrollitud kvaliteet<\/strong> \u2013 Iga partii on testitud ja j\u00e4lgitav.<\/p>\n<\/li>\n<\/ul>\n<hr data-start=\"5873\" data-end=\"5876\" \/>\n<h3 data-start=\"5878\" data-end=\"5930\"><strong data-start=\"5882\" data-end=\"5928\">Kasutamine (ainult uurimist\u00f6\u00f6 eesm\u00e4rgil)<\/strong><\/h3>\n<ol data-start=\"5932\" data-end=\"6269\">\n<li data-start=\"5932\" data-end=\"6001\">\n<p data-start=\"5935\" data-end=\"6001\"><strong data-start=\"5935\" data-end=\"5950\">K\u00e4itlemine:<\/strong> Kandke kindaid, kaitseprille ja laborikitlit.<\/p>\n<\/li>\n<li data-start=\"6002\" data-end=\"6064\">\n<p data-start=\"6005\" data-end=\"6064\"><strong data-start=\"6005\" data-end=\"6018\">M\u00f5\u00f5dud:<\/strong> Pange t\u00e4hele partii numbrit, annust ja puhtust.<\/p>\n<\/li>\n<li data-start=\"6065\" data-end=\"6119\">\n<p data-start=\"6068\" data-end=\"6119\"><strong data-start=\"6068\" data-end=\"6079\">S\u00e4ilitamine:<\/strong> Hoida jahedas (2\u20138 \u00b0C), kuivas ja pimedas.<\/p>\n<\/li>\n<li data-start=\"6120\" data-end=\"6204\">\n<p data-start=\"6123\" data-end=\"6204\"><strong data-start=\"6123\" data-end=\"6135\">Anal\u00fc\u00fcs:<\/strong> Sobib kromatograafiaks, spektroskoopiaks ja kohtuekspertiisi testimiseks.<\/p>\n<\/li>\n<li data-start=\"6205\" data-end=\"6269\">\n<p data-start=\"6208\" data-end=\"6269\"><strong data-start=\"6208\" data-end=\"6225\">Dokumentatsioon:<\/strong> Tulemuste ja anal\u00fc\u00fcsimeetodite registreerimine.<\/p>\n<\/li>\n<\/ol>\n<hr data-start=\"6271\" data-end=\"6274\" \/>\n<h3 data-start=\"6276\" data-end=\"6311\"><strong data-start=\"6280\" data-end=\"6309\">Korduma kippuvad k\u00fcsimused (KKK)<\/strong><\/h3>\n<p data-start=\"6313\" data-end=\"6438\"><strong data-start=\"6313\" data-end=\"6338\">1. Mis on RC+ Promal?<\/strong><br data-start=\"6338\" data-end=\"6341\" \/>A <strong data-start=\"6345\" data-end=\"6367\">uurimis\u00fchend<\/strong> RC+ seeriast, mis on loodud anal\u00fc\u00fctilisteks ja kohtuekspertiisi uurimisteks.<\/p>\n<p data-start=\"6440\" data-end=\"6551\"><strong data-start=\"6440\" data-end=\"6473\">2. Kui puhas on toode?<\/strong><br data-start=\"6473\" data-end=\"6476\" \/>Igal partiil on <strong data-start=\"6497\" data-end=\"6521\">puhtus \u2265 98%<\/strong>, kinnitatud HPLC ja NMR abil.<\/p>\n<p data-start=\"6553\" data-end=\"6680\"><strong data-start=\"6553\" data-end=\"6590\">3. Kuidas RC+ Promali kohale toimetatakse?<\/strong><br data-start=\"6590\" data-end=\"6593\" \/>\u00dches <strong data-start=\"6600\" data-end=\"6634\">korduvsuletav laborikott<\/strong> kohta <strong data-start=\"6639\" data-end=\"6677\">kolm t\u00e4pselt doseeritud pelletit<\/strong>.<\/p>","protected":false},"excerpt":{"rendered":"<p>Sissejuhatus RC+ Promal (3 pelletit) on laborikvaliteediga uurimis\u00fchend, mis tarnitakse korduvsuletavas kotis, mis sisaldab kolme t\u00e4pselt doseeritud pelletit. Promal<\/p>","protected":false},"featured_media":21350,"comment_status":"closed","ping_status":"closed","template":"","meta":[],"product_brand":[82],"product_cat":[555],"product_tag":[326,864,209],"class_list":{"0":"post-24268","1":"product","2":"type-product","3":"status-publish","4":"has-post-thumbnail","6":"product_brand-research-chemical","7":"product_cat-b2b","8":"product_tag-nl","9":"product_tag-promal","10":"product_tag-promal-methallylescaline","12":"first","13":"instock","14":"taxable","15":"shipping-taxable","16":"purchasable","17":"product-type-variable"},"_links":{"self":[{"href":"https:\/\/researchchemicalhub.com\/et\/wp-json\/wp\/v2\/product\/24268","targetHints":{"allow":["GET"]}}],"collection":[{"href":"https:\/\/researchchemicalhub.com\/et\/wp-json\/wp\/v2\/product"}],"about":[{"href":"https:\/\/researchchemicalhub.com\/et\/wp-json\/wp\/v2\/types\/product"}],"replies":[{"embeddable":true,"href":"https:\/\/researchchemicalhub.com\/et\/wp-json\/wp\/v2\/comments?post=24268"}],"version-history":[{"count":4,"href":"https:\/\/researchchemicalhub.com\/et\/wp-json\/wp\/v2\/product\/24268\/revisions"}],"predecessor-version":[{"id":27815,"href":"https:\/\/researchchemicalhub.com\/et\/wp-json\/wp\/v2\/product\/24268\/revisions\/27815"}],"wp:featuredmedia":[{"embeddable":true,"href":"https:\/\/researchchemicalhub.com\/et\/wp-json\/wp\/v2\/media\/21350"}],"wp:attachment":[{"href":"https:\/\/researchchemicalhub.com\/et\/wp-json\/wp\/v2\/media?parent=24268"}],"wp:term":[{"taxonomy":"product_brand","embeddable":true,"href":"https:\/\/researchchemicalhub.com\/et\/wp-json\/wp\/v2\/product_brand?post=24268"},{"taxonomy":"product_cat","embeddable":true,"href":"https:\/\/researchchemicalhub.com\/et\/wp-json\/wp\/v2\/product_cat?post=24268"},{"taxonomy":"product_tag","embeddable":true,"href":"https:\/\/researchchemicalhub.com\/et\/wp-json\/wp\/v2\/product_tag?post=24268"}],"curies":[{"name":"t\u00f6\u00f6leht","href":"https:\/\/api.w.org\/{rel}","templated":true}]}}