{"id":24244,"date":"2025-04-13T17:41:18","date_gmt":"2025-04-13T17:41:18","guid":{"rendered":"https:\/\/researchchemicalhub.com\/?post_type=product&#038;p=24244"},"modified":"2025-10-29T08:55:42","modified_gmt":"2025-10-29T08:55:42","slug":"flubromazepam-ervaring","status":"publish","type":"product","link":"https:\/\/researchchemicalhub.com\/et\/shop\/benzodiazepinen\/flubromazepam-ervaring\/","title":{"rendered":"Flubromasepaam 10 mg graanulid"},"content":{"rendered":"<h2 data-start=\"3800\" data-end=\"3826\"><strong data-start=\"3803\" data-end=\"3826\"><span dir=\"auto\" style=\"vertical-align: inherit;\"><span dir=\"auto\" style=\"vertical-align: inherit;\">Toote kirjeldus<\/span><\/span><\/strong><\/h2>\n<p data-start=\"3828\" data-end=\"4096\"><strong data-start=\"3828\" data-end=\"3859\"><span dir=\"auto\" style=\"vertical-align: inherit;\"><span dir=\"auto\" style=\"vertical-align: inherit;\">Flubromasepaam 10 mg graanulid<\/span><\/span><\/strong><span dir=\"auto\" style=\"vertical-align: inherit;\"><span dir=\"auto\" style=\"vertical-align: inherit;\"> on a <\/span><\/span><strong data-start=\"3867\" data-end=\"3904\"><span dir=\"auto\" style=\"vertical-align: inherit;\"><span dir=\"auto\" style=\"vertical-align: inherit;\">kvaliteetne uurimisravim<\/span><\/span><\/strong><span dir=\"auto\" style=\"vertical-align: inherit;\"><span dir=\"auto\" style=\"vertical-align: inherit;\"> kuuluv <\/span><\/span><strong data-start=\"3922\" data-end=\"3946\"><span dir=\"auto\" style=\"vertical-align: inherit;\"><span dir=\"auto\" style=\"vertical-align: inherit;\">bensodiasepiini klass<\/span><\/span><\/strong><span dir=\"auto\" style=\"vertical-align: inherit;\"><span dir=\"auto\" style=\"vertical-align: inherit;\"> . <\/span><\/span><br data-start=\"3947\" data-end=\"3950\" \/><span dir=\"auto\" style=\"vertical-align: inherit;\"><span dir=\"auto\" style=\"vertical-align: inherit;\">Iga pellet sisaldab <\/span><\/span><strong data-start=\"3968\" data-end=\"3998\"><span dir=\"auto\" style=\"vertical-align: inherit;\"><span dir=\"auto\" style=\"vertical-align: inherit;\">10 milligrammi flubromasepaami<\/span><\/span><\/strong><span dir=\"auto\" style=\"vertical-align: inherit;\"><span dir=\"auto\" style=\"vertical-align: inherit;\"> , mis on valmistatud rangetes laboritingimustes maksimaalse puhtuse ja konsistentsi tagamiseks. Flubromazepami kogemus<\/span><\/span><\/p>\n<p data-start=\"4098\" data-end=\"4211\"><span dir=\"auto\" style=\"vertical-align: inherit;\"><span dir=\"auto\" style=\"vertical-align: inherit;\">Seda toodet kasutatakse kui <\/span><\/span><strong data-start=\"4129\" data-end=\"4152\"><span dir=\"auto\" style=\"vertical-align: inherit;\"><span dir=\"auto\" style=\"vertical-align: inherit;\">v\u00f5rdlusstandard<\/span><\/span><\/strong><span dir=\"auto\" style=\"vertical-align: inherit;\"><span dir=\"auto\" style=\"vertical-align: inherit;\"> sisse <\/span><\/span><strong data-start=\"4157\" data-end=\"4210\"><span dir=\"auto\" style=\"vertical-align: inherit;\"><span dir=\"auto\" style=\"vertical-align: inherit;\">kohtuekspertiisi, toksikoloogia ja anal\u00fc\u00fctilised uuringud<\/span><\/span><\/strong><span dir=\"auto\" style=\"vertical-align: inherit;\"><span dir=\"auto\" style=\"vertical-align: inherit;\"> .<\/span><\/span><\/p>\n<p data-start=\"4213\" data-end=\"4349\">\u26a0\ufe0f <strong data-start=\"4216\" data-end=\"4227\"><span dir=\"auto\" style=\"vertical-align: inherit;\"><span dir=\"auto\" style=\"vertical-align: inherit;\">Palun arvestage:<\/span><\/span><\/strong><span dir=\"auto\" style=\"vertical-align: inherit;\"><span dir=\"auto\" style=\"vertical-align: inherit;\"> See toode on <\/span><\/span><strong data-start=\"4243\" data-end=\"4292\"><span dir=\"auto\" style=\"vertical-align: inherit;\"><span dir=\"auto\" style=\"vertical-align: inherit;\">ainult teaduslikuks kasutamiseks<\/span><\/span><\/strong><span dir=\"auto\" style=\"vertical-align: inherit;\"><span dir=\"auto\" style=\"vertical-align: inherit;\"> ja on <\/span><\/span><strong data-start=\"4296\" data-end=\"4348\"><span dir=\"auto\" style=\"vertical-align: inherit;\"><span dir=\"auto\" style=\"vertical-align: inherit;\">ei ole ette n\u00e4htud inimestele ega loomadele kasutamiseks<\/span><\/span><\/strong><span dir=\"auto\" style=\"vertical-align: inherit;\"><span dir=\"auto\" style=\"vertical-align: inherit;\"> .<\/span><\/span><\/p>\n<hr data-start=\"4351\" data-end=\"4354\" \/>\n<h2 data-start=\"4356\" data-end=\"4386\"><strong data-start=\"4359\" data-end=\"4386\"><span dir=\"auto\" style=\"vertical-align: inherit;\"><span dir=\"auto\" style=\"vertical-align: inherit;\">Peamised omadused<\/span><\/span><\/strong><\/h2>\n<ul data-start=\"4388\" data-end=\"4750\">\n<li data-start=\"4388\" data-end=\"4460\">\n<p data-start=\"4390\" data-end=\"4460\"><strong data-start=\"4390\" data-end=\"4410\"><span dir=\"auto\" style=\"vertical-align: inherit;\"><span dir=\"auto\" style=\"vertical-align: inherit;\">K\u00f5rge puhtusaste:<\/span><\/span><\/strong><span dir=\"auto\" style=\"vertical-align: inherit;\"><span dir=\"auto\" style=\"vertical-align: inherit;\"> Valmistatud vastavalt laborispetsifikatsioonidele.<\/span><\/span><\/p>\n<\/li>\n<li data-start=\"4461\" data-end=\"4522\">\n<p data-start=\"4463\" data-end=\"4522\"><strong data-start=\"4463\" data-end=\"4488\"><span dir=\"auto\" style=\"vertical-align: inherit;\"><span dir=\"auto\" style=\"vertical-align: inherit;\">T\u00e4pne annustamine:<\/span><\/span><\/strong><span dir=\"auto\" style=\"vertical-align: inherit;\"><span dir=\"auto\" style=\"vertical-align: inherit;\"> 10 mg flubromasepaami pelleti kohta.<\/span><\/span><\/p>\n<\/li>\n<li data-start=\"4523\" data-end=\"4598\">\n<p data-start=\"4525\" data-end=\"4598\"><strong data-start=\"4525\" data-end=\"4550\"><span dir=\"auto\" style=\"vertical-align: inherit;\"><span dir=\"auto\" style=\"vertical-align: inherit;\">Stabiilne koostis:<\/span><\/span><\/strong><span dir=\"auto\" style=\"vertical-align: inherit;\"><span dir=\"auto\" style=\"vertical-align: inherit;\"> Vastupidav lagunemisele \u00f5igesti s\u00e4ilitamisel.<\/span><\/span><\/p>\n<\/li>\n<li data-start=\"4599\" data-end=\"4669\">\n<p data-start=\"4601\" data-end=\"4669\"><strong data-start=\"4601\" data-end=\"4624\"><span dir=\"auto\" style=\"vertical-align: inherit;\"><span dir=\"auto\" style=\"vertical-align: inherit;\">Ohutu pakend:<\/span><\/span><\/strong><span dir=\"auto\" style=\"vertical-align: inherit;\"><span dir=\"auto\" style=\"vertical-align: inherit;\"> Suletud ja saastumise eest kaitstud.<\/span><\/span><\/p>\n<\/li>\n<li data-start=\"4670\" data-end=\"4750\">\n<p data-start=\"4672\" data-end=\"4750\"><strong data-start=\"4672\" data-end=\"4699\"><span dir=\"auto\" style=\"vertical-align: inherit;\"><span dir=\"auto\" style=\"vertical-align: inherit;\">Vastab EL-i eeskirjadele:<\/span><\/span><\/strong><span dir=\"auto\" style=\"vertical-align: inherit;\"><span dir=\"auto\" style=\"vertical-align: inherit;\"> Valmistatud vastavalt Euroopa ohutusstandarditele.<\/span><\/span><\/p>\n<\/li>\n<\/ul>\n<hr data-start=\"4752\" data-end=\"4755\" \/>\n<h2 data-start=\"4757\" data-end=\"4788\"><strong data-start=\"4760\" data-end=\"4788\"><span dir=\"auto\" style=\"vertical-align: inherit;\"><span dir=\"auto\" style=\"vertical-align: inherit;\">Teadusuuringute eelised<\/span><\/span><\/strong><\/h2>\n<ul data-start=\"4790\" data-end=\"5028\">\n<li data-start=\"4790\" data-end=\"4850\">\n<p data-start=\"4792\" data-end=\"4850\"><span dir=\"auto\" style=\"vertical-align: inherit;\"><span dir=\"auto\" style=\"vertical-align: inherit;\">Sobib <\/span><\/span><strong data-start=\"4806\" data-end=\"4847\"><span dir=\"auto\" style=\"vertical-align: inherit;\"><span dir=\"auto\" style=\"vertical-align: inherit;\">toksikoloogilised ja kohtumeditsiinilised uuringud<\/span><\/span><\/strong><span dir=\"auto\" style=\"vertical-align: inherit;\"><span dir=\"auto\" style=\"vertical-align: inherit;\"> .<\/span><\/span><\/p>\n<\/li>\n<li data-start=\"4851\" data-end=\"4912\">\n<p data-start=\"4853\" data-end=\"4912\"><span dir=\"auto\" style=\"vertical-align: inherit;\"><span dir=\"auto\" style=\"vertical-align: inherit;\">Toetab <\/span><\/span><strong data-start=\"4865\" data-end=\"4909\"><span dir=\"auto\" style=\"vertical-align: inherit;\"><span dir=\"auto\" style=\"vertical-align: inherit;\">LC-MS ja GC-MS meetodite v\u00e4ljat\u00f6\u00f6tamine<\/span><\/span><\/strong><span dir=\"auto\" style=\"vertical-align: inherit;\"><span dir=\"auto\" style=\"vertical-align: inherit;\"> .<\/span><\/span><\/p>\n<\/li>\n<li data-start=\"4913\" data-end=\"4970\">\n<p data-start=\"4915\" data-end=\"4970\"><span dir=\"auto\" style=\"vertical-align: inherit;\"><span dir=\"auto\" style=\"vertical-align: inherit;\">Aitab kaasa <\/span><\/span><strong data-start=\"4925\" data-end=\"4967\"><span dir=\"auto\" style=\"vertical-align: inherit;\"><span dir=\"auto\" style=\"vertical-align: inherit;\">kvantitatiivsed ja kvalitatiivsed anal\u00fc\u00fcsid<\/span><\/span><\/strong><span dir=\"auto\" style=\"vertical-align: inherit;\"><span dir=\"auto\" style=\"vertical-align: inherit;\"> .<\/span><\/span><\/p>\n<\/li>\n<li data-start=\"4971\" data-end=\"5028\">\n<p data-start=\"4973\" data-end=\"5028\"><span dir=\"auto\" style=\"vertical-align: inherit;\"><span dir=\"auto\" style=\"vertical-align: inherit;\">Pakub <\/span><\/span><strong data-start=\"4979\" data-end=\"5025\"><span dir=\"auto\" style=\"vertical-align: inherit;\"><span dir=\"auto\" style=\"vertical-align: inherit;\">\u00fchtlase kvaliteediga v\u00f5rdlusproovid<\/span><\/span><\/strong><span dir=\"auto\" style=\"vertical-align: inherit;\"><span dir=\"auto\" style=\"vertical-align: inherit;\"> .<\/span><\/span><\/p>\n<\/li>\n<\/ul>\n<hr data-start=\"5030\" data-end=\"5033\" \/>\n<h2 data-start=\"5035\" data-end=\"5069\"><strong data-start=\"5038\" data-end=\"5069\"><span dir=\"auto\" style=\"vertical-align: inherit;\"><span dir=\"auto\" style=\"vertical-align: inherit;\">Kasutamine (uurimiskontekst)<\/span><\/span><\/strong><\/h2>\n<ol data-start=\"5071\" data-end=\"5276\">\n<li data-start=\"5071\" data-end=\"5116\">\n<p data-start=\"5074\" data-end=\"5116\"><span dir=\"auto\" style=\"vertical-align: inherit;\"><span dir=\"auto\" style=\"vertical-align: inherit;\">Kasutada ainult akrediteeritud laborites.<\/span><\/span><\/p>\n<\/li>\n<li data-start=\"5117\" data-end=\"5177\">\n<p data-start=\"5120\" data-end=\"5177\"><span dir=\"auto\" style=\"vertical-align: inherit;\"><span dir=\"auto\" style=\"vertical-align: inherit;\">Kandke kindaid, kaitseprille ja laborikitlit.<\/span><\/span><\/p>\n<\/li>\n<li data-start=\"5178\" data-end=\"5225\">\n<p data-start=\"5181\" data-end=\"5225\"><span dir=\"auto\" style=\"vertical-align: inherit;\"><span dir=\"auto\" style=\"vertical-align: inherit;\">Hoida jahedas, kuivas ja pimedas kohas (alla 25 \u00b0C).<\/span><\/span><\/p>\n<\/li>\n<li data-start=\"5226\" data-end=\"5276\">\n<p data-start=\"5229\" data-end=\"5276\"><span dir=\"auto\" style=\"vertical-align: inherit;\"><span dir=\"auto\" style=\"vertical-align: inherit;\">J\u00e4\u00e4gid utiliseerida vastavalt kohalikele keskkonnaeeskirjadele.<\/span><\/span><\/p>\n<\/li>\n<\/ol>\n<blockquote data-start=\"5278\" data-end=\"5375\">\n<p data-start=\"5280\" data-end=\"5375\"><strong data-start=\"5280\" data-end=\"5291\"><span dir=\"auto\" style=\"vertical-align: inherit;\"><span dir=\"auto\" style=\"vertical-align: inherit;\">Palun arvestage: <\/span><\/span><\/strong> <em data-start=\"5292\" data-end=\"5321\"><span dir=\"auto\" style=\"vertical-align: inherit;\"><span dir=\"auto\" style=\"vertical-align: inherit;\">Flubromasepaam 10 mg graanulid<\/span><\/span><\/em><span dir=\"auto\" style=\"vertical-align: inherit;\"><span dir=\"auto\" style=\"vertical-align: inherit;\"> on <\/span><\/span><strong data-start=\"5325\" data-end=\"5374\"><span dir=\"auto\" style=\"vertical-align: inherit;\"><span dir=\"auto\" style=\"vertical-align: inherit;\">m\u00f5eldud ainult teaduslikuks otstarbeks<\/span><\/span><\/strong><span dir=\"auto\" style=\"vertical-align: inherit;\"><span dir=\"auto\" style=\"vertical-align: inherit;\"> .<\/span><\/span><\/p>\n<\/blockquote>\n<hr data-start=\"5377\" data-end=\"5380\" \/>\n<h2 data-start=\"5382\" data-end=\"5416\"><strong data-start=\"5385\" data-end=\"5416\"><span dir=\"auto\" style=\"vertical-align: inherit;\"><span dir=\"auto\" style=\"vertical-align: inherit;\">Korduma kippuvad k\u00fcsimused (KKK)<\/span><\/span><\/strong><\/h2>\n<p data-start=\"5418\" data-end=\"5576\"><strong data-start=\"5418\" data-end=\"5478\"><span dir=\"auto\" style=\"vertical-align: inherit;\"><span dir=\"auto\" style=\"vertical-align: inherit;\">1. Milleks kasutatakse Flubromazepam 10 MG pelleteid?<\/span><\/span><\/strong><br data-start=\"5478\" data-end=\"5481\" \/><span dir=\"auto\" style=\"vertical-align: inherit;\"><span dir=\"auto\" style=\"vertical-align: inherit;\"> Neid kasutatakse <\/span><\/span><strong data-start=\"5505\" data-end=\"5546\"><span dir=\"auto\" style=\"vertical-align: inherit;\"><span dir=\"auto\" style=\"vertical-align: inherit;\">anal\u00fc\u00fctiline ja toksikoloogiline testimine<\/span><\/span><\/strong><span dir=\"auto\" style=\"vertical-align: inherit;\"><span dir=\"auto\" style=\"vertical-align: inherit;\"> bensodiasepiini analoogidest.<\/span><\/span><\/p>\n<p data-start=\"5578\" data-end=\"5716\"><strong data-start=\"5578\" data-end=\"5622\"><span dir=\"auto\" style=\"vertical-align: inherit;\"><span dir=\"auto\" style=\"vertical-align: inherit;\">2. Mitu graanulit pakend sisaldab?<\/span><\/span><\/strong><br data-start=\"5622\" data-end=\"5625\" \/><span dir=\"auto\" style=\"vertical-align: inherit;\"><span dir=\"auto\" style=\"vertical-align: inherit;\"> Graanulite arv pakendis varieerub, kuid iga graanul sisaldab <\/span><\/span><strong data-start=\"5692\" data-end=\"5715\"><span dir=\"auto\" style=\"vertical-align: inherit;\"><span dir=\"auto\" style=\"vertical-align: inherit;\">10 mg flubromasepaami<\/span><\/span><\/strong><span dir=\"auto\" style=\"vertical-align: inherit;\"><span dir=\"auto\" style=\"vertical-align: inherit;\"> .<\/span><\/span><\/p>\n<p data-start=\"5718\" data-end=\"5865\"><strong data-start=\"5718\" data-end=\"5782\"><span dir=\"auto\" style=\"vertical-align: inherit;\"><span dir=\"auto\" style=\"vertical-align: inherit;\">3. Kas ma saan eraisikuna osta Flubromazepam 10 MG pelleteid?<\/span><\/span><\/strong><br data-start=\"5782\" data-end=\"5785\" \/><span dir=\"auto\" style=\"vertical-align: inherit;\"><span dir=\"auto\" style=\"vertical-align: inherit;\"> Ei, see toode on saadaval ainult <\/span><\/span><strong data-start=\"5830\" data-end=\"5864\"><span dir=\"auto\" style=\"vertical-align: inherit;\"><span dir=\"auto\" style=\"vertical-align: inherit;\">akrediteeritud teadusasutused<\/span><\/span><\/strong><span dir=\"auto\" style=\"vertical-align: inherit;\"><span dir=\"auto\" style=\"vertical-align: inherit;\"> .<\/span><\/span><\/p>","protected":false},"excerpt":{"rendered":"<p>Toote kirjeldus Flubromazepam 10 mg graanulid on kvaliteetne bensodiasepiinide klassi kuuluv uurimisravim. Iga graanul sisaldab<\/p>","protected":false},"featured_media":28526,"comment_status":"closed","ping_status":"closed","template":"","meta":[],"product_brand":[82],"product_cat":[76,386,392,324],"product_tag":[139,140,142,141,143,326],"class_list":{"0":"post-24244","1":"product","2":"type-product","3":"status-publish","4":"has-post-thumbnail","6":"product_brand-research-chemical","7":"product_cat-benzodiazepinen","8":"product_cat-flubromazepam","9":"product_cat-flubromazepam-pellets","10":"product_cat-pellets-for-pellet","11":"product_tag-flubromazepam-effects","12":"product_tag-flubromazepam-ervaring","13":"product_tag-flubromazepam-halfwaardetijd","14":"product_tag-flubromazepam-werking","15":"product_tag-how-to-test-flubromazepam-pellets","16":"product_tag-nl","18":"first","19":"instock","20":"taxable","21":"shipping-taxable","22":"purchasable","23":"product-type-variable"},"_links":{"self":[{"href":"https:\/\/researchchemicalhub.com\/et\/wp-json\/wp\/v2\/product\/24244","targetHints":{"allow":["GET"]}}],"collection":[{"href":"https:\/\/researchchemicalhub.com\/et\/wp-json\/wp\/v2\/product"}],"about":[{"href":"https:\/\/researchchemicalhub.com\/et\/wp-json\/wp\/v2\/types\/product"}],"replies":[{"embeddable":true,"href":"https:\/\/researchchemicalhub.com\/et\/wp-json\/wp\/v2\/comments?post=24244"}],"version-history":[{"count":5,"href":"https:\/\/researchchemicalhub.com\/et\/wp-json\/wp\/v2\/product\/24244\/revisions"}],"predecessor-version":[{"id":28692,"href":"https:\/\/researchchemicalhub.com\/et\/wp-json\/wp\/v2\/product\/24244\/revisions\/28692"}],"wp:featuredmedia":[{"embeddable":true,"href":"https:\/\/researchchemicalhub.com\/et\/wp-json\/wp\/v2\/media\/28526"}],"wp:attachment":[{"href":"https:\/\/researchchemicalhub.com\/et\/wp-json\/wp\/v2\/media?parent=24244"}],"wp:term":[{"taxonomy":"product_brand","embeddable":true,"href":"https:\/\/researchchemicalhub.com\/et\/wp-json\/wp\/v2\/product_brand?post=24244"},{"taxonomy":"product_cat","embeddable":true,"href":"https:\/\/researchchemicalhub.com\/et\/wp-json\/wp\/v2\/product_cat?post=24244"},{"taxonomy":"product_tag","embeddable":true,"href":"https:\/\/researchchemicalhub.com\/et\/wp-json\/wp\/v2\/product_tag?post=24244"}],"curies":[{"name":"t\u00f6\u00f6leht","href":"https:\/\/api.w.org\/{rel}","templated":true}]}}