{"id":24151,"date":"2025-04-13T17:41:09","date_gmt":"2025-04-13T17:41:09","guid":{"rendered":"https:\/\/researchchemicalhub.com\/?post_type=product&#038;p=24151"},"modified":"2025-10-12T20:55:59","modified_gmt":"2025-10-12T20:55:59","slug":"blue-mandala","status":"publish","type":"product","link":"https:\/\/researchchemicalhub.com\/et\/shop\/b2b\/blue-mandala\/","title":{"rendered":"Sinine mandala"},"content":{"rendered":"<h3 data-start=\"4391\" data-end=\"4410\"><strong data-start=\"4395\" data-end=\"4410\">Sissejuhatus<\/strong><\/h3>\n<p data-start=\"4411\" data-end=\"4810\">See <strong data-start=\"4414\" data-end=\"4430\">Sinine mandala<\/strong> on ilus s\u00fcmbol <strong data-start=\"4459\" data-end=\"4499\">rahu, tasakaal ja vaimne harmoonia<\/strong>Mandalad, mis p\u00e4rinevad iidsetest budistlikest ja hinduistlikest traditsioonidest, s\u00fcmboliseerivad universumit ja elu \u00fchtsust. Selle mandala rahustavad sinised toonid peegeldavad <strong data-start=\"4698\" data-end=\"4746\">ookeani s\u00fcgavus ja taeva rahu<\/strong>, mis soodustab l\u00f5\u00f5gastumist, teadlikkust ja emotsionaalset taastumist. Osta 4 fma-d<\/p>\n<p data-start=\"4812\" data-end=\"4972\">Olenemata sellest, kas kasutate seda seinakaunistuseks, meditatsioonikeskmena v\u00f5i joogaruumis, <strong data-start=\"4892\" data-end=\"4908\">Sinine mandala<\/strong> muudab iga keskkonna <strong data-start=\"4940\" data-end=\"4971\">rahu ja selguse oaas<\/strong>.<\/p>\n<hr data-start=\"4974\" data-end=\"4977\" \/>\n<h3 data-start=\"4979\" data-end=\"5010\"><strong data-start=\"4983\" data-end=\"5010\">Peamised omadused<\/strong><\/h3>\n<ul data-start=\"5011\" data-end=\"5579\">\n<li data-start=\"5011\" data-end=\"5120\">\n<p data-start=\"5013\" data-end=\"5120\"><strong data-start=\"5013\" data-end=\"5033\">Elegantne disain:<\/strong> Peenelt detailsed geomeetrilised mustrid, mis kiirgavad visuaalset tasakaalu ja harmooniat.<\/p>\n<\/li>\n<li data-start=\"5121\" data-end=\"5221\">\n<p data-start=\"5123\" data-end=\"5221\"><strong data-start=\"5123\" data-end=\"5149\">Rahustav sinine palett:<\/strong> Erinevad sinise toonid loovad rahustava ja meditatiivse atmosf\u00e4\u00e4ri.<\/p>\n<\/li>\n<li data-start=\"5222\" data-end=\"5330\">\n<p data-start=\"5224\" data-end=\"5330\"><strong data-start=\"5224\" data-end=\"5243\">K\u00f5rge kvaliteet:<\/strong> Saadaval <strong data-start=\"5260\" data-end=\"5292\">l\u00f5uend, seinavaip v\u00f5i plakat<\/strong>, erksate ja kauap\u00fcsivate v\u00e4rvidega.<\/p>\n<\/li>\n<li data-start=\"5331\" data-end=\"5469\">\n<p data-start=\"5333\" data-end=\"5469\"><strong data-start=\"5333\" data-end=\"5359\">S\u00fcmboolne t\u00e4hendus:<\/strong> Esindab <strong data-start=\"5377\" data-end=\"5425\">rahu, t\u00f5de, selgus ja enesev\u00e4ljendus<\/strong>, \u00fchendatud kurgut\u0161akraga (Vishuddha).<\/p>\n<\/li>\n<li data-start=\"5470\" data-end=\"5579\">\n<p data-start=\"5472\" data-end=\"5579\"><strong data-start=\"5472\" data-end=\"5495\">Mitmek\u00fclgne kasutamine:<\/strong> Ideaalne <strong data-start=\"5509\" data-end=\"5576\">kodukaunistus, joogastuudiod, meditatsiooninurgad v\u00f5i teraapiaruumid<\/strong>. 4 FMA ost<\/p>\n<\/li>\n<\/ul>\n<hr data-start=\"5581\" data-end=\"5584\" \/>\n<h3 data-start=\"5586\" data-end=\"5603\"><strong data-start=\"5590\" data-end=\"5603\">Eelised<\/strong><\/h3>\n<ul data-start=\"5604\" data-end=\"6131\">\n<li data-start=\"5604\" data-end=\"5702\">\n<p data-start=\"5606\" data-end=\"5702\"><strong data-start=\"5606\" data-end=\"5632\">Edendab l\u00f5\u00f5gastumist:<\/strong> Pehmed sinised toonid aitavad <strong data-start=\"5662\" data-end=\"5699\">stressi ja pinge v\u00e4hendamiseks<\/strong>.<\/p>\n<\/li>\n<li data-start=\"5703\" data-end=\"5809\">\n<p data-start=\"5705\" data-end=\"5809\"><strong data-start=\"5705\" data-end=\"5745\">Suurendab keskendumisv\u00f5imet ja selgust:<\/strong> Ideaalne meditatsiooniks v\u00f5i teadvelolekuks meele rahustamiseks.<\/p>\n<\/li>\n<li data-start=\"5810\" data-end=\"5913\">\n<p data-start=\"5812\" data-end=\"5913\"><strong data-start=\"5812\" data-end=\"5840\">Stimuleerib loovust:<\/strong> S\u00fcmmeetriline disain soodustab <strong data-start=\"5878\" data-end=\"5910\">vaimne tasakaal ja inspiratsioon<\/strong>.<\/p>\n<\/li>\n<li data-start=\"5914\" data-end=\"6006\">\n<p data-start=\"5916\" data-end=\"6006\"><strong data-start=\"5916\" data-end=\"5940\">Kaunistab interj\u00f6\u00f6ri:<\/strong> Annab igale toale <strong data-start=\"5963\" data-end=\"6003\">vaimne ja kunstiline v\u00e4limus<\/strong>.<\/p>\n<\/li>\n<li data-start=\"6007\" data-end=\"6131\">\n<p data-start=\"6009\" data-end=\"6131\"><strong data-start=\"6009\" data-end=\"6046\">Toetab emotsionaalset tasakaalu:<\/strong> Seotud <strong data-start=\"6064\" data-end=\"6100\">rahulikkus, t\u00f5de ja suhtlemisoskus<\/strong>, mis toob sisemise rahu.<\/p>\n<\/li>\n<\/ul>\n<hr data-start=\"6133\" data-end=\"6136\" \/>\n<h3 data-start=\"6138\" data-end=\"6153\"><strong data-start=\"6142\" data-end=\"6153\">Kasutus<\/strong><\/h3>\n<ol data-start=\"6154\" data-end=\"6601\">\n<li data-start=\"6154\" data-end=\"6270\">\n<p data-start=\"6157\" data-end=\"6270\"><strong data-start=\"6157\" data-end=\"6179\">Seina kaunistuseks:<\/strong> Riputage sinine mandala elutuppa, magamistuppa v\u00f5i meditatsiooninurka rahuliku atmosf\u00e4\u00e4ri loomiseks.<\/p>\n<\/li>\n<li data-start=\"6271\" data-end=\"6373\">\n<p data-start=\"6274\" data-end=\"6373\"><strong data-start=\"6274\" data-end=\"6293\">Meditatsiooni jaoks:<\/strong> Keskenda oma pilk mandala keskele ja hinga s\u00fcgavalt, et end rahustada.<\/p>\n<\/li>\n<li data-start=\"6374\" data-end=\"6482\">\n<p data-start=\"6377\" data-end=\"6482\"><strong data-start=\"6377\" data-end=\"6394\">Jooga ajal:<\/strong> Kasuta mandalat visuaalse fookuspunktina, et parandada keskendumist ja hingamist.<\/p>\n<\/li>\n<li data-start=\"6483\" data-end=\"6601\">\n<p data-start=\"6486\" data-end=\"6601\"><strong data-start=\"6486\" data-end=\"6501\">Kingituseks:<\/strong> T\u00e4hendusrikas kingitus k\u00f5igile, kes otsivad <strong data-start=\"6562\" data-end=\"6598\">vaimne tasakaal ja l\u00f5\u00f5gastus<\/strong>.<\/p>\n<\/li>\n<\/ol>\n<hr data-start=\"6603\" data-end=\"6606\" \/>\n<h3 data-start=\"6608\" data-end=\"6641\"><strong data-start=\"6612\" data-end=\"6641\">Korduma kippuvad k\u00fcsimused (KKK)<\/strong><\/h3>\n<p data-start=\"6643\" data-end=\"6808\"><strong data-start=\"6643\" data-end=\"6683\">1. Mida s\u00fcmboliseerib sinine mandala?<\/strong><br data-start=\"6683\" data-end=\"6686\" \/>Sinine mandala s\u00fcmboliseerib <strong data-start=\"6715\" data-end=\"6757\">rahu, harmoonia ja sisemine t\u00f5de<\/strong>ning toetab meditatsiooni ja emotsionaalset tasakaalu.<\/p>\n<p data-start=\"6810\" data-end=\"6994\"><strong data-start=\"6810\" data-end=\"6876\">2. Kas sinist mandalat saab kasutada sisekujunduses?<\/strong><br data-start=\"6876\" data-end=\"6879\" \/>Jah, rahustavad sinised toonid sobivad ideaalselt <strong data-start=\"6925\" data-end=\"6961\">rahustav energia ja ilu<\/strong> mis tahes interj\u00f6\u00f6ri lisamiseks.<\/p>\n<p data-start=\"6996\" data-end=\"7173\"><strong data-start=\"6996\" data-end=\"7055\">3. Millistest materjalidest on sinine mandala saadaval?<\/strong><br data-start=\"7055\" data-end=\"7058\" \/>Mandala on saadaval aadressil <strong data-start=\"7088\" data-end=\"7123\">l\u00f5uend, plakatid v\u00f5i seinavaibad<\/strong>, olenevalt soovitud stiilist ja rakendusest.<\/p>\n<hr data-start=\"7175\" data-end=\"7178\" \/>\n<h3 data-start=\"7180\" data-end=\"7197\"><strong data-start=\"7184\" data-end=\"7197\">Kokkuv\u00f5te<\/strong><\/h3>\n<p data-start=\"7198\" data-end=\"7529\">See <strong data-start=\"7201\" data-end=\"7217\">Sinine mandala<\/strong> on enamat kui lihtsalt dekoratiivne kunstiteos \u2013 see on <strong data-start=\"7274\" data-end=\"7325\">rahu, tarkuse ja sisemise tasakaalu s\u00fcmbol<\/strong>Oma harmoonilise kuju ja rahustava v\u00e4rvilahendusega toob see <strong data-start=\"7391\" data-end=\"7427\">rahu, inspiratsioon ja teadvelolek<\/strong> igas toas. Ideaalne neile, kes otsivad <strong data-start=\"7477\" data-end=\"7528\">vaimne rahu ja esteetiline ilu<\/strong>.<\/p>\n<p><a href=\"https:\/\/researchchemicalhub.com\/et\/shop\/lysergamides\/1cp-lsd-150-mcg\/\"><span dir=\"auto\" style=\"vertical-align: inherit;\"><span dir=\"auto\" style=\"vertical-align: inherit;\">1cP-LSD 150 MCG kunstipaberit <\/span><\/span><\/a><a href=\"https:\/\/researchchemicalhub.com\/et\/shop\/pellets\/o-dsmt-50mg-pellets\/\"><span dir=\"auto\" style=\"vertical-align: inherit;\"><span dir=\"auto\" style=\"vertical-align: inherit;\">O-DSMT 50 mg graanulid <\/span><\/span><\/a><a href=\"https:\/\/researchchemicalhub.com\/et\/shop\/lysergamides\/1v-lsd-150-mcg-blotters\/\"><span dir=\"auto\" style=\"vertical-align: inherit;\"><span dir=\"auto\" style=\"vertical-align: inherit;\">1V-LSD 150 MCG blotterid <\/span><\/span><\/a><a href=\"https:\/\/researchchemicalhub.com\/et\/shop\/cathinonen\/2-cmc-kopen\/\"><span dir=\"auto\" style=\"vertical-align: inherit;\"><span dir=\"auto\" style=\"vertical-align: inherit;\">2-CMC 250 mg graanulid <\/span><\/span><\/a><a href=\"https:\/\/researchchemicalhub.com\/et\/shop\/fenethylamine\/2c-ef-2mg-capsules\/\"><span dir=\"auto\" style=\"vertical-align: inherit;\"><span dir=\"auto\" style=\"vertical-align: inherit;\">2C-EF 2 mg kapslid<\/span><\/span><\/a><\/p>","protected":false},"excerpt":{"rendered":"<p>Introductie De Blue Mandala is een prachtig symbool van vrede, balans en spirituele harmonie. Mandala\u2019s, afkomstig uit oude boeddhistische en<\/p>","protected":false},"featured_media":20682,"comment_status":"closed","ping_status":"closed","template":"","meta":[],"product_brand":[],"product_cat":[555],"product_tag":[629,644,326],"class_list":{"0":"post-24151","1":"product","2":"type-product","3":"status-publish","4":"has-post-thumbnail","6":"product_cat-b2b","7":"product_tag-4-fma-kopen","8":"product_tag-4-fma","9":"product_tag-nl","11":"first","12":"instock","13":"taxable","14":"shipping-taxable","15":"purchasable","16":"product-type-variable"},"_links":{"self":[{"href":"https:\/\/researchchemicalhub.com\/et\/wp-json\/wp\/v2\/product\/24151","targetHints":{"allow":["GET"]}}],"collection":[{"href":"https:\/\/researchchemicalhub.com\/et\/wp-json\/wp\/v2\/product"}],"about":[{"href":"https:\/\/researchchemicalhub.com\/et\/wp-json\/wp\/v2\/types\/product"}],"replies":[{"embeddable":true,"href":"https:\/\/researchchemicalhub.com\/et\/wp-json\/wp\/v2\/comments?post=24151"}],"version-history":[{"count":4,"href":"https:\/\/researchchemicalhub.com\/et\/wp-json\/wp\/v2\/product\/24151\/revisions"}],"predecessor-version":[{"id":27847,"href":"https:\/\/researchchemicalhub.com\/et\/wp-json\/wp\/v2\/product\/24151\/revisions\/27847"}],"wp:featuredmedia":[{"embeddable":true,"href":"https:\/\/researchchemicalhub.com\/et\/wp-json\/wp\/v2\/media\/20682"}],"wp:attachment":[{"href":"https:\/\/researchchemicalhub.com\/et\/wp-json\/wp\/v2\/media?parent=24151"}],"wp:term":[{"taxonomy":"product_brand","embeddable":true,"href":"https:\/\/researchchemicalhub.com\/et\/wp-json\/wp\/v2\/product_brand?post=24151"},{"taxonomy":"product_cat","embeddable":true,"href":"https:\/\/researchchemicalhub.com\/et\/wp-json\/wp\/v2\/product_cat?post=24151"},{"taxonomy":"product_tag","embeddable":true,"href":"https:\/\/researchchemicalhub.com\/et\/wp-json\/wp\/v2\/product_tag?post=24151"}],"curies":[{"name":"t\u00f6\u00f6leht","href":"https:\/\/api.w.org\/{rel}","templated":true}]}}