{"id":24084,"date":"2025-04-13T17:41:00","date_gmt":"2025-04-13T17:41:00","guid":{"rendered":"https:\/\/researchchemicalhub.com\/?post_type=product&#038;p=24084"},"modified":"2025-10-30T07:23:23","modified_gmt":"2025-10-30T07:23:23","slug":"pagoclone-pellets","status":"publish","type":"product","link":"https:\/\/researchchemicalhub.com\/et\/shop\/overig\/pagoclone-pellets\/","title":{"rendered":"Pagokloon 10 MG graanulid"},"content":{"rendered":"<h3 data-start=\"5961\" data-end=\"5980\"><strong data-start=\"5965\" data-end=\"5980\"><span dir=\"auto\" style=\"vertical-align: inherit;\"><span dir=\"auto\" style=\"vertical-align: inherit;\">Sissejuhatus<\/span><\/span><\/strong><\/h3>\n<p data-start=\"5982\" data-end=\"6257\"><strong data-start=\"5982\" data-end=\"6008\"><span dir=\"auto\" style=\"vertical-align: inherit;\"><span dir=\"auto\" style=\"vertical-align: inherit;\">Pagoclone 10mg Pellets<\/span><\/span><\/strong><span dir=\"auto\" style=\"vertical-align: inherit;\"><span dir=\"auto\" style=\"vertical-align: inherit;\"> on <\/span><\/span><strong data-start=\"6014\" data-end=\"6061\"><span dir=\"auto\" style=\"vertical-align: inherit;\"><span dir=\"auto\" style=\"vertical-align: inherit;\">laborikvaliteediga uurimis\u00fchendid<\/span><\/span><\/strong><span dir=\"auto\" style=\"vertical-align: inherit;\"><span dir=\"auto\" style=\"vertical-align: inherit;\"> intended solely for <\/span><\/span><strong data-start=\"6088\" data-end=\"6132\"><span dir=\"auto\" style=\"vertical-align: inherit;\"><span dir=\"auto\" style=\"vertical-align: inherit;\">teaduslik ja anal\u00fc\u00fctiline uurimist\u00f6\u00f6<\/span><\/span><\/strong><span dir=\"auto\" style=\"vertical-align: inherit;\"><span dir=\"auto\" style=\"vertical-align: inherit;\"> . Each pellet contains <\/span><\/span><strong data-start=\"6152\" data-end=\"6178\"><span dir=\"auto\" style=\"vertical-align: inherit;\"><span dir=\"auto\" style=\"vertical-align: inherit;\">10 milligrams of Pagoclone<\/span><\/span><\/strong><span dir=\"auto\" style=\"vertical-align: inherit;\"><span dir=\"auto\" style=\"vertical-align: inherit;\"> , hoolikalt loodud <\/span><\/span><strong data-start=\"6209\" data-end=\"6254\"><span dir=\"auto\" style=\"vertical-align: inherit;\"><span dir=\"auto\" style=\"vertical-align: inherit;\">t\u00e4psus, puhtus ja stabiilsus<\/span><\/span><\/strong><span dir=\"auto\" style=\"vertical-align: inherit;\"><span dir=\"auto\" style=\"vertical-align: inherit;\"> . Pagoclone pellets<\/span><\/span><\/p>\n<p data-start=\"6259\" data-end=\"6460\"><span dir=\"auto\" style=\"vertical-align: inherit;\"><span dir=\"auto\" style=\"vertical-align: inherit;\">The pellets are produced under <\/span><\/span><strong data-start=\"6296\" data-end=\"6341\"><span dir=\"auto\" style=\"vertical-align: inherit;\"><span dir=\"auto\" style=\"vertical-align: inherit;\">kontrollitud laboritingimused<\/span><\/span><\/strong><span dir=\"auto\" style=\"vertical-align: inherit;\"><span dir=\"auto\" style=\"vertical-align: inherit;\"> and are ideal for researchers studying <\/span><\/span><strong data-start=\"6379\" data-end=\"6446\"><span dir=\"auto\" style=\"vertical-align: inherit;\"><span dir=\"auto\" style=\"vertical-align: inherit;\">GABA analogs, pharmacological properties or receptor binding<\/span><\/span><\/strong><span dir=\"auto\" style=\"vertical-align: inherit;\"><span dir=\"auto\" style=\"vertical-align: inherit;\"> .<\/span><\/span><\/p>\n<blockquote data-start=\"6462\" data-end=\"6600\">\n<p data-start=\"6464\" data-end=\"6600\">\u26a0\ufe0f <strong data-start=\"6467\" data-end=\"6478\"><span dir=\"auto\" style=\"vertical-align: inherit;\"><span dir=\"auto\" style=\"vertical-align: inherit;\">Palun arvestage:<\/span><\/span><\/strong><span dir=\"auto\" style=\"vertical-align: inherit;\"><span dir=\"auto\" style=\"vertical-align: inherit;\"> See toode on m\u00f5eldud <\/span><\/span><strong data-start=\"6519\" data-end=\"6544\"><span dir=\"auto\" style=\"vertical-align: inherit;\"><span dir=\"auto\" style=\"vertical-align: inherit;\">laborikatsed<\/span><\/span><\/strong><span dir=\"auto\" style=\"vertical-align: inherit;\"><span dir=\"auto\" style=\"vertical-align: inherit;\"> only . Not suitable for human or animal consumption.<\/span><\/span><\/p>\n<\/blockquote>\n<hr data-start=\"6602\" data-end=\"6605\" \/>\n<h3 data-start=\"6607\" data-end=\"6638\"><strong data-start=\"6611\" data-end=\"6638\"><span dir=\"auto\" style=\"vertical-align: inherit;\"><span dir=\"auto\" style=\"vertical-align: inherit;\">Peamised omadused<\/span><\/span><\/strong><\/h3>\n<ul data-start=\"6640\" data-end=\"7077\">\n<li data-start=\"6640\" data-end=\"6698\">\n<p data-start=\"6642\" data-end=\"6698\"><strong data-start=\"6642\" data-end=\"6662\"><span dir=\"auto\" style=\"vertical-align: inherit;\"><span dir=\"auto\" style=\"vertical-align: inherit;\">T\u00e4pne annus:<\/span><\/span><\/strong><span dir=\"auto\" style=\"vertical-align: inherit;\"><span dir=\"auto\" style=\"vertical-align: inherit;\"> Each pellet contains 10mg Pagoclone.<\/span><\/span><\/p>\n<\/li>\n<li data-start=\"6699\" data-end=\"6751\">\n<p data-start=\"6701\" data-end=\"6751\"><strong data-start=\"6701\" data-end=\"6721\"><span dir=\"auto\" style=\"vertical-align: inherit;\"><span dir=\"auto\" style=\"vertical-align: inherit;\">K\u00f5rge puhtusastmega:<\/span><\/span><\/strong><span dir=\"auto\" style=\"vertical-align: inherit;\"><span dir=\"auto\" style=\"vertical-align: inherit;\"> \u226599% anal\u00fc\u00fctiline puhtusaste.<\/span><\/span><\/p>\n<\/li>\n<li data-start=\"6752\" data-end=\"6827\">\n<p data-start=\"6754\" data-end=\"6827\"><strong data-start=\"6754\" data-end=\"6781\"><span dir=\"auto\" style=\"vertical-align: inherit;\"><span dir=\"auto\" style=\"vertical-align: inherit;\">Stable and reliable:<\/span><\/span><\/strong><span dir=\"auto\" style=\"vertical-align: inherit;\"><span dir=\"auto\" style=\"vertical-align: inherit;\"> Suitable for long-term storage and use.<\/span><\/span><\/p>\n<\/li>\n<li data-start=\"6828\" data-end=\"6916\">\n<p data-start=\"6830\" data-end=\"6916\"><strong data-start=\"6830\" data-end=\"6858\"><span dir=\"auto\" style=\"vertical-align: inherit;\"><span dir=\"auto\" style=\"vertical-align: inherit;\">Easy to handle:<\/span><\/span><\/strong><span dir=\"auto\" style=\"vertical-align: inherit;\"><span dir=\"auto\" style=\"vertical-align: inherit;\"> Pellet form limits risk of contamination or spillage.<\/span><\/span><\/p>\n<\/li>\n<li data-start=\"6917\" data-end=\"6994\">\n<p data-start=\"6919\" data-end=\"6994\"><strong data-start=\"6919\" data-end=\"6936\"><span dir=\"auto\" style=\"vertical-align: inherit;\"><span dir=\"auto\" style=\"vertical-align: inherit;\">Batch Tested:<\/span><\/span><\/strong><span dir=\"auto\" style=\"vertical-align: inherit;\"><span dir=\"auto\" style=\"vertical-align: inherit;\"> Each batch is tested for purity and consistency.<\/span><\/span><\/p>\n<\/li>\n<li data-start=\"6995\" data-end=\"7077\">\n<p data-start=\"6997\" data-end=\"7077\"><strong data-start=\"6997\" data-end=\"7020\"><span dir=\"auto\" style=\"vertical-align: inherit;\"><span dir=\"auto\" style=\"vertical-align: inherit;\">Secure packaging:<\/span><\/span><\/strong><span dir=\"auto\" style=\"vertical-align: inherit;\"><span dir=\"auto\" style=\"vertical-align: inherit;\"> Sealed and moisture-resistant for maximum integrity. Pagoclone pellets<\/span><\/span><\/p>\n<\/li>\n<\/ul>\n<hr data-start=\"7079\" data-end=\"7082\" \/>\n<h3 data-start=\"7084\" data-end=\"7101\"><strong data-start=\"7088\" data-end=\"7101\"><span dir=\"auto\" style=\"vertical-align: inherit;\"><span dir=\"auto\" style=\"vertical-align: inherit;\">Eelised<\/span><\/span><\/strong><\/h3>\n<ol data-start=\"7103\" data-end=\"7481\">\n<li data-start=\"7103\" data-end=\"7184\">\n<p data-start=\"7106\" data-end=\"7184\"><strong data-start=\"7106\" data-end=\"7143\"><span dir=\"auto\" style=\"vertical-align: inherit;\"><span dir=\"auto\" style=\"vertical-align: inherit;\">Usaldusv\u00e4\u00e4rsed uuringutulemused:<\/span><\/span><\/strong><span dir=\"auto\" style=\"vertical-align: inherit;\"><span dir=\"auto\" style=\"vertical-align: inherit;\"> Consistent data with repeated use.<\/span><\/span><\/p>\n<\/li>\n<li data-start=\"7185\" data-end=\"7257\">\n<p data-start=\"7188\" data-end=\"7257\"><strong data-start=\"7188\" data-end=\"7211\"><span dir=\"auto\" style=\"vertical-align: inherit;\"><span dir=\"auto\" style=\"vertical-align: inherit;\">Ohutu t\u00f6\u00f6tlemine:<\/span><\/span><\/strong><span dir=\"auto\" style=\"vertical-align: inherit;\"><span dir=\"auto\" style=\"vertical-align: inherit;\"> Less exposure thanks to pellet format.<\/span><\/span><\/p>\n<\/li>\n<li data-start=\"7258\" data-end=\"7352\">\n<p data-start=\"7261\" data-end=\"7352\"><strong data-start=\"7261\" data-end=\"7297\"><span dir=\"auto\" style=\"vertical-align: inherit;\"><span dir=\"auto\" style=\"vertical-align: inherit;\">Ideal for analytical studies:<\/span><\/span><\/strong><span dir=\"auto\" style=\"vertical-align: inherit;\"><span dir=\"auto\" style=\"vertical-align: inherit;\"> Suitable for pharmacological and chemical analyses.<\/span><\/span><\/p>\n<\/li>\n<li data-start=\"7353\" data-end=\"7415\">\n<p data-start=\"7356\" data-end=\"7415\"><strong data-start=\"7356\" data-end=\"7374\"><span dir=\"auto\" style=\"vertical-align: inherit;\"><span dir=\"auto\" style=\"vertical-align: inherit;\">Pikk s\u00e4ilivusaeg:<\/span><\/span><\/strong><span dir=\"auto\" style=\"vertical-align: inherit;\"><span dir=\"auto\" style=\"vertical-align: inherit;\"> Retains quality when stored correctly.<\/span><\/span><\/p>\n<\/li>\n<li data-start=\"7416\" data-end=\"7481\">\n<p data-start=\"7419\" data-end=\"7481\"><strong data-start=\"7419\" data-end=\"7447\"><span dir=\"auto\" style=\"vertical-align: inherit;\"><span dir=\"auto\" style=\"vertical-align: inherit;\">Professionaalne kvaliteet:<\/span><\/span><\/strong><span dir=\"auto\" style=\"vertical-align: inherit;\"><span dir=\"auto\" style=\"vertical-align: inherit;\"> Meets laboratory standards.<\/span><\/span><\/p>\n<\/li>\n<\/ol>\n<hr data-start=\"7483\" data-end=\"7486\" \/>\n<h3 data-start=\"7488\" data-end=\"7527\"><strong data-start=\"7492\" data-end=\"7527\"><span dir=\"auto\" style=\"vertical-align: inherit;\"><span dir=\"auto\" style=\"vertical-align: inherit;\">Kasutamine (ainult uurimist\u00f6\u00f6ks)<\/span><\/span><\/strong><\/h3>\n<ol data-start=\"7529\" data-end=\"7856\">\n<li data-start=\"7529\" data-end=\"7602\">\n<p data-start=\"7532\" data-end=\"7602\"><strong data-start=\"7532\" data-end=\"7564\"><span dir=\"auto\" style=\"vertical-align: inherit;\"><span dir=\"auto\" style=\"vertical-align: inherit;\">Kandke kaitseriietust<\/span><\/span><\/strong><span dir=\"auto\" style=\"vertical-align: inherit;\"><span dir=\"auto\" style=\"vertical-align: inherit;\"> such as gloves, goggles, and a lab coat.<\/span><\/span><\/p>\n<\/li>\n<li data-start=\"7603\" data-end=\"7686\">\n<p data-start=\"7606\" data-end=\"7686\"><strong data-start=\"7606\" data-end=\"7625\"><span dir=\"auto\" style=\"vertical-align: inherit;\"><span dir=\"auto\" style=\"vertical-align: inherit;\">Carefully measure<\/span><\/span><\/strong><span dir=\"auto\" style=\"vertical-align: inherit;\"><span dir=\"auto\" style=\"vertical-align: inherit;\"> the required number of pellets using sterile instruments.<\/span><\/span><\/p>\n<\/li>\n<li data-start=\"7687\" data-end=\"7734\">\n<p data-start=\"7690\" data-end=\"7734\"><strong data-start=\"7690\" data-end=\"7700\"><span dir=\"auto\" style=\"vertical-align: inherit;\"><span dir=\"auto\" style=\"vertical-align: inherit;\">Note<\/span><\/span><\/strong><span dir=\"auto\" style=\"vertical-align: inherit;\"><span dir=\"auto\" style=\"vertical-align: inherit;\"> batch number and storage conditions.<\/span><\/span><\/p>\n<\/li>\n<li data-start=\"7735\" data-end=\"7797\">\n<p data-start=\"7738\" data-end=\"7797\"><strong data-start=\"7738\" data-end=\"7748\"><span dir=\"auto\" style=\"vertical-align: inherit;\"><span dir=\"auto\" style=\"vertical-align: inherit;\">Pood<\/span><\/span><\/strong><span dir=\"auto\" style=\"vertical-align: inherit;\"><span dir=\"auto\" style=\"vertical-align: inherit;\"> the remainder in a cool, dry and dark place.<\/span><\/span><\/p>\n<\/li>\n<li data-start=\"7798\" data-end=\"7856\">\n<p data-start=\"7801\" data-end=\"7856\"><strong data-start=\"7801\" data-end=\"7820\"><span dir=\"auto\" style=\"vertical-align: inherit;\"><span dir=\"auto\" style=\"vertical-align: inherit;\">J\u00e4\u00e4tmete utiliseerimine<\/span><\/span><\/strong><span dir=\"auto\" style=\"vertical-align: inherit;\"><span dir=\"auto\" style=\"vertical-align: inherit;\"> vastavalt ohutusjuhistele.<\/span><\/span><\/p>\n<\/li>\n<\/ol>\n<blockquote data-start=\"7858\" data-end=\"7964\">\n<p data-start=\"7860\" data-end=\"7964\">\u26a0\ufe0f <strong data-start=\"7863\" data-end=\"7908\"><span dir=\"auto\" style=\"vertical-align: inherit;\"><span dir=\"auto\" style=\"vertical-align: inherit;\">Not suitable for human consumption.<\/span><\/span><\/strong><span dir=\"auto\" style=\"vertical-align: inherit;\"><span dir=\"auto\" style=\"vertical-align: inherit;\"> Sest <\/span><\/span><strong data-start=\"7921\" data-end=\"7963\"><span dir=\"auto\" style=\"vertical-align: inherit;\"><span dir=\"auto\" style=\"vertical-align: inherit;\">teaduslik ja anal\u00fc\u00fctiline kasutamine<\/span><\/span><\/strong><span dir=\"auto\" style=\"vertical-align: inherit;\"><span dir=\"auto\" style=\"vertical-align: inherit;\"> ainult .<\/span><\/span><\/p>\n<\/blockquote>\n<hr data-start=\"7966\" data-end=\"7969\" \/>\n<h3 data-start=\"7971\" data-end=\"7996\"><strong data-start=\"7975\" data-end=\"7996\"><span dir=\"auto\" style=\"vertical-align: inherit;\"><span dir=\"auto\" style=\"vertical-align: inherit;\">S\u00e4ilitamisjuhised<\/span><\/span><\/strong><\/h3>\n<ul data-start=\"7998\" data-end=\"8169\">\n<li data-start=\"7998\" data-end=\"8042\">\n<p data-start=\"8000\" data-end=\"8042\"><span dir=\"auto\" style=\"vertical-align: inherit;\"><span dir=\"auto\" style=\"vertical-align: inherit;\">Pood aadressil <\/span><\/span><strong data-start=\"8011\" data-end=\"8022\"><span dir=\"auto\" style=\"vertical-align: inherit;\"><span dir=\"auto\" style=\"vertical-align: inherit;\">15\u201325 \u00b0C<\/span><\/span><\/strong><span dir=\"auto\" style=\"vertical-align: inherit;\"><span dir=\"auto\" style=\"vertical-align: inherit;\"> , kuiv ja pime.<\/span><\/span><\/p>\n<\/li>\n<li data-start=\"8043\" data-end=\"8080\">\n<p data-start=\"8045\" data-end=\"8080\"><span dir=\"auto\" style=\"vertical-align: inherit;\"><span dir=\"auto\" style=\"vertical-align: inherit;\">Keep the container tightly closed.<\/span><\/span><\/p>\n<\/li>\n<li data-start=\"8081\" data-end=\"8126\">\n<p data-start=\"8083\" data-end=\"8126\"><span dir=\"auto\" style=\"vertical-align: inherit;\"><span dir=\"auto\" style=\"vertical-align: inherit;\">Avoid exposure to light and moisture.<\/span><\/span><\/p>\n<\/li>\n<li data-start=\"8127\" data-end=\"8169\">\n<p data-start=\"8129\" data-end=\"8169\"><span dir=\"auto\" style=\"vertical-align: inherit;\"><span dir=\"auto\" style=\"vertical-align: inherit;\">Hoida volitamata isikute eest k\u00e4ttesaamatus kohas.<\/span><\/span><\/p>\n<\/li>\n<\/ul>\n<hr data-start=\"8171\" data-end=\"8174\" \/>\n<h3 data-start=\"8176\" data-end=\"8211\"><strong data-start=\"8180\" data-end=\"8211\"><span dir=\"auto\" style=\"vertical-align: inherit;\"><span dir=\"auto\" style=\"vertical-align: inherit;\">Korduma kippuvad k\u00fcsimused (KKK)<\/span><\/span><\/strong><\/h3>\n<p data-start=\"8213\" data-end=\"8380\"><strong data-start=\"8213\" data-end=\"8268\"><span dir=\"auto\" style=\"vertical-align: inherit;\"><span dir=\"auto\" style=\"vertical-align: inherit;\">1. What are Pagoclone 10mg Pellets used for?<\/span><\/span><\/strong><br data-start=\"8268\" data-end=\"8271\" \/><span dir=\"auto\" style=\"vertical-align: inherit;\"><span dir=\"auto\" style=\"vertical-align: inherit;\"> Sest <\/span><\/span><strong data-start=\"8276\" data-end=\"8320\"><span dir=\"auto\" style=\"vertical-align: inherit;\"><span dir=\"auto\" style=\"vertical-align: inherit;\">teaduslik ja anal\u00fc\u00fctiline uurimist\u00f6\u00f6<\/span><\/span><\/strong><span dir=\"auto\" style=\"vertical-align: inherit;\"><span dir=\"auto\" style=\"vertical-align: inherit;\"> , including GABA receptors and chemical analogies.<\/span><\/span><\/p>\n<p data-start=\"8382\" data-end=\"8549\"><strong data-start=\"8382\" data-end=\"8432\"><span dir=\"auto\" style=\"vertical-align: inherit;\"><span dir=\"auto\" style=\"vertical-align: inherit;\">2. Kas need graanulid sobivad inimtoiduks?<\/span><\/span><\/strong><br data-start=\"8432\" data-end=\"8435\" \/><span dir=\"auto\" style=\"vertical-align: inherit;\"><span dir=\"auto\" style=\"vertical-align: inherit;\"> No, they are <\/span><\/span><strong data-start=\"8448\" data-end=\"8498\"><span dir=\"auto\" style=\"vertical-align: inherit;\"><span dir=\"auto\" style=\"vertical-align: inherit;\">m\u00f5eldud ainult laboriuuringuteks<\/span><\/span><\/strong><span dir=\"auto\" style=\"vertical-align: inherit;\"><span dir=\"auto\" style=\"vertical-align: inherit;\"> ja <\/span><\/span><strong data-start=\"8502\" data-end=\"8546\"><span dir=\"auto\" style=\"vertical-align: inherit;\"><span dir=\"auto\" style=\"vertical-align: inherit;\">ei sobi inimtoiduks<\/span><\/span><\/strong><span dir=\"auto\" style=\"vertical-align: inherit;\"><span dir=\"auto\" style=\"vertical-align: inherit;\"> .<\/span><\/span><\/p>\n<p data-start=\"8551\" data-end=\"8671\"><strong data-start=\"8551\" data-end=\"8594\"><span dir=\"auto\" style=\"vertical-align: inherit;\"><span dir=\"auto\" style=\"vertical-align: inherit;\">3. Kuidas ma peaksin seda toodet s\u00e4ilitama?<\/span><\/span><\/strong><br data-start=\"8594\" data-end=\"8597\" \/><span dir=\"auto\" style=\"vertical-align: inherit;\"><span dir=\"auto\" style=\"vertical-align: inherit;\"> Hoidke seda <\/span><\/span><strong data-start=\"8615\" data-end=\"8649\"><span dir=\"auto\" style=\"vertical-align: inherit;\"><span dir=\"auto\" style=\"vertical-align: inherit;\">jahedas, kuivas ja pimedas kohas<\/span><\/span><\/strong><span dir=\"auto\" style=\"vertical-align: inherit;\"><span dir=\"auto\" style=\"vertical-align: inherit;\"> between <\/span><\/span><strong data-start=\"8657\" data-end=\"8668\"><span dir=\"auto\" style=\"vertical-align: inherit;\"><span dir=\"auto\" style=\"vertical-align: inherit;\">15\u201325 \u00b0C<\/span><\/span><\/strong><span dir=\"auto\" style=\"vertical-align: inherit;\"><span dir=\"auto\" style=\"vertical-align: inherit;\"> .<\/span><\/span><\/p>\n<hr data-start=\"8673\" data-end=\"8676\" \/>\n<h3 data-start=\"8678\" data-end=\"8695\"><strong data-start=\"8682\" data-end=\"8695\"><span dir=\"auto\" style=\"vertical-align: inherit;\"><span dir=\"auto\" style=\"vertical-align: inherit;\">Kokkuv\u00f5te<\/span><\/span><\/strong><\/h3>\n<p data-start=\"8697\" data-end=\"8906\"><strong data-start=\"8697\" data-end=\"8723\"><span dir=\"auto\" style=\"vertical-align: inherit;\"><span dir=\"auto\" style=\"vertical-align: inherit;\">Pagoclone 10mg graanulid<\/span><\/span><\/strong><span dir=\"auto\" style=\"vertical-align: inherit;\"><span dir=\"auto\" style=\"vertical-align: inherit;\"> pakkumine <\/span><\/span><strong data-start=\"8731\" data-end=\"8774\"><span dir=\"auto\" style=\"vertical-align: inherit;\"><span dir=\"auto\" style=\"vertical-align: inherit;\">precision, purity, and reliability<\/span><\/span><\/strong><span dir=\"auto\" style=\"vertical-align: inherit;\"><span dir=\"auto\" style=\"vertical-align: inherit;\"> for professional laboratory research. Perfect for researchers striving for <\/span><\/span><strong data-start=\"8860\" data-end=\"8903\"><span dir=\"auto\" style=\"vertical-align: inherit;\"><span dir=\"auto\" style=\"vertical-align: inherit;\">consistent and reproducible results<\/span><\/span><\/strong><span dir=\"auto\" style=\"vertical-align: inherit;\"><span dir=\"auto\" style=\"vertical-align: inherit;\"> .<\/span><\/span><\/p>\n<p><strong><a title=\"1V-LSD 150 MCG blotterid\" href=\"https:\/\/researchchemicalhub.com\/et\/shop\/lysergamides\/1v-lsd-150-mcg-blotters\/\" target=\"_blank\" rel=\"noopener\"><span dir=\"auto\" style=\"vertical-align: inherit;\"><span dir=\"auto\" style=\"vertical-align: inherit;\">1V-LSD 150 MCG blotterid<\/span><\/span><\/a> <\/strong><a title=\"2-CMC 250 mg graanulid\" href=\"https:\/\/researchchemicalhub.com\/et\/shop\/cathinonen\/2-cmc-kopen\/\" target=\"_blank\" rel=\"noopener\"><span dir=\"auto\" style=\"vertical-align: inherit;\"><span dir=\"auto\" style=\"vertical-align: inherit;\"> 2-CMC 250 mg graanulid <\/span><\/span><\/a><a title=\"2C-EF 2 mg kapslid\" href=\"https:\/\/researchchemicalhub.com\/et\/shop\/fenethylamine\/2c-ef-2mg-capsules\/\" target=\"_blank\" rel=\"noopener\"><span dir=\"auto\" style=\"vertical-align: inherit;\"><span dir=\"auto\" style=\"vertical-align: inherit;\">2C-EF 2 mg kapslid<\/span><\/span><\/a><\/p>","protected":false},"excerpt":{"rendered":"<p>Introduction Pagoclone 10mg Pellets are laboratory-grade research compounds intended solely for scientific and analytical research . Each pellet contains 10<\/p>","protected":false},"featured_media":28585,"comment_status":"closed","ping_status":"closed","template":"","meta":[],"product_brand":[82],"product_cat":[336,367,484,324],"product_tag":[326,665],"class_list":{"0":"post-24084","1":"product","2":"type-product","3":"status-publish","4":"has-post-thumbnail","6":"product_brand-research-chemical","7":"product_cat-overig","8":"product_cat-pagoclone","9":"product_cat-pagoclone-pellets","10":"product_cat-pellets-for-pellet","11":"product_tag-nl","12":"product_tag-pagoclone","14":"first","15":"instock","16":"taxable","17":"shipping-taxable","18":"purchasable","19":"product-type-variable"},"_links":{"self":[{"href":"https:\/\/researchchemicalhub.com\/et\/wp-json\/wp\/v2\/product\/24084","targetHints":{"allow":["GET"]}}],"collection":[{"href":"https:\/\/researchchemicalhub.com\/et\/wp-json\/wp\/v2\/product"}],"about":[{"href":"https:\/\/researchchemicalhub.com\/et\/wp-json\/wp\/v2\/types\/product"}],"replies":[{"embeddable":true,"href":"https:\/\/researchchemicalhub.com\/et\/wp-json\/wp\/v2\/comments?post=24084"}],"version-history":[{"count":6,"href":"https:\/\/researchchemicalhub.com\/et\/wp-json\/wp\/v2\/product\/24084\/revisions"}],"predecessor-version":[{"id":28694,"href":"https:\/\/researchchemicalhub.com\/et\/wp-json\/wp\/v2\/product\/24084\/revisions\/28694"}],"wp:featuredmedia":[{"embeddable":true,"href":"https:\/\/researchchemicalhub.com\/et\/wp-json\/wp\/v2\/media\/28585"}],"wp:attachment":[{"href":"https:\/\/researchchemicalhub.com\/et\/wp-json\/wp\/v2\/media?parent=24084"}],"wp:term":[{"taxonomy":"product_brand","embeddable":true,"href":"https:\/\/researchchemicalhub.com\/et\/wp-json\/wp\/v2\/product_brand?post=24084"},{"taxonomy":"product_cat","embeddable":true,"href":"https:\/\/researchchemicalhub.com\/et\/wp-json\/wp\/v2\/product_cat?post=24084"},{"taxonomy":"product_tag","embeddable":true,"href":"https:\/\/researchchemicalhub.com\/et\/wp-json\/wp\/v2\/product_tag?post=24084"}],"curies":[{"name":"t\u00f6\u00f6leht","href":"https:\/\/api.w.org\/{rel}","templated":true}]}}