{"id":23992,"date":"2025-04-13T17:40:51","date_gmt":"2025-04-13T17:40:51","guid":{"rendered":"https:\/\/researchchemicalhub.com\/?post_type=product&#038;p=23992"},"modified":"2025-10-30T07:42:11","modified_gmt":"2025-10-30T07:42:11","slug":"osta-6-apb-130mg-pelletit","status":"publish","type":"product","link":"https:\/\/researchchemicalhub.com\/et\/pood\/6-apn\/osta-6-apb-130mg-pelletit\/","title":{"rendered":"6-APB 130 mg graanulid"},"content":{"rendered":"<h3 data-start=\"6022\" data-end=\"6041\"><strong data-start=\"6026\" data-end=\"6041\">Sissejuhatus<\/strong><\/h3>\n<p data-start=\"6043\" data-end=\"6339\"><strong data-start=\"6043\" data-end=\"6066\">6-APB 130 mg graanulid<\/strong> on <strong data-start=\"6072\" data-end=\"6119\">laborikvaliteediga uurimisained<\/strong>, v\u00e4lja t\u00f6\u00f6tatud <strong data-start=\"6137\" data-end=\"6181\">teaduslik ja anal\u00fc\u00fctiline uurimist\u00f6\u00f6<\/strong>.<br data-start=\"6182\" data-end=\"6185\" \/>Iga pellet sisaldab <strong data-start=\"6203\" data-end=\"6261\">130 milligrammi (mg) 6-(2-aminoprop\u00fc\u00fcl)bensofuraani (6-APB)<\/strong> - \u00dcks <strong data-start=\"6268\" data-end=\"6293\">bensofuraani\u00fchend<\/strong> mis kuulub <strong data-start=\"6313\" data-end=\"6336\">fenet\u00fc\u00fclamiini klass<\/strong>. 6 APB ost<\/p>\n<p data-start=\"6341\" data-end=\"6575\">Toodetud vastavalt <strong data-start=\"6362\" data-end=\"6403\">GLP standardid (hea laboritava)<\/strong>, need graanulid pakuvad <strong data-start=\"6425\" data-end=\"6444\">puhtus \u226599%<\/strong>, <strong data-start=\"6446\" data-end=\"6471\">keemiline stabiilsus<\/strong>ja <strong data-start=\"6476\" data-end=\"6504\">usaldusv\u00e4\u00e4rne j\u00e4rjepidevus<\/strong>, ideaalne <strong data-start=\"6518\" data-end=\"6572\">kohtuekspertiisi, farmakoloogilised ja anal\u00fc\u00fctilised uuringud<\/strong>.<\/p>\n<blockquote data-start=\"6577\" data-end=\"6721\">\n<p data-start=\"6579\" data-end=\"6721\">\u26a0\ufe0f <strong data-start=\"6582\" data-end=\"6593\">NB!<\/strong> See toode on <strong data-start=\"6609\" data-end=\"6659\">m\u00f5eldud ainult laboriuuringuteks<\/strong> ja <strong data-start=\"6663\" data-end=\"6720\">ei sobi inimeste ega loomade toiduks<\/strong>.<\/p>\n<\/blockquote>\n<hr data-start=\"6723\" data-end=\"6726\" \/>\n<h3 data-start=\"6728\" data-end=\"6759\"><strong data-start=\"6732\" data-end=\"6759\">Peamised omadused<\/strong><\/h3>\n<ul data-start=\"6761\" data-end=\"7230\">\n<li data-start=\"6761\" data-end=\"6857\">\n<p data-start=\"6763\" data-end=\"6857\"><strong data-start=\"6763\" data-end=\"6783\">K\u00f5rge puhtusastmega:<\/strong> \u226599% anal\u00fc\u00fctilise puhtusastmega, testitud kromatograafia ja spektromeetria abil.<\/p>\n<\/li>\n<li data-start=\"6858\" data-end=\"6913\">\n<p data-start=\"6860\" data-end=\"6913\"><strong data-start=\"6860\" data-end=\"6880\">T\u00e4pne annus:<\/strong> Iga pellet sisaldab 130 mg 6-APB-d.<\/p>\n<\/li>\n<li data-start=\"6914\" data-end=\"6980\">\n<p data-start=\"6916\" data-end=\"6980\"><strong data-start=\"6916\" data-end=\"6937\">Keemiliselt stabiilne:<\/strong> N\u00f5uetekohase ladustamise korral lagunemiskindel.<\/p>\n<\/li>\n<li data-start=\"6981\" data-end=\"7058\">\n<p data-start=\"6983\" data-end=\"7058\"><strong data-start=\"6983\" data-end=\"7000\">Partii testitud:<\/strong> Iga partii puhul kontrolliti puhtust ja konsistentsi.<\/p>\n<\/li>\n<li data-start=\"7059\" data-end=\"7137\">\n<p data-start=\"7061\" data-end=\"7137\"><strong data-start=\"7061\" data-end=\"7079\">Hea laboripraktika (GLP) j\u00e4rgi tootmine:<\/strong> Valmistatud vastavalt rahvusvahelistele laboristandarditele.<\/p>\n<\/li>\n<li data-start=\"7138\" data-end=\"7230\">\n<p data-start=\"7140\" data-end=\"7230\"><strong data-start=\"7140\" data-end=\"7163\">Ohutu pakend:<\/strong> \u00d5hukindel ja niiskuskindel pakendatud maksimaalse s\u00e4ilivusaja tagamiseks.<\/p>\n<\/li>\n<\/ul>\n<hr data-start=\"7232\" data-end=\"7235\" \/>\n<h3 data-start=\"7237\" data-end=\"7254\"><strong data-start=\"7241\" data-end=\"7254\">Eelised<\/strong><\/h3>\n<ol data-start=\"7256\" data-end=\"7666\">\n<li data-start=\"7256\" data-end=\"7345\">\n<p data-start=\"7259\" data-end=\"7345\"><strong data-start=\"7259\" data-end=\"7294\">Pidevad uurimistulemused:<\/strong> K\u00f5rge puhtusaste tagab andmete reprodutseeritavuse.<\/p>\n<\/li>\n<li data-start=\"7346\" data-end=\"7432\">\n<p data-start=\"7349\" data-end=\"7432\"><strong data-start=\"7349\" data-end=\"7376\">Pikaajaline stabiilsus:<\/strong> Vastupidav niiskusele, valgusele ja temperatuurimuutustele.<\/p>\n<\/li>\n<li data-start=\"7433\" data-end=\"7506\">\n<p data-start=\"7436\" data-end=\"7506\"><strong data-start=\"7436\" data-end=\"7458\">Ohutu k\u00e4sitsemine:<\/strong> Pelletite vorm v\u00e4hendab saastumisohtu.<\/p>\n<\/li>\n<li data-start=\"7507\" data-end=\"7590\">\n<p data-start=\"7510\" data-end=\"7590\"><strong data-start=\"7510\" data-end=\"7538\">Professionaalne kvaliteet:<\/strong> Sobib anal\u00fc\u00fctiliseks ja kohtuekspertiisiks. Osta 6 aprill 24h.<\/p>\n<\/li>\n<li data-start=\"7591\" data-end=\"7666\">\n<p data-start=\"7594\" data-end=\"7666\"><strong data-start=\"7594\" data-end=\"7612\">Kasutusmugavus:<\/strong> Eelnevalt m\u00f5\u00f5detud graanulid t\u00e4psete m\u00f5\u00f5tmiste jaoks.<\/p>\n<\/li>\n<\/ol>\n<hr data-start=\"7668\" data-end=\"7671\" \/>\n<h3 data-start=\"7673\" data-end=\"7712\"><strong data-start=\"7677\" data-end=\"7712\">Kasutamine (ainult uurimist\u00f6\u00f6ks)<\/strong><\/h3>\n<ol data-start=\"7714\" data-end=\"8068\">\n<li data-start=\"7714\" data-end=\"7790\">\n<p data-start=\"7717\" data-end=\"7790\"><strong data-start=\"7717\" data-end=\"7747\">Kandke kaitseriietust<\/strong> (kindad, laborikittel, kaitseprillid).<\/p>\n<\/li>\n<li data-start=\"7791\" data-end=\"7861\">\n<p data-start=\"7794\" data-end=\"7861\"><strong data-start=\"7794\" data-end=\"7832\">Kasutage kalibreeritud instrumente<\/strong> t\u00e4psete m\u00f5\u00f5tmiste jaoks.<\/p>\n<\/li>\n<li data-start=\"7862\" data-end=\"7927\">\n<p data-start=\"7865\" data-end=\"7927\"><strong data-start=\"7865\" data-end=\"7903\">Partii ja proovi teabe registreerimine<\/strong> j\u00e4lgitavuse tagamiseks.<\/p>\n<\/li>\n<li data-start=\"7928\" data-end=\"7992\">\n<p data-start=\"7931\" data-end=\"7992\"><strong data-start=\"7931\" data-end=\"7955\">Salvesta \u00fclej\u00e4\u00e4nud materjal<\/strong> h\u00e4sti suletud anumas.<\/p>\n<\/li>\n<li data-start=\"7993\" data-end=\"8068\">\n<p data-start=\"7996\" data-end=\"8068\"><strong data-start=\"7996\" data-end=\"8022\">Eemaldage j\u00e4\u00e4tmed<\/strong> vastavalt kehtivatele ohutusjuhistele.<\/p>\n<\/li>\n<\/ol>\n<blockquote data-start=\"8070\" data-end=\"8147\">\n<p data-start=\"8072\" data-end=\"8147\">\u2697\ufe0f <strong data-start=\"8075\" data-end=\"8147\">Ainult laborikatseteks \u2013 mitte inimtoiduks.<\/strong><\/p>\n<\/blockquote>\n<hr data-start=\"8149\" data-end=\"8152\" \/>\n<h3 data-start=\"8154\" data-end=\"8179\"><strong data-start=\"8158\" data-end=\"8179\">S\u00e4ilitamisjuhised<\/strong><\/h3>\n<ul data-start=\"8181\" data-end=\"8356\">\n<li data-start=\"8181\" data-end=\"8223\">\n<p data-start=\"8183\" data-end=\"8223\">Salvesta aadressil <strong data-start=\"8194\" data-end=\"8203\">2\u20138 \u00b0C<\/strong>, kuiv ja pime.<\/p>\n<\/li>\n<li data-start=\"8224\" data-end=\"8267\">\n<p data-start=\"8226\" data-end=\"8267\">Hoidke pakend alles <strong data-start=\"8245\" data-end=\"8264\">h\u00e4sti suletud<\/strong>.<\/p>\n<\/li>\n<li data-start=\"8268\" data-end=\"8313\">\n<p data-start=\"8270\" data-end=\"8313\">Kaitse vastu <strong data-start=\"8285\" data-end=\"8310\">valgus, niiskus ja soojus<\/strong>.<\/p>\n<\/li>\n<li data-start=\"8314\" data-end=\"8356\">\n<p data-start=\"8316\" data-end=\"8356\">Hoida volitamata isikute eest k\u00e4ttesaamatus kohas.<\/p>\n<\/li>\n<\/ul>\n<hr data-start=\"8358\" data-end=\"8361\" \/>\n<h3 data-start=\"8363\" data-end=\"8398\"><strong data-start=\"8367\" data-end=\"8398\">Korduma kippuvad k\u00fcsimused (KKK)<\/strong><\/h3>\n<p data-start=\"8400\" data-end=\"8548\"><strong data-start=\"8400\" data-end=\"8443\">1. Milleks kasutatakse 6-APB 130 mg?<\/strong><br data-start=\"8443\" data-end=\"8446\" \/>Sest <strong data-start=\"8451\" data-end=\"8489\">anal\u00fc\u00fctiline ja kohtuekspertiisi<\/strong> Ebameeldiv <strong data-start=\"8495\" data-end=\"8545\">bensofuraani\u00fchendid ja retseptorite interaktsioonid<\/strong>.<\/p>\n<p data-start=\"8550\" data-end=\"8735\"><strong data-start=\"8550\" data-end=\"8597\">2. Kas see toode sobib tarbimiseks?<\/strong><br data-start=\"8597\" data-end=\"8600\" \/>Ei. <strong data-start=\"8605\" data-end=\"8628\">6-APB 130 mg graanulid<\/strong> on <strong data-start=\"8634\" data-end=\"8684\">m\u00f5eldud ainult laboriuuringuteks<\/strong> ja <strong data-start=\"8688\" data-end=\"8732\">ei sobi inimtoiduks<\/strong>.<\/p>\n<p data-start=\"8737\" data-end=\"8892\"><strong data-start=\"8737\" data-end=\"8787\">3. Kuidas on k\u00f5ige parem 6-APB graanuleid s\u00e4ilitada?<\/strong><br data-start=\"8787\" data-end=\"8790\" \/>Hoidke neid <strong data-start=\"8807\" data-end=\"8851\">jahedas, kuivas ja pimedas keskkonnas (2\u20138 \u00b0C)<\/strong> \u00fches <strong data-start=\"8859\" data-end=\"8889\">h\u00e4sti suletud pakend<\/strong>.<\/p>\n<hr data-start=\"8894\" data-end=\"8897\" \/>\n<h3 data-start=\"8899\" data-end=\"8916\"><strong data-start=\"8903\" data-end=\"8916\">Kokkuv\u00f5te<\/strong><\/h3>\n<p data-start=\"8918\" data-end=\"9204\"><strong data-start=\"8918\" data-end=\"8941\">6-APB 130 mg graanulid<\/strong> pakkumine <strong data-start=\"8949\" data-end=\"9014\">erakordne puhtus, stabiilsus ja reprodutseeritavus<\/strong>, mis on v\u00e4lja t\u00f6\u00f6tatud professionaalseks anal\u00fc\u00fctiliseks uurimist\u00f6\u00f6ks.<br data-start=\"9067\" data-end=\"9070\" \/>Usaldusv\u00e4\u00e4rne valik laboritele, mis tegelevad <strong data-start=\"9124\" data-end=\"9201\">bensofuraani\u00fchendite keemilised anal\u00fc\u00fcsid ja struktuuriuuringud<\/strong>.<\/p>\n<p><span style=\"vertical-align: inherit;\"><span style=\"vertical-align: inherit;\">\u00a0<\/span><\/span><a href=\"https:\/\/researchchemicalhub.com\/et\/pood\/lusergamiidid\/1v-lsd-150-mcg-blotters\/\"><span style=\"vertical-align: inherit;\"><span style=\"vertical-align: inherit;\">1V-LSD 150 MCG blotterid<\/span><\/span><\/a><span style=\"vertical-align: inherit;\"><span style=\"vertical-align: inherit;\">\u00a0<\/span><\/span><a href=\"https:\/\/researchchemicalhub.com\/et\/pood\/katinoonid\/osta-2-cmc-d\/\"><span style=\"vertical-align: inherit;\"><span style=\"vertical-align: inherit;\">2-CMC 250 mg graanulid<\/span><\/span><\/a><span style=\"vertical-align: inherit;\"><span style=\"vertical-align: inherit;\">\u00a0<\/span><\/span><a href=\"https:\/\/researchchemicalhub.com\/et\/pood\/peaaegu-keelatud\/roosa-tahekujulised-pelletid-5-mapb-70mg-2-fma-20mg-5-meo-mipt-2mg\/\"><span style=\"vertical-align: inherit;\"><span style=\"vertical-align: inherit;\">Roosa T\u00e4he graanulid 5-MAPB 70mg \/ 2-FMA 20mg \/ 5-MeO-MiPT 2mg <\/span><\/span><\/a><a href=\"https:\/\/researchchemicalhub.com\/et\/pood\/peaaegu-keelatud\/4f-mph-25-mg-pellets\/\"><span style=\"vertical-align: inherit;\"><span style=\"vertical-align: inherit;\">4F-MPH 25 MG graanulid<\/span><\/span><\/a><span style=\"vertical-align: inherit;\"><span style=\"vertical-align: inherit;\">\u00a0<\/span><\/span><a href=\"https:\/\/researchchemicalhub.com\/et\/pood\/pellets\/erextc-homosildenafiili-100-mg-graanulid\/\"><span style=\"vertical-align: inherit;\"><span style=\"vertical-align: inherit;\">EREXTC Homosildenafiil 100 mg graanulid<\/span><\/span><\/a><\/p>","protected":false},"excerpt":{"rendered":"<h3><span style=\"vertical-align: inherit;\"><span style=\"vertical-align: inherit;\">6-APB omadused<\/span><\/span><\/h3>\n<p><strong><span style=\"vertical-align: inherit;\"><span style=\"vertical-align: inherit;\">S\u00fcnon\u00fc\u00fcm<\/span><\/span><\/strong><span style=\"vertical-align: inherit;\"><span style=\"vertical-align: inherit;\"> : 6-(2-aminoprop\u00fc\u00fcl)bensofuraan <\/span><\/span><br \/>\n<strong><span style=\"vertical-align: inherit;\"><span style=\"vertical-align: inherit;\">CAS-number:<\/span><\/span><\/strong><span style=\"vertical-align: inherit;\"><span style=\"vertical-align: inherit;\"> 286834-85-3 <\/span><\/span><br \/>\n<strong><span style=\"vertical-align: inherit;\"><span style=\"vertical-align: inherit;\">Valem<\/span><\/span><\/strong><span style=\"vertical-align: inherit;\"><span style=\"vertical-align: inherit;\"> : <\/span><\/span><span title=\"S\u00fcsinik\"><span style=\"vertical-align: inherit;\"><span style=\"vertical-align: inherit;\">C <\/span><\/span><\/span><sub><span style=\"vertical-align: inherit;\"><span style=\"vertical-align: inherit;\">11 <\/span><\/span><\/sub><span title=\"Vesinik\"><span style=\"vertical-align: inherit;\"><span style=\"vertical-align: inherit;\">H <\/span><\/span><\/span><sub><span style=\"vertical-align: inherit;\"><span style=\"vertical-align: inherit;\">13 <\/span><\/span><\/sub><span title=\"L\u00e4mmastik\"><span style=\"vertical-align: inherit;\"><span style=\"vertical-align: inherit;\">N <\/span><\/span><\/span><span title=\"Hapnik\"><span style=\"vertical-align: inherit;\"><span style=\"vertical-align: inherit;\">O <\/span><\/span><\/span><br \/>\n<strong><span style=\"vertical-align: inherit;\"><span style=\"vertical-align: inherit;\">Molaarmass<\/span><\/span><\/strong><span style=\"vertical-align: inherit;\"><span style=\"vertical-align: inherit;\"> : <\/span><\/span><span class=\"nowrap\"><span style=\"vertical-align: inherit;\"><span style=\"vertical-align: inherit;\">175.231<\/span><\/span><\/span><span style=\"vertical-align: inherit;\"><span style=\"vertical-align: inherit;\"> \u00a0g\/mol <\/span><\/span><br \/>\n<strong><span style=\"vertical-align: inherit;\"><span style=\"vertical-align: inherit;\">Puhtus<\/span><\/span><\/strong><span style=\"vertical-align: inherit;\"><span style=\"vertical-align: inherit;\"> : &gt;98%<\/span><\/span><\/p>","protected":false},"featured_media":28696,"comment_status":"closed","ping_status":"closed","template":"","meta":[],"product_brand":[82],"product_cat":[340,341,339,322,324],"product_tag":[126,326],"class_list":{"0":"post-23992","1":"product","2":"type-product","3":"status-publish","4":"has-post-thumbnail","6":"product_brand-research-chemical","7":"product_cat-6-apb","8":"product_cat-6-apb-pellets","9":"product_cat-benzofuran","10":"product_cat-bijna-verboden","11":"product_cat-pellets-for-pellet","12":"product_tag-6-apb-kopen","13":"product_tag-nl","15":"first","16":"instock","17":"taxable","18":"shipping-taxable","19":"purchasable","20":"product-type-variable"},"_links":{"self":[{"href":"https:\/\/researchchemicalhub.com\/et\/wp-json\/wp\/v2\/product\/23992","targetHints":{"allow":["GET"]}}],"collection":[{"href":"https:\/\/researchchemicalhub.com\/et\/wp-json\/wp\/v2\/product"}],"about":[{"href":"https:\/\/researchchemicalhub.com\/et\/wp-json\/wp\/v2\/types\/product"}],"replies":[{"embeddable":true,"href":"https:\/\/researchchemicalhub.com\/et\/wp-json\/wp\/v2\/comments?post=23992"}],"version-history":[{"count":6,"href":"https:\/\/researchchemicalhub.com\/et\/wp-json\/wp\/v2\/product\/23992\/revisions"}],"predecessor-version":[{"id":27907,"href":"https:\/\/researchchemicalhub.com\/et\/wp-json\/wp\/v2\/product\/23992\/revisions\/27907"}],"wp:featuredmedia":[{"embeddable":true,"href":"https:\/\/researchchemicalhub.com\/et\/wp-json\/wp\/v2\/media\/28696"}],"wp:attachment":[{"href":"https:\/\/researchchemicalhub.com\/et\/wp-json\/wp\/v2\/media?parent=23992"}],"wp:term":[{"taxonomy":"product_brand","embeddable":true,"href":"https:\/\/researchchemicalhub.com\/et\/wp-json\/wp\/v2\/product_brand?post=23992"},{"taxonomy":"product_cat","embeddable":true,"href":"https:\/\/researchchemicalhub.com\/et\/wp-json\/wp\/v2\/product_cat?post=23992"},{"taxonomy":"product_tag","embeddable":true,"href":"https:\/\/researchchemicalhub.com\/et\/wp-json\/wp\/v2\/product_tag?post=23992"}],"curies":[{"name":"t\u00f6\u00f6leht","href":"https:\/\/api.w.org\/{rel}","templated":true}]}}