{"id":23933,"date":"2025-04-13T17:40:43","date_gmt":"2025-04-13T17:40:43","guid":{"rendered":"https:\/\/researchchemicalhub.com\/?post_type=product&#038;p=23933"},"modified":"2025-10-30T07:53:12","modified_gmt":"2025-10-30T07:53:12","slug":"norflurasepaami-5-mg-graanulid","status":"publish","type":"product","link":"https:\/\/researchchemicalhub.com\/et\/pood\/bensodiasepiinid\/norflurasepaami-5-mg-graanulid\/","title":{"rendered":"Norflurasepaam 5 mg graanulid"},"content":{"rendered":"<div class=\"dad65929\">\n<div class=\"_4f9bf79 d7dc56a8 _43c05b5\">\n<div class=\"ds-markdown ds-markdown--block\">\n<h3 data-start=\"6228\" data-end=\"6247\"><strong data-start=\"6232\" data-end=\"6247\">Sissejuhatus<\/strong><\/h3>\n<p data-start=\"6249\" data-end=\"6610\"><strong data-start=\"6249\" data-end=\"6278\">Norflurasepaam 5 mg graanulid<\/strong> on <strong data-start=\"6284\" data-end=\"6331\">anal\u00fc\u00fctilise kvaliteediga uurimisained<\/strong>, spetsiaalselt v\u00e4lja t\u00f6\u00f6tatud <strong data-start=\"6358\" data-end=\"6412\">teaduslikud, kohtuekspertiisi ja keemilised uuringud<\/strong>Norfluraasepaam 5 mg graanulid<br data-start=\"6413\" data-end=\"6416\" \/>Tuntud ka kui <strong data-start=\"6431\" data-end=\"6453\">Desalk\u00fc\u00fclfluraasepaam<\/strong>, kas see \u00fchendus kuulub <strong data-start=\"6486\" data-end=\"6510\">bensodiasepiini klass<\/strong> ja on a <strong data-start=\"6521\" data-end=\"6563\">erinevate bensodiasepiinide metaboliit<\/strong>, mille alusel <strong data-start=\"6575\" data-end=\"6589\">Flurasepaam<\/strong> ja <strong data-start=\"6593\" data-end=\"6607\">Diklasepaam<\/strong>.<\/p>\n<p data-start=\"6612\" data-end=\"6857\">Toodetud all <strong data-start=\"6631\" data-end=\"6672\">GLP standardid (hea laboritava)<\/strong>, need graanulid pakuvad <strong data-start=\"6698\" data-end=\"6721\">puhtus \u226599%<\/strong>, <strong data-start=\"6723\" data-end=\"6748\">keemiline stabiilsus<\/strong> ja <strong data-start=\"6752\" data-end=\"6775\">\u00fchtlane kvaliteet<\/strong>.<br data-start=\"6776\" data-end=\"6779\" \/>Ideaalne <strong data-start=\"6791\" data-end=\"6854\">kromatograafilised, spektroskoopilised ja struktuurianal\u00fc\u00fcsid<\/strong>.<\/p>\n<blockquote data-start=\"6859\" data-end=\"7003\">\n<p data-start=\"6861\" data-end=\"7003\">\u26a0\ufe0f <strong data-start=\"6864\" data-end=\"6875\">NB!<\/strong> See toode on <strong data-start=\"6891\" data-end=\"6941\">m\u00f5eldud ainult laboriuuringuteks<\/strong> ja <strong data-start=\"6945\" data-end=\"7002\">ei sobi inimeste ega loomade toiduks<\/strong>.<\/p>\n<\/blockquote>\n<hr data-start=\"7005\" data-end=\"7008\" \/>\n<h3 data-start=\"7010\" data-end=\"7041\"><strong data-start=\"7014\" data-end=\"7041\">Peamised omadused<\/strong><\/h3>\n<ul data-start=\"7043\" data-end=\"7484\">\n<li data-start=\"7043\" data-end=\"7125\">\n<p data-start=\"7045\" data-end=\"7125\"><strong data-start=\"7045\" data-end=\"7077\">K\u00f5rge anal\u00fc\u00fctiline puhtus:<\/strong> \u226599% testitud kromatograafiliste meetoditega.<\/p>\n<\/li>\n<li data-start=\"7126\" data-end=\"7191\">\n<p data-start=\"7128\" data-end=\"7191\"><strong data-start=\"7128\" data-end=\"7148\">T\u00e4pne annus:<\/strong> Iga pellet sisaldab <strong data-start=\"7167\" data-end=\"7188\">5 mg norflurasepaami<\/strong>.<\/p>\n<\/li>\n<li data-start=\"7192\" data-end=\"7258\">\n<p data-start=\"7194\" data-end=\"7258\"><strong data-start=\"7194\" data-end=\"7215\">Keemiliselt stabiilne:<\/strong> N\u00f5uetekohase ladustamise korral lagunemiskindel.<\/p>\n<\/li>\n<li data-start=\"7259\" data-end=\"7328\">\n<p data-start=\"7261\" data-end=\"7328\"><strong data-start=\"7261\" data-end=\"7279\">Hea laboripraktika (GLP) j\u00e4rgi tootmine:<\/strong> Valmistatud rangete laboristandardite kohaselt.<\/p>\n<\/li>\n<li data-start=\"7329\" data-end=\"7404\">\n<p data-start=\"7331\" data-end=\"7404\"><strong data-start=\"7331\" data-end=\"7348\">Partii testitud:<\/strong> Iga partii identsust ja puhtust kontrollitakse. Norflurasepaam 5 mg graanulid<\/p>\n<\/li>\n<li data-start=\"7405\" data-end=\"7484\">\n<p data-start=\"7407\" data-end=\"7484\"><strong data-start=\"7407\" data-end=\"7430\">Ohutu pakend:<\/strong> \u00d5hukindel ja suletud optimaalse s\u00e4ilivusaja tagamiseks.<\/p>\n<\/li>\n<\/ul>\n<hr data-start=\"7486\" data-end=\"7489\" \/>\n<h3 data-start=\"7491\" data-end=\"7508\"><strong data-start=\"7495\" data-end=\"7508\">Eelised<\/strong><\/h3>\n<ol data-start=\"7510\" data-end=\"7970\">\n<li data-start=\"7510\" data-end=\"7601\">\n<p data-start=\"7513\" data-end=\"7601\"><strong data-start=\"7513\" data-end=\"7550\">Usaldusv\u00e4\u00e4rsed uuringutulemused:<\/strong> K\u00f5rge puhtusaste tagab andmete reprodutseerimise.<\/p>\n<\/li>\n<li data-start=\"7602\" data-end=\"7690\">\n<p data-start=\"7605\" data-end=\"7690\"><strong data-start=\"7605\" data-end=\"7632\">Pikaajaline stabiilsus:<\/strong> Vastupidav valgusele, niiskusele ja temperatuurik\u00f5ikumistele.<\/p>\n<\/li>\n<li data-start=\"7691\" data-end=\"7771\">\n<p data-start=\"7694\" data-end=\"7771\"><strong data-start=\"7694\" data-end=\"7722\">Lihtne k\u00e4sitseda:<\/strong> Pelletite vorm lihtsustab t\u00e4pset doseerimist.<\/p>\n<\/li>\n<li data-start=\"7772\" data-end=\"7855\">\n<p data-start=\"7775\" data-end=\"7855\"><strong data-start=\"7775\" data-end=\"7803\">Kutsestandard:<\/strong> Sobib kohtuekspertiisi ja anal\u00fc\u00fctiliseks uurimist\u00f6\u00f6ks.<\/p>\n<\/li>\n<li data-start=\"7856\" data-end=\"7970\">\n<p data-start=\"7859\" data-end=\"7970\"><strong data-start=\"7859\" data-end=\"7880\">Laialdaselt rakendatav:<\/strong> Ideaalne <strong data-start=\"7893\" data-end=\"7967\">bensodiasepiinianal\u00fc\u00fcs, metaboliitide uuring ja keemiline identifitseerimine<\/strong>.<\/p>\n<\/li>\n<\/ol>\n<hr data-start=\"7972\" data-end=\"7975\" \/>\n<h3 data-start=\"7977\" data-end=\"8016\"><strong data-start=\"7981\" data-end=\"8016\">Kasutamine (ainult uurimist\u00f6\u00f6ks)<\/strong><\/h3>\n<ol data-start=\"8018\" data-end=\"8403\">\n<li data-start=\"8018\" data-end=\"8105\">\n<p data-start=\"8021\" data-end=\"8105\"><strong data-start=\"8021\" data-end=\"8052\">Kandke kaitseriietust:<\/strong> N\u00f5utavad on kindad, kaitseprillid ja laborikittel.<\/p>\n<\/li>\n<li data-start=\"8106\" data-end=\"8177\">\n<p data-start=\"8109\" data-end=\"8177\"><strong data-start=\"8109\" data-end=\"8148\">Kasutamine kontrollitud keskkonnas:<\/strong> T\u00f6\u00f6tage puhtalt ja t\u00e4pselt.<\/p>\n<\/li>\n<li data-start=\"8178\" data-end=\"8259\">\n<p data-start=\"8181\" data-end=\"8259\"><strong data-start=\"8181\" data-end=\"8208\">Pange t\u00e4hele partii teavet:<\/strong> Pange kirja puhtus, kogus ja tingimused.<\/p>\n<\/li>\n<li data-start=\"8260\" data-end=\"8329\">\n<p data-start=\"8263\" data-end=\"8329\"><strong data-start=\"8263\" data-end=\"8300\">Kasutage kalibreeritud seadmeid:<\/strong> Usaldusv\u00e4\u00e4rsete m\u00f5\u00f5tmiste jaoks.<\/p>\n<\/li>\n<li data-start=\"8330\" data-end=\"8403\">\n<p data-start=\"8333\" data-end=\"8403\"><strong data-start=\"8333\" data-end=\"8367\">J\u00e4\u00e4tmete ohutu k\u00f5rvaldamine:<\/strong> J\u00e4rgige ohutusjuhiseid.<\/p>\n<\/li>\n<\/ol>\n<blockquote data-start=\"8405\" data-end=\"8490\">\n<p data-start=\"8407\" data-end=\"8490\">\u2697\ufe0f <strong data-start=\"8410\" data-end=\"8490\">Ainult laborikatseteks \u2013 mitte inimtoiduks.<\/strong><\/p>\n<\/blockquote>\n<hr data-start=\"8492\" data-end=\"8495\" \/>\n<h3 data-start=\"8497\" data-end=\"8522\"><strong data-start=\"8501\" data-end=\"8522\">S\u00e4ilitamisjuhised<\/strong><\/h3>\n<ul data-start=\"8524\" data-end=\"8692\">\n<li data-start=\"8524\" data-end=\"8566\">\n<p data-start=\"8526\" data-end=\"8566\">Salvesta aadressil <strong data-start=\"8537\" data-end=\"8546\">2\u20138 \u00b0C<\/strong>, kuiv ja pime.<\/p>\n<\/li>\n<li data-start=\"8567\" data-end=\"8603\">\n<p data-start=\"8569\" data-end=\"8603\">Hoida pakend tihedalt suletuna.<\/p>\n<\/li>\n<li data-start=\"8604\" data-end=\"8649\">\n<p data-start=\"8606\" data-end=\"8649\">Kaitse vastu <strong data-start=\"8621\" data-end=\"8646\">valgus, soojus ja niiskus<\/strong>.<\/p>\n<\/li>\n<li data-start=\"8650\" data-end=\"8692\">\n<p data-start=\"8652\" data-end=\"8692\">Hoida volitamata isikute eest k\u00e4ttesaamatus kohas.<\/p>\n<\/li>\n<\/ul>\n<hr data-start=\"8694\" data-end=\"8697\" \/>\n<h3 data-start=\"8699\" data-end=\"8734\"><strong data-start=\"8703\" data-end=\"8734\">Korduma kippuvad k\u00fcsimused (KKK)<\/strong><\/h3>\n<p data-start=\"8736\" data-end=\"8910\"><strong data-start=\"8736\" data-end=\"8781\">1. Milleks norfluraasepaami kasutatakse?<\/strong><br data-start=\"8781\" data-end=\"8784\" \/>Sest <strong data-start=\"8789\" data-end=\"8827\">anal\u00fc\u00fctiline ja kohtuekspertiisi<\/strong>, eriti valdkonnas <strong data-start=\"8856\" data-end=\"8907\">bensodiasepiinide metabolism ja keemiline anal\u00fc\u00fcs<\/strong>.<\/p>\n<p data-start=\"8912\" data-end=\"9129\"><strong data-start=\"8912\" data-end=\"8972\">2. Kas norfluraasepaam sobib inimtoiduks?<\/strong><br data-start=\"8972\" data-end=\"8975\" \/>Ei. <strong data-start=\"8980\" data-end=\"9009\">Norflurasepaam 5 mg graanulid<\/strong> on <strong data-start=\"9015\" data-end=\"9065\">m\u00f5eldud ainult laboriuuringuteks<\/strong> ja <strong data-start=\"9069\" data-end=\"9126\">ei sobi inimeste ega loomade toiduks<\/strong>.<\/p>\n<p data-start=\"9131\" data-end=\"9277\"><strong data-start=\"9131\" data-end=\"9176\">3. Kuidas Norflurazepami k\u00f5ige paremini s\u00e4ilitada?<\/strong><br data-start=\"9176\" data-end=\"9179\" \/>S\u00e4\u00e4sta a <strong data-start=\"9193\" data-end=\"9235\">jahedas, kuivas ja pimedas kohas (2\u20138 \u00b0C)<\/strong>, \u00fches <strong data-start=\"9244\" data-end=\"9274\">h\u00e4sti suletud pakend<\/strong>.<\/p>\n<hr data-start=\"9279\" data-end=\"9282\" \/>\n<h3 data-start=\"9284\" data-end=\"9301\"><strong data-start=\"9288\" data-end=\"9301\">Kokkuv\u00f5te<\/strong><\/h3>\n<p data-start=\"9303\" data-end=\"9597\"><strong data-start=\"9303\" data-end=\"9332\">Norflurasepaam 5 mg graanulid<\/strong> pakkumine <strong data-start=\"9340\" data-end=\"9398\">erakordne puhtus, stabiilsus ja j\u00e4rjepidevus<\/strong>, ideaalne <strong data-start=\"9412\" data-end=\"9464\">professionaalne anal\u00fc\u00fctiline ja kohtuekspertiisi<\/strong>.<br data-start=\"9465\" data-end=\"9468\" \/>Usaldusv\u00e4\u00e4rne valik laboritele, mis keskenduvad <strong data-start=\"9527\" data-end=\"9594\">bensodiasepiinianal\u00fc\u00fcs, kromatograafia ja struktuuriuuring<\/strong>.<\/p>\n<\/div>\n<\/div>\n<\/div>","protected":false},"excerpt":{"rendered":"<h3><span data-sheets-value=\"{\" data-sheets-userformat=\"{\"><span style=\"vertical-align: inherit;\"><span style=\"vertical-align: inherit;\"><span dir=\"auto\" style=\"vertical-align: inherit;\"><span dir=\"auto\" style=\"vertical-align: inherit;\">Norflurasepaami omadused<\/span><\/span><\/span><\/span><\/span><\/h3>\n<p><strong><span style=\"vertical-align: inherit;\"><span style=\"vertical-align: inherit;\"><span dir=\"auto\" style=\"vertical-align: inherit;\"><span dir=\"auto\" style=\"vertical-align: inherit;\">S\u00fcnon\u00fc\u00fcm:<\/span><\/span><\/span><\/span><\/strong><span style=\"vertical-align: inherit;\"><span style=\"vertical-align: inherit;\"><span dir=\"auto\" style=\"vertical-align: inherit;\"><span dir=\"auto\" style=\"vertical-align: inherit;\"> Norflurasepaam <\/span><\/span><\/span><\/span><br \/>\n<strong><span style=\"vertical-align: inherit;\"><span style=\"vertical-align: inherit;\"><span dir=\"auto\" style=\"vertical-align: inherit;\"><span dir=\"auto\" style=\"vertical-align: inherit;\">CAS-number:<\/span><\/span><\/span><\/span><\/strong><span style=\"vertical-align: inherit;\"><span style=\"vertical-align: inherit;\"><span dir=\"auto\" style=\"vertical-align: inherit;\"><span dir=\"auto\" style=\"vertical-align: inherit;\"> 2886-65-9 <\/span><\/span><\/span><\/span><br \/>\n<strong><span style=\"vertical-align: inherit;\"><span style=\"vertical-align: inherit;\"><span dir=\"auto\" style=\"vertical-align: inherit;\"><span dir=\"auto\" style=\"vertical-align: inherit;\">Valem:<\/span><\/span><\/span><\/span><\/strong><span style=\"vertical-align: inherit;\"><span style=\"vertical-align: inherit;\"><span dir=\"auto\" style=\"vertical-align: inherit;\"><span dir=\"auto\" style=\"vertical-align: inherit;\"> 7-kloro-5-(2-fluorofen\u00fc\u00fcl)-1,3-dih\u00fcdro-2H-1,4-bensodiasepiin-2-oon <\/span><\/span><\/span><\/span><br \/>\n<strong><span style=\"vertical-align: inherit;\"><span style=\"vertical-align: inherit;\"><span dir=\"auto\" style=\"vertical-align: inherit;\"><span dir=\"auto\" style=\"vertical-align: inherit;\">Molaarmass:<\/span><\/span><\/span><\/span><\/strong><span style=\"vertical-align: inherit;\"><span style=\"vertical-align: inherit;\"><span dir=\"auto\" style=\"vertical-align: inherit;\"><span dir=\"auto\" style=\"vertical-align: inherit;\"> 299,3 g\/mol <\/span><\/span><\/span><\/span><br \/>\n<strong><span style=\"vertical-align: inherit;\"><span style=\"vertical-align: inherit;\"><span dir=\"auto\" style=\"vertical-align: inherit;\"><span dir=\"auto\" style=\"vertical-align: inherit;\">Puhtus:<\/span><\/span><\/span><\/span><\/strong><span style=\"vertical-align: inherit;\"><span style=\"vertical-align: inherit;\"><span dir=\"auto\" style=\"vertical-align: inherit;\"><span dir=\"auto\" style=\"vertical-align: inherit;\"> &gt;97%<\/span><\/span><\/span><\/span><\/p>","protected":false},"featured_media":28577,"comment_status":"closed","ping_status":"closed","template":"","meta":[],"product_brand":[],"product_cat":[76,388,394,324,398],"product_tag":[326],"class_list":{"0":"post-23933","1":"product","2":"type-product","3":"status-publish","4":"has-post-thumbnail","6":"product_cat-benzodiazepinen","7":"product_cat-norflurazepam","8":"product_cat-norflurazepam-pellets","9":"product_cat-pellets-for-pellet","10":"product_cat-verkoop","11":"product_tag-nl","13":"first","14":"instock","15":"sale","16":"taxable","17":"shipping-taxable","18":"purchasable","19":"product-type-variable"},"_links":{"self":[{"href":"https:\/\/researchchemicalhub.com\/et\/wp-json\/wp\/v2\/product\/23933","targetHints":{"allow":["GET"]}}],"collection":[{"href":"https:\/\/researchchemicalhub.com\/et\/wp-json\/wp\/v2\/product"}],"about":[{"href":"https:\/\/researchchemicalhub.com\/et\/wp-json\/wp\/v2\/types\/product"}],"replies":[{"embeddable":true,"href":"https:\/\/researchchemicalhub.com\/et\/wp-json\/wp\/v2\/comments?post=23933"}],"version-history":[{"count":5,"href":"https:\/\/researchchemicalhub.com\/et\/wp-json\/wp\/v2\/product\/23933\/revisions"}],"predecessor-version":[{"id":27920,"href":"https:\/\/researchchemicalhub.com\/et\/wp-json\/wp\/v2\/product\/23933\/revisions\/27920"}],"wp:featuredmedia":[{"embeddable":true,"href":"https:\/\/researchchemicalhub.com\/et\/wp-json\/wp\/v2\/media\/28577"}],"wp:attachment":[{"href":"https:\/\/researchchemicalhub.com\/et\/wp-json\/wp\/v2\/media?parent=23933"}],"wp:term":[{"taxonomy":"product_brand","embeddable":true,"href":"https:\/\/researchchemicalhub.com\/et\/wp-json\/wp\/v2\/product_brand?post=23933"},{"taxonomy":"product_cat","embeddable":true,"href":"https:\/\/researchchemicalhub.com\/et\/wp-json\/wp\/v2\/product_cat?post=23933"},{"taxonomy":"product_tag","embeddable":true,"href":"https:\/\/researchchemicalhub.com\/et\/wp-json\/wp\/v2\/product_tag?post=23933"}],"curies":[{"name":"t\u00f6\u00f6leht","href":"https:\/\/api.w.org\/{rel}","templated":true}]}}