{"id":23884,"date":"2025-04-13T17:40:36","date_gmt":"2025-04-13T17:40:36","guid":{"rendered":"https:\/\/researchchemicalhub.com\/?post_type=product&#038;p=23884"},"modified":"2025-10-30T08:02:26","modified_gmt":"2025-10-30T08:02:26","slug":"5-mmpa","status":"publish","type":"product","link":"https:\/\/researchchemicalhub.com\/et\/shop\/5-mmpa\/5-mmpa\/","title":{"rendered":"5-MMPA"},"content":{"rendered":"<p data-start=\"6069\" data-end=\"6367\"><strong data-start=\"6069\" data-end=\"6079\">5-MMPA<\/strong> (5-met\u00fc\u00fclmetoks\u00fcfenet\u00fc\u00fclamiin) on <strong data-start=\"6119\" data-end=\"6145\">fenet\u00fc\u00fclamiini derivaat<\/strong> mida sageli kasutatakse <strong data-start=\"6173\" data-end=\"6211\">anal\u00fc\u00fctiline ja kohtuekspertiisi<\/strong>.<br data-start=\"6212\" data-end=\"6215\" \/>\u00dchendus toimib j\u00e4rgmiselt <strong data-start=\"6239\" data-end=\"6262\">v\u00f5rdlusstandard<\/strong> laborites, mis keskenduvad <strong data-start=\"6298\" data-end=\"6337\">struktuuri- ja ainevahetusanal\u00fc\u00fcs<\/strong> fenet\u00fc\u00fclamiini analoogidest. <span class=\"___SBox_epc1q-ko_ ___SText_zko9t-ko_\" data-ui-name=\"Link.Text\">5 mm aastas<\/span><\/p>\n<p data-start=\"6369\" data-end=\"6551\">Toodetud all <strong data-start=\"6388\" data-end=\"6422\">Hea laboritava (GLP)<\/strong>-standardite kohaselt pakub 5-MMPA <strong data-start=\"6448\" data-end=\"6471\">puhtus \u226599%<\/strong> ja suurep\u00e4rane <strong data-start=\"6487\" data-end=\"6512\">keemiline stabiilsus<\/strong> usaldusv\u00e4\u00e4rsete uurimistulemuste saamiseks.<\/p>\n<blockquote data-start=\"6553\" data-end=\"6697\">\n<p data-start=\"6555\" data-end=\"6697\">\u26a0\ufe0f <strong data-start=\"6558\" data-end=\"6569\">NB!<\/strong> See toode on <strong data-start=\"6585\" data-end=\"6635\">m\u00f5eldud ainult laboriuuringuteks<\/strong> ja <strong data-start=\"6639\" data-end=\"6696\">ei sobi inimeste ega loomade toiduks<\/strong>.<\/p>\n<\/blockquote>\n<hr data-start=\"6699\" data-end=\"6702\" \/>\n<h3 data-start=\"6704\" data-end=\"6735\"><strong data-start=\"6708\" data-end=\"6735\">Peamised omadused<\/strong><\/h3>\n<ul data-start=\"6737\" data-end=\"7189\">\n<li data-start=\"6737\" data-end=\"6805\">\n<p data-start=\"6739\" data-end=\"6805\"><strong data-start=\"6739\" data-end=\"6771\">K\u00f5rge anal\u00fc\u00fctiline puhtus:<\/strong> \u226599%, testitud HPLC ja GC-MS abil.<\/p>\n<\/li>\n<li data-start=\"6806\" data-end=\"6872\">\n<p data-start=\"6808\" data-end=\"6872\"><strong data-start=\"6808\" data-end=\"6829\">Keemiliselt stabiilne:<\/strong> N\u00f5uetekohase ladustamise korral lagunemiskindel.<\/p>\n<\/li>\n<li data-start=\"6873\" data-end=\"6951\">\n<p data-start=\"6875\" data-end=\"6951\"><strong data-start=\"6875\" data-end=\"6893\">Hea laboripraktika (GLP) j\u00e4rgi tootmine:<\/strong> Valmistatud vastavalt rahvusvahelistele laboristandarditele.<\/p>\n<\/li>\n<li data-start=\"6952\" data-end=\"7031\">\n<p data-start=\"6954\" data-end=\"7031\"><strong data-start=\"6954\" data-end=\"6981\">Fen\u00fc\u00fclamiini derivaat:<\/strong> Sobib struktuuri- ja retseptoriuuringuteks.<\/p>\n<\/li>\n<li data-start=\"7032\" data-end=\"7107\">\n<p data-start=\"7034\" data-end=\"7107\"><strong data-start=\"7034\" data-end=\"7051\">Partii testitud:<\/strong> Iga partii identsust ja puhtust kontrolliti.<\/p>\n<\/li>\n<li data-start=\"7108\" data-end=\"7189\">\n<p data-start=\"7110\" data-end=\"7189\"><strong data-start=\"7110\" data-end=\"7133\">Ohutu pakend:<\/strong> \u00d5hukindel ja suletud pakendis pika s\u00e4ilivusaja tagamiseks.<\/p>\n<\/li>\n<\/ul>\n<hr data-start=\"7191\" data-end=\"7194\" \/>\n<h3 data-start=\"7196\" data-end=\"7213\"><strong data-start=\"7200\" data-end=\"7213\">Eelised<\/strong><\/h3>\n<ol data-start=\"7215\" data-end=\"7650\">\n<li data-start=\"7215\" data-end=\"7292\">\n<p data-start=\"7218\" data-end=\"7292\"><strong data-start=\"7218\" data-end=\"7245\">Usaldusv\u00e4\u00e4rsed tulemused:<\/strong> K\u00f5rge puhtusaste tagab t\u00e4psed andmed.<\/p>\n<\/li>\n<li data-start=\"7293\" data-end=\"7395\">\n<p data-start=\"7296\" data-end=\"7395\"><strong data-start=\"7296\" data-end=\"7317\">Laialdaselt rakendatav:<\/strong> Sobib <strong data-start=\"7332\" data-end=\"7392\">kromatograafia, spektroskoopia ja toksikoloogilised uuringud<\/strong>.<\/p>\n<\/li>\n<li data-start=\"7396\" data-end=\"7475\">\n<p data-start=\"7399\" data-end=\"7475\"><strong data-start=\"7399\" data-end=\"7423\">V\u00f5rdlusstandard:<\/strong> Ideaalne kalibreerimiseks ja v\u00f5rdlusanal\u00fc\u00fcsiks.<\/p>\n<\/li>\n<li data-start=\"7476\" data-end=\"7564\">\n<p data-start=\"7479\" data-end=\"7564\"><strong data-start=\"7479\" data-end=\"7506\">Pikaajaline stabiilsus:<\/strong> Vastupidav valgusele, niiskusele ja temperatuurimuutustele.<\/p>\n<\/li>\n<li data-start=\"7565\" data-end=\"7650\">\n<p data-start=\"7568\" data-end=\"7650\"><strong data-start=\"7568\" data-end=\"7596\">Professionaalne kvaliteet:<\/strong> Ideaalne akadeemilistele ja kohtumeditsiiniliste laborite jaoks.<\/p>\n<\/li>\n<\/ol>\n<hr data-start=\"7652\" data-end=\"7655\" \/>\n<h3 data-start=\"7657\" data-end=\"7696\"><strong data-start=\"7661\" data-end=\"7696\">Kasutamine (ainult uurimist\u00f6\u00f6ks)<\/strong><\/h3>\n<ol data-start=\"7698\" data-end=\"8122\">\n<li data-start=\"7698\" data-end=\"7785\">\n<p data-start=\"7701\" data-end=\"7785\"><strong data-start=\"7701\" data-end=\"7732\">Kandke kaitseriietust:<\/strong> N\u00f5utavad on kindad, kaitseprillid ja laborikittel.<\/p>\n<\/li>\n<li data-start=\"7786\" data-end=\"7866\">\n<p data-start=\"7789\" data-end=\"7866\"><strong data-start=\"7789\" data-end=\"7825\">T\u00f6\u00f6 kontrollitud keskkonnas:<\/strong> Ainult sertifitseeritud laborites.<\/p>\n<\/li>\n<li data-start=\"7867\" data-end=\"7957\">\n<p data-start=\"7870\" data-end=\"7957\"><strong data-start=\"7870\" data-end=\"7897\">Pange t\u00e4hele partii teavet:<\/strong> Kirjutage \u00fcles puhtus, partii number ja katseandmed.<\/p>\n<\/li>\n<li data-start=\"7958\" data-end=\"8031\">\n<p data-start=\"7961\" data-end=\"8031\"><strong data-start=\"7961\" data-end=\"7992\">Kasutage t\u00e4ppisseadmeid:<\/strong> T\u00e4pseks kaalumiseks ja m\u00f5\u00f5tmiseks.<\/p>\n<\/li>\n<li data-start=\"8032\" data-end=\"8122\">\n<p data-start=\"8035\" data-end=\"8122\"><strong data-start=\"8035\" data-end=\"8068\">J\u00e4\u00e4tmete ohutu k\u00f5rvaldamine:<\/strong> J\u00e4rgige labori ohutusn\u00f5udeid.<\/p>\n<\/li>\n<\/ol>\n<blockquote data-start=\"8124\" data-end=\"8209\">\n<p data-start=\"8126\" data-end=\"8209\">\u2697\ufe0f <strong data-start=\"8129\" data-end=\"8209\">Ainult laborikatseteks \u2013 mitte inimtoiduks.<\/strong><\/p>\n<\/blockquote>\n<hr data-start=\"8211\" data-end=\"8214\" \/>\n<h3 data-start=\"8216\" data-end=\"8241\"><strong data-start=\"8220\" data-end=\"8241\">S\u00e4ilitamisjuhised<\/strong><\/h3>\n<ul data-start=\"8243\" data-end=\"8412\">\n<li data-start=\"8243\" data-end=\"8286\">\n<p data-start=\"8245\" data-end=\"8286\">Salvesta aadressil <strong data-start=\"8256\" data-end=\"8266\">2\u20138 \u00b0C<\/strong>, kuiv ja pime.<\/p>\n<\/li>\n<li data-start=\"8287\" data-end=\"8323\">\n<p data-start=\"8289\" data-end=\"8323\">Hoida pakend tihedalt suletuna.<\/p>\n<\/li>\n<li data-start=\"8324\" data-end=\"8369\">\n<p data-start=\"8326\" data-end=\"8369\">Kaitse vastu <strong data-start=\"8341\" data-end=\"8366\">valgus, soojus ja niiskus<\/strong>.<\/p>\n<\/li>\n<li data-start=\"8370\" data-end=\"8412\">\n<p data-start=\"8372\" data-end=\"8412\">Hoida volitamata isikute eest k\u00e4ttesaamatus kohas.<\/p>\n<\/li>\n<\/ul>\n<hr data-start=\"8414\" data-end=\"8417\" \/>\n<h3 data-start=\"8419\" data-end=\"8454\"><strong data-start=\"8423\" data-end=\"8454\">Korduma kippuvad k\u00fcsimused (KKK)<\/strong><\/h3>\n<p data-start=\"8456\" data-end=\"8601\"><strong data-start=\"8456\" data-end=\"8494\">1. Milleks 5-MMPA-d kasutatakse?<\/strong><br data-start=\"8494\" data-end=\"8497\" \/>Sest <strong data-start=\"8502\" data-end=\"8540\">kohtuekspertiisi ja anal\u00fc\u00fctilised uuringud<\/strong>, mille eesm\u00e4rk on <strong data-start=\"8553\" data-end=\"8598\">Fenet\u00fc\u00fclamiini analoogid ja ainevahetusrajad<\/strong>.<\/p>\n<p data-start=\"8603\" data-end=\"8792\"><strong data-start=\"8603\" data-end=\"8656\">2. Kas 5-MMPA sobib inimtoiduks?<\/strong><br data-start=\"8656\" data-end=\"8659\" \/>Ei. <strong data-start=\"8664\" data-end=\"8674\">5-MMPA<\/strong> on <strong data-start=\"8678\" data-end=\"8728\">m\u00f5eldud ainult laboriuuringuteks<\/strong> ja <strong data-start=\"8732\" data-end=\"8789\">ei sobi inimeste ega loomade toiduks<\/strong>.<\/p>\n<p data-start=\"8794\" data-end=\"8929\"><strong data-start=\"8794\" data-end=\"8832\">3. Kuidas tuleks 5-MMPA-d s\u00e4ilitada?<\/strong><br data-start=\"8832\" data-end=\"8835\" \/>S\u00e4\u00e4sta a <strong data-start=\"8849\" data-end=\"8892\">jahedas, kuivas ja pimedas kohas (2\u20138 \u00b0C)<\/strong> \u00fches <strong data-start=\"8900\" data-end=\"8926\">\u00f5hukindel pakend<\/strong>.<\/p>\n<hr data-start=\"8931\" data-end=\"8934\" \/>\n<h3 data-start=\"8936\" data-end=\"8953\"><strong data-start=\"8940\" data-end=\"8953\">Kokkuv\u00f5te<\/strong><\/h3>\n<p data-start=\"8955\" data-end=\"9209\"><strong data-start=\"8955\" data-end=\"8965\">5-MMPA<\/strong> on <strong data-start=\"8973\" data-end=\"9017\">kvaliteetne ja anal\u00fc\u00fctiline uurimismaterjal<\/strong> suurep\u00e4rase <strong data-start=\"9034\" data-end=\"9084\">puhtus, stabiilsus ja reprodutseeritavus<\/strong>.<br data-start=\"9085\" data-end=\"9088\" \/>Usaldusv\u00e4\u00e4rne valik laboritele, mis keskenduvad <strong data-start=\"9147\" data-end=\"9206\">struktuurilised, toksikoloogilised v\u00f5i retseptoritele suunatud uuringud<\/strong>.<\/p>","protected":false},"excerpt":{"rendered":"<h2><span style=\"vertical-align: inherit;\"><span style=\"vertical-align: inherit;\"><span dir=\"auto\" style=\"vertical-align: inherit;\"><span dir=\"auto\" style=\"vertical-align: inherit;\">5-MMPA omadused<\/span><\/span><\/span><\/span><\/h2>\n<p><strong><span style=\"vertical-align: inherit;\"><span style=\"vertical-align: inherit;\"><span dir=\"auto\" style=\"vertical-align: inherit;\"><span dir=\"auto\" style=\"vertical-align: inherit;\">S\u00fcnon\u00fc\u00fcm<\/span><\/span><\/span><\/span><\/strong><span style=\"vertical-align: inherit;\"><span style=\"vertical-align: inherit;\"><span dir=\"auto\" style=\"vertical-align: inherit;\"><span dir=\"auto\" style=\"vertical-align: inherit;\"> : 5-met\u00fc\u00fclmetiopropamiin <\/span><\/span><\/span><\/span><br \/>\n<strong><span style=\"vertical-align: inherit;\"><span style=\"vertical-align: inherit;\"><span dir=\"auto\" style=\"vertical-align: inherit;\"><span dir=\"auto\" style=\"vertical-align: inherit;\">CAS-number<\/span><\/span><\/span><\/span><\/strong><span style=\"vertical-align: inherit;\"><span style=\"vertical-align: inherit;\"><span dir=\"auto\" style=\"vertical-align: inherit;\"><span dir=\"auto\" style=\"vertical-align: inherit;\"> : 1340105-79-4 <\/span><\/span><\/span><\/span><br \/>\n<strong><span style=\"vertical-align: inherit;\"><span style=\"vertical-align: inherit;\"><span dir=\"auto\" style=\"vertical-align: inherit;\"><span dir=\"auto\" style=\"vertical-align: inherit;\">Valem<\/span><\/span><\/span><\/span><\/strong><span style=\"vertical-align: inherit;\"><span style=\"vertical-align: inherit;\"><span dir=\"auto\" style=\"vertical-align: inherit;\"><span dir=\"auto\" style=\"vertical-align: inherit;\"> C9H15NS \u2022 HCl <\/span><\/span><\/span><\/span><br \/>\n<strong><span style=\"vertical-align: inherit;\"><span style=\"vertical-align: inherit;\"><span dir=\"auto\" style=\"vertical-align: inherit;\"><span dir=\"auto\" style=\"vertical-align: inherit;\">Molaarmass<\/span><\/span><\/span><\/span><\/strong><span style=\"vertical-align: inherit;\"><span style=\"vertical-align: inherit;\"><span dir=\"auto\" style=\"vertical-align: inherit;\"><span dir=\"auto\" style=\"vertical-align: inherit;\"> 169,29 g\/mol <\/span><\/span><\/span><\/span><br \/>\n<strong><span style=\"vertical-align: inherit;\"><span style=\"vertical-align: inherit;\"><span dir=\"auto\" style=\"vertical-align: inherit;\"><span dir=\"auto\" style=\"vertical-align: inherit;\">Puhtus<\/span><\/span><\/span><\/span><\/strong><span style=\"vertical-align: inherit;\"><span style=\"vertical-align: inherit;\"><span dir=\"auto\" style=\"vertical-align: inherit;\"><span dir=\"auto\" style=\"vertical-align: inherit;\"> : \u226599%<\/span><\/span><\/span><\/span><\/p>","protected":false},"featured_media":28467,"comment_status":"closed","ping_status":"closed","template":"","meta":[],"product_brand":[],"product_cat":[491,322,79],"product_tag":[663,326],"class_list":{"0":"post-23884","1":"product","2":"type-product","3":"status-publish","4":"has-post-thumbnail","6":"product_cat-5-mmpa","7":"product_cat-bijna-verboden","8":"product_cat-cathinonen","9":"product_tag-5-mmpa","10":"product_tag-nl","12":"first","13":"instock","14":"taxable","15":"shipping-taxable","16":"purchasable","17":"product-type-variable"},"_links":{"self":[{"href":"https:\/\/researchchemicalhub.com\/et\/wp-json\/wp\/v2\/product\/23884","targetHints":{"allow":["GET"]}}],"collection":[{"href":"https:\/\/researchchemicalhub.com\/et\/wp-json\/wp\/v2\/product"}],"about":[{"href":"https:\/\/researchchemicalhub.com\/et\/wp-json\/wp\/v2\/types\/product"}],"replies":[{"embeddable":true,"href":"https:\/\/researchchemicalhub.com\/et\/wp-json\/wp\/v2\/comments?post=23884"}],"version-history":[{"count":6,"href":"https:\/\/researchchemicalhub.com\/et\/wp-json\/wp\/v2\/product\/23884\/revisions"}],"predecessor-version":[{"id":27930,"href":"https:\/\/researchchemicalhub.com\/et\/wp-json\/wp\/v2\/product\/23884\/revisions\/27930"}],"wp:featuredmedia":[{"embeddable":true,"href":"https:\/\/researchchemicalhub.com\/et\/wp-json\/wp\/v2\/media\/28467"}],"wp:attachment":[{"href":"https:\/\/researchchemicalhub.com\/et\/wp-json\/wp\/v2\/media?parent=23884"}],"wp:term":[{"taxonomy":"product_brand","embeddable":true,"href":"https:\/\/researchchemicalhub.com\/et\/wp-json\/wp\/v2\/product_brand?post=23884"},{"taxonomy":"product_cat","embeddable":true,"href":"https:\/\/researchchemicalhub.com\/et\/wp-json\/wp\/v2\/product_cat?post=23884"},{"taxonomy":"product_tag","embeddable":true,"href":"https:\/\/researchchemicalhub.com\/et\/wp-json\/wp\/v2\/product_tag?post=23884"}],"curies":[{"name":"t\u00f6\u00f6leht","href":"https:\/\/api.w.org\/{rel}","templated":true}]}}