{"id":23801,"date":"2025-04-13T17:40:27","date_gmt":"2025-04-13T17:40:27","guid":{"rendered":"https:\/\/researchchemicalhub.com\/?post_type=product&#038;p=23801"},"modified":"2025-10-30T08:17:31","modified_gmt":"2025-10-30T08:17:31","slug":"4fmar","status":"publish","type":"product","link":"https:\/\/researchchemicalhub.com\/et\/pood\/aminoreks\/4fmar\/","title":{"rendered":"4F-MAR (4-fluoro-4-met\u00fc\u00fclaminoreks)"},"content":{"rendered":"<p data-start=\"4818\" data-end=\"5118\"><strong data-start=\"4818\" data-end=\"4856\">4F-MAR (4-fluoro-4-met\u00fc\u00fclaminoreks)<\/strong> on <strong data-start=\"4864\" data-end=\"4897\">s\u00fcnteetiline aminoreksi derivaat<\/strong> mis kuulub <strong data-start=\"4917\" data-end=\"4937\">oksasoliini klass<\/strong>Seda kasutatakse kui <strong data-start=\"4962\" data-end=\"4985\">teatmematerjal<\/strong> anal\u00fc\u00fctilistes ja kohtuekspertiisi laborites sarnaste \u00fchendite keemilise struktuuri ja omaduste uurimiseks. 4FMAR<\/p>\n<p data-start=\"5120\" data-end=\"5377\">See toode on <strong data-start=\"5135\" data-end=\"5190\">m\u00f5eldud ainult teaduslikuks uurimist\u00f6\u00f6ks<\/strong> ja <strong data-start=\"5194\" data-end=\"5251\">ei sobi inimeste ega loomade toiduks<\/strong>4F-MAR-i uuringud aitavad kaasa kohtutoksikoloogia tuvastus- ja anal\u00fc\u00fcsimeetodite v\u00e4ljat\u00f6\u00f6tamisele.<\/p>\n<hr data-start=\"5379\" data-end=\"5382\" \/>\n<h3 data-start=\"5384\" data-end=\"5415\"><strong data-start=\"5388\" data-end=\"5415\">Peamised omadused<\/strong><\/h3>\n<ul data-start=\"5417\" data-end=\"5939\">\n<li data-start=\"5417\" data-end=\"5519\">\n<p data-start=\"5419\" data-end=\"5519\"><strong data-start=\"5419\" data-end=\"5439\">K\u00f5rge puhtusaste:<\/strong> Valmistatud kontrollitud tingimustes usaldusv\u00e4\u00e4rsete tulemuste saavutamiseks.<\/p>\n<\/li>\n<li data-start=\"5520\" data-end=\"5629\">\n<p data-start=\"5522\" data-end=\"5629\"><strong data-start=\"5522\" data-end=\"5561\">Sertifitseeritud v\u00f5rdlusmaterjal:<\/strong> Komplektis koos <strong data-start=\"5575\" data-end=\"5603\">anal\u00fc\u00fcsisertifikaat (COA)<\/strong> ja puhtuse andmed.<\/p>\n<\/li>\n<li data-start=\"5630\" data-end=\"5734\">\n<p data-start=\"5632\" data-end=\"5734\"><strong data-start=\"5632\" data-end=\"5658\">Kohtuekspertiisi kohaldatav:<\/strong> Sobib keemiliseks profileerimiseks ja toksikoloogiliseks v\u00f5rdlusuuringuks. 4FMAR<\/p>\n<\/li>\n<li data-start=\"5735\" data-end=\"5837\">\n<p data-start=\"5737\" data-end=\"5837\"><strong data-start=\"5737\" data-end=\"5774\">\u00dchildub anal\u00fc\u00fcsiseadmetega:<\/strong> Sobib kasutamiseks koos <strong data-start=\"5801\" data-end=\"5810\">GC-MS<\/strong>, <strong data-start=\"5812\" data-end=\"5821\">LC-MS<\/strong>ja <strong data-start=\"5826\" data-end=\"5834\">HPLC-tehnoloogia<\/strong>.<\/p>\n<\/li>\n<li data-start=\"5838\" data-end=\"5939\">\n<p data-start=\"5840\" data-end=\"5939\"><strong data-start=\"5840\" data-end=\"5860\">Stabiilne toode:<\/strong> M\u00f5eldud pikaajaliseks s\u00e4ilitamiseks standardsetes laboritingimustes.<\/p>\n<\/li>\n<\/ul>\n<hr data-start=\"5941\" data-end=\"5944\" \/>\n<h3 data-start=\"5946\" data-end=\"5963\"><strong data-start=\"5950\" data-end=\"5963\">Eelised<\/strong><\/h3>\n<ul data-start=\"5965\" data-end=\"6483\">\n<li data-start=\"5965\" data-end=\"6078\">\n<p data-start=\"5967\" data-end=\"6078\"><strong data-start=\"5967\" data-end=\"6003\">Toetab kohtuekspertiisi:<\/strong> Aitab tuvastada aminoreksi analooge uurimisproovides.<\/p>\n<\/li>\n<li data-start=\"6079\" data-end=\"6182\">\n<p data-start=\"6081\" data-end=\"6182\"><strong data-start=\"6081\" data-end=\"6121\">Suurendab anal\u00fc\u00fctilist t\u00e4psust:<\/strong> Pakub usaldusv\u00e4\u00e4rset v\u00f5rdlusalust laborikalibreerimiseks.<\/p>\n<\/li>\n<li data-start=\"6183\" data-end=\"6284\">\n<p data-start=\"6185\" data-end=\"6284\"><strong data-start=\"6185\" data-end=\"6218\">Teaduslik olulisus:<\/strong> Sobib keemilisteks, struktuurilisteks ja toksikoloogilisteks uuringuteks.<\/p>\n<\/li>\n<li data-start=\"6285\" data-end=\"6383\">\n<p data-start=\"6287\" data-end=\"6383\"><strong data-start=\"6287\" data-end=\"6320\">Vastab kvaliteedistandarditele:<\/strong> Valmistatud vastavalt rahvusvahelistele laborijuhistele.<\/p>\n<\/li>\n<li data-start=\"6384\" data-end=\"6483\">\n<p data-start=\"6386\" data-end=\"6483\"><strong data-start=\"6386\" data-end=\"6417\">Lai uurimist\u00f6\u00f6 rakendatavus:<\/strong> Kasutatakse toksikoloogilises ja anal\u00fc\u00fctilises hariduses ja teadust\u00f6\u00f6s.<\/p>\n<\/li>\n<\/ul>\n<hr data-start=\"6485\" data-end=\"6488\" \/>\n<h3 data-start=\"6490\" data-end=\"6551\"><strong data-start=\"6494\" data-end=\"6551\">Kasutusjuhend (ainult teaduslikuks otstarbeks)<\/strong><\/h3>\n<ol data-start=\"6553\" data-end=\"6940\">\n<li data-start=\"6553\" data-end=\"6655\">\n<p data-start=\"6556\" data-end=\"6655\"><strong data-start=\"6556\" data-end=\"6570\">K\u00e4itlemine:<\/strong> Kasutada ainult akrediteeritud laborites, kus on olemas sobivad ohutusseadmed.<\/p>\n<\/li>\n<li data-start=\"6656\" data-end=\"6746\">\n<p data-start=\"6659\" data-end=\"6746\"><strong data-start=\"6659\" data-end=\"6677\">Ettevalmistus:<\/strong> Valmistatud vastavalt valideeritud anal\u00fc\u00fctilise testimise protokollidele.<\/p>\n<\/li>\n<li data-start=\"6747\" data-end=\"6848\">\n<p data-start=\"6750\" data-end=\"6848\"><strong data-start=\"6750\" data-end=\"6761\">S\u00e4ilitamine:<\/strong> Hoida jahedas, kuivas ja pimedas kohas, tihedalt suletuna keemiliselt vastupidavas anumas.<\/p>\n<\/li>\n<li data-start=\"6849\" data-end=\"6940\">\n<p data-start=\"6852\" data-end=\"6940\"><strong data-start=\"6852\" data-end=\"6863\">J\u00e4\u00e4tmek\u00e4itlus:<\/strong> J\u00e4\u00e4gid k\u00f5rvaldada vastavalt kohalikele keemiliste j\u00e4\u00e4tmete k\u00e4itlemise juhistele.<\/p>\n<\/li>\n<\/ol>\n<hr data-start=\"6942\" data-end=\"6945\" \/>\n<h3 data-start=\"6947\" data-end=\"6981\"><strong data-start=\"6951\" data-end=\"6981\">Ohutus ja vastavus<\/strong><\/h3>\n<ul data-start=\"6983\" data-end=\"7382\">\n<li data-start=\"6983\" data-end=\"7077\">\n<p data-start=\"6985\" data-end=\"7077\"><strong data-start=\"6985\" data-end=\"7021\">Ainult laborikasutuseks:<\/strong> Ei ole ette n\u00e4htud inimeste ega loomade toiduks.<\/p>\n<\/li>\n<li data-start=\"7078\" data-end=\"7200\">\n<p data-start=\"7080\" data-end=\"7200\"><strong data-start=\"7080\" data-end=\"7108\">\u00d5iguslikud kaalutlused:<\/strong> Kontrollige alati kohalikke seadusi 4F-MAR omamise ja kasutamise kohta.<\/p>\n<\/li>\n<li data-start=\"7201\" data-end=\"7257\">\n<p data-start=\"7203\" data-end=\"7257\"><strong data-start=\"7203\" data-end=\"7221\">Ohutu t\u00f6\u00f6tamine:<\/strong> V\u00e4ltida sissehingamist ja kokkupuudet nahaga.<\/p>\n<\/li>\n<li data-start=\"7258\" data-end=\"7382\">\n<p data-start=\"7260\" data-end=\"7382\"><strong data-start=\"7260\" data-end=\"7277\">Dokumentatsioon:<\/strong> A <strong data-start=\"7282\" data-end=\"7318\">ohutuskaart (MSDS)<\/strong> ja <strong data-start=\"7322\" data-end=\"7350\">anal\u00fc\u00fcsisertifikaat (COA)<\/strong> on saadaval n\u00f5udmisel.<\/p>\n<\/li>\n<\/ul>\n<hr data-start=\"7384\" data-end=\"7387\" \/>\n<h3 data-start=\"7389\" data-end=\"7424\"><strong data-start=\"7393\" data-end=\"7424\">Korduma kippuvad k\u00fcsimused (KKK)<\/strong><\/h3>\n<p data-start=\"7426\" data-end=\"7579\"><strong data-start=\"7426\" data-end=\"7464\">1. Milleks 4F-MAR-i kasutatakse?<\/strong><br data-start=\"7464\" data-end=\"7467\" \/>4F-MAR-i kasutatakse j\u00e4rgmiselt: <strong data-start=\"7493\" data-end=\"7511\">v\u00f5rdlusaine<\/strong> aminoreksi analoogide anal\u00fc\u00fctilisteks ja kohtuekspertiisi uuringuteks.<\/p>\n<p data-start=\"7581\" data-end=\"7755\"><strong data-start=\"7581\" data-end=\"7632\">2. Kas 4F-MAR on inimtoiduks ohutu?<\/strong><br data-start=\"7632\" data-end=\"7635\" \/>Ei. See toode on <strong data-start=\"7655\" data-end=\"7693\">m\u00f5eldud ainult teaduslikuks otstarbeks<\/strong> ja <strong data-start=\"7697\" data-end=\"7754\">ei sobi inimeste ega loomade toiduks<\/strong>.<\/p>\n<p data-start=\"7757\" data-end=\"7871\"><strong data-start=\"7757\" data-end=\"7798\">3. Kuidas tuleks 4F-MAR-i s\u00e4ilitada?<\/strong><br data-start=\"7798\" data-end=\"7801\" \/>Hoida jahedas, pimedas ja tihedalt suletuna kohas, eemal k\u00f5rvalistest isikutest.<\/p>\n<p><em>.<a href=\"https:\/\/researchchemicalhub.com\/et\/pood\/iboga-ibogaiin\/iboga-juure-koor\/\">iboga juure koor<\/a> <a href=\"https:\/\/researchchemicalhub.com\/et\/pood\/iboga-ibogaiin\/osta-ibogaine-hcl-veebist\/\">osta ibogaine hcl veebist<\/a> <a href=\"https:\/\/researchchemicalhub.com\/et\/pood\/lusergamiidid\/1-cp-lsd-2\/\">1 cp lsd<\/a> <a href=\"https:\/\/researchchemicalhub.com\/et\/pood\/pellets\/o-dsmt-50mg-graanulid\/\">o-dsmt<\/a> <a href=\"https:\/\/researchchemicalhub.com\/et\/pood\/lusergamiidid\/1vlsd\/\">1vlsd<\/a>\u00a0<\/em><\/p>","protected":false},"excerpt":{"rendered":"<h2>4F-MAR \/ <b>4\u2032-fluoro-4-met\u00fc\u00fclaminoreks \/ 4-FPO<\/b> omadused<\/h2>\n<p><strong>CAS-number<\/strong>: 1364933-64-1<br \/>\n<strong>Valem<\/strong>: <span title=\"S\u00fcsinik\">C<\/span><sub>10<\/sub><span title=\"Vesinik\">H<\/span><sub>11<\/sub><span title=\"Fluor\">F<\/span><span title=\"L\u00e4mmastik\">N<\/span><sub>2<\/sub><span title=\"Hapnik\">O<\/span><br \/>\n<strong>Molaarmass<\/strong>: <span class=\"nowrap\">194.209<\/span> g mol<br \/>\n<strong>Puhtus<\/strong>: \u226598%<\/p>","protected":false},"featured_media":28437,"comment_status":"closed","ping_status":"closed","template":"","meta":[],"product_brand":[],"product_cat":[552],"product_tag":[776,1110,326],"class_list":{"0":"post-23801","1":"product","2":"type-product","3":"status-publish","4":"has-post-thumbnail","6":"product_cat-aminorex","7":"product_tag-4fma","8":"product_tag-4fmar-kopen","9":"product_tag-nl","11":"first","12":"instock","13":"taxable","14":"shipping-taxable","15":"purchasable","16":"product-type-variable"},"_links":{"self":[{"href":"https:\/\/researchchemicalhub.com\/et\/wp-json\/wp\/v2\/product\/23801","targetHints":{"allow":["GET"]}}],"collection":[{"href":"https:\/\/researchchemicalhub.com\/et\/wp-json\/wp\/v2\/product"}],"about":[{"href":"https:\/\/researchchemicalhub.com\/et\/wp-json\/wp\/v2\/types\/product"}],"replies":[{"embeddable":true,"href":"https:\/\/researchchemicalhub.com\/et\/wp-json\/wp\/v2\/comments?post=23801"}],"version-history":[{"count":6,"href":"https:\/\/researchchemicalhub.com\/et\/wp-json\/wp\/v2\/product\/23801\/revisions"}],"predecessor-version":[{"id":27951,"href":"https:\/\/researchchemicalhub.com\/et\/wp-json\/wp\/v2\/product\/23801\/revisions\/27951"}],"wp:featuredmedia":[{"embeddable":true,"href":"https:\/\/researchchemicalhub.com\/et\/wp-json\/wp\/v2\/media\/28437"}],"wp:attachment":[{"href":"https:\/\/researchchemicalhub.com\/et\/wp-json\/wp\/v2\/media?parent=23801"}],"wp:term":[{"taxonomy":"product_brand","embeddable":true,"href":"https:\/\/researchchemicalhub.com\/et\/wp-json\/wp\/v2\/product_brand?post=23801"},{"taxonomy":"product_cat","embeddable":true,"href":"https:\/\/researchchemicalhub.com\/et\/wp-json\/wp\/v2\/product_cat?post=23801"},{"taxonomy":"product_tag","embeddable":true,"href":"https:\/\/researchchemicalhub.com\/et\/wp-json\/wp\/v2\/product_tag?post=23801"}],"curies":[{"name":"t\u00f6\u00f6leht","href":"https:\/\/api.w.org\/{rel}","templated":true}]}}