{"id":23777,"date":"2025-04-13T17:40:23","date_gmt":"2025-04-13T17:40:23","guid":{"rendered":"https:\/\/researchchemicalhub.com\/?post_type=product&#038;p=23777"},"modified":"2025-10-30T08:26:48","modified_gmt":"2025-10-30T08:26:48","slug":"green-mandala-mix","status":"publish","type":"product","link":"https:\/\/researchchemicalhub.com\/et\/shop\/1cp-lsd\/green-mandala-mix\/","title":{"rendered":"Rohelise mandala segu"},"content":{"rendered":"<p data-start=\"4798\" data-end=\"5022\"><strong data-start=\"4798\" data-end=\"4819\"><span dir=\"auto\" style=\"vertical-align: inherit;\"><span dir=\"auto\" style=\"vertical-align: inherit;\">Rohelise mandala segu<\/span><\/span><\/strong><span dir=\"auto\" style=\"vertical-align: inherit;\"><span dir=\"auto\" style=\"vertical-align: inherit;\"> on <\/span><\/span><strong data-start=\"4827\" data-end=\"4848\"><span dir=\"auto\" style=\"vertical-align: inherit;\"><span dir=\"auto\" style=\"vertical-align: inherit;\">uurimisvalem<\/span><\/span><\/strong><span dir=\"auto\" style=\"vertical-align: inherit;\"><span dir=\"auto\" style=\"vertical-align: inherit;\"> kasutatud <\/span><\/span><strong data-start=\"4873\" data-end=\"4914\"><span dir=\"auto\" style=\"vertical-align: inherit;\"><span dir=\"auto\" style=\"vertical-align: inherit;\">anal\u00fc\u00fctilistel ja kohtuekspertiisi eesm\u00e4rkidel<\/span><\/span><\/strong><span dir=\"auto\" style=\"vertical-align: inherit;\"><span dir=\"auto\" style=\"vertical-align: inherit;\"> See toimib kui <\/span><\/span><strong data-start=\"4930\" data-end=\"4951\"><span dir=\"auto\" style=\"vertical-align: inherit;\"><span dir=\"auto\" style=\"vertical-align: inherit;\">v\u00f5rdlussegu<\/span><\/span><\/strong><span dir=\"auto\" style=\"vertical-align: inherit;\"><span dir=\"auto\" style=\"vertical-align: inherit;\"> kalibreerimiseks, keemiliseks v\u00f5rdluseks ja spektromeetriliseks anal\u00fc\u00fcsiks.<\/span><\/span><\/p>\n<p data-start=\"5024\" data-end=\"5201\"><span dir=\"auto\" style=\"vertical-align: inherit;\"><span dir=\"auto\" style=\"vertical-align: inherit;\">Seda toodet kasutatakse <\/span><\/span><strong data-start=\"5055\" data-end=\"5124\"><span dir=\"auto\" style=\"vertical-align: inherit;\"><span dir=\"auto\" style=\"vertical-align: inherit;\">kohtuekspertiisi laborid, \u00fclikoolid ja teadusasutused<\/span><\/span><\/strong><span dir=\"auto\" style=\"vertical-align: inherit;\"><span dir=\"auto\" style=\"vertical-align: inherit;\"> Keskendudes keerukate keemiliste \u00fchendite uurimisele.<\/span><\/span><\/p>\n<p data-start=\"5203\" data-end=\"5327\"><span dir=\"auto\" style=\"vertical-align: inherit;\"><span dir=\"auto\" style=\"vertical-align: inherit;\">See on <\/span><\/span><strong data-start=\"5210\" data-end=\"5265\"><span dir=\"auto\" style=\"vertical-align: inherit;\"><span dir=\"auto\" style=\"vertical-align: inherit;\">m\u00f5eldud ainult teaduslikuks uurimist\u00f6\u00f6ks<\/span><\/span><\/strong><span dir=\"auto\" style=\"vertical-align: inherit;\"><span dir=\"auto\" style=\"vertical-align: inherit;\"> ja <\/span><\/span><strong data-start=\"5269\" data-end=\"5326\"><span dir=\"auto\" style=\"vertical-align: inherit;\"><span dir=\"auto\" style=\"vertical-align: inherit;\">ei sobi inimeste ega loomade toiduks<\/span><\/span><\/strong><span dir=\"auto\" style=\"vertical-align: inherit;\"><span dir=\"auto\" style=\"vertical-align: inherit;\"> .<\/span><\/span><\/p>\n<hr data-start=\"5329\" data-end=\"5332\" \/>\n<h3 data-start=\"5334\" data-end=\"5365\"><strong data-start=\"5338\" data-end=\"5365\"><span dir=\"auto\" style=\"vertical-align: inherit;\"><span dir=\"auto\" style=\"vertical-align: inherit;\">Peamised omadused<\/span><\/span><\/strong><\/h3>\n<ul data-start=\"5367\" data-end=\"5870\">\n<li data-start=\"5367\" data-end=\"5491\">\n<p data-start=\"5369\" data-end=\"5491\"><strong data-start=\"5369\" data-end=\"5389\"><span dir=\"auto\" style=\"vertical-align: inherit;\"><span dir=\"auto\" style=\"vertical-align: inherit;\">K\u00f5rge puhtusaste:<\/span><\/span><\/strong><span dir=\"auto\" style=\"vertical-align: inherit;\"><span dir=\"auto\" style=\"vertical-align: inherit;\"> Toodetud kontrollitud laboritingimustes j\u00e4rjepidevate uurimistulemuste saavutamiseks.<\/span><\/span><\/p>\n<\/li>\n<li data-start=\"5492\" data-end=\"5574\">\n<p data-start=\"5494\" data-end=\"5574\"><strong data-start=\"5494\" data-end=\"5516\"><span dir=\"auto\" style=\"vertical-align: inherit;\"><span dir=\"auto\" style=\"vertical-align: inherit;\">Uurimisvalem:<\/span><\/span><\/strong><span dir=\"auto\" style=\"vertical-align: inherit;\"><span dir=\"auto\" style=\"vertical-align: inherit;\"> M\u00f5eldud anal\u00fc\u00fctilisteks ja keemilisteks testideks.<\/span><\/span><\/p>\n<\/li>\n<li data-start=\"5575\" data-end=\"5669\">\n<p data-start=\"5577\" data-end=\"5669\"><strong data-start=\"5577\" data-end=\"5606\"><span dir=\"auto\" style=\"vertical-align: inherit;\"><span dir=\"auto\" style=\"vertical-align: inherit;\">Sertifitseeritud andmed:<\/span><\/span><\/strong><span dir=\"auto\" style=\"vertical-align: inherit;\"><span dir=\"auto\" style=\"vertical-align: inherit;\"> Varustatud valideerimise ja j\u00e4lgitavuse dokumentatsiooniga.<\/span><\/span><\/p>\n<\/li>\n<li data-start=\"5670\" data-end=\"5767\">\n<p data-start=\"5672\" data-end=\"5767\"><strong data-start=\"5672\" data-end=\"5709\"><span dir=\"auto\" style=\"vertical-align: inherit;\"><span dir=\"auto\" style=\"vertical-align: inherit;\">\u00dchildub anal\u00fc\u00fcsitehnikatega:<\/span><\/span><\/strong><span dir=\"auto\" style=\"vertical-align: inherit;\"><span dir=\"auto\" style=\"vertical-align: inherit;\"> Sobib <\/span><\/span><strong data-start=\"5724\" data-end=\"5733\"><span dir=\"auto\" style=\"vertical-align: inherit;\"><span dir=\"auto\" style=\"vertical-align: inherit;\">GC-MS<\/span><\/span><\/strong><span dir=\"auto\" style=\"vertical-align: inherit;\"><span dir=\"auto\" style=\"vertical-align: inherit;\"> , <\/span><\/span><strong data-start=\"5735\" data-end=\"5743\"><span dir=\"auto\" style=\"vertical-align: inherit;\"><span dir=\"auto\" style=\"vertical-align: inherit;\">HPLC-tehnoloogia<\/span><\/span><\/strong><span dir=\"auto\" style=\"vertical-align: inherit;\"><span dir=\"auto\" style=\"vertical-align: inherit;\"> ja <\/span><\/span><strong data-start=\"5747\" data-end=\"5755\"><span dir=\"auto\" style=\"vertical-align: inherit;\"><span dir=\"auto\" style=\"vertical-align: inherit;\">FTIR-spektroskoopia<\/span><\/span><\/strong><span dir=\"auto\" style=\"vertical-align: inherit;\"><span dir=\"auto\" style=\"vertical-align: inherit;\"> anal\u00fc\u00fcsid.<\/span><\/span><\/p>\n<\/li>\n<li data-start=\"5768\" data-end=\"5870\">\n<p data-start=\"5770\" data-end=\"5870\"><strong data-start=\"5770\" data-end=\"5797\"><span dir=\"auto\" style=\"vertical-align: inherit;\"><span dir=\"auto\" style=\"vertical-align: inherit;\">Stabiilne koostis:<\/span><\/span><\/strong><span dir=\"auto\" style=\"vertical-align: inherit;\"><span dir=\"auto\" style=\"vertical-align: inherit;\"> S\u00e4ilitab stabiilsuse ja puhtuse soovitatud s\u00e4ilitustingimustes.<\/span><\/span><\/p>\n<\/li>\n<\/ul>\n<hr data-start=\"5872\" data-end=\"5875\" \/>\n<h3 data-start=\"5877\" data-end=\"5894\"><strong data-start=\"5881\" data-end=\"5894\"><span dir=\"auto\" style=\"vertical-align: inherit;\"><span dir=\"auto\" style=\"vertical-align: inherit;\">Eelised<\/span><\/span><\/strong><\/h3>\n<ul data-start=\"5896\" data-end=\"6364\">\n<li data-start=\"5896\" data-end=\"5999\">\n<p data-start=\"5898\" data-end=\"5999\"><strong data-start=\"5898\" data-end=\"5925\"><span dir=\"auto\" style=\"vertical-align: inherit;\"><span dir=\"auto\" style=\"vertical-align: inherit;\">Kohtuekspertiisi taotlus:<\/span><\/span><\/strong><span dir=\"auto\" style=\"vertical-align: inherit;\"><span dir=\"auto\" style=\"vertical-align: inherit;\"> Toetab keemiliste segude tuvastamist ja identifitseerimist.<\/span><\/span><\/p>\n<\/li>\n<li data-start=\"6000\" data-end=\"6091\">\n<p data-start=\"6002\" data-end=\"6091\"><strong data-start=\"6002\" data-end=\"6027\"><span dir=\"auto\" style=\"vertical-align: inherit;\"><span dir=\"auto\" style=\"vertical-align: inherit;\">T\u00e4pne anal\u00fc\u00fcs:<\/span><\/span><\/strong><span dir=\"auto\" style=\"vertical-align: inherit;\"><span dir=\"auto\" style=\"vertical-align: inherit;\"> Annab usaldusv\u00e4\u00e4rseid andmeid kromatograafia ja spektroskoopia jaoks.<\/span><\/span><\/p>\n<\/li>\n<li data-start=\"6092\" data-end=\"6180\">\n<p data-start=\"6094\" data-end=\"6180\"><strong data-start=\"6094\" data-end=\"6121\"><span dir=\"auto\" style=\"vertical-align: inherit;\"><span dir=\"auto\" style=\"vertical-align: inherit;\">Usaldusv\u00e4\u00e4rne viide:<\/span><\/span><\/strong><span dir=\"auto\" style=\"vertical-align: inherit;\"><span dir=\"auto\" style=\"vertical-align: inherit;\"> Sobib v\u00f5rdlemiseks ja kalibreerimiseks laborites.<\/span><\/span><\/p>\n<\/li>\n<li data-start=\"6181\" data-end=\"6264\">\n<p data-start=\"6183\" data-end=\"6264\"><strong data-start=\"6183\" data-end=\"6205\"><span dir=\"auto\" style=\"vertical-align: inherit;\"><span dir=\"auto\" style=\"vertical-align: inherit;\">Hariduslik v\u00e4\u00e4rtus:<\/span><\/span><\/strong><span dir=\"auto\" style=\"vertical-align: inherit;\"><span dir=\"auto\" style=\"vertical-align: inherit;\"> Ideaalne anal\u00fc\u00fctilise keemia koolitusprogrammide jaoks.<\/span><\/span><\/p>\n<\/li>\n<li data-start=\"6265\" data-end=\"6364\">\n<p data-start=\"6267\" data-end=\"6364\"><strong data-start=\"6267\" data-end=\"6301\"><span dir=\"auto\" style=\"vertical-align: inherit;\"><span dir=\"auto\" style=\"vertical-align: inherit;\">Vastab ohutusstandarditele:<\/span><\/span><\/strong><span dir=\"auto\" style=\"vertical-align: inherit;\"><span dir=\"auto\" style=\"vertical-align: inherit;\"> Valmistatud vastavalt rahvusvahelistele laborijuhistele.<\/span><\/span><\/p>\n<\/li>\n<\/ul>\n<hr data-start=\"6366\" data-end=\"6369\" \/>\n<h3 data-start=\"6371\" data-end=\"6432\"><strong data-start=\"6375\" data-end=\"6432\"><span dir=\"auto\" style=\"vertical-align: inherit;\"><span dir=\"auto\" style=\"vertical-align: inherit;\">Kasutusjuhend (ainult teaduslikuks otstarbeks)<\/span><\/span><\/strong><\/h3>\n<ol data-start=\"6434\" data-end=\"6815\">\n<li data-start=\"6434\" data-end=\"6540\">\n<p data-start=\"6437\" data-end=\"6540\"><strong data-start=\"6437\" data-end=\"6455\"><span dir=\"auto\" style=\"vertical-align: inherit;\"><span dir=\"auto\" style=\"vertical-align: inherit;\">Ettevalmistus:<\/span><\/span><\/strong><span dir=\"auto\" style=\"vertical-align: inherit;\"><span dir=\"auto\" style=\"vertical-align: inherit;\"> Kasutada ainult akrediteeritud laborites, kus on olemas sobivad ohutusseadmed.<\/span><\/span><\/p>\n<\/li>\n<li data-start=\"6541\" data-end=\"6637\">\n<p data-start=\"6544\" data-end=\"6637\"><strong data-start=\"6544\" data-end=\"6559\"><span dir=\"auto\" style=\"vertical-align: inherit;\"><span dir=\"auto\" style=\"vertical-align: inherit;\">Rakendus:<\/span><\/span><\/strong><span dir=\"auto\" style=\"vertical-align: inherit;\"><span dir=\"auto\" style=\"vertical-align: inherit;\"> Kasutada vastavalt valideeritud anal\u00fc\u00fctilistele meetoditele eksperdi j\u00e4relevalve all.<\/span><\/span><\/p>\n<\/li>\n<li data-start=\"6638\" data-end=\"6723\">\n<p data-start=\"6641\" data-end=\"6723\"><strong data-start=\"6641\" data-end=\"6652\"><span dir=\"auto\" style=\"vertical-align: inherit;\"><span dir=\"auto\" style=\"vertical-align: inherit;\">S\u00e4ilitamine:<\/span><\/span><\/strong><span dir=\"auto\" style=\"vertical-align: inherit;\"><span dir=\"auto\" style=\"vertical-align: inherit;\"> Hoida jahedas, kuivas ja pimedas kohas, tihedalt suletuna ja selgelt m\u00e4rgistatuna.<\/span><\/span><\/p>\n<\/li>\n<li data-start=\"6724\" data-end=\"6815\">\n<p data-start=\"6727\" data-end=\"6815\"><strong data-start=\"6727\" data-end=\"6738\"><span dir=\"auto\" style=\"vertical-align: inherit;\"><span dir=\"auto\" style=\"vertical-align: inherit;\">J\u00e4\u00e4tmek\u00e4itlus:<\/span><\/span><\/strong><span dir=\"auto\" style=\"vertical-align: inherit;\"><span dir=\"auto\" style=\"vertical-align: inherit;\"> J\u00e4\u00e4gid k\u00f5rvaldada vastavalt kohalikele keemiliste j\u00e4\u00e4tmete k\u00e4itlemise juhistele.<\/span><\/span><\/p>\n<\/li>\n<\/ol>\n<hr data-start=\"6817\" data-end=\"6820\" \/>\n<h3 data-start=\"6822\" data-end=\"6856\"><strong data-start=\"6826\" data-end=\"6856\"><span dir=\"auto\" style=\"vertical-align: inherit;\"><span dir=\"auto\" style=\"vertical-align: inherit;\">Ohutus ja vastavus<\/span><\/span><\/strong><\/h3>\n<ul data-start=\"6858\" data-end=\"7320\">\n<li data-start=\"6858\" data-end=\"6952\">\n<p data-start=\"6860\" data-end=\"6952\"><strong data-start=\"6860\" data-end=\"6896\"><span dir=\"auto\" style=\"vertical-align: inherit;\"><span dir=\"auto\" style=\"vertical-align: inherit;\">Ainult laborikasutuseks:<\/span><\/span><\/strong><span dir=\"auto\" style=\"vertical-align: inherit;\"><span dir=\"auto\" style=\"vertical-align: inherit;\"> Ei ole ette n\u00e4htud inimeste ega loomade toiduks.<\/span><\/span><\/p>\n<\/li>\n<li data-start=\"6953\" data-end=\"7095\">\n<p data-start=\"6955\" data-end=\"7095\"><strong data-start=\"6955\" data-end=\"6983\"><span dir=\"auto\" style=\"vertical-align: inherit;\"><span dir=\"auto\" style=\"vertical-align: inherit;\">\u00d5iguslikud kaalutlused:<\/span><\/span><\/strong><span dir=\"auto\" style=\"vertical-align: inherit;\"><span dir=\"auto\" style=\"vertical-align: inherit;\"> Rohelise Mandala Mixi \u00f5iguslik staatus v\u00f5ib riigiti erineda. Kontrollige alati kohalikke eeskirju.<\/span><\/span><\/p>\n<\/li>\n<li data-start=\"7096\" data-end=\"7192\">\n<p data-start=\"7098\" data-end=\"7192\"><strong data-start=\"7098\" data-end=\"7126\"><span dir=\"auto\" style=\"vertical-align: inherit;\"><span dir=\"auto\" style=\"vertical-align: inherit;\">Tervis ja ohutus:<\/span><\/span><\/strong><span dir=\"auto\" style=\"vertical-align: inherit;\"><span dir=\"auto\" style=\"vertical-align: inherit;\"> V\u00e4ltida kokkupuudet naha v\u00f5i silmadega ja kanda kaitsevahendeid.<\/span><\/span><\/p>\n<\/li>\n<li data-start=\"7193\" data-end=\"7320\">\n<p data-start=\"7195\" data-end=\"7320\"><strong data-start=\"7195\" data-end=\"7212\"><span dir=\"auto\" style=\"vertical-align: inherit;\"><span dir=\"auto\" style=\"vertical-align: inherit;\">Dokumentatsioon:<\/span><\/span><\/strong><span dir=\"auto\" style=\"vertical-align: inherit;\"><span dir=\"auto\" style=\"vertical-align: inherit;\"> A <\/span><\/span><strong data-start=\"7217\" data-end=\"7253\"><span dir=\"auto\" style=\"vertical-align: inherit;\"><span dir=\"auto\" style=\"vertical-align: inherit;\">Materjali ohutuskaart (MSDS)<\/span><\/span><\/strong><span dir=\"auto\" style=\"vertical-align: inherit;\"><span dir=\"auto\" style=\"vertical-align: inherit;\"> Ja t\u00e4iendavad anal\u00fc\u00fcsisertifikaadid on saadaval n\u00f5udmisel.<\/span><\/span><\/p>\n<\/li>\n<\/ul>\n<hr data-start=\"7322\" data-end=\"7325\" \/>\n<h3 data-start=\"7327\" data-end=\"7362\"><strong data-start=\"7331\" data-end=\"7362\"><span dir=\"auto\" style=\"vertical-align: inherit;\"><span dir=\"auto\" style=\"vertical-align: inherit;\">Korduma kippuvad k\u00fcsimused (KKK)<\/span><\/span><\/strong><\/h3>\n<p data-start=\"7364\" data-end=\"7550\"><strong data-start=\"7364\" data-end=\"7413\"><span dir=\"auto\" style=\"vertical-align: inherit;\"><span dir=\"auto\" style=\"vertical-align: inherit;\">1. Milleks kasutatakse rohelise mandala segu?<\/span><\/span><\/strong><br data-start=\"7413\" data-end=\"7416\" \/><span dir=\"auto\" style=\"vertical-align: inherit;\"><span dir=\"auto\" style=\"vertical-align: inherit;\"> Seda kasutatakse kui <\/span><\/span><strong data-start=\"7439\" data-end=\"7460\"><span dir=\"auto\" style=\"vertical-align: inherit;\"><span dir=\"auto\" style=\"vertical-align: inherit;\">v\u00f5rdlussegu<\/span><\/span><\/strong><span dir=\"auto\" style=\"vertical-align: inherit;\"><span dir=\"auto\" style=\"vertical-align: inherit;\"> kohtuekspertiisi ja anal\u00fc\u00fcsilaborites identifitseerimiseks ja v\u00f5rdlevaks uurimist\u00f6\u00f6ks.<\/span><\/span><\/p>\n<p data-start=\"7552\" data-end=\"7758\"><strong data-start=\"7552\" data-end=\"7616\"><span dir=\"auto\" style=\"vertical-align: inherit;\"><span dir=\"auto\" style=\"vertical-align: inherit;\">2. Kas rohelise mandala segu sobib inimtoiduks?<\/span><\/span><\/strong><br data-start=\"7616\" data-end=\"7619\" \/><span dir=\"auto\" style=\"vertical-align: inherit;\"><span dir=\"auto\" style=\"vertical-align: inherit;\"> Ei. See toode on <\/span><\/span><strong data-start=\"7639\" data-end=\"7694\"><span dir=\"auto\" style=\"vertical-align: inherit;\"><span dir=\"auto\" style=\"vertical-align: inherit;\">m\u00f5eldud ainult teaduslikuks uurimist\u00f6\u00f6ks<\/span><\/span><\/strong><span dir=\"auto\" style=\"vertical-align: inherit;\"><span dir=\"auto\" style=\"vertical-align: inherit;\"> ja <\/span><\/span><strong data-start=\"7698\" data-end=\"7755\"><span dir=\"auto\" style=\"vertical-align: inherit;\"><span dir=\"auto\" style=\"vertical-align: inherit;\">ei sobi inimeste ega loomade toiduks.<\/span><\/span><\/strong><span dir=\"auto\" style=\"vertical-align: inherit;\"><span dir=\"auto\" style=\"vertical-align: inherit;\"> .<\/span><\/span><\/p>\n<p data-start=\"7760\" data-end=\"7896\"><strong data-start=\"7760\" data-end=\"7812\"><span dir=\"auto\" style=\"vertical-align: inherit;\"><span dir=\"auto\" style=\"vertical-align: inherit;\">3. Kuidas tuleks rohelist mandala segu s\u00e4ilitada?<\/span><\/span><\/strong><br data-start=\"7812\" data-end=\"7815\" \/><span dir=\"auto\" style=\"vertical-align: inherit;\"><span dir=\"auto\" style=\"vertical-align: inherit;\"> Hoida jahedas, kuivas, pimedas ja tihedalt suletuna kohas, eemal volitamata isikutest.<\/span><\/span><\/p>","protected":false},"excerpt":{"rendered":"<h2><span dir=\"auto\" style=\"vertical-align: inherit;\"><span dir=\"auto\" style=\"vertical-align: inherit;\">Roheline Mandala 4-FMA + 2-CE + 1cP-LSD<\/span><\/span><\/h2>\n<p><strong><span dir=\"auto\" style=\"vertical-align: inherit;\"><span dir=\"auto\" style=\"vertical-align: inherit;\">Rohelise Mandala segu sisaldab piisavalt 4-FMA-d, 2-CE-d ja 1cP-LSD-d \u00fche inimese uurimist\u00f6\u00f6ks. Alusta uurimist\u00f6\u00f6d alati veerandi v\u00f5i poole viaaliga ja leia seej\u00e4rel oma vajadustele vastav parim annus!<\/span><\/span><\/strong><\/p>","protected":false},"featured_media":28537,"comment_status":"closed","ping_status":"closed","template":"","meta":[],"product_brand":[],"product_cat":[360,496,459,322,80,333,396,358,486,398],"product_tag":[629,644,1114,1113,778,664,326],"class_list":{"0":"post-23777","1":"product","2":"type-product","3":"status-publish","4":"has-post-thumbnail","6":"product_cat-1cp-lsd","7":"product_cat-2c-e","8":"product_cat-4fma-kopen","9":"product_cat-bijna-verboden","10":"product_cat-fenethylamine","11":"product_cat-gefluoreerden","12":"product_cat-liquid-rcs","13":"product_cat-lysergamides","14":"product_cat-mandala-mixes","15":"product_cat-verkoop","16":"product_tag-4-fma-kopen","17":"product_tag-4-fma","18":"product_tag-green-mandala","19":"product_tag-green-mandala-mix","20":"product_tag-jwh-210","21":"product_tag-maxtc","22":"product_tag-nl","24":"first","25":"instock","26":"sale","27":"taxable","28":"shipping-taxable","29":"purchasable","30":"product-type-variable"},"_links":{"self":[{"href":"https:\/\/researchchemicalhub.com\/et\/wp-json\/wp\/v2\/product\/23777","targetHints":{"allow":["GET"]}}],"collection":[{"href":"https:\/\/researchchemicalhub.com\/et\/wp-json\/wp\/v2\/product"}],"about":[{"href":"https:\/\/researchchemicalhub.com\/et\/wp-json\/wp\/v2\/types\/product"}],"replies":[{"embeddable":true,"href":"https:\/\/researchchemicalhub.com\/et\/wp-json\/wp\/v2\/comments?post=23777"}],"version-history":[{"count":7,"href":"https:\/\/researchchemicalhub.com\/et\/wp-json\/wp\/v2\/product\/23777\/revisions"}],"predecessor-version":[{"id":28708,"href":"https:\/\/researchchemicalhub.com\/et\/wp-json\/wp\/v2\/product\/23777\/revisions\/28708"}],"wp:featuredmedia":[{"embeddable":true,"href":"https:\/\/researchchemicalhub.com\/et\/wp-json\/wp\/v2\/media\/28537"}],"wp:attachment":[{"href":"https:\/\/researchchemicalhub.com\/et\/wp-json\/wp\/v2\/media?parent=23777"}],"wp:term":[{"taxonomy":"product_brand","embeddable":true,"href":"https:\/\/researchchemicalhub.com\/et\/wp-json\/wp\/v2\/product_brand?post=23777"},{"taxonomy":"product_cat","embeddable":true,"href":"https:\/\/researchchemicalhub.com\/et\/wp-json\/wp\/v2\/product_cat?post=23777"},{"taxonomy":"product_tag","embeddable":true,"href":"https:\/\/researchchemicalhub.com\/et\/wp-json\/wp\/v2\/product_tag?post=23777"}],"curies":[{"name":"t\u00f6\u00f6leht","href":"https:\/\/api.w.org\/{rel}","templated":true}]}}