{"id":23724,"date":"2025-04-13T17:40:18","date_gmt":"2025-04-13T17:40:18","guid":{"rendered":"https:\/\/researchchemicalhub.com\/?post_type=product&#038;p=23724"},"modified":"2025-10-30T08:43:45","modified_gmt":"2025-10-30T08:43:45","slug":"chem-mist-2f-dck-kopen","status":"publish","type":"product","link":"https:\/\/researchchemicalhub.com\/et\/shop\/2f-dck-kopen\/chem-mist-2f-dck-kopen\/","title":{"rendered":"Keemiline udu 2F-DCK pihustus 20%"},"content":{"rendered":"<p data-start=\"5034\" data-end=\"5327\"><strong data-start=\"5034\" data-end=\"5064\">Chem-Mist 2F-DCK pihusti 20%<\/strong> sisaldab <strong data-start=\"5071\" data-end=\"5109\">2-fluorodeskloroketamiin (2F-DCK)<\/strong>, \u00fchendus alates <strong data-start=\"5133\" data-end=\"5163\">ar\u00fc\u00fclts\u00fckloheks\u00fc\u00fclamiini klass<\/strong>.<br data-start=\"5164\" data-end=\"5167\" \/>Seda kasutatakse kui <strong data-start=\"5190\" data-end=\"5208\">v\u00f5rdlusaine<\/strong> sees <strong data-start=\"5216\" data-end=\"5258\">kohtuekspertiisi ja anal\u00fc\u00fcsilaborid<\/strong> eest <strong data-start=\"5264\" data-end=\"5324\">meetodi valideerimine, kalibreerimine ja \u00fchendite identifitseerimine<\/strong>Osta Chem Mist 2F DCK<\/p>\n<p data-start=\"5329\" data-end=\"5461\">See toode on <strong data-start=\"5344\" data-end=\"5399\">m\u00f5eldud ainult teaduslikuks uurimist\u00f6\u00f6ks<\/strong> ja <strong data-start=\"5403\" data-end=\"5460\">ei sobi inimeste ega loomade toiduks<\/strong>.<\/p>\n<hr data-start=\"5463\" data-end=\"5466\" \/>\n<h3 data-start=\"5468\" data-end=\"5499\"><strong data-start=\"5472\" data-end=\"5499\">Peamised omadused<\/strong><\/h3>\n<ul data-start=\"5501\" data-end=\"5952\">\n<li data-start=\"5501\" data-end=\"5587\">\n<p data-start=\"5503\" data-end=\"5587\"><strong data-start=\"5503\" data-end=\"5523\">K\u00f5rge puhtusaste:<\/strong> Toodetud kontrollitud laboritingimustes.<\/p>\n<\/li>\n<li data-start=\"5588\" data-end=\"5664\">\n<p data-start=\"5590\" data-end=\"5664\"><strong data-start=\"5590\" data-end=\"5611\">20% kontsentratsioon:<\/strong> Loodud usaldusv\u00e4\u00e4rseks kalibreerimiseks ja tuvastamiseks.<\/p>\n<\/li>\n<li data-start=\"5665\" data-end=\"5770\">\n<p data-start=\"5667\" data-end=\"5770\"><strong data-start=\"5667\" data-end=\"5706\">Sertifitseeritud v\u00f5rdlusmaterjal:<\/strong> Komplektis koos <strong data-start=\"5720\" data-end=\"5748\">anal\u00fc\u00fcsisertifikaat (COA)<\/strong> ja partiiinfo.<\/p>\n<\/li>\n<li data-start=\"5771\" data-end=\"5871\">\n<p data-start=\"5773\" data-end=\"5871\"><strong data-start=\"5773\" data-end=\"5804\">Anal\u00fc\u00fctiline Laialdaselt Rakendatav:<\/strong> Sobib <strong data-start=\"5819\" data-end=\"5827\">HPLC-tehnoloogia<\/strong>, <strong data-start=\"5829\" data-end=\"5838\">GC-MS<\/strong>ja <strong data-start=\"5843\" data-end=\"5855\">LC-MS\/MS<\/strong> rakendused.<\/p>\n<\/li>\n<li data-start=\"5872\" data-end=\"5952\">\n<p data-start=\"5874\" data-end=\"5952\"><strong data-start=\"5874\" data-end=\"5901\">Stabiilne pihustusvalem:<\/strong> Loodud pikaajaliseks keemiliseks stabiilsuseks.<\/p>\n<\/li>\n<\/ul>\n<hr data-start=\"5954\" data-end=\"5957\" \/>\n<h3 data-start=\"5959\" data-end=\"5976\"><strong data-start=\"5963\" data-end=\"5976\">Eelised<\/strong><\/h3>\n<ul data-start=\"5978\" data-end=\"6429\">\n<li data-start=\"5978\" data-end=\"6060\">\n<p data-start=\"5980\" data-end=\"6060\"><strong data-start=\"5980\" data-end=\"6017\">Toetab kohtuekspertiisi:<\/strong> Aitab anal\u00fc\u00fcsimeetodeid valideerida.<\/p>\n<\/li>\n<li data-start=\"6061\" data-end=\"6150\">\n<p data-start=\"6063\" data-end=\"6150\"><strong data-start=\"6063\" data-end=\"6090\">Usaldusv\u00e4\u00e4rne kalibreerimine:<\/strong> Tagab j\u00e4rjepidevad ja reprodutseeritavad m\u00f5\u00f5tmistulemused.<\/p>\n<\/li>\n<li data-start=\"6151\" data-end=\"6255\">\n<p data-start=\"6153\" data-end=\"6255\"><strong data-start=\"6153\" data-end=\"6175\">Hariduslik v\u00e4\u00e4rtus:<\/strong> Sobib akadeemiliseks koolituseks keemilise ja toksikoloogilise anal\u00fc\u00fcsi alal.<\/p>\n<\/li>\n<li data-start=\"6256\" data-end=\"6355\">\n<p data-start=\"6258\" data-end=\"6355\"><strong data-start=\"6258\" data-end=\"6292\">Vastab ohutusstandarditele:<\/strong> Valmistatud vastavalt rahvusvahelistele laborijuhistele.<\/p>\n<\/li>\n<li data-start=\"6356\" data-end=\"6429\">\n<p data-start=\"6358\" data-end=\"6429\"><strong data-start=\"6358\" data-end=\"6385\">T\u00e4ielik dokumentatsioon:<\/strong> Varustatud ohutuskaardi ja anal\u00fc\u00fcsisertifikaatidega.<\/p>\n<\/li>\n<\/ul>\n<hr data-start=\"6431\" data-end=\"6434\" \/>\n<h3 data-start=\"6436\" data-end=\"6497\"><strong data-start=\"6440\" data-end=\"6497\">Kasutusjuhend (ainult teaduslikuks otstarbeks)<\/strong><\/h3>\n<ol data-start=\"6499\" data-end=\"6839\">\n<li data-start=\"6499\" data-end=\"6597\">\n<p data-start=\"6502\" data-end=\"6597\"><strong data-start=\"6502\" data-end=\"6516\">K\u00e4itlemine:<\/strong> Kasutada ainult akrediteeritud laborites koos sobivate kaitsevahenditega.<\/p>\n<\/li>\n<li data-start=\"6598\" data-end=\"6681\">\n<p data-start=\"6601\" data-end=\"6681\"><strong data-start=\"6601\" data-end=\"6616\">Rakendus:<\/strong> Kasutage pihustust h\u00e4stiventileeritavas kohas v\u00f5i t\u00f5mbekapis. Ostke Chem Mist 2F DCK.<\/p>\n<\/li>\n<li data-start=\"6682\" data-end=\"6745\">\n<p data-start=\"6685\" data-end=\"6745\"><strong data-start=\"6685\" data-end=\"6696\">S\u00e4ilitamine:<\/strong> Hoida jahedas, kuivas ja pimedas kohas, h\u00e4sti suletuna.<\/p>\n<\/li>\n<li data-start=\"6746\" data-end=\"6839\">\n<p data-start=\"6749\" data-end=\"6839\"><strong data-start=\"6749\" data-end=\"6760\">J\u00e4\u00e4tmek\u00e4itlus:<\/strong> J\u00e4\u00e4gid k\u00f5rvaldada vastavalt kohalikele keemiliste j\u00e4\u00e4tmete k\u00e4itlemise eeskirjadele.<\/p>\n<\/li>\n<\/ol>\n<hr data-start=\"6841\" data-end=\"6844\" \/>\n<h3 data-start=\"6846\" data-end=\"6880\"><strong data-start=\"6850\" data-end=\"6880\">Ohutus ja vastavus<\/strong><\/h3>\n<ul data-start=\"6882\" data-end=\"7320\">\n<li data-start=\"6882\" data-end=\"6977\">\n<p data-start=\"6884\" data-end=\"6977\"><strong data-start=\"6884\" data-end=\"6920\">Ainult laborikasutuseks:<\/strong> Ei sobi inimeste ega loomade toiduks.<\/p>\n<\/li>\n<li data-start=\"6978\" data-end=\"7100\">\n<p data-start=\"6980\" data-end=\"7100\"><strong data-start=\"6980\" data-end=\"7008\">\u00d5iguslikud kaalutlused:<\/strong> 2F-DCK \u00f5iguslik staatus on riigiti erinev; kontrollige alati kohalikke eeskirju.<\/p>\n<\/li>\n<li data-start=\"7101\" data-end=\"7195\">\n<p data-start=\"7103\" data-end=\"7195\"><strong data-start=\"7103\" data-end=\"7131\">Tervis ja ohutus:<\/strong> V\u00e4ltida kokkupuudet, sissehingamist v\u00f5i allaneelamist; kanda sobivaid isikukaitsevahendeid.<\/p>\n<\/li>\n<li data-start=\"7196\" data-end=\"7320\">\n<p data-start=\"7198\" data-end=\"7320\"><strong data-start=\"7198\" data-end=\"7215\">Dokumentatsioon:<\/strong> A <strong data-start=\"7220\" data-end=\"7256\">ohutuskaart (MSDS)<\/strong> ja <strong data-start=\"7260\" data-end=\"7288\">anal\u00fc\u00fcsisertifikaat (COA)<\/strong> on saadaval n\u00f5udmisel.<\/p>\n<\/li>\n<\/ul>\n<hr data-start=\"7322\" data-end=\"7325\" \/>\n<h3 data-start=\"7327\" data-end=\"7362\"><strong data-start=\"7331\" data-end=\"7362\">Korduma kippuvad k\u00fcsimused (KKK)<\/strong><\/h3>\n<p data-start=\"7364\" data-end=\"7554\"><strong data-start=\"7364\" data-end=\"7422\">1. Milleks kasutatakse Chem-Mist 2F-DCK Spray 20%?<\/strong><br data-start=\"7422\" data-end=\"7425\" \/>Seda kasutatakse kui <strong data-start=\"7448\" data-end=\"7471\">v\u00f5rdluslahus<\/strong> kohtuekspertiisi ja anal\u00fc\u00fcsilaborites avastamis- ja kalibreerimisuuringute jaoks.<\/p>\n<p data-start=\"7556\" data-end=\"7740\"><strong data-start=\"7556\" data-end=\"7614\">2. Kas see toode sobib inimtoiduks?<\/strong><br data-start=\"7614\" data-end=\"7617\" \/>Nr. Chem-Mist 2F-DCK pihusti 20% on <strong data-start=\"7652\" data-end=\"7690\">m\u00f5eldud ainult teaduslikuks otstarbeks<\/strong> ja <strong data-start=\"7694\" data-end=\"7737\">ei ole inimestele heaks kiidetud<\/strong>.<\/p>\n<p data-start=\"7742\" data-end=\"7872\"><strong data-start=\"7742\" data-end=\"7788\">3. Kuidas seda toodet s\u00e4ilitada?<\/strong><br data-start=\"7788\" data-end=\"7791\" \/>Hoida jahedas, kuivas ja pimedas kohas, tihedalt suletuna ja k\u00f5rvalistele isikutele k\u00e4ttesaamatus kohas.<\/p>","protected":false},"excerpt":{"rendered":"<h2><span style=\"vertical-align: inherit;\"><span style=\"vertical-align: inherit;\"><span dir=\"auto\" style=\"vertical-align: inherit;\"><span dir=\"auto\" style=\"vertical-align: inherit;\">Chem-mist 2F-DCK 20% Vanilla Sky omadused<\/span><\/span><\/span><\/span><\/h2>\n<p><strong><span style=\"vertical-align: inherit;\"><span style=\"vertical-align: inherit;\"><span dir=\"auto\" style=\"vertical-align: inherit;\"><span dir=\"auto\" style=\"vertical-align: inherit;\">S\u00fcnon\u00fc\u00fcm:<\/span><\/span><\/span><\/span><\/strong><span style=\"vertical-align: inherit;\"><span style=\"vertical-align: inherit;\"><span dir=\"auto\" style=\"vertical-align: inherit;\"><span dir=\"auto\" style=\"vertical-align: inherit;\"> 2-fluorodeskloroketamiinvesinikkloriid <\/span><\/span><\/span><\/span><br \/>\n<strong><span style=\"vertical-align: inherit;\"><span style=\"vertical-align: inherit;\"><span dir=\"auto\" style=\"vertical-align: inherit;\"><span dir=\"auto\" style=\"vertical-align: inherit;\">CAS-number:<\/span><\/span><\/span><\/span><\/strong><span style=\"vertical-align: inherit;\"><span style=\"vertical-align: inherit;\"><span dir=\"auto\" style=\"vertical-align: inherit;\"><span dir=\"auto\" style=\"vertical-align: inherit;\"> 111982-49-1 <\/span><\/span><\/span><\/span><br \/>\n<strong><span style=\"vertical-align: inherit;\"><span style=\"vertical-align: inherit;\"><span dir=\"auto\" style=\"vertical-align: inherit;\"><span dir=\"auto\" style=\"vertical-align: inherit;\">Valem:<\/span><\/span><\/span><\/span><\/strong><span style=\"vertical-align: inherit;\"><span style=\"vertical-align: inherit;\"><span dir=\"auto\" style=\"vertical-align: inherit;\"><span dir=\"auto\" style=\"vertical-align: inherit;\"> 2-(2-fluorofen\u00fc\u00fcl)-2-(met\u00fc\u00fclamino)ts\u00fckloheksanoon <\/span><\/span><\/span><\/span><br \/>\n<strong><span style=\"vertical-align: inherit;\"><span style=\"vertical-align: inherit;\"><span dir=\"auto\" style=\"vertical-align: inherit;\"><span dir=\"auto\" style=\"vertical-align: inherit;\">Molaarmass:<\/span><\/span><\/span><\/span><\/strong><span style=\"vertical-align: inherit;\"><span style=\"vertical-align: inherit;\"><span dir=\"auto\" style=\"vertical-align: inherit;\"><span dir=\"auto\" style=\"vertical-align: inherit;\"> 257,7 g\/mol <\/span><\/span><\/span><\/span><br \/>\n<strong><span style=\"vertical-align: inherit;\"><span style=\"vertical-align: inherit;\"><span dir=\"auto\" style=\"vertical-align: inherit;\"><span dir=\"auto\" style=\"vertical-align: inherit;\">Puhtus:<\/span><\/span><\/span><\/span><\/strong><span style=\"vertical-align: inherit;\"><span style=\"vertical-align: inherit;\"><span dir=\"auto\" style=\"vertical-align: inherit;\"><span dir=\"auto\" style=\"vertical-align: inherit;\"> &gt;98%<\/span><\/span><\/span><\/span><\/p>","protected":false},"featured_media":28494,"comment_status":"closed","ping_status":"closed","template":"","meta":[],"product_brand":[],"product_cat":[474,498,71,471,396],"product_tag":[1126,326,472],"class_list":{"0":"post-23724","1":"product","2":"type-product","3":"status-publish","4":"has-post-thumbnail","6":"product_cat-2f-dck-kopen","7":"product_cat-2f-dck-sprays","8":"product_cat-arylcyclohexylamine","9":"product_cat-chem-mist-sprays","10":"product_cat-liquid-rcs","11":"product_tag-chem-mist-2f-dck-kopen","12":"product_tag-nl","13":"product_tag-spring-is-in-the-air","15":"first","16":"instock","17":"taxable","18":"shipping-taxable","19":"purchasable","20":"product-type-variable"},"_links":{"self":[{"href":"https:\/\/researchchemicalhub.com\/et\/wp-json\/wp\/v2\/product\/23724","targetHints":{"allow":["GET"]}}],"collection":[{"href":"https:\/\/researchchemicalhub.com\/et\/wp-json\/wp\/v2\/product"}],"about":[{"href":"https:\/\/researchchemicalhub.com\/et\/wp-json\/wp\/v2\/types\/product"}],"replies":[{"embeddable":true,"href":"https:\/\/researchchemicalhub.com\/et\/wp-json\/wp\/v2\/comments?post=23724"}],"version-history":[{"count":5,"href":"https:\/\/researchchemicalhub.com\/et\/wp-json\/wp\/v2\/product\/23724\/revisions"}],"predecessor-version":[{"id":27973,"href":"https:\/\/researchchemicalhub.com\/et\/wp-json\/wp\/v2\/product\/23724\/revisions\/27973"}],"wp:featuredmedia":[{"embeddable":true,"href":"https:\/\/researchchemicalhub.com\/et\/wp-json\/wp\/v2\/media\/28494"}],"wp:attachment":[{"href":"https:\/\/researchchemicalhub.com\/et\/wp-json\/wp\/v2\/media?parent=23724"}],"wp:term":[{"taxonomy":"product_brand","embeddable":true,"href":"https:\/\/researchchemicalhub.com\/et\/wp-json\/wp\/v2\/product_brand?post=23724"},{"taxonomy":"product_cat","embeddable":true,"href":"https:\/\/researchchemicalhub.com\/et\/wp-json\/wp\/v2\/product_cat?post=23724"},{"taxonomy":"product_tag","embeddable":true,"href":"https:\/\/researchchemicalhub.com\/et\/wp-json\/wp\/v2\/product_tag?post=23724"}],"curies":[{"name":"t\u00f6\u00f6leht","href":"https:\/\/api.w.org\/{rel}","templated":true}]}}