{"id":23663,"date":"2025-04-13T17:40:11","date_gmt":"2025-04-13T17:40:11","guid":{"rendered":"https:\/\/researchchemicalhub.com\/?post_type=product&#038;p=23663"},"modified":"2025-10-18T13:43:29","modified_gmt":"2025-10-18T13:43:29","slug":"flubrotizolam-fanax-bars-05-mg","status":"publish","type":"product","link":"https:\/\/researchchemicalhub.com\/et\/shop\/benzodiazepinen\/flubrotizolam-fanax-bars-05-mg\/","title":{"rendered":"Flubrotizolam Fanax batoonid 0,5 mg"},"content":{"rendered":"<h3 data-start=\"2659\" data-end=\"2734\"><strong data-start=\"2663\" data-end=\"2734\">Flubrotizolam Fanax batoonid 0,5 mg<\/strong><\/h3>\n<h3 data-start=\"2736\" data-end=\"2755\"><strong data-start=\"2740\" data-end=\"2755\">Sissejuhatus<\/strong><\/h3>\n<p data-start=\"2756\" data-end=\"3160\">Flubrotizolam Fanax batoonid 0,5 MG on kvaliteetsed, uurimiskvaliteediga tabletid, mis on tuntud oma k\u00f5rge tugevuse ja usaldusv\u00e4\u00e4rsuse poolest. Iga batoon sisaldab t\u00e4pset annust <strong data-start=\"2930\" data-end=\"2954\">0,5 mg flubrotisolaami<\/strong>, \u00fchend, mis on tuntud oma tugeva toime poolest <strong data-start=\"3000\" data-end=\"3064\">rahustavad, \u00e4revusevastased ja und soodustavad omadused<\/strong>Neid batoone kasutatakse peamiselt tienotriasolodiasepiinide laboriuuringutes.<\/p>\n<hr data-start=\"3162\" data-end=\"3165\" \/>\n<h3 data-start=\"3167\" data-end=\"3198\"><strong data-start=\"3171\" data-end=\"3198\">Peamised omadused<\/strong><\/h3>\n<ul data-start=\"3199\" data-end=\"3738\">\n<li data-start=\"3199\" data-end=\"3319\">\n<p data-start=\"3201\" data-end=\"3319\"><strong data-start=\"3201\" data-end=\"3226\">T\u00e4pne annustamine:<\/strong> Iga batoon sisaldab t\u00e4pselt 0,5 mg k\u00f5rge puhtusastmega flubrotisolaami, et tagada j\u00e4rjepidevad tulemused.<\/p>\n<\/li>\n<li data-start=\"3320\" data-end=\"3435\">\n<p data-start=\"3322\" data-end=\"3435\"><strong data-start=\"3322\" data-end=\"3348\">Laborikvaliteet:<\/strong> Valmistatud rangete kvaliteedistandardite kohaselt maksimaalse puhtuse ja stabiilsuse tagamiseks.<\/p>\n<\/li>\n<li data-start=\"3436\" data-end=\"3533\">\n<p data-start=\"3438\" data-end=\"3533\"><strong data-start=\"3438\" data-end=\"3458\">Kompaktne disain:<\/strong> Lihtne k\u00e4sitseda kontrollitud ja ohutuks kasutamiseks uurimist\u00f6\u00f6s.<\/p>\n<\/li>\n<li data-start=\"3534\" data-end=\"3635\">\n<p data-start=\"3536\" data-end=\"3635\"><strong data-start=\"3536\" data-end=\"3571\">Avaldatud uurimisprofiil:<\/strong> Tuntud oma tugeva rahustava ja lihaseid l\u00f5\u00f5gastava toime poolest.<\/p>\n<\/li>\n<li data-start=\"3636\" data-end=\"3738\">\n<p data-start=\"3638\" data-end=\"3738\"><strong data-start=\"3638\" data-end=\"3661\">Ohutu pakend:<\/strong> \u00d5hukindlalt suletud, et s\u00e4ilitada toote terviklikkus transportimise ajal.<\/p>\n<\/li>\n<\/ul>\n<hr data-start=\"3740\" data-end=\"3743\" \/>\n<h3 data-start=\"3745\" data-end=\"3762\"><strong data-start=\"3749\" data-end=\"3762\">Eelised<\/strong><\/h3>\n<ul data-start=\"3763\" data-end=\"4059\">\n<li data-start=\"3763\" data-end=\"3851\">\n<p data-start=\"3765\" data-end=\"3851\">Teeb <strong data-start=\"3771\" data-end=\"3804\">t\u00e4pne annuse kontroll<\/strong> teaduslikes katsetes v\u00f5imalik.<\/p>\n<\/li>\n<li data-start=\"3852\" data-end=\"3933\">\n<p data-start=\"3854\" data-end=\"3933\">Pakkumised <strong data-start=\"3860\" data-end=\"3888\">usaldusv\u00e4\u00e4rne j\u00e4rjepidevus<\/strong> reprodutseeritavate uurimistulemuste saamiseks.<\/p>\n<\/li>\n<li data-start=\"3934\" data-end=\"3994\">\n<p data-start=\"3936\" data-end=\"3994\">Toetab uuringuid <strong data-start=\"3963\" data-end=\"3991\">une ja \u00e4revuse modulatsioon<\/strong>.<\/p>\n<\/li>\n<li data-start=\"3995\" data-end=\"4059\">\n<p data-start=\"3997\" data-end=\"4059\">Edendab <strong data-start=\"4007\" data-end=\"4036\">ohutus ja t\u00f5husus<\/strong> laboris.<\/p>\n<\/li>\n<\/ul>\n<hr data-start=\"4061\" data-end=\"4064\" \/>\n<h3 data-start=\"4066\" data-end=\"4081\"><strong data-start=\"4070\" data-end=\"4081\">Kasutus<\/strong><\/h3>\n<p data-start=\"4082\" data-end=\"4166\">See toode on <strong data-start=\"4097\" data-end=\"4163\">m\u00f5eldud ainult labori- ja teadust\u00f6\u00f6 eesm\u00e4rgil<\/strong>.<\/p>\n<ul data-start=\"4167\" data-end=\"4378\">\n<li data-start=\"4167\" data-end=\"4253\">\n<p data-start=\"4169\" data-end=\"4253\">Kasutage sobivaid kaitsevahendeid ja j\u00e4rgige standardseid ohutusn\u00f5udeid.<\/p>\n<\/li>\n<li data-start=\"4254\" data-end=\"4319\">\n<p data-start=\"4256\" data-end=\"4319\">Hoida jahedas, kuivas ja p\u00e4ikesevalguse eest kaitstult.<\/p>\n<\/li>\n<li data-start=\"4320\" data-end=\"4378\">\n<p data-start=\"4322\" data-end=\"4378\">Ei sobi inimeste ega loomade toiduks.<\/p>\n<\/li>\n<\/ul>\n<hr data-start=\"4380\" data-end=\"4383\" \/>\n<h3 data-start=\"4385\" data-end=\"4420\"><strong data-start=\"4389\" data-end=\"4420\">Korduma kippuvad k\u00fcsimused (KKK)<\/strong><\/h3>\n<p data-start=\"4422\" data-end=\"4613\"><strong data-start=\"4422\" data-end=\"4486\">1. Milleks kasutatakse Flubrotizolam Fanax Bars 0,5 MG?<\/strong><br data-start=\"4486\" data-end=\"4489\" \/>Neid kasutatakse tienotriasolodiasepiinide rahustava ja anksiol\u00fc\u00fctilise toime teaduslikes uuringutes.<\/p>\n<p data-start=\"4615\" data-end=\"4783\"><strong data-start=\"4615\" data-end=\"4669\">2. Kas see toode on isiklikuks kasutamiseks ohutu?<\/strong><br data-start=\"4669\" data-end=\"4672\" \/>Ei. See toode on ette n\u00e4htud kasutamiseks ainult <strong data-start=\"4717\" data-end=\"4741\">uurimiseesm\u00e4rkidel<\/strong> ja inimesed ei tohi neid v\u00f5tta.<\/p>\n<p data-start=\"4785\" data-end=\"4923\"><strong data-start=\"4785\" data-end=\"4828\">3. Kuidas toodet s\u00e4ilitada?<\/strong><br data-start=\"4828\" data-end=\"4831\" \/>Hoida suletud anumas toatemperatuuril, eemal niiskusest ja kuumusest.<\/p>","protected":false},"excerpt":{"rendered":"<h3><span data-sheets-value=\"{\" data-sheets-userformat=\"{\"><strong><span style=\"vertical-align: inherit;\"><span style=\"vertical-align: inherit;\"><span dir=\"auto\" style=\"vertical-align: inherit;\"><span dir=\"auto\" style=\"vertical-align: inherit;\">Flubrotizolam Fanax Bars<\/span><\/span><\/span><\/span><\/strong><span style=\"vertical-align: inherit;\"><span style=\"vertical-align: inherit;\"><span dir=\"auto\" style=\"vertical-align: inherit;\"><span dir=\"auto\" style=\"vertical-align: inherit;\"> Properties<\/span><\/span><\/span><\/span><\/span><\/h3>\n<p><strong><span style=\"vertical-align: inherit;\"><span style=\"vertical-align: inherit;\"><span dir=\"auto\" style=\"vertical-align: inherit;\"><span dir=\"auto\" style=\"vertical-align: inherit;\">Synonym:<\/span><\/span><\/span><\/span><\/strong><span style=\"vertical-align: inherit;\"><span style=\"vertical-align: inherit;\"><span dir=\"auto\" style=\"vertical-align: inherit;\"><span dir=\"auto\" style=\"vertical-align: inherit;\"> 2-bromo-4-(2-fluorophenyl)-9-methyl-6H-thieno[3,2-f][1,2,4]triazolo[4,3-a][1,4]diazepine <\/span><\/span><\/span><\/span><br \/>\n<strong><span style=\"vertical-align: inherit;\"><span style=\"vertical-align: inherit;\"><span dir=\"auto\" style=\"vertical-align: inherit;\"><span dir=\"auto\" style=\"vertical-align: inherit;\">CAS Number:<\/span><\/span><\/span><\/span><\/strong><span style=\"vertical-align: inherit;\"><span style=\"vertical-align: inherit;\"><span dir=\"auto\" style=\"vertical-align: inherit;\"><span dir=\"auto\" style=\"vertical-align: inherit;\"> 57801-95-3 <\/span><\/span><\/span><\/span><br \/>\n<strong><span style=\"vertical-align: inherit;\"><span style=\"vertical-align: inherit;\"><span dir=\"auto\" style=\"vertical-align: inherit;\"><span dir=\"auto\" style=\"vertical-align: inherit;\">Formula:<\/span><\/span><\/span><\/span><\/strong><span style=\"vertical-align: inherit;\"><span style=\"vertical-align: inherit;\"><span dir=\"auto\" style=\"vertical-align: inherit;\"><span dir=\"auto\" style=\"vertical-align: inherit;\"> C17H12BrFN4 <\/span><\/span><\/span><\/span><br \/>\n<strong><span style=\"vertical-align: inherit;\"><span style=\"vertical-align: inherit;\"><span dir=\"auto\" style=\"vertical-align: inherit;\"><span dir=\"auto\" style=\"vertical-align: inherit;\">Mole mass:<\/span><\/span><\/span><\/span><\/strong><span style=\"vertical-align: inherit;\"><span style=\"vertical-align: inherit;\"><span dir=\"auto\" style=\"vertical-align: inherit;\"><span dir=\"auto\" style=\"vertical-align: inherit;\"> 377.2 g\/mol <\/span><\/span><\/span><\/span><br \/>\n<strong><span style=\"vertical-align: inherit;\"><span style=\"vertical-align: inherit;\"><span dir=\"auto\" style=\"vertical-align: inherit;\"><span dir=\"auto\" style=\"vertical-align: inherit;\">Purity:<\/span><\/span><\/span><\/span><\/strong><span style=\"vertical-align: inherit;\"><span style=\"vertical-align: inherit;\"><span dir=\"auto\" style=\"vertical-align: inherit;\"><span dir=\"auto\" style=\"vertical-align: inherit;\"> \u226599%<\/span><\/span><\/span><\/span><\/p>\n<p><span style=\"color: #ed1c24;\">\u00a0<\/span><\/p>\n","protected":false},"featured_media":20588,"comment_status":"closed","ping_status":"closed","template":"","meta":[],"product_brand":[],"product_cat":[76,476],"product_tag":[150,1139,326],"class_list":{"0":"post-23663","1":"product","2":"type-product","3":"status-publish","4":"has-post-thumbnail","6":"product_cat-benzodiazepinen","7":"product_cat-flubrotizolam","8":"product_tag-flubrotizolam","9":"product_tag-flubrotizolam-kopen","10":"product_tag-nl","12":"first","13":"instock","14":"taxable","15":"shipping-taxable","16":"purchasable","17":"product-type-variable"},"_links":{"self":[{"href":"https:\/\/researchchemicalhub.com\/et\/wp-json\/wp\/v2\/product\/23663","targetHints":{"allow":["GET"]}}],"collection":[{"href":"https:\/\/researchchemicalhub.com\/et\/wp-json\/wp\/v2\/product"}],"about":[{"href":"https:\/\/researchchemicalhub.com\/et\/wp-json\/wp\/v2\/types\/product"}],"replies":[{"embeddable":true,"href":"https:\/\/researchchemicalhub.com\/et\/wp-json\/wp\/v2\/comments?post=23663"}],"version-history":[{"count":5,"href":"https:\/\/researchchemicalhub.com\/et\/wp-json\/wp\/v2\/product\/23663\/revisions"}],"predecessor-version":[{"id":27989,"href":"https:\/\/researchchemicalhub.com\/et\/wp-json\/wp\/v2\/product\/23663\/revisions\/27989"}],"wp:featuredmedia":[{"embeddable":true,"href":"https:\/\/researchchemicalhub.com\/et\/wp-json\/wp\/v2\/media\/20588"}],"wp:attachment":[{"href":"https:\/\/researchchemicalhub.com\/et\/wp-json\/wp\/v2\/media?parent=23663"}],"wp:term":[{"taxonomy":"product_brand","embeddable":true,"href":"https:\/\/researchchemicalhub.com\/et\/wp-json\/wp\/v2\/product_brand?post=23663"},{"taxonomy":"product_cat","embeddable":true,"href":"https:\/\/researchchemicalhub.com\/et\/wp-json\/wp\/v2\/product_cat?post=23663"},{"taxonomy":"product_tag","embeddable":true,"href":"https:\/\/researchchemicalhub.com\/et\/wp-json\/wp\/v2\/product_tag?post=23663"}],"curies":[{"name":"t\u00f6\u00f6leht","href":"https:\/\/api.w.org\/{rel}","templated":true}]}}