{"id":23611,"date":"2025-04-13T17:40:06","date_gmt":"2025-04-13T17:40:06","guid":{"rendered":"https:\/\/researchchemicalhub.com\/?post_type=product&#038;p=23611"},"modified":"2025-10-30T09:11:28","modified_gmt":"2025-10-30T09:11:28","slug":"3-fpm-kopen-2","status":"publish","type":"product","link":"https:\/\/researchchemicalhub.com\/et\/shop\/3-fpm\/3-fpm-kopen-2\/","title":{"rendered":"3-FPM 50 MG graanulid (3-fluorofeenmetrasiin)"},"content":{"rendered":"<h1><strong><span dir=\"auto\" style=\"vertical-align: inherit;\"><span dir=\"auto\" style=\"vertical-align: inherit;\">3 fpm 50 MG pelletid (3-fluorofeenmetrasiin) \u2013 kvaliteet ja t\u00e4psus uuringutes<\/span><\/span><\/strong><\/h1>\n<p data-start=\"3687\" data-end=\"4034\"><strong data-start=\"3687\" data-end=\"3720\">3-FPM (3-fluorofeenmetrasiin)<\/strong> 50 MG pelletit on <strong data-start=\"3740\" data-end=\"3786\">k\u00f5rge puhtusastmega uurimis\u00fchendid<\/strong>, v\u00e4lja t\u00f6\u00f6tatud <strong data-start=\"3804\" data-end=\"3857\">neuroteaduslikud ja farmakoloogilised uuringud<\/strong>. 3 jalga minutis osta<br data-start=\"3858\" data-end=\"3861\" \/>Fluoritud variandina <strong data-start=\"3894\" data-end=\"3911\">fenmetrasiin<\/strong> 3-FPM-i uuritakse selle potentsiaali osas, et anda \u00fclevaadet <strong data-start=\"3982\" data-end=\"4031\">dopamiinergilised ja noradrenergilised transpordis\u00fcsteemid<\/strong>.<\/p>\n<p data-start=\"4036\" data-end=\"4294\">Iga pellet sisaldab <strong data-start=\"4054\" data-end=\"4085\">50 mg 3-fluorofeenmetrasiin<\/strong>, t\u00e4pse doseerimise ja usaldusv\u00e4\u00e4rsete uuringutulemuste tagamiseks hoolikalt m\u00f5\u00f5detud. See toode on ette n\u00e4htud ainult <strong data-start=\"4211\" data-end=\"4243\">kvalifitseeritud teadlased<\/strong> ja <strong data-start=\"4247\" data-end=\"4291\">ei sobi inimtoiduks<\/strong>.<\/p>\n<blockquote data-start=\"4296\" data-end=\"4391\">\n<p data-start=\"4298\" data-end=\"4391\">\u26a0\ufe0f <strong data-start=\"4301\" data-end=\"4312\">NB!<\/strong> 3-FPM 50 MG graanulid on <strong data-start=\"4338\" data-end=\"4388\">m\u00f5eldud ainult laboriuuringuteks<\/strong>.<\/p>\n<\/blockquote>\n<hr data-start=\"4393\" data-end=\"4396\" \/>\n<h3 data-start=\"4398\" data-end=\"4429\"><strong data-start=\"4402\" data-end=\"4429\">Peamised omadused<\/strong><\/h3>\n<ul data-start=\"4430\" data-end=\"4879\">\n<li data-start=\"4430\" data-end=\"4525\">\n<p data-start=\"4432\" data-end=\"4525\"><strong data-start=\"4432\" data-end=\"4458\">K\u00f5rge puhtusaste (\u226599%)<\/strong> \u2013 Laboris testitud kvaliteedi, stabiilsuse ja koostise osas.<\/p>\n<\/li>\n<li data-start=\"4526\" data-end=\"4614\">\n<p data-start=\"4528\" data-end=\"4614\"><strong data-start=\"4528\" data-end=\"4571\">T\u00e4pne annus (50 mg pelleti kohta)<\/strong> \u2013 Tagab reprodutseeritavad tulemused.<\/p>\n<\/li>\n<li data-start=\"4615\" data-end=\"4704\">\n<p data-start=\"4617\" data-end=\"4704\"><strong data-start=\"4617\" data-end=\"4643\">Parem stabiilsus<\/strong> \u2013 Pelletite vorm hoiab \u00e4ra lagunemise ja pikendab s\u00e4ilivusaega.<\/p>\n<\/li>\n<li data-start=\"4705\" data-end=\"4783\">\n<p data-start=\"4707\" data-end=\"4783\"><strong data-start=\"4707\" data-end=\"4732\">GMP-sarnane tootmine<\/strong> \u2013 Garanteeritud j\u00e4rjepidevus ja usaldusv\u00e4\u00e4rsus.<\/p>\n<\/li>\n<li data-start=\"4784\" data-end=\"4879\">\n<p data-start=\"4786\" data-end=\"4879\"><strong data-start=\"4786\" data-end=\"4808\">Ohutu pakend<\/strong> \u2013 \u00d5hukindel ja niiskuskindel pakend kaitseb \u00fchendust. Osta 3 jalga minutis<\/p>\n<\/li>\n<\/ul>\n<hr data-start=\"4881\" data-end=\"4884\" \/>\n<h3 data-start=\"4886\" data-end=\"4903\"><strong data-start=\"4890\" data-end=\"4903\">Eelised<\/strong><\/h3>\n<ul data-start=\"4904\" data-end=\"5187\">\n<li data-start=\"4904\" data-end=\"4980\">\n<p data-start=\"4906\" data-end=\"4980\">Pakub <strong data-start=\"4917\" data-end=\"4941\">t\u00e4pne doseerimine<\/strong> ja usaldusv\u00e4\u00e4rseid uurimistulemusi.<\/p>\n<\/li>\n<li data-start=\"4981\" data-end=\"5058\">\n<p data-start=\"4983\" data-end=\"5058\">Sobib <strong data-start=\"4997\" data-end=\"5055\">stimulantide ja neurotransmitterite s\u00fcsteemide uuringud<\/strong>.<\/p>\n<\/li>\n<li data-start=\"5059\" data-end=\"5107\">\n<p data-start=\"5061\" data-end=\"5107\"><strong data-start=\"5061\" data-end=\"5083\">Pikk s\u00e4ilivusaeg<\/strong> ja lihtne hoiustamine.<\/p>\n<\/li>\n<li data-start=\"5108\" data-end=\"5187\">\n<p data-start=\"5110\" data-end=\"5187\"><strong data-start=\"5110\" data-end=\"5143\">Kasutajas\u00f5bralik ja turvaline<\/strong> kontrollitud laborikeskkonnas.<\/p>\n<\/li>\n<\/ul>\n<hr data-start=\"5189\" data-end=\"5192\" \/>\n<h3 data-start=\"5194\" data-end=\"5209\"><strong data-start=\"5198\" data-end=\"5209\">Kasutus<\/strong><\/h3>\n<ul data-start=\"5210\" data-end=\"5490\">\n<li data-start=\"5210\" data-end=\"5272\">\n<p data-start=\"5212\" data-end=\"5272\">Ainult <strong data-start=\"5224\" data-end=\"5269\">teaduslikud ja laboratoorsed uuringud<\/strong>.<\/p>\n<\/li>\n<li data-start=\"5273\" data-end=\"5356\">\n<p data-start=\"5275\" data-end=\"5356\">Kandke sobivaid <strong data-start=\"5291\" data-end=\"5315\">kaitsevarustus<\/strong> n\u00e4iteks kindaid ja kaitseprille.<\/p>\n<\/li>\n<li data-start=\"5357\" data-end=\"5432\">\n<p data-start=\"5359\" data-end=\"5432\">S\u00e4\u00e4sta a <strong data-start=\"5374\" data-end=\"5397\">jahedas ja kuivas kohas<\/strong>, valguse ja niiskuse eest kaitstult.<\/p>\n<\/li>\n<li data-start=\"5433\" data-end=\"5490\">\n<p data-start=\"5435\" data-end=\"5490\">Ei ole ette n\u00e4htud inimeste ega loomade toiduks.<\/p>\n<\/li>\n<\/ul>\n<hr data-start=\"5492\" data-end=\"5495\" \/>\n<h3 data-start=\"5497\" data-end=\"5532\"><strong data-start=\"5501\" data-end=\"5532\">Korduma kippuvad k\u00fcsimused (KKK)<\/strong><\/h3>\n<p data-start=\"5534\" data-end=\"5687\"><strong data-start=\"5534\" data-end=\"5571\">1. Milleks 3-FPM-i kasutatakse?<\/strong><br data-start=\"5571\" data-end=\"5574\" \/>3-FPM-i kasutatakse <strong data-start=\"5598\" data-end=\"5633\">neuroteaduslikud uuringud<\/strong> stimulantidele ja monoamiini transpordimehhanismidele.<\/p>\n<p data-start=\"5689\" data-end=\"5865\"><strong data-start=\"5689\" data-end=\"5743\">2. Kas 3-FPM 50 MG sobib inimestele?<\/strong><br data-start=\"5743\" data-end=\"5746\" \/>Ei. See toode on <strong data-start=\"5766\" data-end=\"5815\">m\u00f5eldud ainult teaduslikuks otstarbeks<\/strong> ja ei ole inimtoiduks heaks kiidetud.<\/p>\n<p data-start=\"5867\" data-end=\"6035\"><strong data-start=\"5867\" data-end=\"5910\">3. Kuidas tuleks 3-FPM 50 MG-d s\u00e4ilitada?<\/strong><br data-start=\"5910\" data-end=\"5913\" \/>Hoida <strong data-start=\"5928\" data-end=\"5958\">h\u00e4sti suletud pakend<\/strong> toatemperatuuril (15\u201325 \u00b0C), eemal niiskusest ja otsesest p\u00e4ikesevalgusest.<\/p>\n<h3><a style=\"font-size: 16px;\" href=\"https:\/\/researchchemicalhub.com\/et\/shop\/iboga-ibogaine\/iboga-root-bark\/\"><span dir=\"auto\" style=\"vertical-align: inherit;\"><span dir=\"auto\" style=\"vertical-align: inherit;\">iboga juure koor<\/span><\/span><\/a><a style=\"font-size: 16px;\" href=\"https:\/\/researchchemicalhub.com\/et\/shop\/iboga-ibogaine\/buy-ibogaine-hcl-online\/\"><span dir=\"auto\" style=\"vertical-align: inherit;\"><span dir=\"auto\" style=\"vertical-align: inherit;\">Osta ibogaine HCl-i veebist<\/span><\/span><\/a><a style=\"font-size: 16px;\" href=\"https:\/\/researchchemicalhub.com\/et\/shop\/lysergamides\/1cp-lsd\/\"><span dir=\"auto\" style=\"vertical-align: inherit;\"><span dir=\"auto\" style=\"vertical-align: inherit;\">1 cp lsd <\/span><\/span><\/a><a style=\"font-size: 16px;\" href=\"https:\/\/researchchemicalhub.com\/et\/shop\/pellets\/o-dsmt-50mg-pellets\/\"><span dir=\"auto\" style=\"vertical-align: inherit;\"><span dir=\"auto\" style=\"vertical-align: inherit;\">o-dsmt <\/span><\/span><\/a><a style=\"font-size: 16px;\" href=\"https:\/\/researchchemicalhub.com\/et\/shop\/lysergamides\/1vlsd\/\"><span dir=\"auto\" style=\"vertical-align: inherit;\"><span dir=\"auto\" style=\"vertical-align: inherit;\">1vlsd<\/span><\/span><\/a><\/h3>","protected":false},"excerpt":{"rendered":"<p>3 fpm 50 MG graanulid (3-fluorofeenmetrasiin) \u2013 kvaliteet ja t\u00e4psus uuringutes. 3-FPM (3-fluorofeenmetrasiin) 50 MG graanulid on uurimis\u00fchendid, mis on...<\/p>","protected":false},"featured_media":28406,"comment_status":"closed","ping_status":"closed","template":"","meta":[],"product_brand":[82],"product_cat":[441,442,322,333,324],"product_tag":[606,601,605,326],"class_list":{"0":"post-23611","1":"product","2":"type-product","3":"status-publish","4":"has-post-thumbnail","6":"product_brand-research-chemical","7":"product_cat-3-fpm","8":"product_cat-3-fpm-pellets","9":"product_cat-bijna-verboden","10":"product_cat-gefluoreerden","11":"product_cat-pellets-for-pellet","12":"product_tag-3-fluorophenmetrazine","13":"product_tag-3-fpm","14":"product_tag-3fpm","15":"product_tag-nl","17":"first","18":"instock","19":"taxable","20":"shipping-taxable","21":"purchasable","22":"product-type-variable"},"_links":{"self":[{"href":"https:\/\/researchchemicalhub.com\/et\/wp-json\/wp\/v2\/product\/23611","targetHints":{"allow":["GET"]}}],"collection":[{"href":"https:\/\/researchchemicalhub.com\/et\/wp-json\/wp\/v2\/product"}],"about":[{"href":"https:\/\/researchchemicalhub.com\/et\/wp-json\/wp\/v2\/types\/product"}],"replies":[{"embeddable":true,"href":"https:\/\/researchchemicalhub.com\/et\/wp-json\/wp\/v2\/comments?post=23611"}],"version-history":[{"count":5,"href":"https:\/\/researchchemicalhub.com\/et\/wp-json\/wp\/v2\/product\/23611\/revisions"}],"predecessor-version":[{"id":27994,"href":"https:\/\/researchchemicalhub.com\/et\/wp-json\/wp\/v2\/product\/23611\/revisions\/27994"}],"wp:featuredmedia":[{"embeddable":true,"href":"https:\/\/researchchemicalhub.com\/et\/wp-json\/wp\/v2\/media\/28406"}],"wp:attachment":[{"href":"https:\/\/researchchemicalhub.com\/et\/wp-json\/wp\/v2\/media?parent=23611"}],"wp:term":[{"taxonomy":"product_brand","embeddable":true,"href":"https:\/\/researchchemicalhub.com\/et\/wp-json\/wp\/v2\/product_brand?post=23611"},{"taxonomy":"product_cat","embeddable":true,"href":"https:\/\/researchchemicalhub.com\/et\/wp-json\/wp\/v2\/product_cat?post=23611"},{"taxonomy":"product_tag","embeddable":true,"href":"https:\/\/researchchemicalhub.com\/et\/wp-json\/wp\/v2\/product_tag?post=23611"}],"curies":[{"name":"t\u00f6\u00f6leht","href":"https:\/\/api.w.org\/{rel}","templated":true}]}}