{"id":23559,"date":"2025-04-13T17:39:57","date_gmt":"2025-04-13T17:39:57","guid":{"rendered":"https:\/\/researchchemicalhub.com\/?post_type=product&#038;p=23559"},"modified":"2025-10-19T11:15:46","modified_gmt":"2025-10-19T11:15:46","slug":"1-p-lsd-l-tartraadipuhast","status":"publish","type":"product","link":"https:\/\/researchchemicalhub.com\/et\/pood\/lusergamiidid\/1-p-lsd-l-tartraadipuhast\/","title":{"rendered":"1P-LSD L-tartraat puhas"},"content":{"rendered":"<h1><span dir=\"auto\" style=\"vertical-align: inherit;\"><span dir=\"auto\" style=\"vertical-align: inherit;\">1P-LSD L-Tartrate \u2013 Extended Product Description for Scientific Research<\/span><\/span><\/h1>\n<p data-start=\"3759\" data-end=\"3969\"><strong data-start=\"3759\" data-end=\"3831\">1P-LSD L-tartraat (1-Propionyl-Lyserginezuurdiethylamide L-tartraat)<\/strong> on <strong data-start=\"3839\" data-end=\"3883\">k\u00f5rge puhtusastmega uurimis\u00fchend<\/strong>, v\u00e4lja t\u00f6\u00f6tatud <strong data-start=\"3901\" data-end=\"3966\">neuroteaduslikud, farmakoloogilised ja anal\u00fc\u00fctilised uuringud<\/strong>.<\/p>\n<p data-start=\"3971\" data-end=\"4280\">Kui <strong data-start=\"3975\" data-end=\"4035\">LSD struktuurianaloog (l\u00fcserghappe diet\u00fc\u00fclamiid)<\/strong> bevat 1P-LSD een <strong data-start=\"4053\" data-end=\"4071\">propion\u00fc\u00fclr\u00fchm<\/strong> aan de indoolstikstof. Deze wijziging maakt de verbinding waardevol voor <strong data-start=\"4145\" data-end=\"4186\">struktuuri-aktiivsuse seos (SAR)<\/strong>-onderzoek, <strong data-start=\"4198\" data-end=\"4237\">serotonine-receptorstudies (5-HT2A)<\/strong> ja <strong data-start=\"4241\" data-end=\"4277\">analytische referentiedoeleinden<\/strong>.<\/p>\n<p data-start=\"4282\" data-end=\"4446\">See <strong data-start=\"4285\" data-end=\"4307\">L-tartraadi soolavorm<\/strong> suurendab <strong data-start=\"4320\" data-end=\"4362\">chemische stabiliteit en oplosbaarheid<\/strong>, wat het ideaal maakt voor langdurige opslag en nauwkeurig laboratoriumonderzoek.<\/p>\n<blockquote data-start=\"4448\" data-end=\"4599\">\n<p data-start=\"4450\" data-end=\"4599\">\u26a0\ufe0f <strong data-start=\"4453\" data-end=\"4464\">NB!<\/strong> See toode on <strong data-start=\"4480\" data-end=\"4535\">m\u00f5eldud ainult teaduslikuks uurimist\u00f6\u00f6ks<\/strong> ja <strong data-start=\"4539\" data-end=\"4596\">ei sobi inimeste ega loomade toiduks<\/strong>.<\/p>\n<\/blockquote>\n<hr data-start=\"4601\" data-end=\"4604\" \/>\n<h3 data-start=\"4606\" data-end=\"4637\"><strong data-start=\"4610\" data-end=\"4637\">Peamised omadused<\/strong><\/h3>\n<ul data-start=\"4638\" data-end=\"5076\">\n<li data-start=\"4638\" data-end=\"4736\">\n<p data-start=\"4640\" data-end=\"4736\"><strong data-start=\"4640\" data-end=\"4666\">K\u00f5rge puhtusaste (\u226599%)<\/strong> \u2013 Identsuse, koostise ja stabiilsuse osas laboris testitud.<\/p>\n<\/li>\n<li data-start=\"4737\" data-end=\"4817\">\n<p data-start=\"4739\" data-end=\"4817\"><strong data-start=\"4739\" data-end=\"4770\">Stabiilne L-tartraadi soolavorm<\/strong> \u2013 Verhoogt houdbaarheid en voorkomt afbraak.<\/p>\n<\/li>\n<li data-start=\"4818\" data-end=\"4915\">\n<p data-start=\"4820\" data-end=\"4915\"><strong data-start=\"4820\" data-end=\"4859\">Farmakoloogiliste uuringute standard<\/strong> \u2013 Geschikt voor receptor- en neurochemisch onderzoek.<\/p>\n<\/li>\n<li data-start=\"4916\" data-end=\"4995\">\n<p data-start=\"4918\" data-end=\"4995\"><strong data-start=\"4918\" data-end=\"4943\">GMP-sarnane tootmine<\/strong> \u2013 Gegarandeerde kwaliteit en reproduceerbaarheid.<\/p>\n<\/li>\n<li data-start=\"4996\" data-end=\"5076\">\n<p data-start=\"4998\" data-end=\"5076\"><strong data-start=\"4998\" data-end=\"5020\">Ohutu pakend<\/strong> \u2013 \u00d5hukindel ja valguskindel optimaalse kaitse tagamiseks.<\/p>\n<\/li>\n<\/ul>\n<hr data-start=\"5078\" data-end=\"5081\" \/>\n<h3 data-start=\"5083\" data-end=\"5100\"><strong data-start=\"5087\" data-end=\"5100\">Eelised<\/strong><\/h3>\n<ul data-start=\"5101\" data-end=\"5360\">\n<li data-start=\"5101\" data-end=\"5182\">\n<p data-start=\"5103\" data-end=\"5182\">Toetab <strong data-start=\"5115\" data-end=\"5179\">onderzoek naar lysergamide-analogen en serotonine-receptoren<\/strong>.<\/p>\n<\/li>\n<li data-start=\"5183\" data-end=\"5247\">\n<p data-start=\"5185\" data-end=\"5247\"><strong data-start=\"5185\" data-end=\"5230\">T\u00e4psed ja reprodutseeritavad tulemused<\/strong> bij onderzoek.<\/p>\n<\/li>\n<li data-start=\"5248\" data-end=\"5302\">\n<p data-start=\"5250\" data-end=\"5302\"><strong data-start=\"5250\" data-end=\"5276\">Parem stabiilsus<\/strong> pikaajaliseks ladustamiseks.<\/p>\n<\/li>\n<li data-start=\"5303\" data-end=\"5360\">\n<p data-start=\"5305\" data-end=\"5360\">Sobib <strong data-start=\"5319\" data-end=\"5357\">akadeemiline ja anal\u00fc\u00fctiline uurimist\u00f6\u00f6<\/strong>.<\/p>\n<\/li>\n<\/ul>\n<hr data-start=\"5362\" data-end=\"5365\" \/>\n<h3 data-start=\"5367\" data-end=\"5382\"><strong data-start=\"5371\" data-end=\"5382\">Kasutus<\/strong><\/h3>\n<ul data-start=\"5383\" data-end=\"5654\">\n<li data-start=\"5383\" data-end=\"5453\">\n<p data-start=\"5385\" data-end=\"5453\">Ainult kasutamiseks <strong data-start=\"5410\" data-end=\"5450\">kvalifitseeritud laboripersonal<\/strong>.<\/p>\n<\/li>\n<li data-start=\"5454\" data-end=\"5530\">\n<p data-start=\"5456\" data-end=\"5530\">Kasutage sobivaid <strong data-start=\"5474\" data-end=\"5498\">kaitsevarustus<\/strong> (kindad, kaitseprillid, laborikittel).<\/p>\n<\/li>\n<li data-start=\"5531\" data-end=\"5595\">\n<p data-start=\"5533\" data-end=\"5595\">S\u00e4\u00e4sta a <strong data-start=\"5548\" data-end=\"5582\">jahedas, kuivas ja pimedas kohas<\/strong> (15\u201325 \u00b0C).<\/p>\n<\/li>\n<li data-start=\"5596\" data-end=\"5654\">\n<p data-start=\"5598\" data-end=\"5654\">Ei sobi inimeste ega loomade toiduks.<\/p>\n<\/li>\n<\/ul>\n<hr data-start=\"5656\" data-end=\"5659\" \/>\n<h3 data-start=\"5661\" data-end=\"5696\"><strong data-start=\"5665\" data-end=\"5696\">Korduma kippuvad k\u00fcsimused (KKK)<\/strong><\/h3>\n<p data-start=\"5698\" data-end=\"5887\"><strong data-start=\"5698\" data-end=\"5747\">1. Waarvoor wordt 1P-LSD L-tartraat gebruikt?<\/strong><br data-start=\"5747\" data-end=\"5750\" \/>1P-LSD L-tartraat wordt gebruikt voor <strong data-start=\"5788\" data-end=\"5833\">farmakoloogilised ja neurokeemilised uuringud<\/strong> l\u00fcsergamiidi analoogide ja serotoniini retseptorite suhtes.<\/p>\n<p data-start=\"5889\" data-end=\"6069\"><strong data-start=\"5889\" data-end=\"5947\">2. Is 1P-LSD L-tartraat veilig voor menselijk gebruik?<\/strong><br data-start=\"5947\" data-end=\"5950\" \/>Ei. See toode on <strong data-start=\"5970\" data-end=\"6019\">m\u00f5eldud ainult teaduslikuks otstarbeks<\/strong> ja ei ole inimtoiduks heaks kiidetud.<\/p>\n<p data-start=\"6071\" data-end=\"6244\"><strong data-start=\"6071\" data-end=\"6120\">3. Hoe moet 1P-LSD L-tartraat worden bewaard?<\/strong><br data-start=\"6120\" data-end=\"6123\" \/>Hoida <strong data-start=\"6138\" data-end=\"6168\">h\u00e4sti suletud pakend<\/strong> toatemperatuuril (15\u201325 \u00b0C), kaitstuna niiskuse ja otsese p\u00e4ikesevalguse eest.<\/p>\n<p><a href=\"https:\/\/researchchemicalhub.com\/et\/pood\/lusergamiidid\/1-cp-lsd-150-mcg\/\"><span style=\"vertical-align: inherit;\"><span style=\"vertical-align: inherit;\"><span dir=\"auto\" style=\"vertical-align: inherit;\"><span dir=\"auto\" style=\"vertical-align: inherit;\">1cP-LSD 150 MCG kunstipaberit <\/span><\/span><\/span><\/span><\/a><a href=\"https:\/\/researchchemicalhub.com\/et\/pood\/pellets\/o-dsmt-50mg-graanulid\/\"><span style=\"vertical-align: inherit;\"><span style=\"vertical-align: inherit;\"><span dir=\"auto\" style=\"vertical-align: inherit;\"><span dir=\"auto\" style=\"vertical-align: inherit;\">O-DSMT 50 mg graanulid <\/span><\/span><\/span><\/span><\/a><a href=\"https:\/\/researchchemicalhub.com\/et\/pood\/lusergamiidid\/1v-lsd-150-mcg-blotters\/\"><span style=\"vertical-align: inherit;\"><span style=\"vertical-align: inherit;\"><span dir=\"auto\" style=\"vertical-align: inherit;\"><span dir=\"auto\" style=\"vertical-align: inherit;\">1V-LSD 150 MCG blotterid <\/span><\/span><\/span><\/span><\/a><a href=\"https:\/\/researchchemicalhub.com\/et\/pood\/fenuulamiin\/2c-ef-2mg-kapslid\/\"><span style=\"vertical-align: inherit;\"><span style=\"vertical-align: inherit;\"><span dir=\"auto\" style=\"vertical-align: inherit;\"><span dir=\"auto\" style=\"vertical-align: inherit;\">2C-EF 2 mg kapslid <\/span><\/span><\/span><\/span><\/a><a href=\"https:\/\/researchchemicalhub.com\/et\/pood\/peaaegu-keelatud\/6-cl-adba\/\"><span style=\"vertical-align: inherit;\"><span style=\"vertical-align: inherit;\"><span dir=\"auto\" style=\"vertical-align: inherit;\"><span dir=\"auto\" style=\"vertical-align: inherit;\">6-CL-ADBA<\/span><\/span><\/span><\/span><\/a><\/p>","protected":false},"excerpt":{"rendered":"<h3><span style=\"vertical-align: inherit;\"><span style=\"vertical-align: inherit;\"><span dir=\"auto\" style=\"vertical-align: inherit;\"><span dir=\"auto\" style=\"vertical-align: inherit;\">1P-LSD L-tartraadi omadused<\/span><\/span><\/span><\/span><\/h3>\n<p><strong><span style=\"vertical-align: inherit;\"><span style=\"vertical-align: inherit;\"><span dir=\"auto\" style=\"vertical-align: inherit;\"><span dir=\"auto\" style=\"vertical-align: inherit;\">S\u00fcnon\u00fc\u00fcm:<\/span><\/span><\/span><\/span><\/strong><span style=\"vertical-align: inherit;\"><span style=\"vertical-align: inherit;\"><span dir=\"auto\" style=\"vertical-align: inherit;\"><span dir=\"auto\" style=\"vertical-align: inherit;\"> 1-propion\u00fc\u00fcll\u00fcserghappe diet\u00fc\u00fclamiidhemi-L-tartraat, PLSD <\/span><\/span><\/span><\/span><br \/>\n<strong><span style=\"vertical-align: inherit;\"><span style=\"vertical-align: inherit;\"><span dir=\"auto\" style=\"vertical-align: inherit;\"><span dir=\"auto\" style=\"vertical-align: inherit;\">CAS-number:<\/span><\/span><\/span><\/span><\/strong><span style=\"vertical-align: inherit;\"><span style=\"vertical-align: inherit;\"><span dir=\"auto\" style=\"vertical-align: inherit;\"><span dir=\"auto\" style=\"vertical-align: inherit;\"> 2349358-81-0 <\/span><\/span><\/span><\/span><br \/>\n<strong><span style=\"vertical-align: inherit;\"><span style=\"vertical-align: inherit;\"><span dir=\"auto\" style=\"vertical-align: inherit;\"><span dir=\"auto\" style=\"vertical-align: inherit;\">Valem:<\/span><\/span><\/span><\/span><\/strong><span style=\"vertical-align: inherit;\"><span style=\"vertical-align: inherit;\"><span dir=\"auto\" style=\"vertical-align: inherit;\"><span dir=\"auto\" style=\"vertical-align: inherit;\"> (8\u03b2)-1-propion\u00fc\u00fcl-N,N-diet\u00fc\u00fcl-6-met\u00fc\u00fcl-9,10-dideh\u00fcdroergoliin-8-karboksamiidhemi-L-tartraat <\/span><\/span><\/span><\/span><br \/>\n<strong><span style=\"vertical-align: inherit;\"><span style=\"vertical-align: inherit;\"><span dir=\"auto\" style=\"vertical-align: inherit;\"><span dir=\"auto\" style=\"vertical-align: inherit;\">Molaarmass:<\/span><\/span><\/span><\/span><\/strong><span style=\"vertical-align: inherit;\"><span style=\"vertical-align: inherit;\"><span dir=\"auto\" style=\"vertical-align: inherit;\"><span dir=\"auto\" style=\"vertical-align: inherit;\"> 454,5 g\/mol <\/span><\/span><\/span><\/span><br \/>\n<strong><span style=\"vertical-align: inherit;\"><span style=\"vertical-align: inherit;\"><span dir=\"auto\" style=\"vertical-align: inherit;\"><span dir=\"auto\" style=\"vertical-align: inherit;\">Puhtus:<\/span><\/span><\/span><\/span><\/strong><span style=\"vertical-align: inherit;\"><span style=\"vertical-align: inherit;\"><span dir=\"auto\" style=\"vertical-align: inherit;\"><span dir=\"auto\" style=\"vertical-align: inherit;\"> &gt;97%<\/span><\/span><\/span><\/span><\/p>","protected":false},"featured_media":20483,"comment_status":"closed","ping_status":"closed","template":"","meta":[],"product_brand":[82],"product_cat":[358],"product_tag":[774,326],"class_list":{"0":"post-23559","1":"product","2":"type-product","3":"status-publish","4":"has-post-thumbnail","6":"product_brand-research-chemical","7":"product_cat-lysergamides","8":"product_tag-lsd-bestellen","9":"product_tag-nl","11":"first","12":"instock","13":"taxable","14":"shipping-taxable","15":"purchasable","16":"product-type-variable"},"_links":{"self":[{"href":"https:\/\/researchchemicalhub.com\/et\/wp-json\/wp\/v2\/product\/23559","targetHints":{"allow":["GET"]}}],"collection":[{"href":"https:\/\/researchchemicalhub.com\/et\/wp-json\/wp\/v2\/product"}],"about":[{"href":"https:\/\/researchchemicalhub.com\/et\/wp-json\/wp\/v2\/types\/product"}],"replies":[{"embeddable":true,"href":"https:\/\/researchchemicalhub.com\/et\/wp-json\/wp\/v2\/comments?post=23559"}],"version-history":[{"count":5,"href":"https:\/\/researchchemicalhub.com\/et\/wp-json\/wp\/v2\/product\/23559\/revisions"}],"predecessor-version":[{"id":28018,"href":"https:\/\/researchchemicalhub.com\/et\/wp-json\/wp\/v2\/product\/23559\/revisions\/28018"}],"wp:featuredmedia":[{"embeddable":true,"href":"https:\/\/researchchemicalhub.com\/et\/wp-json\/wp\/v2\/media\/20483"}],"wp:attachment":[{"href":"https:\/\/researchchemicalhub.com\/et\/wp-json\/wp\/v2\/media?parent=23559"}],"wp:term":[{"taxonomy":"product_brand","embeddable":true,"href":"https:\/\/researchchemicalhub.com\/et\/wp-json\/wp\/v2\/product_brand?post=23559"},{"taxonomy":"product_cat","embeddable":true,"href":"https:\/\/researchchemicalhub.com\/et\/wp-json\/wp\/v2\/product_cat?post=23559"},{"taxonomy":"product_tag","embeddable":true,"href":"https:\/\/researchchemicalhub.com\/et\/wp-json\/wp\/v2\/product_tag?post=23559"}],"curies":[{"name":"t\u00f6\u00f6leht","href":"https:\/\/api.w.org\/{rel}","templated":true}]}}