{"id":23531,"date":"2025-04-13T17:39:56","date_gmt":"2025-04-13T17:39:56","guid":{"rendered":"https:\/\/researchchemicalhub.com\/?post_type=product&#038;p=23531"},"modified":"2025-10-30T09:21:21","modified_gmt":"2025-10-30T09:21:21","slug":"ept-fumaraat","status":"publish","type":"product","link":"https:\/\/researchchemicalhub.com\/et\/pood\/ept\/ept-fumaraat\/","title":{"rendered":"EPT fumaraat (N-et\u00fc\u00fcl-N-prop\u00fc\u00fcltr\u00fcptamiin)"},"content":{"rendered":"<h3><strong><span dir=\"auto\" style=\"vertical-align: inherit;\"><span dir=\"auto\" style=\"vertical-align: inherit;\"><span dir=\"auto\" style=\"vertical-align: inherit;\">EPT fumaraat (N-et\u00fc\u00fcl-N-prop\u00fc\u00fcltr\u00fcptamiin) \u2013 teaduslik tootekirjeldus<\/span><\/span><\/span><\/strong><\/h3>\n<p data-start=\"3805\" data-end=\"3986\"><strong data-start=\"3805\" data-end=\"3850\"><span dir=\"auto\" style=\"vertical-align: inherit;\"><span dir=\"auto\" style=\"vertical-align: inherit;\">EPT fumaraat (N-et\u00fc\u00fcl-N-prop\u00fc\u00fcltr\u00fcptamiin)<\/span><\/span><\/strong><span dir=\"auto\" style=\"vertical-align: inherit;\"><span dir=\"auto\" style=\"vertical-align: inherit;\"> on <\/span><\/span><strong data-start=\"3858\" data-end=\"3900\"><span dir=\"auto\" style=\"vertical-align: inherit;\"><span dir=\"auto\" style=\"vertical-align: inherit;\">k\u00f5rge puhtusastmega uurimis\u00fchend<\/span><\/span><\/strong><span dir=\"auto\" style=\"vertical-align: inherit;\"><span dir=\"auto\" style=\"vertical-align: inherit;\"> v\u00e4lja t\u00f6\u00f6tatud <\/span><\/span><strong data-start=\"3918\" data-end=\"3983\"><span dir=\"auto\" style=\"vertical-align: inherit;\"><span dir=\"auto\" style=\"vertical-align: inherit;\">neuroteadus, farmakoloogia ja anal\u00fc\u00fctiline uurimist\u00f6\u00f6<\/span><\/span><\/strong><span dir=\"auto\" style=\"vertical-align: inherit;\"><span dir=\"auto\" style=\"vertical-align: inherit;\"> . ept-fumaraat<\/span><\/span><\/p>\n<p data-start=\"3988\" data-end=\"4239\"><span dir=\"auto\" style=\"vertical-align: inherit;\"><span dir=\"auto\" style=\"vertical-align: inherit;\">Nagu a <\/span><\/span><strong data-start=\"3992\" data-end=\"4037\"><span dir=\"auto\" style=\"vertical-align: inherit;\"><span dir=\"auto\" style=\"vertical-align: inherit;\">DMT, MET ja MiPT struktuurianaloog<\/span><\/span><\/strong><span dir=\"auto\" style=\"vertical-align: inherit;\"><span dir=\"auto\" style=\"vertical-align: inherit;\"> EPT pakub v\u00e4\u00e4rtuslikke uurimisv\u00f5imalusi <\/span><\/span><strong data-start=\"4095\" data-end=\"4139\"><span dir=\"auto\" style=\"vertical-align: inherit;\"><span dir=\"auto\" style=\"vertical-align: inherit;\">serotoniini retseptorid (5-HT2A ja 5-HT1A)<\/span><\/span><\/strong><span dir=\"auto\" style=\"vertical-align: inherit;\"><span dir=\"auto\" style=\"vertical-align: inherit;\"> , <\/span><\/span><strong data-start=\"4141\" data-end=\"4163\"><span dir=\"auto\" style=\"vertical-align: inherit;\"><span dir=\"auto\" style=\"vertical-align: inherit;\">sidumisafiinsus<\/span><\/span><\/strong><span dir=\"auto\" style=\"vertical-align: inherit;\"><span dir=\"auto\" style=\"vertical-align: inherit;\"> ja <\/span><\/span><strong data-start=\"4167\" data-end=\"4209\"><span dir=\"auto\" style=\"vertical-align: inherit;\"><span dir=\"auto\" style=\"vertical-align: inherit;\">struktuuri-aktiivsuse seosed (SAR).<\/span><\/span><\/strong><span dir=\"auto\" style=\"vertical-align: inherit;\"><span dir=\"auto\" style=\"vertical-align: inherit;\"> tr\u00fcptamiini klassis.<\/span><\/span><\/p>\n<p data-start=\"4241\" data-end=\"4432\"><span dir=\"auto\" style=\"vertical-align: inherit;\"><span dir=\"auto\" style=\"vertical-align: inherit;\">See <\/span><\/span><strong data-start=\"4244\" data-end=\"4264\"><span dir=\"auto\" style=\"vertical-align: inherit;\"><span dir=\"auto\" style=\"vertical-align: inherit;\">fumaraadi soola vorm<\/span><\/span><\/strong><span dir=\"auto\" style=\"vertical-align: inherit;\"><span dir=\"auto\" style=\"vertical-align: inherit;\"> suureneb <\/span><\/span><strong data-start=\"4277\" data-end=\"4333\"><span dir=\"auto\" style=\"vertical-align: inherit;\"><span dir=\"auto\" style=\"vertical-align: inherit;\">keemiline stabiilsus, lahustuvus ja s\u00e4ilivusaeg<\/span><\/span><\/strong><span dir=\"auto\" style=\"vertical-align: inherit;\"><span dir=\"auto\" style=\"vertical-align: inherit;\"> , mis teeb sellest tootest ideaalse pikaajaliseks kasutamiseks kontrollitud laborikeskkonnas.<\/span><\/span><\/p>\n<blockquote data-start=\"4434\" data-end=\"4585\">\n<p data-start=\"4436\" data-end=\"4585\">\u26a0\ufe0f <strong data-start=\"4439\" data-end=\"4450\"><span dir=\"auto\" style=\"vertical-align: inherit;\"><span dir=\"auto\" style=\"vertical-align: inherit;\">Palun arvestage:<\/span><\/span><\/strong><span dir=\"auto\" style=\"vertical-align: inherit;\"><span dir=\"auto\" style=\"vertical-align: inherit;\"> See toode on <\/span><\/span><strong data-start=\"4466\" data-end=\"4521\"><span dir=\"auto\" style=\"vertical-align: inherit;\"><span dir=\"auto\" style=\"vertical-align: inherit;\">m\u00f5eldud ainult teaduslikuks uurimist\u00f6\u00f6ks<\/span><\/span><\/strong><span dir=\"auto\" style=\"vertical-align: inherit;\"><span dir=\"auto\" style=\"vertical-align: inherit;\"> ja <\/span><\/span><strong data-start=\"4525\" data-end=\"4582\"><span dir=\"auto\" style=\"vertical-align: inherit;\"><span dir=\"auto\" style=\"vertical-align: inherit;\">ei sobi inimeste ega loomade toiduks<\/span><\/span><\/strong><span dir=\"auto\" style=\"vertical-align: inherit;\"><span dir=\"auto\" style=\"vertical-align: inherit;\"> .<\/span><\/span><\/p>\n<\/blockquote>\n<hr data-start=\"4587\" data-end=\"4590\" \/>\n<h3 data-start=\"4592\" data-end=\"4623\"><strong data-start=\"4596\" data-end=\"4623\"><span dir=\"auto\" style=\"vertical-align: inherit;\"><span dir=\"auto\" style=\"vertical-align: inherit;\">Peamised omadused<\/span><\/span><\/strong><\/h3>\n<ul data-start=\"4624\" data-end=\"5029\">\n<li data-start=\"4624\" data-end=\"4709\">\n<p data-start=\"4626\" data-end=\"4709\"><strong data-start=\"4626\" data-end=\"4652\"><span dir=\"auto\" style=\"vertical-align: inherit;\"><span dir=\"auto\" style=\"vertical-align: inherit;\">K\u00f5rge puhtusaste (\u226599%)<\/span><\/span><\/strong><span dir=\"auto\" style=\"vertical-align: inherit;\"><span dir=\"auto\" style=\"vertical-align: inherit;\"> \u2013 Identsuse ja koostise kindlakstegemiseks laboris testitud.<\/span><\/span><\/p>\n<\/li>\n<li data-start=\"4710\" data-end=\"4789\">\n<p data-start=\"4712\" data-end=\"4789\"><strong data-start=\"4712\" data-end=\"4741\"><span dir=\"auto\" style=\"vertical-align: inherit;\"><span dir=\"auto\" style=\"vertical-align: inherit;\">Stabiilne fumaraadi soolavorm<\/span><\/span><\/strong><span dir=\"auto\" style=\"vertical-align: inherit;\"><span dir=\"auto\" style=\"vertical-align: inherit;\"> \u2013 Pikendab s\u00e4ilivusaega ja ladustamisstabiilsust.<\/span><\/span><\/p>\n<\/li>\n<li data-start=\"4790\" data-end=\"4877\">\n<p data-start=\"4792\" data-end=\"4877\"><strong data-start=\"4792\" data-end=\"4831\"><span dir=\"auto\" style=\"vertical-align: inherit;\"><span dir=\"auto\" style=\"vertical-align: inherit;\">Farmakoloogiliste uuringute standard<\/span><\/span><\/strong><span dir=\"auto\" style=\"vertical-align: inherit;\"><span dir=\"auto\" style=\"vertical-align: inherit;\"> \u2013 Sobib retseptorite ja SAR-uuringuteks.<\/span><\/span><\/p>\n<\/li>\n<li data-start=\"4878\" data-end=\"4948\">\n<p data-start=\"4880\" data-end=\"4948\"><strong data-start=\"4880\" data-end=\"4905\"><span dir=\"auto\" style=\"vertical-align: inherit;\"><span dir=\"auto\" style=\"vertical-align: inherit;\">J\u00e4rjepidev kvaliteet<\/span><\/span><\/strong><span dir=\"auto\" style=\"vertical-align: inherit;\"><span dir=\"auto\" style=\"vertical-align: inherit;\"> \u2013 Valmistatud GMP-sarnaste standardite kohaselt.<\/span><\/span><\/p>\n<\/li>\n<li data-start=\"4949\" data-end=\"5029\">\n<p data-start=\"4951\" data-end=\"5029\"><strong data-start=\"4951\" data-end=\"4973\"><span dir=\"auto\" style=\"vertical-align: inherit;\"><span dir=\"auto\" style=\"vertical-align: inherit;\">Ohutu pakend<\/span><\/span><\/strong><span dir=\"auto\" style=\"vertical-align: inherit;\"><span dir=\"auto\" style=\"vertical-align: inherit;\"> \u2013 \u00d5hukindel ja valguskindel maksimaalse kaitse tagamiseks. ept fumaraat<\/span><\/span><\/p>\n<\/li>\n<\/ul>\n<hr data-start=\"5031\" data-end=\"5034\" \/>\n<h3 data-start=\"5036\" data-end=\"5053\"><strong data-start=\"5040\" data-end=\"5053\"><span dir=\"auto\" style=\"vertical-align: inherit;\"><span dir=\"auto\" style=\"vertical-align: inherit;\">Eelised<\/span><\/span><\/strong><\/h3>\n<ul data-start=\"5054\" data-end=\"5337\">\n<li data-start=\"5054\" data-end=\"5134\">\n<p data-start=\"5056\" data-end=\"5134\"><span dir=\"auto\" style=\"vertical-align: inherit;\"><span dir=\"auto\" style=\"vertical-align: inherit;\">Toetab <\/span><\/span><strong data-start=\"5068\" data-end=\"5131\"><span dir=\"auto\" style=\"vertical-align: inherit;\"><span dir=\"auto\" style=\"vertical-align: inherit;\">Serotoniini retseptorite ja tr\u00fcptamiini analoogide uuringud<\/span><\/span><\/strong><span dir=\"auto\" style=\"vertical-align: inherit;\"><span dir=\"auto\" style=\"vertical-align: inherit;\"> .<\/span><\/span><\/p>\n<\/li>\n<li data-start=\"5135\" data-end=\"5211\">\n<p data-start=\"5137\" data-end=\"5211\"><strong data-start=\"5137\" data-end=\"5182\"><span dir=\"auto\" style=\"vertical-align: inherit;\"><span dir=\"auto\" style=\"vertical-align: inherit;\">Usaldusv\u00e4\u00e4rsed ja reprodutseeritavad tulemused<\/span><\/span><\/strong><span dir=\"auto\" style=\"vertical-align: inherit;\"><span dir=\"auto\" style=\"vertical-align: inherit;\"> laboriuuringutes.<\/span><\/span><\/p>\n<\/li>\n<li data-start=\"5212\" data-end=\"5265\">\n<p data-start=\"5214\" data-end=\"5265\"><strong data-start=\"5214\" data-end=\"5240\"><span dir=\"auto\" style=\"vertical-align: inherit;\"><span dir=\"auto\" style=\"vertical-align: inherit;\">Parem stabiilsus<\/span><\/span><\/strong><span dir=\"auto\" style=\"vertical-align: inherit;\"><span dir=\"auto\" style=\"vertical-align: inherit;\"> ja pikk s\u00e4ilivusaeg.<\/span><\/span><\/p>\n<\/li>\n<li data-start=\"5266\" data-end=\"5337\">\n<p data-start=\"5268\" data-end=\"5337\"><span dir=\"auto\" style=\"vertical-align: inherit;\"><span dir=\"auto\" style=\"vertical-align: inherit;\">Ideaalne <\/span><\/span><strong data-start=\"5280\" data-end=\"5334\"><span dir=\"auto\" style=\"vertical-align: inherit;\"><span dir=\"auto\" style=\"vertical-align: inherit;\">akadeemiline, farmakoloogiline ja anal\u00fc\u00fctiline uurimist\u00f6\u00f6<\/span><\/span><\/strong><span dir=\"auto\" style=\"vertical-align: inherit;\"><span dir=\"auto\" style=\"vertical-align: inherit;\"> .<\/span><\/span><\/p>\n<\/li>\n<\/ul>\n<hr data-start=\"5339\" data-end=\"5342\" \/>\n<h3 data-start=\"5344\" data-end=\"5359\"><strong data-start=\"5348\" data-end=\"5359\"><span dir=\"auto\" style=\"vertical-align: inherit;\"><span dir=\"auto\" style=\"vertical-align: inherit;\">Kasutus<\/span><\/span><\/strong><\/h3>\n<ul data-start=\"5360\" data-end=\"5642\">\n<li data-start=\"5360\" data-end=\"5430\">\n<p data-start=\"5362\" data-end=\"5430\"><span dir=\"auto\" style=\"vertical-align: inherit;\"><span dir=\"auto\" style=\"vertical-align: inherit;\">Kasutamiseks kuni <\/span><\/span><strong data-start=\"5387\" data-end=\"5427\"><span dir=\"auto\" style=\"vertical-align: inherit;\"><span dir=\"auto\" style=\"vertical-align: inherit;\">kvalifitseeritud laboripersonal<\/span><\/span><\/strong><span dir=\"auto\" style=\"vertical-align: inherit;\"><span dir=\"auto\" style=\"vertical-align: inherit;\"> ainult .<\/span><\/span><\/p>\n<\/li>\n<li data-start=\"5431\" data-end=\"5518\">\n<p data-start=\"5433\" data-end=\"5518\"><span dir=\"auto\" style=\"vertical-align: inherit;\"><span dir=\"auto\" style=\"vertical-align: inherit;\">Kandke sobivat <\/span><\/span><strong data-start=\"5451\" data-end=\"5475\"><span dir=\"auto\" style=\"vertical-align: inherit;\"><span dir=\"auto\" style=\"vertical-align: inherit;\">kaitsevarustus<\/span><\/span><\/strong><span dir=\"auto\" style=\"vertical-align: inherit;\"><span dir=\"auto\" style=\"vertical-align: inherit;\"> (kindad, kaitseprillid, laborikittel).<\/span><\/span><\/p>\n<\/li>\n<li data-start=\"5519\" data-end=\"5583\">\n<p data-start=\"5521\" data-end=\"5583\"><span dir=\"auto\" style=\"vertical-align: inherit;\"><span dir=\"auto\" style=\"vertical-align: inherit;\">Hoida <\/span><\/span><strong data-start=\"5536\" data-end=\"5570\"><span dir=\"auto\" style=\"vertical-align: inherit;\"><span dir=\"auto\" style=\"vertical-align: inherit;\">jahedas, kuivas ja pimedas kohas<\/span><\/span><\/strong><span dir=\"auto\" style=\"vertical-align: inherit;\"><span dir=\"auto\" style=\"vertical-align: inherit;\"> (15\u201325 \u00b0C).<\/span><\/span><\/p>\n<\/li>\n<li data-start=\"5584\" data-end=\"5642\">\n<p data-start=\"5586\" data-end=\"5642\"><span dir=\"auto\" style=\"vertical-align: inherit;\"><span dir=\"auto\" style=\"vertical-align: inherit;\">Ei sobi inimeste ega loomade toiduks.<\/span><\/span><\/p>\n<\/li>\n<\/ul>\n<hr data-start=\"5644\" data-end=\"5647\" \/>\n<h3 data-start=\"5649\" data-end=\"5684\"><strong data-start=\"5653\" data-end=\"5684\"><span dir=\"auto\" style=\"vertical-align: inherit;\"><span dir=\"auto\" style=\"vertical-align: inherit;\">Korduma kippuvad k\u00fcsimused (KKK)<\/span><\/span><\/strong><\/h3>\n<p data-start=\"5686\" data-end=\"5864\"><strong data-start=\"5686\" data-end=\"5730\"><span dir=\"auto\" style=\"vertical-align: inherit;\"><span dir=\"auto\" style=\"vertical-align: inherit;\">1. Milleks EPT fumaraati kasutatakse?<\/span><\/span><\/strong><br data-start=\"5730\" data-end=\"5733\" \/><span dir=\"auto\" style=\"vertical-align: inherit;\"><span dir=\"auto\" style=\"vertical-align: inherit;\"> EPT fumaraati kasutatakse <\/span><\/span><strong data-start=\"5766\" data-end=\"5811\"><span dir=\"auto\" style=\"vertical-align: inherit;\"><span dir=\"auto\" style=\"vertical-align: inherit;\">farmakoloogilised ja neurokeemilised uuringud<\/span><\/span><\/strong><span dir=\"auto\" style=\"vertical-align: inherit;\"><span dir=\"auto\" style=\"vertical-align: inherit;\"> tr\u00fcptamiini analoogidel ja serotoniini retseptoritel.<\/span><\/span><\/p>\n<p data-start=\"5866\" data-end=\"6041\"><strong data-start=\"5866\" data-end=\"5919\"><span dir=\"auto\" style=\"vertical-align: inherit;\"><span dir=\"auto\" style=\"vertical-align: inherit;\">2. Kas EPT fumaraat on inimestele ohutu?<\/span><\/span><\/strong><br data-start=\"5919\" data-end=\"5922\" \/><span dir=\"auto\" style=\"vertical-align: inherit;\"><span dir=\"auto\" style=\"vertical-align: inherit;\"> Ei. See toode on <\/span><\/span><strong data-start=\"5942\" data-end=\"5991\"><span dir=\"auto\" style=\"vertical-align: inherit;\"><span dir=\"auto\" style=\"vertical-align: inherit;\">m\u00f5eldud ainult teaduslikuks otstarbeks<\/span><\/span><\/strong><span dir=\"auto\" style=\"vertical-align: inherit;\"><span dir=\"auto\" style=\"vertical-align: inherit;\"> ja see ei ole inimtoiduks heaks kiidetud.<\/span><\/span><\/p>\n<p data-start=\"6043\" data-end=\"6201\"><strong data-start=\"6043\" data-end=\"6087\"><span dir=\"auto\" style=\"vertical-align: inherit;\"><span dir=\"auto\" style=\"vertical-align: inherit;\">3. Kuidas tuleks EPT fumaraati s\u00e4ilitada?<\/span><\/span><\/strong><br data-start=\"6087\" data-end=\"6090\" \/><span dir=\"auto\" style=\"vertical-align: inherit;\"><span dir=\"auto\" style=\"vertical-align: inherit;\"> Hoida <\/span><\/span><strong data-start=\"6105\" data-end=\"6135\"><span dir=\"auto\" style=\"vertical-align: inherit;\"><span dir=\"auto\" style=\"vertical-align: inherit;\">tihedalt suletud anum<\/span><\/span><\/strong><span dir=\"auto\" style=\"vertical-align: inherit;\"><span dir=\"auto\" style=\"vertical-align: inherit;\"> toatemperatuuril (15\u201325 \u00b0C), niiskuse ja valguse eest kaitstult.<\/span><\/span><\/p>","protected":false},"excerpt":{"rendered":"<h3><span data-sheets-value=\"{\" data-sheets-userformat=\"{\"><span style=\"vertical-align: inherit;\"><span style=\"vertical-align: inherit;\"><span dir=\"auto\" style=\"vertical-align: inherit;\"><span dir=\"auto\" style=\"vertical-align: inherit;\">EPT fumarate properties<\/span><\/span><\/span><\/span><\/span><\/h3>\n<p><strong><span style=\"vertical-align: inherit;\"><span style=\"vertical-align: inherit;\"><span dir=\"auto\" style=\"vertical-align: inherit;\"><span dir=\"auto\" style=\"vertical-align: inherit;\">Synonym:<\/span><\/span><\/span><\/span><\/strong><span style=\"vertical-align: inherit;\"><span style=\"vertical-align: inherit;\"><span dir=\"auto\" style=\"vertical-align: inherit;\"><span dir=\"auto\" style=\"vertical-align: inherit;\"> N-ethyl-N-propyltryptamine fumarate <\/span><\/span><\/span><\/span><br \/>\n<strong><span style=\"vertical-align: inherit;\"><span style=\"vertical-align: inherit;\"><span dir=\"auto\" style=\"vertical-align: inherit;\"><span dir=\"auto\" style=\"vertical-align: inherit;\">CAS Number:<\/span><\/span><\/span><\/span><\/strong><span style=\"vertical-align: inherit;\"><span style=\"vertical-align: inherit;\"><span dir=\"auto\" style=\"vertical-align: inherit;\"><span dir=\"auto\" style=\"vertical-align: inherit;\"> n\/a <\/span><\/span><\/span><\/span><br \/>\n<strong><span style=\"vertical-align: inherit;\"><span style=\"vertical-align: inherit;\"><span dir=\"auto\" style=\"vertical-align: inherit;\"><span dir=\"auto\" style=\"vertical-align: inherit;\">Formula:<\/span><\/span><\/span><\/span><\/strong><span style=\"vertical-align: inherit;\"><span style=\"vertical-align: inherit;\"><span dir=\"auto\" style=\"vertical-align: inherit;\"><span dir=\"auto\" style=\"vertical-align: inherit;\"> 3-[2-(ethyl(propyl)amino)ethyl]-1H-indole fumarate <\/span><\/span><\/span><\/span><br \/>\n<strong><span style=\"vertical-align: inherit;\"><span style=\"vertical-align: inherit;\"><span dir=\"auto\" style=\"vertical-align: inherit;\"><span dir=\"auto\" style=\"vertical-align: inherit;\">Molar Mass:<\/span><\/span><\/span><\/span><\/strong><span style=\"vertical-align: inherit;\"><span style=\"vertical-align: inherit;\"><span dir=\"auto\" style=\"vertical-align: inherit;\"><span dir=\"auto\" style=\"vertical-align: inherit;\"> 346.4 g\/mol <\/span><\/span><\/span><\/span><br \/>\n<strong><span style=\"vertical-align: inherit;\"><span style=\"vertical-align: inherit;\"><span dir=\"auto\" style=\"vertical-align: inherit;\"><span dir=\"auto\" style=\"vertical-align: inherit;\">Purity:<\/span><\/span><\/span><\/span><\/strong><span style=\"vertical-align: inherit;\"><span style=\"vertical-align: inherit;\"><span dir=\"auto\" style=\"vertical-align: inherit;\"><span dir=\"auto\" style=\"vertical-align: inherit;\"> &gt;97%<\/span><\/span><\/span><\/span><\/p>\n","protected":false},"featured_media":28513,"comment_status":"closed","ping_status":"closed","template":"","meta":[],"product_brand":[],"product_cat":[509,381],"product_tag":[1160,1161,326],"class_list":{"0":"post-23531","1":"product","2":"type-product","3":"status-publish","4":"has-post-thumbnail","6":"product_cat-ept","7":"product_cat-tryptamines","8":"product_tag-ept-fumarate","9":"product_tag-ept-fumarate-kopen","10":"product_tag-nl","12":"first","13":"instock","14":"taxable","15":"shipping-taxable","16":"purchasable","17":"product-type-variable"},"_links":{"self":[{"href":"https:\/\/researchchemicalhub.com\/et\/wp-json\/wp\/v2\/product\/23531","targetHints":{"allow":["GET"]}}],"collection":[{"href":"https:\/\/researchchemicalhub.com\/et\/wp-json\/wp\/v2\/product"}],"about":[{"href":"https:\/\/researchchemicalhub.com\/et\/wp-json\/wp\/v2\/types\/product"}],"replies":[{"embeddable":true,"href":"https:\/\/researchchemicalhub.com\/et\/wp-json\/wp\/v2\/comments?post=23531"}],"version-history":[{"count":6,"href":"https:\/\/researchchemicalhub.com\/et\/wp-json\/wp\/v2\/product\/23531\/revisions"}],"predecessor-version":[{"id":28728,"href":"https:\/\/researchchemicalhub.com\/et\/wp-json\/wp\/v2\/product\/23531\/revisions\/28728"}],"wp:featuredmedia":[{"embeddable":true,"href":"https:\/\/researchchemicalhub.com\/et\/wp-json\/wp\/v2\/media\/28513"}],"wp:attachment":[{"href":"https:\/\/researchchemicalhub.com\/et\/wp-json\/wp\/v2\/media?parent=23531"}],"wp:term":[{"taxonomy":"product_brand","embeddable":true,"href":"https:\/\/researchchemicalhub.com\/et\/wp-json\/wp\/v2\/product_brand?post=23531"},{"taxonomy":"product_cat","embeddable":true,"href":"https:\/\/researchchemicalhub.com\/et\/wp-json\/wp\/v2\/product_cat?post=23531"},{"taxonomy":"product_tag","embeddable":true,"href":"https:\/\/researchchemicalhub.com\/et\/wp-json\/wp\/v2\/product_tag?post=23531"}],"curies":[{"name":"t\u00f6\u00f6leht","href":"https:\/\/api.w.org\/{rel}","templated":true}]}}