{"id":23514,"date":"2025-04-13T17:39:53","date_gmt":"2025-04-13T17:39:53","guid":{"rendered":"https:\/\/researchchemicalhub.com\/?post_type=product&#038;p=23514"},"modified":"2025-10-30T09:25:33","modified_gmt":"2025-10-30T09:25:33","slug":"5-meo-mipt-hydrochloride","status":"publish","type":"product","link":"https:\/\/researchchemicalhub.com\/et\/shop\/5-meo-mipt\/5-meo-mipt-hydrochloride\/","title":{"rendered":"5-MeO-MiPT vesinikkloriid"},"content":{"rendered":"<h1><strong><span dir=\"auto\" style=\"vertical-align: inherit;\"><span dir=\"auto\" style=\"vertical-align: inherit;\">5-MeO-MiPT h\u00fcdrokloriid \u2013 k\u00f5rgj\u00f5udlusega uurimiskemikaal t\u00e4iustatud anal\u00fc\u00fcsiks<\/span><\/span><\/strong><\/h1>\n<p data-start=\"4248\" data-end=\"4459\"><strong data-start=\"4248\" data-end=\"4323\">5-MeO-MiPT vesinikkloriid (5-metoks\u00fc-N-met\u00fc\u00fcl-N-isoprop\u00fc\u00fcltr\u00fcptamiinvesinikkloriid)<\/strong> on <strong data-start=\"4331\" data-end=\"4373\">k\u00f5rge puhtusastmega uurimis\u00fchend<\/strong>, v\u00e4lja t\u00f6\u00f6tatud <strong data-start=\"4391\" data-end=\"4456\">neuroteaduslikud, farmakoloogilised ja anal\u00fc\u00fctilised uuringud<\/strong>. <span class=\"___SBox_epc1q-ko_ ___SText_zko9t-ko_\" data-ui-name=\"Link.Text\">5-meo-mipt vesinikkloriid<\/span><\/p>\n<p data-start=\"4461\" data-end=\"4685\">Kui <strong data-start=\"4465\" data-end=\"4501\">metoks\u00fcasendatud analoog<\/strong> k\u00f5rval <strong data-start=\"4506\" data-end=\"4514\">MiPT<\/strong>, 5-MeO-MiPT pakub v\u00e4\u00e4rtuslikku teavet <strong data-start=\"4558\" data-end=\"4609\">serotoniini retseptorite uuringud (5-HT2A ja 5-HT1A)<\/strong> ja <strong data-start=\"4613\" data-end=\"4655\">struktuuri-aktiivsuse seosed (SAR)<\/strong> tr\u00fcptamiini klassis.<\/p>\n<p data-start=\"4687\" data-end=\"4871\">See <strong data-start=\"4690\" data-end=\"4717\">vesinikkloriidi vorm (HCl)<\/strong> suurendab <strong data-start=\"4730\" data-end=\"4787\">keemiline stabiilsus, lahustuvus ja kasutusmugavus<\/strong>, mist\u00f5ttu on see ideaalne pikaajaliseks s\u00e4ilitamiseks ja korduvate uurimistulemuste saamiseks.<\/p>\n<blockquote data-start=\"4873\" data-end=\"5024\">\n<p data-start=\"4875\" data-end=\"5024\">\u26a0\ufe0f <strong data-start=\"4878\" data-end=\"4889\">NB!<\/strong> See toode on <strong data-start=\"4905\" data-end=\"4960\">m\u00f5eldud ainult teaduslikuks uurimist\u00f6\u00f6ks<\/strong> ja <strong data-start=\"4964\" data-end=\"5021\">ei sobi inimeste ega loomade toiduks<\/strong>.<\/p>\n<\/blockquote>\n<hr data-start=\"5026\" data-end=\"5029\" \/>\n<h3 data-start=\"5031\" data-end=\"5062\"><strong data-start=\"5035\" data-end=\"5062\">Peamised omadused<\/strong><\/h3>\n<ul data-start=\"5063\" data-end=\"5472\">\n<li data-start=\"5063\" data-end=\"5146\">\n<p data-start=\"5065\" data-end=\"5146\"><strong data-start=\"5065\" data-end=\"5091\">K\u00f5rge puhtusaste (\u226599%)<\/strong> \u2013 Identsuse ja stabiilsuse laboris testitud.<\/p>\n<\/li>\n<li data-start=\"5147\" data-end=\"5223\">\n<p data-start=\"5149\" data-end=\"5223\"><strong data-start=\"5149\" data-end=\"5179\">Stabiilne vesinikkloriidi vorm<\/strong> \u2013 Suurendab s\u00e4ilivusaega ja lahustuvust.<\/p>\n<\/li>\n<li data-start=\"5224\" data-end=\"5311\">\n<p data-start=\"5226\" data-end=\"5311\"><strong data-start=\"5226\" data-end=\"5265\">Farmakoloogiliste uuringute standard<\/strong> \u2013 Sobib retseptorite ja SAR-uuringuteks.<\/p>\n<\/li>\n<li data-start=\"5312\" data-end=\"5382\">\n<p data-start=\"5314\" data-end=\"5382\"><strong data-start=\"5314\" data-end=\"5339\">J\u00e4rjepidev kvaliteet<\/strong> \u2013 Valmistatud GMP-sarnaste standardite kohaselt.<\/p>\n<\/li>\n<li data-start=\"5383\" data-end=\"5472\">\n<p data-start=\"5385\" data-end=\"5472\"><strong data-start=\"5385\" data-end=\"5407\">Ohutu pakend<\/strong> \u2013 Pakendatud \u00f5hukindlalt ja valgusekindlalt, et v\u00e4ltida lagunemist.<\/p>\n<\/li>\n<\/ul>\n<hr data-start=\"5474\" data-end=\"5477\" \/>\n<h3 data-start=\"5479\" data-end=\"5496\"><strong data-start=\"5483\" data-end=\"5496\">Eelised<\/strong><\/h3>\n<ul data-start=\"5497\" data-end=\"5804\">\n<li data-start=\"5497\" data-end=\"5577\">\n<p data-start=\"5499\" data-end=\"5577\">Toetab <strong data-start=\"5511\" data-end=\"5574\">Serotoniini retseptorite ja tr\u00fcptamiini analoogide uuringud<\/strong>.<\/p>\n<\/li>\n<li data-start=\"5578\" data-end=\"5654\">\n<p data-start=\"5580\" data-end=\"5654\"><strong data-start=\"5580\" data-end=\"5625\">Usaldusv\u00e4\u00e4rsed ja reprodutseeritavad tulemused<\/strong> laboriuuringutes.<\/p>\n<\/li>\n<li data-start=\"5655\" data-end=\"5732\">\n<p data-start=\"5657\" data-end=\"5732\"><strong data-start=\"5657\" data-end=\"5683\">Parem stabiilsus<\/strong> ja pikem s\u00e4ilivusaeg kui vabal alusel.<\/p>\n<\/li>\n<li data-start=\"5733\" data-end=\"5804\">\n<p data-start=\"5735\" data-end=\"5804\">Ideaalne <strong data-start=\"5747\" data-end=\"5801\">akadeemiline, farmakoloogiline ja anal\u00fc\u00fctiline uurimist\u00f6\u00f6<\/strong>.<\/p>\n<\/li>\n<\/ul>\n<hr data-start=\"5806\" data-end=\"5809\" \/>\n<h3 data-start=\"5811\" data-end=\"5826\"><strong data-start=\"5815\" data-end=\"5826\">Kasutus<\/strong><\/h3>\n<ul data-start=\"5827\" data-end=\"6098\">\n<li data-start=\"5827\" data-end=\"5897\">\n<p data-start=\"5829\" data-end=\"5897\">Ainult kasutamiseks <strong data-start=\"5854\" data-end=\"5894\">kvalifitseeritud laboripersonal<\/strong>.<\/p>\n<\/li>\n<li data-start=\"5898\" data-end=\"5974\">\n<p data-start=\"5900\" data-end=\"5974\">Kasutage sobivaid <strong data-start=\"5918\" data-end=\"5942\">kaitsevarustus<\/strong> (kindad, kaitseprillid, laborikittel).<\/p>\n<\/li>\n<li data-start=\"5975\" data-end=\"6039\">\n<p data-start=\"5977\" data-end=\"6039\">S\u00e4\u00e4sta a <strong data-start=\"5992\" data-end=\"6026\">jahedas, kuivas ja pimedas kohas<\/strong> (15\u201325 \u00b0C).<\/p>\n<\/li>\n<li data-start=\"6040\" data-end=\"6098\">\n<p data-start=\"6042\" data-end=\"6098\">Ei sobi inimeste ega loomade toiduks.<\/p>\n<\/li>\n<\/ul>\n<hr data-start=\"6100\" data-end=\"6103\" \/>\n<h3 data-start=\"6105\" data-end=\"6140\"><strong data-start=\"6109\" data-end=\"6140\">Korduma kippuvad k\u00fcsimused (KKK)<\/strong><\/h3>\n<p data-start=\"6142\" data-end=\"6354\"><strong data-start=\"6142\" data-end=\"6198\">1. Milleks 5-MeO-MiPT vesinikkloriidi kasutatakse?<\/strong><br data-start=\"6198\" data-end=\"6201\" \/>5-MeO-MiPT vesinikkloriidi kasutatakse <strong data-start=\"6244\" data-end=\"6289\">farmakoloogilised ja neurokeemilised uuringud<\/strong> serotoniini retseptoritele ja struktuurilistele tr\u00fcptamiini analoogidele.<\/p>\n<p data-start=\"6356\" data-end=\"6543\"><strong data-start=\"6356\" data-end=\"6421\">2. Kas 5-MeO-MiPT vesinikkloriid on inimestele ohutu?<\/strong><br data-start=\"6421\" data-end=\"6424\" \/>Ei. See toode on <strong data-start=\"6444\" data-end=\"6493\">m\u00f5eldud ainult teaduslikuks otstarbeks<\/strong> ja ei ole inimtoiduks heaks kiidetud.<\/p>\n<p data-start=\"6545\" data-end=\"6723\"><strong data-start=\"6545\" data-end=\"6601\">3. Kuidas tuleks 5-MeO-MiPT vesinikkloriidi s\u00e4ilitada?<\/strong><br data-start=\"6601\" data-end=\"6604\" \/>Hoida <strong data-start=\"6619\" data-end=\"6649\">h\u00e4sti suletud pakend<\/strong> toatemperatuuril (15\u201325 \u00b0C), niiskuse, kuumuse ja valguse eest kaitstult.<\/p>\n<p>&nbsp;<\/p>","protected":false},"excerpt":{"rendered":"<h3><span data-sheets-value=\"{\" data-sheets-userformat=\"{\"><span dir=\"auto\" style=\"vertical-align: inherit;\"><span dir=\"auto\" style=\"vertical-align: inherit;\">5-MeO-MiPT hydrochloride properties<\/span><\/span><\/span><\/h3>\n<p><strong><span style=\"vertical-align: inherit;\"><span style=\"vertical-align: inherit;\"><span dir=\"auto\" style=\"vertical-align: inherit;\"><span dir=\"auto\" style=\"vertical-align: inherit;\">Synonym:<\/span><\/span><\/span><\/span><\/strong><span style=\"vertical-align: inherit;\"><span style=\"vertical-align: inherit;\"><span dir=\"auto\" style=\"vertical-align: inherit;\"><span dir=\"auto\" style=\"vertical-align: inherit;\"> 5-methoxy-N-isopropyl-N-methyltryptamine hydrochloride <\/span><\/span><\/span><\/span><br \/>\n<strong><span style=\"vertical-align: inherit;\"><span style=\"vertical-align: inherit;\"><span dir=\"auto\" style=\"vertical-align: inherit;\"><span dir=\"auto\" style=\"vertical-align: inherit;\">CAS Number:<\/span><\/span><\/span><\/span><\/strong><span style=\"vertical-align: inherit;\"><span style=\"vertical-align: inherit;\"><span dir=\"auto\" style=\"vertical-align: inherit;\"><span dir=\"auto\" style=\"vertical-align: inherit;\"> 96096-55-8 <\/span><\/span><\/span><\/span><br \/>\n<strong><span style=\"vertical-align: inherit;\"><span style=\"vertical-align: inherit;\"><span dir=\"auto\" style=\"vertical-align: inherit;\"><span dir=\"auto\" style=\"vertical-align: inherit;\">Formula:<\/span><\/span><\/span><\/span><\/strong><span style=\"vertical-align: inherit;\"><span style=\"vertical-align: inherit;\"><span dir=\"auto\" style=\"vertical-align: inherit;\"><span dir=\"auto\" style=\"vertical-align: inherit;\"> 3-[2-(isopropylmethylamino)ethyl]-5-methoxyindole hydrochloride <\/span><\/span><\/span><\/span><br \/>\n<strong><span style=\"vertical-align: inherit;\"><span style=\"vertical-align: inherit;\"><span dir=\"auto\" style=\"vertical-align: inherit;\"><span dir=\"auto\" style=\"vertical-align: inherit;\">Molar mass:<\/span><\/span><\/span><\/span><\/strong><span style=\"vertical-align: inherit;\"><span style=\"vertical-align: inherit;\"><span dir=\"auto\" style=\"vertical-align: inherit;\"><span dir=\"auto\" style=\"vertical-align: inherit;\"> 282.8 g\/mol <\/span><\/span><\/span><\/span><br \/>\n<strong><span style=\"vertical-align: inherit;\"><span style=\"vertical-align: inherit;\"><span dir=\"auto\" style=\"vertical-align: inherit;\"><span dir=\"auto\" style=\"vertical-align: inherit;\">Purity:<\/span><\/span><\/span><\/span><\/strong><span style=\"vertical-align: inherit;\"><span style=\"vertical-align: inherit;\"><span dir=\"auto\" style=\"vertical-align: inherit;\"><span dir=\"auto\" style=\"vertical-align: inherit;\"> &gt;97%<\/span><\/span><\/span><\/span><\/p>\n","protected":false},"featured_media":28466,"comment_status":"closed","ping_status":"closed","template":"","meta":[],"product_brand":[],"product_cat":[436,381],"product_tag":[1170,326],"class_list":{"0":"post-23514","1":"product","2":"type-product","3":"status-publish","4":"has-post-thumbnail","6":"product_cat-5-meo-mipt","7":"product_cat-tryptamines","8":"product_tag-5-meo-mipt-hydrochloride","9":"product_tag-nl","11":"first","12":"instock","13":"taxable","14":"shipping-taxable","15":"purchasable","16":"product-type-variable"},"_links":{"self":[{"href":"https:\/\/researchchemicalhub.com\/et\/wp-json\/wp\/v2\/product\/23514","targetHints":{"allow":["GET"]}}],"collection":[{"href":"https:\/\/researchchemicalhub.com\/et\/wp-json\/wp\/v2\/product"}],"about":[{"href":"https:\/\/researchchemicalhub.com\/et\/wp-json\/wp\/v2\/types\/product"}],"replies":[{"embeddable":true,"href":"https:\/\/researchchemicalhub.com\/et\/wp-json\/wp\/v2\/comments?post=23514"}],"version-history":[{"count":5,"href":"https:\/\/researchchemicalhub.com\/et\/wp-json\/wp\/v2\/product\/23514\/revisions"}],"predecessor-version":[{"id":28029,"href":"https:\/\/researchchemicalhub.com\/et\/wp-json\/wp\/v2\/product\/23514\/revisions\/28029"}],"wp:featuredmedia":[{"embeddable":true,"href":"https:\/\/researchchemicalhub.com\/et\/wp-json\/wp\/v2\/media\/28466"}],"wp:attachment":[{"href":"https:\/\/researchchemicalhub.com\/et\/wp-json\/wp\/v2\/media?parent=23514"}],"wp:term":[{"taxonomy":"product_brand","embeddable":true,"href":"https:\/\/researchchemicalhub.com\/et\/wp-json\/wp\/v2\/product_brand?post=23514"},{"taxonomy":"product_cat","embeddable":true,"href":"https:\/\/researchchemicalhub.com\/et\/wp-json\/wp\/v2\/product_cat?post=23514"},{"taxonomy":"product_tag","embeddable":true,"href":"https:\/\/researchchemicalhub.com\/et\/wp-json\/wp\/v2\/product_tag?post=23514"}],"curies":[{"name":"t\u00f6\u00f6leht","href":"https:\/\/api.w.org\/{rel}","templated":true}]}}