{"id":23481,"date":"2025-04-13T17:39:49","date_gmt":"2025-04-13T17:39:49","guid":{"rendered":"https:\/\/researchchemicalhub.com\/?post_type=product&#038;p=23481"},"modified":"2025-10-30T09:28:04","modified_gmt":"2025-10-30T09:28:04","slug":"5-meo-dalt-vababaas","status":"publish","type":"product","link":"https:\/\/researchchemicalhub.com\/et\/pood\/5-miljonit-dollarit\/5-meo-dalt-vababaas\/","title":{"rendered":"5-MeO-DALT vaba alus"},"content":{"rendered":"<h1><strong><span dir=\"auto\" style=\"vertical-align: inherit;\"><span dir=\"auto\" style=\"vertical-align: inherit;\"><span dir=\"auto\" style=\"vertical-align: inherit;\"><span dir=\"auto\" style=\"vertical-align: inherit;\">5-MeO-DALT vaba alus \u2013 s\u00fcnteetiline tr\u00fcptamiin teaduslikuks kasutamiseks<\/span><\/span><\/span><\/span><\/strong><\/h1>\n<p data-start=\"4137\" data-end=\"4330\"><strong data-start=\"4137\" data-end=\"4194\"><span dir=\"auto\" style=\"vertical-align: inherit;\"><span dir=\"auto\" style=\"vertical-align: inherit;\">5-MeO-DALT vaba alus (5-metoks\u00fc-N,N-diall\u00fc\u00fcltr\u00fcptamiin)<\/span><\/span><\/strong><span dir=\"auto\" style=\"vertical-align: inherit;\"><span dir=\"auto\" style=\"vertical-align: inherit;\"> on <\/span><\/span><strong data-start=\"4202\" data-end=\"4244\"><span dir=\"auto\" style=\"vertical-align: inherit;\"><span dir=\"auto\" style=\"vertical-align: inherit;\">k\u00f5rge puhtusastmega uurimis\u00fchend<\/span><\/span><\/strong><span dir=\"auto\" style=\"vertical-align: inherit;\"><span dir=\"auto\" style=\"vertical-align: inherit;\"> v\u00e4lja t\u00f6\u00f6tatud <\/span><\/span><strong data-start=\"4262\" data-end=\"4327\"><span dir=\"auto\" style=\"vertical-align: inherit;\"><span dir=\"auto\" style=\"vertical-align: inherit;\">neuroteadus, farmakoloogia ja anal\u00fc\u00fctiline uurimist\u00f6\u00f6<\/span><\/span><\/strong><span dir=\"auto\" style=\"vertical-align: inherit;\"><span dir=\"auto\" style=\"vertical-align: inherit;\"> . <\/span><\/span><span class=\"___SBox_epc1q-ko_ ___SText_zko9t-ko_\" data-ui-name=\"Link.Text\"><span dir=\"auto\" style=\"vertical-align: inherit;\"><span dir=\"auto\" style=\"vertical-align: inherit;\">5-meo-dalti vaba alus<\/span><\/span><\/span><\/p>\n<p data-start=\"4332\" data-end=\"4578\"><span dir=\"auto\" style=\"vertical-align: inherit;\"><span dir=\"auto\" style=\"vertical-align: inherit;\">Tuhk <\/span><\/span><strong data-start=\"4336\" data-end=\"4380\"><span dir=\"auto\" style=\"vertical-align: inherit;\"><span dir=\"auto\" style=\"vertical-align: inherit;\">metoks\u00fc-asendatud diall\u00fc\u00fclanaloog<\/span><\/span><\/strong><span dir=\"auto\" style=\"vertical-align: inherit;\"><span dir=\"auto\" style=\"vertical-align: inherit;\"> v\u00f5i <\/span><\/span><strong data-start=\"4385\" data-end=\"4417\"><span dir=\"auto\" style=\"vertical-align: inherit;\"><span dir=\"auto\" style=\"vertical-align: inherit;\">DMT (N,N-dimet\u00fc\u00fcltr\u00fcptamiin),<\/span><\/span><\/strong><span dir=\"auto\" style=\"vertical-align: inherit;\"><span dir=\"auto\" style=\"vertical-align: inherit;\"> 5-MeO-DALT kuulub <\/span><\/span><strong data-start=\"4444\" data-end=\"4464\"><span dir=\"auto\" style=\"vertical-align: inherit;\"><span dir=\"auto\" style=\"vertical-align: inherit;\">tr\u00fcptamiini klass<\/span><\/span><\/strong><span dir=\"auto\" style=\"vertical-align: inherit;\"><span dir=\"auto\" style=\"vertical-align: inherit;\"> ja selle p\u00e4rast uuritakse <\/span><\/span><strong data-start=\"4502\" data-end=\"4575\"><span dir=\"auto\" style=\"vertical-align: inherit;\"><span dir=\"auto\" style=\"vertical-align: inherit;\">seondumisafiinsus serotoniini retseptoritega (5-HT1A, 5-HT2A, 5-HT2C)<\/span><\/span><\/strong><span dir=\"auto\" style=\"vertical-align: inherit;\"><span dir=\"auto\" style=\"vertical-align: inherit;\"> .<\/span><\/span><\/p>\n<p data-start=\"4580\" data-end=\"4757\"><span dir=\"auto\" style=\"vertical-align: inherit;\"><span dir=\"auto\" style=\"vertical-align: inherit;\">See <\/span><\/span><strong data-start=\"4583\" data-end=\"4599\"><span dir=\"auto\" style=\"vertical-align: inherit;\"><span dir=\"auto\" style=\"vertical-align: inherit;\">vababaasiline vorm<\/span><\/span><\/strong><span dir=\"auto\" style=\"vertical-align: inherit;\"><span dir=\"auto\" style=\"vertical-align: inherit;\"> pakub optimaalset <\/span><\/span><strong data-start=\"4615\" data-end=\"4659\"><span dir=\"auto\" style=\"vertical-align: inherit;\"><span dir=\"auto\" style=\"vertical-align: inherit;\">keemiline paindlikkus ja lahustuvus<\/span><\/span><\/strong><span dir=\"auto\" style=\"vertical-align: inherit;\"><span dir=\"auto\" style=\"vertical-align: inherit;\"> , mis teeb sellest ideaalse valiku <\/span><\/span><strong data-start=\"4699\" data-end=\"4754\"><span dir=\"auto\" style=\"vertical-align: inherit;\"><span dir=\"auto\" style=\"vertical-align: inherit;\">anal\u00fc\u00fctilised, farmakoloogilised ja struktuuriuuringud<\/span><\/span><\/strong><span dir=\"auto\" style=\"vertical-align: inherit;\"><span dir=\"auto\" style=\"vertical-align: inherit;\"> .<\/span><\/span><\/p>\n<blockquote data-start=\"4759\" data-end=\"4910\">\n<p data-start=\"4761\" data-end=\"4910\">\u26a0\ufe0f <strong data-start=\"4764\" data-end=\"4775\"><span dir=\"auto\" style=\"vertical-align: inherit;\"><span dir=\"auto\" style=\"vertical-align: inherit;\">Palun arvestage:<\/span><\/span><\/strong><span dir=\"auto\" style=\"vertical-align: inherit;\"><span dir=\"auto\" style=\"vertical-align: inherit;\"> See toode on <\/span><\/span><strong data-start=\"4791\" data-end=\"4846\"><span dir=\"auto\" style=\"vertical-align: inherit;\"><span dir=\"auto\" style=\"vertical-align: inherit;\">m\u00f5eldud ainult teaduslikuks uurimist\u00f6\u00f6ks<\/span><\/span><\/strong><span dir=\"auto\" style=\"vertical-align: inherit;\"><span dir=\"auto\" style=\"vertical-align: inherit;\"> ja <\/span><\/span><strong data-start=\"4850\" data-end=\"4907\"><span dir=\"auto\" style=\"vertical-align: inherit;\"><span dir=\"auto\" style=\"vertical-align: inherit;\">ei sobi inimeste ega loomade toiduks<\/span><\/span><\/strong><span dir=\"auto\" style=\"vertical-align: inherit;\"><span dir=\"auto\" style=\"vertical-align: inherit;\"> .<\/span><\/span><\/p>\n<\/blockquote>\n<hr data-start=\"4912\" data-end=\"4915\" \/>\n<h3 data-start=\"4917\" data-end=\"4948\"><strong data-start=\"4921\" data-end=\"4948\"><span dir=\"auto\" style=\"vertical-align: inherit;\"><span dir=\"auto\" style=\"vertical-align: inherit;\">Peamised omadused<\/span><\/span><\/strong><\/h3>\n<ul data-start=\"4949\" data-end=\"5360\">\n<li data-start=\"4949\" data-end=\"5025\">\n<p data-start=\"4951\" data-end=\"5025\"><strong data-start=\"4951\" data-end=\"4977\"><span dir=\"auto\" style=\"vertical-align: inherit;\"><span dir=\"auto\" style=\"vertical-align: inherit;\">K\u00f5rge puhtusaste (\u226599%)<\/span><\/span><\/strong><span dir=\"auto\" style=\"vertical-align: inherit;\"><span dir=\"auto\" style=\"vertical-align: inherit;\"> \u2013 Kinnitatud HPLC, NMR ja GC-MS anal\u00fc\u00fcsiga.<\/span><\/span><\/p>\n<\/li>\n<li data-start=\"5026\" data-end=\"5105\">\n<p data-start=\"5028\" data-end=\"5105\"><strong data-start=\"5028\" data-end=\"5044\"><span dir=\"auto\" style=\"vertical-align: inherit;\"><span dir=\"auto\" style=\"vertical-align: inherit;\">Vababaasiline vorm<\/span><\/span><\/strong><span dir=\"auto\" style=\"vertical-align: inherit;\"><span dir=\"auto\" style=\"vertical-align: inherit;\"> \u2013 Pakub anal\u00fc\u00fctilise uurimist\u00f6\u00f6 jaoks maksimaalset mitmek\u00fclgsust.<\/span><\/span><\/p>\n<\/li>\n<li data-start=\"5106\" data-end=\"5193\">\n<p data-start=\"5108\" data-end=\"5193\"><strong data-start=\"5108\" data-end=\"5147\"><span dir=\"auto\" style=\"vertical-align: inherit;\"><span dir=\"auto\" style=\"vertical-align: inherit;\">Farmakoloogiliste uuringute standard<\/span><\/span><\/strong><span dir=\"auto\" style=\"vertical-align: inherit;\"><span dir=\"auto\" style=\"vertical-align: inherit;\"> \u2013 Sobib retseptorite ja SAR-uuringuteks.<\/span><\/span><\/p>\n<\/li>\n<li data-start=\"5194\" data-end=\"5271\">\n<p data-start=\"5196\" data-end=\"5271\"><strong data-start=\"5196\" data-end=\"5221\"><span dir=\"auto\" style=\"vertical-align: inherit;\"><span dir=\"auto\" style=\"vertical-align: inherit;\">GMP-sarnane tootmine<\/span><\/span><\/strong><span dir=\"auto\" style=\"vertical-align: inherit;\"><span dir=\"auto\" style=\"vertical-align: inherit;\"> \u2013 J\u00e4rjepidev kvaliteet ja reprodutseeritavus.<\/span><\/span><\/p>\n<\/li>\n<li data-start=\"5272\" data-end=\"5360\">\n<p data-start=\"5274\" data-end=\"5360\"><strong data-start=\"5274\" data-end=\"5296\"><span dir=\"auto\" style=\"vertical-align: inherit;\"><span dir=\"auto\" style=\"vertical-align: inherit;\">Turvaline pakend<\/span><\/span><\/strong><span dir=\"auto\" style=\"vertical-align: inherit;\"><span dir=\"auto\" style=\"vertical-align: inherit;\"> \u2013 \u00d5hukindel ja valgusekindel pakend maksimaalse kaitse tagamiseks.<\/span><\/span><\/p>\n<\/li>\n<\/ul>\n<hr data-start=\"5362\" data-end=\"5365\" \/>\n<h3 data-start=\"5367\" data-end=\"5384\"><strong data-start=\"5371\" data-end=\"5384\"><span dir=\"auto\" style=\"vertical-align: inherit;\"><span dir=\"auto\" style=\"vertical-align: inherit;\">Eelised<\/span><\/span><\/strong><\/h3>\n<ul data-start=\"5385\" data-end=\"5667\">\n<li data-start=\"5385\" data-end=\"5465\">\n<p data-start=\"5387\" data-end=\"5465\"><span dir=\"auto\" style=\"vertical-align: inherit;\"><span dir=\"auto\" style=\"vertical-align: inherit;\">Toetab <\/span><\/span><strong data-start=\"5399\" data-end=\"5462\"><span dir=\"auto\" style=\"vertical-align: inherit;\"><span dir=\"auto\" style=\"vertical-align: inherit;\">Serotoniini retseptorite ja tr\u00fcptamiini analoogide uuringud<\/span><\/span><\/strong><span dir=\"auto\" style=\"vertical-align: inherit;\"><span dir=\"auto\" style=\"vertical-align: inherit;\"> .<\/span><\/span><\/p>\n<\/li>\n<li data-start=\"5466\" data-end=\"5526\">\n<p data-start=\"5468\" data-end=\"5526\"><strong data-start=\"5468\" data-end=\"5523\"><span dir=\"auto\" style=\"vertical-align: inherit;\"><span dir=\"auto\" style=\"vertical-align: inherit;\">T\u00e4psed ja reprodutseeritavad uurimistulemused<\/span><\/span><\/strong><span dir=\"auto\" style=\"vertical-align: inherit;\"><span dir=\"auto\" style=\"vertical-align: inherit;\"> .<\/span><\/span><\/p>\n<\/li>\n<li data-start=\"5527\" data-end=\"5595\">\n<p data-start=\"5529\" data-end=\"5595\"><strong data-start=\"5529\" data-end=\"5573\"><span dir=\"auto\" style=\"vertical-align: inherit;\"><span dir=\"auto\" style=\"vertical-align: inherit;\">Suurep\u00e4rane lahustuvus ja stabiilsus<\/span><\/span><\/strong><span dir=\"auto\" style=\"vertical-align: inherit;\"><span dir=\"auto\" style=\"vertical-align: inherit;\"> vabal kujul.<\/span><\/span><\/p>\n<\/li>\n<li data-start=\"5596\" data-end=\"5667\">\n<p data-start=\"5598\" data-end=\"5667\"><span dir=\"auto\" style=\"vertical-align: inherit;\"><span dir=\"auto\" style=\"vertical-align: inherit;\">Ideaalne <\/span><\/span><strong data-start=\"5610\" data-end=\"5664\"><span dir=\"auto\" style=\"vertical-align: inherit;\"><span dir=\"auto\" style=\"vertical-align: inherit;\">akadeemiline, farmakoloogiline ja anal\u00fc\u00fctiline uurimist\u00f6\u00f6<\/span><\/span><\/strong><span dir=\"auto\" style=\"vertical-align: inherit;\"><span dir=\"auto\" style=\"vertical-align: inherit;\"> .<\/span><\/span><\/p>\n<\/li>\n<\/ul>\n<hr data-start=\"5669\" data-end=\"5672\" \/>\n<h3 data-start=\"5674\" data-end=\"5689\"><strong data-start=\"5678\" data-end=\"5689\"><span dir=\"auto\" style=\"vertical-align: inherit;\"><span dir=\"auto\" style=\"vertical-align: inherit;\">Kasutus<\/span><\/span><\/strong><\/h3>\n<ul data-start=\"5690\" data-end=\"5961\">\n<li data-start=\"5690\" data-end=\"5760\">\n<p data-start=\"5692\" data-end=\"5760\"><span dir=\"auto\" style=\"vertical-align: inherit;\"><span dir=\"auto\" style=\"vertical-align: inherit;\">Kasutamiseks kuni <\/span><\/span><strong data-start=\"5717\" data-end=\"5757\"><span dir=\"auto\" style=\"vertical-align: inherit;\"><span dir=\"auto\" style=\"vertical-align: inherit;\">kvalifitseeritud laboripersonal<\/span><\/span><\/strong><span dir=\"auto\" style=\"vertical-align: inherit;\"><span dir=\"auto\" style=\"vertical-align: inherit;\"> ainult .<\/span><\/span><\/p>\n<\/li>\n<li data-start=\"5761\" data-end=\"5837\">\n<p data-start=\"5763\" data-end=\"5837\"><span dir=\"auto\" style=\"vertical-align: inherit;\"><span dir=\"auto\" style=\"vertical-align: inherit;\">Kandke sobivat <\/span><\/span><strong data-start=\"5781\" data-end=\"5805\"><span dir=\"auto\" style=\"vertical-align: inherit;\"><span dir=\"auto\" style=\"vertical-align: inherit;\">kaitsevarustus<\/span><\/span><\/strong><span dir=\"auto\" style=\"vertical-align: inherit;\"><span dir=\"auto\" style=\"vertical-align: inherit;\"> (kindad, kaitseprillid, laborikittel).<\/span><\/span><\/p>\n<\/li>\n<li data-start=\"5838\" data-end=\"5902\">\n<p data-start=\"5840\" data-end=\"5902\"><span dir=\"auto\" style=\"vertical-align: inherit;\"><span dir=\"auto\" style=\"vertical-align: inherit;\">Hoida <\/span><\/span><strong data-start=\"5855\" data-end=\"5889\"><span dir=\"auto\" style=\"vertical-align: inherit;\"><span dir=\"auto\" style=\"vertical-align: inherit;\">jahedas, kuivas ja pimedas kohas<\/span><\/span><\/strong><span dir=\"auto\" style=\"vertical-align: inherit;\"><span dir=\"auto\" style=\"vertical-align: inherit;\"> (15\u201325 \u00b0C).<\/span><\/span><\/p>\n<\/li>\n<li data-start=\"5903\" data-end=\"5961\">\n<p data-start=\"5905\" data-end=\"5961\"><span dir=\"auto\" style=\"vertical-align: inherit;\"><span dir=\"auto\" style=\"vertical-align: inherit;\">Ei sobi inimeste ega loomade toiduks.<\/span><\/span><\/p>\n<\/li>\n<\/ul>\n<hr data-start=\"5963\" data-end=\"5966\" \/>\n<h3 data-start=\"5968\" data-end=\"6003\"><strong data-start=\"5972\" data-end=\"6003\"><span dir=\"auto\" style=\"vertical-align: inherit;\"><span dir=\"auto\" style=\"vertical-align: inherit;\">Korduma kippuvad k\u00fcsimused (KKK)<\/span><\/span><\/strong><\/h3>\n<p data-start=\"6005\" data-end=\"6214\"><strong data-start=\"6005\" data-end=\"6056\"><span dir=\"auto\" style=\"vertical-align: inherit;\"><span dir=\"auto\" style=\"vertical-align: inherit;\">1. Milleks kasutatakse 5-MeO-DALT vaba alust?<\/span><\/span><\/strong><br data-start=\"6056\" data-end=\"6059\" \/><span dir=\"auto\" style=\"vertical-align: inherit;\"><span dir=\"auto\" style=\"vertical-align: inherit;\"> 5-MeO-DALT vaba alust kasutatakse <\/span><\/span><strong data-start=\"6097\" data-end=\"6142\"><span dir=\"auto\" style=\"vertical-align: inherit;\"><span dir=\"auto\" style=\"vertical-align: inherit;\">farmakoloogilised ja neurokeemilised uuringud<\/span><\/span><\/strong><span dir=\"auto\" style=\"vertical-align: inherit;\"><span dir=\"auto\" style=\"vertical-align: inherit;\"> serotoniini retseptorite ja struktuuri-aktiivsuse seoste (SAR) kohta.<\/span><\/span><\/p>\n<p data-start=\"6216\" data-end=\"6398\"><strong data-start=\"6216\" data-end=\"6276\"><span dir=\"auto\" style=\"vertical-align: inherit;\"><span dir=\"auto\" style=\"vertical-align: inherit;\">2. Kas 5-MeO-DALT vaba alus on inimestele ohutu?<\/span><\/span><\/strong><br data-start=\"6276\" data-end=\"6279\" \/><span dir=\"auto\" style=\"vertical-align: inherit;\"><span dir=\"auto\" style=\"vertical-align: inherit;\"> Ei. See toode on <\/span><\/span><strong data-start=\"6299\" data-end=\"6348\"><span dir=\"auto\" style=\"vertical-align: inherit;\"><span dir=\"auto\" style=\"vertical-align: inherit;\">m\u00f5eldud ainult teaduslikuks otstarbeks<\/span><\/span><\/strong><span dir=\"auto\" style=\"vertical-align: inherit;\"><span dir=\"auto\" style=\"vertical-align: inherit;\"> ja see ei ole inimtoiduks heaks kiidetud.<\/span><\/span><\/p>\n<p data-start=\"6400\" data-end=\"6573\"><strong data-start=\"6400\" data-end=\"6451\"><span dir=\"auto\" style=\"vertical-align: inherit;\"><span dir=\"auto\" style=\"vertical-align: inherit;\">3. Kuidas tuleks 5-MeO-DALT vaba alust s\u00e4ilitada?<\/span><\/span><\/strong><br data-start=\"6451\" data-end=\"6454\" \/><span dir=\"auto\" style=\"vertical-align: inherit;\"><span dir=\"auto\" style=\"vertical-align: inherit;\"> Hoida <\/span><\/span><strong data-start=\"6469\" data-end=\"6499\"><span dir=\"auto\" style=\"vertical-align: inherit;\"><span dir=\"auto\" style=\"vertical-align: inherit;\">tihedalt suletud anum<\/span><\/span><\/strong><span dir=\"auto\" style=\"vertical-align: inherit;\"><span dir=\"auto\" style=\"vertical-align: inherit;\"> toatemperatuuril (15\u201325 \u00b0C), valguse, niiskuse ja kuumuse eest kaitstult.<\/span><\/span><\/p>","protected":false},"excerpt":{"rendered":"<h3><span data-sheets-value=\"{\" data-sheets-userformat=\"{\"><span dir=\"auto\" style=\"vertical-align: inherit;\"><span dir=\"auto\" style=\"vertical-align: inherit;\"><span dir=\"auto\" style=\"vertical-align: inherit;\"><span dir=\"auto\" style=\"vertical-align: inherit;\">5-MeO-DALT freebase properties<\/span><\/span><\/span><\/span><\/span><\/h3>\n<p><strong><span style=\"vertical-align: inherit;\"><span style=\"vertical-align: inherit;\"><span dir=\"auto\" style=\"vertical-align: inherit;\"><span dir=\"auto\" style=\"vertical-align: inherit;\"><span dir=\"auto\" style=\"vertical-align: inherit;\"><span dir=\"auto\" style=\"vertical-align: inherit;\">Synonym:<\/span><\/span><\/span><\/span><\/span><\/span><\/strong><span style=\"vertical-align: inherit;\"><span style=\"vertical-align: inherit;\"><span dir=\"auto\" style=\"vertical-align: inherit;\"><span dir=\"auto\" style=\"vertical-align: inherit;\"><span dir=\"auto\" style=\"vertical-align: inherit;\"><span dir=\"auto\" style=\"vertical-align: inherit;\"> 5-methoxy-N,N-diallyltryptamine <\/span><\/span><\/span><\/span><\/span><\/span><br \/>\n<strong><span style=\"vertical-align: inherit;\"><span style=\"vertical-align: inherit;\"><span dir=\"auto\" style=\"vertical-align: inherit;\"><span dir=\"auto\" style=\"vertical-align: inherit;\"><span dir=\"auto\" style=\"vertical-align: inherit;\"><span dir=\"auto\" style=\"vertical-align: inherit;\">CAS Number:<\/span><\/span><\/span><\/span><\/span><\/span><\/strong><span style=\"vertical-align: inherit;\"><span style=\"vertical-align: inherit;\"><span dir=\"auto\" style=\"vertical-align: inherit;\"><span dir=\"auto\" style=\"vertical-align: inherit;\"><span dir=\"auto\" style=\"vertical-align: inherit;\"><span dir=\"auto\" style=\"vertical-align: inherit;\"> 928822-98-4 <\/span><\/span><\/span><\/span><\/span><\/span><br \/>\n<strong><span style=\"vertical-align: inherit;\"><span style=\"vertical-align: inherit;\"><span dir=\"auto\" style=\"vertical-align: inherit;\"><span dir=\"auto\" style=\"vertical-align: inherit;\"><span dir=\"auto\" style=\"vertical-align: inherit;\"><span dir=\"auto\" style=\"vertical-align: inherit;\">Formula:<\/span><\/span><\/span><\/span><\/span><\/span><\/strong><span style=\"vertical-align: inherit;\"><span style=\"vertical-align: inherit;\"><span dir=\"auto\" style=\"vertical-align: inherit;\"><span dir=\"auto\" style=\"vertical-align: inherit;\"><span dir=\"auto\" style=\"vertical-align: inherit;\"><span dir=\"auto\" style=\"vertical-align: inherit;\"> 3-[2-(diallylamino)ethyl]-5-methoxyindole <\/span><\/span><\/span><\/span><\/span><\/span><br \/>\n<strong><span style=\"vertical-align: inherit;\"><span style=\"vertical-align: inherit;\"><span dir=\"auto\" style=\"vertical-align: inherit;\"><span dir=\"auto\" style=\"vertical-align: inherit;\"><span dir=\"auto\" style=\"vertical-align: inherit;\"><span dir=\"auto\" style=\"vertical-align: inherit;\">Molar Mass:<\/span><\/span><\/span><\/span><\/span><\/span><\/strong><span style=\"vertical-align: inherit;\"><span style=\"vertical-align: inherit;\"><span dir=\"auto\" style=\"vertical-align: inherit;\"><span dir=\"auto\" style=\"vertical-align: inherit;\"><span dir=\"auto\" style=\"vertical-align: inherit;\"><span dir=\"auto\" style=\"vertical-align: inherit;\"> 270.4 g\/mol <\/span><\/span><\/span><\/span><\/span><\/span><br \/>\n<strong><span style=\"vertical-align: inherit;\"><span style=\"vertical-align: inherit;\"><span dir=\"auto\" style=\"vertical-align: inherit;\"><span dir=\"auto\" style=\"vertical-align: inherit;\"><span dir=\"auto\" style=\"vertical-align: inherit;\"><span dir=\"auto\" style=\"vertical-align: inherit;\">Purity:<\/span><\/span><\/span><\/span><\/span><\/span><\/strong><span style=\"vertical-align: inherit;\"><span style=\"vertical-align: inherit;\"><span dir=\"auto\" style=\"vertical-align: inherit;\"><span dir=\"auto\" style=\"vertical-align: inherit;\"><span dir=\"auto\" style=\"vertical-align: inherit;\"><span dir=\"auto\" style=\"vertical-align: inherit;\"> &gt;97%<\/span><\/span><\/span><\/span><\/span><\/span><\/p>\n","protected":false},"featured_media":28458,"comment_status":"closed","ping_status":"closed","template":"","meta":[],"product_brand":[],"product_cat":[455,381],"product_tag":[1178,1179,1180,326],"class_list":{"0":"post-23481","1":"product","2":"type-product","3":"status-publish","4":"has-post-thumbnail","6":"product_cat-5-meo-dalt","7":"product_cat-tryptamines","8":"product_tag-5-meo-dalt-freebase","9":"product_tag-5-meo-dalt-freebase-kopen","10":"product_tag-5-meo-dalt-kopen","11":"product_tag-nl","13":"first","14":"instock","15":"taxable","16":"shipping-taxable","17":"purchasable","18":"product-type-variable"},"_links":{"self":[{"href":"https:\/\/researchchemicalhub.com\/et\/wp-json\/wp\/v2\/product\/23481","targetHints":{"allow":["GET"]}}],"collection":[{"href":"https:\/\/researchchemicalhub.com\/et\/wp-json\/wp\/v2\/product"}],"about":[{"href":"https:\/\/researchchemicalhub.com\/et\/wp-json\/wp\/v2\/types\/product"}],"replies":[{"embeddable":true,"href":"https:\/\/researchchemicalhub.com\/et\/wp-json\/wp\/v2\/comments?post=23481"}],"version-history":[{"count":6,"href":"https:\/\/researchchemicalhub.com\/et\/wp-json\/wp\/v2\/product\/23481\/revisions"}],"predecessor-version":[{"id":28733,"href":"https:\/\/researchchemicalhub.com\/et\/wp-json\/wp\/v2\/product\/23481\/revisions\/28733"}],"wp:featuredmedia":[{"embeddable":true,"href":"https:\/\/researchchemicalhub.com\/et\/wp-json\/wp\/v2\/media\/28458"}],"wp:attachment":[{"href":"https:\/\/researchchemicalhub.com\/et\/wp-json\/wp\/v2\/media?parent=23481"}],"wp:term":[{"taxonomy":"product_brand","embeddable":true,"href":"https:\/\/researchchemicalhub.com\/et\/wp-json\/wp\/v2\/product_brand?post=23481"},{"taxonomy":"product_cat","embeddable":true,"href":"https:\/\/researchchemicalhub.com\/et\/wp-json\/wp\/v2\/product_cat?post=23481"},{"taxonomy":"product_tag","embeddable":true,"href":"https:\/\/researchchemicalhub.com\/et\/wp-json\/wp\/v2\/product_tag?post=23481"}],"curies":[{"name":"t\u00f6\u00f6leht","href":"https:\/\/api.w.org\/{rel}","templated":true}]}}