{"id":23445,"date":"2025-04-13T17:39:46","date_gmt":"2025-04-13T17:39:46","guid":{"rendered":"https:\/\/researchchemicalhub.com\/?post_type=product&#038;p=23445"},"modified":"2025-10-30T09:28:37","modified_gmt":"2025-10-30T09:28:37","slug":"4-ho-dpt-fumaraat","status":"publish","type":"product","link":"https:\/\/researchchemicalhub.com\/et\/pood\/4-ho-dpt\/4-ho-dpt-fumaraat\/","title":{"rendered":"4-HO-DPT fumaraat"},"content":{"rendered":"<h3><strong><span dir=\"auto\" style=\"vertical-align: inherit;\"><span dir=\"auto\" style=\"vertical-align: inherit;\">4-HO-DPT Fumarate \u2013 Product Description, Uses, Effects &amp; FAQs<\/span><\/span><\/strong><\/h3>\n<p data-start=\"4143\" data-end=\"4335\"><strong data-start=\"4143\" data-end=\"4199\">4-HO-DPT Fumaraat (4-Hydroxy-N,N-Dipropyltryptamine)<\/strong> on <strong data-start=\"4207\" data-end=\"4249\">k\u00f5rge puhtusastmega uurimis\u00fchend<\/strong>, v\u00e4lja t\u00f6\u00f6tatud <strong data-start=\"4267\" data-end=\"4332\">neuroteaduslikud, farmakoloogilised ja anal\u00fc\u00fctilised uuringud<\/strong>. <span class=\"___SBox_epc1q-ko_ ___SText_zko9t-ko_\" data-ui-name=\"Link.Text\">4 ho dpt<\/span><\/p>\n<p data-start=\"4337\" data-end=\"4661\">Kui <strong data-start=\"4341\" data-end=\"4378\">h\u00fcdroks\u00fc\u00fcl-asendatud analoog<\/strong> k\u00f5rval <strong data-start=\"4383\" data-end=\"4415\">DPT (N,N-Dipropyltryptamine)<\/strong> behoort het tot de <strong data-start=\"4435\" data-end=\"4471\">4-h\u00fcdroks\u00fctr\u00fcptamiini klass (4-H2O)<\/strong> en is het nauw verwant aan <strong data-start=\"4499\" data-end=\"4523\">4-HO-DMT (psilotsiin)<\/strong>Seda kasutatakse <strong data-start=\"4547\" data-end=\"4612\">onderzoek naar serotonine-receptoren (5-HT1A, 5-HT2A, 5-HT2C)<\/strong> ja <strong data-start=\"4616\" data-end=\"4658\">struktuuri-aktiivsuse seosed (SAR)<\/strong>.<\/p>\n<p data-start=\"4663\" data-end=\"4845\">See <strong data-start=\"4666\" data-end=\"4686\">fumaraadi soola vorm<\/strong> pakkumised <strong data-start=\"4693\" data-end=\"4756\">parem keemiline stabiilsus, lahustuvus ja s\u00e4ilivusaeg<\/strong>, waardoor het ideaal is voor langdurige opslag en gecontroleerd laboratoriumonderzoek.<\/p>\n<blockquote data-start=\"4847\" data-end=\"4998\">\n<p data-start=\"4849\" data-end=\"4998\">\u26a0\ufe0f <strong data-start=\"4852\" data-end=\"4863\">NB!<\/strong> See toode on <strong data-start=\"4879\" data-end=\"4934\">m\u00f5eldud ainult teaduslikuks uurimist\u00f6\u00f6ks<\/strong> ja <strong data-start=\"4938\" data-end=\"4995\">ei sobi inimeste ega loomade toiduks<\/strong>.<\/p>\n<\/blockquote>\n<hr data-start=\"5000\" data-end=\"5003\" \/>\n<h3 data-start=\"5005\" data-end=\"5036\"><strong data-start=\"5009\" data-end=\"5036\">Peamised omadused<\/strong><\/h3>\n<ul data-start=\"5037\" data-end=\"5435\">\n<li data-start=\"5037\" data-end=\"5113\">\n<p data-start=\"5039\" data-end=\"5113\"><strong data-start=\"5039\" data-end=\"5065\">K\u00f5rge puhtusaste (\u226599%)<\/strong> \u2013 Bevestigd via HPLC-, NMR- en GC-MS-analyse.<\/p>\n<\/li>\n<li data-start=\"5114\" data-end=\"5187\">\n<p data-start=\"5116\" data-end=\"5187\"><strong data-start=\"5116\" data-end=\"5145\">Stabiilne fumaraadi soolavorm<\/strong> \u2013 Suurendab s\u00e4ilivusaega ja stabiilsust.<\/p>\n<\/li>\n<li data-start=\"5188\" data-end=\"5275\">\n<p data-start=\"5190\" data-end=\"5275\"><strong data-start=\"5190\" data-end=\"5229\">Farmakoloogiliste uuringute standard<\/strong> \u2013 Sobib retseptorite ja SAR-uuringuteks.<\/p>\n<\/li>\n<li data-start=\"5276\" data-end=\"5346\">\n<p data-start=\"5278\" data-end=\"5346\"><strong data-start=\"5278\" data-end=\"5303\">J\u00e4rjepidev kvaliteet<\/strong> \u2013 Valmistatud GMP-sarnaste standardite kohaselt.<\/p>\n<\/li>\n<li data-start=\"5347\" data-end=\"5435\">\n<p data-start=\"5349\" data-end=\"5435\"><strong data-start=\"5349\" data-end=\"5371\">Ohutu pakend<\/strong> \u2013 \u00d5hutihedalt ja valgusekindlalt pakitud maksimaalse kaitse tagamiseks.<\/p>\n<\/li>\n<\/ul>\n<hr data-start=\"5437\" data-end=\"5440\" \/>\n<h3 data-start=\"5442\" data-end=\"5459\"><strong data-start=\"5446\" data-end=\"5459\">Eelised<\/strong><\/h3>\n<ul data-start=\"5460\" data-end=\"5757\">\n<li data-start=\"5460\" data-end=\"5540\">\n<p data-start=\"5462\" data-end=\"5540\">Toetab <strong data-start=\"5474\" data-end=\"5537\">Serotoniini retseptorite ja tr\u00fcptamiini analoogide uuringud<\/strong>.<\/p>\n<\/li>\n<li data-start=\"5541\" data-end=\"5601\">\n<p data-start=\"5543\" data-end=\"5601\"><strong data-start=\"5543\" data-end=\"5598\">Usaldusv\u00e4\u00e4rsed ja reprodutseeritavad uurimistulemused<\/strong>.<\/p>\n<\/li>\n<li data-start=\"5602\" data-end=\"5685\">\n<p data-start=\"5604\" data-end=\"5685\"><strong data-start=\"5604\" data-end=\"5647\">Parem stabiilsus ja lahustuvus<\/strong> vaba aluse vormi suhtes.<\/p>\n<\/li>\n<li data-start=\"5686\" data-end=\"5757\">\n<p data-start=\"5688\" data-end=\"5757\">Ideaalne <strong data-start=\"5700\" data-end=\"5754\">akadeemiline, farmakoloogiline ja anal\u00fc\u00fctiline uurimist\u00f6\u00f6<\/strong>.<\/p>\n<\/li>\n<\/ul>\n<hr data-start=\"5759\" data-end=\"5762\" \/>\n<h3 data-start=\"5764\" data-end=\"5779\"><strong data-start=\"5768\" data-end=\"5779\">Kasutus<\/strong><\/h3>\n<ul data-start=\"5780\" data-end=\"6051\">\n<li data-start=\"5780\" data-end=\"5850\">\n<p data-start=\"5782\" data-end=\"5850\">Ainult kasutamiseks <strong data-start=\"5807\" data-end=\"5847\">kvalifitseeritud laboripersonal<\/strong>. <span class=\"___SBox_epc1q-ko_ ___SText_zko9t-ko_\" data-ui-name=\"Link.Text\">4 ho dpt<\/span><\/p>\n<\/li>\n<li data-start=\"5851\" data-end=\"5927\">\n<p data-start=\"5853\" data-end=\"5927\">Kasutage sobivaid <strong data-start=\"5871\" data-end=\"5895\">kaitsevarustus<\/strong> (kindad, kaitseprillid, laborikittel).<\/p>\n<\/li>\n<li data-start=\"5928\" data-end=\"5992\">\n<p data-start=\"5930\" data-end=\"5992\">S\u00e4\u00e4sta a <strong data-start=\"5945\" data-end=\"5979\">jahedas, kuivas ja pimedas kohas<\/strong> (15\u201325 \u00b0C).<\/p>\n<\/li>\n<li data-start=\"5993\" data-end=\"6051\">\n<p data-start=\"5995\" data-end=\"6051\">Ei sobi inimeste ega loomade toiduks.<\/p>\n<\/li>\n<\/ul>\n<hr data-start=\"6053\" data-end=\"6056\" \/>\n<h3 data-start=\"6058\" data-end=\"6093\"><strong data-start=\"6062\" data-end=\"6093\">Korduma kippuvad k\u00fcsimused (KKK)<\/strong><\/h3>\n<p data-start=\"6095\" data-end=\"6295\"><strong data-start=\"6095\" data-end=\"6144\">1. Waarvoor wordt 4-HO-DPT Fumaraat gebruikt?<\/strong><br data-start=\"6144\" data-end=\"6147\" \/>4-HO-DPT Fumaraat wordt gebruikt voor <strong data-start=\"6185\" data-end=\"6230\">farmakoloogilised ja neurokeemilised uuringud<\/strong> serotoniini retseptoritele ja struktuurilistele tr\u00fcptamiini analoogidele.<\/p>\n<p data-start=\"6297\" data-end=\"6477\"><strong data-start=\"6297\" data-end=\"6355\">2. Is 4-HO-DPT Fumaraat veilig voor menselijk gebruik?<\/strong><br data-start=\"6355\" data-end=\"6358\" \/>Ei. See toode on <strong data-start=\"6378\" data-end=\"6427\">m\u00f5eldud ainult teaduslikuks otstarbeks<\/strong> ja ei ole inimtoiduks heaks kiidetud.<\/p>\n<p data-start=\"6479\" data-end=\"6650\"><strong data-start=\"6479\" data-end=\"6528\">3. Hoe moet 4-HO-DPT Fumaraat worden bewaard?<\/strong><br data-start=\"6528\" data-end=\"6531\" \/>Hoida <strong data-start=\"6546\" data-end=\"6576\">h\u00e4sti suletud pakend<\/strong> bij kamertemperatuur (15\u201325\u00b0C), beschermd tegen licht, vocht en warmte.<\/p>","protected":false},"excerpt":{"rendered":"<h3><span dir=\"auto\" style=\"vertical-align: inherit;\"><span dir=\"auto\" style=\"vertical-align: inherit;\">4-HO-DPT fumarate properties<\/span><\/span><\/h3>\n<p><strong><span dir=\"auto\" style=\"vertical-align: inherit;\"><span dir=\"auto\" style=\"vertical-align: inherit;\">Synonym:<\/span><\/span><\/strong><span dir=\"auto\" style=\"vertical-align: inherit;\"><span dir=\"auto\" style=\"vertical-align: inherit;\"> 4-hydroxy-N,N-dipropyltryptamine fumarate <\/span><\/span><br \/>\n<strong><span dir=\"auto\" style=\"vertical-align: inherit;\"><span dir=\"auto\" style=\"vertical-align: inherit;\">CAS Number:<\/span><\/span><\/strong><span dir=\"auto\" style=\"vertical-align: inherit;\"><span dir=\"auto\" style=\"vertical-align: inherit;\"> 63065-88-3 <\/span><\/span><br \/>\n<strong><span dir=\"auto\" style=\"vertical-align: inherit;\"><span dir=\"auto\" style=\"vertical-align: inherit;\">Formula:<\/span><\/span><\/strong><span dir=\"auto\" style=\"vertical-align: inherit;\"><span dir=\"auto\" style=\"vertical-align: inherit;\"> 3-[2-(dipropylamino)ethyl]-1H-indol-4-ol fumarate <\/span><\/span><br \/>\n<strong><span dir=\"auto\" style=\"vertical-align: inherit;\"><span dir=\"auto\" style=\"vertical-align: inherit;\">Molar mass:<\/span><\/span><\/strong><span dir=\"auto\" style=\"vertical-align: inherit;\"><span dir=\"auto\" style=\"vertical-align: inherit;\"> 376.4 g\/mol <\/span><\/span><br \/>\n<strong><span dir=\"auto\" style=\"vertical-align: inherit;\"><span dir=\"auto\" style=\"vertical-align: inherit;\">Purity:<\/span><\/span><\/strong><span dir=\"auto\" style=\"vertical-align: inherit;\"><span dir=\"auto\" style=\"vertical-align: inherit;\"> &gt;97%<\/span><\/span><\/p>\n","protected":false},"featured_media":28443,"comment_status":"closed","ping_status":"closed","template":"","meta":[],"product_brand":[],"product_cat":[541,381],"product_tag":[1181,1182,326],"class_list":{"0":"post-23445","1":"product","2":"type-product","3":"status-publish","4":"has-post-thumbnail","6":"product_cat-4-ho-dpt","7":"product_cat-tryptamines","8":"product_tag-4-ho-dpt","9":"product_tag-4-ho-dpt-kopen","10":"product_tag-nl","12":"first","13":"instock","14":"taxable","15":"shipping-taxable","16":"purchasable","17":"product-type-variable"},"_links":{"self":[{"href":"https:\/\/researchchemicalhub.com\/et\/wp-json\/wp\/v2\/product\/23445","targetHints":{"allow":["GET"]}}],"collection":[{"href":"https:\/\/researchchemicalhub.com\/et\/wp-json\/wp\/v2\/product"}],"about":[{"href":"https:\/\/researchchemicalhub.com\/et\/wp-json\/wp\/v2\/types\/product"}],"replies":[{"embeddable":true,"href":"https:\/\/researchchemicalhub.com\/et\/wp-json\/wp\/v2\/comments?post=23445"}],"version-history":[{"count":5,"href":"https:\/\/researchchemicalhub.com\/et\/wp-json\/wp\/v2\/product\/23445\/revisions"}],"predecessor-version":[{"id":28041,"href":"https:\/\/researchchemicalhub.com\/et\/wp-json\/wp\/v2\/product\/23445\/revisions\/28041"}],"wp:featuredmedia":[{"embeddable":true,"href":"https:\/\/researchchemicalhub.com\/et\/wp-json\/wp\/v2\/media\/28443"}],"wp:attachment":[{"href":"https:\/\/researchchemicalhub.com\/et\/wp-json\/wp\/v2\/media?parent=23445"}],"wp:term":[{"taxonomy":"product_brand","embeddable":true,"href":"https:\/\/researchchemicalhub.com\/et\/wp-json\/wp\/v2\/product_brand?post=23445"},{"taxonomy":"product_cat","embeddable":true,"href":"https:\/\/researchchemicalhub.com\/et\/wp-json\/wp\/v2\/product_cat?post=23445"},{"taxonomy":"product_tag","embeddable":true,"href":"https:\/\/researchchemicalhub.com\/et\/wp-json\/wp\/v2\/product_tag?post=23445"}],"curies":[{"name":"t\u00f6\u00f6leht","href":"https:\/\/api.w.org\/{rel}","templated":true}]}}