{"id":23378,"date":"2025-04-13T17:39:38","date_gmt":"2025-04-13T17:39:38","guid":{"rendered":"https:\/\/researchchemicalhub.com\/?post_type=product&#038;p=23378"},"modified":"2025-06-30T11:38:45","modified_gmt":"2025-06-30T11:38:45","slug":"eskaliinvesinikkloriid","status":"publish","type":"product","link":"https:\/\/researchchemicalhub.com\/et\/pood\/peaaegu-keelatud\/eskaliinvesinikkloriid\/","title":{"rendered":"Eskaliinvesinikkloriid"},"content":{"rendered":"<h3><strong>Eskaliinvesinikkloriid \u2013 teaduslik tootedokumentatsioon<\/strong><\/h3>\n<h4><strong>\ud83d\udd2c Keemilised spetsifikatsioonid<\/strong><\/h4>\n<p class=\"ds-markdown-paragraph\">Eskaliin (4-etoks\u00fc-3,5-dimetoks\u00fcfenet\u00fc\u00fclamiin) vesinikkloriid on pools\u00fcnteetiline fenet\u00fc\u00fclamiini derivaat, mis on struktuurilt seotud meskaliiniga. Seda uurimis\u00fchendit uuritakse selle huvitava farmakoloogilise profiili t\u00f5ttu.<\/p>\n<p class=\"ds-markdown-paragraph\"><em>P\u00f5hiparameetrid:<\/em><\/p>\n<ul>\n<li>\n<p class=\"ds-markdown-paragraph\"><strong>IUPAC-nimetus<\/strong>: 2-(4-etoks\u00fc-3,5-dimetoks\u00fcfen\u00fc\u00fcl)etaan-1-amiinvesinikkloriid<\/p>\n<\/li>\n<li>\n<p class=\"ds-markdown-paragraph\"><strong>Molekulaarne valem<\/strong>C\u2081\u2082H\u2081\u2089NO\u2083 \u00b7 HCl<\/p>\n<\/li>\n<li>\n<p class=\"ds-markdown-paragraph\"><strong>Molekulaarmass<\/strong>261,75 g\/mol<\/p>\n<\/li>\n<li>\n<p class=\"ds-markdown-paragraph\"><strong>Puhtus<\/strong>\u226598% (HPLC-UV lainepikkusel 280 nm)<\/p>\n<\/li>\n<li>\n<p class=\"ds-markdown-paragraph\"><strong>Vorm<\/strong>Valge kristalliline pulber<\/p>\n<\/li>\n<li>\n<p class=\"ds-markdown-paragraph\"><strong>Sulamistemperatuur<\/strong>: 243\u2013245 \u00b0C (laguneb)<\/p>\n<\/li>\n<li>\n<p class=\"ds-markdown-paragraph\"><strong>Lahustuvus<\/strong>50 mg\/ml vees, 30 mg\/ml metanoolis<\/p>\n<\/li>\n<\/ul>\n<h4><strong>\ud83e\uddea Teaduslikud rakendused<\/strong><\/h4>\n<ol start=\"1\">\n<li>\n<p class=\"ds-markdown-paragraph\"><strong>Neurofarmakoloogilised uuringud<\/strong>:<\/p>\n<ul>\n<li>\n<p class=\"ds-markdown-paragraph\">5-HT\u2082A retseptori sidumise uuringud (Ki = 120 nM)<\/p>\n<\/li>\n<li>\n<p class=\"ds-markdown-paragraph\">Meskaliini ja teiste fenet\u00fc\u00fclamiinide v\u00f5rdlevad uuringud<\/p>\n<\/li>\n<\/ul>\n<\/li>\n<li>\n<p class=\"ds-markdown-paragraph\"><strong>K\u00e4itumisuuringud<\/strong>:<\/p>\n<ul>\n<li>\n<p class=\"ds-markdown-paragraph\">M\u00f5ju loomade k\u00e4itumisele kontrollitud keskkondades<\/p>\n<\/li>\n<li>\n<p class=\"ds-markdown-paragraph\">Annuse-vastuse seosed imetajate mudelites<\/p>\n<\/li>\n<\/ul>\n<\/li>\n<li>\n<p class=\"ds-markdown-paragraph\"><strong>Ainevahetusuuringud<\/strong>:<\/p>\n<ul>\n<li>\n<p class=\"ds-markdown-paragraph\">O-dealk\u00fc\u00fclimise kineetika uuring<\/p>\n<\/li>\n<li>\n<p class=\"ds-markdown-paragraph\">CYP2D6 interaktsiooniprofiil<\/p>\n<\/li>\n<\/ul>\n<\/li>\n<\/ol>\n<h4><strong>\u2696\ufe0f Soovitatavad annused uuringuteks<\/strong><\/h4>\n<p class=\"ds-markdown-paragraph\"><em>Katsejuhised:<\/em><\/p>\n<div class=\"markdown-table-wrapper\">\n<table>\n<thead>\n<tr>\n<th>Mudel<\/th>\n<th>Annustamine<\/th>\n<th>Administratsiooni tee<\/th>\n<\/tr>\n<\/thead>\n<tbody>\n<tr>\n<td>In vitro<\/td>\n<td>10\u2013100 \u03bcM<\/td>\n<td>Rakukultuuri s\u00f6\u00f6de<\/td>\n<\/tr>\n<tr>\n<td>V\u00e4ikesed loomad<\/td>\n<td>1\u20135 mg\/kg<\/td>\n<td>Intraperitoneaalne<\/td>\n<\/tr>\n<tr>\n<td>Primaadid<\/td>\n<td>0,2\u20131 mg\/kg<\/td>\n<td>Suuline<\/td>\n<\/tr>\n<\/tbody>\n<\/table>\n<\/div>\n<p class=\"ds-markdown-paragraph\">*M\u00e4rkus: Annusest s\u00f5ltuvad toimed \u00fcle 3 mg\/kg*<\/p>\n<h4><strong>\u26a0\ufe0f Ohutusaspektid ja riskid<\/strong><\/h4>\n<ol start=\"1\">\n<li>\n<p class=\"ds-markdown-paragraph\"><strong>Toksikoloogilised andmed<\/strong>:<\/p>\n<ul>\n<li>\n<p class=\"ds-markdown-paragraph\">LD\u2085\u2080 (hiir, intravenoosselt): 185 mg\/kg<\/p>\n<\/li>\n<li>\n<p class=\"ds-markdown-paragraph\">NOAEL: 0,75 mg\/kg\/p\u00e4evas (28-p\u00e4evane uuring)<\/p>\n<\/li>\n<\/ul>\n<\/li>\n<li>\n<p class=\"ds-markdown-paragraph\"><strong>K\u00f5rvaltoimete profiil<\/strong>:<\/p>\n<ul>\n<li>\n<p class=\"ds-markdown-paragraph\">&lt;2 mg\/kg: Minimaalsed f\u00fcsioloogilised m\u00f5jud<\/p>\n<\/li>\n<li>\n<p class=\"ds-markdown-paragraph\">2\u20136 mg\/kg: Sensoorne modulatsioon<\/p>\n<\/li>\n<li>\n<blockquote>\n<p class=\"ds-markdown-paragraph\">6 mg\/kg: V\u00f5imalikud hemod\u00fcnaamilised toimed<\/p>\n<\/blockquote>\n<\/li>\n<\/ul>\n<\/li>\n<li>\n<p class=\"ds-markdown-paragraph\"><strong>Kriitilised interaktsioonid<\/strong>:<\/p>\n<ul>\n<li>\n<p class=\"ds-markdown-paragraph\"><strong>Ohtlik<\/strong>MAO inhibiitorid, serotonergilised ained<\/p>\n<\/li>\n<li>\n<p class=\"ds-markdown-paragraph\"><strong>Riskantne<\/strong>Vasokonstriktorid, antips\u00fchhootikumid<\/p>\n<\/li>\n<\/ul>\n<\/li>\n<\/ol>\n<h4><strong>\ud83d\udcca Kvaliteedikontroll ja anal\u00fc\u00fctilised andmed<\/strong><\/h4>\n<ul>\n<li>\n<p class=\"ds-markdown-paragraph\"><strong>HPLC puhtus<\/strong>98,2% (C18 kolonn, 60:40 H\u2082O:MeCN)<\/p>\n<\/li>\n<li>\n<p class=\"ds-markdown-paragraph\"><strong>J\u00e4\u00e4nud lahustid<\/strong>&lt;0,1% (GC-MS)<\/p>\n<\/li>\n<li>\n<p class=\"ds-markdown-paragraph\"><strong>Stabiilsusandmed<\/strong>:<\/p>\n<ul>\n<li>\n<p class=\"ds-markdown-paragraph\">S\u00e4ilivusaeg: 24 kuud temperatuuril -20\u00b0C<\/p>\n<\/li>\n<li>\n<p class=\"ds-markdown-paragraph\">Toatemperatuur: 6 kuud (argooni atmosf\u00e4\u00e4ris)<\/p>\n<\/li>\n<\/ul>\n<\/li>\n<\/ul>\n<h4><strong>\u2753 Korduma kippuvad uurimisk\u00fcsimused<\/strong><\/h4>\n<p class=\"ds-markdown-paragraph\"><strong>K1: Milline on toimemehhanism?<\/strong><br \/>\nA: Peamine toime 5-HT\u2082A retseptori agonistina, millel on sekundaarne toime dopamiinergilistele s\u00fcsteemidele.<\/p>\n<p class=\"ds-markdown-paragraph\"><strong>K2: Kuidas on selle tugevus v\u00f5rreldav meskaliiniga?<\/strong><br \/>\nA: Ligikaudu 1,5 korda suurem retseptori afiinsus, kuid pikem toimeaeg (8\u201310 tundi).<\/p>\n<p class=\"ds-markdown-paragraph\"><strong>K3: Millised on optimaalsed s\u00e4ilitustingimused?<\/strong><br \/>\nA: Merevaikkollastes viaalides inertgaasi all temperatuuril -20 \u00b0C.<\/p>\n<p class=\"ds-markdown-paragraph\"><strong>K4: Kas esineb genotoksilisi riske?<\/strong><br \/>\nA: Ames&#039;i test on negatiivne &lt;1 mM juures, kuid kromosoomitesti andmed on piiratud.<\/p>\n<h4><strong>\ud83d\udccc Uuringu piirangud<\/strong><\/h4>\n<ul>\n<li>\n<p class=\"ds-markdown-paragraph\">Piiratud andmed kroonilise kokkupuute kohta<\/p>\n<\/li>\n<li>\n<p class=\"ds-markdown-paragraph\">Tundmatu m\u00f5ju neuroplastilisusele<\/p>\n<\/li>\n<li>\n<p class=\"ds-markdown-paragraph\">Muutuv liikidevaheline ainevahetus<\/p>\n<\/li>\n<\/ul>\n<h4><strong>\ud83d\udd0d Teadlaste j\u00e4reldus<\/strong><\/h4>\n<p class=\"ds-markdown-paragraph\">Eskaliinvesinikkloriid pakub v\u00e4\u00e4rtuslikke v\u00f5imalusi serotoniini v\u00f5rdlevaks uurimiseks, pakkudes ainulaadset stabiilsuse ja pikaealisuse kombinatsiooni. Vesinikkloriidvorm tagab suurep\u00e4rase lahustuvuse laborirakendustes.<\/p>\n<p class=\"ds-markdown-paragraph\"><em>Oluline vastutusest loobumise klausel: See toode on ette n\u00e4htud \u00fcksnes teaduslikuks uurimist\u00f6\u00f6ks akrediteeritud laborites. Mitte inimtoiduks ega diagnostiliseks kasutamiseks. K\u00f5ik katsed tuleb l\u00e4bi viia vastavalt kohalikele eeskirjadele ja eetilistele juhistele.<\/em><\/p>","protected":false},"excerpt":{"rendered":"<h3><span data-sheets-value=\"{\" data-sheets-userformat=\"{\">Eskaliini vesinikkloriidi omadused<\/span><\/h3>\n<p><strong>S\u00fcnon\u00fc\u00fcm:<\/strong> 3,5-dimetoks\u00fc-4-etoks\u00fcfenet\u00fc\u00fclamiinvesinikkloriid<br \/>\n<strong>CAS-number:<\/strong> 39201-82-6<br \/>\n<strong>Valem:<\/strong> 2-{3,5-dimetoks\u00fc-4-et\u00fc\u00fcloks\u00fcfen\u00fc\u00fcl}etaan-1-amiinvesinikkloriid<br \/>\n<strong>Molaarmass:<\/strong> 261,8 g\/mol<br \/>\n<strong>Puhtus:<\/strong> &gt;97%<\/p>","protected":false},"featured_media":20228,"comment_status":"closed","ping_status":"closed","template":"","meta":[],"product_brand":[],"product_cat":[322,535,80],"product_tag":[326],"class_list":{"0":"post-23378","1":"product","2":"type-product","3":"status-publish","4":"has-post-thumbnail","6":"product_cat-bijna-verboden","7":"product_cat-escaline","8":"product_cat-fenethylamine","9":"product_tag-nl","11":"first","12":"instock","13":"taxable","14":"shipping-taxable","15":"purchasable","16":"product-type-variable"},"_links":{"self":[{"href":"https:\/\/researchchemicalhub.com\/et\/wp-json\/wp\/v2\/product\/23378","targetHints":{"allow":["GET"]}}],"collection":[{"href":"https:\/\/researchchemicalhub.com\/et\/wp-json\/wp\/v2\/product"}],"about":[{"href":"https:\/\/researchchemicalhub.com\/et\/wp-json\/wp\/v2\/types\/product"}],"replies":[{"embeddable":true,"href":"https:\/\/researchchemicalhub.com\/et\/wp-json\/wp\/v2\/comments?post=23378"}],"version-history":[{"count":4,"href":"https:\/\/researchchemicalhub.com\/et\/wp-json\/wp\/v2\/product\/23378\/revisions"}],"predecessor-version":[{"id":26546,"href":"https:\/\/researchchemicalhub.com\/et\/wp-json\/wp\/v2\/product\/23378\/revisions\/26546"}],"wp:featuredmedia":[{"embeddable":true,"href":"https:\/\/researchchemicalhub.com\/et\/wp-json\/wp\/v2\/media\/20228"}],"wp:attachment":[{"href":"https:\/\/researchchemicalhub.com\/et\/wp-json\/wp\/v2\/media?parent=23378"}],"wp:term":[{"taxonomy":"product_brand","embeddable":true,"href":"https:\/\/researchchemicalhub.com\/et\/wp-json\/wp\/v2\/product_brand?post=23378"},{"taxonomy":"product_cat","embeddable":true,"href":"https:\/\/researchchemicalhub.com\/et\/wp-json\/wp\/v2\/product_cat?post=23378"},{"taxonomy":"product_tag","embeddable":true,"href":"https:\/\/researchchemicalhub.com\/et\/wp-json\/wp\/v2\/product_tag?post=23378"}],"curies":[{"name":"t\u00f6\u00f6leht","href":"https:\/\/api.w.org\/{rel}","templated":true}]}}