{"id":23305,"date":"2025-04-13T17:39:31","date_gmt":"2025-04-13T17:39:31","guid":{"rendered":"https:\/\/researchchemicalhub.com\/?post_type=product&#038;p=23305"},"modified":"2025-10-30T11:46:51","modified_gmt":"2025-10-30T11:46:51","slug":"flunitrazolam-kopen","status":"publish","type":"product","link":"https:\/\/researchchemicalhub.com\/et\/shop\/benzodiazepinen\/flunitrazolam-kopen\/","title":{"rendered":"Flunitrasolaami 0,25 mg blotterid"},"content":{"rendered":"<h1><span dir=\"auto\" style=\"vertical-align: inherit;\"><span dir=\"auto\" style=\"vertical-align: inherit;\">Osta Flunitrasolaami 0,25 mg blotte \u2013 t\u00e4ppisdoseeritud uurimismaterjal teaduslikuks anal\u00fc\u00fcsiks<\/span><\/span><\/h1>\n<p data-start=\"6003\" data-end=\"6439\">Osta flunitrasolaami, flunitrasolaam on <strong data-start=\"6024\" data-end=\"6050\">bensodiasepiini analoog<\/strong> mis on viimastel aastatel t\u00e4helepanu p\u00e4lvinud <strong data-start=\"6107\" data-end=\"6140\">neurofarmakoloogilisi uuringuid<\/strong>See on struktuurilt seotud selliste ainetega nagu <strong data-start=\"6187\" data-end=\"6204\">Flunitrasepaam<\/strong> ja <strong data-start=\"6208\" data-end=\"6222\">Alprasolaam<\/strong>, mis on tuntud oma rahustavate ja \u00e4revusevastaste omaduste poolest. Teadlased uurivad flunitrasolaami, et paremini m\u00f5ista selle funktsiooni bensodiasepiiniretseptorites, selle tugevust ja struktuuri-aktiivsuse suhet. <span class=\"___SBox_epc1q-ko_ ___SText_zko9t-ko_\" data-ui-name=\"Link.Text\">osta flunitrasolaami<\/span><\/p>\n<p data-start=\"6441\" data-end=\"6698\">Oluline on r\u00f5hutada, et <strong data-start=\"6478\" data-end=\"6552\">Flunitrasolaam ei ole heaks kiidetud kasutamiseks inimestel ega veterinaarmeditsiinis<\/strong> ja enamikus riikides <strong data-start=\"6576\" data-end=\"6622\">on m\u00e4\u00e4ruste kohane v\u00f5i keelatud<\/strong>See artikkel pakub ainult <strong data-start=\"6654\" data-end=\"6697\">teaduslik ja \u00f5iguslik kontekst<\/strong>.<\/p>\n<hr data-start=\"6700\" data-end=\"6703\" \/>\n<h2 data-start=\"6705\" data-end=\"6739\"><strong data-start=\"6708\" data-end=\"6739\">Farmakoloogiline taust<\/strong><\/h2>\n<p data-start=\"6741\" data-end=\"6983\">Flunitrasolaam kuulub ... <strong data-start=\"6770\" data-end=\"6797\">triasolobensodiasepiinid<\/strong>, alamklass, millel on v\u00f5imas interaktsioon <strong data-start=\"6851\" data-end=\"6872\">GABA-A retseptorid<\/strong> ajus. See s\u00fcsteem m\u00e4ngib olulist rolli <strong data-start=\"6932\" data-end=\"6982\">sedatsioon, une soodustamine ja \u00e4revuse v\u00e4hendamine<\/strong>.<\/p>\n<p data-start=\"6985\" data-end=\"7022\">Teadlased uurivad muuhulgas:<\/p>\n<ul data-start=\"7023\" data-end=\"7291\">\n<li data-start=\"7023\" data-end=\"7105\">\n<p data-start=\"7025\" data-end=\"7105\">See <strong data-start=\"7028\" data-end=\"7059\">retseptorite seondumine ja tugevus<\/strong> v\u00f5rreldes klassikaliste bensodiasepiinidega.<\/p>\n<\/li>\n<li data-start=\"7106\" data-end=\"7160\">\n<p data-start=\"7108\" data-end=\"7160\">See <strong data-start=\"7111\" data-end=\"7134\">toime kestus<\/strong> ja ainevahetusradasid.<\/p>\n<\/li>\n<li data-start=\"7161\" data-end=\"7238\">\n<p data-start=\"7163\" data-end=\"7238\">See <strong data-start=\"7166\" data-end=\"7207\">struktuuri-aktiivsuse seosed (SAR-id)<\/strong> triasooli\u00fchendite sees.<\/p>\n<\/li>\n<li data-start=\"7239\" data-end=\"7291\">\n<p data-start=\"7241\" data-end=\"7291\">See <strong data-start=\"7245\" data-end=\"7288\">tolerantsuse ja s\u00f5ltuvuse risk<\/strong>.<\/p>\n<\/li>\n<\/ul>\n<hr data-start=\"7293\" data-end=\"7296\" \/>\n<h2 data-start=\"7298\" data-end=\"7325\"><strong data-start=\"7301\" data-end=\"7325\">Teadusuuringute eesm\u00e4rgid<\/strong><\/h2>\n<p data-start=\"7327\" data-end=\"7504\">Kuigi <em data-start=\"7334\" data-end=\"7349\">Flunitrasolaam<\/em> sellel puudub meditsiiniline rakendus, seda uuritakse <strong data-start=\"7406\" data-end=\"7458\">kohtuekspertiisi, keemilised ja farmakoloogilised uuringud<\/strong>Akadeemiline huvi keskendub j\u00e4rgmistele teemadele:<\/p>\n<ul data-start=\"7505\" data-end=\"7787\">\n<li data-start=\"7505\" data-end=\"7605\">\n<p data-start=\"7507\" data-end=\"7605\"><strong data-start=\"7507\" data-end=\"7534\">Kohtutoksikoloogia<\/strong> \u2014 disainerbensodiasepiinide tuvastamine bioloogilistes proovides.<\/p>\n<\/li>\n<li data-start=\"7606\" data-end=\"7692\">\n<p data-start=\"7608\" data-end=\"7692\"><strong data-start=\"7608\" data-end=\"7630\">Anal\u00fc\u00fctiline keemia<\/strong> \u2014 tuvastusmeetodite (n\u00e4iteks LC-MS ja GC-MS) v\u00e4ljat\u00f6\u00f6tamine.<\/p>\n<\/li>\n<li data-start=\"7693\" data-end=\"7787\">\n<p data-start=\"7695\" data-end=\"7787\"><strong data-start=\"7695\" data-end=\"7732\">V\u00f5rdlevad tugevusuuringud<\/strong> uute ps\u00fchhoaktiivsete ainete suundumuste j\u00e4lgimiseks.<\/p>\n<\/li>\n<\/ul>\n<hr data-start=\"7789\" data-end=\"7792\" \/>\n<h2 data-start=\"7794\" data-end=\"7838\"><strong data-start=\"7797\" data-end=\"7838\">Ohutus- ja juriidilised kaalutlused<\/strong><\/h2>\n<p data-start=\"7840\" data-end=\"8085\">Sest <strong data-start=\"7851\" data-end=\"7868\">k\u00f5rge potentsiaal<\/strong> Flunitrasolaami k\u00e4sitsemine ilma laboratoorsete standarditeta on ohtlik. Juhuslik kokkupuude v\u00f5ib p\u00f5hjustada <strong data-start=\"8021\" data-end=\"8082\">raske sedatsioon, hingamisdepressioon v\u00f5i m\u00e4lukaotus<\/strong>.<\/p>\n<p data-start=\"8087\" data-end=\"8303\">Inimtoiduks kasutamine, omamine v\u00f5i m\u00fc\u00fck on <strong data-start=\"8150\" data-end=\"8182\">enamikus riikides keelatud<\/strong>Ainult <strong data-start=\"8191\" data-end=\"8223\">kvalifitseeritud teadlased<\/strong> v\u00f5ib seda toodet kasutada vastavalt <strong data-start=\"8258\" data-end=\"8302\">kohalikud seadused ja eetilised juhised<\/strong>Osta Flunitrasolaami<\/p>\n<hr data-start=\"8305\" data-end=\"8308\" \/>\n<h2 data-start=\"8310\" data-end=\"8344\"><strong data-start=\"8313\" data-end=\"8344\">Korduma kippuvad k\u00fcsimused (KKK)<\/strong><\/h2>\n<h3 data-start=\"8346\" data-end=\"8395\"><strong data-start=\"8350\" data-end=\"8395\">1. Milleks flunitrasolaami kasutatakse?<\/strong><\/h3>\n<p data-start=\"8396\" data-end=\"8513\">Flunitrasolaami uuritakse ainult <strong data-start=\"8444\" data-end=\"8476\">teaduslikel eesm\u00e4rkidel<\/strong>Sellel puudub meditsiiniline kasutus.<\/p>\n<h3 data-start=\"8515\" data-end=\"8550\"><strong data-start=\"8519\" data-end=\"8550\">2. Kas flunitrasolaam on seaduslik?<\/strong><\/h3>\n<p data-start=\"8551\" data-end=\"8665\">Enamikus riikides klassifitseeritakse flunitrasolaam j\u00e4rgmiselt: <strong data-start=\"8599\" data-end=\"8642\">kontrollitavate ainete \u00f5igusaktid<\/strong> v\u00f5i <strong data-start=\"8649\" data-end=\"8664\">analoog\u00f5igus<\/strong>.<\/p>\n<h3 data-start=\"8667\" data-end=\"8725\"><strong data-start=\"8671\" data-end=\"8725\">3. Kuidas tuleks flunitrasolaami ohutult k\u00e4sitseda?<\/strong><\/h3>\n<p>&nbsp;<\/p>","protected":false},"excerpt":{"rendered":"<h3><span dir=\"auto\" style=\"vertical-align: inherit;\"><span dir=\"auto\" style=\"vertical-align: inherit;\">Flunitrazolam blotters properties<\/span><\/span><\/h3>\n<p><strong><span dir=\"auto\" style=\"vertical-align: inherit;\"><span dir=\"auto\" style=\"vertical-align: inherit;\">Synonym:<\/span><\/span><\/strong><span dir=\"auto\" style=\"vertical-align: inherit;\"><span dir=\"auto\" style=\"vertical-align: inherit;\"> 1-methyl-8-nitro-6-(2-fluorophenyl)-4H-[1,2,4]triazolo[4,3-a][1,4]benzodiazepine <\/span><\/span><br \/>\n<strong><span dir=\"auto\" style=\"vertical-align: inherit;\"><span dir=\"auto\" style=\"vertical-align: inherit;\">CAS Number:<\/span><\/span><\/strong><span dir=\"auto\" style=\"vertical-align: inherit;\"><span dir=\"auto\" style=\"vertical-align: inherit;\"> 2243815-18-9 <\/span><\/span><br \/>\n<strong><span dir=\"auto\" style=\"vertical-align: inherit;\"><span dir=\"auto\" style=\"vertical-align: inherit;\">Formula:<\/span><\/span><\/strong><span dir=\"auto\" style=\"vertical-align: inherit;\"><span dir=\"auto\" style=\"vertical-align: inherit;\"> 1-methyl-8-nitro-6-(2-fluorophenyl)-4H-[1,2,4]triazolo[4,3-a][1,4]benzodiazepine <\/span><\/span><br \/>\n<strong><span dir=\"auto\" style=\"vertical-align: inherit;\"><span dir=\"auto\" style=\"vertical-align: inherit;\">Molar mass:<\/span><\/span><\/strong><span dir=\"auto\" style=\"vertical-align: inherit;\"><span dir=\"auto\" style=\"vertical-align: inherit;\"> 337,307 g\/mol <\/span><\/span><br \/>\n<strong><span dir=\"auto\" style=\"vertical-align: inherit;\"><span dir=\"auto\" style=\"vertical-align: inherit;\">Purity:<\/span><\/span><\/strong><span dir=\"auto\" style=\"vertical-align: inherit;\"><span dir=\"auto\" style=\"vertical-align: inherit;\"> \u226598%<\/span><\/span><\/p>\n","protected":false},"featured_media":28533,"comment_status":"closed","ping_status":"closed","template":"","meta":[],"product_brand":[82],"product_cat":[76,527],"product_tag":[563,565,158,564,566,326],"class_list":{"0":"post-23305","1":"product","2":"type-product","3":"status-publish","4":"has-post-thumbnail","6":"product_brand-research-chemical","7":"product_cat-benzodiazepinen","8":"product_cat-flunitrazolam","9":"product_tag-flunitrazolam","10":"product_tag-flunitrazolam-effects","11":"product_tag-flunitrazolam-ervaring","12":"product_tag-flunitrazolam-kopen","13":"product_tag-flunitrazolam-werking","14":"product_tag-nl","16":"first","17":"instock","18":"taxable","19":"shipping-taxable","20":"purchasable","21":"product-type-variable"},"_links":{"self":[{"href":"https:\/\/researchchemicalhub.com\/et\/wp-json\/wp\/v2\/product\/23305","targetHints":{"allow":["GET"]}}],"collection":[{"href":"https:\/\/researchchemicalhub.com\/et\/wp-json\/wp\/v2\/product"}],"about":[{"href":"https:\/\/researchchemicalhub.com\/et\/wp-json\/wp\/v2\/types\/product"}],"replies":[{"embeddable":true,"href":"https:\/\/researchchemicalhub.com\/et\/wp-json\/wp\/v2\/comments?post=23305"}],"version-history":[{"count":7,"href":"https:\/\/researchchemicalhub.com\/et\/wp-json\/wp\/v2\/product\/23305\/revisions"}],"predecessor-version":[{"id":28045,"href":"https:\/\/researchchemicalhub.com\/et\/wp-json\/wp\/v2\/product\/23305\/revisions\/28045"}],"wp:featuredmedia":[{"embeddable":true,"href":"https:\/\/researchchemicalhub.com\/et\/wp-json\/wp\/v2\/media\/28533"}],"wp:attachment":[{"href":"https:\/\/researchchemicalhub.com\/et\/wp-json\/wp\/v2\/media?parent=23305"}],"wp:term":[{"taxonomy":"product_brand","embeddable":true,"href":"https:\/\/researchchemicalhub.com\/et\/wp-json\/wp\/v2\/product_brand?post=23305"},{"taxonomy":"product_cat","embeddable":true,"href":"https:\/\/researchchemicalhub.com\/et\/wp-json\/wp\/v2\/product_cat?post=23305"},{"taxonomy":"product_tag","embeddable":true,"href":"https:\/\/researchchemicalhub.com\/et\/wp-json\/wp\/v2\/product_tag?post=23305"}],"curies":[{"name":"t\u00f6\u00f6leht","href":"https:\/\/api.w.org\/{rel}","templated":true}]}}