{"id":23083,"date":"2025-04-13T17:39:07","date_gmt":"2025-04-13T17:39:07","guid":{"rendered":"https:\/\/researchchemicalhub.com\/?post_type=product&#038;p=23083"},"modified":"2025-10-30T12:52:59","modified_gmt":"2025-10-30T12:52:59","slug":"osta-3-cmc-d","status":"publish","type":"product","link":"https:\/\/researchchemicalhub.com\/et\/pood\/keelatud\/osta-3-cmc-d\/","title":{"rendered":"Osta 3-CMC-d (3-klorometkatinooni)"},"content":{"rendered":"<h1><strong><span style=\"vertical-align: inherit;\"><span style=\"vertical-align: inherit;\">Telli 3 cmc (3-klorometkatinoon) \u2013 Pure Research Chemical<\/span><\/span><\/strong><\/h1>\n<p data-start=\"7172\" data-end=\"7469\"><strong data-start=\"7172\" data-end=\"7181\">3-CMC<\/strong>v\u00f5i <strong data-start=\"7186\" data-end=\"7210\">3-klorometkatinoon<\/strong>, on a <strong data-start=\"7219\" data-end=\"7253\">s\u00fcnteetiline stimulant<\/strong> alates <strong data-start=\"7261\" data-end=\"7279\">katinooni klass<\/strong>, seotud <strong data-start=\"7293\" data-end=\"7302\">3-MMC<\/strong> ja <strong data-start=\"7306\" data-end=\"7320\">mefedroon<\/strong>. <span class=\"___SBox_epc1q-ko_ ___SText_zko9t-ko_\" data-ui-name=\"Link.Text\">osta 3 cmc-d<\/span><br data-start=\"7321\" data-end=\"7324\" \/>Sellel on <strong data-start=\"7338\" data-end=\"7375\">kloori asendamine 3. positsioonis<\/strong> fen\u00fc\u00fclts\u00fcklist ja seda uuritakse <strong data-start=\"7420\" data-end=\"7466\">kohtuekspertiisi ja farmakoloogialaborid<\/strong>. <span class=\"___SBox_epc1q-ko_ ___SText_zko9t-ko_\" data-ui-name=\"Link.Text\">osta 3 cmc-d<\/span><\/p>\n<p data-start=\"7471\" data-end=\"7575\">3-CMC-l on <strong data-start=\"7483\" data-end=\"7511\">meditsiinilist rakendust pole<\/strong> ja kuulub paljudes riikides alla <strong data-start=\"7541\" data-end=\"7574\">reguleeritud aineid k\u00e4sitlevad \u00f5igusaktid<\/strong>.<\/p>\n<hr data-start=\"7577\" data-end=\"7580\" \/>\n<h2 data-start=\"7582\" data-end=\"7629\"><strong data-start=\"7585\" data-end=\"7629\">Keemiline ja farmakoloogiline taust<\/strong><\/h2>\n<p data-start=\"7631\" data-end=\"7656\"><strong data-start=\"7631\" data-end=\"7656\">Oluline teave:<\/strong><\/p>\n<ul data-start=\"7657\" data-end=\"7937\">\n<li data-start=\"7657\" data-end=\"7721\">\n<p data-start=\"7659\" data-end=\"7721\"><strong data-start=\"7659\" data-end=\"7674\">IUPAC-nimetus:<\/strong> 1-(3-klorofen\u00fc\u00fcl)-2-(met\u00fc\u00fclamino)propaan-1-oon<\/p>\n<\/li>\n<li data-start=\"7722\" data-end=\"7757\">\n<p data-start=\"7724\" data-end=\"7757\"><strong data-start=\"7724\" data-end=\"7744\">Molekulaarne valem:<\/strong> C10H12ClNO<\/p>\n<\/li>\n<li data-start=\"7758\" data-end=\"7794\">\n<p data-start=\"7760\" data-end=\"7794\"><strong data-start=\"7760\" data-end=\"7778\">Molekulaarmass:<\/strong> \u00b1197,66 g\/mol<\/p>\n<\/li>\n<li data-start=\"7795\" data-end=\"7847\">\n<p data-start=\"7797\" data-end=\"7847\"><strong data-start=\"7797\" data-end=\"7818\">Keemiline klass:<\/strong> Asendatud katinoonid<\/p>\n<\/li>\n<li data-start=\"7848\" data-end=\"7937\">\n<p data-start=\"7850\" data-end=\"7937\"><strong data-start=\"7850\" data-end=\"7870\">Retseptori funktsioon:<\/strong> M\u00f5jutab dopamiini, serotoniini ja noradrenaliini transportereid.<\/p>\n<\/li>\n<\/ul>\n<p data-start=\"7939\" data-end=\"8082\">See <strong data-start=\"7942\" data-end=\"7963\">kloori asendamine<\/strong> m\u00f5jutab retseptoritega seondumist ja ainevahetuslikku stabiilsust, muutes selle huvipakkuvaks <strong data-start=\"8049\" data-end=\"8081\">struktuuri-aktiivsuse uuringud<\/strong>.<\/p>\n<hr data-start=\"8084\" data-end=\"8087\" \/>\n<h2 data-start=\"8089\" data-end=\"8116\"><strong data-start=\"8092\" data-end=\"8116\">Teadusuuringute eesm\u00e4rgid<\/strong><\/h2>\n<p data-start=\"8118\" data-end=\"8146\">3-CMC-d uuritakse j\u00e4rgmistel p\u00f5hjustel:<\/p>\n<ul data-start=\"8147\" data-end=\"8435\">\n<li data-start=\"8147\" data-end=\"8209\">\n<p data-start=\"8149\" data-end=\"8209\"><strong data-start=\"8149\" data-end=\"8172\">Anal\u00fc\u00fctiline keemia:<\/strong> detekteerimine GC-MS, LC-MS ja FTIR abil.<\/p>\n<\/li>\n<li data-start=\"8210\" data-end=\"8302\">\n<p data-start=\"8212\" data-end=\"8302\"><strong data-start=\"8212\" data-end=\"8240\">Kohtutoksikoloogia:<\/strong> identifitseerimine bioloogilistes v\u00f5i konfiskeeritud proovides.<\/p>\n<\/li>\n<li data-start=\"8303\" data-end=\"8368\">\n<p data-start=\"8305\" data-end=\"8368\"><strong data-start=\"8305\" data-end=\"8322\">Farmakoloogia:<\/strong> Neurotransmitterite mehhanismide uurimine.<\/p>\n<\/li>\n<li data-start=\"8369\" data-end=\"8435\">\n<p data-start=\"8371\" data-end=\"8435\"><strong data-start=\"8371\" data-end=\"8391\">Rahvatervis:<\/strong> kaasamine NPS-i hoiatuss\u00fcsteemidesse. <span class=\"___SBox_epc1q-ko_ ___SText_zko9t-ko_\" data-ui-name=\"Link.Text\">osta 3 cmc-d<\/span><\/p>\n<\/li>\n<\/ul>\n<hr data-start=\"8437\" data-end=\"8440\" \/>\n<h2 data-start=\"8442\" data-end=\"8486\"><strong data-start=\"8445\" data-end=\"8486\">Ohutus- ja juriidilised kaalutlused<\/strong><\/h2>\n<p data-start=\"8488\" data-end=\"8648\"><strong data-start=\"8488\" data-end=\"8503\">Ohutus:<\/strong><br data-start=\"8503\" data-end=\"8506\" \/>Ainult k\u00e4sitseda <strong data-start=\"8527\" data-end=\"8559\">kvalifitseeritud teadlased<\/strong> sisse <strong data-start=\"8563\" data-end=\"8587\">litsentseeritud laborid<\/strong> kasutades <strong data-start=\"8604\" data-end=\"8613\">Isikukaitsevahendid<\/strong>.<br data-start=\"8614\" data-end=\"8617\" \/>V\u00e4ltida kokkupuudet v\u00f5i sissehingamist.<\/p>\n<p data-start=\"8650\" data-end=\"8836\"><strong data-start=\"8650\" data-end=\"8672\">\u00d5iguslik staatus:<\/strong><br data-start=\"8672\" data-end=\"8675\" \/>3-CMC on saadaval enamikus riikides <strong data-start=\"8704\" data-end=\"8731\">keelatud v\u00f5i reguleeritud<\/strong> all <strong data-start=\"8741\" data-end=\"8775\">ps\u00fchhoaktiivsete ainete \u00f5igusaktid<\/strong>.<br data-start=\"8776\" data-end=\"8779\" \/>Kasutamine v\u00e4ljaspool uurimistingimusi on <strong data-start=\"8822\" data-end=\"8835\">karistatav<\/strong>.<\/p>\n<hr data-start=\"8838\" data-end=\"8841\" \/>\n<h2 data-start=\"8843\" data-end=\"8877\"><strong data-start=\"8846\" data-end=\"8877\">Korduma kippuvad k\u00fcsimused (KKK)<\/strong><\/h2>\n<h3 data-start=\"8879\" data-end=\"8922\"><strong data-start=\"8883\" data-end=\"8922\">1. Milleks 3-CMC-d uuritakse?<\/strong><\/h3>\n<p data-start=\"8923\" data-end=\"9009\">Sest <strong data-start=\"8928\" data-end=\"8982\">anal\u00fc\u00fctiline, kohtuekspertiisi ja farmakoloogiline uurimist\u00f6\u00f6<\/strong> katinooni\u00fchendite suhtes.<\/p>\n<h3 data-start=\"9011\" data-end=\"9038\"><strong data-start=\"9015\" data-end=\"9038\">2. Kas 3-CMC on seaduslik?<\/strong><\/h3>\n<p data-start=\"9039\" data-end=\"9101\">Ei, enamikus riikides on 3-CMC <strong data-start=\"9073\" data-end=\"9100\">reguleeritud v\u00f5i keelatud<\/strong>.<\/p>\n<h3 data-start=\"9103\" data-end=\"9154\"><strong data-start=\"9107\" data-end=\"9154\">3. Kuidas tuleks 3-CMC-d ohutult k\u00e4sitseda?<\/strong><\/h3>\n<p data-start=\"9155\" data-end=\"9266\">Ainult <strong data-start=\"9167\" data-end=\"9197\">professionaalsed teadlased<\/strong> kontrollitud laborites n\u00f5uetekohase <strong data-start=\"9239\" data-end=\"9265\">ohutusmeetmed<\/strong>.<\/p>","protected":false},"excerpt":{"rendered":"<h2><span style=\"vertical-align: inherit;\"><span style=\"vertical-align: inherit;\"><span style=\"vertical-align: inherit;\"><span style=\"vertical-align: inherit;\">3-CMC ost<\/span><\/span><\/span><\/span><\/h2>\n<p><span style=\"vertical-align: inherit;\"><span style=\"vertical-align: inherit;\"><span style=\"vertical-align: inherit;\"><span style=\"vertical-align: inherit;\">S\u00fcnon\u00fc\u00fcm: 3-klorometkatinoon <\/span><\/span><\/span><\/span><br \/>\n<span style=\"vertical-align: inherit;\"><span style=\"vertical-align: inherit;\"><span style=\"vertical-align: inherit;\"><span style=\"vertical-align: inherit;\">CASi number: 1607439-32-6 <\/span><\/span><\/span><\/span><br \/>\n<span style=\"vertical-align: inherit;\"><span style=\"vertical-align: inherit;\"><span style=\"vertical-align: inherit;\"><span style=\"vertical-align: inherit;\">Valem: C10H12ClNO \u2022 HCl <\/span><\/span><\/span><\/span><br \/>\n<span style=\"vertical-align: inherit;\"><span style=\"vertical-align: inherit;\"><span style=\"vertical-align: inherit;\"><span style=\"vertical-align: inherit;\">Molaarmass: 234,1 g\/mol <\/span><\/span><\/span><\/span><br \/>\n<span style=\"vertical-align: inherit;\"><span style=\"vertical-align: inherit;\"><span style=\"vertical-align: inherit;\"><span style=\"vertical-align: inherit;\">Puhtus: \u226598%<\/span><\/span><\/span><\/span><\/p>","protected":false},"featured_media":28399,"comment_status":"closed","ping_status":"closed","template":"","meta":[],"product_brand":[82],"product_cat":[488],"product_tag":[874,587,592,326],"class_list":{"0":"post-23083","1":"product","2":"type-product","3":"status-publish","4":"has-post-thumbnail","6":"product_brand-research-chemical","7":"product_cat-verboden","8":"product_tag-3-cmc","9":"product_tag-3-cmc-bestellen","10":"product_tag-3-cmc-kopen","11":"product_tag-nl","13":"first","14":"instock","15":"taxable","16":"shipping-taxable","17":"purchasable","18":"product-type-simple"},"_links":{"self":[{"href":"https:\/\/researchchemicalhub.com\/et\/wp-json\/wp\/v2\/product\/23083","targetHints":{"allow":["GET"]}}],"collection":[{"href":"https:\/\/researchchemicalhub.com\/et\/wp-json\/wp\/v2\/product"}],"about":[{"href":"https:\/\/researchchemicalhub.com\/et\/wp-json\/wp\/v2\/types\/product"}],"replies":[{"embeddable":true,"href":"https:\/\/researchchemicalhub.com\/et\/wp-json\/wp\/v2\/comments?post=23083"}],"version-history":[{"count":8,"href":"https:\/\/researchchemicalhub.com\/et\/wp-json\/wp\/v2\/product\/23083\/revisions"}],"predecessor-version":[{"id":28777,"href":"https:\/\/researchchemicalhub.com\/et\/wp-json\/wp\/v2\/product\/23083\/revisions\/28777"}],"wp:featuredmedia":[{"embeddable":true,"href":"https:\/\/researchchemicalhub.com\/et\/wp-json\/wp\/v2\/media\/28399"}],"wp:attachment":[{"href":"https:\/\/researchchemicalhub.com\/et\/wp-json\/wp\/v2\/media?parent=23083"}],"wp:term":[{"taxonomy":"product_brand","embeddable":true,"href":"https:\/\/researchchemicalhub.com\/et\/wp-json\/wp\/v2\/product_brand?post=23083"},{"taxonomy":"product_cat","embeddable":true,"href":"https:\/\/researchchemicalhub.com\/et\/wp-json\/wp\/v2\/product_cat?post=23083"},{"taxonomy":"product_tag","embeddable":true,"href":"https:\/\/researchchemicalhub.com\/et\/wp-json\/wp\/v2\/product_tag?post=23083"}],"curies":[{"name":"t\u00f6\u00f6leht","href":"https:\/\/api.w.org\/{rel}","templated":true}]}}