{"id":27570,"date":"2025-10-20T07:05:38","date_gmt":"2025-10-20T07:05:38","guid":{"rendered":"https:\/\/researchchemicalhub.com\/?post_type=product&#038;p=27570"},"modified":"2025-10-21T05:49:34","modified_gmt":"2025-10-21T05:49:34","slug":"4mmc-kopen","status":"publish","type":"product","link":"https:\/\/researchchemicalhub.com\/es\/shop\/okategoriserad\/4mmc-kopen\/","title":{"rendered":"Comprar mefedrona (4MMC)"},"content":{"rendered":"<h2 data-start=\"557\" data-end=\"590\"><strong data-start=\"560\" data-end=\"590\">\u00bfQu\u00e9 es el mefedro (4-MMC)?<\/strong><\/h2>\n<p data-start=\"592\" data-end=\"923\">Mephedron, wieschaftlich bekannt tambi\u00e9n <strong data-start=\"632\" data-end=\"664\">4-Metilmetcatinona (4-MMC)<\/strong>, es una sustancia sint\u00e9tica del grupo <strong data-start=\"716\" data-end=\"729\">Catinona<\/strong>, que qu\u00edmicamente mit <strong data-start=\"748\" data-end=\"764\">Anfetaminas<\/strong> relacionado. Urspr\u00fcnglich se comercializ\u00f3 a principios de la d\u00e9cada de 2000 como &quot;Legal High&quot; o &quot;Badesalz&quot;, su promoci\u00f3n estaba prohibida en los L\u00e4ndern m\u00e1s importantes. <mark>comprar 4mmc<\/mark><\/p>\n<p data-start=\"925\" data-end=\"1301\">Sintetizado qu\u00edmicamente, el mefedro funciona como <strong data-start=\"962\" data-end=\"975\">Incentivo<\/strong>Es decir, la actividad del sistema nervioso central. Es una excelente manera de indicar euforia y lluvia; la mejor manera de entenderlo. <strong data-start=\"1125\" data-end=\"1143\">MDMA (\u00e9xtasis)<\/strong> Orden <strong data-start=\"1149\" data-end=\"1159\">Kokain<\/strong>. Que la sustancia no est\u00e1 regulada y a menudo est\u00e1 contaminada por la guerra, f\u00fchrten <strong data-start=\"1230\" data-end=\"1272\">riesgos y desastres para la salud<\/strong> zu internationalen Verboten.<\/p>\n<h2 data-start=\"1308\" data-end=\"1345\"><strong data-start=\"1311\" data-end=\"1345\">\u00bfQui\u00e9n trabaja Mephedron en K\u00f6rper?<\/strong><\/h2>\n<p data-start=\"1347\" data-end=\"1672\">El mefedro influye en la concentraci\u00f3n del neurotransmisor. <strong data-start=\"1408\" data-end=\"1419\">Dopamina<\/strong>, <strong data-start=\"1421\" data-end=\"1434\">Serotonina<\/strong> y <strong data-start=\"1439\" data-end=\"1455\">Noradrenalina<\/strong> Soy Gehirn. Estos Botenstoffe son responsables de estimulaci\u00f3n, motivaci\u00f3n y vigilancia.<br data-start=\"1543\" data-end=\"1546\" \/>Durante este per\u00edodo de cuidado, el material llegar\u00e1 a su fin. <strong data-start=\"1609\" data-end=\"1671\">Kurzzeitigen Gef\u00fchl von Euphorie, Energie und Geselligkeit<\/strong>.<\/p>\n<p data-start=\"1674\" data-end=\"1966\">Pero estos efectos art\u00edsticos seguir\u00e1n existiendo. Nach Abklingen der Wirkung kann es zu einem <strong data-start=\"1766\" data-end=\"1777\">Chocar<\/strong> Cuencos: una vida de paz, viajes o depresi\u00f3n. Bei wiederholtem Konsum bestht das risiko einer <strong data-start=\"1894\" data-end=\"1922\">psychischen Abh\u00e4ngigkeit<\/strong> y uno <strong data-start=\"1933\" data-end=\"1965\">Ver\u00e4nderung der Gehirnchemie<\/strong>.<\/p>\n<h2 data-start=\"1973\" data-end=\"2015\"><strong data-start=\"1976\" data-end=\"2015\">Kurzzeitige Wirkungen de Mephedron<\/strong><\/h2>\n<p data-start=\"2017\" data-end=\"2168\">Die Wirkung tritt in der Regel <strong data-start=\"2048\" data-end=\"2083\">mitad interior de 15 a 45 minutos<\/strong> despu\u00e9s de Einnahme auf y h\u00e4lt etwa <strong data-start=\"2120\" data-end=\"2139\">2 a 4 horas<\/strong> un.<br data-start=\"2143\" data-end=\"2146\" \/>Typische Effekte sind:<\/p>\n<ul data-start=\"2170\" data-end=\"2333\">\n<li data-start=\"2170\" data-end=\"2206\">\n<p data-start=\"2172\" data-end=\"2206\">Gesteigerte Energie und Wachheit<\/p>\n<\/li>\n<li data-start=\"2207\" data-end=\"2251\">\n<p data-start=\"2209\" data-end=\"2251\">Erh\u00f6hte Geselligkeit und Gespr\u00e4chsfreude<\/p>\n<\/li>\n<li data-start=\"2252\" data-end=\"2284\">\n<p data-start=\"2254\" data-end=\"2284\">Steigertes Selbstvertrauen<\/p>\n<\/li>\n<li data-start=\"2285\" data-end=\"2333\">\n<p data-start=\"2287\" data-end=\"2333\">Intensivere Wahrnehmung von Musik und Farben<\/p>\n<\/li>\n<\/ul>\n<p data-start=\"2335\" data-end=\"2488\">Estos efectos pueden desaparecer r\u00e1pidamente. <strong data-start=\"2375\" data-end=\"2405\">unangenehmen Nachwirkungen<\/strong> fueron resueltos \u2013 z. B. Schlaflosigkeit, Gereiztheit oder Konzentrationsst\u00f6rungen.<\/p>\n<h2 data-start=\"2495\" data-end=\"2537\"><strong data-start=\"2498\" data-end=\"2537\">M\u00f6gliche Risiken und Nebenwirkungen<\/strong><\/h2>\n<h3 data-start=\"2539\" data-end=\"2573\"><strong data-start=\"2543\" data-end=\"2573\">K\u00f6rperliche Nebenwirkungen<\/strong><\/h3>\n<ul data-start=\"2575\" data-end=\"2779\">\n<li data-start=\"2575\" data-end=\"2606\">\n<p data-start=\"2577\" data-end=\"2606\">Erh\u00f6hter Puls und Blutdruck<\/p>\n<\/li>\n<li data-start=\"2607\" data-end=\"2649\">\n<p data-start=\"2609\" data-end=\"2649\">\u00dcberm\u00e4\u00dfiges Schwitzen und Dehydrierung<\/p>\n<\/li>\n<li data-start=\"2650\" data-end=\"2691\">\n<p data-start=\"2652\" data-end=\"2691\">Muskelspannungen und Kieferpressen<\/p>\n<\/li>\n<li data-start=\"2692\" data-end=\"2731\">\n<p data-start=\"2694\" data-end=\"2731\">Schlafprobleme und Appetitlosigkeit<\/p>\n<\/li>\n<li data-start=\"2732\" data-end=\"2779\">\n<p data-start=\"2734\" data-end=\"2779\">Riesgo de vida <strong data-start=\"2747\" data-end=\"2777\">Hipertermia<\/strong><\/p>\n<\/li>\n<\/ul>\n<h3 data-start=\"2781\" data-end=\"2814\"><strong data-start=\"2785\" data-end=\"2814\">Efectos secundarios ps\u00edquicos<\/strong><\/h3>\n<ul data-start=\"2816\" data-end=\"2967\">\n<li data-start=\"2816\" data-end=\"2851\">\n<p data-start=\"2818\" data-end=\"2851\">Ansiedad y ataques de p\u00e1nico<\/p>\n<\/li>\n<li data-start=\"2852\" data-end=\"2885\">\n<p data-start=\"2854\" data-end=\"2885\">Paranoia oder Halluzinationen<\/p>\n<\/li>\n<li data-start=\"2886\" data-end=\"2926\">\n<p data-start=\"2888\" data-end=\"2926\">Estimmungschwankungen y depresi\u00f3n<\/p>\n<\/li>\n<li data-start=\"2927\" data-end=\"2967\">\n<p data-start=\"2929\" data-end=\"2967\">Erh\u00f6htes Risiko f\u00fcr <strong data-start=\"2949\" data-end=\"2965\">Abh\u00e4ngigkeit<\/strong><\/p>\n<\/li>\n<\/ul>\n<p data-start=\"2969\" data-end=\"3075\">Langfristiger Konsum kann das <strong data-start=\"2999\" data-end=\"3024\">Sistema de carrera de ciclo card\u00edaco<\/strong>, OMS <strong data-start=\"3030\" data-end=\"3039\">H\u00edgado<\/strong> y eso <strong data-start=\"3048\" data-end=\"3064\">Sistema nervioso<\/strong> da\u00f1o.<\/p>\n<h2 data-start=\"3082\" data-end=\"3129\"><strong data-start=\"3085\" data-end=\"3129\">Estado judicial de Mephedron (4-MMC)<\/strong><\/h2>\n<p data-start=\"3131\" data-end=\"3235\">Nach einem rasanten Anstieg des Missbrauchs wurde Mephedron <strong data-start=\"3191\" data-end=\"3202\">desde 2010<\/strong> prohibido en los principales L\u00e4ndern.<\/p>\n<ul data-start=\"3237\" data-end=\"3584\">\n<li data-start=\"3237\" data-end=\"3348\">\n<p data-start=\"3239\" data-end=\"3348\"><strong data-start=\"3239\" data-end=\"3255\">Alemania:<\/strong> Desde 2010 en <strong data-start=\"3269\" data-end=\"3302\">Ley de Protecci\u00f3n de Medios de Pago (BtMG)<\/strong> como no listado por seguridad vial.<\/p>\n<\/li>\n<li data-start=\"3349\" data-end=\"3439\">\n<p data-start=\"3351\" data-end=\"3439\"><strong data-start=\"3351\" data-end=\"3390\">Uni\u00f3n Europea y Gran Breta\u00f1a:<\/strong> Einstufung als verbotene psicotropic Substanz.<\/p>\n<\/li>\n<li data-start=\"3440\" data-end=\"3513\">\n<p data-start=\"3442\" data-end=\"3513\"><strong data-start=\"3442\" data-end=\"3450\">EE.UU:<\/strong> En <strong data-start=\"3454\" data-end=\"3468\">Anexo I<\/strong> Se aprob\u00f3 la Ley de Sustancias Controladas.<\/p>\n<\/li>\n<li data-start=\"3514\" data-end=\"3584\">\n<p data-start=\"3516\" data-end=\"3584\"><strong data-start=\"3516\" data-end=\"3540\">Australia y Canad\u00e1:<\/strong> Unter \u00e4hnlichen Gesetzen estrictamente prohibido.<\/p>\n<\/li>\n<\/ul>\n<h3 data-start=\"3586\" data-end=\"3621\"><strong data-start=\"3590\" data-end=\"3621\">Warum wurde 4-MMC verboten?<\/strong><\/h3>\n<p data-start=\"3623\" data-end=\"3884\">Regierungen reaccionen auf eine Zunahme von <strong data-start=\"3667\" data-end=\"3704\">Krankenhausf\u00e4llen y Todesf\u00e4llen<\/strong> despu\u00e9s del Konsum von Mephedron.<br data-start=\"3735\" data-end=\"3738\" \/>Da die Substanz meist <strong data-start=\"3760\" data-end=\"3783\">ilegal en internet<\/strong> comprado porque no es posible tomar medidas de control de calidad, lo que supone un factor de riesgo para los consumidores.<\/p>\n<h2 data-start=\"3891\" data-end=\"3949\"><strong data-start=\"3894\" data-end=\"3949\">Prevenci\u00f3n y minimizaci\u00f3n de da\u00f1os (reducci\u00f3n de da\u00f1os)<\/strong><\/h2>\n<p data-start=\"3951\" data-end=\"4125\">Si Mephedron es ilegal, se convierte en una organizaci\u00f3n de salud para <strong data-start=\"4032\" data-end=\"4061\">Aufkl\u00e4rung und Pr\u00e4vention<\/strong> De vez en cuando, ser\u00e1s castigado.<br data-start=\"4092\" data-end=\"4095\" \/>Empfohlene Vorsichtsma\u00dfnahmen:<\/p>\n<ul data-start=\"4127\" data-end=\"4354\">\n<li data-start=\"4127\" data-end=\"4180\">\n<p data-start=\"4129\" data-end=\"4180\">No combinar con otros secantes ni alcohol.<\/p>\n<\/li>\n<li data-start=\"4181\" data-end=\"4242\">\n<p data-start=\"4183\" data-end=\"4242\">Ausreichend Wasser trinken, aber \u00dcberhydrierung vermeiden<\/p>\n<\/li>\n<li data-start=\"4243\" data-end=\"4287\">\n<p data-start=\"4245\" data-end=\"4287\">Papas entre los dos Konsumepisodios terminan<\/p>\n<\/li>\n<li data-start=\"4288\" data-end=\"4354\">\n<p data-start=\"4290\" data-end=\"4354\">No dude en contactarnos para obtener m\u00e1s informaci\u00f3n.<\/p>\n<\/li>\n<\/ul>\n<h3 data-start=\"4356\" data-end=\"4399\"><strong data-start=\"4360\" data-end=\"4399\">Se\u00f1ales de advertencia problem\u00e1ticas Konsums<\/strong><\/h3>\n<ul data-start=\"4401\" data-end=\"4589\">\n<li data-start=\"4401\" data-end=\"4436\">\n<p data-start=\"4403\" data-end=\"4436\">H\u00e4ufiges \u201eNachlegen\u201c (Redosificaci\u00f3n)<\/p>\n<\/li>\n<li data-start=\"4437\" data-end=\"4499\">\n<p data-start=\"4439\" data-end=\"4499\">Vernachl\u00e4ssigung sozialer oder beruflicher Verpflichtungen<\/p>\n<\/li>\n<li data-start=\"4500\" data-end=\"4538\">\n<p data-start=\"4502\" data-end=\"4538\">Stimmungseinbr\u00fcche nach dem Konsum<\/p>\n<\/li>\n<li data-start=\"4539\" data-end=\"4589\">\n<p data-start=\"4541\" data-end=\"4589\">Zwanghafte Beschaffung oder Gedanken an Konsum<\/p>\n<\/li>\n<\/ul>\n<h2 data-start=\"4596\" data-end=\"4648\"><strong data-start=\"4599\" data-end=\"4648\">Investigaci\u00f3n actual sobre 4-MMC<\/strong><\/h2>\n<p data-start=\"4650\" data-end=\"5018\">Nuevos estudios dicen que el 4-MMC est\u00e1 disponible en l\u00ednea <strong data-start=\"4707\" data-end=\"4715\">MDMA<\/strong> Orden <strong data-start=\"4721\" data-end=\"4735\">Anfetamina<\/strong> que cambia el Aussch\u00fcttung von Neurotransmitter.<br data-start=\"4785\" data-end=\"4788\" \/>Forschungen weisen zudem auf <strong data-start=\"4817\" data-end=\"4842\">efectos neurot\u00f3xicos<\/strong> y <strong data-start=\"4847\" data-end=\"4874\">kardiovaskul\u00e4re Risiken<\/strong> Hin.<br data-start=\"4879\" data-end=\"4882\" \/>Wissenschaftler fordern daher <strong data-start=\"4912\" data-end=\"4931\">estudios adicionales<\/strong>, de modo que se pueda mejorar el progreso a largo plazo y se puedan implementar estrategias de implementaci\u00f3n.<\/p>\n<h2 data-start=\"5025\" data-end=\"5073\"><strong data-start=\"5028\" data-end=\"5073\">Seguridad, alternativa legal a Mephedron<\/strong><\/h2>\n<p data-start=\"5075\" data-end=\"5184\">Wer nach Energie und Focus sucht, sollte af <strong data-start=\"5120\" data-end=\"5155\">sustancias legales y probadas<\/strong> zur\u00fcckgreifen. Dazu heard:<\/p>\n<ul data-start=\"5186\" data-end=\"5406\">\n<li data-start=\"5186\" data-end=\"5239\">\n<p data-start=\"5188\" data-end=\"5239\"><strong data-start=\"5188\" data-end=\"5211\">Caf\u00e9 y guaran\u00e1<\/strong> (nat\u00fcrliche Stimulanzien)<\/p>\n<\/li>\n<li data-start=\"5240\" data-end=\"5296\">\n<p data-start=\"5242\" data-end=\"5296\"><strong data-start=\"5242\" data-end=\"5255\">L-teanina<\/strong> (en camiseta verde, f\u00f6rdert Konzentration)<\/p>\n<\/li>\n<li data-start=\"5297\" data-end=\"5347\">\n<p data-start=\"5299\" data-end=\"5347\"><strong data-start=\"5299\" data-end=\"5317\">Rhodiola rosea<\/strong> (Adaptogen gegen M\u00fcdigkeit)<\/p>\n<\/li>\n<li data-start=\"5348\" data-end=\"5406\">\n<p data-start=\"5350\" data-end=\"5406\"><strong data-start=\"5350\" data-end=\"5372\">Complejo de vitamina B<\/strong> para actividades de ocio divertidas<\/p>\n<\/li>\n<\/ul>\n<p data-start=\"5408\" data-end=\"5500\">Solche Alternativen sind <strong data-start=\"5433\" data-end=\"5455\">seguro y legal<\/strong>, si vienes de <strong data-start=\"5470\" data-end=\"5491\">resortes probados<\/strong> tribus.<\/p>\n<h2 data-start=\"5507\" data-end=\"5544\"><strong data-start=\"5510\" data-end=\"5544\">H\u00e4ufig gestelte Fragen (Preguntas frecuentes)<\/strong><\/h2>\n<p data-start=\"5546\" data-end=\"5727\"><strong data-start=\"5546\" data-end=\"5598\">1. \u00bfWof\u00fcr wurde Mephedron urspr\u00fcnglich mimado?<\/strong><br data-start=\"5598\" data-end=\"5601\" \/>La mefedrona tambi\u00e9n se utiliz\u00f3 como &quot;sustancia qu\u00edmica de investigaci\u00f3n&quot; para su venta y para que los consumidores estimularan el tr\u00e1fico.<\/p>\n<p data-start=\"5729\" data-end=\"5874\"><strong data-start=\"5729\" data-end=\"5767\">2. \u00bfEs legal el 4-MMC heute irgendwo?<\/strong><br data-start=\"5767\" data-end=\"5770\" \/>No, el mefedro est\u00e1 prohibido en todos los pa\u00edses. Es importante seguir las instrucciones del medicamento.<\/p>\n<p data-start=\"5876\" data-end=\"6062\"><strong data-start=\"5876\" data-end=\"5925\">3. \u00bfExisten alternativas al Mephedron?<\/strong><br data-start=\"5925\" data-end=\"5928\" \/>S\u00ed, los remedios naturales o legales con caf\u00e9, teanina o remolacha adaptog\u00e9nica fresca tienen efecto a pesar de los altos riesgos.<\/p>\n<p data-start=\"5876\" data-end=\"6062\"><a href=\"https:\/\/researchchemicalhub.com\/es\/shop\/okategoriserad\/benzocaine-powder\/\">polvo de benzoca\u00edna<\/a><a href=\"https:\/\/researchchemicalhub.com\/es\/shop\/okategoriserad\/fentanyl-kopen\/\">comprar fentanilo<\/a><a href=\"https:\/\/researchchemicalhub.com\/es\/shop\/iboga-ibogaine\/iboga-root-bark\/\">corteza de ra\u00edz de iboga<\/a><a href=\"https:\/\/researchchemicalhub.com\/es\/shop\/iboga-ibogaine\/iboga-kopen\/\">comprar iboga<\/a><a href=\"https:\/\/researchchemicalhub.com\/es\/shop\/iboga-ibogaine\/buy-ibogaine-hcl-online\/\">comprar iboga\u00edna hcl en l\u00ednea<\/a><\/p>","protected":false},"excerpt":{"rendered":"<p>Was ist Mephedron (4-MMC)? Mephedron, wissenschaftlich bekannt als 4-Methylmethcathinon (4-MMC), ist eine synthetische Substanz aus der Gruppe der Cathinone, die<\/p>","protected":false},"featured_media":27571,"comment_status":"open","ping_status":"closed","template":"","meta":[],"product_brand":[],"product_cat":[1085],"product_tag":[],"class_list":{"0":"post-27570","1":"product","2":"type-product","3":"status-publish","4":"has-post-thumbnail","6":"product_cat-okategoriserad","8":"first","9":"instock","10":"taxable","11":"shipping-taxable","12":"purchasable","13":"product-type-variable"},"_links":{"self":[{"href":"https:\/\/researchchemicalhub.com\/es\/wp-json\/wp\/v2\/product\/27570","targetHints":{"allow":["GET"]}}],"collection":[{"href":"https:\/\/researchchemicalhub.com\/es\/wp-json\/wp\/v2\/product"}],"about":[{"href":"https:\/\/researchchemicalhub.com\/es\/wp-json\/wp\/v2\/types\/product"}],"replies":[{"embeddable":true,"href":"https:\/\/researchchemicalhub.com\/es\/wp-json\/wp\/v2\/comments?post=27570"}],"version-history":[{"count":4,"href":"https:\/\/researchchemicalhub.com\/es\/wp-json\/wp\/v2\/product\/27570\/revisions"}],"predecessor-version":[{"id":27704,"href":"https:\/\/researchchemicalhub.com\/es\/wp-json\/wp\/v2\/product\/27570\/revisions\/27704"}],"wp:featuredmedia":[{"embeddable":true,"href":"https:\/\/researchchemicalhub.com\/es\/wp-json\/wp\/v2\/media\/27571"}],"wp:attachment":[{"href":"https:\/\/researchchemicalhub.com\/es\/wp-json\/wp\/v2\/media?parent=27570"}],"wp:term":[{"taxonomy":"product_brand","embeddable":true,"href":"https:\/\/researchchemicalhub.com\/es\/wp-json\/wp\/v2\/product_brand?post=27570"},{"taxonomy":"product_cat","embeddable":true,"href":"https:\/\/researchchemicalhub.com\/es\/wp-json\/wp\/v2\/product_cat?post=27570"},{"taxonomy":"product_tag","embeddable":true,"href":"https:\/\/researchchemicalhub.com\/es\/wp-json\/wp\/v2\/product_tag?post=27570"}],"curies":[{"name":"gracias","href":"https:\/\/api.w.org\/{rel}","templated":true}]}}