{"id":27449,"date":"2025-10-20T16:11:46","date_gmt":"2025-10-20T16:11:46","guid":{"rendered":"https:\/\/researchchemicalhub.com\/?post_type=product&#038;p=27449"},"modified":"2025-10-21T05:54:54","modified_gmt":"2025-10-21T05:54:54","slug":"comprar-fentanilo","status":"publish","type":"product","link":"https:\/\/researchchemicalhub.com\/es\/comercio\/okategoriserad\/comprar-fentanilo\/","title":{"rendered":"fentanilo"},"content":{"rendered":"<h2 data-start=\"516\" data-end=\"545\"><strong data-start=\"519\" data-end=\"545\">Introducci\u00f3n al fentanilo<\/strong><\/h2>\n<p data-start=\"547\" data-end=\"865\">Fentanilo es un <strong data-start=\"564\" data-end=\"588\">opioide sint\u00e9tico<\/strong>, das in der Medizin zur Behandlung <strong data-start=\"624\" data-end=\"662\">Starker bis sehr Starker Schmerzen<\/strong> eingesetzt wird \u2013 beispielsweise bei <strong data-start=\"700\" data-end=\"718\">Pacientes con Krebs<\/strong> o despu\u00e9s de operaciones importantes. Es o\u00eddo zu den <strong data-start=\"768\" data-end=\"808\">Schmerzmitteln pintables m\u00e1s fuertes<\/strong> y es etwa <strong data-start=\"822\" data-end=\"862\">Entre 50 y 100 veces m\u00e1s potente que la morfina<\/strong>comprar fentanilo<\/p>\n<p data-start=\"867\" data-end=\"1083\">Desde principios de la d\u00e9cada de 1960, se ha utilizado y se sigue utilizando actualmente. <strong data-start=\"958\" data-end=\"980\">Darreichungsformen<\/strong> OMS <strong data-start=\"985\" data-end=\"1042\">Pflaster, Lutscher, Injektionsl\u00f6sungen oder Tabletten<\/strong> (z. B. Fentanyl-Tabletten) erh\u00e4ltlich. comprar fentanilo<\/p>\n<p data-start=\"1085\" data-end=\"1223\">Si el fentanilo es una cuesti\u00f3n de uso, atr\u00e9vete a hacerlo. <strong data-start=\"1136\" data-end=\"1204\">Eche un vistazo m\u00e1s de cerca y obtenga consejos \u00fatiles.<\/strong> acostumbrarse<\/p>\n<hr data-start=\"1225\" data-end=\"1228\" \/>\n<h2 data-start=\"1230\" data-end=\"1263\"><strong data-start=\"1233\" data-end=\"1263\">Mecanismo de acci\u00f3n del fentanilo<\/strong><\/h2>\n<p data-start=\"1265\" data-end=\"1442\">Fentanyl wirkt direkt auf die <strong data-start=\"1295\" data-end=\"1340\">Receptores de opioides en Gehirn und R\u00fcckenmark<\/strong>. Durante estas conexiones, Schmerzsignale blockiert und die Schmerzwahrnehmung deutlich reduziert.<\/p>\n<p data-start=\"1444\" data-end=\"1593\">Die Wirkung tritt in der Regel <strong data-start=\"1475\" data-end=\"1495\">muy r\u00e1pido uno<\/strong> \u2014Pase unos minutos dentro\u2014 y contin\u00fae con su formulario de procesamiento. <strong data-start=\"1568\" data-end=\"1587\">varias horas<\/strong> un.<\/p>\n<p data-start=\"1595\" data-end=\"1799\">Neben der Schmerzlinderung kann Fentanyl jedoch tambi\u00e9n <strong data-start=\"1648\" data-end=\"1666\">Nebenwirkungen<\/strong> who Schl\u00e4frigkeit, \u00dcbelkeit, Verstopfung oder Atemdepression verursachen, weshalb die <strong data-start=\"1753\" data-end=\"1786\">Dosierung streng kontrolliert<\/strong> eran idiotas.<\/p>\n<hr data-start=\"1801\" data-end=\"1804\" \/>\n<h2 data-start=\"1806\" data-end=\"1839\"><strong data-start=\"1809\" data-end=\"1839\">Marcador principal de fentanilo<\/strong><\/h2>\n<div class=\"_tableContainer_1rjym_1\">\n<div class=\"group _tableWrapper_1rjym_13 flex w-fit flex-col-reverse\" tabindex=\"-1\">\n<table class=\"w-fit min-w-(--thread-content-width)\" data-start=\"1841\" data-end=\"2363\">\n<thead data-start=\"1841\" data-end=\"1871\">\n<tr data-start=\"1841\" data-end=\"1871\">\n<th data-start=\"1841\" data-end=\"1855\" data-col-size=\"sm\">Propiedad<\/th>\n<th data-start=\"1855\" data-end=\"1871\" data-col-size=\"md\">Descripci\u00f3n<\/th>\n<\/tr>\n<\/thead>\n<tbody data-start=\"1904\" data-end=\"2363\">\n<tr data-start=\"1904\" data-end=\"1961\">\n<td data-start=\"1904\" data-end=\"1926\" data-col-size=\"sm\"><strong data-start=\"1906\" data-end=\"1925\">Clase de material<\/strong><\/td>\n<td data-col-size=\"md\" data-start=\"1926\" data-end=\"1961\">Analg\u00e9sico opioide sint\u00e9tico<\/td>\n<\/tr>\n<tr data-start=\"1962\" data-end=\"2016\">\n<td data-start=\"1962\" data-end=\"1979\" data-col-size=\"sm\"><strong data-start=\"1964\" data-end=\"1978\">fortalezas laborales<\/strong><\/td>\n<td data-col-size=\"md\" data-start=\"1979\" data-end=\"2016\">Etwa 50\u2013100 \u00d7 st\u00e4rker como Morphin<\/td>\n<\/tr>\n<tr data-start=\"2017\" data-end=\"2098\">\n<td data-start=\"2017\" data-end=\"2042\" data-col-size=\"sm\"><strong data-start=\"2019\" data-end=\"2041\">Darreichungsformen<\/strong><\/td>\n<td data-col-size=\"md\" data-start=\"2042\" data-end=\"2098\">Pflaster, Tabletas, Lutscher, Nasenspray, Injektion<\/td>\n<\/tr>\n<tr data-start=\"2099\" data-end=\"2178\">\n<td data-start=\"2099\" data-end=\"2122\" data-col-size=\"sm\"><strong data-start=\"2101\" data-end=\"2121\">\u00c1rea de aplicaci\u00f3n<\/strong><\/td>\n<td data-col-size=\"md\" data-start=\"2122\" data-end=\"2178\">El tratamiento es m\u00e1s cr\u00f3nico o agudo<\/td>\n<\/tr>\n<tr data-start=\"2179\" data-end=\"2236\">\n<td data-start=\"2179\" data-end=\"2207\" data-col-size=\"sm\"><strong data-start=\"2181\" data-end=\"2206\">Verschreibungsbflicht<\/strong><\/td>\n<td data-col-size=\"md\" data-start=\"2207\" data-end=\"2236\">Nur auf \u00e4rztliches Rezept<\/td>\n<\/tr>\n<tr data-start=\"2237\" data-end=\"2293\">\n<td data-start=\"2237\" data-end=\"2258\" data-col-size=\"sm\"><strong data-start=\"2239\" data-end=\"2257\">Inicio del efecto<\/strong><\/td>\n<td data-col-size=\"md\" data-start=\"2258\" data-end=\"2293\">Schnell \u2013 Innerhalb von Minuten<\/td>\n<\/tr>\n<tr data-start=\"2294\" data-end=\"2363\">\n<td data-start=\"2294\" data-end=\"2318\" data-col-size=\"sm\"><strong data-start=\"2296\" data-end=\"2317\">Wirksamkeitsdauer<\/strong><\/td>\n<td data-col-size=\"md\" data-start=\"2318\" data-end=\"2363\">M\u00e1s Stunden, je nach Formulario de solicitud<\/td>\n<\/tr>\n<\/tbody>\n<\/table>\n<\/div>\n<\/div>\n<hr data-start=\"2365\" data-end=\"2368\" \/>\n<h2 data-start=\"2370\" data-end=\"2410\"><strong data-start=\"2373\" data-end=\"2410\">Beneficios m\u00e9dicos y de salud<\/strong><\/h2>\n<ul data-start=\"2412\" data-end=\"2929\">\n<li data-start=\"2412\" data-end=\"2517\">\n<p data-start=\"2414\" data-end=\"2517\"><strong data-start=\"2414\" data-end=\"2442\">Starke Schmerzlinderung:<\/strong> Aseg\u00farese de trabajar con c\u00e9lulas tumorales o procedimientos quir\u00fargicos en Eingriffen.<\/p>\n<\/li>\n<li data-start=\"2518\" data-end=\"2613\">\n<p data-start=\"2520\" data-end=\"2613\"><strong data-start=\"2520\" data-end=\"2551\">Schneller Wirkungseintritt:<\/strong> Ideal con pl\u00f6tzlichen Schmerzspitzen (Durchbruchschmerzen).<\/p>\n<\/li>\n<li data-start=\"2614\" data-end=\"2715\">\n<p data-start=\"2616\" data-end=\"2715\"><strong data-start=\"2616\" data-end=\"2639\">Vielf\u00e4ltige Formen:<\/strong> Tratamiento flexible: desde transd\u00e9rmicos Pflastern hasta tabletas orales.<\/p>\n<\/li>\n<li data-start=\"2716\" data-end=\"2810\">\n<p data-start=\"2718\" data-end=\"2810\"><strong data-start=\"2718\" data-end=\"2750\">Kontrollierte Dosierbarkeit:<\/strong> Erm\u00f6glicht genaue Anpassung an individual Schmerzgrade.<\/p>\n<\/li>\n<li data-start=\"2811\" data-end=\"2929\">\n<p data-start=\"2813\" data-end=\"2929\"><strong data-start=\"2813\" data-end=\"2856\">Apoyo a la terapia paliativa:<\/strong> Mejora la calidad de vida de los pacientes con dolor cr\u00f3nico.<\/p>\n<\/li>\n<\/ul>\n<hr data-start=\"2931\" data-end=\"2934\" \/>\n<h2 data-start=\"2936\" data-end=\"2966\"><strong data-start=\"2939\" data-end=\"2966\">Anwendung und Dosierung<\/strong><\/h2>\n<p data-start=\"2968\" data-end=\"3055\">Eso <strong data-start=\"2972\" data-end=\"2998\">Aplicaci\u00f3n de fentanilo<\/strong> erfolgt ausschlie\u00dflich <strong data-start=\"3022\" data-end=\"3052\">unter \u00e4rztlicher Anweisung<\/strong>.<\/p>\n<ul data-start=\"3057\" data-end=\"3381\">\n<li data-start=\"3057\" data-end=\"3164\">\n<p data-start=\"3059\" data-end=\"3164\"><strong data-start=\"3059\" data-end=\"3081\">Fentanilo Pflaster:<\/strong> Wird auf die Haut klebt und gibt de Wirkstoff \u00fcber 72 Stunden gleichm\u00e4\u00dfig ab.<\/p>\n<\/li>\n<li data-start=\"3165\" data-end=\"3274\">\n<p data-start=\"3167\" data-end=\"3274\"><strong data-start=\"3167\" data-end=\"3204\">Tabletas de fentanilo o Lutscher:<\/strong> Para Schmerzspitzen frescos, especialmente con Durchbruchschmerzen.<\/p>\n<\/li>\n<li data-start=\"3275\" data-end=\"3381\">\n<p data-start=\"3277\" data-end=\"3381\"><strong data-start=\"3277\" data-end=\"3309\">Injektionen oder Infusionen:<\/strong> En caso de enfermedad, se someten a Schmerztherapie o An\u00e4sthesie postoperatoriamente.<\/p>\n<\/li>\n<\/ul>\n<p data-start=\"3383\" data-end=\"3578\"><strong data-start=\"3383\" data-end=\"3405\">Importante:<\/strong><br data-start=\"3405\" data-end=\"3408\" \/>Fentanilo darf <strong data-start=\"3422\" data-end=\"3476\">no es \u00fanico ni independiente de su propio control<\/strong> Se tomaron. Se puede realizar un cambio falso. <strong data-start=\"3534\" data-end=\"3570\">Superdosificaci\u00f3n del soporte vital<\/strong> Dirigir.<\/p>\n<hr data-start=\"3580\" data-end=\"3583\" \/>\n<h2 data-start=\"3585\" data-end=\"3621\"><strong data-start=\"3588\" data-end=\"3621\">Sicherheits- und Warnhinweise<\/strong><\/h2>\n<ul data-start=\"3623\" data-end=\"3919\">\n<li data-start=\"3623\" data-end=\"3681\">\n<p data-start=\"3625\" data-end=\"3681\">No con alcohol ni combinaciones de alcohol.<\/p>\n<\/li>\n<li data-start=\"3682\" data-end=\"3735\">\n<p data-start=\"3684\" data-end=\"3735\">Au\u00dferhalb der Reichweite von Kindern aufbewahren.<\/p>\n<\/li>\n<li data-start=\"3736\" data-end=\"3815\">\n<p data-start=\"3738\" data-end=\"3815\">Por favor, inf\u00f3rmenos si padece asma o alergia a los opioides.<\/p>\n<\/li>\n<li data-start=\"3816\" data-end=\"3878\">\n<p data-start=\"3818\" data-end=\"3878\">Entsorgung gebrauchter Pflaster nach \u00e4rztlicher Anweisung.<\/p>\n<\/li>\n<li data-start=\"3879\" data-end=\"3919\">\n<p data-start=\"3881\" data-end=\"3919\">\u00a1No sin automedicarse!<\/p>\n<\/li>\n<\/ul>\n<hr data-start=\"3921\" data-end=\"3924\" \/>\n<h2 data-start=\"3926\" data-end=\"3952\"><strong data-start=\"3929\" data-end=\"3952\">Rechtliche Hinweise<\/strong><\/h2>\n<p data-start=\"3954\" data-end=\"4260\">En Alemania, el fentanilo se incluye en esa categor\u00eda. <strong data-start=\"3994\" data-end=\"4027\">Ley de Protecci\u00f3n de Medios de Pago (BtMG)<\/strong>.<br data-start=\"4028\" data-end=\"4031\" \/>La entrada y salida del Sena est\u00e1n estrictamente reguladas, por lo que se impide el tr\u00e1fico.<br data-start=\"4113\" data-end=\"4116\" \/>Nur approbierte \u00c4rzte d\u00fcrfen Fentanyl schreiben, und pharmacies geben es ausschlie\u00dflich gegen Vorlage eines <strong data-start=\"4226\" data-end=\"4253\">Bet\u00e4ubungsmittelrezepts<\/strong> de.<\/p>\n<p data-start=\"4262\" data-end=\"4414\">M\u00e1s informaci\u00f3n encontrada en las p\u00e1ginas oficiales <strong data-start=\"4325\" data-end=\"4413\"><a class=\"decorated-link cursor-pointer\" target=\"_new\" rel=\"noopener\" data-start=\"4327\" data-end=\"4411\">Instituto Federal de Productos Sanitarios y M\u00e9dicos (BfArM)<\/a><\/strong>.<\/p>\n<hr data-start=\"4416\" data-end=\"4419\" \/>\n<h2 data-start=\"4421\" data-end=\"4457\"><strong data-start=\"4424\" data-end=\"4457\">H\u00e4ufig gestelte Fragen (FAQ)<\/strong><\/h2>\n<p data-start=\"4459\" data-end=\"4637\"><strong data-start=\"4459\" data-end=\"4490\">1\ufe0f\u20e3 \u00bfEra seguro el fentanilo?<\/strong><br data-start=\"4490\" data-end=\"4493\" \/>El fentanilo es una sustancia sint\u00e9tica potente del grupo de los opioides. Es importante tener en cuenta que los pacientes resistentes al tratamiento podr\u00e1n tolerarlo.<\/p>\n<p data-start=\"4639\" data-end=\"4807\"><strong data-start=\"4639\" data-end=\"4672\">2\ufe0f\u20e3 \u00bfQui\u00e9n usa Fentanilo por mucho tiempo?<\/strong><br data-start=\"4672\" data-end=\"4675\" \/>Je nach Darreichungsform wirkt Fentanyl zischen 2 y 72 Stunden. Pflaster geben den Wirkstoff \u00fcber meerere Tage kontinuierlich ab.<\/p>\n<p data-start=\"4809\" data-end=\"5034\"><strong data-start=\"4809\" data-end=\"4846\">3\ufe0f\u20e3 \u00bfSe puede usar el fentanilo de forma segura?<\/strong><br data-start=\"4846\" data-end=\"4849\" \/>S\u00ed. \u00bfQui\u00e9nes pueden usar otros opioides con fentanilo durante per\u00edodos de tiempo m\u00e1s prolongados? <strong data-start=\"4914\" data-end=\"4957\">bienestar f\u00edsico y psicol\u00f3gico<\/strong> verursachen. Deshalb seguir\u00e1 el tratamiento desde una perspectiva m\u00e9dica.<\/p>\n<h3 data-start=\"230\" data-end=\"288\"><a style=\"font-size: 16px;\" href=\"https:\/\/researchchemicalhub.com\/es\/comercio\/okategoriserad\/comprar-4mmc\/\"><span dir=\"auto\" style=\"vertical-align: inherit;\"><span dir=\"auto\" style=\"vertical-align: inherit;\"><span dir=\"auto\" style=\"vertical-align: inherit;\"><span dir=\"auto\" style=\"vertical-align: inherit;\">Comprar 4mmc <\/span><\/span><\/span><\/span><\/a><a style=\"font-size: 16px;\" href=\"https:\/\/researchchemicalhub.com\/es\/comercio\/iboga-ibogaina\/corteza-de-raiz-de-iboga\/\"><span dir=\"auto\" style=\"vertical-align: inherit;\"><span dir=\"auto\" style=\"vertical-align: inherit;\"><span dir=\"auto\" style=\"vertical-align: inherit;\"><span dir=\"auto\" style=\"vertical-align: inherit;\">corteza de ra\u00edz de iboga<\/span><\/span><\/span><\/span><\/a><a style=\"font-size: 16px;\" href=\"https:\/\/researchchemicalhub.com\/es\/comercio\/iboga-ibogaina\/comprar-ibogaina-hcl-en-linea\/\"><span dir=\"auto\" style=\"vertical-align: inherit;\"><span dir=\"auto\" style=\"vertical-align: inherit;\"><span dir=\"auto\" style=\"vertical-align: inherit;\"><span dir=\"auto\" style=\"vertical-align: inherit;\">Comprar iboga\u00edna hcl en l\u00ednea<\/span><\/span><\/span><\/span><\/a><a style=\"font-size: 16px;\" href=\"https:\/\/researchchemicalhub.com\/es\/comercio\/lisergamidas\/1-cp-de-lsd-150-mcg\/\"><span dir=\"auto\" style=\"vertical-align: inherit;\"><span dir=\"auto\" style=\"vertical-align: inherit;\"><span dir=\"auto\" style=\"vertical-align: inherit;\"><span dir=\"auto\" style=\"vertical-align: inherit;\">1 cp de LSD <\/span><\/span><\/span><\/span><\/a><a style=\"font-size: 16px;\" href=\"https:\/\/researchchemicalhub.com\/es\/comercio\/pellets-2\/granulos-de-o-dsmt-50-mg\/\"><span dir=\"auto\" style=\"vertical-align: inherit;\"><span dir=\"auto\" style=\"vertical-align: inherit;\"><span dir=\"auto\" style=\"vertical-align: inherit;\"><span dir=\"auto\" style=\"vertical-align: inherit;\">o-dsmt<\/span><\/span><\/span><\/span><\/a><\/h3>","protected":false},"excerpt":{"rendered":"<p>Einf\u00fchrung in Fentanyl Fentanyl ist ein synthetisches Opioid, das in der Medizin zur Behandlung starker bis sehr starker Schmerzen eingesetzt<\/p>","protected":false},"featured_media":27450,"comment_status":"open","ping_status":"closed","template":"","meta":[],"product_brand":[],"product_cat":[1085],"product_tag":[1089,1088],"class_list":{"0":"post-27449","1":"product","2":"type-product","3":"status-publish","4":"has-post-thumbnail","6":"product_cat-okategoriserad","7":"product_tag-fentanyl-kopen","8":"product_tag-fentanyl-tablet","10":"first","11":"instock","12":"taxable","13":"shipping-taxable","14":"purchasable","15":"product-type-variable"},"_links":{"self":[{"href":"https:\/\/researchchemicalhub.com\/es\/wp-json\/wp\/v2\/product\/27449","targetHints":{"allow":["GET"]}}],"collection":[{"href":"https:\/\/researchchemicalhub.com\/es\/wp-json\/wp\/v2\/product"}],"about":[{"href":"https:\/\/researchchemicalhub.com\/es\/wp-json\/wp\/v2\/types\/product"}],"replies":[{"embeddable":true,"href":"https:\/\/researchchemicalhub.com\/es\/wp-json\/wp\/v2\/comments?post=27449"}],"version-history":[{"count":4,"href":"https:\/\/researchchemicalhub.com\/es\/wp-json\/wp\/v2\/product\/27449\/revisions"}],"predecessor-version":[{"id":27706,"href":"https:\/\/researchchemicalhub.com\/es\/wp-json\/wp\/v2\/product\/27449\/revisions\/27706"}],"wp:featuredmedia":[{"embeddable":true,"href":"https:\/\/researchchemicalhub.com\/es\/wp-json\/wp\/v2\/media\/27450"}],"wp:attachment":[{"href":"https:\/\/researchchemicalhub.com\/es\/wp-json\/wp\/v2\/media?parent=27449"}],"wp:term":[{"taxonomy":"product_brand","embeddable":true,"href":"https:\/\/researchchemicalhub.com\/es\/wp-json\/wp\/v2\/product_brand?post=27449"},{"taxonomy":"product_cat","embeddable":true,"href":"https:\/\/researchchemicalhub.com\/es\/wp-json\/wp\/v2\/product_cat?post=27449"},{"taxonomy":"product_tag","embeddable":true,"href":"https:\/\/researchchemicalhub.com\/es\/wp-json\/wp\/v2\/product_tag?post=27449"}],"curies":[{"name":"gracias","href":"https:\/\/api.w.org\/{rel}","templated":true}]}}