{"id":26138,"date":"2025-10-20T01:31:18","date_gmt":"2025-10-20T01:31:18","guid":{"rendered":"https:\/\/researchchemicalhub.com\/?post_type=product&#038;p=26138"},"modified":"2025-10-21T05:55:10","modified_gmt":"2025-10-21T05:55:10","slug":"capsulas-de-iboga","status":"publish","type":"product","link":"https:\/\/researchchemicalhub.com\/es\/comercio\/iboga-ibogaina\/capsulas-de-iboga\/","title":{"rendered":"C\u00e1psulas de iboga"},"content":{"rendered":"<h2>Comprar c\u00e1psulas de iboga<\/h2>\n<p>Iboga se refiere a un compuesto psicoactivo obtenido de plantas que contienen el alcaloide iboga\u00edna. S\u00f3lo en Gab\u00f3n existen numerosas plantas que contienen este alcaloide. La fuente principal, sin embargo, es la planta Tabernanthe Iboga. Estas plantas crecen en el suelo de la selva en regiones remotas del centro-oeste de \u00c1frica, incluidos Camer\u00fan y la Rep\u00fablica del Congo.<a href=\"https:\/\/legalerfuhrerschein.com\/\" target=\"_blank\" rel=\"noopener\">,<\/a> Angola y, por supuesto, Gab\u00f3n, el hogar f\u00edsico y espiritual de la planta. Comprar c\u00e1psulas de iboga<\/p>\n<p>La corteza de la ra\u00edz de la planta contiene los alcaloides psicoactivos. Al raspar esta corteza de ra\u00edz, obtenemos una hierba curativa antigua, poderosa y fresca, lista para comer. <a href=\"https:\/\/ibogainerehabilitation.com\/\" target=\"_blank\" rel=\"noopener\">iboga<\/a>. Despu\u00e9s de consumir la corteza de la ra\u00edz, los sujetos experimentan el inicio de un modo de conciencia similar al sue\u00f1o. A lo largo del viaje, uno puede (o no) encontrarse con descubrimientos existenciales, visiones n\u00edtidas, recuerdos y un sinf\u00edn de otras cosas maravillosas. Como la adicci\u00f3n, la depresi\u00f3n, las enfermedades de la piel, la reducci\u00f3n corporal y el despertar espiritual.<\/p>","protected":false},"excerpt":{"rendered":"<p>Comprar c\u00e1psulas de iboga Iboga se refiere a un compuesto psicoactivo tomado de plantas que contienen el alcaloide iboga\u00edna. S\u00f3lo en Gab\u00f3n,<\/p>","protected":false},"featured_media":26151,"comment_status":"closed","ping_status":"closed","template":"","meta":[],"product_brand":[],"product_cat":[908],"product_tag":[],"class_list":{"0":"post-26138","1":"product","2":"type-product","3":"status-publish","4":"has-post-thumbnail","6":"product_cat-iboga-ibogaine","8":"first","9":"instock","10":"taxable","11":"shipping-taxable","12":"purchasable","13":"product-type-variable"},"_links":{"self":[{"href":"https:\/\/researchchemicalhub.com\/es\/wp-json\/wp\/v2\/product\/26138","targetHints":{"allow":["GET"]}}],"collection":[{"href":"https:\/\/researchchemicalhub.com\/es\/wp-json\/wp\/v2\/product"}],"about":[{"href":"https:\/\/researchchemicalhub.com\/es\/wp-json\/wp\/v2\/types\/product"}],"replies":[{"embeddable":true,"href":"https:\/\/researchchemicalhub.com\/es\/wp-json\/wp\/v2\/comments?post=26138"}],"version-history":[{"count":1,"href":"https:\/\/researchchemicalhub.com\/es\/wp-json\/wp\/v2\/product\/26138\/revisions"}],"predecessor-version":[{"id":26152,"href":"https:\/\/researchchemicalhub.com\/es\/wp-json\/wp\/v2\/product\/26138\/revisions\/26152"}],"wp:featuredmedia":[{"embeddable":true,"href":"https:\/\/researchchemicalhub.com\/es\/wp-json\/wp\/v2\/media\/26151"}],"wp:attachment":[{"href":"https:\/\/researchchemicalhub.com\/es\/wp-json\/wp\/v2\/media?parent=26138"}],"wp:term":[{"taxonomy":"product_brand","embeddable":true,"href":"https:\/\/researchchemicalhub.com\/es\/wp-json\/wp\/v2\/product_brand?post=26138"},{"taxonomy":"product_cat","embeddable":true,"href":"https:\/\/researchchemicalhub.com\/es\/wp-json\/wp\/v2\/product_cat?post=26138"},{"taxonomy":"product_tag","embeddable":true,"href":"https:\/\/researchchemicalhub.com\/es\/wp-json\/wp\/v2\/product_tag?post=26138"}],"curies":[{"name":"gracias","href":"https:\/\/api.w.org\/{rel}","templated":true}]}}