{"id":26119,"date":"2025-10-20T01:31:17","date_gmt":"2025-10-20T01:31:17","guid":{"rendered":"https:\/\/researchchemicalhub.com\/?post_type=product&#038;p=26119"},"modified":"2025-10-21T05:53:27","modified_gmt":"2025-10-21T05:53:27","slug":"corteza-de-raiz-de-iboga","status":"publish","type":"product","link":"https:\/\/researchchemicalhub.com\/es\/comercio\/iboga-ibogaina\/corteza-de-raiz-de-iboga\/","title":{"rendered":"corteza de ra\u00edz de iboga"},"content":{"rendered":"<h2>Comprar corteza de ra\u00edz de iboga<\/h2>\n<p>corteza de ra\u00edz de iboga, Nuestra corteza de ra\u00edz de iboga a la venta se puede consumir directamente ingiri\u00e9ndola o se puede moler en polvo de corteza de ra\u00edz de iboga antes de consumirla, donde se puede encapsular en c\u00e1psulas y tragar para evadir el sabor amargo.<\/p>\n<p>El pueblo Bwiti consume tradicionalmente una gran dosis de corteza de ra\u00edz de iboga como rito de iniciaci\u00f3n y otras cantidades m\u00e1s peque\u00f1as para ceremonias de curaci\u00f3n y para la caza. Peque\u00f1as dosis de corteza de ra\u00edz de iboga de unos 5 gramos act\u00faan como estimulantes y afrodis\u00edacos, mientras que grandes dosis de corteza de ra\u00edz de iboga de unos 10 a 25 gramos pueden utilizarse para la exploraci\u00f3n espiritual, la curaci\u00f3n psicoterap\u00e9utica, la desintoxicaci\u00f3n f\u00edsica r\u00e1pida y la recuperaci\u00f3n de la adicci\u00f3n.<\/p>\n<p>Tambi\u00e9n se han obtenido resultados prometedores en el tratamiento de otras enfermedades, incluida la enfermedad de Parkinson. Muchos centros de tratamiento con iboga han descubierto que es necesario tomar demasiada corteza de ra\u00edz de iboga para obtener una experiencia completa.<\/p>\n<div class=\"elementor-element elementor-element-2342a3b elementor-widget elementor-widget-jws_widget_heading\" data-id=\"2342a3b\" data-element_type=\"widget\" data-widget_type=\"jws_widget_heading.default\">\n<div class=\"elementor-widget-container\">\n<div class=\"title-wrapper center\">\n<h2 class=\"title\">Lo que debes saber<\/h2>\n<\/div>\n<\/div>\n<\/div>\n<div class=\"elementor-element elementor-element-dd111fd elementor-widget__width-initial elementor-widget elementor-widget-text-editor\" data-id=\"dd111fd\" data-element_type=\"widget\" data-widget_type=\"text-editor.default\">\n<div class=\"elementor-widget-container\">\n<p>Consumir una cantidad tan grande de corteza de planta puede resultar bastante dif\u00edcil. En la ceremonia de iniciaci\u00f3n Bwiti se han consumido dosis de hasta 100 gramos de corteza de ra\u00edz de iboga durante toda la ceremonia. Esta es la dosis m\u00e1xima observada, y los diferentes proveedores de cortezas de ra\u00edz de iboga tienen diferentes filosof\u00edas sobre las dosis exactas, una dosis terap\u00e9utica t\u00edpica de nuestra corteza de ra\u00edz de iboga a la venta var\u00eda de 5 a 100 gramos, dependiendo de la persona y el objetivo del tratamiento, pero comer una gran cantidad de materia vegetal fibrosa como nuestra iboga a la venta puede provocar n\u00e1useas a cualquiera. La corteza de la ra\u00edz de iboga dura mucho tiempo en el cuerpo; a veces tarda entre 72 horas y una semana en salir finalmente del sistema.<a href=\"https:\/\/researchchemicalhub.com\/es\/comercio\/fenetilamina\/capsulas-2c-ef-2mg\/\">C\u00e1psulas de 2 mg de 2C-EF<\/a><a href=\"https:\/\/researchchemicalhub.com\/es\/comercio\/catinonas\/%f0%9f%92%a1-polvo-cristalino-de-2-mmc-para-todas-las-preguntas-y-respuestas-para-la-compra\/\">Gr\u00e1nulos de 2-CMC de 250 mg<\/a><a href=\"https:\/\/researchchemicalhub.com\/es\/comercio\/lisergamidas\/1v-lsd-150-mcg-blotters\/\">Papel secante 1V-LSD 150 MCG<\/a><a href=\"https:\/\/researchchemicalhub.com\/es\/comercio\/pellets\/granulos-de-o-dsmt-50-mg\/\">Gr\u00e1nulos de O-DSMT de 50 mg<\/a><a href=\"https:\/\/researchchemicalhub.com\/es\/comercio\/lisergamidas\/1-pastilla-de-lsd-de-150-mcg\/\">Papel secante para arte de 1 cP-LSD 150 MCG<\/a><\/p>\n<\/div>\n<\/div>","protected":false},"excerpt":{"rendered":"<p>Comprar corteza de ra\u00edz de iboga corteza de ra\u00edz de iboga, Nuestra corteza de ra\u00edz de iboga a la venta se puede consumir directamente ingiri\u00e9ndola o<\/p>","protected":false},"featured_media":26145,"comment_status":"closed","ping_status":"closed","template":"","meta":[],"product_brand":[],"product_cat":[908],"product_tag":[914],"class_list":{"0":"post-26119","1":"product","2":"type-product","3":"status-publish","4":"has-post-thumbnail","6":"product_cat-iboga-ibogaine","7":"product_tag-iboga-root-bark","9":"first","10":"instock","11":"taxable","12":"shipping-taxable","13":"purchasable","14":"product-type-variable"},"_links":{"self":[{"href":"https:\/\/researchchemicalhub.com\/es\/wp-json\/wp\/v2\/product\/26119","targetHints":{"allow":["GET"]}}],"collection":[{"href":"https:\/\/researchchemicalhub.com\/es\/wp-json\/wp\/v2\/product"}],"about":[{"href":"https:\/\/researchchemicalhub.com\/es\/wp-json\/wp\/v2\/types\/product"}],"replies":[{"embeddable":true,"href":"https:\/\/researchchemicalhub.com\/es\/wp-json\/wp\/v2\/comments?post=26119"}],"version-history":[{"count":3,"href":"https:\/\/researchchemicalhub.com\/es\/wp-json\/wp\/v2\/product\/26119\/revisions"}],"predecessor-version":[{"id":26159,"href":"https:\/\/researchchemicalhub.com\/es\/wp-json\/wp\/v2\/product\/26119\/revisions\/26159"}],"wp:featuredmedia":[{"embeddable":true,"href":"https:\/\/researchchemicalhub.com\/es\/wp-json\/wp\/v2\/media\/26145"}],"wp:attachment":[{"href":"https:\/\/researchchemicalhub.com\/es\/wp-json\/wp\/v2\/media?parent=26119"}],"wp:term":[{"taxonomy":"product_brand","embeddable":true,"href":"https:\/\/researchchemicalhub.com\/es\/wp-json\/wp\/v2\/product_brand?post=26119"},{"taxonomy":"product_cat","embeddable":true,"href":"https:\/\/researchchemicalhub.com\/es\/wp-json\/wp\/v2\/product_cat?post=26119"},{"taxonomy":"product_tag","embeddable":true,"href":"https:\/\/researchchemicalhub.com\/es\/wp-json\/wp\/v2\/product_tag?post=26119"}],"curies":[{"name":"gracias","href":"https:\/\/api.w.org\/{rel}","templated":true}]}}