{"id":24961,"date":"2025-10-20T17:43:53","date_gmt":"2025-10-20T17:43:53","guid":{"rendered":"https:\/\/researchchemicalhub.com\/?post_type=product&#038;p=24961"},"modified":"2025-10-28T22:38:22","modified_gmt":"2025-10-28T22:38:22","slug":"granulos-de-o-dsmt-50-mg","status":"publish","type":"product","link":"https:\/\/researchchemicalhub.com\/es\/comercio\/el-dsmt\/granulos-de-o-dsmt-50-mg\/","title":{"rendered":"Gr\u00e1nulos de O-DSMT de 50 mg"},"content":{"rendered":"<h1 data-start=\"399\" data-end=\"488\"><strong data-start=\"401\" data-end=\"488\">O-DSMT (O-desmetiltramadol): informaci\u00f3n cient\u00edfica y an\u00e1lisis general<\/strong><\/h1>\n<p data-start=\"490\" data-end=\"739\"><strong data-start=\"490\" data-end=\"512\">Meta descripci\u00f3n:<\/strong><br data-start=\"512\" data-end=\"515\" \/>El O-DSMT (O-desmetiltramadol) es un f\u00e1rmaco en investigaci\u00f3n y un metabolito farmacol\u00f3gicamente activo del tramadol. Conozca m\u00e1s sobre la estructura qu\u00edmica, el mecanismo de acci\u00f3n, la relevancia cient\u00edfica y los aspectos de seguridad del O-DSMT.<\/p>\n<hr data-start=\"741\" data-end=\"744\" \/>\n<h2 data-start=\"746\" data-end=\"762\"><strong data-start=\"749\" data-end=\"762\">Introducci\u00f3n<\/strong><\/h2>\n<p data-start=\"764\" data-end=\"1036\"><strong data-start=\"764\" data-end=\"796\">O-desmetiltramadol (O-DSMT)<\/strong> es un <strong data-start=\"804\" data-end=\"831\">compuesto sint\u00e9tico<\/strong> que pertenece al grupo de <strong data-start=\"861\" data-end=\"883\">analg\u00e9sicos opioides<\/strong>. Es el <strong data-start=\"895\" data-end=\"930\">metabolito activo del tramadol<\/strong>, un analg\u00e9sico utilizado en todo el mundo para el tratamiento del dolor moderado a intenso.<\/p>\n<p data-start=\"1038\" data-end=\"1395\">El O-DSMT se forma en el organismo cuando el tramadol es metabolizado por el h\u00edgado a trav\u00e9s de la enzima CYP2D6. Este metabolito es <strong data-start=\"1154\" data-end=\"1221\">Responsable de gran parte del efecto analg\u00e9sico<\/strong> de tramadol. En un contexto de investigaci\u00f3n, se est\u00e1 estudiando el O-DSMT para <strong data-start=\"1287\" data-end=\"1348\">Acci\u00f3n farmacol\u00f3gica, actividad del receptor y seguridad<\/strong> para comprender mejor los compuestos opioides.<\/p>\n<p data-start=\"1397\" data-end=\"1601\">El O-DSMT se menciona a veces en la literatura cient\u00edfica sobre <strong data-start=\"1460\" data-end=\"1498\">nuevas sustancias psicoactivas (NSP)<\/strong> y <strong data-start=\"1502\" data-end=\"1529\">toxicolog\u00eda forense<\/strong>, pero lo es <strong data-start=\"1543\" data-end=\"1600\">No aprobado para uso o consumo humano<\/strong>.<\/p>\n<hr data-start=\"1603\" data-end=\"1606\" \/>\n<h2 data-start=\"1608\" data-end=\"1653\"><strong data-start=\"1611\" data-end=\"1653\">Caracter\u00edsticas principales<\/strong><\/h2>\n<div class=\"_tableContainer_1rjym_1\">\n<div class=\"group _tableWrapper_1rjym_13 flex w-fit flex-col-reverse\" tabindex=\"-1\">\n<table class=\"w-fit min-w-(--thread-content-width)\" data-start=\"1655\" data-end=\"2176\">\n<thead data-start=\"1655\" data-end=\"1692\">\n<tr data-start=\"1655\" data-end=\"1692\">\n<th data-start=\"1655\" data-end=\"1672\" data-col-size=\"sm\"><strong data-start=\"1657\" data-end=\"1671\">Caracter\u00edstica<\/strong><\/th>\n<th data-start=\"1672\" data-end=\"1692\" data-col-size=\"md\"><strong data-start=\"1674\" data-end=\"1690\">Descripci\u00f3n<\/strong><\/th>\n<\/tr>\n<\/thead>\n<tbody data-start=\"1732\" data-end=\"2176\">\n<tr data-start=\"1732\" data-end=\"1776\">\n<td data-start=\"1732\" data-end=\"1753\" data-col-size=\"sm\"><strong data-start=\"1734\" data-end=\"1752\">Nombre completo<\/strong><\/td>\n<td data-start=\"1753\" data-end=\"1776\" data-col-size=\"md\">O-desmetiltramadol<\/td>\n<\/tr>\n<tr data-start=\"1777\" data-end=\"1814\">\n<td data-start=\"1777\" data-end=\"1801\" data-col-size=\"sm\"><strong data-start=\"1779\" data-end=\"1800\">F\u00f3rmula qu\u00edmica<\/strong><\/td>\n<td data-start=\"1801\" data-end=\"1814\" data-col-size=\"md\">C\u2081\u2085H\u2082\u2083NO\u2082<\/td>\n<\/tr>\n<tr data-start=\"1815\" data-end=\"1851\">\n<td data-start=\"1815\" data-end=\"1835\" data-col-size=\"sm\"><strong data-start=\"1817\" data-end=\"1834\">Masa molar<\/strong><\/td>\n<td data-col-size=\"md\" data-start=\"1835\" data-end=\"1851\">249,35 g\/mol<\/td>\n<\/tr>\n<tr data-start=\"1852\" data-end=\"1919\">\n<td data-start=\"1852\" data-end=\"1875\" data-col-size=\"sm\"><strong data-start=\"1854\" data-end=\"1874\">Clase qu\u00edmica<\/strong><\/td>\n<td data-start=\"1875\" data-end=\"1919\" data-col-size=\"md\">Opi\u00e1ceo sint\u00e9tico; metabolito del tramadol<\/td>\n<\/tr>\n<tr data-start=\"1920\" data-end=\"1979\">\n<td data-start=\"1920\" data-end=\"1950\" data-col-size=\"sm\"><strong data-start=\"1922\" data-end=\"1949\">Acci\u00f3n farmacol\u00f3gica<\/strong><\/td>\n<td data-col-size=\"md\" data-start=\"1950\" data-end=\"1979\">agonista del receptor \u03bc-opioide<\/td>\n<\/tr>\n<tr data-start=\"1980\" data-end=\"2042\">\n<td data-start=\"1980\" data-end=\"1997\" data-col-size=\"sm\"><strong data-start=\"1982\" data-end=\"1996\">Solicitud<\/strong><\/td>\n<td data-col-size=\"md\" data-start=\"1997\" data-end=\"2042\">Investigaci\u00f3n farmacol\u00f3gica y toxicol\u00f3gica<\/td>\n<\/tr>\n<tr data-start=\"2043\" data-end=\"2097\">\n<td data-start=\"2043\" data-end=\"2054\" data-col-size=\"sm\"><strong data-start=\"2045\" data-end=\"2053\">Forma<\/strong><\/td>\n<td data-col-size=\"md\" data-start=\"2054\" data-end=\"2097\">Sustancia de referencia para an\u00e1lisis de laboratorio<\/td>\n<\/tr>\n<tr data-start=\"2098\" data-end=\"2176\">\n<td data-start=\"2098\" data-end=\"2122\" data-col-size=\"sm\"><strong data-start=\"2100\" data-end=\"2121\">Estatus legal<\/strong><\/td>\n<td data-col-size=\"md\" data-start=\"2122\" data-end=\"2176\">Regulado por las leyes sobre opioides en muchos pa\u00edses<\/td>\n<\/tr>\n<\/tbody>\n<\/table>\n<\/div>\n<\/div>\n<hr data-start=\"2178\" data-end=\"2181\" \/>\n<h2 data-start=\"2183\" data-end=\"2238\"><strong data-start=\"2186\" data-end=\"2238\">Relevancia cient\u00edfica y valor de la investigaci\u00f3n<\/strong><\/h2>\n<ul data-start=\"2240\" data-end=\"3199\">\n<li data-start=\"2240\" data-end=\"2514\">\n<p data-start=\"2242\" data-end=\"2514\"><strong data-start=\"2242\" data-end=\"2270\">Investigaci\u00f3n farmacol\u00f3gica<\/strong><br data-start=\"2270\" data-end=\"2273\" \/>O-DSMT se utiliza para <strong data-start=\"2303\" data-end=\"2335\">mecanismos de alivio del dolor<\/strong> Comprenderlo mejor y compararlo con otros agonistas opioides. Esto ayuda a los investigadores a comprender mejor la selectividad de los receptores, las v\u00edas metab\u00f3licas y las variaciones estructurales.<\/p>\n<\/li>\n<li data-start=\"2516\" data-end=\"2769\">\n<p data-start=\"2518\" data-end=\"2769\"><strong data-start=\"2518\" data-end=\"2544\">An\u00e1lisis toxicol\u00f3gico<\/strong><br data-start=\"2544\" data-end=\"2547\" \/>En los laboratorios de toxicolog\u00eda cl\u00ednica y forense, el O-DSMT se utiliza como <strong data-start=\"2629\" data-end=\"2663\">sustancia de referencia o calibraci\u00f3n<\/strong> analizar muestras biol\u00f3gicas (como sangre u orina) para detectar la presencia de metabolitos de tramadol.<\/p>\n<\/li>\n<li data-start=\"2771\" data-end=\"2970\">\n<p data-start=\"2773\" data-end=\"2970\"><strong data-start=\"2773\" data-end=\"2804\">Caracterizaci\u00f3n anal\u00edtica<\/strong><br data-start=\"2804\" data-end=\"2807\" \/>El material se examina utilizando t\u00e9cnicas como <strong data-start=\"2866\" data-end=\"2892\">LC-MS\/MS, GC-MS y RMN<\/strong> para permitir la identificaci\u00f3n y cuantificaci\u00f3n en muestras de investigaci\u00f3n.<\/p>\n<\/li>\n<li data-start=\"2972\" data-end=\"3199\">\n<p data-start=\"2974\" data-end=\"3199\"><strong data-start=\"2974\" data-end=\"3013\">Estudios regulatorios y de seguridad<\/strong><br data-start=\"3013\" data-end=\"3016\" \/>O-DSMT ayuda a desarrollar protocolos de detecci\u00f3n para <strong data-start=\"3080\" data-end=\"3118\">nuevas sustancias psicoactivas (NSP)<\/strong> y en la evaluaci\u00f3n de los riesgos para la salud p\u00fablica y el potencial de abuso.<\/p>\n<\/li>\n<\/ul>\n<hr data-start=\"3201\" data-end=\"3204\" \/>\n<h2 data-start=\"3206\" data-end=\"3264\"><strong data-start=\"3209\" data-end=\"3264\">Uso en laboratorio (solo para investigaci\u00f3n)<\/strong><\/h2>\n<blockquote data-start=\"3266\" data-end=\"3480\">\n<p data-start=\"3268\" data-end=\"3480\">\u26a0\ufe0f <strong data-start=\"3271\" data-end=\"3286\">Importante:<\/strong><br data-start=\"3286\" data-end=\"3289\" \/>O-DSMT es <strong data-start=\"3301\" data-end=\"3356\">destinado \u00fanicamente a la investigaci\u00f3n cient\u00edfica<\/strong> en laboratorios autorizados.<br data-start=\"3387\" data-end=\"3390\" \/>Es <strong data-start=\"3399\" data-end=\"3480\">No destinado al consumo humano, automedicaci\u00f3n o uso recreativo.<\/strong><\/p>\n<\/blockquote>\n<ol data-start=\"3482\" data-end=\"4188\">\n<li data-start=\"3482\" data-end=\"3702\">\n<p data-start=\"3485\" data-end=\"3512\"><strong data-start=\"3485\" data-end=\"3510\">Almacenamiento y estabilidad<\/strong><\/p>\n<ul data-start=\"3516\" data-end=\"3702\">\n<li data-start=\"3516\" data-end=\"3577\">\n<p data-start=\"3518\" data-end=\"3577\">Conservar en un recipiente cerrado, seco y fresco (2\u20138 \u00b0C).<\/p>\n<\/li>\n<li data-start=\"3581\" data-end=\"3624\">\n<p data-start=\"3583\" data-end=\"3624\">Proteger de la luz, la humedad y el aire.<\/p>\n<\/li>\n<li data-start=\"3628\" data-end=\"3702\">\n<p data-start=\"3630\" data-end=\"3702\">Utilizar \u00fanicamente en instituciones con permisos de investigaci\u00f3n v\u00e1lidos.<\/p>\n<\/li>\n<\/ul>\n<\/li>\n<li data-start=\"3704\" data-end=\"3931\">\n<p data-start=\"3707\" data-end=\"3735\"><strong data-start=\"3707\" data-end=\"3733\">Aplicaci\u00f3n anal\u00edtica<\/strong><\/p>\n<ul data-start=\"3739\" data-end=\"3931\">\n<li data-start=\"3739\" data-end=\"3839\">\n<p data-start=\"3741\" data-end=\"3839\">Se utiliza como est\u00e1ndar en el an\u00e1lisis LC-MS y GC-MS para identificar metabolitos de tramadol.<\/p>\n<\/li>\n<li data-start=\"3843\" data-end=\"3931\">\n<p data-start=\"3845\" data-end=\"3931\">Adecuado para la validaci\u00f3n metodol\u00f3gica en estudios toxicol\u00f3gicos o farmac\u00e9uticos.<\/p>\n<\/li>\n<\/ul>\n<\/li>\n<li data-start=\"3933\" data-end=\"4188\">\n<p data-start=\"3936\" data-end=\"3972\"><strong data-start=\"3936\" data-end=\"3970\">Seguridad en el laboratorio<\/strong><\/p>\n<ul data-start=\"3976\" data-end=\"4188\">\n<li data-start=\"3976\" data-end=\"4042\">\n<p data-start=\"3978\" data-end=\"4042\">Utilice siempre guantes, gafas de seguridad y bata de laboratorio.<\/p>\n<\/li>\n<li data-start=\"4046\" data-end=\"4097\">\n<p data-start=\"4048\" data-end=\"4097\">Evitar el contacto con la piel, ojos o mucosas.<\/p>\n<\/li>\n<li data-start=\"4101\" data-end=\"4188\">\n<p data-start=\"4103\" data-end=\"4188\">Eliminar los residuos de acuerdo con las normas de seguridad qu\u00edmica y las reglamentaciones nacionales.<\/p>\n<\/li>\n<\/ul>\n<\/li>\n<\/ol>\n<hr data-start=\"4190\" data-end=\"4193\" \/>\n<h2 data-start=\"4195\" data-end=\"4223\"><strong data-start=\"4198\" data-end=\"4223\">Informaci\u00f3n legal<\/strong><\/h2>\n<p data-start=\"4225\" data-end=\"4501\">O-DSMT est\u00e1 cubierto por la <strong data-start=\"4270\" data-end=\"4298\">Ley del Opio<\/strong> o disposiciones similares para sustancias opioides.<br data-start=\"4348\" data-end=\"4351\" \/>Los investigadores y los laboratorios deben <strong data-start=\"4386\" data-end=\"4414\">consentimiento previo<\/strong> obtener para el almacenamiento, transporte o uso de O-DSMT en un contexto de investigaci\u00f3n.<\/p>\n<p data-start=\"4503\" data-end=\"4674\">La tela puede <strong data-start=\"4515\" data-end=\"4551\">No se vender\u00e1 ni se usar\u00e1<\/strong> fuera de instituciones de investigaci\u00f3n acreditadas. La posesi\u00f3n o el uso no autorizados pueden resultar en <strong data-start=\"4642\" data-end=\"4673\">procesamiento penal<\/strong>.<\/p>\n<hr data-start=\"4676\" data-end=\"4679\" \/>\n<h2 data-start=\"4681\" data-end=\"4713\"><strong data-start=\"4684\" data-end=\"4713\">Preguntas frecuentes (FAQ)<\/strong><\/h2>\n<p data-start=\"4715\" data-end=\"4934\"><strong data-start=\"4715\" data-end=\"4745\">1\ufe0f\u20e3 \u00bfQu\u00e9 es exactamente O-DSMT?<\/strong><br data-start=\"4745\" data-end=\"4748\" \/>O-DSMT es el <strong data-start=\"4761\" data-end=\"4796\">metabolito activo del tramadol<\/strong>Se forma en el organismo tras la ingesta de tramadol. En la investigaci\u00f3n, se utiliza para estudiar la farmacolog\u00eda de los opioides.<\/p>\n<p data-start=\"4936\" data-end=\"5163\"><strong data-start=\"4936\" data-end=\"4961\">2\ufe0f\u20e3 \u00bfEs legal el O-DSMT?<\/strong><br data-start=\"4961\" data-end=\"4964\" \/>Su estatus legal var\u00eda seg\u00fan el pa\u00eds. En la mayor\u00eda de los pa\u00edses europeos, el O-DSMT est\u00e1 sujeto a la legislaci\u00f3n sobre opioides, lo que significa que solo puede utilizarse con fines cient\u00edficos o forenses.<\/p>\n<p data-start=\"5165\" data-end=\"5433\"><strong data-start=\"5165\" data-end=\"5246\">3\ufe0f\u20e3 \u00bfSe puede utilizar O-DSMT para uso personal o en microdosificaci\u00f3n?<\/strong><br data-start=\"5246\" data-end=\"5249\" \/>No. O-DSMT es <strong data-start=\"5264\" data-end=\"5311\">no aprobado para el consumo humano<\/strong> y solo puede utilizarse en un entorno de laboratorio controlado. El uso no autorizado es peligroso e ilegal.<\/p>\n<hr data-start=\"5435\" data-end=\"5438\" \/>\n<h2 data-start=\"5440\" data-end=\"5480\"><strong data-start=\"5443\" data-end=\"5480\">Referencias e informaci\u00f3n adicional<\/strong><\/h2>\n<ul data-start=\"5482\" data-end=\"5840\">\n<li data-start=\"5482\" data-end=\"5639\">\n<p data-start=\"5484\" data-end=\"5639\">Observatorio Europeo de las Drogas y las Toxicoman\u00edas (OEDT): <em data-start=\"5550\" data-end=\"5637\">Informe sobre Nuevas Sustancias Psicoactivas (NSP) \u2013 Opioides y derivados del tramadol.<\/em><\/p>\n<\/li>\n<li data-start=\"5640\" data-end=\"5737\">\n<p data-start=\"5642\" data-end=\"5737\">Instituto Nacional sobre el Abuso de Drogas (NIDA): <em data-start=\"5683\" data-end=\"5735\">Opioides sint\u00e9ticos y compuestos an\u00e1logos emergentes.<\/em><\/p>\n<\/li>\n<li data-start=\"5738\" data-end=\"5840\">\n<p data-start=\"5740\" data-end=\"5840\">Revistas de toxicolog\u00eda forense: <em data-start=\"5770\" data-end=\"5838\">Identificaci\u00f3n anal\u00edtica y farmacolog\u00eda del O-desmetiltramadol.<\/em><\/p>\n<\/li>\n<\/ul>\n<p><a href=\"https:\/\/researchchemicalhub.com\/es\/comercio\/iboga-ibogaina\/comprar-ibogaina-hcl-en-linea\/\"><span dir=\"auto\" style=\"vertical-align: inherit;\"><span dir=\"auto\" style=\"vertical-align: inherit;\">Comprar iboga\u00edna HCL <\/span><\/span><\/a><a href=\"https:\/\/researchchemicalhub.com\/es\/comercio\/iboga-ibogaina\/corteza-de-raiz-de-iboga\/\"><span dir=\"auto\" style=\"vertical-align: inherit;\"><span dir=\"auto\" style=\"vertical-align: inherit;\">corteza de ra\u00edz de iboga <\/span><\/span><\/a><a href=\"https:\/\/researchchemicalhub.com\/es\/comercio\/lisergamidas\/1-cp-de-lsd-150-mcg\/\"><span dir=\"auto\" style=\"vertical-align: inherit;\"><span dir=\"auto\" style=\"vertical-align: inherit;\">Papel secante para arte de 1 cP-LSD 150 MCG <\/span><\/span><\/a><a href=\"https:\/\/researchchemicalhub.com\/es\/comercio\/lisergamidas\/1v-lsd-150-mcg-blotters\/\"><span dir=\"auto\" style=\"vertical-align: inherit;\"><span dir=\"auto\" style=\"vertical-align: inherit;\">Papel secante 1V-LSD 150 MCG <\/span><\/span><\/a><a href=\"https:\/\/researchchemicalhub.com\/es\/comercio\/2-pastillas-de-cmc\/%f0%9f%92%a1-polvo-cristalino-de-2-mmc-para-todas-las-preguntas-y-respuestas-para-la-compra\/%f0%9f%92%a1-polvo-cristalino-de-2-mmc-para-todas-las-preguntas-y-respuestas-para-la-compra\/\"><span dir=\"auto\" style=\"vertical-align: inherit;\"><span dir=\"auto\" style=\"vertical-align: inherit;\">Gr\u00e1nulos de 2-CMC de 250 mg<\/span><\/span><\/a><\/p>","protected":false},"excerpt":{"rendered":"<h3><span dir=\"auto\" style=\"vertical-align: inherit;\"><span dir=\"auto\" style=\"vertical-align: inherit;\">Propiedades del O-DSMT<\/span><\/span><\/h3>\n<p><strong><span dir=\"auto\" style=\"vertical-align: inherit;\"><span dir=\"auto\" style=\"vertical-align: inherit;\">Sin\u00f3nimo: <\/span><\/span><\/strong> <i><span dir=\"auto\" style=\"vertical-align: inherit;\"><span dir=\"auto\" style=\"vertical-align: inherit;\">O-desmetiltramadol, 3-(2-((dimetilamino)metil)-1-hidroxiciclohexil)fenol <\/span><\/span><\/i><br \/>\n<strong><span dir=\"auto\" style=\"vertical-align: inherit;\"><span dir=\"auto\" style=\"vertical-align: inherit;\">N\u00famero CAS:<\/span><\/span><\/strong><span dir=\"auto\" style=\"vertical-align: inherit;\"><span dir=\"auto\" style=\"vertical-align: inherit;\"> 80456-81-1 <\/span><\/span><br \/>\n<strong><span dir=\"auto\" style=\"vertical-align: inherit;\"><span dir=\"auto\" style=\"vertical-align: inherit;\">F\u00f3rmula: <\/span><\/span><\/strong> <span title=\"Carb\u00f3n\"><span dir=\"auto\" style=\"vertical-align: inherit;\"><span dir=\"auto\" style=\"vertical-align: inherit;\">do <\/span><\/span><\/span><sub><span dir=\"auto\" style=\"vertical-align: inherit;\"><span dir=\"auto\" style=\"vertical-align: inherit;\">15 <\/span><\/span><\/sub><span title=\"Hidr\u00f3geno\"><span dir=\"auto\" style=\"vertical-align: inherit;\"><span dir=\"auto\" style=\"vertical-align: inherit;\">H <\/span><\/span><\/span><sub><span dir=\"auto\" style=\"vertical-align: inherit;\"><span dir=\"auto\" style=\"vertical-align: inherit;\">23 <\/span><\/span><\/sub><span title=\"Nitr\u00f3geno\"><span dir=\"auto\" style=\"vertical-align: inherit;\"><span dir=\"auto\" style=\"vertical-align: inherit;\">norte <\/span><\/span><\/span><span title=\"Ox\u00edgeno\"><span dir=\"auto\" style=\"vertical-align: inherit;\"><span dir=\"auto\" style=\"vertical-align: inherit;\">Oh <\/span><\/span><\/span><sub><span dir=\"auto\" style=\"vertical-align: inherit;\"><span dir=\"auto\" style=\"vertical-align: inherit;\">2 <\/span><\/span><\/sub><br \/>\n<strong><span dir=\"auto\" style=\"vertical-align: inherit;\"><span dir=\"auto\" style=\"vertical-align: inherit;\">Masa molar:<\/span><\/span><\/strong><span dir=\"auto\" style=\"vertical-align: inherit;\"><span dir=\"auto\" style=\"vertical-align: inherit;\"> 249,354 g\/mol <\/span><\/span><br \/>\n<strong><span dir=\"auto\" style=\"vertical-align: inherit;\"><span dir=\"auto\" style=\"vertical-align: inherit;\">Pureza:<\/span><\/span><\/strong><span dir=\"auto\" style=\"vertical-align: inherit;\"><span dir=\"auto\" style=\"vertical-align: inherit;\"> \u00a0&gt;97%<\/span><\/span><\/p>","protected":false},"featured_media":28581,"comment_status":"closed","ping_status":"closed","template":"","meta":[],"product_brand":[82],"product_cat":[337,420,336,324],"product_tag":[326,727,725,728,726,729,730],"class_list":{"0":"post-24961","1":"product","2":"type-product","3":"status-publish","4":"has-post-thumbnail","6":"product_brand-research-chemical","7":"product_cat-o-dsmt","8":"product_cat-o-dsmt-pellets","9":"product_cat-overig","10":"product_cat-pellets-for-pellet","11":"product_tag-nl","12":"product_tag-o-dsmt-ervaringen","13":"product_tag-o-dsmt","14":"product_tag-o-dsmt-bestellen","15":"product_tag-o-dsmt-kopen","16":"product_tag-o-dsmt-psychonaut","17":"product_tag-what-is-o-dsmt","19":"first","20":"instock","21":"taxable","22":"shipping-taxable","23":"purchasable","24":"product-type-variable"},"_links":{"self":[{"href":"https:\/\/researchchemicalhub.com\/es\/wp-json\/wp\/v2\/product\/24961","targetHints":{"allow":["GET"]}}],"collection":[{"href":"https:\/\/researchchemicalhub.com\/es\/wp-json\/wp\/v2\/product"}],"about":[{"href":"https:\/\/researchchemicalhub.com\/es\/wp-json\/wp\/v2\/types\/product"}],"replies":[{"embeddable":true,"href":"https:\/\/researchchemicalhub.com\/es\/wp-json\/wp\/v2\/comments?post=24961"}],"version-history":[{"count":7,"href":"https:\/\/researchchemicalhub.com\/es\/wp-json\/wp\/v2\/product\/24961\/revisions"}],"predecessor-version":[{"id":27709,"href":"https:\/\/researchchemicalhub.com\/es\/wp-json\/wp\/v2\/product\/24961\/revisions\/27709"}],"wp:featuredmedia":[{"embeddable":true,"href":"https:\/\/researchchemicalhub.com\/es\/wp-json\/wp\/v2\/media\/28581"}],"wp:attachment":[{"href":"https:\/\/researchchemicalhub.com\/es\/wp-json\/wp\/v2\/media?parent=24961"}],"wp:term":[{"taxonomy":"product_brand","embeddable":true,"href":"https:\/\/researchchemicalhub.com\/es\/wp-json\/wp\/v2\/product_brand?post=24961"},{"taxonomy":"product_cat","embeddable":true,"href":"https:\/\/researchchemicalhub.com\/es\/wp-json\/wp\/v2\/product_cat?post=24961"},{"taxonomy":"product_tag","embeddable":true,"href":"https:\/\/researchchemicalhub.com\/es\/wp-json\/wp\/v2\/product_tag?post=24961"}],"curies":[{"name":"gracias","href":"https:\/\/api.w.org\/{rel}","templated":true}]}}