{"id":24939,"date":"2025-10-20T17:43:52","date_gmt":"2025-10-20T17:43:52","guid":{"rendered":"https:\/\/researchchemicalhub.com\/?post_type=product&#038;p=24939"},"modified":"2025-10-28T22:40:20","modified_gmt":"2025-10-28T22:40:20","slug":"capsulas-2c-ef-2mg","status":"publish","type":"product","link":"https:\/\/researchchemicalhub.com\/es\/comercio\/2c-ef\/capsulas-2c-ef-2mg\/","title":{"rendered":"C\u00e1psulas de 2 mg de 2C-EF"},"content":{"rendered":"<h3 data-start=\"4023\" data-end=\"4042\"><strong data-start=\"4027\" data-end=\"4042\"><span dir=\"auto\" style=\"vertical-align: inherit;\"><span dir=\"auto\" style=\"vertical-align: inherit;\">Introducci\u00f3n<\/span><\/span><\/strong><\/h3>\n<p data-start=\"4043\" data-end=\"4373\"><span dir=\"auto\" style=\"vertical-align: inherit;\"><span dir=\"auto\" style=\"vertical-align: inherit;\">Nuestro <\/span><\/span><strong data-start=\"4048\" data-end=\"4075\"><span dir=\"auto\" style=\"vertical-align: inherit;\"><span dir=\"auto\" style=\"vertical-align: inherit;\">c\u00e1psulas de investigaci\u00f3n de 2 mg<\/span><\/span><\/strong><span dir=\"auto\" style=\"vertical-align: inherit;\"><span dir=\"auto\" style=\"vertical-align: inherit;\"> est\u00e1n formulados con la m\u00e1xima precisi\u00f3n y pureza para su uso en <\/span><\/span><strong data-start=\"4144\" data-end=\"4206\"><span dir=\"auto\" style=\"vertical-align: inherit;\"><span dir=\"auto\" style=\"vertical-align: inherit;\">aplicaciones cient\u00edficas, anal\u00edticas y de laboratorio<\/span><\/span><\/strong><span dir=\"auto\" style=\"vertical-align: inherit;\"><span dir=\"auto\" style=\"vertical-align: inherit;\"> . <\/span><\/span><br data-start=\"4207\" data-end=\"4210\" \/><span dir=\"auto\" style=\"vertical-align: inherit;\"><span dir=\"auto\" style=\"vertical-align: inherit;\">Cada c\u00e1psula contiene una <\/span><\/span><strong data-start=\"4233\" data-end=\"4258\"><span dir=\"auto\" style=\"vertical-align: inherit;\"><span dir=\"auto\" style=\"vertical-align: inherit;\">dosis precisa de 2 mg<\/span><\/span><\/strong><span dir=\"auto\" style=\"vertical-align: inherit;\"><span dir=\"auto\" style=\"vertical-align: inherit;\"> de un compuesto controlado y de alta calidad, perfecto para <\/span><\/span><strong data-start=\"4321\" data-end=\"4370\"><span dir=\"auto\" style=\"vertical-align: inherit;\"><span dir=\"auto\" style=\"vertical-align: inherit;\">investigaci\u00f3n forense, anal\u00edtica o educativa<\/span><\/span><\/strong><span dir=\"auto\" style=\"vertical-align: inherit;\"><span dir=\"auto\" style=\"vertical-align: inherit;\"> .<\/span><\/span><\/p>\n<blockquote data-start=\"4374\" data-end=\"4473\">\n<p data-start=\"4376\" data-end=\"4473\">\u26a0\ufe0f <strong data-start=\"4379\" data-end=\"4473\"><span dir=\"auto\" style=\"vertical-align: inherit;\"><span dir=\"auto\" style=\"vertical-align: inherit;\">Solo para uso en investigaci\u00f3n. No apto para consumo humano ni animal.<\/span><\/span><\/strong><\/p>\n<\/blockquote>\n<hr data-start=\"4475\" data-end=\"4478\" \/>\n<h3 data-start=\"4480\" data-end=\"4511\"><strong data-start=\"4484\" data-end=\"4511\"><span dir=\"auto\" style=\"vertical-align: inherit;\"><span dir=\"auto\" style=\"vertical-align: inherit;\">Caracter\u00edsticas principales<\/span><\/span><\/strong><\/h3>\n<ul data-start=\"4512\" data-end=\"5049\">\n<li data-start=\"4512\" data-end=\"4594\">\n<p data-start=\"4514\" data-end=\"4594\"><strong data-start=\"4514\" data-end=\"4540\"><span dir=\"auto\" style=\"vertical-align: inherit;\"><span dir=\"auto\" style=\"vertical-align: inherit;\">Alta pureza (\u226599%)<\/span><\/span><\/strong><span dir=\"auto\" style=\"vertical-align: inherit;\"><span dir=\"auto\" style=\"vertical-align: inherit;\"> \u2013 Probado en laboratorio para m\u00e1xima fiabilidad.<\/span><\/span><\/p>\n<\/li>\n<li data-start=\"4595\" data-end=\"4680\">\n<p data-start=\"4597\" data-end=\"4680\"><strong data-start=\"4597\" data-end=\"4637\"><span dir=\"auto\" style=\"vertical-align: inherit;\"><span dir=\"auto\" style=\"vertical-align: inherit;\">Dosis precisa o 2 mg por c\u00e1psula<\/span><\/span><\/strong><span dir=\"auto\" style=\"vertical-align: inherit;\"><span dir=\"auto\" style=\"vertical-align: inherit;\"> \u2013 Para obtener resultados de investigaci\u00f3n consistentes.<\/span><\/span><\/p>\n<\/li>\n<li data-start=\"4681\" data-end=\"4766\">\n<p data-start=\"4683\" data-end=\"4766\"><strong data-start=\"4683\" data-end=\"4712\"><span dir=\"auto\" style=\"vertical-align: inherit;\"><span dir=\"auto\" style=\"vertical-align: inherit;\">Envases farmac\u00e9uticos<\/span><\/span><\/strong><span dir=\"auto\" style=\"vertical-align: inherit;\"><span dir=\"auto\" style=\"vertical-align: inherit;\"> \u2013 Producido bajo condiciones controladas.<\/span><\/span><\/p>\n<\/li>\n<li data-start=\"4767\" data-end=\"4859\">\n<p data-start=\"4769\" data-end=\"4859\"><strong data-start=\"4769\" data-end=\"4792\"><span dir=\"auto\" style=\"vertical-align: inherit;\"><span dir=\"auto\" style=\"vertical-align: inherit;\">Estable y duradero<\/span><\/span><\/strong><span dir=\"auto\" style=\"vertical-align: inherit;\"><span dir=\"auto\" style=\"vertical-align: inherit;\"> \u2013 Dise\u00f1ado para mantener su integridad cuando se almacena adecuadamente.<\/span><\/span><\/p>\n<\/li>\n<li data-start=\"4860\" data-end=\"4947\">\n<p data-start=\"4862\" data-end=\"4947\"><strong data-start=\"4862\" data-end=\"4884\"><span dir=\"auto\" style=\"vertical-align: inherit;\"><span dir=\"auto\" style=\"vertical-align: inherit;\">Embalaje seguro<\/span><\/span><\/strong><span dir=\"auto\" style=\"vertical-align: inherit;\"><span dir=\"auto\" style=\"vertical-align: inherit;\"> \u2013 A prueba de humedad y herm\u00e9tico para una vida \u00fatil prolongada.<\/span><\/span><\/p>\n<\/li>\n<li data-start=\"4948\" data-end=\"5049\">\n<p data-start=\"4950\" data-end=\"5049\"><strong data-start=\"4950\" data-end=\"4975\"><span dir=\"auto\" style=\"vertical-align: inherit;\"><span dir=\"auto\" style=\"vertical-align: inherit;\">S\u00f3lo para uso en investigaci\u00f3n<\/span><\/span><\/strong><span dir=\"auto\" style=\"vertical-align: inherit;\"><span dir=\"auto\" style=\"vertical-align: inherit;\"> \u2013 Destinado \u00fanicamente a aplicaciones cient\u00edficas o anal\u00edticas.<\/span><\/span><\/p>\n<\/li>\n<\/ul>\n<hr data-start=\"5051\" data-end=\"5054\" \/>\n<h3 data-start=\"5056\" data-end=\"5073\"><strong data-start=\"5060\" data-end=\"5073\"><span dir=\"auto\" style=\"vertical-align: inherit;\"><span dir=\"auto\" style=\"vertical-align: inherit;\">Ventajas<\/span><\/span><\/strong><\/h3>\n<ul data-start=\"5074\" data-end=\"5511\">\n<li data-start=\"5074\" data-end=\"5168\">\n<p data-start=\"5076\" data-end=\"5168\"><strong data-start=\"5076\" data-end=\"5114\"><span dir=\"auto\" style=\"vertical-align: inherit;\"><span dir=\"auto\" style=\"vertical-align: inherit;\">Rendimiento anal\u00edtico fiable<\/span><\/span><\/strong><span dir=\"auto\" style=\"vertical-align: inherit;\"><span dir=\"auto\" style=\"vertical-align: inherit;\"> \u2013 Ideal para pruebas de precisi\u00f3n e investigaci\u00f3n qu\u00edmica.<\/span><\/span><\/p>\n<\/li>\n<li data-start=\"5169\" data-end=\"5259\">\n<p data-start=\"5171\" data-end=\"5259\"><strong data-start=\"5171\" data-end=\"5200\"><span dir=\"auto\" style=\"vertical-align: inherit;\"><span dir=\"auto\" style=\"vertical-align: inherit;\">Composici\u00f3n consistente<\/span><\/span><\/strong><span dir=\"auto\" style=\"vertical-align: inherit;\"><span dir=\"auto\" style=\"vertical-align: inherit;\"> \u2013 Garantiza resultados reproducibles en los experimentos.<\/span><\/span><\/p>\n<\/li>\n<li data-start=\"5260\" data-end=\"5353\">\n<p data-start=\"5262\" data-end=\"5353\"><strong data-start=\"5262\" data-end=\"5307\"><span dir=\"auto\" style=\"vertical-align: inherit;\"><span dir=\"auto\" style=\"vertical-align: inherit;\">Pureza cient\u00edficamente verificada<\/span><\/span><\/strong><span dir=\"auto\" style=\"vertical-align: inherit;\"><span dir=\"auto\" style=\"vertical-align: inherit;\"> \u2013 Cumple con los est\u00e1ndares de calidad de laboratorio.<\/span><\/span><\/p>\n<\/li>\n<li data-start=\"5354\" data-end=\"5427\">\n<p data-start=\"5356\" data-end=\"5427\"><strong data-start=\"5356\" data-end=\"5382\"><span dir=\"auto\" style=\"vertical-align: inherit;\"><span dir=\"auto\" style=\"vertical-align: inherit;\">F\u00e1cil de usar<\/span><\/span><\/strong><span dir=\"auto\" style=\"vertical-align: inherit;\"><span dir=\"auto\" style=\"vertical-align: inherit;\"> \u2013 La c\u00f3moda forma de c\u00e1psula evita la contaminaci\u00f3n.<\/span><\/span><\/p>\n<\/li>\n<li data-start=\"5428\" data-end=\"5511\">\n<p data-start=\"5430\" data-end=\"5511\"><strong data-start=\"5430\" data-end=\"5465\"><span dir=\"auto\" style=\"vertical-align: inherit;\"><span dir=\"auto\" style=\"vertical-align: inherit;\">Conforme y producido \u00e9ticamente<\/span><\/span><\/strong><span dir=\"auto\" style=\"vertical-align: inherit;\"><span dir=\"auto\" style=\"vertical-align: inherit;\"> \u2013 Fabricado de acuerdo con las directrices legales.<\/span><\/span><\/p>\n<\/li>\n<\/ul>\n<hr data-start=\"5513\" data-end=\"5516\" \/>\n<h3 data-start=\"5518\" data-end=\"5533\"><strong data-start=\"5522\" data-end=\"5533\"><span dir=\"auto\" style=\"vertical-align: inherit;\"><span dir=\"auto\" style=\"vertical-align: inherit;\">Uso<\/span><\/span><\/strong><\/h3>\n<ol data-start=\"5534\" data-end=\"5843\">\n<li data-start=\"5534\" data-end=\"5629\">\n<p data-start=\"5537\" data-end=\"5629\"><strong data-start=\"5537\" data-end=\"5562\"><span dir=\"auto\" style=\"vertical-align: inherit;\"><span dir=\"auto\" style=\"vertical-align: inherit;\">Solo para fines de investigaci\u00f3n<\/span><\/span><\/strong><span dir=\"auto\" style=\"vertical-align: inherit;\"><span dir=\"auto\" style=\"vertical-align: inherit;\"> \u2013 \u00daselo \u00fanicamente en un entorno de laboratorio profesional.<\/span><\/span><\/p>\n<\/li>\n<li data-start=\"5630\" data-end=\"5688\">\n<p data-start=\"5633\" data-end=\"5688\"><strong data-start=\"5633\" data-end=\"5654\"><span dir=\"auto\" style=\"vertical-align: inherit;\"><span dir=\"auto\" style=\"vertical-align: inherit;\">Instrucciones de almacenamiento<\/span><\/span><\/strong><span dir=\"auto\" style=\"vertical-align: inherit;\"><span dir=\"auto\" style=\"vertical-align: inherit;\"> \u2013 Almacenar en un lugar fresco, seco y oscuro.<\/span><\/span><\/p>\n<\/li>\n<li data-start=\"5689\" data-end=\"5755\">\n<p data-start=\"5692\" data-end=\"5755\"><strong data-start=\"5692\" data-end=\"5704\"><span dir=\"auto\" style=\"vertical-align: inherit;\"><span dir=\"auto\" style=\"vertical-align: inherit;\">Medidas<\/span><\/span><\/strong><span dir=\"auto\" style=\"vertical-align: inherit;\"><span dir=\"auto\" style=\"vertical-align: inherit;\"> \u2013 Utilice equipos calibrados para el an\u00e1lisis.<\/span><\/span><\/p>\n<\/li>\n<li data-start=\"5756\" data-end=\"5843\">\n<p data-start=\"5759\" data-end=\"5843\"><strong data-start=\"5759\" data-end=\"5786\"><span dir=\"auto\" style=\"vertical-align: inherit;\"><span dir=\"auto\" style=\"vertical-align: inherit;\">Advertencia de seguridad<\/span><\/span><\/strong><span dir=\"auto\" style=\"vertical-align: inherit;\"><span dir=\"auto\" style=\"vertical-align: inherit;\"> \u2013 No apto para el consumo humano ni animal.<\/span><\/span><\/p>\n<\/li>\n<\/ol>\n<hr data-start=\"5845\" data-end=\"5848\" \/>\n<h3 data-start=\"5850\" data-end=\"5877\"><strong data-start=\"5854\" data-end=\"5877\"><span dir=\"auto\" style=\"vertical-align: inherit;\"><span dir=\"auto\" style=\"vertical-align: inherit;\">Preguntas frecuentes<\/span><\/span><\/strong><\/h3>\n<p data-start=\"5879\" data-end=\"6042\"><strong data-start=\"5879\" data-end=\"5925\"><span dir=\"auto\" style=\"vertical-align: inherit;\"><span dir=\"auto\" style=\"vertical-align: inherit;\">1. \u00bfPara qu\u00e9 se utilizan estas c\u00e1psulas?<\/span><\/span><\/strong><br data-start=\"5925\" data-end=\"5928\" \/><span dir=\"auto\" style=\"vertical-align: inherit;\"><span dir=\"auto\" style=\"vertical-align: inherit;\"> Est\u00e1n destinados a <\/span><\/span><strong data-start=\"5949\" data-end=\"5993\"><span dir=\"auto\" style=\"vertical-align: inherit;\"><span dir=\"auto\" style=\"vertical-align: inherit;\">investigaci\u00f3n anal\u00edtica y cient\u00edfica<\/span><\/span><\/strong><span dir=\"auto\" style=\"vertical-align: inherit;\"><span dir=\"auto\" style=\"vertical-align: inherit;\"> , como an\u00e1lisis qu\u00edmicos o estudios educativos.<\/span><\/span><\/p>\n<p data-start=\"6044\" data-end=\"6221\"><strong data-start=\"6044\" data-end=\"6102\"><span dir=\"auto\" style=\"vertical-align: inherit;\"><span dir=\"auto\" style=\"vertical-align: inherit;\">2. \u00bfSon seguras estas c\u00e1psulas para uso personal?<\/span><\/span><\/strong><br data-start=\"6102\" data-end=\"6105\" \/><span dir=\"auto\" style=\"vertical-align: inherit;\"><span dir=\"auto\" style=\"vertical-align: inherit;\"> No. Estos productos son <\/span><\/span><strong data-start=\"6130\" data-end=\"6187\"><span dir=\"auto\" style=\"vertical-align: inherit;\"><span dir=\"auto\" style=\"vertical-align: inherit;\">destinado exclusivamente a ensayos de laboratorio certificados.<\/span><\/span><\/strong><span dir=\"auto\" style=\"vertical-align: inherit;\"><span dir=\"auto\" style=\"vertical-align: inherit;\"> Se proh\u00edbe el uso personal.<\/span><\/span><\/p>\n<p data-start=\"6223\" data-end=\"6358\"><strong data-start=\"6223\" data-end=\"6262\"><span dir=\"auto\" style=\"vertical-align: inherit;\"><span dir=\"auto\" style=\"vertical-align: inherit;\">3. \u00bfC\u00f3mo debo almacenar las c\u00e1psulas?<\/span><\/span><\/strong><br data-start=\"6262\" data-end=\"6265\" \/><span dir=\"auto\" style=\"vertical-align: inherit;\"><span dir=\"auto\" style=\"vertical-align: inherit;\"> Gu\u00e1rdalos en un <\/span><\/span><strong data-start=\"6282\" data-end=\"6318\"><span dir=\"auto\" style=\"vertical-align: inherit;\"><span dir=\"auto\" style=\"vertical-align: inherit;\">lugar fresco, seco y oscuro<\/span><\/span><\/strong><span dir=\"auto\" style=\"vertical-align: inherit;\"><span dir=\"auto\" style=\"vertical-align: inherit;\"> y mantenga el envase bien cerrado.<\/span><\/span><\/p>\n<hr data-start=\"6360\" data-end=\"6363\" \/>\n<h3 data-start=\"6365\" data-end=\"6383\"><strong data-start=\"6369\" data-end=\"6383\"><span dir=\"auto\" style=\"vertical-align: inherit;\"><span dir=\"auto\" style=\"vertical-align: inherit;\">Descargo de responsabilidad<\/span><\/span><\/strong><\/h3>\n<p data-start=\"6384\" data-end=\"6628\"><span dir=\"auto\" style=\"vertical-align: inherit;\"><span dir=\"auto\" style=\"vertical-align: inherit;\">Este producto es <\/span><\/span><strong data-start=\"6399\" data-end=\"6448\"><span dir=\"auto\" style=\"vertical-align: inherit;\"><span dir=\"auto\" style=\"vertical-align: inherit;\">Destinado \u00fanicamente a usos de investigaci\u00f3n.<\/span><\/span><\/strong><span dir=\"auto\" style=\"vertical-align: inherit;\"><span dir=\"auto\" style=\"vertical-align: inherit;\"> . <\/span><\/span><strong data-start=\"6450\" data-end=\"6507\"><span dir=\"auto\" style=\"vertical-align: inherit;\"><span dir=\"auto\" style=\"vertical-align: inherit;\">No apto para el consumo humano ni animal.<\/span><\/span><\/strong><br data-start=\"6507\" data-end=\"6510\" \/><span dir=\"auto\" style=\"vertical-align: inherit;\"><span dir=\"auto\" style=\"vertical-align: inherit;\"> Al comprar este producto, usted confirma que es un <\/span><\/span><strong data-start=\"6545\" data-end=\"6575\"><span dir=\"auto\" style=\"vertical-align: inherit;\"><span dir=\"auto\" style=\"vertical-align: inherit;\">investigador licenciado<\/span><\/span><\/strong><span dir=\"auto\" style=\"vertical-align: inherit;\"><span dir=\"auto\" style=\"vertical-align: inherit;\"> y cumplir con las leyes y reglamentos aplicables.<\/span><\/span><\/p>\n<p><a href=\"https:\/\/researchchemicalhub.com\/es\/comercio\/iboga-ibogaina\/comprar-ibogaina-hcl-en-linea\/\"><span dir=\"auto\" style=\"vertical-align: inherit;\"><span dir=\"auto\" style=\"vertical-align: inherit;\">Comprar iboga\u00edna HCL <\/span><\/span><\/a><a href=\"https:\/\/researchchemicalhub.com\/es\/comercio\/iboga-ibogaina\/corteza-de-raiz-de-iboga\/\"><span dir=\"auto\" style=\"vertical-align: inherit;\"><span dir=\"auto\" style=\"vertical-align: inherit;\">corteza de ra\u00edz de iboga <\/span><\/span><\/a><a href=\"https:\/\/researchchemicalhub.com\/es\/comercio\/lisergamidas\/1-cp-de-lsd-150-mcg\/\"><span dir=\"auto\" style=\"vertical-align: inherit;\"><span dir=\"auto\" style=\"vertical-align: inherit;\">Papel secante para arte de 1 cP-LSD 150 MCG <\/span><\/span><\/a><a href=\"https:\/\/researchchemicalhub.com\/es\/comercio\/pellets\/granulos-de-o-dsmt-50-mg\/\"><span dir=\"auto\" style=\"vertical-align: inherit;\"><span dir=\"auto\" style=\"vertical-align: inherit;\">Gr\u00e1nulos de O-DSMT de 50 mg <\/span><\/span><\/a><a href=\"https:\/\/researchchemicalhub.com\/es\/comercio\/lisergamidas\/1v-lsd-150-mcg-blotters\/\"><span dir=\"auto\" style=\"vertical-align: inherit;\"><span dir=\"auto\" style=\"vertical-align: inherit;\">Papel secante 1V-LSD 150 MCG<\/span><\/span><\/a><\/p>","protected":false},"excerpt":{"rendered":"<h2><span dir=\"auto\" style=\"vertical-align: inherit;\"><span dir=\"auto\" style=\"vertical-align: inherit;\">2C-EF properties<\/span><\/span><\/h2>\n<p><strong><span dir=\"auto\" style=\"vertical-align: inherit;\"><span dir=\"auto\" style=\"vertical-align: inherit;\">Synonyms<\/span><\/span><\/strong><span dir=\"auto\" style=\"vertical-align: inherit;\"><span dir=\"auto\" style=\"vertical-align: inherit;\"> : 2-[4-(2-Fluoroethyl)-2,5-dimethoxyphenyl]ethan-1-amine <\/span><\/span><br \/>\n<strong><span dir=\"auto\" style=\"vertical-align: inherit;\"><span dir=\"auto\" style=\"vertical-align: inherit;\">CAS Number<\/span><\/span><\/strong><span dir=\"auto\" style=\"vertical-align: inherit;\"><span dir=\"auto\" style=\"vertical-align: inherit;\"> : 1222814-77-8 <\/span><\/span><br \/>\n<strong><span dir=\"auto\" style=\"vertical-align: inherit;\"><span dir=\"auto\" style=\"vertical-align: inherit;\">Formula<\/span><\/span><\/strong><span dir=\"auto\" style=\"vertical-align: inherit;\"><span dir=\"auto\" style=\"vertical-align: inherit;\"> : <\/span><\/span><span title=\"Carbon\"><span dir=\"auto\" style=\"vertical-align: inherit;\"><span dir=\"auto\" style=\"vertical-align: inherit;\">C <\/span><\/span><\/span><sub><span dir=\"auto\" style=\"vertical-align: inherit;\"><span dir=\"auto\" style=\"vertical-align: inherit;\">12 <\/span><\/span><\/sub><span title=\"Hydrogen\"><span dir=\"auto\" style=\"vertical-align: inherit;\"><span dir=\"auto\" style=\"vertical-align: inherit;\">H <\/span><\/span><\/span><sub><span dir=\"auto\" style=\"vertical-align: inherit;\"><span dir=\"auto\" style=\"vertical-align: inherit;\">18 <\/span><\/span><\/sub><span title=\"Fluorine\"><span dir=\"auto\" style=\"vertical-align: inherit;\"><span dir=\"auto\" style=\"vertical-align: inherit;\">F <\/span><\/span><\/span><span title=\"Nitrogen\"><span dir=\"auto\" style=\"vertical-align: inherit;\"><span dir=\"auto\" style=\"vertical-align: inherit;\">N <\/span><\/span><\/span><span title=\"Oxygen\"><span dir=\"auto\" style=\"vertical-align: inherit;\"><span dir=\"auto\" style=\"vertical-align: inherit;\">O <\/span><\/span><\/span><sub><span dir=\"auto\" style=\"vertical-align: inherit;\"><span dir=\"auto\" style=\"vertical-align: inherit;\">2 <\/span><\/span><\/sub><br \/>\n<strong><span dir=\"auto\" style=\"vertical-align: inherit;\"><span dir=\"auto\" style=\"vertical-align: inherit;\">Molar mass<\/span><\/span><\/strong><span dir=\"auto\" style=\"vertical-align: inherit;\"><span dir=\"auto\" style=\"vertical-align: inherit;\"> : 227.279 g\/mol <\/span><\/span><br \/>\n<strong><span dir=\"auto\" style=\"vertical-align: inherit;\"><span dir=\"auto\" style=\"vertical-align: inherit;\">Purity<\/span><\/span><\/strong><span dir=\"auto\" style=\"vertical-align: inherit;\"><span dir=\"auto\" style=\"vertical-align: inherit;\"> : \u226599%<\/span><\/span><\/p>\n","protected":false},"featured_media":28375,"comment_status":"closed","ping_status":"closed","template":"","meta":[],"product_brand":[],"product_cat":[401,322,80,398],"product_tag":[253,326],"class_list":{"0":"post-24939","1":"product","2":"type-product","3":"status-publish","4":"has-post-thumbnail","6":"product_cat-2c-ef","7":"product_cat-bijna-verboden","8":"product_cat-fenethylamine","9":"product_cat-verkoop","10":"product_tag-2c-ef","11":"product_tag-nl","13":"first","14":"instock","15":"sale","16":"taxable","17":"shipping-taxable","18":"purchasable","19":"product-type-variable"},"_links":{"self":[{"href":"https:\/\/researchchemicalhub.com\/es\/wp-json\/wp\/v2\/product\/24939","targetHints":{"allow":["GET"]}}],"collection":[{"href":"https:\/\/researchchemicalhub.com\/es\/wp-json\/wp\/v2\/product"}],"about":[{"href":"https:\/\/researchchemicalhub.com\/es\/wp-json\/wp\/v2\/types\/product"}],"replies":[{"embeddable":true,"href":"https:\/\/researchchemicalhub.com\/es\/wp-json\/wp\/v2\/comments?post=24939"}],"version-history":[{"count":6,"href":"https:\/\/researchchemicalhub.com\/es\/wp-json\/wp\/v2\/product\/24939\/revisions"}],"predecessor-version":[{"id":28629,"href":"https:\/\/researchchemicalhub.com\/es\/wp-json\/wp\/v2\/product\/24939\/revisions\/28629"}],"wp:featuredmedia":[{"embeddable":true,"href":"https:\/\/researchchemicalhub.com\/es\/wp-json\/wp\/v2\/media\/28375"}],"wp:attachment":[{"href":"https:\/\/researchchemicalhub.com\/es\/wp-json\/wp\/v2\/media?parent=24939"}],"wp:term":[{"taxonomy":"product_brand","embeddable":true,"href":"https:\/\/researchchemicalhub.com\/es\/wp-json\/wp\/v2\/product_brand?post=24939"},{"taxonomy":"product_cat","embeddable":true,"href":"https:\/\/researchchemicalhub.com\/es\/wp-json\/wp\/v2\/product_cat?post=24939"},{"taxonomy":"product_tag","embeddable":true,"href":"https:\/\/researchchemicalhub.com\/es\/wp-json\/wp\/v2\/product_tag?post=24939"}],"curies":[{"name":"gracias","href":"https:\/\/api.w.org\/{rel}","templated":true}]}}