{"id":24869,"date":"2025-10-20T17:43:28","date_gmt":"2025-10-20T17:43:28","guid":{"rendered":"https:\/\/researchchemicalhub.com\/?post_type=product&#038;p=24869"},"modified":"2025-10-29T07:32:38","modified_gmt":"2025-10-29T07:32:38","slug":"papel-secante-ro5-4864-de-1-mg","status":"publish","type":"product","link":"https:\/\/researchchemicalhub.com\/es\/comercio\/benzodiazepinas\/papel-secante-ro5-4864-de-1-mg\/","title":{"rendered":"Papel secante Ro5-4864 de 1 mg"},"content":{"rendered":"<h3 data-start=\"4052\" data-end=\"4071\"><strong data-start=\"4056\" data-end=\"4071\"><span dir=\"auto\" style=\"vertical-align: inherit;\"><span dir=\"auto\" style=\"vertical-align: inherit;\">Introducci\u00f3n<\/span><\/span><\/strong><\/h3>\n<p data-start=\"4072\" data-end=\"4323\"><span dir=\"auto\" style=\"vertical-align: inherit;\"><span dir=\"auto\" style=\"vertical-align: inherit;\">Nuestro <\/span><\/span><strong data-start=\"4077\" data-end=\"4104\"><span dir=\"auto\" style=\"vertical-align: inherit;\"><span dir=\"auto\" style=\"vertical-align: inherit;\">1 mg research blotters<\/span><\/span><\/strong><span dir=\"auto\" style=\"vertical-align: inherit;\"><span dir=\"auto\" style=\"vertical-align: inherit;\"> est\u00e1n dise\u00f1ados para <\/span><\/span><strong data-start=\"4126\" data-end=\"4183\"><span dir=\"auto\" style=\"vertical-align: inherit;\"><span dir=\"auto\" style=\"vertical-align: inherit;\">scientific, analytical, and laboratory research<\/span><\/span><\/strong><span dir=\"auto\" style=\"vertical-align: inherit;\"><span dir=\"auto\" style=\"vertical-align: inherit;\"> . <\/span><\/span><br data-start=\"4184\" data-end=\"4187\" \/><span dir=\"auto\" style=\"vertical-align: inherit;\"><span dir=\"auto\" style=\"vertical-align: inherit;\">They are manufactured according to <\/span><\/span><strong data-start=\"4218\" data-end=\"4248\"><span dir=\"auto\" style=\"vertical-align: inherit;\"><span dir=\"auto\" style=\"vertical-align: inherit;\">strict laboratory standards<\/span><\/span><\/strong><span dir=\"auto\" style=\"vertical-align: inherit;\"><span dir=\"auto\" style=\"vertical-align: inherit;\"> , asegurando <\/span><\/span><strong data-start=\"4265\" data-end=\"4320\"><span dir=\"auto\" style=\"vertical-align: inherit;\"><span dir=\"auto\" style=\"vertical-align: inherit;\">high purity, reproducibility, and stability<\/span><\/span><\/strong><span dir=\"auto\" style=\"vertical-align: inherit;\"><span dir=\"auto\" style=\"vertical-align: inherit;\"> .ro5 4864<\/span><\/span><\/p>\n<p data-start=\"4325\" data-end=\"4437\"><span dir=\"auto\" style=\"vertical-align: inherit;\"><span dir=\"auto\" style=\"vertical-align: inherit;\">Each blotter contains an <\/span><\/span><strong data-start=\"4348\" data-end=\"4376\"><span dir=\"auto\" style=\"vertical-align: inherit;\"><span dir=\"auto\" style=\"vertical-align: inherit;\">exact 1 mg dosage<\/span><\/span><\/strong><span dir=\"auto\" style=\"vertical-align: inherit;\"><span dir=\"auto\" style=\"vertical-align: inherit;\"> , allowing for reliable and consistent results.<\/span><\/span><\/p>\n<blockquote data-start=\"4438\" data-end=\"4547\">\n<p data-start=\"4440\" data-end=\"4547\">\u26a0\ufe0f <strong data-start=\"4443\" data-end=\"4547\"><span dir=\"auto\" style=\"vertical-align: inherit;\"><span dir=\"auto\" style=\"vertical-align: inherit;\">Solo para uso en laboratorio. No apto para consumo humano ni animal.<\/span><\/span><\/strong><\/p>\n<\/blockquote>\n<hr data-start=\"4549\" data-end=\"4552\" \/>\n<h3 data-start=\"4554\" data-end=\"4585\"><strong data-start=\"4558\" data-end=\"4585\"><span dir=\"auto\" style=\"vertical-align: inherit;\"><span dir=\"auto\" style=\"vertical-align: inherit;\">Caracter\u00edsticas principales<\/span><\/span><\/strong><\/h3>\n<ul data-start=\"4586\" data-end=\"5054\">\n<li data-start=\"4586\" data-end=\"4656\">\n<p data-start=\"4588\" data-end=\"4656\"><strong data-start=\"4588\" data-end=\"4614\"><span dir=\"auto\" style=\"vertical-align: inherit;\"><span dir=\"auto\" style=\"vertical-align: inherit;\">Alta pureza (\u226599%)<\/span><\/span><\/strong><span dir=\"auto\" style=\"vertical-align: inherit;\"><span dir=\"auto\" style=\"vertical-align: inherit;\"> \u2013 Probado y verificado de forma independiente.<\/span><\/span><\/p>\n<\/li>\n<li data-start=\"4657\" data-end=\"4738\">\n<p data-start=\"4659\" data-end=\"4738\"><strong data-start=\"4659\" data-end=\"4689\"><span dir=\"auto\" style=\"vertical-align: inherit;\"><span dir=\"auto\" style=\"vertical-align: inherit;\">Precise Dosage of 1 mg<\/span><\/span><\/strong><span dir=\"auto\" style=\"vertical-align: inherit;\"><span dir=\"auto\" style=\"vertical-align: inherit;\"> \u2013 For controlled and reliable measurements. ro5 4864<\/span><\/span><\/p>\n<\/li>\n<li data-start=\"4739\" data-end=\"4820\">\n<p data-start=\"4741\" data-end=\"4820\"><strong data-start=\"4741\" data-end=\"4767\"><span dir=\"auto\" style=\"vertical-align: inherit;\"><span dir=\"auto\" style=\"vertical-align: inherit;\">Composici\u00f3n estable<\/span><\/span><\/strong><span dir=\"auto\" style=\"vertical-align: inherit;\"><span dir=\"auto\" style=\"vertical-align: inherit;\"> \u2013 Mantiene su integridad qu\u00edmica cuando se almacena correctamente.<\/span><\/span><\/p>\n<\/li>\n<li data-start=\"4821\" data-end=\"4900\">\n<p data-start=\"4823\" data-end=\"4900\"><strong data-start=\"4823\" data-end=\"4851\"><span dir=\"auto\" style=\"vertical-align: inherit;\"><span dir=\"auto\" style=\"vertical-align: inherit;\">Producci\u00f3n controlada<\/span><\/span><\/strong><span dir=\"auto\" style=\"vertical-align: inherit;\"><span dir=\"auto\" style=\"vertical-align: inherit;\"> \u2013 Manufactured to ISO laboratory standards.<\/span><\/span><\/p>\n<\/li>\n<li data-start=\"4901\" data-end=\"4969\">\n<p data-start=\"4903\" data-end=\"4969\"><strong data-start=\"4903\" data-end=\"4933\"><span dir=\"auto\" style=\"vertical-align: inherit;\"><span dir=\"auto\" style=\"vertical-align: inherit;\">Embalaje a prueba de humedad<\/span><\/span><\/strong><span dir=\"auto\" style=\"vertical-align: inherit;\"><span dir=\"auto\" style=\"vertical-align: inherit;\"> \u2013 Protects from light and air.<\/span><\/span><\/p>\n<\/li>\n<li data-start=\"4970\" data-end=\"5054\">\n<p data-start=\"4972\" data-end=\"5054\"><strong data-start=\"4972\" data-end=\"5005\"><span dir=\"auto\" style=\"vertical-align: inherit;\"><span dir=\"auto\" style=\"vertical-align: inherit;\">S\u00f3lo para uso en investigaci\u00f3n<\/span><\/span><\/strong><span dir=\"auto\" style=\"vertical-align: inherit;\"><span dir=\"auto\" style=\"vertical-align: inherit;\"> \u2013 Intended for scientific applications.<\/span><\/span><\/p>\n<\/li>\n<\/ul>\n<hr data-start=\"5056\" data-end=\"5059\" \/>\n<h3 data-start=\"5061\" data-end=\"5078\"><strong data-start=\"5065\" data-end=\"5078\"><span dir=\"auto\" style=\"vertical-align: inherit;\"><span dir=\"auto\" style=\"vertical-align: inherit;\">Ventajas<\/span><\/span><\/strong><\/h3>\n<ul data-start=\"5079\" data-end=\"5531\">\n<li data-start=\"5079\" data-end=\"5159\">\n<p data-start=\"5081\" data-end=\"5159\"><strong data-start=\"5081\" data-end=\"5117\"><span dir=\"auto\" style=\"vertical-align: inherit;\"><span dir=\"auto\" style=\"vertical-align: inherit;\">Resultados de investigaci\u00f3n confiables<\/span><\/span><\/strong><span dir=\"auto\" style=\"vertical-align: inherit;\"><span dir=\"auto\" style=\"vertical-align: inherit;\"> \u2013 Consistent data across repeated testing.<\/span><\/span><\/p>\n<\/li>\n<li data-start=\"5160\" data-end=\"5232\">\n<p data-start=\"5162\" data-end=\"5232\"><strong data-start=\"5162\" data-end=\"5183\"><span dir=\"auto\" style=\"vertical-align: inherit;\"><span dir=\"auto\" style=\"vertical-align: inherit;\">Stable and Pure<\/span><\/span><\/strong><span dir=\"auto\" style=\"vertical-align: inherit;\"><span dir=\"auto\" style=\"vertical-align: inherit;\"> \u2013 Reduces variation in research results.<\/span><\/span><\/p>\n<\/li>\n<li data-start=\"5233\" data-end=\"5336\">\n<p data-start=\"5235\" data-end=\"5336\"><strong data-start=\"5235\" data-end=\"5284\"><span dir=\"auto\" style=\"vertical-align: inherit;\"><span dir=\"auto\" style=\"vertical-align: inherit;\">Optimizado para aplicaciones anal\u00edticas<\/span><\/span><\/strong><span dir=\"auto\" style=\"vertical-align: inherit;\"><span dir=\"auto\" style=\"vertical-align: inherit;\"> \u2013 Suitable for calibration and comparison testing.<\/span><\/span><\/p>\n<\/li>\n<li data-start=\"5337\" data-end=\"5432\">\n<p data-start=\"5339\" data-end=\"5432\"><strong data-start=\"5339\" data-end=\"5372\"><span dir=\"auto\" style=\"vertical-align: inherit;\"><span dir=\"auto\" style=\"vertical-align: inherit;\">Safe Laboratory Handling<\/span><\/span><\/strong><span dir=\"auto\" style=\"vertical-align: inherit;\"><span dir=\"auto\" style=\"vertical-align: inherit;\"> \u2013 Pellet or blotter form ensures accurate dosing.<\/span><\/span><\/p>\n<\/li>\n<li data-start=\"5433\" data-end=\"5531\">\n<p data-start=\"5435\" data-end=\"5531\"><strong data-start=\"5435\" data-end=\"5470\"><span dir=\"auto\" style=\"vertical-align: inherit;\"><span dir=\"auto\" style=\"vertical-align: inherit;\">Conforme y producido \u00e9ticamente<\/span><\/span><\/strong><span dir=\"auto\" style=\"vertical-align: inherit;\"><span dir=\"auto\" style=\"vertical-align: inherit;\"> \u2013 In compliance with international safety standards.<\/span><\/span><\/p>\n<\/li>\n<\/ul>\n<hr data-start=\"5533\" data-end=\"5536\" \/>\n<h3 data-start=\"5538\" data-end=\"5553\"><strong data-start=\"5542\" data-end=\"5553\"><span dir=\"auto\" style=\"vertical-align: inherit;\"><span dir=\"auto\" style=\"vertical-align: inherit;\">Uso<\/span><\/span><\/strong><\/h3>\n<ol data-start=\"5554\" data-end=\"5979\">\n<li data-start=\"5554\" data-end=\"5655\">\n<p data-start=\"5557\" data-end=\"5655\"><strong data-start=\"5557\" data-end=\"5592\"><span dir=\"auto\" style=\"vertical-align: inherit;\"><span dir=\"auto\" style=\"vertical-align: inherit;\">Solo para uso en laboratorio<\/span><\/span><\/strong><span dir=\"auto\" style=\"vertical-align: inherit;\"><span dir=\"auto\" style=\"vertical-align: inherit;\"> \u2013 Utilizar \u00fanicamente en instalaciones de investigaci\u00f3n autorizadas.<\/span><\/span><\/p>\n<\/li>\n<li data-start=\"5656\" data-end=\"5723\">\n<p data-start=\"5659\" data-end=\"5723\"><strong data-start=\"5659\" data-end=\"5669\"><span dir=\"auto\" style=\"vertical-align: inherit;\"><span dir=\"auto\" style=\"vertical-align: inherit;\">Almacenamiento<\/span><\/span><\/strong><span dir=\"auto\" style=\"vertical-align: inherit;\"><span dir=\"auto\" style=\"vertical-align: inherit;\"> \u2013 Conservar en un <\/span><\/span><strong data-start=\"5686\" data-end=\"5720\"><span dir=\"auto\" style=\"vertical-align: inherit;\"><span dir=\"auto\" style=\"vertical-align: inherit;\">lugar fresco, seco y oscuro<\/span><\/span><\/strong><span dir=\"auto\" style=\"vertical-align: inherit;\"><span dir=\"auto\" style=\"vertical-align: inherit;\"> .<\/span><\/span><\/p>\n<\/li>\n<li data-start=\"5724\" data-end=\"5809\">\n<p data-start=\"5727\" data-end=\"5809\"><strong data-start=\"5727\" data-end=\"5744\"><span dir=\"auto\" style=\"vertical-align: inherit;\"><span dir=\"auto\" style=\"vertical-align: inherit;\">Trabaje con seguridad<\/span><\/span><\/strong><span dir=\"auto\" style=\"vertical-align: inherit;\"><span dir=\"auto\" style=\"vertical-align: inherit;\"> \u2013 Wear gloves, safety glasses and protective clothing.<\/span><\/span><\/p>\n<\/li>\n<li data-start=\"5810\" data-end=\"5889\">\n<p data-start=\"5813\" data-end=\"5889\"><strong data-start=\"5813\" data-end=\"5825\"><span dir=\"auto\" style=\"vertical-align: inherit;\"><span dir=\"auto\" style=\"vertical-align: inherit;\">Medidas<\/span><\/span><\/strong><span dir=\"auto\" style=\"vertical-align: inherit;\"><span dir=\"auto\" style=\"vertical-align: inherit;\"> \u2013 Utilice equipos calibrados para un an\u00e1lisis preciso.<\/span><\/span><\/p>\n<\/li>\n<li data-start=\"5890\" data-end=\"5979\">\n<p data-start=\"5893\" data-end=\"5979\"><strong data-start=\"5893\" data-end=\"5920\"><span dir=\"auto\" style=\"vertical-align: inherit;\"><span dir=\"auto\" style=\"vertical-align: inherit;\">Advertencia de seguridad<\/span><\/span><\/strong><span dir=\"auto\" style=\"vertical-align: inherit;\"><span dir=\"auto\" style=\"vertical-align: inherit;\"> \u2013 No apto para el consumo humano ni animal.<\/span><\/span><\/p>\n<\/li>\n<\/ol>\n<hr data-start=\"5981\" data-end=\"5984\" \/>\n<h3 data-start=\"5986\" data-end=\"6013\"><strong data-start=\"5990\" data-end=\"6013\"><span dir=\"auto\" style=\"vertical-align: inherit;\"><span dir=\"auto\" style=\"vertical-align: inherit;\">Preguntas frecuentes<\/span><\/span><\/strong><\/h3>\n<p data-start=\"6015\" data-end=\"6197\"><strong data-start=\"6015\" data-end=\"6071\"><span dir=\"auto\" style=\"vertical-align: inherit;\"><span dir=\"auto\" style=\"vertical-align: inherit;\">1. What are 1 mg research blotters used for?<\/span><\/span><\/strong><br data-start=\"6071\" data-end=\"6074\" \/><span dir=\"auto\" style=\"vertical-align: inherit;\"><span dir=\"auto\" style=\"vertical-align: inherit;\"> Est\u00e1n destinados a <\/span><\/span><strong data-start=\"6095\" data-end=\"6139\"><span dir=\"auto\" style=\"vertical-align: inherit;\"><span dir=\"auto\" style=\"vertical-align: inherit;\">investigaci\u00f3n cient\u00edfica y anal\u00edtica<\/span><\/span><\/strong><span dir=\"auto\" style=\"vertical-align: inherit;\"><span dir=\"auto\" style=\"vertical-align: inherit;\"> , such as calibration and controlled chemical analyses.<\/span><\/span><\/p>\n<p data-start=\"6199\" data-end=\"6362\"><strong data-start=\"6199\" data-end=\"6267\"><span dir=\"auto\" style=\"vertical-align: inherit;\"><span dir=\"auto\" style=\"vertical-align: inherit;\">2. Can these blotters be used outside of a laboratory?<\/span><\/span><\/strong><br data-start=\"6267\" data-end=\"6270\" \/><span dir=\"auto\" style=\"vertical-align: inherit;\"><span dir=\"auto\" style=\"vertical-align: inherit;\"> No. Estos productos son <\/span><\/span><strong data-start=\"6295\" data-end=\"6359\"><span dir=\"auto\" style=\"vertical-align: inherit;\"><span dir=\"auto\" style=\"vertical-align: inherit;\">Destinado exclusivamente a la investigaci\u00f3n profesional de laboratorio.<\/span><\/span><\/strong><span dir=\"auto\" style=\"vertical-align: inherit;\"><span dir=\"auto\" style=\"vertical-align: inherit;\"> .<\/span><\/span><\/p>\n<p data-start=\"6364\" data-end=\"6502\"><strong data-start=\"6364\" data-end=\"6400\"><span dir=\"auto\" style=\"vertical-align: inherit;\"><span dir=\"auto\" style=\"vertical-align: inherit;\">3. How should they be stored?<\/span><\/span><\/strong><br data-start=\"6400\" data-end=\"6403\" \/><span dir=\"auto\" style=\"vertical-align: inherit;\"><span dir=\"auto\" style=\"vertical-align: inherit;\"> Gu\u00e1rdalos en su <\/span><\/span><strong data-start=\"6420\" data-end=\"6457\"><span dir=\"auto\" style=\"vertical-align: inherit;\"><span dir=\"auto\" style=\"vertical-align: inherit;\">Envase original herm\u00e9tico<\/span><\/span><\/strong><span dir=\"auto\" style=\"vertical-align: inherit;\"><span dir=\"auto\" style=\"vertical-align: inherit;\"> en un <\/span><\/span><strong data-start=\"6465\" data-end=\"6499\"><span dir=\"auto\" style=\"vertical-align: inherit;\"><span dir=\"auto\" style=\"vertical-align: inherit;\">lugar fresco, seco y oscuro<\/span><\/span><\/strong><span dir=\"auto\" style=\"vertical-align: inherit;\"><span dir=\"auto\" style=\"vertical-align: inherit;\"> .<\/span><\/span><\/p>\n<hr data-start=\"6504\" data-end=\"6507\" \/>\n<h3 data-start=\"6509\" data-end=\"6527\"><strong data-start=\"6513\" data-end=\"6527\"><span dir=\"auto\" style=\"vertical-align: inherit;\"><span dir=\"auto\" style=\"vertical-align: inherit;\">Descargo de responsabilidad<\/span><\/span><\/strong><\/h3>\n<p data-start=\"6528\" data-end=\"6760\"><span dir=\"auto\" style=\"vertical-align: inherit;\"><span dir=\"auto\" style=\"vertical-align: inherit;\">Este producto es <\/span><\/span><strong data-start=\"6543\" data-end=\"6592\"><span dir=\"auto\" style=\"vertical-align: inherit;\"><span dir=\"auto\" style=\"vertical-align: inherit;\">destinado \u00fanicamente a fines de investigaci\u00f3n<\/span><\/span><\/strong><span dir=\"auto\" style=\"vertical-align: inherit;\"><span dir=\"auto\" style=\"vertical-align: inherit;\"> . <\/span><\/span><strong data-start=\"6594\" data-end=\"6652\"><span dir=\"auto\" style=\"vertical-align: inherit;\"><span dir=\"auto\" style=\"vertical-align: inherit;\">No apto para el consumo humano ni animal.<\/span><\/span><\/strong><br data-start=\"6652\" data-end=\"6655\" \/><span dir=\"auto\" style=\"vertical-align: inherit;\"><span dir=\"auto\" style=\"vertical-align: inherit;\"> By purchasing it, you confirm that you comply with all applicable safety and legal regulations. <\/span><\/span><a href=\"https:\/\/researchchemicalhub.com\/es\/comercio\/okategoriserad\/comprar-4mmc\/\"><span dir=\"auto\" style=\"vertical-align: inherit;\"><span dir=\"auto\" style=\"vertical-align: inherit;\">Compra 4mmc, compra <\/span><\/span><\/a><a href=\"https:\/\/researchchemicalhub.com\/es\/comercio\/okategoriserad\/polvo-de-benzocaina\/\"><span dir=\"auto\" style=\"vertical-align: inherit;\"><span dir=\"auto\" style=\"vertical-align: inherit;\">polvo de benzoca\u00edna <\/span><\/span><\/a><a href=\"https:\/\/researchchemicalhub.com\/es\/comercio\/okategoriserad\/comprar-fentanilo\/\"><span dir=\"auto\" style=\"vertical-align: inherit;\"><span dir=\"auto\" style=\"vertical-align: inherit;\">, comprar fentanilo, comprar <\/span><\/span><\/a><a href=\"https:\/\/researchchemicalhub.com\/es\/comercio\/okategoriserad\/comprar-fentanilo\/\"><span dir=\"auto\" style=\"vertical-align: inherit;\"><span dir=\"auto\" style=\"vertical-align: inherit;\">tableta de fentanilo, <\/span><\/span><\/a><a href=\"https:\/\/researchchemicalhub.com\/es\/comercio\/iboga-ibogaina\/comprar-iboga\/\"><span dir=\"auto\" style=\"vertical-align: inherit;\"><span dir=\"auto\" style=\"vertical-align: inherit;\">comprar iboga, <\/span><\/span><\/a><a href=\"https:\/\/researchchemicalhub.com\/es\/comercio\/iboga-ibogaina\/comprar-ibogaina-hcl-en-linea\/\"><span dir=\"auto\" style=\"vertical-align: inherit;\"><span dir=\"auto\" style=\"vertical-align: inherit;\">Comprar iboga\u00edna hcl en l\u00ednea<\/span><\/span><\/a><\/p>","protected":false},"excerpt":{"rendered":"<p>Introduction Our 1 mg research blotters are designed for scientific, analytical, and laboratory research . They are manufactured according to<\/p>","protected":false},"featured_media":28621,"comment_status":"closed","ping_status":"closed","template":"","meta":[],"product_brand":[82],"product_cat":[76,356],"product_tag":[326,745,746],"class_list":{"0":"post-24869","1":"product","2":"type-product","3":"status-publish","4":"has-post-thumbnail","6":"product_brand-research-chemical","7":"product_cat-benzodiazepinen","8":"product_cat-ro5-4864","9":"product_tag-nl","10":"product_tag-ro5-4864","11":"product_tag-ro5-4864-reddit","13":"first","14":"instock","15":"taxable","16":"shipping-taxable","17":"purchasable","18":"product-type-variable"},"_links":{"self":[{"href":"https:\/\/researchchemicalhub.com\/es\/wp-json\/wp\/v2\/product\/24869","targetHints":{"allow":["GET"]}}],"collection":[{"href":"https:\/\/researchchemicalhub.com\/es\/wp-json\/wp\/v2\/product"}],"about":[{"href":"https:\/\/researchchemicalhub.com\/es\/wp-json\/wp\/v2\/types\/product"}],"replies":[{"embeddable":true,"href":"https:\/\/researchchemicalhub.com\/es\/wp-json\/wp\/v2\/comments?post=24869"}],"version-history":[{"count":6,"href":"https:\/\/researchchemicalhub.com\/es\/wp-json\/wp\/v2\/product\/24869\/revisions"}],"predecessor-version":[{"id":28640,"href":"https:\/\/researchchemicalhub.com\/es\/wp-json\/wp\/v2\/product\/24869\/revisions\/28640"}],"wp:featuredmedia":[{"embeddable":true,"href":"https:\/\/researchchemicalhub.com\/es\/wp-json\/wp\/v2\/media\/28621"}],"wp:attachment":[{"href":"https:\/\/researchchemicalhub.com\/es\/wp-json\/wp\/v2\/media?parent=24869"}],"wp:term":[{"taxonomy":"product_brand","embeddable":true,"href":"https:\/\/researchchemicalhub.com\/es\/wp-json\/wp\/v2\/product_brand?post=24869"},{"taxonomy":"product_cat","embeddable":true,"href":"https:\/\/researchchemicalhub.com\/es\/wp-json\/wp\/v2\/product_cat?post=24869"},{"taxonomy":"product_tag","embeddable":true,"href":"https:\/\/researchchemicalhub.com\/es\/wp-json\/wp\/v2\/product_tag?post=24869"}],"curies":[{"name":"gracias","href":"https:\/\/api.w.org\/{rel}","templated":true}]}}