{"id":24664,"date":"2025-10-20T17:42:28","date_gmt":"2025-10-20T17:42:28","guid":{"rendered":"https:\/\/researchchemicalhub.com\/?post_type=product&#038;p=24664"},"modified":"2025-10-29T07:54:54","modified_gmt":"2025-10-29T07:54:54","slug":"ositos-de-goma-10-mg-hhc-verde-2","status":"publish","type":"product","link":"https:\/\/researchchemicalhub.com\/es\/comercio\/comestibles\/ositos-de-goma-10-mg-hhc-verde-2\/","title":{"rendered":"Ositos de goma 10 mg HHC (Verdes)"},"content":{"rendered":"<h3 data-start=\"4670\" data-end=\"4687\"><span dir=\"auto\" style=\"vertical-align: inherit;\"><span dir=\"auto\" style=\"vertical-align: inherit;\">Introducci\u00f3n<\/span><\/span><\/h3>\n<p data-start=\"4688\" data-end=\"5108\"><span dir=\"auto\" style=\"vertical-align: inherit;\"><span dir=\"auto\" style=\"vertical-align: inherit;\">Descubrir <\/span><\/span><strong data-start=\"4695\" data-end=\"4727\"><span dir=\"auto\" style=\"vertical-align: inherit;\"><span dir=\"auto\" style=\"vertical-align: inherit;\">Ositos de goma 10 mg HHC (Verdes)<\/span><\/span><\/strong><span dir=\"auto\" style=\"vertical-align: inherit;\"><span dir=\"auto\" style=\"vertical-align: inherit;\"> -de primera calidad <\/span><\/span><strong data-start=\"4738\" data-end=\"4753\"><span dir=\"auto\" style=\"vertical-align: inherit;\"><span dir=\"auto\" style=\"vertical-align: inherit;\">Comestibles HHC<\/span><\/span><\/strong><span dir=\"auto\" style=\"vertical-align: inherit;\"><span dir=\"auto\" style=\"vertical-align: inherit;\"> que proporcionan una dosificaci\u00f3n constante y una experiencia agradable. Cada gomita contiene exactamente 10 mg de HHC en un osito verde, ideal para usuarios que buscan efectos moderados de forma pr\u00e1ctica y discreta. Si busca informaci\u00f3n o est\u00e1 pensando en... <\/span><\/span><strong data-start=\"5008\" data-end=\"5046\"><span dir=\"auto\" style=\"vertical-align: inherit;\"><span dir=\"auto\" style=\"vertical-align: inherit;\">Comprar ositos de goma de 10 mg de HHC (verdes)<\/span><\/span><\/strong><span dir=\"auto\" style=\"vertical-align: inherit;\"><span dir=\"auto\" style=\"vertical-align: inherit;\"> Este producto ofrece transparencia, calidad y facilidad de uso.<\/span><\/span><\/p>\n<hr data-start=\"5110\" data-end=\"5113\" \/>\n<h3 data-start=\"5115\" data-end=\"5144\"><span dir=\"auto\" style=\"vertical-align: inherit;\"><span dir=\"auto\" style=\"vertical-align: inherit;\">Caracter\u00edsticas principales<\/span><\/span><\/h3>\n<ul data-start=\"5146\" data-end=\"5724\">\n<li data-start=\"5146\" data-end=\"5261\">\n<p data-start=\"5148\" data-end=\"5261\"><strong data-start=\"5148\" data-end=\"5175\"><span dir=\"auto\" style=\"vertical-align: inherit;\"><span dir=\"auto\" style=\"vertical-align: inherit;\">Dosis precisa de 10 mg<\/span><\/span><\/strong><span dir=\"auto\" style=\"vertical-align: inherit;\"><span dir=\"auto\" style=\"vertical-align: inherit;\"> Cada gomita individual contiene exactamente 10 miligramos de HHC, para obtener efectos predecibles.<\/span><\/span><\/p>\n<\/li>\n<li data-start=\"5262\" data-end=\"5361\">\n<p data-start=\"5264\" data-end=\"5361\"><strong data-start=\"5264\" data-end=\"5287\"><span dir=\"auto\" style=\"vertical-align: inherit;\"><span dir=\"auto\" style=\"vertical-align: inherit;\">Formulaci\u00f3n pura<\/span><\/span><\/strong><span dir=\"auto\" style=\"vertical-align: inherit;\"><span dir=\"auto\" style=\"vertical-align: inherit;\"> Elaborado con ingredientes de alta calidad y sin aditivos innecesarios.<\/span><\/span><\/p>\n<\/li>\n<li data-start=\"5362\" data-end=\"5470\">\n<p data-start=\"5364\" data-end=\"5470\"><strong data-start=\"5364\" data-end=\"5386\"><span dir=\"auto\" style=\"vertical-align: inherit;\"><span dir=\"auto\" style=\"vertical-align: inherit;\">Variedad de color verde<\/span><\/span><\/strong><span dir=\"auto\" style=\"vertical-align: inherit;\"><span dir=\"auto\" style=\"vertical-align: inherit;\"> La versi\u00f3n \u201cVerde\u201d ofrece un reconocimiento sutil y variedad dentro de tus opciones de comestibles.<\/span><\/span><\/p>\n<\/li>\n<li data-start=\"5471\" data-end=\"5612\">\n<p data-start=\"5473\" data-end=\"5612\"><strong data-start=\"5473\" data-end=\"5508\"><span dir=\"auto\" style=\"vertical-align: inherit;\"><span dir=\"auto\" style=\"vertical-align: inherit;\">Probado por un laboratorio externo<\/span><\/span><\/strong><span dir=\"auto\" style=\"vertical-align: inherit;\"><span dir=\"auto\" style=\"vertical-align: inherit;\"> Cada lote se somete a pruebas independientes para comprobar su pureza, potencia y ausencia de contaminantes.<\/span><\/span><\/p>\n<\/li>\n<li data-start=\"5613\" data-end=\"5724\">\n<p data-start=\"5615\" data-end=\"5724\"><strong data-start=\"5615\" data-end=\"5637\"><span dir=\"auto\" style=\"vertical-align: inherit;\"><span dir=\"auto\" style=\"vertical-align: inherit;\">Larga vida \u00fatil<\/span><\/span><\/strong><span dir=\"auto\" style=\"vertical-align: inherit;\"><span dir=\"auto\" style=\"vertical-align: inherit;\"> Formulado para garantizar la estabilidad y mantener la potencia cuando se almacena correctamente.<\/span><\/span><\/p>\n<\/li>\n<\/ul>\n<hr data-start=\"5726\" data-end=\"5729\" \/>\n<h3 data-start=\"5731\" data-end=\"5746\"><span dir=\"auto\" style=\"vertical-align: inherit;\"><span dir=\"auto\" style=\"vertical-align: inherit;\">Ventajas<\/span><\/span><\/h3>\n<ul data-start=\"5748\" data-end=\"6578\">\n<li data-start=\"5748\" data-end=\"5882\">\n<p data-start=\"5750\" data-end=\"5882\"><strong data-start=\"5750\" data-end=\"5788\"><span dir=\"auto\" style=\"vertical-align: inherit;\"><span dir=\"auto\" style=\"vertical-align: inherit;\">Experiencia controlable y consistente<\/span><\/span><\/strong><span dir=\"auto\" style=\"vertical-align: inherit;\"><span dir=\"auto\" style=\"vertical-align: inherit;\"> La dosificaci\u00f3n precisa de 10 mg le permite controlar mejor los efectos y ajustar su consumo.<\/span><\/span><\/p>\n<\/li>\n<li data-start=\"5883\" data-end=\"6015\">\n<p data-start=\"5885\" data-end=\"6015\"><strong data-start=\"5885\" data-end=\"5906\"><span dir=\"auto\" style=\"vertical-align: inherit;\"><span dir=\"auto\" style=\"vertical-align: inherit;\">Discreto y conveniente<\/span><\/span><\/strong><span dir=\"auto\" style=\"vertical-align: inherit;\"><span dir=\"auto\" style=\"vertical-align: inherit;\"> Estas gominolas se parecen a los caramelos, lo que facilita su transporte y consumo sin llamar la atenci\u00f3n.<\/span><\/span><\/p>\n<\/li>\n<li data-start=\"6016\" data-end=\"6205\">\n<p data-start=\"6018\" data-end=\"6205\"><strong data-start=\"6018\" data-end=\"6051\"><span dir=\"auto\" style=\"vertical-align: inherit;\"><span dir=\"auto\" style=\"vertical-align: inherit;\">Perfil psicoactivo m\u00e1s leve<\/span><\/span><\/strong><span dir=\"auto\" style=\"vertical-align: inherit;\"><span dir=\"auto\" style=\"vertical-align: inherit;\"> El HHC es conocido por tener efectos m\u00e1s suaves que el Delta-9 THC, produciendo una sensaci\u00f3n estimulante pero no abrumadora.<\/span><\/span><\/p>\n<\/li>\n<li data-start=\"6206\" data-end=\"6384\">\n<p data-start=\"6208\" data-end=\"6384\"><strong data-start=\"6208\" data-end=\"6230\"><span dir=\"auto\" style=\"vertical-align: inherit;\"><span dir=\"auto\" style=\"vertical-align: inherit;\">Efecto m\u00e1s duradero<\/span><\/span><\/strong><span dir=\"auto\" style=\"vertical-align: inherit;\"><span dir=\"auto\" style=\"vertical-align: inherit;\"> Como una forma de <\/span><\/span><strong data-start=\"6245\" data-end=\"6260\"><span dir=\"auto\" style=\"vertical-align: inherit;\"><span dir=\"auto\" style=\"vertical-align: inherit;\">Comestibles de hhc,<\/span><\/span><\/strong><span dir=\"auto\" style=\"vertical-align: inherit;\"><span dir=\"auto\" style=\"vertical-align: inherit;\"> Los efectos pueden durar m\u00e1s tiempo que con la inhalaci\u00f3n, aunque el inicio es m\u00e1s lento.<\/span><\/span><\/p>\n<\/li>\n<li data-start=\"6385\" data-end=\"6578\">\n<p data-start=\"6387\" data-end=\"6578\"><strong data-start=\"6387\" data-end=\"6419\"><span dir=\"auto\" style=\"vertical-align: inherit;\"><span dir=\"auto\" style=\"vertical-align: inherit;\">Uso recreativo y de bienestar<\/span><\/span><\/strong><span dir=\"auto\" style=\"vertical-align: inherit;\"><span dir=\"auto\" style=\"vertical-align: inherit;\"> Los usuarios suelen informar que las gomitas proporcionan relajaci\u00f3n, mejoran el estado de \u00e1nimo y ofrecen una experiencia sensorial m\u00e1s placentera.<\/span><\/span><\/p>\n<\/li>\n<\/ul>\n<hr data-start=\"6580\" data-end=\"6583\" \/>\n<h3 data-start=\"6585\" data-end=\"6628\"><span dir=\"auto\" style=\"vertical-align: inherit;\"><span dir=\"auto\" style=\"vertical-align: inherit;\">C\u00f3mo usar \/ Instrucciones de uso<\/span><\/span><\/h3>\n<blockquote data-start=\"6630\" data-end=\"6814\">\n<p data-start=\"6632\" data-end=\"6814\"><strong data-start=\"6632\" data-end=\"6657\"><span dir=\"auto\" style=\"vertical-align: inherit;\"><span dir=\"auto\" style=\"vertical-align: inherit;\">Nota importante<\/span><\/span><\/strong><span dir=\"auto\" style=\"vertical-align: inherit;\"><span dir=\"auto\" style=\"vertical-align: inherit;\"> Estas directrices se aplican \u00fanicamente en las jurisdicciones y a las personas donde la atenci\u00f3n m\u00e9dica domiciliaria es legal. Siga siempre las normativas locales y consulte con expertos si es necesario.<\/span><\/span><\/p>\n<\/blockquote>\n<ol data-start=\"6816\" data-end=\"7797\">\n<li data-start=\"6816\" data-end=\"7040\">\n<p data-start=\"6819\" data-end=\"6844\"><strong data-start=\"6819\" data-end=\"6842\"><span dir=\"auto\" style=\"vertical-align: inherit;\"><span dir=\"auto\" style=\"vertical-align: inherit;\">Empieza con una gomita<\/span><\/span><\/strong><\/p>\n<ul data-start=\"6848\" data-end=\"7040\">\n<li data-start=\"6848\" data-end=\"6875\">\n<p data-start=\"6850\" data-end=\"6875\"><span dir=\"auto\" style=\"vertical-align: inherit;\"><span dir=\"auto\" style=\"vertical-align: inherit;\">Mastica bien y traga.<\/span><\/span><\/p>\n<\/li>\n<li data-start=\"6879\" data-end=\"7040\">\n<p data-start=\"6881\" data-end=\"7040\"><span dir=\"auto\" style=\"vertical-align: inherit;\"><span dir=\"auto\" style=\"vertical-align: inherit;\">Espera al menos <\/span><\/span><strong data-start=\"6896\" data-end=\"6917\"><span dir=\"auto\" style=\"vertical-align: inherit;\"><span dir=\"auto\" style=\"vertical-align: inherit;\">De 60 a 90 minutos<\/span><\/span><\/strong><span dir=\"auto\" style=\"vertical-align: inherit;\"><span dir=\"auto\" style=\"vertical-align: inherit;\"> antes de tomar una dosis adicional, ya que los comestibles tardan en absorberse.<\/span><\/span><\/p>\n<\/li>\n<\/ul>\n<\/li>\n<li data-start=\"7042\" data-end=\"7265\">\n<p data-start=\"7045\" data-end=\"7067\"><strong data-start=\"7045\" data-end=\"7065\"><span dir=\"auto\" style=\"vertical-align: inherit;\"><span dir=\"auto\" style=\"vertical-align: inherit;\">Ajustar lentamente<\/span><\/span><\/strong><\/p>\n<ul data-start=\"7071\" data-end=\"7265\">\n<li data-start=\"7071\" data-end=\"7210\">\n<p data-start=\"7073\" data-end=\"7210\"><span dir=\"auto\" style=\"vertical-align: inherit;\"><span dir=\"auto\" style=\"vertical-align: inherit;\">Si los efectos son leves despu\u00e9s de una hora y media, puede tomar media gomita adicional (5 mg) o una gomita entera seg\u00fan su tolerancia.<\/span><\/span><\/p>\n<\/li>\n<li data-start=\"7214\" data-end=\"7265\">\n<p data-start=\"7216\" data-end=\"7265\"><span dir=\"auto\" style=\"vertical-align: inherit;\"><span dir=\"auto\" style=\"vertical-align: inherit;\">Elevar con precauci\u00f3n \u2014 proceder con cautela.<\/span><\/span><\/p>\n<\/li>\n<\/ul>\n<\/li>\n<li data-start=\"7267\" data-end=\"7479\">\n<p data-start=\"7270\" data-end=\"7291\"><strong data-start=\"7270\" data-end=\"7289\"><span dir=\"auto\" style=\"vertical-align: inherit;\"><span dir=\"auto\" style=\"vertical-align: inherit;\">Mejores condiciones<\/span><\/span><\/strong><\/p>\n<ul data-start=\"7295\" data-end=\"7479\">\n<li data-start=\"7295\" data-end=\"7410\">\n<p data-start=\"7297\" data-end=\"7410\"><span dir=\"auto\" style=\"vertical-align: inherit;\"><span dir=\"auto\" style=\"vertical-align: inherit;\">Consumir con el est\u00f3mago ligero pero no graso (por ejemplo, despu\u00e9s de un refrigerio ligero) para equilibrar la tasa de absorci\u00f3n.<\/span><\/span><\/p>\n<\/li>\n<li data-start=\"7414\" data-end=\"7479\">\n<p data-start=\"7416\" data-end=\"7479\"><span dir=\"auto\" style=\"vertical-align: inherit;\"><span dir=\"auto\" style=\"vertical-align: inherit;\">Evite la combinaci\u00f3n con alcohol u otras sustancias psicoactivas.<\/span><\/span><\/p>\n<\/li>\n<\/ul>\n<\/li>\n<li data-start=\"7481\" data-end=\"7643\">\n<p data-start=\"7484\" data-end=\"7510\"><strong data-start=\"7484\" data-end=\"7508\"><span dir=\"auto\" style=\"vertical-align: inherit;\"><span dir=\"auto\" style=\"vertical-align: inherit;\">Almacenamiento y manipulaci\u00f3n<\/span><\/span><\/strong><\/p>\n<ul data-start=\"7514\" data-end=\"7643\">\n<li data-start=\"7514\" data-end=\"7573\">\n<p data-start=\"7516\" data-end=\"7573\"><span dir=\"auto\" style=\"vertical-align: inherit;\"><span dir=\"auto\" style=\"vertical-align: inherit;\">Almacenar en un lugar fresco y seco, alejado de la luz solar directa.<\/span><\/span><\/p>\n<\/li>\n<li data-start=\"7577\" data-end=\"7643\">\n<p data-start=\"7579\" data-end=\"7643\"><span dir=\"auto\" style=\"vertical-align: inherit;\"><span dir=\"auto\" style=\"vertical-align: inherit;\">Cierre bien el envase para mantener la frescura y la potencia.<\/span><\/span><\/p>\n<\/li>\n<\/ul>\n<\/li>\n<li data-start=\"7645\" data-end=\"7797\">\n<p data-start=\"7648\" data-end=\"7674\"><strong data-start=\"7648\" data-end=\"7672\"><span dir=\"auto\" style=\"vertical-align: inherit;\"><span dir=\"auto\" style=\"vertical-align: inherit;\">Seguridad y uso<\/span><\/span><\/strong><\/p>\n<ul data-start=\"7678\" data-end=\"7797\">\n<li data-start=\"7678\" data-end=\"7738\">\n<p data-start=\"7680\" data-end=\"7738\"><span dir=\"auto\" style=\"vertical-align: inherit;\"><span dir=\"auto\" style=\"vertical-align: inherit;\">No conduzca ni opere maquinaria pesada mientras est\u00e9 en uso.<\/span><\/span><\/p>\n<\/li>\n<li data-start=\"7742\" data-end=\"7797\">\n<p data-start=\"7744\" data-end=\"7797\"><span dir=\"auto\" style=\"vertical-align: inherit;\"><span dir=\"auto\" style=\"vertical-align: inherit;\">Mantener fuera del alcance de los ni\u00f1os y las mascotas.<\/span><\/span><\/p>\n<\/li>\n<\/ul>\n<\/li>\n<\/ol>\n<hr data-start=\"7799\" data-end=\"7802\" \/>\n<h3 data-start=\"7804\" data-end=\"7835\"><span dir=\"auto\" style=\"vertical-align: inherit;\"><span dir=\"auto\" style=\"vertical-align: inherit;\">Preguntas frecuentes (FAQ)<\/span><\/span><\/h3>\n<p data-start=\"7837\" data-end=\"8236\"><strong data-start=\"7837\" data-end=\"7906\"><span dir=\"auto\" style=\"vertical-align: inherit;\"><span dir=\"auto\" style=\"vertical-align: inherit;\">1. \u00bfQu\u00e9 son los comestibles HHC y en qu\u00e9 se diferencian de otros comestibles?<\/span><\/span><\/strong><br data-start=\"7906\" data-end=\"7909\" \/><span dir=\"auto\" style=\"vertical-align: inherit;\"><span dir=\"auto\" style=\"vertical-align: inherit;\"> Los comestibles con HHC son productos alimenticios infusionados con hexahidrocannabinol (HHC), un cannabinoide hidrogenado. A diferencia de los comestibles tradicionales con THC, el HHC suele ofrecer un efecto psicoactivo m\u00e1s suave y relajante, aunque la experiencia var\u00eda de persona a persona.<\/span><\/span><\/p>\n<p data-start=\"8238\" data-end=\"8543\"><strong data-start=\"8238\" data-end=\"8317\"><span dir=\"auto\" style=\"vertical-align: inherit;\"><span dir=\"auto\" style=\"vertical-align: inherit;\">2. \u00bfCu\u00e1nto tiempo duran los efectos al tomar ositos de goma de 10 mg de HHC (verdes)?<\/span><\/span><\/strong><br data-start=\"8317\" data-end=\"8320\" \/><span dir=\"auto\" style=\"vertical-align: inherit;\"><span dir=\"auto\" style=\"vertical-align: inherit;\"> Los efectos suelen durar <\/span><\/span><strong data-start=\"8348\" data-end=\"8363\"><span dir=\"auto\" style=\"vertical-align: inherit;\"><span dir=\"auto\" style=\"vertical-align: inherit;\">De 2 a 5 horas<\/span><\/span><\/strong><span dir=\"auto\" style=\"vertical-align: inherit;\"><span dir=\"auto\" style=\"vertical-align: inherit;\"> Dependiendo de la dosis, el metabolismo y la sensibilidad individual. Algunos usuarios pueden experimentar un ligero efecto residual fuera de este intervalo de tiempo.<\/span><\/span><\/p>\n<p data-start=\"8545\" data-end=\"8979\"><strong data-start=\"8545\" data-end=\"8646\"><span dir=\"auto\" style=\"vertical-align: inherit;\"><span dir=\"auto\" style=\"vertical-align: inherit;\">3. \u00bfEs legal comprar ositos de goma de 10 mg de HHC (verdes) (\u201cComprar ositos de goma de 10 mg de HHC (verdes)\u201d)?<\/span><\/span><\/strong><br data-start=\"8646\" data-end=\"8649\" \/><span dir=\"auto\" style=\"vertical-align: inherit;\"><span dir=\"auto\" style=\"vertical-align: inherit;\"> La legalidad de la compra <\/span><\/span><strong data-start=\"8687\" data-end=\"8719\"><span dir=\"auto\" style=\"vertical-align: inherit;\"><span dir=\"auto\" style=\"vertical-align: inherit;\">Ositos de goma 10 mg HHC (Verdes)<\/span><\/span><\/strong><span dir=\"auto\" style=\"vertical-align: inherit;\"><span dir=\"auto\" style=\"vertical-align: inherit;\"> La disponibilidad de gomitas de 10 mg de HHC (verdes) depende totalmente de su pa\u00eds o regi\u00f3n. La normativa sobre el HHC var\u00eda considerablemente; antes de comprar, verifique si los comestibles con HHC est\u00e1n permitidos en su zona y si los vendedores cumplen con las regulaciones locales y las pruebas de laboratorio.<\/span><\/span><\/p>","protected":false},"excerpt":{"rendered":"<h2><span dir=\"auto\" style=\"vertical-align: inherit;\"><span dir=\"auto\" style=\"vertical-align: inherit;\"><span dir=\"auto\" style=\"vertical-align: inherit;\"><span dir=\"auto\" style=\"vertical-align: inherit;\">Ositos de goma 10 mg HHC<\/span><\/span><\/span><\/span><\/h2>\n<p><strong><span dir=\"auto\" style=\"vertical-align: inherit;\"><span dir=\"auto\" style=\"vertical-align: inherit;\"><span dir=\"auto\" style=\"vertical-align: inherit;\"><span dir=\"auto\" style=\"vertical-align: inherit;\">Fuego:<\/span><\/span><\/span><\/span><\/strong><span dir=\"auto\" style=\"vertical-align: inherit;\"><span dir=\"auto\" style=\"vertical-align: inherit;\"><span dir=\"auto\" style=\"vertical-align: inherit;\"><span dir=\"auto\" style=\"vertical-align: inherit;\"> La reina de las hojas <\/span><\/span><\/span><\/span><br \/>\n<strong><span dir=\"auto\" style=\"vertical-align: inherit;\"><span dir=\"auto\" style=\"vertical-align: inherit;\"><span dir=\"auto\" style=\"vertical-align: inherit;\"><span dir=\"auto\" style=\"vertical-align: inherit;\">N\u00famero de ositos de goma por bolsa:<\/span><\/span><\/span><\/span><\/strong><span dir=\"auto\" style=\"vertical-align: inherit;\"><span dir=\"auto\" style=\"vertical-align: inherit;\"><span dir=\"auto\" style=\"vertical-align: inherit;\"><span dir=\"auto\" style=\"vertical-align: inherit;\"> 10 <\/span><\/span><\/span><\/span><br \/>\n<strong><span dir=\"auto\" style=\"vertical-align: inherit;\"><span dir=\"auto\" style=\"vertical-align: inherit;\"><span dir=\"auto\" style=\"vertical-align: inherit;\"><span dir=\"auto\" style=\"vertical-align: inherit;\">Ingredientes:<\/span><\/span><\/span><\/span><\/strong><span dir=\"auto\" style=\"vertical-align: inherit;\"><span dir=\"auto\" style=\"vertical-align: inherit;\"><span dir=\"auto\" style=\"vertical-align: inherit;\"><span dir=\"auto\" style=\"vertical-align: inherit;\"> glucose, gelatin, vitamin C, potassium sorbate, corn oil flavouring, colorings (E102, E133, E124), active ingredient HHC <\/span><\/span><\/span><\/span><br \/>\n<strong><span dir=\"auto\" style=\"vertical-align: inherit;\"><span dir=\"auto\" style=\"vertical-align: inherit;\"><span dir=\"auto\" style=\"vertical-align: inherit;\"><span dir=\"auto\" style=\"vertical-align: inherit;\">Cantidad de HHC:<\/span><\/span><\/span><\/span><\/strong><span dir=\"auto\" style=\"vertical-align: inherit;\"><span dir=\"auto\" style=\"vertical-align: inherit;\"><span dir=\"auto\" style=\"vertical-align: inherit;\"><span dir=\"auto\" style=\"vertical-align: inherit;\"> 10 mg <\/span><\/span><\/span><\/span><br \/>\n<strong><span dir=\"auto\" style=\"vertical-align: inherit;\"><span dir=\"auto\" style=\"vertical-align: inherit;\"><span dir=\"auto\" style=\"vertical-align: inherit;\"><span dir=\"auto\" style=\"vertical-align: inherit;\">Color of gummy bears:<\/span><\/span><\/span><\/span><\/strong><span dir=\"auto\" style=\"vertical-align: inherit;\"><span dir=\"auto\" style=\"vertical-align: inherit;\"><span dir=\"auto\" style=\"vertical-align: inherit;\"><span dir=\"auto\" style=\"vertical-align: inherit;\"> verde<\/span><\/span><\/span><\/span><\/p>","protected":false},"featured_media":28539,"comment_status":"closed","ping_status":"closed","template":"","meta":[],"product_brand":[82],"product_cat":[328,327],"product_tag":[715,714,716,717,707,708],"class_list":{"0":"post-24664","1":"product","2":"type-product","3":"status-publish","4":"has-post-thumbnail","6":"product_brand-research-chemical","7":"product_cat-edibles","8":"product_cat-hhc","9":"product_tag-hhc-edible-dosage","10":"product_tag-hhc-edibles","11":"product_tag-hhc-edibles-effects","12":"product_tag-hhc-gummies","13":"product_tag-hhc-gummy-bear","14":"product_tag-hhc-gummy-bears","16":"first","17":"instock","18":"taxable","19":"shipping-taxable","20":"purchasable","21":"product-type-variable"},"_links":{"self":[{"href":"https:\/\/researchchemicalhub.com\/es\/wp-json\/wp\/v2\/product\/24664","targetHints":{"allow":["GET"]}}],"collection":[{"href":"https:\/\/researchchemicalhub.com\/es\/wp-json\/wp\/v2\/product"}],"about":[{"href":"https:\/\/researchchemicalhub.com\/es\/wp-json\/wp\/v2\/types\/product"}],"replies":[{"embeddable":true,"href":"https:\/\/researchchemicalhub.com\/es\/wp-json\/wp\/v2\/comments?post=24664"}],"version-history":[{"count":8,"href":"https:\/\/researchchemicalhub.com\/es\/wp-json\/wp\/v2\/product\/24664\/revisions"}],"predecessor-version":[{"id":28657,"href":"https:\/\/researchchemicalhub.com\/es\/wp-json\/wp\/v2\/product\/24664\/revisions\/28657"}],"wp:featuredmedia":[{"embeddable":true,"href":"https:\/\/researchchemicalhub.com\/es\/wp-json\/wp\/v2\/media\/28539"}],"wp:attachment":[{"href":"https:\/\/researchchemicalhub.com\/es\/wp-json\/wp\/v2\/media?parent=24664"}],"wp:term":[{"taxonomy":"product_brand","embeddable":true,"href":"https:\/\/researchchemicalhub.com\/es\/wp-json\/wp\/v2\/product_brand?post=24664"},{"taxonomy":"product_cat","embeddable":true,"href":"https:\/\/researchchemicalhub.com\/es\/wp-json\/wp\/v2\/product_cat?post=24664"},{"taxonomy":"product_tag","embeddable":true,"href":"https:\/\/researchchemicalhub.com\/es\/wp-json\/wp\/v2\/product_tag?post=24664"}],"curies":[{"name":"gracias","href":"https:\/\/api.w.org\/{rel}","templated":true}]}}