{"id":24648,"date":"2025-10-20T17:42:27","date_gmt":"2025-10-20T17:42:27","guid":{"rendered":"https:\/\/researchchemicalhub.com\/?post_type=product&#038;p=24648"},"modified":"2025-10-29T07:56:08","modified_gmt":"2025-10-29T07:56:08","slug":"1p-lsd-kopen","status":"publish","type":"product","link":"https:\/\/researchchemicalhub.com\/es\/shop\/lysergamides\/1p-lsd-kopen\/","title":{"rendered":"Papel secante 1P-LSD 20 MCG"},"content":{"rendered":"<h3 data-start=\"4025\" data-end=\"4046\"><strong data-start=\"4029\" data-end=\"4044\"><span dir=\"auto\" style=\"vertical-align: inherit;\"><span dir=\"auto\" style=\"vertical-align: inherit;\">Introducci\u00f3n<\/span><\/span><\/strong><\/h3>\n<p data-start=\"4047\" data-end=\"4520\"><strong data-start=\"4047\" data-end=\"4073\"><span dir=\"auto\" style=\"vertical-align: inherit;\"><span dir=\"auto\" style=\"vertical-align: inherit;\">Papel secante de 1P-LSD 20 mcg<\/span><\/span><\/strong><span dir=\"auto\" style=\"vertical-align: inherit;\"><span dir=\"auto\" style=\"vertical-align: inherit;\"> are precisely dosed research materials containing 1-propionyl-lysergic acid diethylamide\u2014a lysergamide compound structurally related to LSD. These blotters are intended for <\/span><\/span><strong data-start=\"4285\" data-end=\"4329\"><span dir=\"auto\" style=\"vertical-align: inherit;\"><span dir=\"auto\" style=\"vertical-align: inherit;\">investigaci\u00f3n anal\u00edtica y cient\u00edfica<\/span><\/span><\/strong><span dir=\"auto\" style=\"vertical-align: inherit;\"><span dir=\"auto\" style=\"vertical-align: inherit;\"> only ; they are not for human consumption. Buy 1p lsd. <\/span><\/span><br data-start=\"4363\" data-end=\"4366\" \/><span dir=\"auto\" style=\"vertical-align: inherit;\"><span dir=\"auto\" style=\"vertical-align: inherit;\">Each blotter contains a uniform dose of 20 micrograms, ensuring reliable, reproducible results in controlled laboratory settings.<\/span><\/span><\/p>\n<p data-start=\"4522\" data-end=\"4682\"><span dir=\"auto\" style=\"vertical-align: inherit;\"><span dir=\"auto\" style=\"vertical-align: inherit;\">For researchers <\/span><\/span><strong data-start=\"4544\" data-end=\"4560\"><span dir=\"auto\" style=\"vertical-align: inherit;\"><span dir=\"auto\" style=\"vertical-align: inherit;\">purchasing 1P-LSD<\/span><\/span><\/strong><span dir=\"auto\" style=\"vertical-align: inherit;\"><span dir=\"auto\" style=\"vertical-align: inherit;\"> for legitimate research purposes, these blotters offer guaranteed purity, stability, and consistent quality.<\/span><\/span><\/p>\n<hr data-start=\"4684\" data-end=\"4687\" \/>\n<h3 data-start=\"4689\" data-end=\"4720\"><strong data-start=\"4693\" data-end=\"4720\"><span dir=\"auto\" style=\"vertical-align: inherit;\"><span dir=\"auto\" style=\"vertical-align: inherit;\">Caracter\u00edsticas principales<\/span><\/span><\/strong><\/h3>\n<ul data-start=\"4722\" data-end=\"5284\">\n<li data-start=\"4722\" data-end=\"4833\">\n<p data-start=\"4724\" data-end=\"4833\"><strong data-start=\"4724\" data-end=\"4751\"><span dir=\"auto\" style=\"vertical-align: inherit;\"><span dir=\"auto\" style=\"vertical-align: inherit;\">Precise 20 \u00b5g Dosage<\/span><\/span><\/strong><span dir=\"auto\" style=\"vertical-align: inherit;\"><span dir=\"auto\" style=\"vertical-align: inherit;\"> \u2013 Each blotter contains exactly 20 micrograms of 1P-LSD for micro-analytical examination.<\/span><\/span><\/p>\n<\/li>\n<li data-start=\"4834\" data-end=\"4956\">\n<p data-start=\"4836\" data-end=\"4956\"><strong data-start=\"4836\" data-end=\"4870\"><span dir=\"auto\" style=\"vertical-align: inherit;\"><span dir=\"auto\" style=\"vertical-align: inherit;\">High Purity &amp; Uniformity<\/span><\/span><\/strong><span dir=\"auto\" style=\"vertical-align: inherit;\"><span dir=\"auto\" style=\"vertical-align: inherit;\"> \u2013 Manufactured to research standards, with Certificates of Analysis (COA) available.<\/span><\/span><\/p>\n<\/li>\n<li data-start=\"4957\" data-end=\"5080\">\n<p data-start=\"4959\" data-end=\"5080\"><strong data-start=\"4959\" data-end=\"4978\"><span dir=\"auto\" style=\"vertical-align: inherit;\"><span dir=\"auto\" style=\"vertical-align: inherit;\">Stable Format<\/span><\/span><\/strong><span dir=\"auto\" style=\"vertical-align: inherit;\"><span dir=\"auto\" style=\"vertical-align: inherit;\"> \u2013 The paper media ensures longer shelf life and even distribution of the compound.<\/span><\/span><\/p>\n<\/li>\n<li data-start=\"5081\" data-end=\"5195\">\n<p data-start=\"5083\" data-end=\"5195\"><strong data-start=\"5083\" data-end=\"5117\"><span dir=\"auto\" style=\"vertical-align: inherit;\"><span dir=\"auto\" style=\"vertical-align: inherit;\">For Analytical Use Only<\/span><\/span><\/strong><span dir=\"auto\" style=\"vertical-align: inherit;\"><span dir=\"auto\" style=\"vertical-align: inherit;\"> \u2013 Suitable for chromatography, spectroscopy, and receptor binding studies.<\/span><\/span><\/p>\n<\/li>\n<li data-start=\"5196\" data-end=\"5284\">\n<p data-start=\"5198\" data-end=\"5284\"><strong data-start=\"5198\" data-end=\"5220\"><span dir=\"auto\" style=\"vertical-align: inherit;\"><span dir=\"auto\" style=\"vertical-align: inherit;\">Embalaje seguro<\/span><\/span><\/strong><span dir=\"auto\" style=\"vertical-align: inherit;\"><span dir=\"auto\" style=\"vertical-align: inherit;\"> \u2013 Light and moisture resistant packaging for maximum stability.<\/span><\/span><\/p>\n<\/li>\n<\/ul>\n<hr data-start=\"5286\" data-end=\"5289\" \/>\n<h3 data-start=\"5291\" data-end=\"5308\"><strong data-start=\"5295\" data-end=\"5308\"><span dir=\"auto\" style=\"vertical-align: inherit;\"><span dir=\"auto\" style=\"vertical-align: inherit;\">Ventajas<\/span><\/span><\/strong><\/h3>\n<ul data-start=\"5310\" data-end=\"5797\">\n<li data-start=\"5310\" data-end=\"5413\">\n<p data-start=\"5312\" data-end=\"5413\"><strong data-start=\"5312\" data-end=\"5348\"><span dir=\"auto\" style=\"vertical-align: inherit;\"><span dir=\"auto\" style=\"vertical-align: inherit;\">Resultados de investigaci\u00f3n confiables<\/span><\/span><\/strong><span dir=\"auto\" style=\"vertical-align: inherit;\"><span dir=\"auto\" style=\"vertical-align: inherit;\"> \u2013 Standardized dosing ensures repeatable measurements.<\/span><\/span><\/p>\n<\/li>\n<li data-start=\"5414\" data-end=\"5542\">\n<p data-start=\"5416\" data-end=\"5542\"><strong data-start=\"5416\" data-end=\"5442\"><span dir=\"auto\" style=\"vertical-align: inherit;\"><span dir=\"auto\" style=\"vertical-align: inherit;\">Comparative Research<\/span><\/span><\/strong><span dir=\"auto\" style=\"vertical-align: inherit;\"><span dir=\"auto\" style=\"vertical-align: inherit;\"> \u2013 Suitable for studying structural and pharmacological properties of lysergamides.<\/span><\/span><\/p>\n<\/li>\n<li data-start=\"5543\" data-end=\"5666\">\n<p data-start=\"5545\" data-end=\"5666\"><strong data-start=\"5545\" data-end=\"5579\"><span dir=\"auto\" style=\"vertical-align: inherit;\"><span dir=\"auto\" style=\"vertical-align: inherit;\">Educational &amp; Laboratory Value<\/span><\/span><\/strong><span dir=\"auto\" style=\"vertical-align: inherit;\"><span dir=\"auto\" style=\"vertical-align: inherit;\"> \u2013 Supports pharmacological and neurochemical research within accredited institutions.<\/span><\/span><\/p>\n<\/li>\n<li data-start=\"5667\" data-end=\"5797\">\n<p data-start=\"5669\" data-end=\"5797\"><strong data-start=\"5669\" data-end=\"5697\"><span dir=\"auto\" style=\"vertical-align: inherit;\"><span dir=\"auto\" style=\"vertical-align: inherit;\">Precision at the Micro Level<\/span><\/span><\/strong><span dir=\"auto\" style=\"vertical-align: inherit;\"><span dir=\"auto\" style=\"vertical-align: inherit;\"> \u2013 The 20 mcg strength is ideal for fine analytical testing and calibration of research equipment.<\/span><\/span><\/p>\n<\/li>\n<\/ul>\n<hr data-start=\"5799\" data-end=\"5802\" \/>\n<h3 data-start=\"5804\" data-end=\"5845\"><strong data-start=\"5808\" data-end=\"5843\"><span dir=\"auto\" style=\"vertical-align: inherit;\"><span dir=\"auto\" style=\"vertical-align: inherit;\">Uso (solo para investigaci\u00f3n)<\/span><\/span><\/strong><\/h3>\n<blockquote data-start=\"5847\" data-end=\"6001\">\n<p data-start=\"5849\" data-end=\"6001\">\u26a0\ufe0f <strong data-start=\"5852\" data-end=\"5863\"><span dir=\"auto\" style=\"vertical-align: inherit;\"><span dir=\"auto\" style=\"vertical-align: inherit;\">Precauci\u00f3n:<\/span><\/span><\/strong><span dir=\"auto\" style=\"vertical-align: inherit;\"><span dir=\"auto\" style=\"vertical-align: inherit;\"> 1P-LSD 20 mcg blotters are <\/span><\/span><strong data-start=\"5892\" data-end=\"5924\"><span dir=\"auto\" style=\"vertical-align: inherit;\"><span dir=\"auto\" style=\"vertical-align: inherit;\">not intended for human consumption<\/span><\/span><\/strong><span dir=\"auto\" style=\"vertical-align: inherit;\"><span dir=\"auto\" style=\"vertical-align: inherit;\"> . Use only in a laboratory setting by qualified personnel.<\/span><\/span><\/p>\n<\/blockquote>\n<ol data-start=\"6003\" data-end=\"6485\">\n<li data-start=\"6003\" data-end=\"6102\">\n<p data-start=\"6006\" data-end=\"6102\"><strong data-start=\"6006\" data-end=\"6020\"><span dir=\"auto\" style=\"vertical-align: inherit;\"><span dir=\"auto\" style=\"vertical-align: inherit;\">Manipulaci\u00f3n \u2013<\/span><\/span><\/strong><span dir=\"auto\" style=\"vertical-align: inherit;\"><span dir=\"auto\" style=\"vertical-align: inherit;\"> Wear gloves and use clean instruments to prevent contamination.<\/span><\/span><\/p>\n<\/li>\n<li data-start=\"6103\" data-end=\"6185\">\n<p data-start=\"6106\" data-end=\"6185\"><strong data-start=\"6106\" data-end=\"6118\"><span dir=\"auto\" style=\"vertical-align: inherit;\"><span dir=\"auto\" style=\"vertical-align: inherit;\">Medidas<\/span><\/span><\/strong><span dir=\"auto\" style=\"vertical-align: inherit;\"><span dir=\"auto\" style=\"vertical-align: inherit;\"> \u2013 Record batch number, purity, and test results before analysis.<\/span><\/span><\/p>\n<\/li>\n<li data-start=\"6186\" data-end=\"6295\">\n<p data-start=\"6189\" data-end=\"6295\"><strong data-start=\"6189\" data-end=\"6199\"><span dir=\"auto\" style=\"vertical-align: inherit;\"><span dir=\"auto\" style=\"vertical-align: inherit;\">Almacenamiento<\/span><\/span><\/strong><span dir=\"auto\" style=\"vertical-align: inherit;\"><span dir=\"auto\" style=\"vertical-align: inherit;\"> \u2013 Store dry, closed and away from light; keep cool (2\u20138 \u00b0C) for maximum stability.<\/span><\/span><\/p>\n<\/li>\n<li data-start=\"6296\" data-end=\"6402\">\n<p data-start=\"6299\" data-end=\"6402\"><strong data-start=\"6299\" data-end=\"6310\"><span dir=\"auto\" style=\"vertical-align: inherit;\"><span dir=\"auto\" style=\"vertical-align: inherit;\">An\u00e1lisis<\/span><\/span><\/strong><span dir=\"auto\" style=\"vertical-align: inherit;\"><span dir=\"auto\" style=\"vertical-align: inherit;\"> \u2013 Suitable for mass spectrometry, HPLC, UV-Vis spectroscopy or receptor binding assays.<\/span><\/span><\/p>\n<\/li>\n<li data-start=\"6403\" data-end=\"6485\">\n<p data-start=\"6406\" data-end=\"6485\"><strong data-start=\"6406\" data-end=\"6422\"><span dir=\"auto\" style=\"vertical-align: inherit;\"><span dir=\"auto\" style=\"vertical-align: inherit;\">Documentaci\u00f3n<\/span><\/span><\/strong><span dir=\"auto\" style=\"vertical-align: inherit;\"><span dir=\"auto\" style=\"vertical-align: inherit;\"> \u2013 Keep all test data for compliance and traceability.<\/span><\/span><\/p>\n<\/li>\n<\/ol>\n<hr data-start=\"6487\" data-end=\"6490\" \/>\n<h3 data-start=\"6492\" data-end=\"6527\"><strong data-start=\"6496\" data-end=\"6525\"><span dir=\"auto\" style=\"vertical-align: inherit;\"><span dir=\"auto\" style=\"vertical-align: inherit;\">Preguntas frecuentes (FAQ)<\/span><\/span><\/strong><\/h3>\n<p data-start=\"6529\" data-end=\"6733\"><strong data-start=\"6529\" data-end=\"6550\"><span dir=\"auto\" style=\"vertical-align: inherit;\"><span dir=\"auto\" style=\"vertical-align: inherit;\">1. What is 1P-LSD?<\/span><\/span><\/strong><br data-start=\"6550\" data-end=\"6553\" \/><span dir=\"auto\" style=\"vertical-align: inherit;\"><span dir=\"auto\" style=\"vertical-align: inherit;\"> 1P-LSD (1-propionyl-lysergic acid diethylamide) is a lysergamide structurally related to LSD and is used in scientific research on serotonin receptors.<\/span><\/span><\/p>\n<p data-start=\"6735\" data-end=\"6954\"><strong data-start=\"6735\" data-end=\"6783\"><span dir=\"auto\" style=\"vertical-align: inherit;\"><span dir=\"auto\" style=\"vertical-align: inherit;\">2. What are 1P-LSD blotters used for?<\/span><\/span><\/strong><br data-start=\"6783\" data-end=\"6786\" \/><span dir=\"auto\" style=\"vertical-align: inherit;\"><span dir=\"auto\" style=\"vertical-align: inherit;\"> These blotters are intended exclusively for <\/span><\/span><strong data-start=\"6830\" data-end=\"6882\"><span dir=\"auto\" style=\"vertical-align: inherit;\"><span dir=\"auto\" style=\"vertical-align: inherit;\">chemical, analytical, and pharmacological studies<\/span><\/span><\/strong><span dir=\"auto\" style=\"vertical-align: inherit;\"><span dir=\"auto\" style=\"vertical-align: inherit;\"> of binding affinity, stability, or structure-activity relationships.<\/span><\/span><\/p>\n<p data-start=\"6956\" data-end=\"7222\"><strong data-start=\"6956\" data-end=\"7013\"><span dir=\"auto\" style=\"vertical-align: inherit;\"><span dir=\"auto\" style=\"vertical-align: inherit;\">3. Is it legal to buy 1P-LSD (&#8220;buy 1P-LSD&#8221;)?<\/span><\/span><\/strong><br data-start=\"7013\" data-end=\"7016\" \/><span dir=\"auto\" style=\"vertical-align: inherit;\"><span dir=\"auto\" style=\"vertical-align: inherit;\"> Legality varies by country. In some countries, 1P-LSD is classified as a research chemical, while elsewhere it may fall under the Opium Act. Always check local laws before purchasing or importing. <\/span><\/span><a href=\"https:\/\/researchchemicalhub.com\/es\/shop\/okategoriserad\/4mmc-kopen\/\"><span dir=\"auto\" style=\"vertical-align: inherit;\"><span dir=\"auto\" style=\"vertical-align: inherit;\">Compra 4mmc, compra <\/span><\/span><\/a><a href=\"https:\/\/researchchemicalhub.com\/es\/shop\/okategoriserad\/benzocaine-powder\/\"><span dir=\"auto\" style=\"vertical-align: inherit;\"><span dir=\"auto\" style=\"vertical-align: inherit;\">polvo de benzoca\u00edna, <\/span><\/span><\/a><a href=\"https:\/\/researchchemicalhub.com\/es\/shop\/okategoriserad\/fentanyl-kopen\/\"><span dir=\"auto\" style=\"vertical-align: inherit;\"><span dir=\"auto\" style=\"vertical-align: inherit;\">comprar fentanilo<\/span><\/span><\/a><\/p>","protected":false},"excerpt":{"rendered":"<h2><span dir=\"auto\" style=\"vertical-align: inherit;\"><span dir=\"auto\" style=\"vertical-align: inherit;\">1P-LSD blotter properties<\/span><\/span><\/h2>\n<p><strong><span dir=\"auto\" style=\"vertical-align: inherit;\"><span dir=\"auto\" style=\"vertical-align: inherit;\">Synonyms<\/span><\/span><\/strong><span dir=\"auto\" style=\"vertical-align: inherit;\"><span dir=\"auto\" style=\"vertical-align: inherit;\"> : N,N-diethyl-7-methyl-4-propanoyl-6,6a,8,9-tetrahydroindolo[4,3-fg]quinoline-9-carboxamide <\/span><\/span><br \/>\n<strong><span dir=\"auto\" style=\"vertical-align: inherit;\"><span dir=\"auto\" style=\"vertical-align: inherit;\">CAS Number<\/span><\/span><\/strong><span dir=\"auto\" style=\"vertical-align: inherit;\"><span dir=\"auto\" style=\"vertical-align: inherit;\"> : 2349358-81-0 <\/span><\/span><br \/>\n<strong><span dir=\"auto\" style=\"vertical-align: inherit;\"><span dir=\"auto\" style=\"vertical-align: inherit;\">Formula<\/span><\/span><\/strong><span dir=\"auto\" style=\"vertical-align: inherit;\"><span dir=\"auto\" style=\"vertical-align: inherit;\"> : C23H29N3O2 <\/span><\/span><br \/>\n<strong><span dir=\"auto\" style=\"vertical-align: inherit;\"><span dir=\"auto\" style=\"vertical-align: inherit;\">Molar mass<\/span><\/span><\/strong><span dir=\"auto\" style=\"vertical-align: inherit;\"><span dir=\"auto\" style=\"vertical-align: inherit;\"> : 379.5 g\/mol <\/span><\/span><br \/>\n<strong><span dir=\"auto\" style=\"vertical-align: inherit;\"><span dir=\"auto\" style=\"vertical-align: inherit;\">Purity<\/span><\/span><\/strong><span dir=\"auto\" style=\"vertical-align: inherit;\"><span dir=\"auto\" style=\"vertical-align: inherit;\"> : \u226599.3%<\/span><\/span><\/p>\n","protected":false},"featured_media":28354,"comment_status":"closed","ping_status":"closed","template":"","meta":[],"product_brand":[82],"product_cat":[358],"product_tag":[926,690,633,634,632,590,326],"class_list":{"0":"post-24648","1":"product","2":"type-product","3":"status-publish","4":"has-post-thumbnail","6":"product_brand-research-chemical","7":"product_cat-lysergamides","8":"product_tag-1p-lsd-kopen","9":"product_tag-blotter","10":"product_tag-blotters","11":"product_tag-lsd","12":"product_tag-lsd-blotter","13":"product_tag-microdose-1p-lsd","14":"product_tag-nl","16":"first","17":"instock","18":"taxable","19":"shipping-taxable","20":"purchasable","21":"product-type-variable"},"_links":{"self":[{"href":"https:\/\/researchchemicalhub.com\/es\/wp-json\/wp\/v2\/product\/24648","targetHints":{"allow":["GET"]}}],"collection":[{"href":"https:\/\/researchchemicalhub.com\/es\/wp-json\/wp\/v2\/product"}],"about":[{"href":"https:\/\/researchchemicalhub.com\/es\/wp-json\/wp\/v2\/types\/product"}],"replies":[{"embeddable":true,"href":"https:\/\/researchchemicalhub.com\/es\/wp-json\/wp\/v2\/comments?post=24648"}],"version-history":[{"count":6,"href":"https:\/\/researchchemicalhub.com\/es\/wp-json\/wp\/v2\/product\/24648\/revisions"}],"predecessor-version":[{"id":28658,"href":"https:\/\/researchchemicalhub.com\/es\/wp-json\/wp\/v2\/product\/24648\/revisions\/28658"}],"wp:featuredmedia":[{"embeddable":true,"href":"https:\/\/researchchemicalhub.com\/es\/wp-json\/wp\/v2\/media\/28354"}],"wp:attachment":[{"href":"https:\/\/researchchemicalhub.com\/es\/wp-json\/wp\/v2\/media?parent=24648"}],"wp:term":[{"taxonomy":"product_brand","embeddable":true,"href":"https:\/\/researchchemicalhub.com\/es\/wp-json\/wp\/v2\/product_brand?post=24648"},{"taxonomy":"product_cat","embeddable":true,"href":"https:\/\/researchchemicalhub.com\/es\/wp-json\/wp\/v2\/product_cat?post=24648"},{"taxonomy":"product_tag","embeddable":true,"href":"https:\/\/researchchemicalhub.com\/es\/wp-json\/wp\/v2\/product_tag?post=24648"}],"curies":[{"name":"gracias","href":"https:\/\/api.w.org\/{rel}","templated":true}]}}