{"id":24616,"date":"2025-10-20T17:42:16","date_gmt":"2025-10-20T17:42:16","guid":{"rendered":"https:\/\/researchchemicalhub.com\/?post_type=product&#038;p=24616"},"modified":"2025-10-29T08:00:17","modified_gmt":"2025-10-29T08:00:17","slug":"2c-d-10-mg-pellets","status":"publish","type":"product","link":"https:\/\/researchchemicalhub.com\/es\/comercio\/2c-d\/2c-d-10-mg-pellets\/","title":{"rendered":"Perdigones 2C-D de 10 mg"},"content":{"rendered":"<h3 data-start=\"3944\" data-end=\"3965\"><strong data-start=\"3948\" data-end=\"3963\"><span dir=\"auto\" style=\"vertical-align: inherit;\"><span dir=\"auto\" style=\"vertical-align: inherit;\">Introducci\u00f3n<\/span><\/span><\/strong><\/h3>\n<p data-start=\"3966\" data-end=\"4388\"><strong data-start=\"3966\" data-end=\"3987\"><span dir=\"auto\" style=\"vertical-align: inherit;\"><span dir=\"auto\" style=\"vertical-align: inherit;\">Pastillas de 2C-D de 10 mg<\/span><\/span><\/strong><span dir=\"auto\" style=\"vertical-align: inherit;\"><span dir=\"auto\" style=\"vertical-align: inherit;\"> contain a precise dose of <\/span><\/span><strong data-start=\"4023\" data-end=\"4069\"><span dir=\"auto\" style=\"vertical-align: inherit;\"><span dir=\"auto\" style=\"vertical-align: inherit;\">2C-D (2,5-dimethoxy-4-methylphenethylamine)<\/span><\/span><\/strong><span dir=\"auto\" style=\"vertical-align: inherit;\"><span dir=\"auto\" style=\"vertical-align: inherit;\"> \u2014a member of the <\/span><\/span><strong data-start=\"4094\" data-end=\"4108\"><span dir=\"auto\" style=\"vertical-align: inherit;\"><span dir=\"auto\" style=\"vertical-align: inherit;\">2C family<\/span><\/span><\/strong><span dir=\"auto\" style=\"vertical-align: inherit;\"><span dir=\"auto\" style=\"vertical-align: inherit;\"> of substituted phenethylamines, originally synthesized by Dr. Alexander Shulgin. In research and analytical settings, 2C-D is used as a <\/span><\/span><strong data-start=\"4268\" data-end=\"4286\"><span dir=\"auto\" style=\"vertical-align: inherit;\"><span dir=\"auto\" style=\"vertical-align: inherit;\">reference substance<\/span><\/span><\/strong><span dir=\"auto\" style=\"vertical-align: inherit;\"><span dir=\"auto\" style=\"vertical-align: inherit;\"> for structural and pharmacological studies (SAR), receptor binding, and analytical detection methods. 2c d<\/span><\/span><\/p>\n<p data-start=\"4390\" data-end=\"4624\"><span dir=\"auto\" style=\"vertical-align: inherit;\"><span dir=\"auto\" style=\"vertical-align: inherit;\">These pellets are manufactured to <\/span><\/span><strong data-start=\"4430\" data-end=\"4455\"><span dir=\"auto\" style=\"vertical-align: inherit;\"><span dir=\"auto\" style=\"vertical-align: inherit;\">laboratory quality<\/span><\/span><\/strong><span dir=\"auto\" style=\"vertical-align: inherit;\"><span dir=\"auto\" style=\"vertical-align: inherit;\"> , with <\/span><\/span><strong data-start=\"4461\" data-end=\"4506\"><span dir=\"auto\" style=\"vertical-align: inherit;\"><span dir=\"auto\" style=\"vertical-align: inherit;\">consistent dosages of 10 mg per pellet<\/span><\/span><\/strong><span dir=\"auto\" style=\"vertical-align: inherit;\"><span dir=\"auto\" style=\"vertical-align: inherit;\"> . They are intended solely for <\/span><\/span><strong data-start=\"4541\" data-end=\"4575\"><span dir=\"auto\" style=\"vertical-align: inherit;\"><span dir=\"auto\" style=\"vertical-align: inherit;\">research and chemical analysis<\/span><\/span><\/strong><span dir=\"auto\" style=\"vertical-align: inherit;\"><span dir=\"auto\" style=\"vertical-align: inherit;\"> , not for human or animal consumption.<\/span><\/span><\/p>\n<hr data-start=\"4626\" data-end=\"4629\" \/>\n<h3 data-start=\"4631\" data-end=\"4662\"><strong data-start=\"4635\" data-end=\"4662\"><span dir=\"auto\" style=\"vertical-align: inherit;\"><span dir=\"auto\" style=\"vertical-align: inherit;\">Caracter\u00edsticas principales<\/span><\/span><\/strong><\/h3>\n<ul data-start=\"4664\" data-end=\"5057\">\n<li data-start=\"4664\" data-end=\"4723\">\n<p data-start=\"4666\" data-end=\"4723\"><strong data-start=\"4666\" data-end=\"4685\"><span dir=\"auto\" style=\"vertical-align: inherit;\"><span dir=\"auto\" style=\"vertical-align: inherit;\">Nombre qu\u00edmico:<\/span><\/span><\/strong><span dir=\"auto\" style=\"vertical-align: inherit;\"><span dir=\"auto\" style=\"vertical-align: inherit;\"> 2,5-Dimethoxy-4-methylphenethylamine<\/span><\/span><\/p>\n<\/li>\n<li data-start=\"4724\" data-end=\"4756\">\n<p data-start=\"4726\" data-end=\"4756\"><strong data-start=\"4726\" data-end=\"4749\"><span dir=\"auto\" style=\"vertical-align: inherit;\"><span dir=\"auto\" style=\"vertical-align: inherit;\">Common Name:<\/span><\/span><\/strong><span dir=\"auto\" style=\"vertical-align: inherit;\"><span dir=\"auto\" style=\"vertical-align: inherit;\"> 2C-D<\/span><\/span><\/p>\n<\/li>\n<li data-start=\"4757\" data-end=\"4791\">\n<p data-start=\"4759\" data-end=\"4791\"><strong data-start=\"4759\" data-end=\"4779\"><span dir=\"auto\" style=\"vertical-align: inherit;\"><span dir=\"auto\" style=\"vertical-align: inherit;\">F\u00f3rmula molecular:<\/span><\/span><\/strong><span dir=\"auto\" style=\"vertical-align: inherit;\"><span dir=\"auto\" style=\"vertical-align: inherit;\"> C\u2081\u2081H\u2081\u2087NO\u2082<\/span><\/span><\/p>\n<\/li>\n<li data-start=\"4792\" data-end=\"4829\">\n<p data-start=\"4794\" data-end=\"4829\"><strong data-start=\"4794\" data-end=\"4814\"><span dir=\"auto\" style=\"vertical-align: inherit;\"><span dir=\"auto\" style=\"vertical-align: inherit;\">Peso molecular:<\/span><\/span><\/strong><span dir=\"auto\" style=\"vertical-align: inherit;\"><span dir=\"auto\" style=\"vertical-align: inherit;\"> 195.26 g\/mol<\/span><\/span><\/p>\n<\/li>\n<li data-start=\"4830\" data-end=\"4864\">\n<p data-start=\"4832\" data-end=\"4864\"><strong data-start=\"4832\" data-end=\"4845\"><span dir=\"auto\" style=\"vertical-align: inherit;\"><span dir=\"auto\" style=\"vertical-align: inherit;\">Dosificaci\u00f3n:<\/span><\/span><\/strong><span dir=\"auto\" style=\"vertical-align: inherit;\"><span dir=\"auto\" style=\"vertical-align: inherit;\"> 10 mg por pellet<\/span><\/span><\/p>\n<\/li>\n<li data-start=\"4865\" data-end=\"4918\">\n<p data-start=\"4867\" data-end=\"4918\"><strong data-start=\"4867\" data-end=\"4882\"><span dir=\"auto\" style=\"vertical-align: inherit;\"><span dir=\"auto\" style=\"vertical-align: inherit;\">Pureza:<\/span><\/span><\/strong><span dir=\"auto\" style=\"vertical-align: inherit;\"><span dir=\"auto\" style=\"vertical-align: inherit;\"> \u2265 98% (confirmado por HPLC y RMN)<\/span><\/span><\/p>\n<\/li>\n<li data-start=\"4919\" data-end=\"4992\">\n<p data-start=\"4921\" data-end=\"4992\"><strong data-start=\"4921\" data-end=\"4933\"><span dir=\"auto\" style=\"vertical-align: inherit;\"><span dir=\"auto\" style=\"vertical-align: inherit;\">Usar:<\/span><\/span><\/strong><span dir=\"auto\" style=\"vertical-align: inherit;\"><span dir=\"auto\" style=\"vertical-align: inherit;\"> Solo para an\u00e1lisis, ex\u00e1menes forenses y qu\u00edmicos.<\/span><\/span><\/p>\n<\/li>\n<li data-start=\"4993\" data-end=\"5057\">\n<p data-start=\"4995\" data-end=\"5057\"><strong data-start=\"4995\" data-end=\"5006\"><span dir=\"auto\" style=\"vertical-align: inherit;\"><span dir=\"auto\" style=\"vertical-align: inherit;\">Almacenamiento:<\/span><\/span><\/strong><span dir=\"auto\" style=\"vertical-align: inherit;\"><span dir=\"auto\" style=\"vertical-align: inherit;\"> Keep closed, dry and cool; between 2\u20138 \u00b0C<\/span><\/span><\/p>\n<\/li>\n<\/ul>\n<hr data-start=\"5059\" data-end=\"5062\" \/>\n<h3 data-start=\"5064\" data-end=\"5081\"><strong data-start=\"5068\" data-end=\"5081\"><span dir=\"auto\" style=\"vertical-align: inherit;\"><span dir=\"auto\" style=\"vertical-align: inherit;\">Ventajas<\/span><\/span><\/strong><\/h3>\n<ul data-start=\"5083\" data-end=\"5589\">\n<li data-start=\"5083\" data-end=\"5188\">\n<p data-start=\"5085\" data-end=\"5188\"><strong data-start=\"5085\" data-end=\"5109\"><span dir=\"auto\" style=\"vertical-align: inherit;\"><span dir=\"auto\" style=\"vertical-align: inherit;\">Precisely Dosed<\/span><\/span><\/strong><span dir=\"auto\" style=\"vertical-align: inherit;\"><span dir=\"auto\" style=\"vertical-align: inherit;\"> \u2013 10 mg per pellet for accurate measurements and reliable research results. 2c d<\/span><\/span><\/p>\n<\/li>\n<li data-start=\"5189\" data-end=\"5286\">\n<p data-start=\"5191\" data-end=\"5286\"><strong data-start=\"5191\" data-end=\"5214\"><span dir=\"auto\" style=\"vertical-align: inherit;\"><span dir=\"auto\" style=\"vertical-align: inherit;\">Research standard<\/span><\/span><\/strong><span dir=\"auto\" style=\"vertical-align: inherit;\"><span dir=\"auto\" style=\"vertical-align: inherit;\"> \u2013 Suitable for chromatography, spectrometry and structural analysis.<\/span><\/span><\/p>\n<\/li>\n<li data-start=\"5287\" data-end=\"5389\">\n<p data-start=\"5289\" data-end=\"5389\"><strong data-start=\"5289\" data-end=\"5309\"><span dir=\"auto\" style=\"vertical-align: inherit;\"><span dir=\"auto\" style=\"vertical-align: inherit;\">Consistent Data<\/span><\/span><\/strong><span dir=\"auto\" style=\"vertical-align: inherit;\"><span dir=\"auto\" style=\"vertical-align: inherit;\"> \u2013 Uniform dosing and high purity promote reproducible results.<\/span><\/span><\/p>\n<\/li>\n<li data-start=\"5390\" data-end=\"5504\">\n<p data-start=\"5392\" data-end=\"5504\"><strong data-start=\"5392\" data-end=\"5424\"><span dir=\"auto\" style=\"vertical-align: inherit;\"><span dir=\"auto\" style=\"vertical-align: inherit;\">Valuable for SAR research<\/span><\/span><\/strong><span dir=\"auto\" style=\"vertical-align: inherit;\"><span dir=\"auto\" style=\"vertical-align: inherit;\"> \u2013 Suitable for comparison with other 2C analogues such as 2C-B, 2C-C and 2C-E.<\/span><\/span><\/p>\n<\/li>\n<li data-start=\"5505\" data-end=\"5589\">\n<p data-start=\"5507\" data-end=\"5589\"><strong data-start=\"5507\" data-end=\"5534\"><span dir=\"auto\" style=\"vertical-align: inherit;\"><span dir=\"auto\" style=\"vertical-align: inherit;\">Guaranteed Quality<\/span><\/span><\/strong><span dir=\"auto\" style=\"vertical-align: inherit;\"><span dir=\"auto\" style=\"vertical-align: inherit;\"> \u2013 Delivery with Certificate of Analysis (COA) on request.<\/span><\/span><\/p>\n<\/li>\n<\/ul>\n<hr data-start=\"5591\" data-end=\"5594\" \/>\n<h3 data-start=\"5596\" data-end=\"5648\"><strong data-start=\"5600\" data-end=\"5646\"><span dir=\"auto\" style=\"vertical-align: inherit;\"><span dir=\"auto\" style=\"vertical-align: inherit;\">Uso (Solo para fines de investigaci\u00f3n)<\/span><\/span><\/strong><\/h3>\n<blockquote data-start=\"5650\" data-end=\"5818\">\n<p data-start=\"5652\" data-end=\"5818\">\u26a0\ufe0f <strong data-start=\"5655\" data-end=\"5666\"><span dir=\"auto\" style=\"vertical-align: inherit;\"><span dir=\"auto\" style=\"vertical-align: inherit;\">Tenga en cuenta:<\/span><\/span><\/strong><span dir=\"auto\" style=\"vertical-align: inherit;\"><span dir=\"auto\" style=\"vertical-align: inherit;\"> 2C-D 10mg Pellets are only intended for <\/span><\/span><strong data-start=\"5715\" data-end=\"5756\"><span dir=\"auto\" style=\"vertical-align: inherit;\"><span dir=\"auto\" style=\"vertical-align: inherit;\">investigaci\u00f3n de laboratorio y anal\u00edtica<\/span><\/span><\/strong><span dir=\"auto\" style=\"vertical-align: inherit;\"><span dir=\"auto\" style=\"vertical-align: inherit;\"> y <\/span><\/span><strong data-start=\"5760\" data-end=\"5817\"><span dir=\"auto\" style=\"vertical-align: inherit;\"><span dir=\"auto\" style=\"vertical-align: inherit;\">No son aptos para el consumo humano ni animal.<\/span><\/span><\/strong><span dir=\"auto\" style=\"vertical-align: inherit;\"><span dir=\"auto\" style=\"vertical-align: inherit;\"> .<\/span><\/span><\/p>\n<\/blockquote>\n<ol data-start=\"5820\" data-end=\"6280\">\n<li data-start=\"5820\" data-end=\"5914\">\n<p data-start=\"5823\" data-end=\"5914\"><strong data-start=\"5823\" data-end=\"5838\"><span dir=\"auto\" style=\"vertical-align: inherit;\"><span dir=\"auto\" style=\"vertical-align: inherit;\">Manejo:<\/span><\/span><\/strong><span dir=\"auto\" style=\"vertical-align: inherit;\"><span dir=\"auto\" style=\"vertical-align: inherit;\"> Wear gloves, safety glasses, and a lab coat; work under a fume hood.<\/span><\/span><\/p>\n<\/li>\n<li data-start=\"5915\" data-end=\"6031\">\n<p data-start=\"5918\" data-end=\"6031\"><strong data-start=\"5918\" data-end=\"5931\"><span dir=\"auto\" style=\"vertical-align: inherit;\"><span dir=\"auto\" style=\"vertical-align: inherit;\">Medidas:<\/span><\/span><\/strong><span dir=\"auto\" style=\"vertical-align: inherit;\"><span dir=\"auto\" style=\"vertical-align: inherit;\"> Each pellet contains 10 mg \u2014 do not alter or divide outside of controlled research conditions.<\/span><\/span><\/p>\n<\/li>\n<li data-start=\"6032\" data-end=\"6102\">\n<p data-start=\"6035\" data-end=\"6102\"><strong data-start=\"6035\" data-end=\"6046\"><span dir=\"auto\" style=\"vertical-align: inherit;\"><span dir=\"auto\" style=\"vertical-align: inherit;\">Almacenamiento:<\/span><\/span><\/strong><span dir=\"auto\" style=\"vertical-align: inherit;\"><span dir=\"auto\" style=\"vertical-align: inherit;\"> Store in a cool, dry and dark place; preferably at 2\u20138\u00b0C.<\/span><\/span><\/p>\n<\/li>\n<li data-start=\"6103\" data-end=\"6170\">\n<p data-start=\"6106\" data-end=\"6170\"><strong data-start=\"6106\" data-end=\"6118\"><span dir=\"auto\" style=\"vertical-align: inherit;\"><span dir=\"auto\" style=\"vertical-align: inherit;\">An\u00e1lisis:<\/span><\/span><\/strong><span dir=\"auto\" style=\"vertical-align: inherit;\"><span dir=\"auto\" style=\"vertical-align: inherit;\"> Suitable for HPLC, GC\/MS, LC-MS and FTIR analysis.<\/span><\/span><\/p>\n<\/li>\n<li data-start=\"6171\" data-end=\"6280\">\n<p data-start=\"6174\" data-end=\"6280\"><strong data-start=\"6174\" data-end=\"6191\"><span dir=\"auto\" style=\"vertical-align: inherit;\"><span dir=\"auto\" style=\"vertical-align: inherit;\">Documentaci\u00f3n:<\/span><\/span><\/strong><span dir=\"auto\" style=\"vertical-align: inherit;\"><span dir=\"auto\" style=\"vertical-align: inherit;\"> Record batch number, purity, and test results for compliance and traceability.<\/span><\/span><\/p>\n<\/li>\n<\/ol>\n<hr data-start=\"6282\" data-end=\"6285\" \/>\n<h3 data-start=\"6287\" data-end=\"6322\"><strong data-start=\"6291\" data-end=\"6320\"><span dir=\"auto\" style=\"vertical-align: inherit;\"><span dir=\"auto\" style=\"vertical-align: inherit;\">Preguntas frecuentes (FAQ)<\/span><\/span><\/strong><\/h3>\n<p data-start=\"6324\" data-end=\"6537\"><strong data-start=\"6324\" data-end=\"6343\"><span dir=\"auto\" style=\"vertical-align: inherit;\"><span dir=\"auto\" style=\"vertical-align: inherit;\">1. What is 2C-D?<\/span><\/span><\/strong><br data-start=\"6343\" data-end=\"6346\" \/><span dir=\"auto\" style=\"vertical-align: inherit;\"><span dir=\"auto\" style=\"vertical-align: inherit;\"> 2C-D (2,5-Dimethoxy-4-methylphenethylamine) is a synthetic <\/span><\/span><strong data-start=\"6409\" data-end=\"6426\"><span dir=\"auto\" style=\"vertical-align: inherit;\"><span dir=\"auto\" style=\"vertical-align: inherit;\">phenethylamine<\/span><\/span><\/strong><span dir=\"auto\" style=\"vertical-align: inherit;\"><span dir=\"auto\" style=\"vertical-align: inherit;\"> from the 2C family. It is used as a research chemical for receptor binding and structural comparisons.<\/span><\/span><\/p>\n<p data-start=\"6539\" data-end=\"6749\"><strong data-start=\"6539\" data-end=\"6589\"><span dir=\"auto\" style=\"vertical-align: inherit;\"><span dir=\"auto\" style=\"vertical-align: inherit;\">2. What are 2C-D 10mg Pellets used for?<\/span><\/span><\/strong><br data-start=\"6589\" data-end=\"6592\" \/><span dir=\"auto\" style=\"vertical-align: inherit;\"><span dir=\"auto\" style=\"vertical-align: inherit;\"> These pellets are intended for <\/span><\/span><strong data-start=\"6623\" data-end=\"6679\"><span dir=\"auto\" style=\"vertical-align: inherit;\"><span dir=\"auto\" style=\"vertical-align: inherit;\">investigaci\u00f3n cient\u00edfica, forense y anal\u00edtica<\/span><\/span><\/strong><span dir=\"auto\" style=\"vertical-align: inherit;\"><span dir=\"auto\" style=\"vertical-align: inherit;\"> , including chromatographic calibration and chemical identification.<\/span><\/span><\/p>\n<p data-start=\"6751\" data-end=\"7011\"><strong data-start=\"6751\" data-end=\"6789\"><span dir=\"auto\" style=\"vertical-align: inherit;\"><span dir=\"auto\" style=\"vertical-align: inherit;\">3. Is it legal to buy 2C-D?<\/span><\/span><\/strong><br data-start=\"6789\" data-end=\"6792\" \/><span dir=\"auto\" style=\"vertical-align: inherit;\"><span dir=\"auto\" style=\"vertical-align: inherit;\"> El <\/span><\/span><strong data-start=\"6795\" data-end=\"6818\"><span dir=\"auto\" style=\"vertical-align: inherit;\"><span dir=\"auto\" style=\"vertical-align: inherit;\">legality of 2C-D<\/span><\/span><\/strong><span dir=\"auto\" style=\"vertical-align: inherit;\"><span dir=\"auto\" style=\"vertical-align: inherit;\"> varies by country. In some countries, it is considered a controlled substance; elsewhere, it is permitted for research purposes. Always check local laws before <\/span><\/span><strong data-start=\"6994\" data-end=\"7008\"><span dir=\"auto\" style=\"vertical-align: inherit;\"><span dir=\"auto\" style=\"vertical-align: inherit;\">purchasing 2C-D<\/span><\/span><\/strong><span dir=\"auto\" style=\"vertical-align: inherit;\"><span dir=\"auto\" style=\"vertical-align: inherit;\"> . <\/span><\/span><a href=\"https:\/\/researchchemicalhub.com\/es\/comercio\/okategoriserad\/comprar-4mmc\/\"><span dir=\"auto\" style=\"vertical-align: inherit;\"><span dir=\"auto\" style=\"vertical-align: inherit;\">Comprar 4mmc <\/span><\/span><\/a><a href=\"https:\/\/researchchemicalhub.com\/es\/comercio\/okategoriserad\/polvo-de-benzocaina\/\"><span dir=\"auto\" style=\"vertical-align: inherit;\"><span dir=\"auto\" style=\"vertical-align: inherit;\">polvo de benzoca\u00edna<\/span><\/span><\/a><\/p>","protected":false},"excerpt":{"rendered":"<p>Introduction 2C-D 10mg Pellets contain a precise dose of 2C-D (2,5-dimethoxy-4-methylphenethylamine) \u2014a member of the 2C family of substituted phenethylamines,<\/p>","protected":false},"featured_media":28369,"comment_status":"closed","ping_status":"closed","template":"","meta":[],"product_brand":[82],"product_cat":[323,325,322,80,324],"product_tag":[661,662,326],"class_list":{"0":"post-24616","1":"product","2":"type-product","3":"status-publish","4":"has-post-thumbnail","6":"product_brand-research-chemical","7":"product_cat-2c-d","8":"product_cat-2c-d-pellets","9":"product_cat-bijna-verboden","10":"product_cat-fenethylamine","11":"product_cat-pellets-for-pellet","12":"product_tag-2c-d","13":"product_tag-2cd","14":"product_tag-nl","16":"first","17":"instock","18":"taxable","19":"shipping-taxable","20":"purchasable","21":"product-type-variable"},"_links":{"self":[{"href":"https:\/\/researchchemicalhub.com\/es\/wp-json\/wp\/v2\/product\/24616","targetHints":{"allow":["GET"]}}],"collection":[{"href":"https:\/\/researchchemicalhub.com\/es\/wp-json\/wp\/v2\/product"}],"about":[{"href":"https:\/\/researchchemicalhub.com\/es\/wp-json\/wp\/v2\/types\/product"}],"replies":[{"embeddable":true,"href":"https:\/\/researchchemicalhub.com\/es\/wp-json\/wp\/v2\/comments?post=24616"}],"version-history":[{"count":6,"href":"https:\/\/researchchemicalhub.com\/es\/wp-json\/wp\/v2\/product\/24616\/revisions"}],"predecessor-version":[{"id":28662,"href":"https:\/\/researchchemicalhub.com\/es\/wp-json\/wp\/v2\/product\/24616\/revisions\/28662"}],"wp:featuredmedia":[{"embeddable":true,"href":"https:\/\/researchchemicalhub.com\/es\/wp-json\/wp\/v2\/media\/28369"}],"wp:attachment":[{"href":"https:\/\/researchchemicalhub.com\/es\/wp-json\/wp\/v2\/media?parent=24616"}],"wp:term":[{"taxonomy":"product_brand","embeddable":true,"href":"https:\/\/researchchemicalhub.com\/es\/wp-json\/wp\/v2\/product_brand?post=24616"},{"taxonomy":"product_cat","embeddable":true,"href":"https:\/\/researchchemicalhub.com\/es\/wp-json\/wp\/v2\/product_cat?post=24616"},{"taxonomy":"product_tag","embeddable":true,"href":"https:\/\/researchchemicalhub.com\/es\/wp-json\/wp\/v2\/product_tag?post=24616"}],"curies":[{"name":"gracias","href":"https:\/\/api.w.org\/{rel}","templated":true}]}}