{"id":24513,"date":"2025-10-20T17:41:53","date_gmt":"2025-10-20T17:41:53","guid":{"rendered":"https:\/\/researchchemicalhub.com\/?post_type=product&#038;p=24513"},"modified":"2025-10-29T08:15:21","modified_gmt":"2025-10-29T08:15:21","slug":"bolsa-de-base-libre-de-5-meo-dmt-de-025-g","status":"publish","type":"product","link":"https:\/\/researchchemicalhub.com\/es\/comercio\/b2b\/bolsa-de-base-libre-de-5-meo-dmt-de-025-g\/","title":{"rendered":"Bolsa de base libre de 5-MeO-DMT de 0,25 g"},"content":{"rendered":"<h3 data-start=\"3896\" data-end=\"3917\"><strong data-start=\"3900\" data-end=\"3915\"><span dir=\"auto\" style=\"vertical-align: inherit;\"><span dir=\"auto\" style=\"vertical-align: inherit;\">Introducci\u00f3n<\/span><\/span><\/strong><\/h3>\n<p data-start=\"3918\" data-end=\"4365\"><strong data-start=\"3918\" data-end=\"3952\"><span dir=\"auto\" style=\"vertical-align: inherit;\"><span dir=\"auto\" style=\"vertical-align: inherit;\">5-MeO-DMT Base libre 0,25 g Sobre<\/span><\/span><\/strong><span dir=\"auto\" style=\"vertical-align: inherit;\"><span dir=\"auto\" style=\"vertical-align: inherit;\"> contiene <\/span><\/span><strong data-start=\"3959\" data-end=\"4014\"><span dir=\"auto\" style=\"vertical-align: inherit;\"><span dir=\"auto\" style=\"vertical-align: inherit;\">250 mg<\/span><\/span><\/strong><span dir=\"auto\" style=\"vertical-align: inherit;\"><span dir=\"auto\" style=\"vertical-align: inherit;\"> o <\/span><\/span><strong data-start=\"4019\" data-end=\"4044\"><span dir=\"auto\" style=\"vertical-align: inherit;\"><span dir=\"auto\" style=\"vertical-align: inherit;\">grado de laboratorio<\/span><\/span><\/strong><span dir=\"auto\" style=\"vertical-align: inherit;\"><span dir=\"auto\" style=\"vertical-align: inherit;\"> 5-MeO-DMT (5-metoxi-N,N-dimetiltriptamina) \u2014 un <\/span><\/span><strong data-start=\"4051\" data-end=\"4097\"><span dir=\"auto\" style=\"vertical-align: inherit;\"><span dir=\"auto\" style=\"vertical-align: inherit;\">alcaloide de triptamina de origen natural<\/span><\/span><\/strong><span dir=\"auto\" style=\"vertical-align: inherit;\"><span dir=\"auto\" style=\"vertical-align: inherit;\"> Se encuentra en ciertas plantas y anfibios. <\/span><\/span><br data-start=\"4144\" data-end=\"4147\" \/><span dir=\"auto\" style=\"vertical-align: inherit;\"><span dir=\"auto\" style=\"vertical-align: inherit;\">En <\/span><\/span><strong data-start=\"4154\" data-end=\"4206\"><span dir=\"auto\" style=\"vertical-align: inherit;\"><span dir=\"auto\" style=\"vertical-align: inherit;\">investigaci\u00f3n qu\u00edmica, farmacol\u00f3gica y anal\u00edtica,<\/span><\/span><\/strong><span dir=\"auto\" style=\"vertical-align: inherit;\"><span dir=\"auto\" style=\"vertical-align: inherit;\"> El 5-MeO-DMT se utiliza para <\/span><\/span><strong data-start=\"4237\" data-end=\"4282\"><span dir=\"auto\" style=\"vertical-align: inherit;\"><span dir=\"auto\" style=\"vertical-align: inherit;\">investigar la uni\u00f3n del receptor de serotonina<\/span><\/span><\/strong><span dir=\"auto\" style=\"vertical-align: inherit;\"><span dir=\"auto\" style=\"vertical-align: inherit;\"> , <\/span><\/span><strong data-start=\"4284\" data-end=\"4326\"><span dir=\"auto\" style=\"vertical-align: inherit;\"><span dir=\"auto\" style=\"vertical-align: inherit;\">relaciones estructura-actividad (SAR)<\/span><\/span><\/strong><span dir=\"auto\" style=\"vertical-align: inherit;\"><span dir=\"auto\" style=\"vertical-align: inherit;\"> , y <\/span><\/span><strong data-start=\"4330\" data-end=\"4362\"><span dir=\"auto\" style=\"vertical-align: inherit;\"><span dir=\"auto\" style=\"vertical-align: inherit;\">metabolismo de alcaloides ind\u00f3licos<\/span><\/span><\/strong><span dir=\"auto\" style=\"vertical-align: inherit;\"><span dir=\"auto\" style=\"vertical-align: inherit;\"> .<\/span><\/span><\/p>\n<p data-start=\"4367\" data-end=\"4530\"><span dir=\"auto\" style=\"vertical-align: inherit;\"><span dir=\"auto\" style=\"vertical-align: inherit;\">La forma de base libre se suministra en <\/span><\/span><strong data-start=\"4406\" data-end=\"4430\"><span dir=\"auto\" style=\"vertical-align: inherit;\"><span dir=\"auto\" style=\"vertical-align: inherit;\">Pureza \u2265 98%<\/span><\/span><\/strong><span dir=\"auto\" style=\"vertical-align: inherit;\"><span dir=\"auto\" style=\"vertical-align: inherit;\"> , probado por <\/span><\/span><strong data-start=\"4443\" data-end=\"4458\"><span dir=\"auto\" style=\"vertical-align: inherit;\"><span dir=\"auto\" style=\"vertical-align: inherit;\">HPLC y RMN<\/span><\/span><\/strong><span dir=\"auto\" style=\"vertical-align: inherit;\"><span dir=\"auto\" style=\"vertical-align: inherit;\"> y empaquetado en un <\/span><\/span><strong data-start=\"4478\" data-end=\"4527\"><span dir=\"auto\" style=\"vertical-align: inherit;\"><span dir=\"auto\" style=\"vertical-align: inherit;\">bolsa de laboratorio resellable a prueba de humedad<\/span><\/span><\/strong><span dir=\"auto\" style=\"vertical-align: inherit;\"><span dir=\"auto\" style=\"vertical-align: inherit;\"> .<\/span><\/span><\/p>\n<blockquote data-start=\"4532\" data-end=\"4676\">\n<p data-start=\"4534\" data-end=\"4676\">\u26a0\ufe0f <strong data-start=\"4537\" data-end=\"4548\"><span dir=\"auto\" style=\"vertical-align: inherit;\"><span dir=\"auto\" style=\"vertical-align: inherit;\">Tenga en cuenta:<\/span><\/span><\/strong><span dir=\"auto\" style=\"vertical-align: inherit;\"><span dir=\"auto\" style=\"vertical-align: inherit;\"> El 5-MeO-DMT est\u00e1 destinado a <\/span><\/span><strong data-start=\"4587\" data-end=\"4622\"><span dir=\"auto\" style=\"vertical-align: inherit;\"><span dir=\"auto\" style=\"vertical-align: inherit;\">uso de la investigaci\u00f3n y el an\u00e1lisis<\/span><\/span><\/strong><span dir=\"auto\" style=\"vertical-align: inherit;\"><span dir=\"auto\" style=\"vertical-align: inherit;\"> solo - <\/span><\/span><strong data-start=\"4625\" data-end=\"4673\"><span dir=\"auto\" style=\"vertical-align: inherit;\"><span dir=\"auto\" style=\"vertical-align: inherit;\">No apto para el consumo humano ni animal.<\/span><\/span><\/strong><span dir=\"auto\" style=\"vertical-align: inherit;\"><span dir=\"auto\" style=\"vertical-align: inherit;\"> .<\/span><\/span><\/p>\n<\/blockquote>\n<hr data-start=\"4678\" data-end=\"4681\" \/>\n<h3 data-start=\"4683\" data-end=\"4714\"><strong data-start=\"4687\" data-end=\"4714\"><span dir=\"auto\" style=\"vertical-align: inherit;\"><span dir=\"auto\" style=\"vertical-align: inherit;\">Caracter\u00edsticas principales<\/span><\/span><\/strong><\/h3>\n<div class=\"_tableContainer_1rjym_1\">\n<div class=\"group _tableWrapper_1rjym_13 flex w-fit flex-col-reverse\" tabindex=\"-1\">\n<table class=\"w-fit min-w-(--thread-content-width)\" data-start=\"4716\" data-end=\"5234\">\n<thead data-start=\"4716\" data-end=\"4742\">\n<tr data-start=\"4716\" data-end=\"4742\">\n<th data-start=\"4716\" data-end=\"4726\" data-col-size=\"sm\"><span dir=\"auto\" style=\"vertical-align: inherit;\"><span dir=\"auto\" style=\"vertical-align: inherit;\">Caracter\u00edstica<\/span><\/span><\/th>\n<th data-start=\"4726\" data-end=\"4742\" data-col-size=\"md\"><span dir=\"auto\" style=\"vertical-align: inherit;\"><span dir=\"auto\" style=\"vertical-align: inherit;\">Descripci\u00f3n<\/span><\/span><\/th>\n<\/tr>\n<\/thead>\n<tbody data-start=\"4771\" data-end=\"5234\">\n<tr data-start=\"4771\" data-end=\"4828\">\n<td data-start=\"4771\" data-end=\"4792\" data-col-size=\"sm\"><strong data-start=\"4773\" data-end=\"4791\"><span dir=\"auto\" style=\"vertical-align: inherit;\"><span dir=\"auto\" style=\"vertical-align: inherit;\">Nombre qu\u00edmico<\/span><\/span><\/strong><\/td>\n<td data-start=\"4792\" data-end=\"4828\" data-col-size=\"md\"><span dir=\"auto\" style=\"vertical-align: inherit;\"><span dir=\"auto\" style=\"vertical-align: inherit;\">5-Metoxi-N,N-dimetiltriptamina<\/span><\/span><\/td>\n<\/tr>\n<tr data-start=\"4829\" data-end=\"4867\">\n<td data-start=\"4829\" data-end=\"4854\" data-col-size=\"sm\"><strong data-start=\"4831\" data-end=\"4853\"><span dir=\"auto\" style=\"vertical-align: inherit;\"><span dir=\"auto\" style=\"vertical-align: inherit;\">Nombre com\u00fan<\/span><\/span><\/strong><\/td>\n<td data-start=\"4854\" data-end=\"4867\" data-col-size=\"md\"><span dir=\"auto\" style=\"vertical-align: inherit;\"><span dir=\"auto\" style=\"vertical-align: inherit;\">5-MeO-DMT<\/span><\/span><\/td>\n<\/tr>\n<tr data-start=\"4868\" data-end=\"4905\">\n<td data-start=\"4868\" data-end=\"4892\" data-col-size=\"sm\"><strong data-start=\"4870\" data-end=\"4891\"><span dir=\"auto\" style=\"vertical-align: inherit;\"><span dir=\"auto\" style=\"vertical-align: inherit;\">F\u00f3rmula qu\u00edmica<\/span><\/span><\/strong><\/td>\n<td data-start=\"4892\" data-end=\"4905\" data-col-size=\"md\"><span dir=\"auto\" style=\"vertical-align: inherit;\"><span dir=\"auto\" style=\"vertical-align: inherit;\">C\u2081\u2083H\u2081\u2088N\u2082O<\/span><\/span><\/td>\n<\/tr>\n<tr data-start=\"4906\" data-end=\"4944\">\n<td data-start=\"4906\" data-end=\"4928\" data-col-size=\"sm\"><strong data-start=\"4908\" data-end=\"4927\"><span dir=\"auto\" style=\"vertical-align: inherit;\"><span dir=\"auto\" style=\"vertical-align: inherit;\">Peso molecular<\/span><\/span><\/strong><\/td>\n<td data-start=\"4928\" data-end=\"4944\" data-col-size=\"md\"><span dir=\"auto\" style=\"vertical-align: inherit;\"><span dir=\"auto\" style=\"vertical-align: inherit;\">218,30 g\/mol<\/span><\/span><\/td>\n<\/tr>\n<tr data-start=\"4945\" data-end=\"4981\">\n<td data-start=\"4945\" data-end=\"4956\" data-col-size=\"sm\"><strong data-start=\"4947\" data-end=\"4955\"><span dir=\"auto\" style=\"vertical-align: inherit;\"><span dir=\"auto\" style=\"vertical-align: inherit;\">Forma<\/span><\/span><\/strong><\/td>\n<td data-start=\"4956\" data-end=\"4981\" data-col-size=\"md\"><span dir=\"auto\" style=\"vertical-align: inherit;\"><span dir=\"auto\" style=\"vertical-align: inherit;\">Base libre (en polvo)<\/span><\/span><\/td>\n<\/tr>\n<tr data-start=\"4982\" data-end=\"5032\">\n<td data-start=\"4982\" data-end=\"5000\" data-col-size=\"sm\"><strong data-start=\"4984\" data-end=\"4999\"><span dir=\"auto\" style=\"vertical-align: inherit;\"><span dir=\"auto\" style=\"vertical-align: inherit;\">Cantidad<\/span><\/span><\/strong><\/td>\n<td data-start=\"5000\" data-end=\"5032\" data-col-size=\"md\"><span dir=\"auto\" style=\"vertical-align: inherit;\"><span dir=\"auto\" style=\"vertical-align: inherit;\">0,25 gramos (250 mg) por sobre<\/span><\/span><\/td>\n<\/tr>\n<tr data-start=\"5033\" data-end=\"5084\">\n<td data-start=\"5033\" data-end=\"5050\" data-col-size=\"sm\"><strong data-start=\"5035\" data-end=\"5049\"><span dir=\"auto\" style=\"vertical-align: inherit;\"><span dir=\"auto\" style=\"vertical-align: inherit;\">Pureza<\/span><\/span><\/strong><\/td>\n<td data-start=\"5050\" data-end=\"5084\" data-col-size=\"md\"><span dir=\"auto\" style=\"vertical-align: inherit;\"><span dir=\"auto\" style=\"vertical-align: inherit;\">\u2265 98% (analizado mediante HPLC y RMN)<\/span><\/span><\/td>\n<\/tr>\n<tr data-start=\"5085\" data-end=\"5159\">\n<td data-start=\"5085\" data-end=\"5099\" data-col-size=\"sm\"><strong data-start=\"5087\" data-end=\"5098\"><span dir=\"auto\" style=\"vertical-align: inherit;\"><span dir=\"auto\" style=\"vertical-align: inherit;\">Uso<\/span><\/span><\/strong><\/td>\n<td data-start=\"5099\" data-end=\"5159\" data-col-size=\"md\"><span dir=\"auto\" style=\"vertical-align: inherit;\"><span dir=\"auto\" style=\"vertical-align: inherit;\">Solo para investigaci\u00f3n anal\u00edtica, forense y qu\u00edmica.<\/span><\/span><\/td>\n<\/tr>\n<tr data-start=\"5160\" data-end=\"5234\">\n<td data-start=\"5160\" data-end=\"5177\" data-col-size=\"sm\"><strong data-start=\"5162\" data-end=\"5176\"><span dir=\"auto\" style=\"vertical-align: inherit;\"><span dir=\"auto\" style=\"vertical-align: inherit;\">Embalaje<\/span><\/span><\/strong><\/td>\n<td data-start=\"5177\" data-end=\"5234\" data-col-size=\"md\"><span dir=\"auto\" style=\"vertical-align: inherit;\"><span dir=\"auto\" style=\"vertical-align: inherit;\">Bolsa de laboratorio resellable, resistente a la humedad y antiest\u00e1tica<\/span><\/span><\/td>\n<\/tr>\n<\/tbody>\n<\/table>\n<\/div>\n<\/div>\n<hr data-start=\"5236\" data-end=\"5239\" \/>\n<h3 data-start=\"5241\" data-end=\"5258\"><strong data-start=\"5245\" data-end=\"5258\"><span dir=\"auto\" style=\"vertical-align: inherit;\"><span dir=\"auto\" style=\"vertical-align: inherit;\">Ventajas<\/span><\/span><\/strong><\/h3>\n<ul data-start=\"5260\" data-end=\"5697\">\n<li data-start=\"5260\" data-end=\"5352\">\n<p data-start=\"5262\" data-end=\"5352\"><strong data-start=\"5262\" data-end=\"5281\"><span dir=\"auto\" style=\"vertical-align: inherit;\"><span dir=\"auto\" style=\"vertical-align: inherit;\">Alta pureza<\/span><\/span><\/strong><span dir=\"auto\" style=\"vertical-align: inherit;\"><span dir=\"auto\" style=\"vertical-align: inherit;\"> \u2013 \u2265 98% calidad de laboratorio para resultados de investigaci\u00f3n confiables.<\/span><\/span><\/p>\n<\/li>\n<li data-start=\"5353\" data-end=\"5438\">\n<p data-start=\"5355\" data-end=\"5438\"><strong data-start=\"5355\" data-end=\"5372\"><span dir=\"auto\" style=\"vertical-align: inherit;\"><span dir=\"auto\" style=\"vertical-align: inherit;\">Forma de base libre<\/span><\/span><\/strong><span dir=\"auto\" style=\"vertical-align: inherit;\"><span dir=\"auto\" style=\"vertical-align: inherit;\"> \u2013 Adecuado para m\u00e9todos cromatogr\u00e1ficos y espectrosc\u00f3picos.<\/span><\/span><\/p>\n<\/li>\n<li data-start=\"5439\" data-end=\"5517\">\n<p data-start=\"5441\" data-end=\"5517\"><strong data-start=\"5441\" data-end=\"5471\"><span dir=\"auto\" style=\"vertical-align: inherit;\"><span dir=\"auto\" style=\"vertical-align: inherit;\">Amplia aplicabilidad de la investigaci\u00f3n<\/span><\/span><\/strong><span dir=\"auto\" style=\"vertical-align: inherit;\"><span dir=\"auto\" style=\"vertical-align: inherit;\"> \u2013 Compatible con GC\/MS, LC-MS, FTIR y RMN.<\/span><\/span><\/p>\n<\/li>\n<li data-start=\"5518\" data-end=\"5631\">\n<p data-start=\"5520\" data-end=\"5631\"><strong data-start=\"5520\" data-end=\"5546\"><span dir=\"auto\" style=\"vertical-align: inherit;\"><span dir=\"auto\" style=\"vertical-align: inherit;\">Estructuralmente importante<\/span><\/span><\/strong><span dir=\"auto\" style=\"vertical-align: inherit;\"><span dir=\"auto\" style=\"vertical-align: inherit;\"> \u2013 Sustancia relevante para la investigaci\u00f3n sobre receptores de serotonina y an\u00e1logos de triptamina.<\/span><\/span><\/p>\n<\/li>\n<li data-start=\"5632\" data-end=\"5697\">\n<p data-start=\"5634\" data-end=\"5697\"><strong data-start=\"5634\" data-end=\"5656\"><span dir=\"auto\" style=\"vertical-align: inherit;\"><span dir=\"auto\" style=\"vertical-align: inherit;\">Embalaje seguro<\/span><\/span><\/strong><span dir=\"auto\" style=\"vertical-align: inherit;\"><span dir=\"auto\" style=\"vertical-align: inherit;\"> \u2013 Protege contra la humedad y la degradaci\u00f3n.<\/span><\/span><\/p>\n<\/li>\n<\/ul>\n<hr data-start=\"5699\" data-end=\"5702\" \/>\n<h3 data-start=\"5704\" data-end=\"5756\"><strong data-start=\"5708\" data-end=\"5754\"><span dir=\"auto\" style=\"vertical-align: inherit;\"><span dir=\"auto\" style=\"vertical-align: inherit;\">Uso (Solo para fines de investigaci\u00f3n)<\/span><\/span><\/strong><\/h3>\n<ol data-start=\"5758\" data-end=\"6162\">\n<li data-start=\"5758\" data-end=\"5869\">\n<p data-start=\"5761\" data-end=\"5869\"><strong data-start=\"5761\" data-end=\"5776\"><span dir=\"auto\" style=\"vertical-align: inherit;\"><span dir=\"auto\" style=\"vertical-align: inherit;\">Manejo:<\/span><\/span><\/strong><span dir=\"auto\" style=\"vertical-align: inherit;\"><span dir=\"auto\" style=\"vertical-align: inherit;\"> Utilice guantes, gafas de seguridad y bata de laboratorio; trabaje en condiciones controladas.<\/span><\/span><\/p>\n<\/li>\n<li data-start=\"5870\" data-end=\"5944\">\n<p data-start=\"5873\" data-end=\"5944\"><strong data-start=\"5873\" data-end=\"5886\"><span dir=\"auto\" style=\"vertical-align: inherit;\"><span dir=\"auto\" style=\"vertical-align: inherit;\">Medidas:<\/span><\/span><\/strong><span dir=\"auto\" style=\"vertical-align: inherit;\"><span dir=\"auto\" style=\"vertical-align: inherit;\"> Utilice instrumentos calibrados para una dosificaci\u00f3n precisa.<\/span><\/span><\/p>\n<\/li>\n<li data-start=\"5945\" data-end=\"6023\">\n<p data-start=\"5948\" data-end=\"6023\"><strong data-start=\"5948\" data-end=\"5959\"><span dir=\"auto\" style=\"vertical-align: inherit;\"><span dir=\"auto\" style=\"vertical-align: inherit;\">Almacenamiento:<\/span><\/span><\/strong><span dir=\"auto\" style=\"vertical-align: inherit;\"><span dir=\"auto\" style=\"vertical-align: inherit;\"> Almacenar en un lugar fresco (2\u20138\u00b0C), seco y oscuro en su embalaje original.<\/span><\/span><\/p>\n<\/li>\n<li data-start=\"6024\" data-end=\"6088\">\n<p data-start=\"6027\" data-end=\"6088\"><strong data-start=\"6027\" data-end=\"6039\"><span dir=\"auto\" style=\"vertical-align: inherit;\"><span dir=\"auto\" style=\"vertical-align: inherit;\">An\u00e1lisis:<\/span><\/span><\/strong><span dir=\"auto\" style=\"vertical-align: inherit;\"><span dir=\"auto\" style=\"vertical-align: inherit;\"> Apto para GC\/MS, LC-MS, HPLC, FTIR y RMN.<\/span><\/span><\/p>\n<\/li>\n<li data-start=\"6089\" data-end=\"6162\">\n<p data-start=\"6092\" data-end=\"6162\"><strong data-start=\"6092\" data-end=\"6109\"><span dir=\"auto\" style=\"vertical-align: inherit;\"><span dir=\"auto\" style=\"vertical-align: inherit;\">Documentaci\u00f3n:<\/span><\/span><\/strong><span dir=\"auto\" style=\"vertical-align: inherit;\"><span dir=\"auto\" style=\"vertical-align: inherit;\"> Registre los n\u00fameros de lote, la pureza y los resultados de las pruebas.<\/span><\/span><\/p>\n<\/li>\n<\/ol>\n<hr data-start=\"6164\" data-end=\"6167\" \/>\n<h3 data-start=\"6169\" data-end=\"6204\"><strong data-start=\"6173\" data-end=\"6202\"><span dir=\"auto\" style=\"vertical-align: inherit;\"><span dir=\"auto\" style=\"vertical-align: inherit;\">Preguntas frecuentes (FAQ)<\/span><\/span><\/strong><\/h3>\n<p data-start=\"6206\" data-end=\"6397\"><strong data-start=\"6206\" data-end=\"6230\"><span dir=\"auto\" style=\"vertical-align: inherit;\"><span dir=\"auto\" style=\"vertical-align: inherit;\">1. \u00bfQu\u00e9 es el 5-MeO-DMT? <\/span><\/span><\/strong><br data-start=\"6230\" data-end=\"6233\" \/><strong data-start=\"6233\" data-end=\"6281\"><span dir=\"auto\" style=\"vertical-align: inherit;\"><span dir=\"auto\" style=\"vertical-align: inherit;\">5-MeO-DMT (5-Metoxi-N,N-dimetiltriptamina)<\/span><\/span><\/strong><span dir=\"auto\" style=\"vertical-align: inherit;\"><span dir=\"auto\" style=\"vertical-align: inherit;\"> es un <\/span><\/span><strong data-start=\"6289\" data-end=\"6313\"><span dir=\"auto\" style=\"vertical-align: inherit;\"><span dir=\"auto\" style=\"vertical-align: inherit;\">alcaloide de triptamina<\/span><\/span><\/strong><span dir=\"auto\" style=\"vertical-align: inherit;\"><span dir=\"auto\" style=\"vertical-align: inherit;\"> Se utiliza en la investigaci\u00f3n sobre receptores de serotonina y estructuras de indol.<\/span><\/span><\/p>\n<p data-start=\"6399\" data-end=\"6551\"><strong data-start=\"6399\" data-end=\"6455\"><span dir=\"auto\" style=\"vertical-align: inherit;\"><span dir=\"auto\" style=\"vertical-align: inherit;\">2. \u00bfQu\u00e9 contiene el sobre de 5-MeO-DMT Freebase de 0,25 g?<\/span><\/span><\/strong><br data-start=\"6455\" data-end=\"6458\" \/><span dir=\"auto\" style=\"vertical-align: inherit;\"><span dir=\"auto\" style=\"vertical-align: inherit;\"> El sobre contiene <\/span><\/span><strong data-start=\"6474\" data-end=\"6496\"><span dir=\"auto\" style=\"vertical-align: inherit;\"><span dir=\"auto\" style=\"vertical-align: inherit;\">0,25 gramos (250 mg) <\/span><\/span><\/strong> <strong data-start=\"6497\" data-end=\"6519\"><span dir=\"auto\" style=\"vertical-align: inherit;\"><span dir=\"auto\" style=\"vertical-align: inherit;\">o 5-MeO-DMT base libre<\/span><\/span><\/strong><span dir=\"auto\" style=\"vertical-align: inherit;\"><span dir=\"auto\" style=\"vertical-align: inherit;\"> con una pureza de \u2265 98%.<\/span><\/span><\/p>\n<p data-start=\"6553\" data-end=\"6776\"><strong data-start=\"6553\" data-end=\"6596\"><span dir=\"auto\" style=\"vertical-align: inherit;\"><span dir=\"auto\" style=\"vertical-align: inherit;\">3. \u00bfEs legal comprar 5-MeO-DMT?<\/span><\/span><\/strong><br data-start=\"6596\" data-end=\"6599\" \/><span dir=\"auto\" style=\"vertical-align: inherit;\"><span dir=\"auto\" style=\"vertical-align: inherit;\"> El <\/span><\/span><strong data-start=\"6602\" data-end=\"6630\"><span dir=\"auto\" style=\"vertical-align: inherit;\"><span dir=\"auto\" style=\"vertical-align: inherit;\">legalidad del 5-MeO-DMT<\/span><\/span><\/strong><span dir=\"auto\" style=\"vertical-align: inherit;\"><span dir=\"auto\" style=\"vertical-align: inherit;\"> Var\u00eda seg\u00fan el pa\u00eds. En algunos pa\u00edses, se considera una sustancia controlada. Consulte siempre las leyes locales antes de comprar. <\/span><\/span><strong data-start=\"6754\" data-end=\"6773\"><span dir=\"auto\" style=\"vertical-align: inherit;\"><span dir=\"auto\" style=\"vertical-align: inherit;\">comprar 5-MeO-DMT<\/span><\/span><\/strong><span dir=\"auto\" style=\"vertical-align: inherit;\"><span dir=\"auto\" style=\"vertical-align: inherit;\"> .<\/span><\/span><\/p>\n<div class=\"markdown-table-wrapper\"><\/div>","protected":false},"excerpt":{"rendered":"<h2><strong><span dir=\"auto\" style=\"vertical-align: inherit;\"><span dir=\"auto\" style=\"vertical-align: inherit;\"><span dir=\"auto\" style=\"vertical-align: inherit;\"><span dir=\"auto\" style=\"vertical-align: inherit;\">Bolsa de base libre de 5-MeO-DMT con 0,25 gramos<\/span><\/span><\/span><\/span><\/strong><\/h2>","protected":false},"featured_media":28461,"comment_status":"closed","ping_status":"closed","template":"","meta":[],"product_brand":[],"product_cat":[555],"product_tag":[624,326],"class_list":{"0":"post-24513","1":"product","2":"type-product","3":"status-publish","4":"has-post-thumbnail","6":"product_cat-b2b","7":"product_tag-5-meo-dmt-freebase","8":"product_tag-nl","10":"first","11":"instock","12":"taxable","13":"shipping-taxable","14":"purchasable","15":"product-type-variable"},"_links":{"self":[{"href":"https:\/\/researchchemicalhub.com\/es\/wp-json\/wp\/v2\/product\/24513","targetHints":{"allow":["GET"]}}],"collection":[{"href":"https:\/\/researchchemicalhub.com\/es\/wp-json\/wp\/v2\/product"}],"about":[{"href":"https:\/\/researchchemicalhub.com\/es\/wp-json\/wp\/v2\/types\/product"}],"replies":[{"embeddable":true,"href":"https:\/\/researchchemicalhub.com\/es\/wp-json\/wp\/v2\/comments?post=24513"}],"version-history":[{"count":6,"href":"https:\/\/researchchemicalhub.com\/es\/wp-json\/wp\/v2\/product\/24513\/revisions"}],"predecessor-version":[{"id":28667,"href":"https:\/\/researchchemicalhub.com\/es\/wp-json\/wp\/v2\/product\/24513\/revisions\/28667"}],"wp:featuredmedia":[{"embeddable":true,"href":"https:\/\/researchchemicalhub.com\/es\/wp-json\/wp\/v2\/media\/28461"}],"wp:attachment":[{"href":"https:\/\/researchchemicalhub.com\/es\/wp-json\/wp\/v2\/media?parent=24513"}],"wp:term":[{"taxonomy":"product_brand","embeddable":true,"href":"https:\/\/researchchemicalhub.com\/es\/wp-json\/wp\/v2\/product_brand?post=24513"},{"taxonomy":"product_cat","embeddable":true,"href":"https:\/\/researchchemicalhub.com\/es\/wp-json\/wp\/v2\/product_cat?post=24513"},{"taxonomy":"product_tag","embeddable":true,"href":"https:\/\/researchchemicalhub.com\/es\/wp-json\/wp\/v2\/product_tag?post=24513"}],"curies":[{"name":"gracias","href":"https:\/\/api.w.org\/{rel}","templated":true}]}}