{"id":24509,"date":"2025-10-20T17:41:53","date_gmt":"2025-10-20T17:41:53","guid":{"rendered":"https:\/\/researchchemicalhub.com\/?post_type=product&#038;p=24509"},"modified":"2025-10-29T08:12:55","modified_gmt":"2025-10-29T08:12:55","slug":"3fpm-50mg-zakje-3-pellets","status":"publish","type":"product","link":"https:\/\/researchchemicalhub.com\/es\/shop\/b2b\/3fpm-50mg-zakje-3-pellets\/","title":{"rendered":"Bolsa de 3 gr\u00e1nulos de 3-FPM 50 mg"},"content":{"rendered":"<h3 data-start=\"4263\" data-end=\"4284\"><strong data-start=\"4267\" data-end=\"4282\">Introducci\u00f3n<\/strong><\/h3>\n<p data-start=\"4285\" data-end=\"4709\"><strong data-start=\"4285\" data-end=\"4318\">Sobre de 3-FPM 50 mg (3 gr\u00e1nulos)<\/strong> contiene <strong data-start=\"4325\" data-end=\"4373\">tres pastillas dosificadas con precisi\u00f3n de 50 mg<\/strong> <strong data-start=\"4374\" data-end=\"4407\">3-fluorofenmetrazina (3-FPM)<\/strong> - Un <strong data-start=\"4414\" data-end=\"4441\">compuesto sint\u00e9tico<\/strong> desde <strong data-start=\"4449\" data-end=\"4484\">clase de morfolina sustituida<\/strong>. 3 pies por minuto<br data-start=\"4485\" data-end=\"4488\" \/>Estructuralmente relacionado con <strong data-start=\"4512\" data-end=\"4528\">fenmetrazina<\/strong>, 3-FPM se utiliza en <strong data-start=\"4554\" data-end=\"4607\">investigaci\u00f3n forense, anal\u00edtica y neuroqu\u00edmica<\/strong>, especialmente para estudios sobre <strong data-start=\"4634\" data-end=\"4660\">transportadores de monoamina<\/strong> y <strong data-start=\"4664\" data-end=\"4706\">relaciones estructura-actividad (SAR)<\/strong>.<\/p>\n<p data-start=\"4711\" data-end=\"4990\">Los pellets se producen bajo <strong data-start=\"4748\" data-end=\"4786\">estrictas condiciones de laboratorio<\/strong> inmediatamente <strong data-start=\"4795\" data-end=\"4819\">pureza de \u2265 98%<\/strong> para obtener resultados de investigaci\u00f3n fiables y reproducibles.<br data-start=\"4875\" data-end=\"4878\" \/>Cada bolsa contiene <strong data-start=\"4894\" data-end=\"4926\">tres pellets (150 mg en total)<\/strong> en un <strong data-start=\"4934\" data-end=\"4987\">Embalaje resellable libre de humedad y est\u00e1tica<\/strong>.<\/p>\n<blockquote data-start=\"4992\" data-end=\"5141\">\n<p data-start=\"4994\" data-end=\"5141\">\u26a0\ufe0f <strong data-start=\"4997\" data-end=\"5008\">N\u00d3TESE BIEN:<\/strong> 3-FPM est\u00e1 destinado exclusivamente a <strong data-start=\"5043\" data-end=\"5078\">investigaci\u00f3n y uso anal\u00edtico<\/strong> \u2014 <strong data-start=\"5081\" data-end=\"5138\">No apto para consumo humano ni animal<\/strong>.<\/p>\n<\/blockquote>\n<hr data-start=\"5143\" data-end=\"5146\" \/>\n<h3 data-start=\"5148\" data-end=\"5179\"><strong data-start=\"5152\" data-end=\"5179\">Caracter\u00edsticas principales<\/strong><\/h3>\n<div class=\"_tableContainer_1rjym_1\">\n<div class=\"group _tableWrapper_1rjym_13 flex w-fit flex-col-reverse\" tabindex=\"-1\">\n<table class=\"w-fit min-w-(--thread-content-width)\" data-start=\"5181\" data-end=\"5706\">\n<thead data-start=\"5181\" data-end=\"5207\">\n<tr data-start=\"5181\" data-end=\"5207\">\n<th data-start=\"5181\" data-end=\"5191\" data-col-size=\"sm\">Caracter\u00edstica<\/th>\n<th data-start=\"5191\" data-end=\"5207\" data-col-size=\"md\">Descripci\u00f3n<\/th>\n<\/tr>\n<\/thead>\n<tbody data-start=\"5236\" data-end=\"5706\">\n<tr data-start=\"5236\" data-end=\"5281\">\n<td data-start=\"5236\" data-end=\"5257\" data-col-size=\"sm\"><strong data-start=\"5238\" data-end=\"5256\">Nombre qu\u00edmico<\/strong><\/td>\n<td data-start=\"5257\" data-end=\"5281\" data-col-size=\"md\">3-fluorofenmetrazina<\/td>\n<\/tr>\n<tr data-start=\"5282\" data-end=\"5316\">\n<td data-start=\"5282\" data-end=\"5307\" data-col-size=\"sm\"><strong data-start=\"5284\" data-end=\"5306\">Nombre com\u00fan<\/strong><\/td>\n<td data-start=\"5307\" data-end=\"5316\" data-col-size=\"md\">3 pies por minuto<\/td>\n<\/tr>\n<tr data-start=\"5317\" data-end=\"5390\">\n<td data-start=\"5317\" data-end=\"5332\" data-col-size=\"sm\"><strong data-start=\"5319\" data-end=\"5331\">Dosificaci\u00f3n<\/strong><\/td>\n<td data-start=\"5332\" data-end=\"5390\" data-col-size=\"md\">50 mg por pellet \u2013 total 150 mg (3 pellets por bolsa)<\/td>\n<\/tr>\n<tr data-start=\"5391\" data-end=\"5444\">\n<td data-start=\"5391\" data-end=\"5402\" data-col-size=\"sm\"><strong data-start=\"5393\" data-end=\"5401\">Forma<\/strong><\/td>\n<td data-start=\"5402\" data-end=\"5444\" data-col-size=\"md\">Pellets s\u00f3lidos para uso en laboratorio<\/td>\n<\/tr>\n<tr data-start=\"5445\" data-end=\"5497\">\n<td data-start=\"5445\" data-end=\"5462\" data-col-size=\"sm\"><strong data-start=\"5447\" data-end=\"5461\">Pureza<\/strong><\/td>\n<td data-start=\"5462\" data-end=\"5497\" data-col-size=\"md\">\u2265 98% (probado mediante GC\/MS y RMN)<\/td>\n<\/tr>\n<tr data-start=\"5498\" data-end=\"5573\">\n<td data-start=\"5498\" data-end=\"5521\" data-col-size=\"sm\"><strong data-start=\"5500\" data-end=\"5520\">Clase qu\u00edmica<\/strong><\/td>\n<td data-start=\"5521\" data-end=\"5573\" data-col-size=\"md\">An\u00e1logo de morfolina\/fenmetrazina sustituido<\/td>\n<\/tr>\n<tr data-start=\"5574\" data-end=\"5653\">\n<td data-start=\"5574\" data-end=\"5588\" data-col-size=\"sm\"><strong data-start=\"5576\" data-end=\"5587\">Uso<\/strong><\/td>\n<td data-start=\"5588\" data-end=\"5653\" data-col-size=\"md\">Solo para investigaci\u00f3n anal\u00edtica, forense y neuroqu\u00edmica.<\/td>\n<\/tr>\n<tr data-start=\"5654\" data-end=\"5706\">\n<td data-start=\"5654\" data-end=\"5671\" data-col-size=\"sm\"><strong data-start=\"5656\" data-end=\"5670\">Embalaje<\/strong><\/td>\n<td data-start=\"5671\" data-end=\"5706\" data-col-size=\"md\">Bolsa antiest\u00e1tica resellable<\/td>\n<\/tr>\n<\/tbody>\n<\/table>\n<\/div>\n<\/div>\n<hr data-start=\"5708\" data-end=\"5711\" \/>\n<h3 data-start=\"5713\" data-end=\"5730\"><strong data-start=\"5717\" data-end=\"5730\">Ventajas<\/strong><\/h3>\n<ul data-start=\"5732\" data-end=\"6210\">\n<li data-start=\"5732\" data-end=\"5837\">\n<p data-start=\"5734\" data-end=\"5837\"><strong data-start=\"5734\" data-end=\"5758\">Dosis precisa<\/strong> \u2013 Cada pellet contiene exactamente 50 mg de 3-FPM para obtener resultados de investigaci\u00f3n consistentes.<\/p>\n<\/li>\n<li data-start=\"5838\" data-end=\"5939\">\n<p data-start=\"5840\" data-end=\"5939\"><strong data-start=\"5840\" data-end=\"5859\">Alta pureza<\/strong> \u2013 \u2265 98% calidad de laboratorio, confirmada por cromatograf\u00eda y espectroscopia.<\/p>\n<\/li>\n<li data-start=\"5940\" data-end=\"6025\">\n<p data-start=\"5942\" data-end=\"6025\"><strong data-start=\"5942\" data-end=\"5959\">Forma estable<\/strong> \u2013 Los pellets s\u00f3lidos permanecen estables durante mucho tiempo si se almacenan correctamente.<\/p>\n<\/li>\n<li data-start=\"6026\" data-end=\"6109\">\n<p data-start=\"6028\" data-end=\"6109\"><strong data-start=\"6028\" data-end=\"6058\">Ampliamente aplicable a la investigaci\u00f3n<\/strong> \u2013 Adecuado para GC\/MS, LC-MS, HPLC, FTIR y RMN.<\/p>\n<\/li>\n<li data-start=\"6110\" data-end=\"6210\">\n<p data-start=\"6112\" data-end=\"6210\"><strong data-start=\"6112\" data-end=\"6137\">Calidad trazable<\/strong> \u2013 Informaci\u00f3n del lote y Certificado de an\u00e1lisis (COA) disponibles a pedido. 3 fpm<\/p>\n<\/li>\n<\/ul>\n<hr data-start=\"6212\" data-end=\"6215\" \/>\n<h3 data-start=\"6217\" data-end=\"6269\"><strong data-start=\"6221\" data-end=\"6267\">Uso (solo para fines de investigaci\u00f3n)<\/strong><\/h3>\n<ol data-start=\"6271\" data-end=\"6688\">\n<li data-start=\"6271\" data-end=\"6382\">\n<p data-start=\"6274\" data-end=\"6382\"><strong data-start=\"6274\" data-end=\"6289\">Manejo:<\/strong> Use guantes, gafas de seguridad y bata de laboratorio; trabaje en condiciones controladas.<\/p>\n<\/li>\n<li data-start=\"6383\" data-end=\"6466\">\n<p data-start=\"6386\" data-end=\"6466\"><strong data-start=\"6386\" data-end=\"6399\">Medidas:<\/strong> Cada pellet contiene 50 mg; no ajustar fuera del laboratorio.<\/p>\n<\/li>\n<li data-start=\"6467\" data-end=\"6546\">\n<p data-start=\"6470\" data-end=\"6546\"><strong data-start=\"6470\" data-end=\"6481\">Almacenamiento:<\/strong> Conservar en un lugar fresco (2\u20138 \u00b0C), seco y oscuro en el embalaje original.<\/p>\n<\/li>\n<li data-start=\"6547\" data-end=\"6611\">\n<p data-start=\"6550\" data-end=\"6611\"><strong data-start=\"6550\" data-end=\"6562\">An\u00e1lisis:<\/strong> Adecuado para GC\/MS, HPLC, FTIR, LC-MS y RMN.<\/p>\n<\/li>\n<li data-start=\"6612\" data-end=\"6688\">\n<p data-start=\"6615\" data-end=\"6688\"><strong data-start=\"6615\" data-end=\"6632\">Documentaci\u00f3n:<\/strong> Registre el n\u00famero de lote, la pureza y los resultados de la prueba.<\/p>\n<\/li>\n<\/ol>\n<hr data-start=\"6690\" data-end=\"6693\" \/>\n<h3 data-start=\"6695\" data-end=\"6730\"><strong data-start=\"6699\" data-end=\"6728\">Preguntas frecuentes (FAQ)<\/strong><\/h3>\n<p data-start=\"6732\" data-end=\"6914\"><strong data-start=\"6732\" data-end=\"6752\">1. \u00bfQu\u00e9 es 3-FPM?<\/strong><br data-start=\"6752\" data-end=\"6755\" \/><strong data-start=\"6755\" data-end=\"6787\">3-FPM (3-fluorofenmetrazina)<\/strong> es un <strong data-start=\"6795\" data-end=\"6825\">sustancia de investigaci\u00f3n sint\u00e9tica<\/strong> de la familia de las morfolinas utilizadas para investigaciones anal\u00edticas y neuroqu\u00edmicas.<\/p>\n<p data-start=\"6916\" data-end=\"7074\"><strong data-start=\"6916\" data-end=\"6971\">2. \u00bfQu\u00e9 contiene el sobre de 3-FPM 50 mg (3 gr\u00e1nulos)?<\/strong><br data-start=\"6971\" data-end=\"6974\" \/>La bolsa contiene <strong data-start=\"6990\" data-end=\"7042\">tres gr\u00e1nulos de 50 mg de 3-FPM cada uno (total 150 mg)<\/strong> con una pureza de \u2265 98%.<\/p>\n<p data-start=\"7076\" data-end=\"7278\"><strong data-start=\"7076\" data-end=\"7115\">3. \u00bfEs legal comprar 3-FPM?<\/strong><br data-start=\"7115\" data-end=\"7118\" \/>El <strong data-start=\"7121\" data-end=\"7145\">legalidad de 3-FPM<\/strong> Var\u00eda seg\u00fan el pa\u00eds. En algunos pa\u00edses est\u00e1 amparado por la Ley del Opio; siempre consulte las leyes locales antes de usarlo. <strong data-start=\"7260\" data-end=\"7275\">Compras de 3 FPM<\/strong>.<\/p>","protected":false},"excerpt":{"rendered":"<h2><span data-sheets-value=\"{\" data-sheets-userformat=\"{\">Bolsa de 3-FPM 50 mg con 3 gr\u00e1nulos<\/span><\/h2>\n<ul>\n<li><strong>Embalaje minorista<br \/>\n<\/strong><\/li>\n<li><strong>N\u00famero de pellets por bolsa: 3<\/strong><\/li>\n<li><strong>Los precios no incluyen el IVA 21%<\/strong><\/li>\n<li><strong>Precio de venta recomendado: 21,95 \u20ac IVA incluido. TINA<\/strong><\/li>\n<\/ul>","protected":false},"featured_media":28407,"comment_status":"closed","ping_status":"closed","template":"","meta":[],"product_brand":[82],"product_cat":[555],"product_tag":[606,601,605,326],"class_list":{"0":"post-24509","1":"product","2":"type-product","3":"status-publish","4":"has-post-thumbnail","6":"product_brand-research-chemical","7":"product_cat-b2b","8":"product_tag-3-fluorophenmetrazine","9":"product_tag-3-fpm","10":"product_tag-3fpm","11":"product_tag-nl","13":"first","14":"instock","15":"taxable","16":"shipping-taxable","17":"purchasable","18":"product-type-variable"},"_links":{"self":[{"href":"https:\/\/researchchemicalhub.com\/es\/wp-json\/wp\/v2\/product\/24509","targetHints":{"allow":["GET"]}}],"collection":[{"href":"https:\/\/researchchemicalhub.com\/es\/wp-json\/wp\/v2\/product"}],"about":[{"href":"https:\/\/researchchemicalhub.com\/es\/wp-json\/wp\/v2\/types\/product"}],"replies":[{"embeddable":true,"href":"https:\/\/researchchemicalhub.com\/es\/wp-json\/wp\/v2\/comments?post=24509"}],"version-history":[{"count":5,"href":"https:\/\/researchchemicalhub.com\/es\/wp-json\/wp\/v2\/product\/24509\/revisions"}],"predecessor-version":[{"id":27776,"href":"https:\/\/researchchemicalhub.com\/es\/wp-json\/wp\/v2\/product\/24509\/revisions\/27776"}],"wp:featuredmedia":[{"embeddable":true,"href":"https:\/\/researchchemicalhub.com\/es\/wp-json\/wp\/v2\/media\/28407"}],"wp:attachment":[{"href":"https:\/\/researchchemicalhub.com\/es\/wp-json\/wp\/v2\/media?parent=24509"}],"wp:term":[{"taxonomy":"product_brand","embeddable":true,"href":"https:\/\/researchchemicalhub.com\/es\/wp-json\/wp\/v2\/product_brand?post=24509"},{"taxonomy":"product_cat","embeddable":true,"href":"https:\/\/researchchemicalhub.com\/es\/wp-json\/wp\/v2\/product_cat?post=24509"},{"taxonomy":"product_tag","embeddable":true,"href":"https:\/\/researchchemicalhub.com\/es\/wp-json\/wp\/v2\/product_tag?post=24509"}],"curies":[{"name":"gracias","href":"https:\/\/api.w.org\/{rel}","templated":true}]}}